{"id":21276,"date":"2026-02-06T12:30:12","date_gmt":"2026-02-06T12:30:12","guid":{"rendered":"https:\/\/xkodas.com\/?post_type=product&#038;p=21276"},"modified":"2026-03-26T07:16:09","modified_gmt":"2026-03-26T07:16:09","slug":"tedee-biometrinis-pirsto-antspaudo-skaitytuvas","status":"publish","type":"product","link":"https:\/\/xkodas.com\/en\/shop\/ismaniosios-duru-spynos\/tedee\/tedee-biometrinis-pirsto-antspaudo-skaitytuvas\/","title":{"rendered":"Tedee biometrinis pir\u0161to antspaudo skaitytuvas"},"content":{"rendered":"<p><strong><span dir=\"auto\">Kaip tai veikia<\/span><\/strong><\/p>\n<ul>\n<li><span dir=\"auto\">Baterij\u0173 blokas prijungiamas prie biometrinio modulio ir \u012fstatomas dur\u0173 traukimo strypo viduje. Pridedamas putplas\u010dio laikiklis u\u017esifiksuoja ant baterij\u0173 bloko, kad traukimo strypo ertm\u0117je b\u016bt\u0173 u\u017etikrintas amortizavimas.<\/span><\/li>\n<li><span dir=\"auto\">Biometrinis modulis pritvirtintas prie traukimo strypo angos ir padengtas lipnia maskavimo plok\u0161te.<\/span><\/li>\n<li><span dir=\"auto\">Nuskenavus ir patvirtinus pir\u0161to atspaud\u0105, dur\u0173 vidin\u0117je pus\u0117je \u012fmontuota i\u0161manioji spyna Tedee PRO, Tedee GO2 arba Tedee GO atrakinama be rakto.<\/span><\/li>\n<\/ul>\n<p><strong><span dir=\"auto\">Pastaba:<\/span><\/strong><span dir=\"auto\">\u00a0\u0161iame gaminyje yra tik biometrinis modulis su akumuliatoriumi. Dur\u0173 traukimo strypas ir i\u0161manioji spyna \u012f komplekt\u0105 ne\u012feina. Montavimui naudojama traukimo strypas turi tur\u0117ti suderinam\u0105 ang\u0105, kuri u\u017etikrint\u0173 saug\u0173 modulio tvirtinim\u0105, ir vidin\u0119 ertm\u0119 akumuliatoriui laikyti.<\/span><\/p>","protected":false},"excerpt":{"rendered":"<p>Belaidis pir\u0161t\u0173 atspaud\u0173 skaitytuvas su integruota baterija, u\u017etikrinanti iki 10 met\u0173 veikim\u0105 nekei\u010diant maitinimo \u0161altinio. Atrakina Tedee PRO, Tedee GO2 ir Tedee GO i\u0161mani\u0105sias spynas, nuskaitydamas iki 100 i\u0161 anksto nustatyt\u0173 pir\u0161t\u0173 atspaud\u0173. Atsparus vandeniui ir tinkamas montuoti lauke.<\/p>","protected":false},"featured_media":21277,"template":"","meta":{"_monsterinsights_skip_tracking":false,"_monsterinsights_sitenote_active":false,"_monsterinsights_sitenote_note":"","_monsterinsights_sitenote_category":0},"product_brand":[],"product_cat":[44,577],"product_tag":[],"class_list":{"0":"post-21276","1":"product","2":"type-product","3":"status-publish","4":"has-post-thumbnail","6":"product_cat-ismaniosios-duru-spynos","7":"product_cat-tedee","9":"first","10":"instock","11":"taxable","12":"shipping-taxable","13":"purchasable","14":"product-type-simple"},"yoast_head":"<!-- This site is optimized with the Yoast SEO plugin v27.4 - https:\/\/yoast.com\/product\/yoast-seo-wordpress\/ -->\n<title>Tedee biometrinis pir\u0161to antspaudo skaitytuvas - Xkodas<\/title>\n<meta name=\"robots\" content=\"index, follow, max-snippet:-1, max-image-preview:large, max-video-preview:-1\" \/>\n<link rel=\"canonical\" href=\"https:\/\/xkodas.com\/en\/shop\/ismaniosios-duru-spynos\/tedee\/tedee-biometrinis-pirsto-antspaudo-skaitytuvas\/\" \/>\n<meta property=\"og:locale\" content=\"en_GB\" \/>\n<meta property=\"og:type\" content=\"article\" \/>\n<meta property=\"og:title\" content=\"Tedee biometrinis pir\u0161to antspaudo skaitytuvas - Xkodas\" \/>\n<meta property=\"og:description\" content=\"Belaidis pir\u0161t\u0173 atspaud\u0173 skaitytuvas su integruota baterija, u\u017etikrinanti iki 10 met\u0173 veikim\u0105 nekei\u010diant maitinimo \u0161altinio. Atrakina Tedee PRO, Tedee GO2 ir Tedee GO i\u0161mani\u0105sias spynas, nuskaitydamas iki 100 i\u0161 anksto nustatyt\u0173 pir\u0161t\u0173 atspaud\u0173. Atsparus vandeniui ir tinkamas montuoti lauke.\" \/>\n<meta property=\"og:url\" content=\"https:\/\/xkodas.com\/en\/shop\/ismaniosios-duru-spynos\/tedee\/tedee-biometrinis-pirsto-antspaudo-skaitytuvas\/\" \/>\n<meta property=\"og:site_name\" content=\"Xkodas\" \/>\n<meta property=\"article:publisher\" content=\"https:\/\/www.facebook.com\/xkodas.lt\" \/>\n<meta property=\"article:modified_time\" content=\"2026-03-26T07:16:09+00:00\" \/>\n<meta property=\"og:image\" content=\"https:\/\/xkodas.com\/wp-content\/uploads\/2026\/02\/Biometrinis_pirsto_skaitytuvas-removebg-preview.png\" \/>\n\t<meta property=\"og:image:width\" content=\"518\" \/>\n\t<meta property=\"og:image:height\" content=\"388\" \/>\n\t<meta property=\"og:image:type\" content=\"image\/png\" \/>\n<meta name=\"twitter:card\" content=\"summary_large_image\" \/>\n<meta name=\"twitter:label1\" content=\"Estimated reading time\" \/>\n\t<meta name=\"twitter:data1\" content=\"1 minute\" \/>\n<script type=\"application\/ld+json\" class=\"yoast-schema-graph\">{\"@context\":\"https:\\\/\\\/schema.org\",\"@graph\":[{\"@type\":\"WebPage\",\"@id\":\"https:\\\/\\\/xkodas.com\\\/en\\\/shop\\\/ismaniosios-duru-spynos\\\/tedee\\\/tedee-biometrinis-pirsto-antspaudo-skaitytuvas\\\/\",\"url\":\"https:\\\/\\\/xkodas.com\\\/en\\\/shop\\\/ismaniosios-duru-spynos\\\/tedee\\\/tedee-biometrinis-pirsto-antspaudo-skaitytuvas\\\/\",\"name\":\"Tedee biometrinis pir\u0161to antspaudo skaitytuvas - Xkodas\",\"isPartOf\":{\"@id\":\"https:\\\/\\\/xkodas.com\\\/en\\\/#website\"},\"primaryImageOfPage\":{\"@id\":\"https:\\\/\\\/xkodas.com\\\/en\\\/shop\\\/ismaniosios-duru-spynos\\\/tedee\\\/tedee-biometrinis-pirsto-antspaudo-skaitytuvas\\\/#primaryimage\"},\"image\":{\"@id\":\"https:\\\/\\\/xkodas.com\\\/en\\\/shop\\\/ismaniosios-duru-spynos\\\/tedee\\\/tedee-biometrinis-pirsto-antspaudo-skaitytuvas\\\/#primaryimage\"},\"thumbnailUrl\":\"https:\\\/\\\/xkodas.com\\\/wp-content\\\/uploads\\\/2026\\\/02\\\/Biometrinis_pirsto_skaitytuvas-removebg-preview.png\",\"datePublished\":\"2026-02-06T12:30:12+00:00\",\"dateModified\":\"2026-03-26T07:16:09+00:00\",\"breadcrumb\":{\"@id\":\"https:\\\/\\\/xkodas.com\\\/en\\\/shop\\\/ismaniosios-duru-spynos\\\/tedee\\\/tedee-biometrinis-pirsto-antspaudo-skaitytuvas\\\/#breadcrumb\"},\"inLanguage\":\"en-GB\",\"potentialAction\":[{\"@type\":\"ReadAction\",\"target\":[\"https:\\\/\\\/xkodas.com\\\/en\\\/shop\\\/ismaniosios-duru-spynos\\\/tedee\\\/tedee-biometrinis-pirsto-antspaudo-skaitytuvas\\\/\"]}]},{\"@type\":\"ImageObject\",\"inLanguage\":\"en-GB\",\"@id\":\"https:\\\/\\\/xkodas.com\\\/en\\\/shop\\\/ismaniosios-duru-spynos\\\/tedee\\\/tedee-biometrinis-pirsto-antspaudo-skaitytuvas\\\/#primaryimage\",\"url\":\"https:\\\/\\\/xkodas.com\\\/wp-content\\\/uploads\\\/2026\\\/02\\\/Biometrinis_pirsto_skaitytuvas-removebg-preview.png\",\"contentUrl\":\"https:\\\/\\\/xkodas.com\\\/wp-content\\\/uploads\\\/2026\\\/02\\\/Biometrinis_pirsto_skaitytuvas-removebg-preview.png\",\"width\":518,\"height\":388},{\"@type\":\"BreadcrumbList\",\"@id\":\"https:\\\/\\\/xkodas.com\\\/en\\\/shop\\\/ismaniosios-duru-spynos\\\/tedee\\\/tedee-biometrinis-pirsto-antspaudo-skaitytuvas\\\/#breadcrumb\",\"itemListElement\":[{\"@type\":\"ListItem\",\"position\":1,\"name\":\"Home\",\"item\":\"https:\\\/\\\/xkodas.com\\\/en\\\/ismaniosios-spynos-visu-tipu-raktai-seifai-xkodas\\\/\"},{\"@type\":\"ListItem\",\"position\":2,\"name\":\"Parduotuv\u0117\",\"item\":\"https:\\\/\\\/xkodas.com\\\/parduotuve\\\/\"},{\"@type\":\"ListItem\",\"position\":3,\"name\":\"Tedee biometrinis pir\u0161to antspaudo skaitytuvas\"}]},{\"@type\":\"WebSite\",\"@id\":\"https:\\\/\\\/xkodas.com\\\/en\\\/#website\",\"url\":\"https:\\\/\\\/xkodas.com\\\/en\\\/\",\"name\":\"Xkodas\",\"description\":\"I\u0161maniosios spynos, rakt\u0173 gamyba, saugos sistemos\",\"publisher\":{\"@id\":\"https:\\\/\\\/xkodas.com\\\/en\\\/#organization\"},\"potentialAction\":[{\"@type\":\"SearchAction\",\"target\":{\"@type\":\"EntryPoint\",\"urlTemplate\":\"https:\\\/\\\/xkodas.com\\\/en\\\/?s={search_term_string}\"},\"query-input\":{\"@type\":\"PropertyValueSpecification\",\"valueRequired\":true,\"valueName\":\"search_term_string\"}}],\"inLanguage\":\"en-GB\"},{\"@type\":\"Organization\",\"@id\":\"https:\\\/\\\/xkodas.com\\\/en\\\/#organization\",\"name\":\"Xkodas\",\"url\":\"https:\\\/\\\/xkodas.com\\\/en\\\/\",\"logo\":{\"@type\":\"ImageObject\",\"inLanguage\":\"en-GB\",\"@id\":\"https:\\\/\\\/xkodas.com\\\/en\\\/#\\\/schema\\\/logo\\\/image\\\/\",\"url\":\"http:\\\/\\\/xkodas.com\\\/wp-content\\\/uploads\\\/2020\\\/02\\\/Xkodas_logo_baltas_500x500-2.jpg\",\"contentUrl\":\"http:\\\/\\\/xkodas.com\\\/wp-content\\\/uploads\\\/2020\\\/02\\\/Xkodas_logo_baltas_500x500-2.jpg\",\"width\":100,\"height\":100,\"caption\":\"Xkodas\"},\"image\":{\"@id\":\"https:\\\/\\\/xkodas.com\\\/en\\\/#\\\/schema\\\/logo\\\/image\\\/\"},\"sameAs\":[\"https:\\\/\\\/www.facebook.com\\\/xkodas.lt\"]}]}<\/script>\n<!-- \/ Yoast SEO plugin. -->","yoast_head_json":{"title":"Tedee biometrinis pir\u0161to antspaudo skaitytuvas - Xkodas","robots":{"index":"index","follow":"follow","max-snippet":"max-snippet:-1","max-image-preview":"max-image-preview:large","max-video-preview":"max-video-preview:-1"},"canonical":"https:\/\/xkodas.com\/en\/shop\/ismaniosios-duru-spynos\/tedee\/tedee-biometrinis-pirsto-antspaudo-skaitytuvas\/","og_locale":"en_GB","og_type":"article","og_title":"Tedee biometrinis pir\u0161to antspaudo skaitytuvas - Xkodas","og_description":"Belaidis pir\u0161t\u0173 atspaud\u0173 skaitytuvas su integruota baterija, u\u017etikrinanti iki 10 met\u0173 veikim\u0105 nekei\u010diant maitinimo \u0161altinio. Atrakina Tedee PRO, Tedee GO2 ir Tedee GO i\u0161mani\u0105sias spynas, nuskaitydamas iki 100 i\u0161 anksto nustatyt\u0173 pir\u0161t\u0173 atspaud\u0173. Atsparus vandeniui ir tinkamas montuoti lauke.","og_url":"https:\/\/xkodas.com\/en\/shop\/ismaniosios-duru-spynos\/tedee\/tedee-biometrinis-pirsto-antspaudo-skaitytuvas\/","og_site_name":"Xkodas","article_publisher":"https:\/\/www.facebook.com\/xkodas.lt","article_modified_time":"2026-03-26T07:16:09+00:00","og_image":[{"width":518,"height":388,"url":"https:\/\/xkodas.com\/wp-content\/uploads\/2026\/02\/Biometrinis_pirsto_skaitytuvas-removebg-preview.png","type":"image\/png"}],"twitter_card":"summary_large_image","twitter_misc":{"Estimated reading time":"1 minute"},"schema":{"@context":"https:\/\/schema.org","@graph":[{"@type":"WebPage","@id":"https:\/\/xkodas.com\/en\/shop\/ismaniosios-duru-spynos\/tedee\/tedee-biometrinis-pirsto-antspaudo-skaitytuvas\/","url":"https:\/\/xkodas.com\/en\/shop\/ismaniosios-duru-spynos\/tedee\/tedee-biometrinis-pirsto-antspaudo-skaitytuvas\/","name":"Tedee biometrinis pir\u0161to antspaudo skaitytuvas - Xkodas","isPartOf":{"@id":"https:\/\/xkodas.com\/en\/#website"},"primaryImageOfPage":{"@id":"https:\/\/xkodas.com\/en\/shop\/ismaniosios-duru-spynos\/tedee\/tedee-biometrinis-pirsto-antspaudo-skaitytuvas\/#primaryimage"},"image":{"@id":"https:\/\/xkodas.com\/en\/shop\/ismaniosios-duru-spynos\/tedee\/tedee-biometrinis-pirsto-antspaudo-skaitytuvas\/#primaryimage"},"thumbnailUrl":"https:\/\/xkodas.com\/wp-content\/uploads\/2026\/02\/Biometrinis_pirsto_skaitytuvas-removebg-preview.png","datePublished":"2026-02-06T12:30:12+00:00","dateModified":"2026-03-26T07:16:09+00:00","breadcrumb":{"@id":"https:\/\/xkodas.com\/en\/shop\/ismaniosios-duru-spynos\/tedee\/tedee-biometrinis-pirsto-antspaudo-skaitytuvas\/#breadcrumb"},"inLanguage":"en-GB","potentialAction":[{"@type":"ReadAction","target":["https:\/\/xkodas.com\/en\/shop\/ismaniosios-duru-spynos\/tedee\/tedee-biometrinis-pirsto-antspaudo-skaitytuvas\/"]}]},{"@type":"ImageObject","inLanguage":"en-GB","@id":"https:\/\/xkodas.com\/en\/shop\/ismaniosios-duru-spynos\/tedee\/tedee-biometrinis-pirsto-antspaudo-skaitytuvas\/#primaryimage","url":"https:\/\/xkodas.com\/wp-content\/uploads\/2026\/02\/Biometrinis_pirsto_skaitytuvas-removebg-preview.png","contentUrl":"https:\/\/xkodas.com\/wp-content\/uploads\/2026\/02\/Biometrinis_pirsto_skaitytuvas-removebg-preview.png","width":518,"height":388},{"@type":"BreadcrumbList","@id":"https:\/\/xkodas.com\/en\/shop\/ismaniosios-duru-spynos\/tedee\/tedee-biometrinis-pirsto-antspaudo-skaitytuvas\/#breadcrumb","itemListElement":[{"@type":"ListItem","position":1,"name":"Home","item":"https:\/\/xkodas.com\/en\/ismaniosios-spynos-visu-tipu-raktai-seifai-xkodas\/"},{"@type":"ListItem","position":2,"name":"Parduotuv\u0117","item":"https:\/\/xkodas.com\/parduotuve\/"},{"@type":"ListItem","position":3,"name":"Tedee biometrinis pir\u0161to antspaudo skaitytuvas"}]},{"@type":"WebSite","@id":"https:\/\/xkodas.com\/en\/#website","url":"https:\/\/xkodas.com\/en\/","name":"Xkodas","description":"I\u0161maniosios spynos, rakt\u0173 gamyba, saugos sistemos","publisher":{"@id":"https:\/\/xkodas.com\/en\/#organization"},"potentialAction":[{"@type":"SearchAction","target":{"@type":"EntryPoint","urlTemplate":"https:\/\/xkodas.com\/en\/?s={search_term_string}"},"query-input":{"@type":"PropertyValueSpecification","valueRequired":true,"valueName":"search_term_string"}}],"inLanguage":"en-GB"},{"@type":"Organization","@id":"https:\/\/xkodas.com\/en\/#organization","name":"Xkodas","url":"https:\/\/xkodas.com\/en\/","logo":{"@type":"ImageObject","inLanguage":"en-GB","@id":"https:\/\/xkodas.com\/en\/#\/schema\/logo\/image\/","url":"http:\/\/xkodas.com\/wp-content\/uploads\/2020\/02\/Xkodas_logo_baltas_500x500-2.jpg","contentUrl":"http:\/\/xkodas.com\/wp-content\/uploads\/2020\/02\/Xkodas_logo_baltas_500x500-2.jpg","width":100,"height":100,"caption":"Xkodas"},"image":{"@id":"https:\/\/xkodas.com\/en\/#\/schema\/logo\/image\/"},"sameAs":["https:\/\/www.facebook.com\/xkodas.lt"]}]}},"_links":{"self":[{"href":"https:\/\/xkodas.com\/en\/wp-json\/wp\/v2\/product\/21276","targetHints":{"allow":["GET"]}}],"collection":[{"href":"https:\/\/xkodas.com\/en\/wp-json\/wp\/v2\/product"}],"about":[{"href":"https:\/\/xkodas.com\/en\/wp-json\/wp\/v2\/types\/product"}],"wp:featuredmedia":[{"embeddable":true,"href":"https:\/\/xkodas.com\/en\/wp-json\/wp\/v2\/media\/21277"}],"wp:attachment":[{"href":"https:\/\/xkodas.com\/en\/wp-json\/wp\/v2\/media?parent=21276"}],"wp:term":[{"taxonomy":"product_brand","embeddable":true,"href":"https:\/\/xkodas.com\/en\/wp-json\/wp\/v2\/product_brand?post=21276"},{"taxonomy":"product_cat","embeddable":true,"href":"https:\/\/xkodas.com\/en\/wp-json\/wp\/v2\/product_cat?post=21276"},{"taxonomy":"product_tag","embeddable":true,"href":"https:\/\/xkodas.com\/en\/wp-json\/wp\/v2\/product_tag?post=21276"}],"curies":[{"name":"wp","href":"https:\/\/api.w.org\/{rel}","templated":true}]}}