{"id":21249,"date":"2026-01-23T14:08:45","date_gmt":"2026-01-23T14:08:45","guid":{"rendered":"https:\/\/xkodas.com\/?post_type=product&#038;p=21249"},"modified":"2026-03-04T07:35:43","modified_gmt":"2026-03-04T07:35:43","slug":"zkteco-biometrines-prieigos-rinkinyszkteco-biometrines-prieigos-rinkinys","status":"publish","type":"product","link":"https:\/\/xkodas.com\/en\/shop\/ismaniosios-duru-spynos\/tedee\/zkteco-biometrines-prieigos-rinkinyszkteco-biometrines-prieigos-rinkinys\/","title":{"rendered":"ZKTeco biometrin\u0117s prieigos rinkinys"},"content":{"rendered":"<p><strong><span dir=\"auto\">Rinkinio turinys:<\/span><\/strong><\/p>\n<p><span dir=\"auto\">\u00b7 ZKTeco SpeedFace-V3L biometrinis terminalas<\/span><\/p>\n<p><span dir=\"auto\">\u00b7 ZKTeco saugos reli\u0173 d\u0117\u017eut\u0117<\/span><\/p>\n<p><span dir=\"auto\">\u00b7 ZKTeco 12V 3A maitinimo laidas (be elektros lizdo ki\u0161tuko)<\/span><\/p>\n<p><strong><span dir=\"auto\">Pastaba:<\/span><\/strong><span dir=\"auto\"> \u0161\u012f \u012frengini\u0173 rinkin\u012f reikia naudoti su Tedee i\u0161mani\u0105ja spyna (PRO, GO2 arba GO) ir Tedee sauso kontakto moduliu (parduodamas atskirai). Biometriniai ir RFID prisijungimo duomenys tvarkomi per ZKTeco ekosistem\u0105 ir n\u0117ra konfig\u016bruojami per Tedee program\u0117l\u0119.<\/span><\/p>","protected":false},"excerpt":{"rendered":"<p><strong><span dir=\"auto\">ZKTeco sprendimai leid\u017eia integruoti biometrin\u0119 prieigos kontrol\u0119 su Tedee PRO, Tedee GO2 ir Tedee GO i\u0161maniosiomis spynomis arba i\u0161pl\u0117sti esamas ZKTeco pagrindu veikian\u010dias prieigos sistemas naudojant belaides, modifikuotas Tedee spynas.<\/span><\/strong><\/p>\n<p><span dir=\"auto\">Integruota sistema su biometriniu terminalu ZKTeco SpeedFace-V3L ir i\u0161mani\u0173j\u0173 spyn\u0173 technologija Tedee si\u016blo saug\u0173, patog\u0173 ir modern\u0173 prieigos valdymo sprendim\u0105. Ji palaiko kelis autentifikavimo metodus, <\/span><strong><span dir=\"auto\">leid\u017eian\u010dius vartotojams atrakinti duris naudojant veido atpa\u017einimo funkcij\u0105, pir\u0161t\u0173 atspaud\u0173 nuskaitym\u0105 arba RFID korteles.<\/span><\/strong><\/p>","protected":false},"featured_media":21250,"template":"","meta":{"_monsterinsights_skip_tracking":false,"_monsterinsights_sitenote_active":false,"_monsterinsights_sitenote_note":"","_monsterinsights_sitenote_category":0},"product_brand":[],"product_cat":[44,577],"product_tag":[],"class_list":{"0":"post-21249","1":"product","2":"type-product","3":"status-publish","4":"has-post-thumbnail","6":"product_cat-ismaniosios-duru-spynos","7":"product_cat-tedee","9":"first","10":"instock","11":"taxable","12":"shipping-taxable","13":"purchasable","14":"product-type-simple"},"yoast_head":"<!-- This site is optimized with the Yoast SEO plugin v27.5 - https:\/\/yoast.com\/product\/yoast-seo-wordpress\/ -->\n<title>ZKTeco biometrin\u0117s prieigos rinkinys - Xkodas<\/title>\n<meta name=\"robots\" content=\"index, follow, max-snippet:-1, max-image-preview:large, max-video-preview:-1\" \/>\n<link rel=\"canonical\" href=\"https:\/\/xkodas.com\/en\/shop\/ismaniosios-duru-spynos\/tedee\/zkteco-biometrines-prieigos-rinkinyszkteco-biometrines-prieigos-rinkinys\/\" \/>\n<meta property=\"og:locale\" content=\"en_GB\" \/>\n<meta property=\"og:type\" content=\"article\" \/>\n<meta property=\"og:title\" content=\"ZKTeco biometrin\u0117s prieigos rinkinys - Xkodas\" \/>\n<meta property=\"og:description\" content=\"ZKTeco sprendimai leid\u017eia integruoti biometrin\u0119 prieigos kontrol\u0119 su Tedee PRO, Tedee GO2 ir Tedee GO i\u0161maniosiomis spynomis arba i\u0161pl\u0117sti esamas ZKTeco pagrindu veikian\u010dias prieigos sistemas naudojant belaides, modifikuotas Tedee spynas.  Integruota sistema su biometriniu terminalu ZKTeco SpeedFace-V3L ir i\u0161mani\u0173j\u0173 spyn\u0173 technologija Tedee si\u016blo saug\u0173, patog\u0173 ir modern\u0173 prieigos valdymo sprendim\u0105. Ji palaiko kelis autentifikavimo metodus, leid\u017eian\u010dius vartotojams atrakinti duris naudojant veido atpa\u017einimo funkcij\u0105, pir\u0161t\u0173 atspaud\u0173 nuskaitym\u0105 arba RFID korteles.\" \/>\n<meta property=\"og:url\" content=\"https:\/\/xkodas.com\/en\/shop\/ismaniosios-duru-spynos\/tedee\/zkteco-biometrines-prieigos-rinkinyszkteco-biometrines-prieigos-rinkinys\/\" \/>\n<meta property=\"og:site_name\" content=\"Xkodas\" \/>\n<meta property=\"article:publisher\" content=\"https:\/\/www.facebook.com\/xkodas.lt\" \/>\n<meta property=\"article:modified_time\" content=\"2026-03-04T07:35:43+00:00\" \/>\n<meta property=\"og:image\" content=\"https:\/\/xkodas.com\/wp-content\/uploads\/2026\/01\/ZKTeco_Biometric_Access_Set-removebg-preview.png\" \/>\n\t<meta property=\"og:image:width\" content=\"524\" \/>\n\t<meta property=\"og:image:height\" content=\"384\" \/>\n\t<meta property=\"og:image:type\" content=\"image\/png\" \/>\n<meta name=\"twitter:card\" content=\"summary_large_image\" \/>\n<meta name=\"twitter:label1\" content=\"Estimated reading time\" \/>\n\t<meta name=\"twitter:data1\" content=\"1 minute\" \/>\n<script type=\"application\/ld+json\" class=\"yoast-schema-graph\">{\"@context\":\"https:\\\/\\\/schema.org\",\"@graph\":[{\"@type\":\"WebPage\",\"@id\":\"https:\\\/\\\/xkodas.com\\\/en\\\/shop\\\/ismaniosios-duru-spynos\\\/tedee\\\/zkteco-biometrines-prieigos-rinkinyszkteco-biometrines-prieigos-rinkinys\\\/\",\"url\":\"https:\\\/\\\/xkodas.com\\\/en\\\/shop\\\/ismaniosios-duru-spynos\\\/tedee\\\/zkteco-biometrines-prieigos-rinkinyszkteco-biometrines-prieigos-rinkinys\\\/\",\"name\":\"ZKTeco biometrin\u0117s prieigos rinkinys - Xkodas\",\"isPartOf\":{\"@id\":\"https:\\\/\\\/xkodas.com\\\/en\\\/#website\"},\"primaryImageOfPage\":{\"@id\":\"https:\\\/\\\/xkodas.com\\\/en\\\/shop\\\/ismaniosios-duru-spynos\\\/tedee\\\/zkteco-biometrines-prieigos-rinkinyszkteco-biometrines-prieigos-rinkinys\\\/#primaryimage\"},\"image\":{\"@id\":\"https:\\\/\\\/xkodas.com\\\/en\\\/shop\\\/ismaniosios-duru-spynos\\\/tedee\\\/zkteco-biometrines-prieigos-rinkinyszkteco-biometrines-prieigos-rinkinys\\\/#primaryimage\"},\"thumbnailUrl\":\"https:\\\/\\\/xkodas.com\\\/wp-content\\\/uploads\\\/2026\\\/01\\\/ZKTeco_Biometric_Access_Set-removebg-preview.png\",\"datePublished\":\"2026-01-23T14:08:45+00:00\",\"dateModified\":\"2026-03-04T07:35:43+00:00\",\"breadcrumb\":{\"@id\":\"https:\\\/\\\/xkodas.com\\\/en\\\/shop\\\/ismaniosios-duru-spynos\\\/tedee\\\/zkteco-biometrines-prieigos-rinkinyszkteco-biometrines-prieigos-rinkinys\\\/#breadcrumb\"},\"inLanguage\":\"en-GB\",\"potentialAction\":[{\"@type\":\"ReadAction\",\"target\":[\"https:\\\/\\\/xkodas.com\\\/en\\\/shop\\\/ismaniosios-duru-spynos\\\/tedee\\\/zkteco-biometrines-prieigos-rinkinyszkteco-biometrines-prieigos-rinkinys\\\/\"]}]},{\"@type\":\"ImageObject\",\"inLanguage\":\"en-GB\",\"@id\":\"https:\\\/\\\/xkodas.com\\\/en\\\/shop\\\/ismaniosios-duru-spynos\\\/tedee\\\/zkteco-biometrines-prieigos-rinkinyszkteco-biometrines-prieigos-rinkinys\\\/#primaryimage\",\"url\":\"https:\\\/\\\/xkodas.com\\\/wp-content\\\/uploads\\\/2026\\\/01\\\/ZKTeco_Biometric_Access_Set-removebg-preview.png\",\"contentUrl\":\"https:\\\/\\\/xkodas.com\\\/wp-content\\\/uploads\\\/2026\\\/01\\\/ZKTeco_Biometric_Access_Set-removebg-preview.png\",\"width\":524,\"height\":384},{\"@type\":\"BreadcrumbList\",\"@id\":\"https:\\\/\\\/xkodas.com\\\/en\\\/shop\\\/ismaniosios-duru-spynos\\\/tedee\\\/zkteco-biometrines-prieigos-rinkinyszkteco-biometrines-prieigos-rinkinys\\\/#breadcrumb\",\"itemListElement\":[{\"@type\":\"ListItem\",\"position\":1,\"name\":\"Home\",\"item\":\"https:\\\/\\\/xkodas.com\\\/en\\\/ismaniosios-spynos-visu-tipu-raktai-seifai-xkodas\\\/\"},{\"@type\":\"ListItem\",\"position\":2,\"name\":\"Parduotuv\u0117\",\"item\":\"https:\\\/\\\/xkodas.com\\\/parduotuve\\\/\"},{\"@type\":\"ListItem\",\"position\":3,\"name\":\"ZKTeco biometrin\u0117s prieigos rinkinys\"}]},{\"@type\":\"WebSite\",\"@id\":\"https:\\\/\\\/xkodas.com\\\/en\\\/#website\",\"url\":\"https:\\\/\\\/xkodas.com\\\/en\\\/\",\"name\":\"Xkodas\",\"description\":\"I\u0161maniosios spynos, rakt\u0173 gamyba, saugos sistemos\",\"publisher\":{\"@id\":\"https:\\\/\\\/xkodas.com\\\/en\\\/#organization\"},\"potentialAction\":[{\"@type\":\"SearchAction\",\"target\":{\"@type\":\"EntryPoint\",\"urlTemplate\":\"https:\\\/\\\/xkodas.com\\\/en\\\/?s={search_term_string}\"},\"query-input\":{\"@type\":\"PropertyValueSpecification\",\"valueRequired\":true,\"valueName\":\"search_term_string\"}}],\"inLanguage\":\"en-GB\"},{\"@type\":\"Organization\",\"@id\":\"https:\\\/\\\/xkodas.com\\\/en\\\/#organization\",\"name\":\"Xkodas\",\"url\":\"https:\\\/\\\/xkodas.com\\\/en\\\/\",\"logo\":{\"@type\":\"ImageObject\",\"inLanguage\":\"en-GB\",\"@id\":\"https:\\\/\\\/xkodas.com\\\/en\\\/#\\\/schema\\\/logo\\\/image\\\/\",\"url\":\"http:\\\/\\\/xkodas.com\\\/wp-content\\\/uploads\\\/2020\\\/02\\\/Xkodas_logo_baltas_500x500-2.jpg\",\"contentUrl\":\"http:\\\/\\\/xkodas.com\\\/wp-content\\\/uploads\\\/2020\\\/02\\\/Xkodas_logo_baltas_500x500-2.jpg\",\"width\":100,\"height\":100,\"caption\":\"Xkodas\"},\"image\":{\"@id\":\"https:\\\/\\\/xkodas.com\\\/en\\\/#\\\/schema\\\/logo\\\/image\\\/\"},\"sameAs\":[\"https:\\\/\\\/www.facebook.com\\\/xkodas.lt\"]}]}<\/script>\n<!-- \/ Yoast SEO plugin. -->","yoast_head_json":{"title":"ZKTeco biometrin\u0117s prieigos rinkinys - Xkodas","robots":{"index":"index","follow":"follow","max-snippet":"max-snippet:-1","max-image-preview":"max-image-preview:large","max-video-preview":"max-video-preview:-1"},"canonical":"https:\/\/xkodas.com\/en\/shop\/ismaniosios-duru-spynos\/tedee\/zkteco-biometrines-prieigos-rinkinyszkteco-biometrines-prieigos-rinkinys\/","og_locale":"en_GB","og_type":"article","og_title":"ZKTeco biometrin\u0117s prieigos rinkinys - Xkodas","og_description":"ZKTeco sprendimai leid\u017eia integruoti biometrin\u0119 prieigos kontrol\u0119 su Tedee PRO, Tedee GO2 ir Tedee GO i\u0161maniosiomis spynomis arba i\u0161pl\u0117sti esamas ZKTeco pagrindu veikian\u010dias prieigos sistemas naudojant belaides, modifikuotas Tedee spynas.  Integruota sistema su biometriniu terminalu ZKTeco SpeedFace-V3L ir i\u0161mani\u0173j\u0173 spyn\u0173 technologija Tedee si\u016blo saug\u0173, patog\u0173 ir modern\u0173 prieigos valdymo sprendim\u0105. Ji palaiko kelis autentifikavimo metodus, leid\u017eian\u010dius vartotojams atrakinti duris naudojant veido atpa\u017einimo funkcij\u0105, pir\u0161t\u0173 atspaud\u0173 nuskaitym\u0105 arba RFID korteles.","og_url":"https:\/\/xkodas.com\/en\/shop\/ismaniosios-duru-spynos\/tedee\/zkteco-biometrines-prieigos-rinkinyszkteco-biometrines-prieigos-rinkinys\/","og_site_name":"Xkodas","article_publisher":"https:\/\/www.facebook.com\/xkodas.lt","article_modified_time":"2026-03-04T07:35:43+00:00","og_image":[{"width":524,"height":384,"url":"https:\/\/xkodas.com\/wp-content\/uploads\/2026\/01\/ZKTeco_Biometric_Access_Set-removebg-preview.png","type":"image\/png"}],"twitter_card":"summary_large_image","twitter_misc":{"Estimated reading time":"1 minute"},"schema":{"@context":"https:\/\/schema.org","@graph":[{"@type":"WebPage","@id":"https:\/\/xkodas.com\/en\/shop\/ismaniosios-duru-spynos\/tedee\/zkteco-biometrines-prieigos-rinkinyszkteco-biometrines-prieigos-rinkinys\/","url":"https:\/\/xkodas.com\/en\/shop\/ismaniosios-duru-spynos\/tedee\/zkteco-biometrines-prieigos-rinkinyszkteco-biometrines-prieigos-rinkinys\/","name":"ZKTeco biometrin\u0117s prieigos rinkinys - Xkodas","isPartOf":{"@id":"https:\/\/xkodas.com\/en\/#website"},"primaryImageOfPage":{"@id":"https:\/\/xkodas.com\/en\/shop\/ismaniosios-duru-spynos\/tedee\/zkteco-biometrines-prieigos-rinkinyszkteco-biometrines-prieigos-rinkinys\/#primaryimage"},"image":{"@id":"https:\/\/xkodas.com\/en\/shop\/ismaniosios-duru-spynos\/tedee\/zkteco-biometrines-prieigos-rinkinyszkteco-biometrines-prieigos-rinkinys\/#primaryimage"},"thumbnailUrl":"https:\/\/xkodas.com\/wp-content\/uploads\/2026\/01\/ZKTeco_Biometric_Access_Set-removebg-preview.png","datePublished":"2026-01-23T14:08:45+00:00","dateModified":"2026-03-04T07:35:43+00:00","breadcrumb":{"@id":"https:\/\/xkodas.com\/en\/shop\/ismaniosios-duru-spynos\/tedee\/zkteco-biometrines-prieigos-rinkinyszkteco-biometrines-prieigos-rinkinys\/#breadcrumb"},"inLanguage":"en-GB","potentialAction":[{"@type":"ReadAction","target":["https:\/\/xkodas.com\/en\/shop\/ismaniosios-duru-spynos\/tedee\/zkteco-biometrines-prieigos-rinkinyszkteco-biometrines-prieigos-rinkinys\/"]}]},{"@type":"ImageObject","inLanguage":"en-GB","@id":"https:\/\/xkodas.com\/en\/shop\/ismaniosios-duru-spynos\/tedee\/zkteco-biometrines-prieigos-rinkinyszkteco-biometrines-prieigos-rinkinys\/#primaryimage","url":"https:\/\/xkodas.com\/wp-content\/uploads\/2026\/01\/ZKTeco_Biometric_Access_Set-removebg-preview.png","contentUrl":"https:\/\/xkodas.com\/wp-content\/uploads\/2026\/01\/ZKTeco_Biometric_Access_Set-removebg-preview.png","width":524,"height":384},{"@type":"BreadcrumbList","@id":"https:\/\/xkodas.com\/en\/shop\/ismaniosios-duru-spynos\/tedee\/zkteco-biometrines-prieigos-rinkinyszkteco-biometrines-prieigos-rinkinys\/#breadcrumb","itemListElement":[{"@type":"ListItem","position":1,"name":"Home","item":"https:\/\/xkodas.com\/en\/ismaniosios-spynos-visu-tipu-raktai-seifai-xkodas\/"},{"@type":"ListItem","position":2,"name":"Parduotuv\u0117","item":"https:\/\/xkodas.com\/parduotuve\/"},{"@type":"ListItem","position":3,"name":"ZKTeco biometrin\u0117s prieigos rinkinys"}]},{"@type":"WebSite","@id":"https:\/\/xkodas.com\/en\/#website","url":"https:\/\/xkodas.com\/en\/","name":"Xkodas","description":"I\u0161maniosios spynos, rakt\u0173 gamyba, saugos sistemos","publisher":{"@id":"https:\/\/xkodas.com\/en\/#organization"},"potentialAction":[{"@type":"SearchAction","target":{"@type":"EntryPoint","urlTemplate":"https:\/\/xkodas.com\/en\/?s={search_term_string}"},"query-input":{"@type":"PropertyValueSpecification","valueRequired":true,"valueName":"search_term_string"}}],"inLanguage":"en-GB"},{"@type":"Organization","@id":"https:\/\/xkodas.com\/en\/#organization","name":"Xkodas","url":"https:\/\/xkodas.com\/en\/","logo":{"@type":"ImageObject","inLanguage":"en-GB","@id":"https:\/\/xkodas.com\/en\/#\/schema\/logo\/image\/","url":"http:\/\/xkodas.com\/wp-content\/uploads\/2020\/02\/Xkodas_logo_baltas_500x500-2.jpg","contentUrl":"http:\/\/xkodas.com\/wp-content\/uploads\/2020\/02\/Xkodas_logo_baltas_500x500-2.jpg","width":100,"height":100,"caption":"Xkodas"},"image":{"@id":"https:\/\/xkodas.com\/en\/#\/schema\/logo\/image\/"},"sameAs":["https:\/\/www.facebook.com\/xkodas.lt"]}]}},"_links":{"self":[{"href":"https:\/\/xkodas.com\/en\/wp-json\/wp\/v2\/product\/21249","targetHints":{"allow":["GET"]}}],"collection":[{"href":"https:\/\/xkodas.com\/en\/wp-json\/wp\/v2\/product"}],"about":[{"href":"https:\/\/xkodas.com\/en\/wp-json\/wp\/v2\/types\/product"}],"wp:featuredmedia":[{"embeddable":true,"href":"https:\/\/xkodas.com\/en\/wp-json\/wp\/v2\/media\/21250"}],"wp:attachment":[{"href":"https:\/\/xkodas.com\/en\/wp-json\/wp\/v2\/media?parent=21249"}],"wp:term":[{"taxonomy":"product_brand","embeddable":true,"href":"https:\/\/xkodas.com\/en\/wp-json\/wp\/v2\/product_brand?post=21249"},{"taxonomy":"product_cat","embeddable":true,"href":"https:\/\/xkodas.com\/en\/wp-json\/wp\/v2\/product_cat?post=21249"},{"taxonomy":"product_tag","embeddable":true,"href":"https:\/\/xkodas.com\/en\/wp-json\/wp\/v2\/product_tag?post=21249"}],"curies":[{"name":"wp","href":"https:\/\/api.w.org\/{rel}","templated":true}]}}