{"id":20931,"date":"2025-04-29T10:15:04","date_gmt":"2025-04-29T10:15:04","guid":{"rendered":"https:\/\/xkodas.com\/?post_type=product&#038;p=20931"},"modified":"2026-02-17T13:23:23","modified_gmt":"2026-02-17T13:23:23","slug":"tedee-pro-magnetinis-ikrovimo-laidas","status":"publish","type":"product","link":"https:\/\/xkodas.com\/en\/shop\/ismaniosios-duru-spynos\/tedee\/tedee-pro-magnetinis-ikrovimo-laidas\/","title":{"rendered":"Tedee PRO magnetinis \u012fkrovimo laidas"},"content":{"rendered":"","protected":false},"excerpt":{"rendered":"<p><strong>Pagaminta Europoje!<\/strong><\/p>\n<p><b><span data-contrast=\"auto\">\u0160is 2 metr\u0173 ilgio \u012fkrovimo laidas su magnetiniu ki\u0161tuku \u201eMicro USB\u201c jungtyje leid\u017eia \u012fkrauti \u201eTedee PRO\u201c neatjungiant jo nuo dur\u0173.\u202f\u202f<\/span><\/b><span data-ccp-props=\"{&quot;201341983&quot;:0,&quot;335559740&quot;:259}\">\u00a0<\/span><\/p>\n<p><span data-ccp-props=\"{&quot;201341983&quot;:0,&quot;335559740&quot;:259}\">\u00a0<\/span><span data-contrast=\"auto\">Jei i\u0161manioji spyna kraunama naudojimo metu, magnetin\u0117 jungtis saugiai atsijungs pasukus. Magnetinis prievadas gali pasigirti 360\u00b0 jungties diapazonu, kad b\u016bt\u0173 lengva v\u0117l prijungti.\u202f\u202f<\/span><span data-ccp-props=\"{&quot;201341983&quot;:0,&quot;335559740&quot;:259}\">\u00a0<\/span><\/p>\n<p><span data-contrast=\"auto\">Lankstus nailono pynimas ir sustiprintos jungtys garantuoja ilgaam\u017ei\u0161kum\u0105 net ir da\u017enai atjungiant.\u202f\u202f<\/span><span data-ccp-props=\"{&quot;201341983&quot;:0,&quot;335559740&quot;:259}\">\u00a0<\/span><\/p>\n<p><span data-ccp-props=\"{&quot;201341983&quot;:0,&quot;335559740&quot;:259}\">\u00a0<\/span><span data-contrast=\"auto\">USB-A gal\u0105 galima prijungti prie bet kurio suderinamo \u012fkroviklio. Rekomenduojame naudoti su i\u0161orine baterija (nepridedama) \u2013 \u012fkrovimas bus paprastas, nereikia \u0161alia esan\u010di\u0173 elektros lizd\u0173 ar prailgintuv\u0173.\u202f\u202f<\/span><span data-ccp-props=\"{&quot;201341983&quot;:0,&quot;335559740&quot;:259}\">\u00a0<\/span><\/p>\n<p><span data-ccp-props=\"{&quot;201341983&quot;:0,&quot;335559740&quot;:259}\">\u00a0<\/span><span data-contrast=\"auto\">Galima \u012fsigyti juodos ir sidabrin\u0117s spalv\u0173, kad der\u0117t\u0173 prie dviej\u0173 \u201eTedee PRO\u201c spalv\u0173 gam\u0173.\u202f\u202f<\/span><span data-ccp-props=\"{&quot;201341983&quot;:0,&quot;335559740&quot;:259}\">\u00a0<\/span><\/p>\n<p><span data-ccp-props=\"{&quot;201341983&quot;:0,&quot;335559740&quot;:259}\">\u00a0<\/span><b><span data-contrast=\"auto\">Pastaba:<\/span><\/b><span data-contrast=\"auto\">\u00a0\u0161is laidas skirtas tik \u012fkrovimui ir netur\u0117t\u0173 b\u016bti naudojamas duomenims perduoti. Jis nepalaiko greito \u012fkrovimo. Rekomenduojame \u012fkrovimo metu naudoti tik magnetin\u012f \u201emicro-USB\u201c ki\u0161tuk\u0105 ir nerekomenduojame palikti jo \u201eTedee PRO\u201c prievade neribot\u0105 laik\u0105.<\/span><span data-ccp-props=\"{&quot;201341983&quot;:0,&quot;335559740&quot;:259}\">\u00a0<\/span><\/p>","protected":false},"featured_media":20932,"template":"","meta":{"_monsterinsights_skip_tracking":false,"_monsterinsights_sitenote_active":false,"_monsterinsights_sitenote_note":"","_monsterinsights_sitenote_category":0},"product_brand":[],"product_cat":[44,577],"product_tag":[],"class_list":{"0":"post-20931","1":"product","2":"type-product","3":"status-publish","4":"has-post-thumbnail","6":"product_cat-ismaniosios-duru-spynos","7":"product_cat-tedee","9":"first","10":"instock","11":"taxable","12":"shipping-taxable","13":"purchasable","14":"product-type-simple"},"yoast_head":"<!-- This site is optimized with the Yoast SEO plugin v27.3 - https:\/\/yoast.com\/product\/yoast-seo-wordpress\/ -->\n<title>Tedee PRO magnetinis \u012fkrovimo laidas - Xkodas<\/title>\n<meta name=\"robots\" content=\"index, follow, max-snippet:-1, max-image-preview:large, max-video-preview:-1\" \/>\n<link rel=\"canonical\" href=\"https:\/\/xkodas.com\/en\/shop\/ismaniosios-duru-spynos\/tedee\/tedee-pro-magnetinis-ikrovimo-laidas\/\" \/>\n<meta property=\"og:locale\" content=\"en_GB\" \/>\n<meta property=\"og:type\" content=\"article\" \/>\n<meta property=\"og:title\" content=\"Tedee PRO magnetinis \u012fkrovimo laidas - Xkodas\" \/>\n<meta property=\"og:description\" content=\"Pagaminta Europoje!  \u0160is 2 metr\u0173 ilgio \u012fkrovimo laidas su magnetiniu ki\u0161tuku \u201eMicro USB\u201c jungtyje leid\u017eia \u012fkrauti \u201eTedee PRO\u201c neatjungiant jo nuo dur\u0173.\u202f\u202f\u00a0  \u00a0Jei i\u0161manioji spyna kraunama naudojimo metu, magnetin\u0117 jungtis saugiai atsijungs pasukus. Magnetinis prievadas gali pasigirti 360\u00b0 jungties diapazonu, kad b\u016bt\u0173 lengva v\u0117l prijungti.\u202f\u202f\u00a0  Lankstus nailono pynimas ir sustiprintos jungtys garantuoja ilgaam\u017ei\u0161kum\u0105 net ir da\u017enai atjungiant.\u202f\u202f\u00a0  \u00a0USB-A gal\u0105 galima prijungti prie bet kurio suderinamo \u012fkroviklio. Rekomenduojame naudoti su i\u0161orine baterija (nepridedama) \u2013 \u012fkrovimas bus paprastas, nereikia \u0161alia esan\u010di\u0173 elektros lizd\u0173 ar prailgintuv\u0173.\u202f\u202f\u00a0  \u00a0Galima \u012fsigyti juodos ir sidabrin\u0117s spalv\u0173, kad der\u0117t\u0173 prie dviej\u0173 \u201eTedee PRO\u201c spalv\u0173 gam\u0173.\u202f\u202f\u00a0  \u00a0Pastaba:\u00a0\u0161is laidas skirtas tik \u012fkrovimui ir netur\u0117t\u0173 b\u016bti naudojamas duomenims perduoti. Jis nepalaiko greito \u012fkrovimo. Rekomenduojame \u012fkrovimo metu naudoti tik magnetin\u012f \u201emicro-USB\u201c ki\u0161tuk\u0105 ir nerekomenduojame palikti jo \u201eTedee PRO\u201c prievade neribot\u0105 laik\u0105.\u00a0\" \/>\n<meta property=\"og:url\" content=\"https:\/\/xkodas.com\/en\/shop\/ismaniosios-duru-spynos\/tedee\/tedee-pro-magnetinis-ikrovimo-laidas\/\" \/>\n<meta property=\"og:site_name\" content=\"Xkodas\" \/>\n<meta property=\"article:publisher\" content=\"https:\/\/www.facebook.com\/xkodas.lt\" \/>\n<meta property=\"article:modified_time\" content=\"2026-02-17T13:23:23+00:00\" \/>\n<meta property=\"og:image\" content=\"https:\/\/xkodas.com\/wp-content\/uploads\/2025\/04\/Tedee-ikrovimo-laidas.jpg\" \/>\n\t<meta property=\"og:image:width\" content=\"224\" \/>\n\t<meta property=\"og:image:height\" content=\"224\" \/>\n\t<meta property=\"og:image:type\" content=\"image\/jpeg\" \/>\n<meta name=\"twitter:card\" content=\"summary_large_image\" \/>\n<meta name=\"twitter:label1\" content=\"Estimated reading time\" \/>\n\t<meta name=\"twitter:data1\" content=\"1 minute\" \/>\n<script type=\"application\/ld+json\" class=\"yoast-schema-graph\">{\"@context\":\"https:\\\/\\\/schema.org\",\"@graph\":[{\"@type\":\"WebPage\",\"@id\":\"https:\\\/\\\/xkodas.com\\\/en\\\/shop\\\/ismaniosios-duru-spynos\\\/tedee\\\/tedee-pro-magnetinis-ikrovimo-laidas\\\/\",\"url\":\"https:\\\/\\\/xkodas.com\\\/en\\\/shop\\\/ismaniosios-duru-spynos\\\/tedee\\\/tedee-pro-magnetinis-ikrovimo-laidas\\\/\",\"name\":\"Tedee PRO magnetinis \u012fkrovimo laidas - Xkodas\",\"isPartOf\":{\"@id\":\"https:\\\/\\\/xkodas.com\\\/en\\\/#website\"},\"primaryImageOfPage\":{\"@id\":\"https:\\\/\\\/xkodas.com\\\/en\\\/shop\\\/ismaniosios-duru-spynos\\\/tedee\\\/tedee-pro-magnetinis-ikrovimo-laidas\\\/#primaryimage\"},\"image\":{\"@id\":\"https:\\\/\\\/xkodas.com\\\/en\\\/shop\\\/ismaniosios-duru-spynos\\\/tedee\\\/tedee-pro-magnetinis-ikrovimo-laidas\\\/#primaryimage\"},\"thumbnailUrl\":\"https:\\\/\\\/xkodas.com\\\/wp-content\\\/uploads\\\/2025\\\/04\\\/Tedee-ikrovimo-laidas.jpg\",\"datePublished\":\"2025-04-29T10:15:04+00:00\",\"dateModified\":\"2026-02-17T13:23:23+00:00\",\"breadcrumb\":{\"@id\":\"https:\\\/\\\/xkodas.com\\\/en\\\/shop\\\/ismaniosios-duru-spynos\\\/tedee\\\/tedee-pro-magnetinis-ikrovimo-laidas\\\/#breadcrumb\"},\"inLanguage\":\"en-GB\",\"potentialAction\":[{\"@type\":\"ReadAction\",\"target\":[\"https:\\\/\\\/xkodas.com\\\/en\\\/shop\\\/ismaniosios-duru-spynos\\\/tedee\\\/tedee-pro-magnetinis-ikrovimo-laidas\\\/\"]}]},{\"@type\":\"ImageObject\",\"inLanguage\":\"en-GB\",\"@id\":\"https:\\\/\\\/xkodas.com\\\/en\\\/shop\\\/ismaniosios-duru-spynos\\\/tedee\\\/tedee-pro-magnetinis-ikrovimo-laidas\\\/#primaryimage\",\"url\":\"https:\\\/\\\/xkodas.com\\\/wp-content\\\/uploads\\\/2025\\\/04\\\/Tedee-ikrovimo-laidas.jpg\",\"contentUrl\":\"https:\\\/\\\/xkodas.com\\\/wp-content\\\/uploads\\\/2025\\\/04\\\/Tedee-ikrovimo-laidas.jpg\",\"width\":224,\"height\":224},{\"@type\":\"BreadcrumbList\",\"@id\":\"https:\\\/\\\/xkodas.com\\\/en\\\/shop\\\/ismaniosios-duru-spynos\\\/tedee\\\/tedee-pro-magnetinis-ikrovimo-laidas\\\/#breadcrumb\",\"itemListElement\":[{\"@type\":\"ListItem\",\"position\":1,\"name\":\"Home\",\"item\":\"https:\\\/\\\/xkodas.com\\\/en\\\/ismaniosios-spynos-visu-tipu-raktai-seifai-xkodas\\\/\"},{\"@type\":\"ListItem\",\"position\":2,\"name\":\"Parduotuv\u0117\",\"item\":\"https:\\\/\\\/xkodas.com\\\/parduotuve\\\/\"},{\"@type\":\"ListItem\",\"position\":3,\"name\":\"Tedee PRO magnetinis \u012fkrovimo laidas\"}]},{\"@type\":\"WebSite\",\"@id\":\"https:\\\/\\\/xkodas.com\\\/en\\\/#website\",\"url\":\"https:\\\/\\\/xkodas.com\\\/en\\\/\",\"name\":\"Xkodas\",\"description\":\"I\u0161maniosios spynos, rakt\u0173 gamyba, saugos sistemos\",\"publisher\":{\"@id\":\"https:\\\/\\\/xkodas.com\\\/en\\\/#organization\"},\"potentialAction\":[{\"@type\":\"SearchAction\",\"target\":{\"@type\":\"EntryPoint\",\"urlTemplate\":\"https:\\\/\\\/xkodas.com\\\/en\\\/?s={search_term_string}\"},\"query-input\":{\"@type\":\"PropertyValueSpecification\",\"valueRequired\":true,\"valueName\":\"search_term_string\"}}],\"inLanguage\":\"en-GB\"},{\"@type\":\"Organization\",\"@id\":\"https:\\\/\\\/xkodas.com\\\/en\\\/#organization\",\"name\":\"Xkodas\",\"url\":\"https:\\\/\\\/xkodas.com\\\/en\\\/\",\"logo\":{\"@type\":\"ImageObject\",\"inLanguage\":\"en-GB\",\"@id\":\"https:\\\/\\\/xkodas.com\\\/en\\\/#\\\/schema\\\/logo\\\/image\\\/\",\"url\":\"http:\\\/\\\/xkodas.com\\\/wp-content\\\/uploads\\\/2020\\\/02\\\/Xkodas_logo_baltas_500x500-2.jpg\",\"contentUrl\":\"http:\\\/\\\/xkodas.com\\\/wp-content\\\/uploads\\\/2020\\\/02\\\/Xkodas_logo_baltas_500x500-2.jpg\",\"width\":100,\"height\":100,\"caption\":\"Xkodas\"},\"image\":{\"@id\":\"https:\\\/\\\/xkodas.com\\\/en\\\/#\\\/schema\\\/logo\\\/image\\\/\"},\"sameAs\":[\"https:\\\/\\\/www.facebook.com\\\/xkodas.lt\"]}]}<\/script>\n<!-- \/ Yoast SEO plugin. -->","yoast_head_json":{"title":"Tedee PRO magnetinis \u012fkrovimo laidas - Xkodas","robots":{"index":"index","follow":"follow","max-snippet":"max-snippet:-1","max-image-preview":"max-image-preview:large","max-video-preview":"max-video-preview:-1"},"canonical":"https:\/\/xkodas.com\/en\/shop\/ismaniosios-duru-spynos\/tedee\/tedee-pro-magnetinis-ikrovimo-laidas\/","og_locale":"en_GB","og_type":"article","og_title":"Tedee PRO magnetinis \u012fkrovimo laidas - Xkodas","og_description":"Pagaminta Europoje!  \u0160is 2 metr\u0173 ilgio \u012fkrovimo laidas su magnetiniu ki\u0161tuku \u201eMicro USB\u201c jungtyje leid\u017eia \u012fkrauti \u201eTedee PRO\u201c neatjungiant jo nuo dur\u0173.\u202f\u202f\u00a0  \u00a0Jei i\u0161manioji spyna kraunama naudojimo metu, magnetin\u0117 jungtis saugiai atsijungs pasukus. Magnetinis prievadas gali pasigirti 360\u00b0 jungties diapazonu, kad b\u016bt\u0173 lengva v\u0117l prijungti.\u202f\u202f\u00a0  Lankstus nailono pynimas ir sustiprintos jungtys garantuoja ilgaam\u017ei\u0161kum\u0105 net ir da\u017enai atjungiant.\u202f\u202f\u00a0  \u00a0USB-A gal\u0105 galima prijungti prie bet kurio suderinamo \u012fkroviklio. Rekomenduojame naudoti su i\u0161orine baterija (nepridedama) \u2013 \u012fkrovimas bus paprastas, nereikia \u0161alia esan\u010di\u0173 elektros lizd\u0173 ar prailgintuv\u0173.\u202f\u202f\u00a0  \u00a0Galima \u012fsigyti juodos ir sidabrin\u0117s spalv\u0173, kad der\u0117t\u0173 prie dviej\u0173 \u201eTedee PRO\u201c spalv\u0173 gam\u0173.\u202f\u202f\u00a0  \u00a0Pastaba:\u00a0\u0161is laidas skirtas tik \u012fkrovimui ir netur\u0117t\u0173 b\u016bti naudojamas duomenims perduoti. Jis nepalaiko greito \u012fkrovimo. Rekomenduojame \u012fkrovimo metu naudoti tik magnetin\u012f \u201emicro-USB\u201c ki\u0161tuk\u0105 ir nerekomenduojame palikti jo \u201eTedee PRO\u201c prievade neribot\u0105 laik\u0105.\u00a0","og_url":"https:\/\/xkodas.com\/en\/shop\/ismaniosios-duru-spynos\/tedee\/tedee-pro-magnetinis-ikrovimo-laidas\/","og_site_name":"Xkodas","article_publisher":"https:\/\/www.facebook.com\/xkodas.lt","article_modified_time":"2026-02-17T13:23:23+00:00","og_image":[{"width":224,"height":224,"url":"https:\/\/xkodas.com\/wp-content\/uploads\/2025\/04\/Tedee-ikrovimo-laidas.jpg","type":"image\/jpeg"}],"twitter_card":"summary_large_image","twitter_misc":{"Estimated reading time":"1 minute"},"schema":{"@context":"https:\/\/schema.org","@graph":[{"@type":"WebPage","@id":"https:\/\/xkodas.com\/en\/shop\/ismaniosios-duru-spynos\/tedee\/tedee-pro-magnetinis-ikrovimo-laidas\/","url":"https:\/\/xkodas.com\/en\/shop\/ismaniosios-duru-spynos\/tedee\/tedee-pro-magnetinis-ikrovimo-laidas\/","name":"Tedee PRO magnetinis \u012fkrovimo laidas - Xkodas","isPartOf":{"@id":"https:\/\/xkodas.com\/en\/#website"},"primaryImageOfPage":{"@id":"https:\/\/xkodas.com\/en\/shop\/ismaniosios-duru-spynos\/tedee\/tedee-pro-magnetinis-ikrovimo-laidas\/#primaryimage"},"image":{"@id":"https:\/\/xkodas.com\/en\/shop\/ismaniosios-duru-spynos\/tedee\/tedee-pro-magnetinis-ikrovimo-laidas\/#primaryimage"},"thumbnailUrl":"https:\/\/xkodas.com\/wp-content\/uploads\/2025\/04\/Tedee-ikrovimo-laidas.jpg","datePublished":"2025-04-29T10:15:04+00:00","dateModified":"2026-02-17T13:23:23+00:00","breadcrumb":{"@id":"https:\/\/xkodas.com\/en\/shop\/ismaniosios-duru-spynos\/tedee\/tedee-pro-magnetinis-ikrovimo-laidas\/#breadcrumb"},"inLanguage":"en-GB","potentialAction":[{"@type":"ReadAction","target":["https:\/\/xkodas.com\/en\/shop\/ismaniosios-duru-spynos\/tedee\/tedee-pro-magnetinis-ikrovimo-laidas\/"]}]},{"@type":"ImageObject","inLanguage":"en-GB","@id":"https:\/\/xkodas.com\/en\/shop\/ismaniosios-duru-spynos\/tedee\/tedee-pro-magnetinis-ikrovimo-laidas\/#primaryimage","url":"https:\/\/xkodas.com\/wp-content\/uploads\/2025\/04\/Tedee-ikrovimo-laidas.jpg","contentUrl":"https:\/\/xkodas.com\/wp-content\/uploads\/2025\/04\/Tedee-ikrovimo-laidas.jpg","width":224,"height":224},{"@type":"BreadcrumbList","@id":"https:\/\/xkodas.com\/en\/shop\/ismaniosios-duru-spynos\/tedee\/tedee-pro-magnetinis-ikrovimo-laidas\/#breadcrumb","itemListElement":[{"@type":"ListItem","position":1,"name":"Home","item":"https:\/\/xkodas.com\/en\/ismaniosios-spynos-visu-tipu-raktai-seifai-xkodas\/"},{"@type":"ListItem","position":2,"name":"Parduotuv\u0117","item":"https:\/\/xkodas.com\/parduotuve\/"},{"@type":"ListItem","position":3,"name":"Tedee PRO magnetinis \u012fkrovimo laidas"}]},{"@type":"WebSite","@id":"https:\/\/xkodas.com\/en\/#website","url":"https:\/\/xkodas.com\/en\/","name":"Xkodas","description":"I\u0161maniosios spynos, rakt\u0173 gamyba, saugos sistemos","publisher":{"@id":"https:\/\/xkodas.com\/en\/#organization"},"potentialAction":[{"@type":"SearchAction","target":{"@type":"EntryPoint","urlTemplate":"https:\/\/xkodas.com\/en\/?s={search_term_string}"},"query-input":{"@type":"PropertyValueSpecification","valueRequired":true,"valueName":"search_term_string"}}],"inLanguage":"en-GB"},{"@type":"Organization","@id":"https:\/\/xkodas.com\/en\/#organization","name":"Xkodas","url":"https:\/\/xkodas.com\/en\/","logo":{"@type":"ImageObject","inLanguage":"en-GB","@id":"https:\/\/xkodas.com\/en\/#\/schema\/logo\/image\/","url":"http:\/\/xkodas.com\/wp-content\/uploads\/2020\/02\/Xkodas_logo_baltas_500x500-2.jpg","contentUrl":"http:\/\/xkodas.com\/wp-content\/uploads\/2020\/02\/Xkodas_logo_baltas_500x500-2.jpg","width":100,"height":100,"caption":"Xkodas"},"image":{"@id":"https:\/\/xkodas.com\/en\/#\/schema\/logo\/image\/"},"sameAs":["https:\/\/www.facebook.com\/xkodas.lt"]}]}},"_links":{"self":[{"href":"https:\/\/xkodas.com\/en\/wp-json\/wp\/v2\/product\/20931","targetHints":{"allow":["GET"]}}],"collection":[{"href":"https:\/\/xkodas.com\/en\/wp-json\/wp\/v2\/product"}],"about":[{"href":"https:\/\/xkodas.com\/en\/wp-json\/wp\/v2\/types\/product"}],"wp:featuredmedia":[{"embeddable":true,"href":"https:\/\/xkodas.com\/en\/wp-json\/wp\/v2\/media\/20932"}],"wp:attachment":[{"href":"https:\/\/xkodas.com\/en\/wp-json\/wp\/v2\/media?parent=20931"}],"wp:term":[{"taxonomy":"product_brand","embeddable":true,"href":"https:\/\/xkodas.com\/en\/wp-json\/wp\/v2\/product_brand?post=20931"},{"taxonomy":"product_cat","embeddable":true,"href":"https:\/\/xkodas.com\/en\/wp-json\/wp\/v2\/product_cat?post=20931"},{"taxonomy":"product_tag","embeddable":true,"href":"https:\/\/xkodas.com\/en\/wp-json\/wp\/v2\/product_tag?post=20931"}],"curies":[{"name":"wp","href":"https:\/\/api.w.org\/{rel}","templated":true}]}}