{"id":20765,"date":"2025-02-14T11:59:28","date_gmt":"2025-02-14T11:59:28","guid":{"rendered":"https:\/\/xkodas.com\/?post_type=product&#038;p=20765"},"modified":"2026-03-26T07:04:45","modified_gmt":"2026-03-26T07:04:45","slug":"ismanioji-elektronine-spyna-tedee-go","status":"publish","type":"product","link":"https:\/\/xkodas.com\/en\/shop\/ismaniosios-duru-spynos\/tedee\/ismanioji-elektronine-spyna-tedee-go\/","title":{"rendered":"I\u0161manioji elektronin\u0117 spyna Tedee GO2 (Silver) su elementais"},"content":{"rendered":"<p>Tedee Go2 \u2013 tai yra ekonomin\u0117s klas\u0117s moderni ir patogi i\u0161manioji spyna, leid\u017eianti atrakinti duris i\u0161maniuoju telefonu. Lengvas montavimas be papildom\u0173 gr\u0119\u017eim\u0173, integracija su populiariausiomis i\u0161mani\u0173j\u0173 nam\u0173 sistemomis ir saugus automatinis u\u017erakinimas u\u017etikrina maksimal\u0173 patogum\u0105 ir saugum\u0105. Valdykite savo duris nuotoliniu b\u016bdu, dalinkit\u0117s prieiga su artimaisiais ir steb\u0117kite veiklos istorij\u0105 program\u0117l\u0117je. \u0160i i\u0161manioji spyna yra lengvai montuojama ant esamos spynos be papildom\u0173 \u012franki\u0173 ir puikiai tinka nuomininkams ir trumpalaik\u0117s nuomos verslui bei biurams ir verslo patalpoms.<\/p>\n<p><strong>Atsisveikinkite su raktais<\/strong> ir atrakinkite duris naudodami i\u0161man\u0173j\u012f telefon\u0105 ar i\u0161man\u0173j\u012f laikrod\u012f.<\/p>\n<ul>\n<li>Atrakinkite duris saugiai su telefonu ar i\u0161mani\u0105ja nam\u0173 sistema.<\/li>\n<li><strong>Nuotolin\u0117 prieiga<\/strong> \u2013 Priimkite sve\u010dius, atrakindami duris nuotoliniu b\u016bdu per Tedee program\u0117l\u0119.<\/li>\n<li><strong>Bendrinti virtualius raktus<\/strong> \u2013 Lengvai suteikite prieig\u0105 \u0161eimos nariams ar draugams.<\/li>\n<li><strong>Veiklos \u017eurnalas<\/strong> \u2013 Steb\u0117kite, kas \u012feina ir i\u0161eina i\u0161 j\u016bs\u0173 nam\u0173.<\/li>\n<\/ul>\n<p><strong>K\u0105 gali Tedee GO2?<\/strong><br \/>\n<strong>J\u016bs\u0173 namams \u2013 Pamir\u0161kite raktus visam laikui<\/strong><br \/>\nM\u0117gaukit\u0117s lengva prieiga, <strong>u\u017erakindami ir atrakindami duris automati\u0161kai<\/strong> arba naudodami telefon\u0105.<\/p>\n<p><b><span data-contrast=\"auto\">J\u016bs\u0173 verslui \u2013 Pamir\u0161kite prieigos korteles<\/span><\/b><span data-ccp-props=\"{}\">\u00a0<\/span><\/p>\n<p><span data-contrast=\"auto\">Pamir\u0161tos ar pamestos prieigos kortel\u0117s? <\/span><b><span data-contrast=\"auto\">Leiskite darbuotojams naudoti telefonus<\/span><\/b><span data-contrast=\"auto\">, kad prieiga b\u016bt\u0173 pigesn\u0117, paprastesn\u0117 ir beviel\u0117.<\/span><span data-ccp-props=\"{}\">\u00a0<\/span><\/p>\n<p><b><span data-contrast=\"auto\">J\u016bs\u0173 nuomai \u2013 Automatinis pri\u0117mimas<\/span><\/b><span data-ccp-props=\"{}\">\u00a0<\/span><\/p>\n<p><span data-contrast=\"auto\">Suteikite <\/span><b><span data-contrast=\"auto\">prieig\u0105 nuomininkams\u00a0<\/span><\/b><span data-contrast=\"auto\"> ir sutaupykite savo brang\u0173 laik\u0105.<\/span><span data-ccp-props=\"{}\">\u00a0<\/span><\/p>\n<p><b><span data-contrast=\"auto\">Kas daro Tedee GO2 unikali\u0105?<\/span><\/b><span data-ccp-props=\"{}\">\u00a0<\/span><\/p>\n<ul>\n<li data-leveltext=\"\uf0b7\" data-font=\"Symbol\" data-listid=\"3\" data-list-defn-props=\"{&quot;335552541&quot;:1,&quot;335559685&quot;:720,&quot;335559991&quot;:360,&quot;469769226&quot;:&quot;Symbol&quot;,&quot;469769242&quot;:[8226],&quot;469777803&quot;:&quot;left&quot;,&quot;469777804&quot;:&quot;\uf0b7&quot;,&quot;469777815&quot;:&quot;multilevel&quot;}\" aria-setsize=\"-1\" data-aria-posinset=\"1\" data-aria-level=\"1\"><b><span data-contrast=\"auto\">Joki\u0173 cilindro pakeitim\u0173<\/span><\/b><span data-contrast=\"auto\"> \u2013 I\u0161laikykite savo esamas dur\u0173 spynas ir fizinius raktus.<\/span><span data-ccp-props=\"{}\">\u00a0<\/span><\/li>\n<\/ul>\n<ul>\n<li data-leveltext=\"\uf0b7\" data-font=\"Symbol\" data-listid=\"3\" data-list-defn-props=\"{&quot;335552541&quot;:1,&quot;335559685&quot;:720,&quot;335559991&quot;:360,&quot;469769226&quot;:&quot;Symbol&quot;,&quot;469769242&quot;:[8226],&quot;469777803&quot;:&quot;left&quot;,&quot;469777804&quot;:&quot;\uf0b7&quot;,&quot;469777815&quot;:&quot;multilevel&quot;}\" aria-setsize=\"-1\" data-aria-posinset=\"2\" data-aria-level=\"1\"><b><span data-contrast=\"auto\">Greitas montavimas<\/span><\/b><span data-contrast=\"auto\"> \u2013\u00a0 Itin lengvas montavimas, kur\u012f galite atlikti patys.<\/span><span data-ccp-props=\"{}\">\u00a0<\/span><\/li>\n<\/ul>\n<ul>\n<li data-leveltext=\"\uf0b7\" data-font=\"Symbol\" data-listid=\"3\" data-list-defn-props=\"{&quot;335552541&quot;:1,&quot;335559685&quot;:720,&quot;335559991&quot;:360,&quot;469769226&quot;:&quot;Symbol&quot;,&quot;469769242&quot;:[8226],&quot;469777803&quot;:&quot;left&quot;,&quot;469777804&quot;:&quot;\uf0b7&quot;,&quot;469777815&quot;:&quot;multilevel&quot;}\" aria-setsize=\"-1\" data-aria-posinset=\"3\" data-aria-level=\"1\"><b><span data-contrast=\"auto\">Nematoma i\u0161 i\u0161or\u0117s<\/span><\/b><span data-contrast=\"auto\"> \u2013 I\u0161manioji spyna montuojama vidin\u0117je dur\u0173 pus\u0117je.<\/span><span data-ccp-props=\"{}\">\u00a0<\/span><\/li>\n<\/ul>\n<ul>\n<li data-leveltext=\"\uf0b7\" data-font=\"Symbol\" data-listid=\"3\" data-list-defn-props=\"{&quot;335552541&quot;:1,&quot;335559685&quot;:720,&quot;335559991&quot;:360,&quot;469769226&quot;:&quot;Symbol&quot;,&quot;469769242&quot;:[8226],&quot;469777803&quot;:&quot;left&quot;,&quot;469777804&quot;:&quot;\uf0b7&quot;,&quot;469777815&quot;:&quot;multilevel&quot;}\" aria-setsize=\"-1\" data-aria-posinset=\"4\" data-aria-level=\"1\"><b><span data-contrast=\"auto\">Saugus ir stabilus<\/span><\/b><span data-contrast=\"auto\"> \u2013 Lengvai pritvirtinamas naudojant tik tris var\u017etus (pridedami komplekte).<\/span><span data-ccp-props=\"{}\">\u00a0<\/span><\/li>\n<\/ul>\n<p><strong><span style=\"vertical-align: inherit;\"><span style=\"vertical-align: inherit;\">TedeeGO2<\/span><\/span>\u00a0<\/strong><\/p>\n<ul>\n<li data-leveltext=\"\uf0b7\" data-font=\"Symbol\" data-listid=\"7\" data-list-defn-props=\"{&quot;335552541&quot;:1,&quot;335559685&quot;:1440,&quot;335559991&quot;:360,&quot;469769226&quot;:&quot;Symbol&quot;,&quot;469769242&quot;:[8226],&quot;469777803&quot;:&quot;left&quot;,&quot;469777804&quot;:&quot;\uf0b7&quot;,&quot;469777815&quot;:&quot;hybridMultilevel&quot;}\" aria-setsize=\"-1\" data-aria-posinset=\"1\" data-aria-level=\"1\"><span data-contrast=\"auto\">Lengvas montavimas<\/span><span data-ccp-props=\"{}\">\u00a0<\/span><\/li>\n<\/ul>\n<ul>\n<li data-leveltext=\"\uf0b7\" data-font=\"Symbol\" data-listid=\"7\" data-list-defn-props=\"{&quot;335552541&quot;:1,&quot;335559685&quot;:1440,&quot;335559991&quot;:360,&quot;469769226&quot;:&quot;Symbol&quot;,&quot;469769242&quot;:[8226],&quot;469777803&quot;:&quot;left&quot;,&quot;469777804&quot;:&quot;\uf0b7&quot;,&quot;469777815&quot;:&quot;hybridMultilevel&quot;}\" aria-setsize=\"-1\" data-aria-posinset=\"2\" data-aria-level=\"1\"><span data-contrast=\"auto\"><span style=\"vertical-align: inherit;\"><span style=\"vertical-align: inherit;\">Atrodo taip pat.<\/span><\/span><\/span><span data-ccp-props=\"{}\">\u00a0<\/span><\/li>\n<\/ul>\n<ul>\n<li data-leveltext=\"\uf0b7\" data-font=\"Symbol\" data-listid=\"7\" data-list-defn-props=\"{&quot;335552541&quot;:1,&quot;335559685&quot;:1440,&quot;335559991&quot;:360,&quot;469769226&quot;:&quot;Symbol&quot;,&quot;469769242&quot;:[8226],&quot;469777803&quot;:&quot;left&quot;,&quot;469777804&quot;:&quot;\uf0b7&quot;,&quot;469777815&quot;:&quot;hybridMultilevel&quot;}\" aria-setsize=\"-1\" data-aria-posinset=\"3\" data-aria-level=\"1\"><span data-contrast=\"auto\">Lieka tas pats cilindras<\/span><span data-ccp-props=\"{}\">\u00a0<\/span><\/li>\n<\/ul>\n<ul>\n<li data-leveltext=\"\uf0b7\" data-font=\"Symbol\" data-listid=\"7\" data-list-defn-props=\"{&quot;335552541&quot;:1,&quot;335559685&quot;:1440,&quot;335559991&quot;:360,&quot;469769226&quot;:&quot;Symbol&quot;,&quot;469769242&quot;:[8226],&quot;469777803&quot;:&quot;left&quot;,&quot;469777804&quot;:&quot;\uf0b7&quot;,&quot;469777815&quot;:&quot;hybridMultilevel&quot;}\" aria-setsize=\"-1\" data-aria-posinset=\"4\" data-aria-level=\"1\"><span data-contrast=\"auto\">Pigesnis\u00a0<\/span><span data-ccp-props=\"{}\">\u00a0<\/span><\/li>\n<\/ul>\n<ul>\n<li data-leveltext=\"\uf0b7\" data-font=\"Symbol\" data-listid=\"7\" data-list-defn-props=\"{&quot;335552541&quot;:1,&quot;335559685&quot;:1440,&quot;335559991&quot;:360,&quot;469769226&quot;:&quot;Symbol&quot;,&quot;469769242&quot;:[8226],&quot;469777803&quot;:&quot;left&quot;,&quot;469777804&quot;:&quot;\uf0b7&quot;,&quot;469777815&quot;:&quot;hybridMultilevel&quot;}\" aria-setsize=\"-1\" data-aria-posinset=\"5\" data-aria-level=\"1\"><span data-contrast=\"auto\">Didesnis<\/span><span data-ccp-props=\"{}\">\u00a0<\/span><\/li>\n<\/ul>\n<ul>\n<li data-leveltext=\"\uf0b7\" data-font=\"Symbol\" data-listid=\"7\" data-list-defn-props=\"{&quot;335552541&quot;:1,&quot;335559685&quot;:1440,&quot;335559991&quot;:360,&quot;469769226&quot;:&quot;Symbol&quot;,&quot;469769242&quot;:[8226],&quot;469777803&quot;:&quot;left&quot;,&quot;469777804&quot;:&quot;\uf0b7&quot;,&quot;469777815&quot;:&quot;hybridMultilevel&quot;}\" aria-setsize=\"-1\" data-aria-posinset=\"6\" data-aria-level=\"1\"><span data-contrast=\"auto\">Aliuminio korpusas<\/span><span data-ccp-props=\"{}\">\u00a0<\/span><\/li>\n<\/ul>\n<ul>\n<li data-leveltext=\"\uf0b7\" data-font=\"Symbol\" data-listid=\"7\" data-list-defn-props=\"{&quot;335552541&quot;:1,&quot;335559685&quot;:1440,&quot;335559991&quot;:360,&quot;469769226&quot;:&quot;Symbol&quot;,&quot;469769242&quot;:[8226],&quot;469777803&quot;:&quot;left&quot;,&quot;469777804&quot;:&quot;\uf0b7&quot;,&quot;469777815&quot;:&quot;hybridMultilevel&quot;}\" aria-setsize=\"-1\" data-aria-posinset=\"8\" data-aria-level=\"1\"><span data-contrast=\"auto\">Veikia su 15+ i\u0161mani\u0173j\u0173 nam\u0173 sistemomis<\/span><span data-ccp-props=\"{}\">\u00a0<\/span><\/li>\n<\/ul>\n","protected":false},"excerpt":{"rendered":"<p><strong>PAGAMINTA EUROPOJE!<\/strong><\/p>\n<p>Tedee Go2 \u2013 tai yra ekonomin\u0117s klas\u0117s moderni ir patogi i\u0161manioji spyna, leid\u017eianti atrakinti duris i\u0161maniuoju telefonu. Lengvas montavimas be papildom\u0173 gr\u0119\u017eim\u0173, integracija su populiariausiomis i\u0161mani\u0173j\u0173 nam\u0173 sistemomis ir saugus automatinis u\u017erakinimas u\u017etikrina maksimal\u0173 patogum\u0105 ir saugum\u0105. Valdykite savo duris nuotoliniu b\u016bdu, dalinkit\u0117s prieiga su artimaisiais ir steb\u0117kite veiklos istorij\u0105 program\u0117l\u0117je. \u0160i i\u0161manioji spyna yra lengvai montuojama ant esamos spynos be papildom\u0173 \u012franki\u0173 ir puikiai tinka nuomininkams ir trumpalaik\u0117s nuomos verslui bei biurams ir verslo patalpoms.<\/p>\n<p>Linkime patogaus ir saugaus naudojimosi, o taip pat primename, kad suteikiame vis\u0105 reikiam\u0105 technin\u0119 pagalb\u0105, garantin\u012f bei pogarantin\u012f aptarnavim\u0105.<\/p>","protected":false},"featured_media":20955,"template":"","meta":{"_monsterinsights_skip_tracking":false,"_monsterinsights_sitenote_active":false,"_monsterinsights_sitenote_note":"","_monsterinsights_sitenote_category":0},"product_brand":[],"product_cat":[44,577],"product_tag":[],"class_list":{"0":"post-20765","1":"product","2":"type-product","3":"status-publish","4":"has-post-thumbnail","6":"product_cat-ismaniosios-duru-spynos","7":"product_cat-tedee","9":"first","10":"instock","11":"sale","12":"taxable","13":"shipping-taxable","14":"purchasable","15":"product-type-simple"},"yoast_head":"<!-- This site is optimized with the Yoast SEO plugin v27.4 - https:\/\/yoast.com\/product\/yoast-seo-wordpress\/ -->\n<title>I\u0161manioji elektronin\u0117 spyna Tedee GO2 (Silver) su elementais - Xkodas<\/title>\n<meta name=\"robots\" content=\"index, follow, max-snippet:-1, max-image-preview:large, max-video-preview:-1\" \/>\n<link rel=\"canonical\" href=\"https:\/\/xkodas.com\/en\/shop\/ismaniosios-duru-spynos\/tedee\/ismanioji-elektronine-spyna-tedee-go\/\" \/>\n<meta property=\"og:locale\" content=\"en_GB\" \/>\n<meta property=\"og:type\" content=\"article\" \/>\n<meta property=\"og:title\" content=\"I\u0161manioji elektronin\u0117 spyna Tedee GO2 (Silver) su elementais - Xkodas\" \/>\n<meta property=\"og:description\" content=\"PAGAMINTA EUROPOJE!  Tedee Go2 \u2013 tai yra ekonomin\u0117s klas\u0117s moderni ir patogi i\u0161manioji spyna, leid\u017eianti atrakinti duris i\u0161maniuoju telefonu. Lengvas montavimas be papildom\u0173 gr\u0119\u017eim\u0173, integracija su populiariausiomis i\u0161mani\u0173j\u0173 nam\u0173 sistemomis ir saugus automatinis u\u017erakinimas u\u017etikrina maksimal\u0173 patogum\u0105 ir saugum\u0105. Valdykite savo duris nuotoliniu b\u016bdu, dalinkit\u0117s prieiga su artimaisiais ir steb\u0117kite veiklos istorij\u0105 program\u0117l\u0117je. \u0160i i\u0161manioji spyna yra lengvai montuojama ant esamos spynos be papildom\u0173 \u012franki\u0173 ir puikiai tinka nuomininkams ir trumpalaik\u0117s nuomos verslui bei biurams ir verslo patalpoms.  Linkime patogaus ir saugaus naudojimosi, o taip pat primename, kad suteikiame vis\u0105 reikiam\u0105 technin\u0119 pagalb\u0105, garantin\u012f bei pogarantin\u012f aptarnavim\u0105.\" \/>\n<meta property=\"og:url\" content=\"https:\/\/xkodas.com\/en\/shop\/ismaniosios-duru-spynos\/tedee\/ismanioji-elektronine-spyna-tedee-go\/\" \/>\n<meta property=\"og:site_name\" content=\"Xkodas\" \/>\n<meta property=\"article:publisher\" content=\"https:\/\/www.facebook.com\/xkodas.lt\" \/>\n<meta property=\"article:modified_time\" content=\"2026-03-26T07:04:45+00:00\" \/>\n<meta property=\"og:image\" content=\"https:\/\/xkodas.com\/wp-content\/uploads\/2025\/02\/Screenshot-21-1.jpg\" \/>\n\t<meta property=\"og:image:width\" content=\"525\" \/>\n\t<meta property=\"og:image:height\" content=\"386\" \/>\n\t<meta property=\"og:image:type\" content=\"image\/jpeg\" \/>\n<meta name=\"twitter:card\" content=\"summary_large_image\" \/>\n<meta name=\"twitter:label1\" content=\"Estimated reading time\" \/>\n\t<meta name=\"twitter:data1\" content=\"2 minutes\" \/>\n<script type=\"application\/ld+json\" class=\"yoast-schema-graph\">{\"@context\":\"https:\\\/\\\/schema.org\",\"@graph\":[{\"@type\":\"WebPage\",\"@id\":\"https:\\\/\\\/xkodas.com\\\/en\\\/shop\\\/ismaniosios-duru-spynos\\\/tedee\\\/ismanioji-elektronine-spyna-tedee-go\\\/\",\"url\":\"https:\\\/\\\/xkodas.com\\\/en\\\/shop\\\/ismaniosios-duru-spynos\\\/tedee\\\/ismanioji-elektronine-spyna-tedee-go\\\/\",\"name\":\"I\u0161manioji elektronin\u0117 spyna Tedee GO2 (Silver) su elementais - Xkodas\",\"isPartOf\":{\"@id\":\"https:\\\/\\\/xkodas.com\\\/en\\\/#website\"},\"primaryImageOfPage\":{\"@id\":\"https:\\\/\\\/xkodas.com\\\/en\\\/shop\\\/ismaniosios-duru-spynos\\\/tedee\\\/ismanioji-elektronine-spyna-tedee-go\\\/#primaryimage\"},\"image\":{\"@id\":\"https:\\\/\\\/xkodas.com\\\/en\\\/shop\\\/ismaniosios-duru-spynos\\\/tedee\\\/ismanioji-elektronine-spyna-tedee-go\\\/#primaryimage\"},\"thumbnailUrl\":\"https:\\\/\\\/xkodas.com\\\/wp-content\\\/uploads\\\/2025\\\/02\\\/Screenshot-21-1.jpg\",\"datePublished\":\"2025-02-14T11:59:28+00:00\",\"dateModified\":\"2026-03-26T07:04:45+00:00\",\"breadcrumb\":{\"@id\":\"https:\\\/\\\/xkodas.com\\\/en\\\/shop\\\/ismaniosios-duru-spynos\\\/tedee\\\/ismanioji-elektronine-spyna-tedee-go\\\/#breadcrumb\"},\"inLanguage\":\"en-GB\",\"potentialAction\":[{\"@type\":\"ReadAction\",\"target\":[\"https:\\\/\\\/xkodas.com\\\/en\\\/shop\\\/ismaniosios-duru-spynos\\\/tedee\\\/ismanioji-elektronine-spyna-tedee-go\\\/\"]}]},{\"@type\":\"ImageObject\",\"inLanguage\":\"en-GB\",\"@id\":\"https:\\\/\\\/xkodas.com\\\/en\\\/shop\\\/ismaniosios-duru-spynos\\\/tedee\\\/ismanioji-elektronine-spyna-tedee-go\\\/#primaryimage\",\"url\":\"https:\\\/\\\/xkodas.com\\\/wp-content\\\/uploads\\\/2025\\\/02\\\/Screenshot-21-1.jpg\",\"contentUrl\":\"https:\\\/\\\/xkodas.com\\\/wp-content\\\/uploads\\\/2025\\\/02\\\/Screenshot-21-1.jpg\",\"width\":525,\"height\":386},{\"@type\":\"BreadcrumbList\",\"@id\":\"https:\\\/\\\/xkodas.com\\\/en\\\/shop\\\/ismaniosios-duru-spynos\\\/tedee\\\/ismanioji-elektronine-spyna-tedee-go\\\/#breadcrumb\",\"itemListElement\":[{\"@type\":\"ListItem\",\"position\":1,\"name\":\"Home\",\"item\":\"https:\\\/\\\/xkodas.com\\\/en\\\/ismaniosios-spynos-visu-tipu-raktai-seifai-xkodas\\\/\"},{\"@type\":\"ListItem\",\"position\":2,\"name\":\"Parduotuv\u0117\",\"item\":\"https:\\\/\\\/xkodas.com\\\/parduotuve\\\/\"},{\"@type\":\"ListItem\",\"position\":3,\"name\":\"I\u0161manioji elektronin\u0117 spyna Tedee GO2 (Silver) su elementais\"}]},{\"@type\":\"WebSite\",\"@id\":\"https:\\\/\\\/xkodas.com\\\/en\\\/#website\",\"url\":\"https:\\\/\\\/xkodas.com\\\/en\\\/\",\"name\":\"Xkodas\",\"description\":\"I\u0161maniosios spynos, rakt\u0173 gamyba, saugos sistemos\",\"publisher\":{\"@id\":\"https:\\\/\\\/xkodas.com\\\/en\\\/#organization\"},\"potentialAction\":[{\"@type\":\"SearchAction\",\"target\":{\"@type\":\"EntryPoint\",\"urlTemplate\":\"https:\\\/\\\/xkodas.com\\\/en\\\/?s={search_term_string}\"},\"query-input\":{\"@type\":\"PropertyValueSpecification\",\"valueRequired\":true,\"valueName\":\"search_term_string\"}}],\"inLanguage\":\"en-GB\"},{\"@type\":\"Organization\",\"@id\":\"https:\\\/\\\/xkodas.com\\\/en\\\/#organization\",\"name\":\"Xkodas\",\"url\":\"https:\\\/\\\/xkodas.com\\\/en\\\/\",\"logo\":{\"@type\":\"ImageObject\",\"inLanguage\":\"en-GB\",\"@id\":\"https:\\\/\\\/xkodas.com\\\/en\\\/#\\\/schema\\\/logo\\\/image\\\/\",\"url\":\"http:\\\/\\\/xkodas.com\\\/wp-content\\\/uploads\\\/2020\\\/02\\\/Xkodas_logo_baltas_500x500-2.jpg\",\"contentUrl\":\"http:\\\/\\\/xkodas.com\\\/wp-content\\\/uploads\\\/2020\\\/02\\\/Xkodas_logo_baltas_500x500-2.jpg\",\"width\":100,\"height\":100,\"caption\":\"Xkodas\"},\"image\":{\"@id\":\"https:\\\/\\\/xkodas.com\\\/en\\\/#\\\/schema\\\/logo\\\/image\\\/\"},\"sameAs\":[\"https:\\\/\\\/www.facebook.com\\\/xkodas.lt\"]}]}<\/script>\n<!-- \/ Yoast SEO plugin. -->","yoast_head_json":{"title":"I\u0161manioji elektronin\u0117 spyna Tedee GO2 (Silver) su elementais - Xkodas","robots":{"index":"index","follow":"follow","max-snippet":"max-snippet:-1","max-image-preview":"max-image-preview:large","max-video-preview":"max-video-preview:-1"},"canonical":"https:\/\/xkodas.com\/en\/shop\/ismaniosios-duru-spynos\/tedee\/ismanioji-elektronine-spyna-tedee-go\/","og_locale":"en_GB","og_type":"article","og_title":"I\u0161manioji elektronin\u0117 spyna Tedee GO2 (Silver) su elementais - Xkodas","og_description":"PAGAMINTA EUROPOJE!  Tedee Go2 \u2013 tai yra ekonomin\u0117s klas\u0117s moderni ir patogi i\u0161manioji spyna, leid\u017eianti atrakinti duris i\u0161maniuoju telefonu. Lengvas montavimas be papildom\u0173 gr\u0119\u017eim\u0173, integracija su populiariausiomis i\u0161mani\u0173j\u0173 nam\u0173 sistemomis ir saugus automatinis u\u017erakinimas u\u017etikrina maksimal\u0173 patogum\u0105 ir saugum\u0105. Valdykite savo duris nuotoliniu b\u016bdu, dalinkit\u0117s prieiga su artimaisiais ir steb\u0117kite veiklos istorij\u0105 program\u0117l\u0117je. \u0160i i\u0161manioji spyna yra lengvai montuojama ant esamos spynos be papildom\u0173 \u012franki\u0173 ir puikiai tinka nuomininkams ir trumpalaik\u0117s nuomos verslui bei biurams ir verslo patalpoms.  Linkime patogaus ir saugaus naudojimosi, o taip pat primename, kad suteikiame vis\u0105 reikiam\u0105 technin\u0119 pagalb\u0105, garantin\u012f bei pogarantin\u012f aptarnavim\u0105.","og_url":"https:\/\/xkodas.com\/en\/shop\/ismaniosios-duru-spynos\/tedee\/ismanioji-elektronine-spyna-tedee-go\/","og_site_name":"Xkodas","article_publisher":"https:\/\/www.facebook.com\/xkodas.lt","article_modified_time":"2026-03-26T07:04:45+00:00","og_image":[{"width":525,"height":386,"url":"https:\/\/xkodas.com\/wp-content\/uploads\/2025\/02\/Screenshot-21-1.jpg","type":"image\/jpeg"}],"twitter_card":"summary_large_image","twitter_misc":{"Estimated reading time":"2 minutes"},"schema":{"@context":"https:\/\/schema.org","@graph":[{"@type":"WebPage","@id":"https:\/\/xkodas.com\/en\/shop\/ismaniosios-duru-spynos\/tedee\/ismanioji-elektronine-spyna-tedee-go\/","url":"https:\/\/xkodas.com\/en\/shop\/ismaniosios-duru-spynos\/tedee\/ismanioji-elektronine-spyna-tedee-go\/","name":"I\u0161manioji elektronin\u0117 spyna Tedee GO2 (Silver) su elementais - Xkodas","isPartOf":{"@id":"https:\/\/xkodas.com\/en\/#website"},"primaryImageOfPage":{"@id":"https:\/\/xkodas.com\/en\/shop\/ismaniosios-duru-spynos\/tedee\/ismanioji-elektronine-spyna-tedee-go\/#primaryimage"},"image":{"@id":"https:\/\/xkodas.com\/en\/shop\/ismaniosios-duru-spynos\/tedee\/ismanioji-elektronine-spyna-tedee-go\/#primaryimage"},"thumbnailUrl":"https:\/\/xkodas.com\/wp-content\/uploads\/2025\/02\/Screenshot-21-1.jpg","datePublished":"2025-02-14T11:59:28+00:00","dateModified":"2026-03-26T07:04:45+00:00","breadcrumb":{"@id":"https:\/\/xkodas.com\/en\/shop\/ismaniosios-duru-spynos\/tedee\/ismanioji-elektronine-spyna-tedee-go\/#breadcrumb"},"inLanguage":"en-GB","potentialAction":[{"@type":"ReadAction","target":["https:\/\/xkodas.com\/en\/shop\/ismaniosios-duru-spynos\/tedee\/ismanioji-elektronine-spyna-tedee-go\/"]}]},{"@type":"ImageObject","inLanguage":"en-GB","@id":"https:\/\/xkodas.com\/en\/shop\/ismaniosios-duru-spynos\/tedee\/ismanioji-elektronine-spyna-tedee-go\/#primaryimage","url":"https:\/\/xkodas.com\/wp-content\/uploads\/2025\/02\/Screenshot-21-1.jpg","contentUrl":"https:\/\/xkodas.com\/wp-content\/uploads\/2025\/02\/Screenshot-21-1.jpg","width":525,"height":386},{"@type":"BreadcrumbList","@id":"https:\/\/xkodas.com\/en\/shop\/ismaniosios-duru-spynos\/tedee\/ismanioji-elektronine-spyna-tedee-go\/#breadcrumb","itemListElement":[{"@type":"ListItem","position":1,"name":"Home","item":"https:\/\/xkodas.com\/en\/ismaniosios-spynos-visu-tipu-raktai-seifai-xkodas\/"},{"@type":"ListItem","position":2,"name":"Parduotuv\u0117","item":"https:\/\/xkodas.com\/parduotuve\/"},{"@type":"ListItem","position":3,"name":"I\u0161manioji elektronin\u0117 spyna Tedee GO2 (Silver) su elementais"}]},{"@type":"WebSite","@id":"https:\/\/xkodas.com\/en\/#website","url":"https:\/\/xkodas.com\/en\/","name":"Xkodas","description":"I\u0161maniosios spynos, rakt\u0173 gamyba, saugos sistemos","publisher":{"@id":"https:\/\/xkodas.com\/en\/#organization"},"potentialAction":[{"@type":"SearchAction","target":{"@type":"EntryPoint","urlTemplate":"https:\/\/xkodas.com\/en\/?s={search_term_string}"},"query-input":{"@type":"PropertyValueSpecification","valueRequired":true,"valueName":"search_term_string"}}],"inLanguage":"en-GB"},{"@type":"Organization","@id":"https:\/\/xkodas.com\/en\/#organization","name":"Xkodas","url":"https:\/\/xkodas.com\/en\/","logo":{"@type":"ImageObject","inLanguage":"en-GB","@id":"https:\/\/xkodas.com\/en\/#\/schema\/logo\/image\/","url":"http:\/\/xkodas.com\/wp-content\/uploads\/2020\/02\/Xkodas_logo_baltas_500x500-2.jpg","contentUrl":"http:\/\/xkodas.com\/wp-content\/uploads\/2020\/02\/Xkodas_logo_baltas_500x500-2.jpg","width":100,"height":100,"caption":"Xkodas"},"image":{"@id":"https:\/\/xkodas.com\/en\/#\/schema\/logo\/image\/"},"sameAs":["https:\/\/www.facebook.com\/xkodas.lt"]}]}},"_links":{"self":[{"href":"https:\/\/xkodas.com\/en\/wp-json\/wp\/v2\/product\/20765","targetHints":{"allow":["GET"]}}],"collection":[{"href":"https:\/\/xkodas.com\/en\/wp-json\/wp\/v2\/product"}],"about":[{"href":"https:\/\/xkodas.com\/en\/wp-json\/wp\/v2\/types\/product"}],"wp:featuredmedia":[{"embeddable":true,"href":"https:\/\/xkodas.com\/en\/wp-json\/wp\/v2\/media\/20955"}],"wp:attachment":[{"href":"https:\/\/xkodas.com\/en\/wp-json\/wp\/v2\/media?parent=20765"}],"wp:term":[{"taxonomy":"product_brand","embeddable":true,"href":"https:\/\/xkodas.com\/en\/wp-json\/wp\/v2\/product_brand?post=20765"},{"taxonomy":"product_cat","embeddable":true,"href":"https:\/\/xkodas.com\/en\/wp-json\/wp\/v2\/product_cat?post=20765"},{"taxonomy":"product_tag","embeddable":true,"href":"https:\/\/xkodas.com\/en\/wp-json\/wp\/v2\/product_tag?post=20765"}],"curies":[{"name":"wp","href":"https:\/\/api.w.org\/{rel}","templated":true}]}}