{"id":20493,"date":"2024-12-17T09:44:22","date_gmt":"2024-12-17T09:44:22","guid":{"rendered":"https:\/\/xkodas.com\/?post_type=product&#038;p=20493"},"modified":"2026-03-26T07:06:43","modified_gmt":"2026-03-26T07:06:43","slug":"tedee-klaviatura-pro","status":"publish","type":"product","link":"https:\/\/xkodas.com\/en\/shop\/ismaniosios-duru-spynos\/tedee\/tedee-klaviatura-pro\/","title":{"rendered":"Tedee Klaviat\u016bra PRO (White)"},"content":{"rendered":"<p><strong>Tedee Keypad PRO: Modernus ir saugus \u012f\u0117jimas<\/strong><br \/>\nTedee Keypad PRO \u2013 naujas sprendimas be rakt\u0173, leid\u017eiantis duris atrakinti pir\u0161to atspaudu arba PIN kodu. Tinka namams, verslui ar nuomai.<\/p>\n<ul>\n<li><strong>100 PIN kod\u0173 ir 100 pir\u0161t\u0173 atspaud\u0173:<\/strong> Kiekvienas su individualiais leidimais, valdomais per Tedee program\u0117l\u0119.<\/li>\n<li><strong>Saugumas:<\/strong> Pir\u0161t\u0173 atspaudai paver\u010diami saugiais skaitmeniniais \u017eetonais, atitinkan\u010diais GDPR.<\/li>\n<li><strong>Paprastas montavimas:<\/strong> Maitinamas baterijomis (iki 12 m\u0117n.) arba laidu, su atsarginiu energijos \u0161altiniu.<\/li>\n<li><strong>Stilingas dizainas:<\/strong> Tinka viduje ir lauke, modernus, minimalistinis stilius.<\/li>\n<\/ul>\n<p>Tur\u0117kite naujos kartos prieig\u0105 be rakt\u0173 \u2013 lengva, saugu, patogu!<\/p>","protected":false},"excerpt":{"rendered":"<p><strong>PAGAMINTA EUROPOJE!<\/strong><\/p>\n<p><strong>Tedee Keypad PRO: Saugus ir patogus prieigos sprendimas<\/strong><br \/>\nTedee Keypad PRO \u2013 rakt\u0173 neturintis sprendimas, kuris leid\u017eia atrakinti duris pir\u0161to atspaudu arba PIN kodu. Tinka tiek namams, tiek verslui ar nuomai.<\/p>\n<ul>\n<li><strong>100 PIN kod\u0173 ir 100 pir\u0161t\u0173 atspaud\u0173<\/strong> su individualiais leidimais, valdomais per Tedee program\u0117l\u0119.<\/li>\n<li><strong>Saugumas<\/strong>: Pir\u0161t\u0173 atspaudai paver\u010diami skaitmeniniais \u017eetonais, atitinkantys GDPR.<\/li>\n<li><strong>Paprastas montavimas<\/strong>: Maitinimas baterijomis (iki 12 m\u0117n.) arba laidu.<\/li>\n<li><strong>Stilingas dizainas<\/strong>: Tinka viduje ir lauke, minimalistinis ir modernus stilius.<\/li>\n<\/ul>\n<p>Lengvai ir saugiai atrakinkite duris be rakt\u0173!<\/p>\n<p>Linkime patogaus ir saugaus naudojimosi, o taip pat primename, kad suteikiame vis\u0105 reikiam\u0105 technin\u0119 pagalb\u0105, garantin\u012f bei pogarantin\u012f aptarnavim\u0105.<\/p>","protected":false},"featured_media":20648,"template":"","meta":{"_monsterinsights_skip_tracking":false,"_monsterinsights_sitenote_active":false,"_monsterinsights_sitenote_note":"","_monsterinsights_sitenote_category":0},"product_brand":[],"product_cat":[44,577],"product_tag":[],"class_list":{"0":"post-20493","1":"product","2":"type-product","3":"status-publish","4":"has-post-thumbnail","6":"product_cat-ismaniosios-duru-spynos","7":"product_cat-tedee","9":"first","10":"instock","11":"sale","12":"taxable","13":"shipping-taxable","14":"purchasable","15":"product-type-simple"},"yoast_head":"<!-- This site is optimized with the Yoast SEO plugin v27.4 - https:\/\/yoast.com\/product\/yoast-seo-wordpress\/ -->\n<title>Tedee Klaviat\u016bra PRO (White) - Xkodas<\/title>\n<meta name=\"robots\" content=\"index, follow, max-snippet:-1, max-image-preview:large, max-video-preview:-1\" \/>\n<link rel=\"canonical\" href=\"https:\/\/xkodas.com\/en\/shop\/ismaniosios-duru-spynos\/tedee\/tedee-klaviatura-pro\/\" \/>\n<meta property=\"og:locale\" content=\"en_GB\" \/>\n<meta property=\"og:type\" content=\"article\" \/>\n<meta property=\"og:title\" content=\"Tedee Klaviat\u016bra PRO (White) - Xkodas\" \/>\n<meta property=\"og:description\" content=\"PAGAMINTA EUROPOJE!  Tedee Keypad PRO: Saugus ir patogus prieigos sprendimas Tedee Keypad PRO \u2013 rakt\u0173 neturintis sprendimas, kuris leid\u017eia atrakinti duris pir\u0161to atspaudu arba PIN kodu. Tinka tiek namams, tiek verslui ar nuomai.   100 PIN kod\u0173 ir 100 pir\u0161t\u0173 atspaud\u0173 su individualiais leidimais, valdomais per Tedee program\u0117l\u0119.  Saugumas: Pir\u0161t\u0173 atspaudai paver\u010diami skaitmeniniais \u017eetonais, atitinkantys GDPR.  Paprastas montavimas: Maitinimas baterijomis (iki 12 m\u0117n.) arba laidu.  Stilingas dizainas: Tinka viduje ir lauke, minimalistinis ir modernus stilius.  Lengvai ir saugiai atrakinkite duris be rakt\u0173!  Linkime patogaus ir saugaus naudojimosi, o taip pat primename, kad suteikiame vis\u0105 reikiam\u0105 technin\u0119 pagalb\u0105, garantin\u012f bei pogarantin\u012f aptarnavim\u0105.\" \/>\n<meta property=\"og:url\" content=\"https:\/\/xkodas.com\/en\/shop\/ismaniosios-duru-spynos\/tedee\/tedee-klaviatura-pro\/\" \/>\n<meta property=\"og:site_name\" content=\"Xkodas\" \/>\n<meta property=\"article:publisher\" content=\"https:\/\/www.facebook.com\/xkodas.lt\" \/>\n<meta property=\"article:modified_time\" content=\"2026-03-26T07:06:43+00:00\" \/>\n<meta property=\"og:image\" content=\"https:\/\/xkodas.com\/wp-content\/uploads\/2024\/12\/TedeeKeypadPRO-white.png\" \/>\n\t<meta property=\"og:image:width\" content=\"4032\" \/>\n\t<meta property=\"og:image:height\" content=\"3024\" \/>\n\t<meta property=\"og:image:type\" content=\"image\/png\" \/>\n<meta name=\"twitter:card\" content=\"summary_large_image\" \/>\n<meta name=\"twitter:label1\" content=\"Estimated reading time\" \/>\n\t<meta name=\"twitter:data1\" content=\"1 minute\" \/>\n<script type=\"application\/ld+json\" class=\"yoast-schema-graph\">{\"@context\":\"https:\\\/\\\/schema.org\",\"@graph\":[{\"@type\":\"WebPage\",\"@id\":\"https:\\\/\\\/xkodas.com\\\/en\\\/shop\\\/ismaniosios-duru-spynos\\\/tedee\\\/tedee-klaviatura-pro\\\/\",\"url\":\"https:\\\/\\\/xkodas.com\\\/en\\\/shop\\\/ismaniosios-duru-spynos\\\/tedee\\\/tedee-klaviatura-pro\\\/\",\"name\":\"Tedee Klaviat\u016bra PRO (White) - Xkodas\",\"isPartOf\":{\"@id\":\"https:\\\/\\\/xkodas.com\\\/en\\\/#website\"},\"primaryImageOfPage\":{\"@id\":\"https:\\\/\\\/xkodas.com\\\/en\\\/shop\\\/ismaniosios-duru-spynos\\\/tedee\\\/tedee-klaviatura-pro\\\/#primaryimage\"},\"image\":{\"@id\":\"https:\\\/\\\/xkodas.com\\\/en\\\/shop\\\/ismaniosios-duru-spynos\\\/tedee\\\/tedee-klaviatura-pro\\\/#primaryimage\"},\"thumbnailUrl\":\"https:\\\/\\\/xkodas.com\\\/wp-content\\\/uploads\\\/2024\\\/12\\\/TedeeKeypadPRO-white.png\",\"datePublished\":\"2024-12-17T09:44:22+00:00\",\"dateModified\":\"2026-03-26T07:06:43+00:00\",\"breadcrumb\":{\"@id\":\"https:\\\/\\\/xkodas.com\\\/en\\\/shop\\\/ismaniosios-duru-spynos\\\/tedee\\\/tedee-klaviatura-pro\\\/#breadcrumb\"},\"inLanguage\":\"en-GB\",\"potentialAction\":[{\"@type\":\"ReadAction\",\"target\":[\"https:\\\/\\\/xkodas.com\\\/en\\\/shop\\\/ismaniosios-duru-spynos\\\/tedee\\\/tedee-klaviatura-pro\\\/\"]}]},{\"@type\":\"ImageObject\",\"inLanguage\":\"en-GB\",\"@id\":\"https:\\\/\\\/xkodas.com\\\/en\\\/shop\\\/ismaniosios-duru-spynos\\\/tedee\\\/tedee-klaviatura-pro\\\/#primaryimage\",\"url\":\"https:\\\/\\\/xkodas.com\\\/wp-content\\\/uploads\\\/2024\\\/12\\\/TedeeKeypadPRO-white.png\",\"contentUrl\":\"https:\\\/\\\/xkodas.com\\\/wp-content\\\/uploads\\\/2024\\\/12\\\/TedeeKeypadPRO-white.png\",\"width\":4032,\"height\":3024},{\"@type\":\"BreadcrumbList\",\"@id\":\"https:\\\/\\\/xkodas.com\\\/en\\\/shop\\\/ismaniosios-duru-spynos\\\/tedee\\\/tedee-klaviatura-pro\\\/#breadcrumb\",\"itemListElement\":[{\"@type\":\"ListItem\",\"position\":1,\"name\":\"Home\",\"item\":\"https:\\\/\\\/xkodas.com\\\/en\\\/ismaniosios-spynos-visu-tipu-raktai-seifai-xkodas\\\/\"},{\"@type\":\"ListItem\",\"position\":2,\"name\":\"Parduotuv\u0117\",\"item\":\"https:\\\/\\\/xkodas.com\\\/parduotuve\\\/\"},{\"@type\":\"ListItem\",\"position\":3,\"name\":\"Tedee Klaviat\u016bra PRO (White)\"}]},{\"@type\":\"WebSite\",\"@id\":\"https:\\\/\\\/xkodas.com\\\/en\\\/#website\",\"url\":\"https:\\\/\\\/xkodas.com\\\/en\\\/\",\"name\":\"Xkodas\",\"description\":\"I\u0161maniosios spynos, rakt\u0173 gamyba, saugos sistemos\",\"publisher\":{\"@id\":\"https:\\\/\\\/xkodas.com\\\/en\\\/#organization\"},\"potentialAction\":[{\"@type\":\"SearchAction\",\"target\":{\"@type\":\"EntryPoint\",\"urlTemplate\":\"https:\\\/\\\/xkodas.com\\\/en\\\/?s={search_term_string}\"},\"query-input\":{\"@type\":\"PropertyValueSpecification\",\"valueRequired\":true,\"valueName\":\"search_term_string\"}}],\"inLanguage\":\"en-GB\"},{\"@type\":\"Organization\",\"@id\":\"https:\\\/\\\/xkodas.com\\\/en\\\/#organization\",\"name\":\"Xkodas\",\"url\":\"https:\\\/\\\/xkodas.com\\\/en\\\/\",\"logo\":{\"@type\":\"ImageObject\",\"inLanguage\":\"en-GB\",\"@id\":\"https:\\\/\\\/xkodas.com\\\/en\\\/#\\\/schema\\\/logo\\\/image\\\/\",\"url\":\"http:\\\/\\\/xkodas.com\\\/wp-content\\\/uploads\\\/2020\\\/02\\\/Xkodas_logo_baltas_500x500-2.jpg\",\"contentUrl\":\"http:\\\/\\\/xkodas.com\\\/wp-content\\\/uploads\\\/2020\\\/02\\\/Xkodas_logo_baltas_500x500-2.jpg\",\"width\":100,\"height\":100,\"caption\":\"Xkodas\"},\"image\":{\"@id\":\"https:\\\/\\\/xkodas.com\\\/en\\\/#\\\/schema\\\/logo\\\/image\\\/\"},\"sameAs\":[\"https:\\\/\\\/www.facebook.com\\\/xkodas.lt\"]}]}<\/script>\n<!-- \/ Yoast SEO plugin. -->","yoast_head_json":{"title":"Tedee Klaviat\u016bra PRO (White) - Xkodas","robots":{"index":"index","follow":"follow","max-snippet":"max-snippet:-1","max-image-preview":"max-image-preview:large","max-video-preview":"max-video-preview:-1"},"canonical":"https:\/\/xkodas.com\/en\/shop\/ismaniosios-duru-spynos\/tedee\/tedee-klaviatura-pro\/","og_locale":"en_GB","og_type":"article","og_title":"Tedee Klaviat\u016bra PRO (White) - Xkodas","og_description":"PAGAMINTA EUROPOJE!  Tedee Keypad PRO: Saugus ir patogus prieigos sprendimas Tedee Keypad PRO \u2013 rakt\u0173 neturintis sprendimas, kuris leid\u017eia atrakinti duris pir\u0161to atspaudu arba PIN kodu. Tinka tiek namams, tiek verslui ar nuomai.   100 PIN kod\u0173 ir 100 pir\u0161t\u0173 atspaud\u0173 su individualiais leidimais, valdomais per Tedee program\u0117l\u0119.  Saugumas: Pir\u0161t\u0173 atspaudai paver\u010diami skaitmeniniais \u017eetonais, atitinkantys GDPR.  Paprastas montavimas: Maitinimas baterijomis (iki 12 m\u0117n.) arba laidu.  Stilingas dizainas: Tinka viduje ir lauke, minimalistinis ir modernus stilius.  Lengvai ir saugiai atrakinkite duris be rakt\u0173!  Linkime patogaus ir saugaus naudojimosi, o taip pat primename, kad suteikiame vis\u0105 reikiam\u0105 technin\u0119 pagalb\u0105, garantin\u012f bei pogarantin\u012f aptarnavim\u0105.","og_url":"https:\/\/xkodas.com\/en\/shop\/ismaniosios-duru-spynos\/tedee\/tedee-klaviatura-pro\/","og_site_name":"Xkodas","article_publisher":"https:\/\/www.facebook.com\/xkodas.lt","article_modified_time":"2026-03-26T07:06:43+00:00","og_image":[{"width":4032,"height":3024,"url":"https:\/\/xkodas.com\/wp-content\/uploads\/2024\/12\/TedeeKeypadPRO-white.png","type":"image\/png"}],"twitter_card":"summary_large_image","twitter_misc":{"Estimated reading time":"1 minute"},"schema":{"@context":"https:\/\/schema.org","@graph":[{"@type":"WebPage","@id":"https:\/\/xkodas.com\/en\/shop\/ismaniosios-duru-spynos\/tedee\/tedee-klaviatura-pro\/","url":"https:\/\/xkodas.com\/en\/shop\/ismaniosios-duru-spynos\/tedee\/tedee-klaviatura-pro\/","name":"Tedee Klaviat\u016bra PRO (White) - Xkodas","isPartOf":{"@id":"https:\/\/xkodas.com\/en\/#website"},"primaryImageOfPage":{"@id":"https:\/\/xkodas.com\/en\/shop\/ismaniosios-duru-spynos\/tedee\/tedee-klaviatura-pro\/#primaryimage"},"image":{"@id":"https:\/\/xkodas.com\/en\/shop\/ismaniosios-duru-spynos\/tedee\/tedee-klaviatura-pro\/#primaryimage"},"thumbnailUrl":"https:\/\/xkodas.com\/wp-content\/uploads\/2024\/12\/TedeeKeypadPRO-white.png","datePublished":"2024-12-17T09:44:22+00:00","dateModified":"2026-03-26T07:06:43+00:00","breadcrumb":{"@id":"https:\/\/xkodas.com\/en\/shop\/ismaniosios-duru-spynos\/tedee\/tedee-klaviatura-pro\/#breadcrumb"},"inLanguage":"en-GB","potentialAction":[{"@type":"ReadAction","target":["https:\/\/xkodas.com\/en\/shop\/ismaniosios-duru-spynos\/tedee\/tedee-klaviatura-pro\/"]}]},{"@type":"ImageObject","inLanguage":"en-GB","@id":"https:\/\/xkodas.com\/en\/shop\/ismaniosios-duru-spynos\/tedee\/tedee-klaviatura-pro\/#primaryimage","url":"https:\/\/xkodas.com\/wp-content\/uploads\/2024\/12\/TedeeKeypadPRO-white.png","contentUrl":"https:\/\/xkodas.com\/wp-content\/uploads\/2024\/12\/TedeeKeypadPRO-white.png","width":4032,"height":3024},{"@type":"BreadcrumbList","@id":"https:\/\/xkodas.com\/en\/shop\/ismaniosios-duru-spynos\/tedee\/tedee-klaviatura-pro\/#breadcrumb","itemListElement":[{"@type":"ListItem","position":1,"name":"Home","item":"https:\/\/xkodas.com\/en\/ismaniosios-spynos-visu-tipu-raktai-seifai-xkodas\/"},{"@type":"ListItem","position":2,"name":"Parduotuv\u0117","item":"https:\/\/xkodas.com\/parduotuve\/"},{"@type":"ListItem","position":3,"name":"Tedee Klaviat\u016bra PRO (White)"}]},{"@type":"WebSite","@id":"https:\/\/xkodas.com\/en\/#website","url":"https:\/\/xkodas.com\/en\/","name":"Xkodas","description":"I\u0161maniosios spynos, rakt\u0173 gamyba, saugos sistemos","publisher":{"@id":"https:\/\/xkodas.com\/en\/#organization"},"potentialAction":[{"@type":"SearchAction","target":{"@type":"EntryPoint","urlTemplate":"https:\/\/xkodas.com\/en\/?s={search_term_string}"},"query-input":{"@type":"PropertyValueSpecification","valueRequired":true,"valueName":"search_term_string"}}],"inLanguage":"en-GB"},{"@type":"Organization","@id":"https:\/\/xkodas.com\/en\/#organization","name":"Xkodas","url":"https:\/\/xkodas.com\/en\/","logo":{"@type":"ImageObject","inLanguage":"en-GB","@id":"https:\/\/xkodas.com\/en\/#\/schema\/logo\/image\/","url":"http:\/\/xkodas.com\/wp-content\/uploads\/2020\/02\/Xkodas_logo_baltas_500x500-2.jpg","contentUrl":"http:\/\/xkodas.com\/wp-content\/uploads\/2020\/02\/Xkodas_logo_baltas_500x500-2.jpg","width":100,"height":100,"caption":"Xkodas"},"image":{"@id":"https:\/\/xkodas.com\/en\/#\/schema\/logo\/image\/"},"sameAs":["https:\/\/www.facebook.com\/xkodas.lt"]}]}},"_links":{"self":[{"href":"https:\/\/xkodas.com\/en\/wp-json\/wp\/v2\/product\/20493","targetHints":{"allow":["GET"]}}],"collection":[{"href":"https:\/\/xkodas.com\/en\/wp-json\/wp\/v2\/product"}],"about":[{"href":"https:\/\/xkodas.com\/en\/wp-json\/wp\/v2\/types\/product"}],"wp:featuredmedia":[{"embeddable":true,"href":"https:\/\/xkodas.com\/en\/wp-json\/wp\/v2\/media\/20648"}],"wp:attachment":[{"href":"https:\/\/xkodas.com\/en\/wp-json\/wp\/v2\/media?parent=20493"}],"wp:term":[{"taxonomy":"product_brand","embeddable":true,"href":"https:\/\/xkodas.com\/en\/wp-json\/wp\/v2\/product_brand?post=20493"},{"taxonomy":"product_cat","embeddable":true,"href":"https:\/\/xkodas.com\/en\/wp-json\/wp\/v2\/product_cat?post=20493"},{"taxonomy":"product_tag","embeddable":true,"href":"https:\/\/xkodas.com\/en\/wp-json\/wp\/v2\/product_tag?post=20493"}],"curies":[{"name":"wp","href":"https:\/\/api.w.org\/{rel}","templated":true}]}}