{"id":19257,"date":"2024-10-28T08:03:27","date_gmt":"2024-10-28T08:03:27","guid":{"rendered":"https:\/\/xkodas.com\/?post_type=product&#038;p=19257"},"modified":"2024-11-18T13:25:33","modified_gmt":"2024-11-18T13:25:33","slug":"k5s-7-raktas-su-melynu-zymejimu","status":"publish","type":"product","link":"https:\/\/xkodas.com\/en\/shop\/iloq-ismaniosios-spynos\/k5s-7-raktas-su-melynu-zymejimu\/","title":{"rendered":"K5S.7 Raktas su m\u0117lynu \u017eym\u0117jimu"},"content":{"rendered":"","protected":false},"excerpt":{"rendered":"<p>\u201eiLOQ S5\u201c su autonominiu maitinimu &#8211; tai naujos kartos u\u017erakt\u0173 sistema, kuri pakei\u010dia sunkiai valdomas mechanines spynas ir elektromechanines spynas, priklausan\u010dias nuo i\u0161orinio maitinimo \u0161altinio, pvz., baterij\u0173. \u0160i itin \u0161ifruota sistema suteikia galimyb\u0119 lanks\u010diai ir saugiai kontroliuoti prieig\u0105 ir palaikyti auk\u0161t\u0105 saugum\u0105 reikliuose objektuose, pavyzd\u017eiui, komerciniame nekilnojamajame turte, biur\u0173 pastatuose ir gyvenam\u0173j\u0173 nam\u0173 asociacijose.<\/p>\n<p>Spynos \u201eiLOQ C5S\u201c cilindrai energij\u0105 gauna i\u0161 rakto \u012fki\u0161imo \u012f spynos cilindr\u0105 judesio. Tod\u0117l nereikia joki\u0173 baterij\u0173 ar kabeli\u0173. Kadangi nereikia baterij\u0173, prie\u017ei\u016bros ir gyvavimo ciklo i\u0161laidos yra gerokai ma\u017eesn\u0117s nei mechanini\u0173 ar akumuliatorini\u0173 elektromechanini\u0173 spyn\u0173 sistem\u0173.<\/p>\n<p>Raktai veikia kaip \u201eiLOQ D2D\u201c tinklo dalis, tod\u0117l galima greitai ir lengvai pa\u0161alinti pamestus raktus i\u0161 sistemos, keisti prieigos teises ir sekti \u017eurnalo \u012fvykius.<\/p>\n<p>\u201eiLOQ S5\u201c produkt\u0173 grup\u0117 apima dur\u0173, pakabinamas ir bald\u0173 spynas, taip pat reikiam\u0105 furnit\u016br\u0105 ir montavimo priedus. Be to, \u201eiLOQ S5\u201c galima i\u0161pl\u0117sti iki nuotolin\u0117s prieigos kontrol\u0117s sistemos su \u201eiLOQ Online\u201c produktais.<\/p>\n<p>Funkcij\u0173 santrauka<br \/>\n&#8211; Skaitmeninis raktas be akumuliatoriaus, skirtas iLOQ S5 u\u017erakt\u0173 sistemai<\/p>\n<p>&#8211; Raktas nereikalauja baterij\u0173 ar laid\u0173<\/p>\n<p>&#8211; Raktas pagamintas i\u0161 ner\u016bdijan\u010dio plieno, o laikiklio dalis &#8211; i\u0161 stiklo pluo\u0161tu sustiprintos poliamido dervos<\/p>\n<p>&#8211; Atlaiko dr\u0117gm\u0119 ir sm\u016bgius<\/p>\n<p>&#8211; Galingas ir saugus AES256 \u0161ifravimas, skirtas bendram u\u017erakinimui ir autenti\u0161kumo nustatymui<\/p>\n<p>&#8211; B\u016bdamas D2D tinklo dalis, jis veikia kaip informacijos imtuvas ir duomen\u0173 dalintojas<\/p>\n<p>&#8211; U\u017eblokuot\u0173 rakt\u0173 s\u0105ra\u0161as<\/p>\n<p>&#8211; Prieigos teisi\u0173 pakeitimai<\/p>\n<p>&#8211; Laiko profili\u0173 keitimas<\/p>\n<p>&#8211; Raktams ir spynoms skirt\u0173 \u012fvyki\u0173 registravimas<\/p>\n<p>&#8211; Pradinis programavimas naudojant iLOQ P55S.1 programavimo rakt\u0105 ir prie serverio prijungt\u0105 kompiuter\u012f<\/p>\n<p>&#8211; Raktas gali b\u016bti nustatomas su prieigos teis\u0117mis spyn\u0173 grup\u0117ms arba atskiroms spynoms<\/p>\n<p>&#8211; Raktas gali b\u016bti nustatytas su galiojimo pabaigos data, \u012fskaitant prad\u017eios ir pabaigos dat\u0105<\/p>\n<p>&#8211; Kiekvienas raktas turi unikal\u0173 identifikatori\u0173 ir unikali\u0105 antspaudo informacij\u0105<\/p>\n<p>&#8211; Raktas turi NFC lust\u0105, kuris palaiko RFID ir NFC funkcijas<\/p>\n<p>&#8211; Atnaujinama programin\u0117 \u012franga<\/p>\n<p>&#8211; Raktams galima nustatyti iki 10 skirting\u0173 laiko interval\u0173<\/p>\n<p>&#8211; Raktams galima nustatyti iki 23 skirting\u0173 laiko interval\u0173 (D5S reikia FW 135 arba naujesn\u0117s versijos, o kitoms 5S spynoms reikia FW138 arba naujesn\u0117s versijos)<\/p>\n<p>&#8211; Suderinamas su \u201eiLOQ HOME\u201c, nuo K5S FW 124 versijos<\/p>\n<p>&#8211; K5S FW 115-119 versijos gali b\u016bti atnaujintos, kad b\u016bt\u0173 suderinamos su HOME<\/p>","protected":false},"featured_media":20139,"template":"","meta":{"_monsterinsights_skip_tracking":false,"_monsterinsights_sitenote_active":false,"_monsterinsights_sitenote_note":"","_monsterinsights_sitenote_category":0},"product_brand":[],"product_cat":[579],"product_tag":[],"class_list":{"0":"post-19257","1":"product","2":"type-product","3":"status-publish","4":"has-post-thumbnail","6":"product_cat-iloq-ismaniosios-spynos","8":"first","9":"instock","10":"taxable","11":"shipping-taxable","12":"product-type-simple"},"yoast_head":"<!-- This site is optimized with the Yoast SEO plugin v27.4 - https:\/\/yoast.com\/product\/yoast-seo-wordpress\/ -->\n<title>K5S.7 Raktas su m\u0117lynu \u017eym\u0117jimu - Xkodas<\/title>\n<meta name=\"robots\" content=\"index, follow, max-snippet:-1, max-image-preview:large, max-video-preview:-1\" \/>\n<link rel=\"canonical\" href=\"https:\/\/xkodas.com\/en\/shop\/iloq-ismaniosios-spynos\/k5s-7-raktas-su-melynu-zymejimu\/\" \/>\n<meta property=\"og:locale\" content=\"en_GB\" \/>\n<meta property=\"og:type\" content=\"article\" \/>\n<meta property=\"og:title\" content=\"K5S.7 Raktas su m\u0117lynu \u017eym\u0117jimu - Xkodas\" \/>\n<meta property=\"og:description\" content=\"\u201eiLOQ S5\u201c su autonominiu maitinimu - tai naujos kartos u\u017erakt\u0173 sistema, kuri pakei\u010dia sunkiai valdomas mechanines spynas ir elektromechanines spynas, priklausan\u010dias nuo i\u0161orinio maitinimo \u0161altinio, pvz., baterij\u0173. \u0160i itin \u0161ifruota sistema suteikia galimyb\u0119 lanks\u010diai ir saugiai kontroliuoti prieig\u0105 ir palaikyti auk\u0161t\u0105 saugum\u0105 reikliuose objektuose, pavyzd\u017eiui, komerciniame nekilnojamajame turte, biur\u0173 pastatuose ir gyvenam\u0173j\u0173 nam\u0173 asociacijose.  Spynos \u201eiLOQ C5S\u201c cilindrai energij\u0105 gauna i\u0161 rakto \u012fki\u0161imo \u012f spynos cilindr\u0105 judesio. Tod\u0117l nereikia joki\u0173 baterij\u0173 ar kabeli\u0173. Kadangi nereikia baterij\u0173, prie\u017ei\u016bros ir gyvavimo ciklo i\u0161laidos yra gerokai ma\u017eesn\u0117s nei mechanini\u0173 ar akumuliatorini\u0173 elektromechanini\u0173 spyn\u0173 sistem\u0173.  Raktai veikia kaip \u201eiLOQ D2D\u201c tinklo dalis, tod\u0117l galima greitai ir lengvai pa\u0161alinti pamestus raktus i\u0161 sistemos, keisti prieigos teises ir sekti \u017eurnalo \u012fvykius.  \u201eiLOQ S5\u201c produkt\u0173 grup\u0117 apima dur\u0173, pakabinamas ir bald\u0173 spynas, taip pat reikiam\u0105 furnit\u016br\u0105 ir montavimo priedus. Be to, \u201eiLOQ S5\u201c galima i\u0161pl\u0117sti iki nuotolin\u0117s prieigos kontrol\u0117s sistemos su \u201eiLOQ Online\u201c produktais.  Funkcij\u0173 santrauka - Skaitmeninis raktas be akumuliatoriaus, skirtas iLOQ S5 u\u017erakt\u0173 sistemai  - Raktas nereikalauja baterij\u0173 ar laid\u0173  - Raktas pagamintas i\u0161 ner\u016bdijan\u010dio plieno, o laikiklio dalis - i\u0161 stiklo pluo\u0161tu sustiprintos poliamido dervos  - Atlaiko dr\u0117gm\u0119 ir sm\u016bgius  - Galingas ir saugus AES256 \u0161ifravimas, skirtas bendram u\u017erakinimui ir autenti\u0161kumo nustatymui  - B\u016bdamas D2D tinklo dalis, jis veikia kaip informacijos imtuvas ir duomen\u0173 dalintojas  - U\u017eblokuot\u0173 rakt\u0173 s\u0105ra\u0161as  - Prieigos teisi\u0173 pakeitimai  - Laiko profili\u0173 keitimas  - Raktams ir spynoms skirt\u0173 \u012fvyki\u0173 registravimas  - Pradinis programavimas naudojant iLOQ P55S.1 programavimo rakt\u0105 ir prie serverio prijungt\u0105 kompiuter\u012f  - Raktas gali b\u016bti nustatomas su prieigos teis\u0117mis spyn\u0173 grup\u0117ms arba atskiroms spynoms  - Raktas gali b\u016bti nustatytas su galiojimo pabaigos data, \u012fskaitant prad\u017eios ir pabaigos dat\u0105  - Kiekvienas raktas turi unikal\u0173 identifikatori\u0173 ir unikali\u0105 antspaudo informacij\u0105  - Raktas turi NFC lust\u0105, kuris palaiko RFID ir NFC funkcijas  - Atnaujinama programin\u0117 \u012franga  - Raktams galima nustatyti iki 10 skirting\u0173 laiko interval\u0173  - Raktams galima nustatyti iki 23 skirting\u0173 laiko interval\u0173 (D5S reikia FW 135 arba naujesn\u0117s versijos, o kitoms 5S spynoms reikia FW138 arba naujesn\u0117s versijos)  - Suderinamas su \u201eiLOQ HOME\u201c, nuo K5S FW 124 versijos  - K5S FW 115-119 versijos gali b\u016bti atnaujintos, kad b\u016bt\u0173 suderinamos su HOME\" \/>\n<meta property=\"og:url\" content=\"https:\/\/xkodas.com\/en\/shop\/iloq-ismaniosios-spynos\/k5s-7-raktas-su-melynu-zymejimu\/\" \/>\n<meta property=\"og:site_name\" content=\"Xkodas\" \/>\n<meta property=\"article:publisher\" content=\"https:\/\/www.facebook.com\/xkodas.lt\" \/>\n<meta property=\"article:modified_time\" content=\"2024-11-18T13:25:33+00:00\" \/>\n<meta property=\"og:image\" content=\"https:\/\/xkodas.com\/wp-content\/uploads\/2024\/10\/K5S.7-product.png\" \/>\n\t<meta property=\"og:image:width\" content=\"1000\" \/>\n\t<meta property=\"og:image:height\" content=\"1000\" \/>\n\t<meta property=\"og:image:type\" content=\"image\/png\" \/>\n<meta name=\"twitter:card\" content=\"summary_large_image\" \/>\n<meta name=\"twitter:label1\" content=\"Estimated reading time\" \/>\n\t<meta name=\"twitter:data1\" content=\"1 minute\" \/>\n<script type=\"application\/ld+json\" class=\"yoast-schema-graph\">{\"@context\":\"https:\\\/\\\/schema.org\",\"@graph\":[{\"@type\":\"WebPage\",\"@id\":\"https:\\\/\\\/xkodas.com\\\/en\\\/shop\\\/iloq-ismaniosios-spynos\\\/k5s-7-raktas-su-melynu-zymejimu\\\/\",\"url\":\"https:\\\/\\\/xkodas.com\\\/en\\\/shop\\\/iloq-ismaniosios-spynos\\\/k5s-7-raktas-su-melynu-zymejimu\\\/\",\"name\":\"K5S.7 Raktas su m\u0117lynu \u017eym\u0117jimu - Xkodas\",\"isPartOf\":{\"@id\":\"https:\\\/\\\/xkodas.com\\\/en\\\/#website\"},\"primaryImageOfPage\":{\"@id\":\"https:\\\/\\\/xkodas.com\\\/en\\\/shop\\\/iloq-ismaniosios-spynos\\\/k5s-7-raktas-su-melynu-zymejimu\\\/#primaryimage\"},\"image\":{\"@id\":\"https:\\\/\\\/xkodas.com\\\/en\\\/shop\\\/iloq-ismaniosios-spynos\\\/k5s-7-raktas-su-melynu-zymejimu\\\/#primaryimage\"},\"thumbnailUrl\":\"https:\\\/\\\/xkodas.com\\\/wp-content\\\/uploads\\\/2024\\\/10\\\/K5S.7-product.png\",\"datePublished\":\"2024-10-28T08:03:27+00:00\",\"dateModified\":\"2024-11-18T13:25:33+00:00\",\"breadcrumb\":{\"@id\":\"https:\\\/\\\/xkodas.com\\\/en\\\/shop\\\/iloq-ismaniosios-spynos\\\/k5s-7-raktas-su-melynu-zymejimu\\\/#breadcrumb\"},\"inLanguage\":\"en-GB\",\"potentialAction\":[{\"@type\":\"ReadAction\",\"target\":[\"https:\\\/\\\/xkodas.com\\\/en\\\/shop\\\/iloq-ismaniosios-spynos\\\/k5s-7-raktas-su-melynu-zymejimu\\\/\"]}]},{\"@type\":\"ImageObject\",\"inLanguage\":\"en-GB\",\"@id\":\"https:\\\/\\\/xkodas.com\\\/en\\\/shop\\\/iloq-ismaniosios-spynos\\\/k5s-7-raktas-su-melynu-zymejimu\\\/#primaryimage\",\"url\":\"https:\\\/\\\/xkodas.com\\\/wp-content\\\/uploads\\\/2024\\\/10\\\/K5S.7-product.png\",\"contentUrl\":\"https:\\\/\\\/xkodas.com\\\/wp-content\\\/uploads\\\/2024\\\/10\\\/K5S.7-product.png\",\"width\":1000,\"height\":1000},{\"@type\":\"BreadcrumbList\",\"@id\":\"https:\\\/\\\/xkodas.com\\\/en\\\/shop\\\/iloq-ismaniosios-spynos\\\/k5s-7-raktas-su-melynu-zymejimu\\\/#breadcrumb\",\"itemListElement\":[{\"@type\":\"ListItem\",\"position\":1,\"name\":\"Home\",\"item\":\"https:\\\/\\\/xkodas.com\\\/en\\\/ismaniosios-spynos-visu-tipu-raktai-seifai-xkodas\\\/\"},{\"@type\":\"ListItem\",\"position\":2,\"name\":\"Parduotuv\u0117\",\"item\":\"https:\\\/\\\/xkodas.com\\\/parduotuve\\\/\"},{\"@type\":\"ListItem\",\"position\":3,\"name\":\"K5S.7 Raktas su m\u0117lynu \u017eym\u0117jimu\"}]},{\"@type\":\"WebSite\",\"@id\":\"https:\\\/\\\/xkodas.com\\\/en\\\/#website\",\"url\":\"https:\\\/\\\/xkodas.com\\\/en\\\/\",\"name\":\"Xkodas\",\"description\":\"I\u0161maniosios spynos, rakt\u0173 gamyba, saugos sistemos\",\"publisher\":{\"@id\":\"https:\\\/\\\/xkodas.com\\\/en\\\/#organization\"},\"potentialAction\":[{\"@type\":\"SearchAction\",\"target\":{\"@type\":\"EntryPoint\",\"urlTemplate\":\"https:\\\/\\\/xkodas.com\\\/en\\\/?s={search_term_string}\"},\"query-input\":{\"@type\":\"PropertyValueSpecification\",\"valueRequired\":true,\"valueName\":\"search_term_string\"}}],\"inLanguage\":\"en-GB\"},{\"@type\":\"Organization\",\"@id\":\"https:\\\/\\\/xkodas.com\\\/en\\\/#organization\",\"name\":\"Xkodas\",\"url\":\"https:\\\/\\\/xkodas.com\\\/en\\\/\",\"logo\":{\"@type\":\"ImageObject\",\"inLanguage\":\"en-GB\",\"@id\":\"https:\\\/\\\/xkodas.com\\\/en\\\/#\\\/schema\\\/logo\\\/image\\\/\",\"url\":\"http:\\\/\\\/xkodas.com\\\/wp-content\\\/uploads\\\/2020\\\/02\\\/Xkodas_logo_baltas_500x500-2.jpg\",\"contentUrl\":\"http:\\\/\\\/xkodas.com\\\/wp-content\\\/uploads\\\/2020\\\/02\\\/Xkodas_logo_baltas_500x500-2.jpg\",\"width\":100,\"height\":100,\"caption\":\"Xkodas\"},\"image\":{\"@id\":\"https:\\\/\\\/xkodas.com\\\/en\\\/#\\\/schema\\\/logo\\\/image\\\/\"},\"sameAs\":[\"https:\\\/\\\/www.facebook.com\\\/xkodas.lt\"]}]}<\/script>\n<!-- \/ Yoast SEO plugin. -->","yoast_head_json":{"title":"K5S.7 Raktas su m\u0117lynu \u017eym\u0117jimu - Xkodas","robots":{"index":"index","follow":"follow","max-snippet":"max-snippet:-1","max-image-preview":"max-image-preview:large","max-video-preview":"max-video-preview:-1"},"canonical":"https:\/\/xkodas.com\/en\/shop\/iloq-ismaniosios-spynos\/k5s-7-raktas-su-melynu-zymejimu\/","og_locale":"en_GB","og_type":"article","og_title":"K5S.7 Raktas su m\u0117lynu \u017eym\u0117jimu - Xkodas","og_description":"\u201eiLOQ S5\u201c su autonominiu maitinimu - tai naujos kartos u\u017erakt\u0173 sistema, kuri pakei\u010dia sunkiai valdomas mechanines spynas ir elektromechanines spynas, priklausan\u010dias nuo i\u0161orinio maitinimo \u0161altinio, pvz., baterij\u0173. \u0160i itin \u0161ifruota sistema suteikia galimyb\u0119 lanks\u010diai ir saugiai kontroliuoti prieig\u0105 ir palaikyti auk\u0161t\u0105 saugum\u0105 reikliuose objektuose, pavyzd\u017eiui, komerciniame nekilnojamajame turte, biur\u0173 pastatuose ir gyvenam\u0173j\u0173 nam\u0173 asociacijose.  Spynos \u201eiLOQ C5S\u201c cilindrai energij\u0105 gauna i\u0161 rakto \u012fki\u0161imo \u012f spynos cilindr\u0105 judesio. Tod\u0117l nereikia joki\u0173 baterij\u0173 ar kabeli\u0173. Kadangi nereikia baterij\u0173, prie\u017ei\u016bros ir gyvavimo ciklo i\u0161laidos yra gerokai ma\u017eesn\u0117s nei mechanini\u0173 ar akumuliatorini\u0173 elektromechanini\u0173 spyn\u0173 sistem\u0173.  Raktai veikia kaip \u201eiLOQ D2D\u201c tinklo dalis, tod\u0117l galima greitai ir lengvai pa\u0161alinti pamestus raktus i\u0161 sistemos, keisti prieigos teises ir sekti \u017eurnalo \u012fvykius.  \u201eiLOQ S5\u201c produkt\u0173 grup\u0117 apima dur\u0173, pakabinamas ir bald\u0173 spynas, taip pat reikiam\u0105 furnit\u016br\u0105 ir montavimo priedus. Be to, \u201eiLOQ S5\u201c galima i\u0161pl\u0117sti iki nuotolin\u0117s prieigos kontrol\u0117s sistemos su \u201eiLOQ Online\u201c produktais.  Funkcij\u0173 santrauka - Skaitmeninis raktas be akumuliatoriaus, skirtas iLOQ S5 u\u017erakt\u0173 sistemai  - Raktas nereikalauja baterij\u0173 ar laid\u0173  - Raktas pagamintas i\u0161 ner\u016bdijan\u010dio plieno, o laikiklio dalis - i\u0161 stiklo pluo\u0161tu sustiprintos poliamido dervos  - Atlaiko dr\u0117gm\u0119 ir sm\u016bgius  - Galingas ir saugus AES256 \u0161ifravimas, skirtas bendram u\u017erakinimui ir autenti\u0161kumo nustatymui  - B\u016bdamas D2D tinklo dalis, jis veikia kaip informacijos imtuvas ir duomen\u0173 dalintojas  - U\u017eblokuot\u0173 rakt\u0173 s\u0105ra\u0161as  - Prieigos teisi\u0173 pakeitimai  - Laiko profili\u0173 keitimas  - Raktams ir spynoms skirt\u0173 \u012fvyki\u0173 registravimas  - Pradinis programavimas naudojant iLOQ P55S.1 programavimo rakt\u0105 ir prie serverio prijungt\u0105 kompiuter\u012f  - Raktas gali b\u016bti nustatomas su prieigos teis\u0117mis spyn\u0173 grup\u0117ms arba atskiroms spynoms  - Raktas gali b\u016bti nustatytas su galiojimo pabaigos data, \u012fskaitant prad\u017eios ir pabaigos dat\u0105  - Kiekvienas raktas turi unikal\u0173 identifikatori\u0173 ir unikali\u0105 antspaudo informacij\u0105  - Raktas turi NFC lust\u0105, kuris palaiko RFID ir NFC funkcijas  - Atnaujinama programin\u0117 \u012franga  - Raktams galima nustatyti iki 10 skirting\u0173 laiko interval\u0173  - Raktams galima nustatyti iki 23 skirting\u0173 laiko interval\u0173 (D5S reikia FW 135 arba naujesn\u0117s versijos, o kitoms 5S spynoms reikia FW138 arba naujesn\u0117s versijos)  - Suderinamas su \u201eiLOQ HOME\u201c, nuo K5S FW 124 versijos  - K5S FW 115-119 versijos gali b\u016bti atnaujintos, kad b\u016bt\u0173 suderinamos su HOME","og_url":"https:\/\/xkodas.com\/en\/shop\/iloq-ismaniosios-spynos\/k5s-7-raktas-su-melynu-zymejimu\/","og_site_name":"Xkodas","article_publisher":"https:\/\/www.facebook.com\/xkodas.lt","article_modified_time":"2024-11-18T13:25:33+00:00","og_image":[{"width":1000,"height":1000,"url":"https:\/\/xkodas.com\/wp-content\/uploads\/2024\/10\/K5S.7-product.png","type":"image\/png"}],"twitter_card":"summary_large_image","twitter_misc":{"Estimated reading time":"1 minute"},"schema":{"@context":"https:\/\/schema.org","@graph":[{"@type":"WebPage","@id":"https:\/\/xkodas.com\/en\/shop\/iloq-ismaniosios-spynos\/k5s-7-raktas-su-melynu-zymejimu\/","url":"https:\/\/xkodas.com\/en\/shop\/iloq-ismaniosios-spynos\/k5s-7-raktas-su-melynu-zymejimu\/","name":"K5S.7 Raktas su m\u0117lynu \u017eym\u0117jimu - Xkodas","isPartOf":{"@id":"https:\/\/xkodas.com\/en\/#website"},"primaryImageOfPage":{"@id":"https:\/\/xkodas.com\/en\/shop\/iloq-ismaniosios-spynos\/k5s-7-raktas-su-melynu-zymejimu\/#primaryimage"},"image":{"@id":"https:\/\/xkodas.com\/en\/shop\/iloq-ismaniosios-spynos\/k5s-7-raktas-su-melynu-zymejimu\/#primaryimage"},"thumbnailUrl":"https:\/\/xkodas.com\/wp-content\/uploads\/2024\/10\/K5S.7-product.png","datePublished":"2024-10-28T08:03:27+00:00","dateModified":"2024-11-18T13:25:33+00:00","breadcrumb":{"@id":"https:\/\/xkodas.com\/en\/shop\/iloq-ismaniosios-spynos\/k5s-7-raktas-su-melynu-zymejimu\/#breadcrumb"},"inLanguage":"en-GB","potentialAction":[{"@type":"ReadAction","target":["https:\/\/xkodas.com\/en\/shop\/iloq-ismaniosios-spynos\/k5s-7-raktas-su-melynu-zymejimu\/"]}]},{"@type":"ImageObject","inLanguage":"en-GB","@id":"https:\/\/xkodas.com\/en\/shop\/iloq-ismaniosios-spynos\/k5s-7-raktas-su-melynu-zymejimu\/#primaryimage","url":"https:\/\/xkodas.com\/wp-content\/uploads\/2024\/10\/K5S.7-product.png","contentUrl":"https:\/\/xkodas.com\/wp-content\/uploads\/2024\/10\/K5S.7-product.png","width":1000,"height":1000},{"@type":"BreadcrumbList","@id":"https:\/\/xkodas.com\/en\/shop\/iloq-ismaniosios-spynos\/k5s-7-raktas-su-melynu-zymejimu\/#breadcrumb","itemListElement":[{"@type":"ListItem","position":1,"name":"Home","item":"https:\/\/xkodas.com\/en\/ismaniosios-spynos-visu-tipu-raktai-seifai-xkodas\/"},{"@type":"ListItem","position":2,"name":"Parduotuv\u0117","item":"https:\/\/xkodas.com\/parduotuve\/"},{"@type":"ListItem","position":3,"name":"K5S.7 Raktas su m\u0117lynu \u017eym\u0117jimu"}]},{"@type":"WebSite","@id":"https:\/\/xkodas.com\/en\/#website","url":"https:\/\/xkodas.com\/en\/","name":"Xkodas","description":"I\u0161maniosios spynos, rakt\u0173 gamyba, saugos sistemos","publisher":{"@id":"https:\/\/xkodas.com\/en\/#organization"},"potentialAction":[{"@type":"SearchAction","target":{"@type":"EntryPoint","urlTemplate":"https:\/\/xkodas.com\/en\/?s={search_term_string}"},"query-input":{"@type":"PropertyValueSpecification","valueRequired":true,"valueName":"search_term_string"}}],"inLanguage":"en-GB"},{"@type":"Organization","@id":"https:\/\/xkodas.com\/en\/#organization","name":"Xkodas","url":"https:\/\/xkodas.com\/en\/","logo":{"@type":"ImageObject","inLanguage":"en-GB","@id":"https:\/\/xkodas.com\/en\/#\/schema\/logo\/image\/","url":"http:\/\/xkodas.com\/wp-content\/uploads\/2020\/02\/Xkodas_logo_baltas_500x500-2.jpg","contentUrl":"http:\/\/xkodas.com\/wp-content\/uploads\/2020\/02\/Xkodas_logo_baltas_500x500-2.jpg","width":100,"height":100,"caption":"Xkodas"},"image":{"@id":"https:\/\/xkodas.com\/en\/#\/schema\/logo\/image\/"},"sameAs":["https:\/\/www.facebook.com\/xkodas.lt"]}]}},"_links":{"self":[{"href":"https:\/\/xkodas.com\/en\/wp-json\/wp\/v2\/product\/19257","targetHints":{"allow":["GET"]}}],"collection":[{"href":"https:\/\/xkodas.com\/en\/wp-json\/wp\/v2\/product"}],"about":[{"href":"https:\/\/xkodas.com\/en\/wp-json\/wp\/v2\/types\/product"}],"wp:featuredmedia":[{"embeddable":true,"href":"https:\/\/xkodas.com\/en\/wp-json\/wp\/v2\/media\/20139"}],"wp:attachment":[{"href":"https:\/\/xkodas.com\/en\/wp-json\/wp\/v2\/media?parent=19257"}],"wp:term":[{"taxonomy":"product_brand","embeddable":true,"href":"https:\/\/xkodas.com\/en\/wp-json\/wp\/v2\/product_brand?post=19257"},{"taxonomy":"product_cat","embeddable":true,"href":"https:\/\/xkodas.com\/en\/wp-json\/wp\/v2\/product_cat?post=19257"},{"taxonomy":"product_tag","embeddable":true,"href":"https:\/\/xkodas.com\/en\/wp-json\/wp\/v2\/product_tag?post=19257"}],"curies":[{"name":"wp","href":"https:\/\/api.w.org\/{rel}","templated":true}]}}