{"id":19254,"date":"2024-10-28T08:00:36","date_gmt":"2024-10-28T08:00:36","guid":{"rendered":"https:\/\/xkodas.com\/?post_type=product&#038;p=19254"},"modified":"2024-11-18T13:24:32","modified_gmt":"2024-11-18T13:24:32","slug":"d5s-400-sb-europrofilio-cilindras-su-uzpildymu-viduje-30-30-mm","status":"publish","type":"product","link":"https:\/\/xkodas.com\/en\/shop\/iloq-ismaniosios-spynos\/d5s-400-sb-europrofilio-cilindras-su-uzpildymu-viduje-30-30-mm\/","title":{"rendered":"D5S.400.SB Europrofilio cilindras su u\u017epildymu viduje (30\/30 mm)"},"content":{"rendered":"","protected":false},"excerpt":{"rendered":"<p>\u201eiLOQ S5\u201c sistema su autonominiu maitinimu &#8211; tai naujos kartos u\u017erakt\u0173 sistema, kuri pakei\u010dia sunkiai valdomas mechanines spynas ir elektromechanines spynas, priklausan\u010dias nuo i\u0161orinio maitinimo \u0161altinio, pvz., baterij\u0173. \u0160i itin \u0161ifruota sistema suteikia galimyb\u0119 lanks\u010diai ir saugiai valdyti prieig\u0105 ir u\u017etikrina auk\u0161t\u0105 saugum\u0105 tokiose reikliose patalpose kaip komercin\u0117s paskirties nekilnojamasis turtas, biur\u0173 pastatai ir gyvenam\u0173j\u0173 nam\u0173 asociacijos.<\/p>\n<p>Energij\u0105 iLOQ D5S spyn\u0173 cilindrams suteikia rakto \u012fki\u0161imo \u012f spynos cilindr\u0105 judesys. Tod\u0117l nereikia joki\u0173 baterij\u0173 ar kabeli\u0173. Kadangi nereikia baterij\u0173, prie\u017ei\u016bros ir gyvavimo ciklo i\u0161laidos yra gerokai ma\u017eesn\u0117s nei mechanini\u0173 ar akumuliatorini\u0173 elektromechanini\u0173 spyn\u0173 sistem\u0173.<\/p>\n<p>Spynos cilindrai veikia kaip \u201eiLOQ D2D\u201c tinklo dalis, tod\u0117l galima greitai ir lengvai i\u0161imti i\u0161 sistemos pamestus raktus, keisti prieigos teises ir sekti \u017eurnalo \u012fvykius.<\/p>\n<p>\u201eiLOQ S5\u201c produkt\u0173 \u0161eima apima cilindrus, pakabinamas spynas, bald\u0173 spynas ir kt. Sistem\u0105 iLOQ S5 taip pat galima i\u0161pl\u0117sti iki nuotolin\u0117s prieigos kontrol\u0117s sistemos su produktais \u201eiLOQ Online\u201c.<\/p>\n<p>Funkcij\u0173 santrauka<br \/>\n&#8211; be baterij\u0173 veikiantis skaitmeninis u\u017erakto cilindras, skirtas \u201eiLOQ S5\u201c u\u017erakt\u0173 sistemai<\/p>\n<p>&#8211; Spynai nereikia baterij\u0173 ar laid\u0173<\/p>\n<p>&#8211; Galingas ir saugus AES-256 \u0161ifravimas, skirtas bendram spynos ir rakto autenti\u0161kumo nustatymui<\/p>\n<p>&#8211; B\u016bdamas D2D tinklo dalis, jis veikia kaip informacijos imtuvas ir duomen\u0173 dalintojas<\/p>\n<p>&#8211; Pradinis programavimas per kompiuter\u012f naudojant prie serverio prijungt\u0105 programavimo \u017eeton\u0105 \u201eiLOQ P55S.1\u201c.<\/p>\n<p>&#8211; Modulin\u0117 konstrukcija leid\u017eia lengvai sukonfig\u016bruoti pus\u0117s, dvigubos arba pasukamos ranken\u0117l\u0117s versij\u0105 ir reguliuoti cilindro ilg\u012f.<\/p>\n<p>&#8211; Ilg\u012f galima prailginti 5 mm \u017eingsniais iki 70 mm (elektronin\u0117 pus\u0117)<\/p>\n<p>&#8211; U\u017eraktas gali b\u016bti nustatytas su prieigos zonomis, skirtomis u\u017erakt\u0173 grup\u0117ms arba atskiriems u\u017eraktams<\/p>\n<p>&#8211; Programuojama spyna atidaroma suderinamu K5S raktu<\/p>\n<p>&#8211; Blokavimo s\u0105ra\u0161as pavieniams pamestiems raktams<\/p>\n<p>&#8211; Atidarym\u0173 ir bandym\u0173 atidaryti registravimo atmintis (laiko \u017eymos su RTC)<\/p>\n<p>&#8211; Palaikomi laiko apribojimai laiko profili\u0173 pavidalu (su RTC)<\/p>\n<p>&#8211; Perprogramavimas naudojant K5S raktus arba programavimo \u017eeton\u0105 P55S.1<\/p>\n<p>&#8211; Atnaujinama programin\u0117 \u012franga<\/p>","protected":false},"featured_media":20137,"template":"","meta":{"_monsterinsights_skip_tracking":false,"_monsterinsights_sitenote_active":false,"_monsterinsights_sitenote_note":"","_monsterinsights_sitenote_category":0},"product_brand":[],"product_cat":[579],"product_tag":[],"class_list":{"0":"post-19254","1":"product","2":"type-product","3":"status-publish","4":"has-post-thumbnail","6":"product_cat-iloq-ismaniosios-spynos","8":"first","9":"instock","10":"taxable","11":"shipping-taxable","12":"product-type-simple"},"yoast_head":"<!-- This site is optimized with the Yoast SEO plugin v27.4 - https:\/\/yoast.com\/product\/yoast-seo-wordpress\/ -->\n<title>D5S.400.SB Europrofilio cilindras su u\u017epildymu viduje (30\/30 mm) - Xkodas<\/title>\n<meta name=\"robots\" content=\"index, follow, max-snippet:-1, max-image-preview:large, max-video-preview:-1\" \/>\n<link rel=\"canonical\" href=\"https:\/\/xkodas.com\/en\/shop\/iloq-ismaniosios-spynos\/d5s-400-sb-europrofilio-cilindras-su-uzpildymu-viduje-30-30-mm\/\" \/>\n<meta property=\"og:locale\" content=\"en_GB\" \/>\n<meta property=\"og:type\" content=\"article\" \/>\n<meta property=\"og:title\" content=\"D5S.400.SB Europrofilio cilindras su u\u017epildymu viduje (30\/30 mm) - Xkodas\" \/>\n<meta property=\"og:description\" content=\"\u201eiLOQ S5\u201c sistema su autonominiu maitinimu - tai naujos kartos u\u017erakt\u0173 sistema, kuri pakei\u010dia sunkiai valdomas mechanines spynas ir elektromechanines spynas, priklausan\u010dias nuo i\u0161orinio maitinimo \u0161altinio, pvz., baterij\u0173. \u0160i itin \u0161ifruota sistema suteikia galimyb\u0119 lanks\u010diai ir saugiai valdyti prieig\u0105 ir u\u017etikrina auk\u0161t\u0105 saugum\u0105 tokiose reikliose patalpose kaip komercin\u0117s paskirties nekilnojamasis turtas, biur\u0173 pastatai ir gyvenam\u0173j\u0173 nam\u0173 asociacijos.  Energij\u0105 iLOQ D5S spyn\u0173 cilindrams suteikia rakto \u012fki\u0161imo \u012f spynos cilindr\u0105 judesys. Tod\u0117l nereikia joki\u0173 baterij\u0173 ar kabeli\u0173. Kadangi nereikia baterij\u0173, prie\u017ei\u016bros ir gyvavimo ciklo i\u0161laidos yra gerokai ma\u017eesn\u0117s nei mechanini\u0173 ar akumuliatorini\u0173 elektromechanini\u0173 spyn\u0173 sistem\u0173.  Spynos cilindrai veikia kaip \u201eiLOQ D2D\u201c tinklo dalis, tod\u0117l galima greitai ir lengvai i\u0161imti i\u0161 sistemos pamestus raktus, keisti prieigos teises ir sekti \u017eurnalo \u012fvykius.  \u201eiLOQ S5\u201c produkt\u0173 \u0161eima apima cilindrus, pakabinamas spynas, bald\u0173 spynas ir kt. Sistem\u0105 iLOQ S5 taip pat galima i\u0161pl\u0117sti iki nuotolin\u0117s prieigos kontrol\u0117s sistemos su produktais \u201eiLOQ Online\u201c.  Funkcij\u0173 santrauka - be baterij\u0173 veikiantis skaitmeninis u\u017erakto cilindras, skirtas \u201eiLOQ S5\u201c u\u017erakt\u0173 sistemai  - Spynai nereikia baterij\u0173 ar laid\u0173  - Galingas ir saugus AES-256 \u0161ifravimas, skirtas bendram spynos ir rakto autenti\u0161kumo nustatymui  - B\u016bdamas D2D tinklo dalis, jis veikia kaip informacijos imtuvas ir duomen\u0173 dalintojas  - Pradinis programavimas per kompiuter\u012f naudojant prie serverio prijungt\u0105 programavimo \u017eeton\u0105 \u201eiLOQ P55S.1\u201c.  - Modulin\u0117 konstrukcija leid\u017eia lengvai sukonfig\u016bruoti pus\u0117s, dvigubos arba pasukamos ranken\u0117l\u0117s versij\u0105 ir reguliuoti cilindro ilg\u012f.  - Ilg\u012f galima prailginti 5 mm \u017eingsniais iki 70 mm (elektronin\u0117 pus\u0117)  - U\u017eraktas gali b\u016bti nustatytas su prieigos zonomis, skirtomis u\u017erakt\u0173 grup\u0117ms arba atskiriems u\u017eraktams  - Programuojama spyna atidaroma suderinamu K5S raktu  - Blokavimo s\u0105ra\u0161as pavieniams pamestiems raktams  - Atidarym\u0173 ir bandym\u0173 atidaryti registravimo atmintis (laiko \u017eymos su RTC)  - Palaikomi laiko apribojimai laiko profili\u0173 pavidalu (su RTC)  - Perprogramavimas naudojant K5S raktus arba programavimo \u017eeton\u0105 P55S.1  - Atnaujinama programin\u0117 \u012franga\" \/>\n<meta property=\"og:url\" content=\"https:\/\/xkodas.com\/en\/shop\/iloq-ismaniosios-spynos\/d5s-400-sb-europrofilio-cilindras-su-uzpildymu-viduje-30-30-mm\/\" \/>\n<meta property=\"og:site_name\" content=\"Xkodas\" \/>\n<meta property=\"article:publisher\" content=\"https:\/\/www.facebook.com\/xkodas.lt\" \/>\n<meta property=\"article:modified_time\" content=\"2024-11-18T13:24:32+00:00\" \/>\n<meta property=\"og:image\" content=\"https:\/\/xkodas.com\/wp-content\/uploads\/2024\/10\/D5S.400.SB-product.png\" \/>\n\t<meta property=\"og:image:width\" content=\"1000\" \/>\n\t<meta property=\"og:image:height\" content=\"1000\" \/>\n\t<meta property=\"og:image:type\" content=\"image\/png\" \/>\n<meta name=\"twitter:card\" content=\"summary_large_image\" \/>\n<meta name=\"twitter:label1\" content=\"Estimated reading time\" \/>\n\t<meta name=\"twitter:data1\" content=\"1 minute\" \/>\n<script type=\"application\/ld+json\" class=\"yoast-schema-graph\">{\"@context\":\"https:\\\/\\\/schema.org\",\"@graph\":[{\"@type\":\"WebPage\",\"@id\":\"https:\\\/\\\/xkodas.com\\\/en\\\/shop\\\/iloq-ismaniosios-spynos\\\/d5s-400-sb-europrofilio-cilindras-su-uzpildymu-viduje-30-30-mm\\\/\",\"url\":\"https:\\\/\\\/xkodas.com\\\/en\\\/shop\\\/iloq-ismaniosios-spynos\\\/d5s-400-sb-europrofilio-cilindras-su-uzpildymu-viduje-30-30-mm\\\/\",\"name\":\"D5S.400.SB Europrofilio cilindras su u\u017epildymu viduje (30\\\/30 mm) - Xkodas\",\"isPartOf\":{\"@id\":\"https:\\\/\\\/xkodas.com\\\/en\\\/#website\"},\"primaryImageOfPage\":{\"@id\":\"https:\\\/\\\/xkodas.com\\\/en\\\/shop\\\/iloq-ismaniosios-spynos\\\/d5s-400-sb-europrofilio-cilindras-su-uzpildymu-viduje-30-30-mm\\\/#primaryimage\"},\"image\":{\"@id\":\"https:\\\/\\\/xkodas.com\\\/en\\\/shop\\\/iloq-ismaniosios-spynos\\\/d5s-400-sb-europrofilio-cilindras-su-uzpildymu-viduje-30-30-mm\\\/#primaryimage\"},\"thumbnailUrl\":\"https:\\\/\\\/xkodas.com\\\/wp-content\\\/uploads\\\/2024\\\/10\\\/D5S.400.SB-product.png\",\"datePublished\":\"2024-10-28T08:00:36+00:00\",\"dateModified\":\"2024-11-18T13:24:32+00:00\",\"breadcrumb\":{\"@id\":\"https:\\\/\\\/xkodas.com\\\/en\\\/shop\\\/iloq-ismaniosios-spynos\\\/d5s-400-sb-europrofilio-cilindras-su-uzpildymu-viduje-30-30-mm\\\/#breadcrumb\"},\"inLanguage\":\"en-GB\",\"potentialAction\":[{\"@type\":\"ReadAction\",\"target\":[\"https:\\\/\\\/xkodas.com\\\/en\\\/shop\\\/iloq-ismaniosios-spynos\\\/d5s-400-sb-europrofilio-cilindras-su-uzpildymu-viduje-30-30-mm\\\/\"]}]},{\"@type\":\"ImageObject\",\"inLanguage\":\"en-GB\",\"@id\":\"https:\\\/\\\/xkodas.com\\\/en\\\/shop\\\/iloq-ismaniosios-spynos\\\/d5s-400-sb-europrofilio-cilindras-su-uzpildymu-viduje-30-30-mm\\\/#primaryimage\",\"url\":\"https:\\\/\\\/xkodas.com\\\/wp-content\\\/uploads\\\/2024\\\/10\\\/D5S.400.SB-product.png\",\"contentUrl\":\"https:\\\/\\\/xkodas.com\\\/wp-content\\\/uploads\\\/2024\\\/10\\\/D5S.400.SB-product.png\",\"width\":1000,\"height\":1000},{\"@type\":\"BreadcrumbList\",\"@id\":\"https:\\\/\\\/xkodas.com\\\/en\\\/shop\\\/iloq-ismaniosios-spynos\\\/d5s-400-sb-europrofilio-cilindras-su-uzpildymu-viduje-30-30-mm\\\/#breadcrumb\",\"itemListElement\":[{\"@type\":\"ListItem\",\"position\":1,\"name\":\"Home\",\"item\":\"https:\\\/\\\/xkodas.com\\\/en\\\/ismaniosios-spynos-visu-tipu-raktai-seifai-xkodas\\\/\"},{\"@type\":\"ListItem\",\"position\":2,\"name\":\"Parduotuv\u0117\",\"item\":\"https:\\\/\\\/xkodas.com\\\/parduotuve\\\/\"},{\"@type\":\"ListItem\",\"position\":3,\"name\":\"D5S.400.SB Europrofilio cilindras su u\u017epildymu viduje (30\\\/30 mm)\"}]},{\"@type\":\"WebSite\",\"@id\":\"https:\\\/\\\/xkodas.com\\\/en\\\/#website\",\"url\":\"https:\\\/\\\/xkodas.com\\\/en\\\/\",\"name\":\"Xkodas\",\"description\":\"I\u0161maniosios spynos, rakt\u0173 gamyba, saugos sistemos\",\"publisher\":{\"@id\":\"https:\\\/\\\/xkodas.com\\\/en\\\/#organization\"},\"potentialAction\":[{\"@type\":\"SearchAction\",\"target\":{\"@type\":\"EntryPoint\",\"urlTemplate\":\"https:\\\/\\\/xkodas.com\\\/en\\\/?s={search_term_string}\"},\"query-input\":{\"@type\":\"PropertyValueSpecification\",\"valueRequired\":true,\"valueName\":\"search_term_string\"}}],\"inLanguage\":\"en-GB\"},{\"@type\":\"Organization\",\"@id\":\"https:\\\/\\\/xkodas.com\\\/en\\\/#organization\",\"name\":\"Xkodas\",\"url\":\"https:\\\/\\\/xkodas.com\\\/en\\\/\",\"logo\":{\"@type\":\"ImageObject\",\"inLanguage\":\"en-GB\",\"@id\":\"https:\\\/\\\/xkodas.com\\\/en\\\/#\\\/schema\\\/logo\\\/image\\\/\",\"url\":\"http:\\\/\\\/xkodas.com\\\/wp-content\\\/uploads\\\/2020\\\/02\\\/Xkodas_logo_baltas_500x500-2.jpg\",\"contentUrl\":\"http:\\\/\\\/xkodas.com\\\/wp-content\\\/uploads\\\/2020\\\/02\\\/Xkodas_logo_baltas_500x500-2.jpg\",\"width\":100,\"height\":100,\"caption\":\"Xkodas\"},\"image\":{\"@id\":\"https:\\\/\\\/xkodas.com\\\/en\\\/#\\\/schema\\\/logo\\\/image\\\/\"},\"sameAs\":[\"https:\\\/\\\/www.facebook.com\\\/xkodas.lt\"]}]}<\/script>\n<!-- \/ Yoast SEO plugin. -->","yoast_head_json":{"title":"D5S.400.SB Europrofilio cilindras su u\u017epildymu viduje (30\/30 mm) - Xkodas","robots":{"index":"index","follow":"follow","max-snippet":"max-snippet:-1","max-image-preview":"max-image-preview:large","max-video-preview":"max-video-preview:-1"},"canonical":"https:\/\/xkodas.com\/en\/shop\/iloq-ismaniosios-spynos\/d5s-400-sb-europrofilio-cilindras-su-uzpildymu-viduje-30-30-mm\/","og_locale":"en_GB","og_type":"article","og_title":"D5S.400.SB Europrofilio cilindras su u\u017epildymu viduje (30\/30 mm) - Xkodas","og_description":"\u201eiLOQ S5\u201c sistema su autonominiu maitinimu - tai naujos kartos u\u017erakt\u0173 sistema, kuri pakei\u010dia sunkiai valdomas mechanines spynas ir elektromechanines spynas, priklausan\u010dias nuo i\u0161orinio maitinimo \u0161altinio, pvz., baterij\u0173. \u0160i itin \u0161ifruota sistema suteikia galimyb\u0119 lanks\u010diai ir saugiai valdyti prieig\u0105 ir u\u017etikrina auk\u0161t\u0105 saugum\u0105 tokiose reikliose patalpose kaip komercin\u0117s paskirties nekilnojamasis turtas, biur\u0173 pastatai ir gyvenam\u0173j\u0173 nam\u0173 asociacijos.  Energij\u0105 iLOQ D5S spyn\u0173 cilindrams suteikia rakto \u012fki\u0161imo \u012f spynos cilindr\u0105 judesys. Tod\u0117l nereikia joki\u0173 baterij\u0173 ar kabeli\u0173. Kadangi nereikia baterij\u0173, prie\u017ei\u016bros ir gyvavimo ciklo i\u0161laidos yra gerokai ma\u017eesn\u0117s nei mechanini\u0173 ar akumuliatorini\u0173 elektromechanini\u0173 spyn\u0173 sistem\u0173.  Spynos cilindrai veikia kaip \u201eiLOQ D2D\u201c tinklo dalis, tod\u0117l galima greitai ir lengvai i\u0161imti i\u0161 sistemos pamestus raktus, keisti prieigos teises ir sekti \u017eurnalo \u012fvykius.  \u201eiLOQ S5\u201c produkt\u0173 \u0161eima apima cilindrus, pakabinamas spynas, bald\u0173 spynas ir kt. Sistem\u0105 iLOQ S5 taip pat galima i\u0161pl\u0117sti iki nuotolin\u0117s prieigos kontrol\u0117s sistemos su produktais \u201eiLOQ Online\u201c.  Funkcij\u0173 santrauka - be baterij\u0173 veikiantis skaitmeninis u\u017erakto cilindras, skirtas \u201eiLOQ S5\u201c u\u017erakt\u0173 sistemai  - Spynai nereikia baterij\u0173 ar laid\u0173  - Galingas ir saugus AES-256 \u0161ifravimas, skirtas bendram spynos ir rakto autenti\u0161kumo nustatymui  - B\u016bdamas D2D tinklo dalis, jis veikia kaip informacijos imtuvas ir duomen\u0173 dalintojas  - Pradinis programavimas per kompiuter\u012f naudojant prie serverio prijungt\u0105 programavimo \u017eeton\u0105 \u201eiLOQ P55S.1\u201c.  - Modulin\u0117 konstrukcija leid\u017eia lengvai sukonfig\u016bruoti pus\u0117s, dvigubos arba pasukamos ranken\u0117l\u0117s versij\u0105 ir reguliuoti cilindro ilg\u012f.  - Ilg\u012f galima prailginti 5 mm \u017eingsniais iki 70 mm (elektronin\u0117 pus\u0117)  - U\u017eraktas gali b\u016bti nustatytas su prieigos zonomis, skirtomis u\u017erakt\u0173 grup\u0117ms arba atskiriems u\u017eraktams  - Programuojama spyna atidaroma suderinamu K5S raktu  - Blokavimo s\u0105ra\u0161as pavieniams pamestiems raktams  - Atidarym\u0173 ir bandym\u0173 atidaryti registravimo atmintis (laiko \u017eymos su RTC)  - Palaikomi laiko apribojimai laiko profili\u0173 pavidalu (su RTC)  - Perprogramavimas naudojant K5S raktus arba programavimo \u017eeton\u0105 P55S.1  - Atnaujinama programin\u0117 \u012franga","og_url":"https:\/\/xkodas.com\/en\/shop\/iloq-ismaniosios-spynos\/d5s-400-sb-europrofilio-cilindras-su-uzpildymu-viduje-30-30-mm\/","og_site_name":"Xkodas","article_publisher":"https:\/\/www.facebook.com\/xkodas.lt","article_modified_time":"2024-11-18T13:24:32+00:00","og_image":[{"width":1000,"height":1000,"url":"https:\/\/xkodas.com\/wp-content\/uploads\/2024\/10\/D5S.400.SB-product.png","type":"image\/png"}],"twitter_card":"summary_large_image","twitter_misc":{"Estimated reading time":"1 minute"},"schema":{"@context":"https:\/\/schema.org","@graph":[{"@type":"WebPage","@id":"https:\/\/xkodas.com\/en\/shop\/iloq-ismaniosios-spynos\/d5s-400-sb-europrofilio-cilindras-su-uzpildymu-viduje-30-30-mm\/","url":"https:\/\/xkodas.com\/en\/shop\/iloq-ismaniosios-spynos\/d5s-400-sb-europrofilio-cilindras-su-uzpildymu-viduje-30-30-mm\/","name":"D5S.400.SB Europrofilio cilindras su u\u017epildymu viduje (30\/30 mm) - Xkodas","isPartOf":{"@id":"https:\/\/xkodas.com\/en\/#website"},"primaryImageOfPage":{"@id":"https:\/\/xkodas.com\/en\/shop\/iloq-ismaniosios-spynos\/d5s-400-sb-europrofilio-cilindras-su-uzpildymu-viduje-30-30-mm\/#primaryimage"},"image":{"@id":"https:\/\/xkodas.com\/en\/shop\/iloq-ismaniosios-spynos\/d5s-400-sb-europrofilio-cilindras-su-uzpildymu-viduje-30-30-mm\/#primaryimage"},"thumbnailUrl":"https:\/\/xkodas.com\/wp-content\/uploads\/2024\/10\/D5S.400.SB-product.png","datePublished":"2024-10-28T08:00:36+00:00","dateModified":"2024-11-18T13:24:32+00:00","breadcrumb":{"@id":"https:\/\/xkodas.com\/en\/shop\/iloq-ismaniosios-spynos\/d5s-400-sb-europrofilio-cilindras-su-uzpildymu-viduje-30-30-mm\/#breadcrumb"},"inLanguage":"en-GB","potentialAction":[{"@type":"ReadAction","target":["https:\/\/xkodas.com\/en\/shop\/iloq-ismaniosios-spynos\/d5s-400-sb-europrofilio-cilindras-su-uzpildymu-viduje-30-30-mm\/"]}]},{"@type":"ImageObject","inLanguage":"en-GB","@id":"https:\/\/xkodas.com\/en\/shop\/iloq-ismaniosios-spynos\/d5s-400-sb-europrofilio-cilindras-su-uzpildymu-viduje-30-30-mm\/#primaryimage","url":"https:\/\/xkodas.com\/wp-content\/uploads\/2024\/10\/D5S.400.SB-product.png","contentUrl":"https:\/\/xkodas.com\/wp-content\/uploads\/2024\/10\/D5S.400.SB-product.png","width":1000,"height":1000},{"@type":"BreadcrumbList","@id":"https:\/\/xkodas.com\/en\/shop\/iloq-ismaniosios-spynos\/d5s-400-sb-europrofilio-cilindras-su-uzpildymu-viduje-30-30-mm\/#breadcrumb","itemListElement":[{"@type":"ListItem","position":1,"name":"Home","item":"https:\/\/xkodas.com\/en\/ismaniosios-spynos-visu-tipu-raktai-seifai-xkodas\/"},{"@type":"ListItem","position":2,"name":"Parduotuv\u0117","item":"https:\/\/xkodas.com\/parduotuve\/"},{"@type":"ListItem","position":3,"name":"D5S.400.SB Europrofilio cilindras su u\u017epildymu viduje (30\/30 mm)"}]},{"@type":"WebSite","@id":"https:\/\/xkodas.com\/en\/#website","url":"https:\/\/xkodas.com\/en\/","name":"Xkodas","description":"I\u0161maniosios spynos, rakt\u0173 gamyba, saugos sistemos","publisher":{"@id":"https:\/\/xkodas.com\/en\/#organization"},"potentialAction":[{"@type":"SearchAction","target":{"@type":"EntryPoint","urlTemplate":"https:\/\/xkodas.com\/en\/?s={search_term_string}"},"query-input":{"@type":"PropertyValueSpecification","valueRequired":true,"valueName":"search_term_string"}}],"inLanguage":"en-GB"},{"@type":"Organization","@id":"https:\/\/xkodas.com\/en\/#organization","name":"Xkodas","url":"https:\/\/xkodas.com\/en\/","logo":{"@type":"ImageObject","inLanguage":"en-GB","@id":"https:\/\/xkodas.com\/en\/#\/schema\/logo\/image\/","url":"http:\/\/xkodas.com\/wp-content\/uploads\/2020\/02\/Xkodas_logo_baltas_500x500-2.jpg","contentUrl":"http:\/\/xkodas.com\/wp-content\/uploads\/2020\/02\/Xkodas_logo_baltas_500x500-2.jpg","width":100,"height":100,"caption":"Xkodas"},"image":{"@id":"https:\/\/xkodas.com\/en\/#\/schema\/logo\/image\/"},"sameAs":["https:\/\/www.facebook.com\/xkodas.lt"]}]}},"_links":{"self":[{"href":"https:\/\/xkodas.com\/en\/wp-json\/wp\/v2\/product\/19254","targetHints":{"allow":["GET"]}}],"collection":[{"href":"https:\/\/xkodas.com\/en\/wp-json\/wp\/v2\/product"}],"about":[{"href":"https:\/\/xkodas.com\/en\/wp-json\/wp\/v2\/types\/product"}],"wp:featuredmedia":[{"embeddable":true,"href":"https:\/\/xkodas.com\/en\/wp-json\/wp\/v2\/media\/20137"}],"wp:attachment":[{"href":"https:\/\/xkodas.com\/en\/wp-json\/wp\/v2\/media?parent=19254"}],"wp:term":[{"taxonomy":"product_brand","embeddable":true,"href":"https:\/\/xkodas.com\/en\/wp-json\/wp\/v2\/product_brand?post=19254"},{"taxonomy":"product_cat","embeddable":true,"href":"https:\/\/xkodas.com\/en\/wp-json\/wp\/v2\/product_cat?post=19254"},{"taxonomy":"product_tag","embeddable":true,"href":"https:\/\/xkodas.com\/en\/wp-json\/wp\/v2\/product_tag?post=19254"}],"curies":[{"name":"wp","href":"https:\/\/api.w.org\/{rel}","templated":true}]}}