{"id":19242,"date":"2024-10-28T07:50:13","date_gmt":"2024-10-28T07:50:13","guid":{"rendered":"https:\/\/xkodas.com\/?post_type=product&#038;p=19242"},"modified":"2024-11-18T13:18:26","modified_gmt":"2024-11-18T13:18:26","slug":"k55s-2-raktu-pakabukas","status":"publish","type":"product","link":"https:\/\/xkodas.com\/en\/shop\/iloq-ismaniosios-spynos\/k55s-2-raktu-pakabukas\/","title":{"rendered":"K55S.2 Rakt\u0173 pakabukas"},"content":{"rendered":"","protected":false},"excerpt":{"rendered":"<p>Patentuota, apdovanojimus pelniusi \u201eiLOQ 5\u201c serijos u\u017erakt\u0173 sistema u\u017etikrina pa\u017eangi\u0105 apsaug\u0105 ir patogias prieigos dalijimosi funkcijas pagrindinio rakto u\u017erakto aplinkoje.<\/p>\n<p>Raktas \u201eiLOQ K55S.2 Key Fob\u201c naudojamas \u201eiLOQ S50\u201c skaitmenin\u0117ms spynoms ir NFC skaitytuvams valdyti \u201eiLOQ 5 Series\u201c u\u017erakt\u0173 sistemoje naudotojams, neturintiems suderinamo i\u0161maniojo telefono su NFC funkcija atrakinimui. Atidarymo metu \u201eKey Fob\u201c per NFC lauk\u0105 tiekia reikiam\u0105 veikimo energij\u0105 spynai, tod\u0117l spynoms nereikia atskiro maitinimo \u0161altinio.<\/p>\n<p>Rakt\u0173 pultelyje yra \u012fkraunama baterija. Vien\u0105 kart\u0105 \u012fkrautos baterijos u\u017eteks 5000 atidarym\u0173 arba iki 2 met\u0173 bud\u0117jimo re\u017eimu. Kai prietais\u0105 reik\u0117s \u012fkrauti, jis informuos naudotojus likus kelioms savait\u0117ms iki \u012fkrovimo. \u0160i funkcija padeda naudotojams i\u0161vengti situacij\u0173, kai energijos lygis yra per \u017eemas, kad b\u016bt\u0173 galima atidaryti spynas svetain\u0117se. Rakt\u0173 pultel\u012f galima \u012fkrauti \u012fprastai naudojamu C tipo USB kabeliu. Rakt\u0173 d\u0117klas sukurtas at\u0161iaurioms aplinkos ir klimato s\u0105lygoms, i\u0161likdamas atsparus vandeniui ir dulk\u0117ms.<\/p>\n<p>Kiekvienas \u201eiLOQ K55S.2\u201c rakt\u0173 ry\u0161ulys gali tur\u0117ti 210 prieigos teisi\u0173, 10 skirting\u0173 laiko interval\u0173 ir i\u0161saugoti 200 naujausi\u0173 rakt\u0173 atidarymo \u012fvyki\u0173. I\u0161 rakto renkama ir \u012f \u201eiLOQ Cloud\u201c siun\u010diama 10 paskutin\u012f kart\u0105 aplankyt\u0173 \u201eiLOQ S50\u201c spyn\u0173 b\u016bsena (\u012fvykiai ir blokavimo s\u0105ra\u0161as), kai raktas naudojamas su \u201eiLOQ Online\u201c komponentais. Savo ruo\u017etu \u201eiLOQ K55S.2\u201c rakt\u0173 d\u0117klas i\u0161 NFC skaitytuv\u0173 visada gauna naujausi\u0105 laiko ir blok\u0173 s\u0105ra\u0161o informacij\u0105, kuri v\u0117liau perduodama \u201eiLOQ S50\u201c spynoms, kai rakt\u0173 d\u0117klas naudojamas su jomis. \u201eiLOQ K55S.2 Key Fob\u201c prieigos teises ir laiko apribojimus galima atnaujinti ir at\u0161aukti nuotoliniu b\u016bdu per \u201aiLOQ Online\u2018 ir jo NFC skaitytuvus, i\u0161man\u0173j\u012f telefon\u0105 arba vietoje, administratoriui naudojant P55S programavimo rakt\u0105.<\/p>\n<p>Funkcij\u0173 santrauka<br \/>\n&#8211; \u012ekraunamas skaitmeninis raktas, skirtas iLOQ 5 serijos u\u017erakt\u0173 sistemai<\/p>\n<p>&#8211; Apsaugotas naudojant AES-256 \u0161ifravim\u0105<\/p>\n<p>&#8211; Programuojama naudojant \u201eiLOQ Manager\u201c &#8211; programin\u0119 \u012frang\u0105 su konkre\u010diai sistemai skirtu programavimo raktu<\/p>\n<p>&#8211; Pakartotinis programavimas naudojant programavimo rakt\u0105, naudojant iLOQ online arba S50 Phone Key program\u0105<\/p>\n<p>&#8211; Kiekvienas raktas turi unikal\u0173 identifikatori\u0173 ir gali b\u016bti individualiai blokuojamas<\/p>\n<p>&#8211; Palaikomi galiojimo laiko ir universal\u016bs laiko apribojimai<\/p>\n<p>&#8211; Priima ir perduoda blok\u0173 s\u0105ra\u0161\u0105 i\u0161\/\u012f u\u017eraktus, kai naudojamas neprisijungus<\/p>\n<p>&#8211; Tvirta, sandari konstrukcija, tinkanti at\u0161iaurioms s\u0105lygoms, su \u0161viesos diod\u0173 b\u016bsenos indikacija<\/p>\n<p>&#8211; Galima individualizuoti spalvotu kai\u0161\u010diu<\/p>\n<p>&#8211; Lazeriu \u012fspausta viena raid\u0117 ir keturi\u0173 skaitmen\u0173 atsitiktinis skai\u010dius<\/p>\n<p>USB Type-C\u00ae ir USB-C\u00ae yra registruotieji \u201eUSB Implementers Forum\u201c preki\u0173 \u017eenklai<\/p>","protected":false},"featured_media":20129,"template":"","meta":{"_monsterinsights_skip_tracking":false,"_monsterinsights_sitenote_active":false,"_monsterinsights_sitenote_note":"","_monsterinsights_sitenote_category":0},"product_brand":[],"product_cat":[579],"product_tag":[],"class_list":{"0":"post-19242","1":"product","2":"type-product","3":"status-publish","4":"has-post-thumbnail","6":"product_cat-iloq-ismaniosios-spynos","8":"first","9":"instock","10":"taxable","11":"shipping-taxable","12":"product-type-simple"},"yoast_head":"<!-- This site is optimized with the Yoast SEO plugin v27.4 - https:\/\/yoast.com\/product\/yoast-seo-wordpress\/ -->\n<title>K55S.2 Rakt\u0173 pakabukas - Xkodas<\/title>\n<meta name=\"robots\" content=\"index, follow, max-snippet:-1, max-image-preview:large, max-video-preview:-1\" \/>\n<link rel=\"canonical\" href=\"https:\/\/xkodas.com\/en\/shop\/iloq-ismaniosios-spynos\/k55s-2-raktu-pakabukas\/\" \/>\n<meta property=\"og:locale\" content=\"en_GB\" \/>\n<meta property=\"og:type\" content=\"article\" \/>\n<meta property=\"og:title\" content=\"K55S.2 Rakt\u0173 pakabukas - Xkodas\" \/>\n<meta property=\"og:description\" content=\"Patentuota, apdovanojimus pelniusi \u201eiLOQ 5\u201c serijos u\u017erakt\u0173 sistema u\u017etikrina pa\u017eangi\u0105 apsaug\u0105 ir patogias prieigos dalijimosi funkcijas pagrindinio rakto u\u017erakto aplinkoje.  Raktas \u201eiLOQ K55S.2 Key Fob\u201c naudojamas \u201eiLOQ S50\u201c skaitmenin\u0117ms spynoms ir NFC skaitytuvams valdyti \u201eiLOQ 5 Series\u201c u\u017erakt\u0173 sistemoje naudotojams, neturintiems suderinamo i\u0161maniojo telefono su NFC funkcija atrakinimui. Atidarymo metu \u201eKey Fob\u201c per NFC lauk\u0105 tiekia reikiam\u0105 veikimo energij\u0105 spynai, tod\u0117l spynoms nereikia atskiro maitinimo \u0161altinio.  Rakt\u0173 pultelyje yra \u012fkraunama baterija. Vien\u0105 kart\u0105 \u012fkrautos baterijos u\u017eteks 5000 atidarym\u0173 arba iki 2 met\u0173 bud\u0117jimo re\u017eimu. Kai prietais\u0105 reik\u0117s \u012fkrauti, jis informuos naudotojus likus kelioms savait\u0117ms iki \u012fkrovimo. \u0160i funkcija padeda naudotojams i\u0161vengti situacij\u0173, kai energijos lygis yra per \u017eemas, kad b\u016bt\u0173 galima atidaryti spynas svetain\u0117se. Rakt\u0173 pultel\u012f galima \u012fkrauti \u012fprastai naudojamu C tipo USB kabeliu. Rakt\u0173 d\u0117klas sukurtas at\u0161iaurioms aplinkos ir klimato s\u0105lygoms, i\u0161likdamas atsparus vandeniui ir dulk\u0117ms.  Kiekvienas \u201eiLOQ K55S.2\u201c rakt\u0173 ry\u0161ulys gali tur\u0117ti 210 prieigos teisi\u0173, 10 skirting\u0173 laiko interval\u0173 ir i\u0161saugoti 200 naujausi\u0173 rakt\u0173 atidarymo \u012fvyki\u0173. I\u0161 rakto renkama ir \u012f \u201eiLOQ Cloud\u201c siun\u010diama 10 paskutin\u012f kart\u0105 aplankyt\u0173 \u201eiLOQ S50\u201c spyn\u0173 b\u016bsena (\u012fvykiai ir blokavimo s\u0105ra\u0161as), kai raktas naudojamas su \u201eiLOQ Online\u201c komponentais. Savo ruo\u017etu \u201eiLOQ K55S.2\u201c rakt\u0173 d\u0117klas i\u0161 NFC skaitytuv\u0173 visada gauna naujausi\u0105 laiko ir blok\u0173 s\u0105ra\u0161o informacij\u0105, kuri v\u0117liau perduodama \u201eiLOQ S50\u201c spynoms, kai rakt\u0173 d\u0117klas naudojamas su jomis. \u201eiLOQ K55S.2 Key Fob\u201c prieigos teises ir laiko apribojimus galima atnaujinti ir at\u0161aukti nuotoliniu b\u016bdu per \u201aiLOQ Online\u2018 ir jo NFC skaitytuvus, i\u0161man\u0173j\u012f telefon\u0105 arba vietoje, administratoriui naudojant P55S programavimo rakt\u0105.  Funkcij\u0173 santrauka - \u012ekraunamas skaitmeninis raktas, skirtas iLOQ 5 serijos u\u017erakt\u0173 sistemai  - Apsaugotas naudojant AES-256 \u0161ifravim\u0105  - Programuojama naudojant \u201eiLOQ Manager\u201c - programin\u0119 \u012frang\u0105 su konkre\u010diai sistemai skirtu programavimo raktu  - Pakartotinis programavimas naudojant programavimo rakt\u0105, naudojant iLOQ online arba S50 Phone Key program\u0105  - Kiekvienas raktas turi unikal\u0173 identifikatori\u0173 ir gali b\u016bti individualiai blokuojamas  - Palaikomi galiojimo laiko ir universal\u016bs laiko apribojimai  - Priima ir perduoda blok\u0173 s\u0105ra\u0161\u0105 i\u0161\/\u012f u\u017eraktus, kai naudojamas neprisijungus  - Tvirta, sandari konstrukcija, tinkanti at\u0161iaurioms s\u0105lygoms, su \u0161viesos diod\u0173 b\u016bsenos indikacija  - Galima individualizuoti spalvotu kai\u0161\u010diu  - Lazeriu \u012fspausta viena raid\u0117 ir keturi\u0173 skaitmen\u0173 atsitiktinis skai\u010dius  USB Type-C\u00ae ir USB-C\u00ae yra registruotieji \u201eUSB Implementers Forum\u201c preki\u0173 \u017eenklai\" \/>\n<meta property=\"og:url\" content=\"https:\/\/xkodas.com\/en\/shop\/iloq-ismaniosios-spynos\/k55s-2-raktu-pakabukas\/\" \/>\n<meta property=\"og:site_name\" content=\"Xkodas\" \/>\n<meta property=\"article:publisher\" content=\"https:\/\/www.facebook.com\/xkodas.lt\" \/>\n<meta property=\"article:modified_time\" content=\"2024-11-18T13:18:26+00:00\" \/>\n<meta property=\"og:image\" content=\"https:\/\/xkodas.com\/wp-content\/uploads\/2024\/10\/K55S.2-product.png\" \/>\n\t<meta property=\"og:image:width\" content=\"1000\" \/>\n\t<meta property=\"og:image:height\" content=\"1000\" \/>\n\t<meta property=\"og:image:type\" content=\"image\/png\" \/>\n<meta name=\"twitter:card\" content=\"summary_large_image\" \/>\n<meta name=\"twitter:label1\" content=\"Estimated reading time\" \/>\n\t<meta name=\"twitter:data1\" content=\"1 minute\" \/>\n<script type=\"application\/ld+json\" class=\"yoast-schema-graph\">{\"@context\":\"https:\\\/\\\/schema.org\",\"@graph\":[{\"@type\":\"WebPage\",\"@id\":\"https:\\\/\\\/xkodas.com\\\/en\\\/shop\\\/iloq-ismaniosios-spynos\\\/k55s-2-raktu-pakabukas\\\/\",\"url\":\"https:\\\/\\\/xkodas.com\\\/en\\\/shop\\\/iloq-ismaniosios-spynos\\\/k55s-2-raktu-pakabukas\\\/\",\"name\":\"K55S.2 Rakt\u0173 pakabukas - Xkodas\",\"isPartOf\":{\"@id\":\"https:\\\/\\\/xkodas.com\\\/en\\\/#website\"},\"primaryImageOfPage\":{\"@id\":\"https:\\\/\\\/xkodas.com\\\/en\\\/shop\\\/iloq-ismaniosios-spynos\\\/k55s-2-raktu-pakabukas\\\/#primaryimage\"},\"image\":{\"@id\":\"https:\\\/\\\/xkodas.com\\\/en\\\/shop\\\/iloq-ismaniosios-spynos\\\/k55s-2-raktu-pakabukas\\\/#primaryimage\"},\"thumbnailUrl\":\"https:\\\/\\\/xkodas.com\\\/wp-content\\\/uploads\\\/2024\\\/10\\\/K55S.2-product.png\",\"datePublished\":\"2024-10-28T07:50:13+00:00\",\"dateModified\":\"2024-11-18T13:18:26+00:00\",\"breadcrumb\":{\"@id\":\"https:\\\/\\\/xkodas.com\\\/en\\\/shop\\\/iloq-ismaniosios-spynos\\\/k55s-2-raktu-pakabukas\\\/#breadcrumb\"},\"inLanguage\":\"en-GB\",\"potentialAction\":[{\"@type\":\"ReadAction\",\"target\":[\"https:\\\/\\\/xkodas.com\\\/en\\\/shop\\\/iloq-ismaniosios-spynos\\\/k55s-2-raktu-pakabukas\\\/\"]}]},{\"@type\":\"ImageObject\",\"inLanguage\":\"en-GB\",\"@id\":\"https:\\\/\\\/xkodas.com\\\/en\\\/shop\\\/iloq-ismaniosios-spynos\\\/k55s-2-raktu-pakabukas\\\/#primaryimage\",\"url\":\"https:\\\/\\\/xkodas.com\\\/wp-content\\\/uploads\\\/2024\\\/10\\\/K55S.2-product.png\",\"contentUrl\":\"https:\\\/\\\/xkodas.com\\\/wp-content\\\/uploads\\\/2024\\\/10\\\/K55S.2-product.png\",\"width\":1000,\"height\":1000},{\"@type\":\"BreadcrumbList\",\"@id\":\"https:\\\/\\\/xkodas.com\\\/en\\\/shop\\\/iloq-ismaniosios-spynos\\\/k55s-2-raktu-pakabukas\\\/#breadcrumb\",\"itemListElement\":[{\"@type\":\"ListItem\",\"position\":1,\"name\":\"Home\",\"item\":\"https:\\\/\\\/xkodas.com\\\/en\\\/ismaniosios-spynos-visu-tipu-raktai-seifai-xkodas\\\/\"},{\"@type\":\"ListItem\",\"position\":2,\"name\":\"Parduotuv\u0117\",\"item\":\"https:\\\/\\\/xkodas.com\\\/parduotuve\\\/\"},{\"@type\":\"ListItem\",\"position\":3,\"name\":\"K55S.2 Rakt\u0173 pakabukas\"}]},{\"@type\":\"WebSite\",\"@id\":\"https:\\\/\\\/xkodas.com\\\/en\\\/#website\",\"url\":\"https:\\\/\\\/xkodas.com\\\/en\\\/\",\"name\":\"Xkodas\",\"description\":\"I\u0161maniosios spynos, rakt\u0173 gamyba, saugos sistemos\",\"publisher\":{\"@id\":\"https:\\\/\\\/xkodas.com\\\/en\\\/#organization\"},\"potentialAction\":[{\"@type\":\"SearchAction\",\"target\":{\"@type\":\"EntryPoint\",\"urlTemplate\":\"https:\\\/\\\/xkodas.com\\\/en\\\/?s={search_term_string}\"},\"query-input\":{\"@type\":\"PropertyValueSpecification\",\"valueRequired\":true,\"valueName\":\"search_term_string\"}}],\"inLanguage\":\"en-GB\"},{\"@type\":\"Organization\",\"@id\":\"https:\\\/\\\/xkodas.com\\\/en\\\/#organization\",\"name\":\"Xkodas\",\"url\":\"https:\\\/\\\/xkodas.com\\\/en\\\/\",\"logo\":{\"@type\":\"ImageObject\",\"inLanguage\":\"en-GB\",\"@id\":\"https:\\\/\\\/xkodas.com\\\/en\\\/#\\\/schema\\\/logo\\\/image\\\/\",\"url\":\"http:\\\/\\\/xkodas.com\\\/wp-content\\\/uploads\\\/2020\\\/02\\\/Xkodas_logo_baltas_500x500-2.jpg\",\"contentUrl\":\"http:\\\/\\\/xkodas.com\\\/wp-content\\\/uploads\\\/2020\\\/02\\\/Xkodas_logo_baltas_500x500-2.jpg\",\"width\":100,\"height\":100,\"caption\":\"Xkodas\"},\"image\":{\"@id\":\"https:\\\/\\\/xkodas.com\\\/en\\\/#\\\/schema\\\/logo\\\/image\\\/\"},\"sameAs\":[\"https:\\\/\\\/www.facebook.com\\\/xkodas.lt\"]}]}<\/script>\n<!-- \/ Yoast SEO plugin. -->","yoast_head_json":{"title":"K55S.2 Rakt\u0173 pakabukas - Xkodas","robots":{"index":"index","follow":"follow","max-snippet":"max-snippet:-1","max-image-preview":"max-image-preview:large","max-video-preview":"max-video-preview:-1"},"canonical":"https:\/\/xkodas.com\/en\/shop\/iloq-ismaniosios-spynos\/k55s-2-raktu-pakabukas\/","og_locale":"en_GB","og_type":"article","og_title":"K55S.2 Rakt\u0173 pakabukas - Xkodas","og_description":"Patentuota, apdovanojimus pelniusi \u201eiLOQ 5\u201c serijos u\u017erakt\u0173 sistema u\u017etikrina pa\u017eangi\u0105 apsaug\u0105 ir patogias prieigos dalijimosi funkcijas pagrindinio rakto u\u017erakto aplinkoje.  Raktas \u201eiLOQ K55S.2 Key Fob\u201c naudojamas \u201eiLOQ S50\u201c skaitmenin\u0117ms spynoms ir NFC skaitytuvams valdyti \u201eiLOQ 5 Series\u201c u\u017erakt\u0173 sistemoje naudotojams, neturintiems suderinamo i\u0161maniojo telefono su NFC funkcija atrakinimui. Atidarymo metu \u201eKey Fob\u201c per NFC lauk\u0105 tiekia reikiam\u0105 veikimo energij\u0105 spynai, tod\u0117l spynoms nereikia atskiro maitinimo \u0161altinio.  Rakt\u0173 pultelyje yra \u012fkraunama baterija. Vien\u0105 kart\u0105 \u012fkrautos baterijos u\u017eteks 5000 atidarym\u0173 arba iki 2 met\u0173 bud\u0117jimo re\u017eimu. Kai prietais\u0105 reik\u0117s \u012fkrauti, jis informuos naudotojus likus kelioms savait\u0117ms iki \u012fkrovimo. \u0160i funkcija padeda naudotojams i\u0161vengti situacij\u0173, kai energijos lygis yra per \u017eemas, kad b\u016bt\u0173 galima atidaryti spynas svetain\u0117se. Rakt\u0173 pultel\u012f galima \u012fkrauti \u012fprastai naudojamu C tipo USB kabeliu. Rakt\u0173 d\u0117klas sukurtas at\u0161iaurioms aplinkos ir klimato s\u0105lygoms, i\u0161likdamas atsparus vandeniui ir dulk\u0117ms.  Kiekvienas \u201eiLOQ K55S.2\u201c rakt\u0173 ry\u0161ulys gali tur\u0117ti 210 prieigos teisi\u0173, 10 skirting\u0173 laiko interval\u0173 ir i\u0161saugoti 200 naujausi\u0173 rakt\u0173 atidarymo \u012fvyki\u0173. I\u0161 rakto renkama ir \u012f \u201eiLOQ Cloud\u201c siun\u010diama 10 paskutin\u012f kart\u0105 aplankyt\u0173 \u201eiLOQ S50\u201c spyn\u0173 b\u016bsena (\u012fvykiai ir blokavimo s\u0105ra\u0161as), kai raktas naudojamas su \u201eiLOQ Online\u201c komponentais. Savo ruo\u017etu \u201eiLOQ K55S.2\u201c rakt\u0173 d\u0117klas i\u0161 NFC skaitytuv\u0173 visada gauna naujausi\u0105 laiko ir blok\u0173 s\u0105ra\u0161o informacij\u0105, kuri v\u0117liau perduodama \u201eiLOQ S50\u201c spynoms, kai rakt\u0173 d\u0117klas naudojamas su jomis. \u201eiLOQ K55S.2 Key Fob\u201c prieigos teises ir laiko apribojimus galima atnaujinti ir at\u0161aukti nuotoliniu b\u016bdu per \u201aiLOQ Online\u2018 ir jo NFC skaitytuvus, i\u0161man\u0173j\u012f telefon\u0105 arba vietoje, administratoriui naudojant P55S programavimo rakt\u0105.  Funkcij\u0173 santrauka - \u012ekraunamas skaitmeninis raktas, skirtas iLOQ 5 serijos u\u017erakt\u0173 sistemai  - Apsaugotas naudojant AES-256 \u0161ifravim\u0105  - Programuojama naudojant \u201eiLOQ Manager\u201c - programin\u0119 \u012frang\u0105 su konkre\u010diai sistemai skirtu programavimo raktu  - Pakartotinis programavimas naudojant programavimo rakt\u0105, naudojant iLOQ online arba S50 Phone Key program\u0105  - Kiekvienas raktas turi unikal\u0173 identifikatori\u0173 ir gali b\u016bti individualiai blokuojamas  - Palaikomi galiojimo laiko ir universal\u016bs laiko apribojimai  - Priima ir perduoda blok\u0173 s\u0105ra\u0161\u0105 i\u0161\/\u012f u\u017eraktus, kai naudojamas neprisijungus  - Tvirta, sandari konstrukcija, tinkanti at\u0161iaurioms s\u0105lygoms, su \u0161viesos diod\u0173 b\u016bsenos indikacija  - Galima individualizuoti spalvotu kai\u0161\u010diu  - Lazeriu \u012fspausta viena raid\u0117 ir keturi\u0173 skaitmen\u0173 atsitiktinis skai\u010dius  USB Type-C\u00ae ir USB-C\u00ae yra registruotieji \u201eUSB Implementers Forum\u201c preki\u0173 \u017eenklai","og_url":"https:\/\/xkodas.com\/en\/shop\/iloq-ismaniosios-spynos\/k55s-2-raktu-pakabukas\/","og_site_name":"Xkodas","article_publisher":"https:\/\/www.facebook.com\/xkodas.lt","article_modified_time":"2024-11-18T13:18:26+00:00","og_image":[{"width":1000,"height":1000,"url":"https:\/\/xkodas.com\/wp-content\/uploads\/2024\/10\/K55S.2-product.png","type":"image\/png"}],"twitter_card":"summary_large_image","twitter_misc":{"Estimated reading time":"1 minute"},"schema":{"@context":"https:\/\/schema.org","@graph":[{"@type":"WebPage","@id":"https:\/\/xkodas.com\/en\/shop\/iloq-ismaniosios-spynos\/k55s-2-raktu-pakabukas\/","url":"https:\/\/xkodas.com\/en\/shop\/iloq-ismaniosios-spynos\/k55s-2-raktu-pakabukas\/","name":"K55S.2 Rakt\u0173 pakabukas - Xkodas","isPartOf":{"@id":"https:\/\/xkodas.com\/en\/#website"},"primaryImageOfPage":{"@id":"https:\/\/xkodas.com\/en\/shop\/iloq-ismaniosios-spynos\/k55s-2-raktu-pakabukas\/#primaryimage"},"image":{"@id":"https:\/\/xkodas.com\/en\/shop\/iloq-ismaniosios-spynos\/k55s-2-raktu-pakabukas\/#primaryimage"},"thumbnailUrl":"https:\/\/xkodas.com\/wp-content\/uploads\/2024\/10\/K55S.2-product.png","datePublished":"2024-10-28T07:50:13+00:00","dateModified":"2024-11-18T13:18:26+00:00","breadcrumb":{"@id":"https:\/\/xkodas.com\/en\/shop\/iloq-ismaniosios-spynos\/k55s-2-raktu-pakabukas\/#breadcrumb"},"inLanguage":"en-GB","potentialAction":[{"@type":"ReadAction","target":["https:\/\/xkodas.com\/en\/shop\/iloq-ismaniosios-spynos\/k55s-2-raktu-pakabukas\/"]}]},{"@type":"ImageObject","inLanguage":"en-GB","@id":"https:\/\/xkodas.com\/en\/shop\/iloq-ismaniosios-spynos\/k55s-2-raktu-pakabukas\/#primaryimage","url":"https:\/\/xkodas.com\/wp-content\/uploads\/2024\/10\/K55S.2-product.png","contentUrl":"https:\/\/xkodas.com\/wp-content\/uploads\/2024\/10\/K55S.2-product.png","width":1000,"height":1000},{"@type":"BreadcrumbList","@id":"https:\/\/xkodas.com\/en\/shop\/iloq-ismaniosios-spynos\/k55s-2-raktu-pakabukas\/#breadcrumb","itemListElement":[{"@type":"ListItem","position":1,"name":"Home","item":"https:\/\/xkodas.com\/en\/ismaniosios-spynos-visu-tipu-raktai-seifai-xkodas\/"},{"@type":"ListItem","position":2,"name":"Parduotuv\u0117","item":"https:\/\/xkodas.com\/parduotuve\/"},{"@type":"ListItem","position":3,"name":"K55S.2 Rakt\u0173 pakabukas"}]},{"@type":"WebSite","@id":"https:\/\/xkodas.com\/en\/#website","url":"https:\/\/xkodas.com\/en\/","name":"Xkodas","description":"I\u0161maniosios spynos, rakt\u0173 gamyba, saugos sistemos","publisher":{"@id":"https:\/\/xkodas.com\/en\/#organization"},"potentialAction":[{"@type":"SearchAction","target":{"@type":"EntryPoint","urlTemplate":"https:\/\/xkodas.com\/en\/?s={search_term_string}"},"query-input":{"@type":"PropertyValueSpecification","valueRequired":true,"valueName":"search_term_string"}}],"inLanguage":"en-GB"},{"@type":"Organization","@id":"https:\/\/xkodas.com\/en\/#organization","name":"Xkodas","url":"https:\/\/xkodas.com\/en\/","logo":{"@type":"ImageObject","inLanguage":"en-GB","@id":"https:\/\/xkodas.com\/en\/#\/schema\/logo\/image\/","url":"http:\/\/xkodas.com\/wp-content\/uploads\/2020\/02\/Xkodas_logo_baltas_500x500-2.jpg","contentUrl":"http:\/\/xkodas.com\/wp-content\/uploads\/2020\/02\/Xkodas_logo_baltas_500x500-2.jpg","width":100,"height":100,"caption":"Xkodas"},"image":{"@id":"https:\/\/xkodas.com\/en\/#\/schema\/logo\/image\/"},"sameAs":["https:\/\/www.facebook.com\/xkodas.lt"]}]}},"_links":{"self":[{"href":"https:\/\/xkodas.com\/en\/wp-json\/wp\/v2\/product\/19242","targetHints":{"allow":["GET"]}}],"collection":[{"href":"https:\/\/xkodas.com\/en\/wp-json\/wp\/v2\/product"}],"about":[{"href":"https:\/\/xkodas.com\/en\/wp-json\/wp\/v2\/types\/product"}],"wp:featuredmedia":[{"embeddable":true,"href":"https:\/\/xkodas.com\/en\/wp-json\/wp\/v2\/media\/20129"}],"wp:attachment":[{"href":"https:\/\/xkodas.com\/en\/wp-json\/wp\/v2\/media?parent=19242"}],"wp:term":[{"taxonomy":"product_brand","embeddable":true,"href":"https:\/\/xkodas.com\/en\/wp-json\/wp\/v2\/product_brand?post=19242"},{"taxonomy":"product_cat","embeddable":true,"href":"https:\/\/xkodas.com\/en\/wp-json\/wp\/v2\/product_cat?post=19242"},{"taxonomy":"product_tag","embeddable":true,"href":"https:\/\/xkodas.com\/en\/wp-json\/wp\/v2\/product_tag?post=19242"}],"curies":[{"name":"wp","href":"https:\/\/api.w.org\/{rel}","templated":true}]}}