{"id":19235,"date":"2024-10-28T07:38:19","date_gmt":"2024-10-28T07:38:19","guid":{"rendered":"https:\/\/xkodas.com\/?post_type=product&#038;p=19235"},"modified":"2024-11-18T13:15:14","modified_gmt":"2024-11-18T13:15:14","slug":"h50s-331-60-hc-pakabinama-spyna-su-8-60-mm-apkabomis-uzrakinimas-ir-atrakinimas-su-vartotojo-leidimu","status":"publish","type":"product","link":"https:\/\/xkodas.com\/en\/shop\/iloq-ismaniosios-spynos\/h50s-331-60-hc-pakabinama-spyna-su-8-60-mm-apkabomis-uzrakinimas-ir-atrakinimas-su-vartotojo-leidimu\/","title":{"rendered":"H50S.331.60.HC  Pakabinama spyna su 8\/60 mm apkabomis u\u017erakinimas ir atrakinimas su vartotojo leidimu"},"content":{"rendered":"","protected":false},"excerpt":{"rendered":"<p>Patentuota, apdovanojimus pelniusi \u201eiLOQ S50\u201c u\u017erakto sistema u\u017etikrina pa\u017eangi\u0105 apsaug\u0105 ir patogi\u0105 prieigos dalijimosi galimyb\u0119 pagrindinio rakto u\u017erakto aplinkoje.<\/p>\n<p>\u201eiLOQ H50S\u201c pakabinamos spynos leid\u017eia naudoti \u201aiLOQ S50\u2018 u\u017erakt\u0173 sistem\u0105 nutolusiems objektams ir vietoms apsaugoti. U\u017eraktas belaid\u017eiu b\u016bdu renka elektros energij\u0105 i\u0161 NFC lauko, tod\u0117l telefon\u0105 galima naudoti ne tik kaip rakt\u0105, bet ir kaip energijos \u0161altin\u012f, tod\u0117l u\u017eraktas visi\u0161kai nenaudoja baterijos. Kadangi nereikia baterij\u0173, spynos nereikalauja technin\u0117s prie\u017ei\u016bros ir yra ekologi\u0161kas ekologi\u0161kas sprendimas, d\u0117l kurio nereikia dirbti, patirti i\u0161laid\u0173, atliek\u0173 ir \u017ealos, susijusios su baterijomis maitinamais sprendimais.<\/p>\n<p>D\u0117l bekontak\u010dio NFC veikimo spyna neturi rakto skylut\u0117s. Ji skirta naudoti at\u0161iaurioje aplinkoje, kur spynas veikia dulk\u0117s, dr\u0117gm\u0117 ir \u012fvairios temperat\u016bros s\u0105lygos &#8211; nuo itin \u0161alto iki kar\u0161to oro. Telefonas kaip raktas leid\u017eia lanks\u010diai dalytis prieiga su laiko apribojimais ir audito sekos ataskait\u0173 teikimu oro ry\u0161iu. I\u0161laikomas auk\u0161tas saugumo lygis, o d\u0117l pamesto rakto atsiradusias saugumo spragas galima visi\u0161kai pa\u0161alinti be brangiai kainuojan\u010dio spyn\u0173 ir rakt\u0173 keitimo.<\/p>\n<p>Funkcij\u0173 santrauka<br \/>\n&#8211; Be akumuliatoriaus programuojama elektromechanin\u0117 pakabinama spyna, skirta \u201eiLOQ S50\u201c u\u017erakt\u0173 sistemai<\/p>\n<p>&#8211; Maitinama NFC: pakabinamajai spynai nereikia baterij\u0173<\/p>\n<p>&#8211; Atidarymas naudojant i\u0161man\u0173j\u012f telefon\u0105 su NFC funkcija (\u201eAndroid\u201c arba \u201eiOS\u201c (13 ir \u201eiPhone 7\u201c ir naujesni) arba \u201eiLOQ K55S\u201c rakt\u0173 ry\u0161ul\u012f<\/p>\n<p>&#8211; Apsaugota naudojant galing\u0105 AES-256 \u0161ifravim\u0105 ir abipus\u012f autenti\u0161kumo patvirtinim\u0105<\/p>\n<p>&#8211; Pradinis programavimas naudojant kompiuter\u012f ir iLOQ P55S.1 programavimo \u017eeton\u0105, prijungt\u0105 prie serverio<\/p>\n<p>&#8211; Prieigos teisi\u0173 s\u0105ra\u0161as prieigos grup\u0117ms<\/p>\n<p>&#8211; Atskir\u0173 pamest\u0173 rakt\u0173 blokavimo s\u0105ra\u0161as<\/p>\n<p>&#8211; Vidinis audito sekos \u012fra\u0161as su laiko \u017eyma (galima konfig\u016bruoti \u012fjungti arba i\u0161jungti)<\/p>\n<p>&#8211; Palaikomi laiko apribojimai<\/p>\n<p>&#8211; Galima sukonfig\u016bruoti taip, kad b\u016bt\u0173 reikalaujama atidarymo autenti\u0161kumo patvirtinimo internetu<\/p>\n<p>&#8211; Pakartotinis programavimas raktais (i\u0161maniuoju telefonu su NFC arba K55S rakt\u0173 d\u0117klu)<\/p>\n<p>&#8211; Atnaujinama programin\u0117 \u012franga<\/p>\n<p>&#8211; H50S.x31: atidarymas ir u\u017edarymas naudojant naudotojo \u012fgaliojim\u0105<\/p>\n<p>&#8211; HS50.x41: atidarymas ir u\u017edarymas be naudotojo tapatyb\u0117s patvirtinimo<\/p>\n<p>&#8211; Ranken\u0117l\u0117 apsaugota nuo sm\u016bgi\u0173 (pvz., kritimo)<\/p>\n<p>&#8211; NFC 13,56 MHz apkrovos moduliacija (ASK) ISO\/IEC 14443A, be si\u0173stuvo<\/p>\n<p>&#8211; Naujos nenaudojamos spynos IP68 testas i\u0161laikytas. Negalima montuoti ar naudoti panardinto<\/p>","protected":false},"featured_media":20123,"template":"","meta":{"_monsterinsights_skip_tracking":false,"_monsterinsights_sitenote_active":false,"_monsterinsights_sitenote_note":"","_monsterinsights_sitenote_category":0},"product_brand":[],"product_cat":[579],"product_tag":[],"class_list":{"0":"post-19235","1":"product","2":"type-product","3":"status-publish","4":"has-post-thumbnail","6":"product_cat-iloq-ismaniosios-spynos","8":"first","9":"instock","10":"taxable","11":"shipping-taxable","12":"product-type-simple"},"yoast_head":"<!-- This site is optimized with the Yoast SEO plugin v27.4 - https:\/\/yoast.com\/product\/yoast-seo-wordpress\/ -->\n<title>H50S.331.60.HC Pakabinama spyna su 8\/60 mm apkabomis u\u017erakinimas ir atrakinimas su vartotojo leidimu - Xkodas<\/title>\n<meta name=\"robots\" content=\"index, follow, max-snippet:-1, max-image-preview:large, max-video-preview:-1\" \/>\n<link rel=\"canonical\" href=\"https:\/\/xkodas.com\/en\/shop\/iloq-ismaniosios-spynos\/h50s-331-60-hc-pakabinama-spyna-su-8-60-mm-apkabomis-uzrakinimas-ir-atrakinimas-su-vartotojo-leidimu\/\" \/>\n<meta property=\"og:locale\" content=\"en_GB\" \/>\n<meta property=\"og:type\" content=\"article\" \/>\n<meta property=\"og:title\" content=\"H50S.331.60.HC Pakabinama spyna su 8\/60 mm apkabomis u\u017erakinimas ir atrakinimas su vartotojo leidimu - Xkodas\" \/>\n<meta property=\"og:description\" content=\"Patentuota, apdovanojimus pelniusi \u201eiLOQ S50\u201c u\u017erakto sistema u\u017etikrina pa\u017eangi\u0105 apsaug\u0105 ir patogi\u0105 prieigos dalijimosi galimyb\u0119 pagrindinio rakto u\u017erakto aplinkoje.  \u201eiLOQ H50S\u201c pakabinamos spynos leid\u017eia naudoti \u201aiLOQ S50\u2018 u\u017erakt\u0173 sistem\u0105 nutolusiems objektams ir vietoms apsaugoti. U\u017eraktas belaid\u017eiu b\u016bdu renka elektros energij\u0105 i\u0161 NFC lauko, tod\u0117l telefon\u0105 galima naudoti ne tik kaip rakt\u0105, bet ir kaip energijos \u0161altin\u012f, tod\u0117l u\u017eraktas visi\u0161kai nenaudoja baterijos. Kadangi nereikia baterij\u0173, spynos nereikalauja technin\u0117s prie\u017ei\u016bros ir yra ekologi\u0161kas ekologi\u0161kas sprendimas, d\u0117l kurio nereikia dirbti, patirti i\u0161laid\u0173, atliek\u0173 ir \u017ealos, susijusios su baterijomis maitinamais sprendimais.  D\u0117l bekontak\u010dio NFC veikimo spyna neturi rakto skylut\u0117s. Ji skirta naudoti at\u0161iaurioje aplinkoje, kur spynas veikia dulk\u0117s, dr\u0117gm\u0117 ir \u012fvairios temperat\u016bros s\u0105lygos - nuo itin \u0161alto iki kar\u0161to oro. Telefonas kaip raktas leid\u017eia lanks\u010diai dalytis prieiga su laiko apribojimais ir audito sekos ataskait\u0173 teikimu oro ry\u0161iu. I\u0161laikomas auk\u0161tas saugumo lygis, o d\u0117l pamesto rakto atsiradusias saugumo spragas galima visi\u0161kai pa\u0161alinti be brangiai kainuojan\u010dio spyn\u0173 ir rakt\u0173 keitimo.  Funkcij\u0173 santrauka - Be akumuliatoriaus programuojama elektromechanin\u0117 pakabinama spyna, skirta \u201eiLOQ S50\u201c u\u017erakt\u0173 sistemai  - Maitinama NFC: pakabinamajai spynai nereikia baterij\u0173  - Atidarymas naudojant i\u0161man\u0173j\u012f telefon\u0105 su NFC funkcija (\u201eAndroid\u201c arba \u201eiOS\u201c (13 ir \u201eiPhone 7\u201c ir naujesni) arba \u201eiLOQ K55S\u201c rakt\u0173 ry\u0161ul\u012f  - Apsaugota naudojant galing\u0105 AES-256 \u0161ifravim\u0105 ir abipus\u012f autenti\u0161kumo patvirtinim\u0105  - Pradinis programavimas naudojant kompiuter\u012f ir iLOQ P55S.1 programavimo \u017eeton\u0105, prijungt\u0105 prie serverio  - Prieigos teisi\u0173 s\u0105ra\u0161as prieigos grup\u0117ms  - Atskir\u0173 pamest\u0173 rakt\u0173 blokavimo s\u0105ra\u0161as  - Vidinis audito sekos \u012fra\u0161as su laiko \u017eyma (galima konfig\u016bruoti \u012fjungti arba i\u0161jungti)  - Palaikomi laiko apribojimai  - Galima sukonfig\u016bruoti taip, kad b\u016bt\u0173 reikalaujama atidarymo autenti\u0161kumo patvirtinimo internetu  - Pakartotinis programavimas raktais (i\u0161maniuoju telefonu su NFC arba K55S rakt\u0173 d\u0117klu)  - Atnaujinama programin\u0117 \u012franga  - H50S.x31: atidarymas ir u\u017edarymas naudojant naudotojo \u012fgaliojim\u0105  - HS50.x41: atidarymas ir u\u017edarymas be naudotojo tapatyb\u0117s patvirtinimo  - Ranken\u0117l\u0117 apsaugota nuo sm\u016bgi\u0173 (pvz., kritimo)  - NFC 13,56 MHz apkrovos moduliacija (ASK) ISO\/IEC 14443A, be si\u0173stuvo  - Naujos nenaudojamos spynos IP68 testas i\u0161laikytas. Negalima montuoti ar naudoti panardinto\" \/>\n<meta property=\"og:url\" content=\"https:\/\/xkodas.com\/en\/shop\/iloq-ismaniosios-spynos\/h50s-331-60-hc-pakabinama-spyna-su-8-60-mm-apkabomis-uzrakinimas-ir-atrakinimas-su-vartotojo-leidimu\/\" \/>\n<meta property=\"og:site_name\" content=\"Xkodas\" \/>\n<meta property=\"article:publisher\" content=\"https:\/\/www.facebook.com\/xkodas.lt\" \/>\n<meta property=\"article:modified_time\" content=\"2024-11-18T13:15:14+00:00\" \/>\n<meta property=\"og:image\" content=\"https:\/\/xkodas.com\/wp-content\/uploads\/2024\/10\/H50S.331.60.HC-product.png\" \/>\n\t<meta property=\"og:image:width\" content=\"1000\" \/>\n\t<meta property=\"og:image:height\" content=\"1000\" \/>\n\t<meta property=\"og:image:type\" content=\"image\/png\" \/>\n<meta name=\"twitter:card\" content=\"summary_large_image\" \/>\n<meta name=\"twitter:label1\" content=\"Estimated reading time\" \/>\n\t<meta name=\"twitter:data1\" content=\"1 minute\" \/>\n<script type=\"application\/ld+json\" class=\"yoast-schema-graph\">{\"@context\":\"https:\\\/\\\/schema.org\",\"@graph\":[{\"@type\":\"WebPage\",\"@id\":\"https:\\\/\\\/xkodas.com\\\/en\\\/shop\\\/iloq-ismaniosios-spynos\\\/h50s-331-60-hc-pakabinama-spyna-su-8-60-mm-apkabomis-uzrakinimas-ir-atrakinimas-su-vartotojo-leidimu\\\/\",\"url\":\"https:\\\/\\\/xkodas.com\\\/en\\\/shop\\\/iloq-ismaniosios-spynos\\\/h50s-331-60-hc-pakabinama-spyna-su-8-60-mm-apkabomis-uzrakinimas-ir-atrakinimas-su-vartotojo-leidimu\\\/\",\"name\":\"H50S.331.60.HC Pakabinama spyna su 8\\\/60 mm apkabomis u\u017erakinimas ir atrakinimas su vartotojo leidimu - Xkodas\",\"isPartOf\":{\"@id\":\"https:\\\/\\\/xkodas.com\\\/en\\\/#website\"},\"primaryImageOfPage\":{\"@id\":\"https:\\\/\\\/xkodas.com\\\/en\\\/shop\\\/iloq-ismaniosios-spynos\\\/h50s-331-60-hc-pakabinama-spyna-su-8-60-mm-apkabomis-uzrakinimas-ir-atrakinimas-su-vartotojo-leidimu\\\/#primaryimage\"},\"image\":{\"@id\":\"https:\\\/\\\/xkodas.com\\\/en\\\/shop\\\/iloq-ismaniosios-spynos\\\/h50s-331-60-hc-pakabinama-spyna-su-8-60-mm-apkabomis-uzrakinimas-ir-atrakinimas-su-vartotojo-leidimu\\\/#primaryimage\"},\"thumbnailUrl\":\"https:\\\/\\\/xkodas.com\\\/wp-content\\\/uploads\\\/2024\\\/10\\\/H50S.331.60.HC-product.png\",\"datePublished\":\"2024-10-28T07:38:19+00:00\",\"dateModified\":\"2024-11-18T13:15:14+00:00\",\"breadcrumb\":{\"@id\":\"https:\\\/\\\/xkodas.com\\\/en\\\/shop\\\/iloq-ismaniosios-spynos\\\/h50s-331-60-hc-pakabinama-spyna-su-8-60-mm-apkabomis-uzrakinimas-ir-atrakinimas-su-vartotojo-leidimu\\\/#breadcrumb\"},\"inLanguage\":\"en-GB\",\"potentialAction\":[{\"@type\":\"ReadAction\",\"target\":[\"https:\\\/\\\/xkodas.com\\\/en\\\/shop\\\/iloq-ismaniosios-spynos\\\/h50s-331-60-hc-pakabinama-spyna-su-8-60-mm-apkabomis-uzrakinimas-ir-atrakinimas-su-vartotojo-leidimu\\\/\"]}]},{\"@type\":\"ImageObject\",\"inLanguage\":\"en-GB\",\"@id\":\"https:\\\/\\\/xkodas.com\\\/en\\\/shop\\\/iloq-ismaniosios-spynos\\\/h50s-331-60-hc-pakabinama-spyna-su-8-60-mm-apkabomis-uzrakinimas-ir-atrakinimas-su-vartotojo-leidimu\\\/#primaryimage\",\"url\":\"https:\\\/\\\/xkodas.com\\\/wp-content\\\/uploads\\\/2024\\\/10\\\/H50S.331.60.HC-product.png\",\"contentUrl\":\"https:\\\/\\\/xkodas.com\\\/wp-content\\\/uploads\\\/2024\\\/10\\\/H50S.331.60.HC-product.png\",\"width\":1000,\"height\":1000},{\"@type\":\"BreadcrumbList\",\"@id\":\"https:\\\/\\\/xkodas.com\\\/en\\\/shop\\\/iloq-ismaniosios-spynos\\\/h50s-331-60-hc-pakabinama-spyna-su-8-60-mm-apkabomis-uzrakinimas-ir-atrakinimas-su-vartotojo-leidimu\\\/#breadcrumb\",\"itemListElement\":[{\"@type\":\"ListItem\",\"position\":1,\"name\":\"Home\",\"item\":\"https:\\\/\\\/xkodas.com\\\/en\\\/ismaniosios-spynos-visu-tipu-raktai-seifai-xkodas\\\/\"},{\"@type\":\"ListItem\",\"position\":2,\"name\":\"Parduotuv\u0117\",\"item\":\"https:\\\/\\\/xkodas.com\\\/parduotuve\\\/\"},{\"@type\":\"ListItem\",\"position\":3,\"name\":\"H50S.331.60.HC Pakabinama spyna su 8\\\/60 mm apkabomis u\u017erakinimas ir atrakinimas su vartotojo leidimu\"}]},{\"@type\":\"WebSite\",\"@id\":\"https:\\\/\\\/xkodas.com\\\/en\\\/#website\",\"url\":\"https:\\\/\\\/xkodas.com\\\/en\\\/\",\"name\":\"Xkodas\",\"description\":\"I\u0161maniosios spynos, rakt\u0173 gamyba, saugos sistemos\",\"publisher\":{\"@id\":\"https:\\\/\\\/xkodas.com\\\/en\\\/#organization\"},\"potentialAction\":[{\"@type\":\"SearchAction\",\"target\":{\"@type\":\"EntryPoint\",\"urlTemplate\":\"https:\\\/\\\/xkodas.com\\\/en\\\/?s={search_term_string}\"},\"query-input\":{\"@type\":\"PropertyValueSpecification\",\"valueRequired\":true,\"valueName\":\"search_term_string\"}}],\"inLanguage\":\"en-GB\"},{\"@type\":\"Organization\",\"@id\":\"https:\\\/\\\/xkodas.com\\\/en\\\/#organization\",\"name\":\"Xkodas\",\"url\":\"https:\\\/\\\/xkodas.com\\\/en\\\/\",\"logo\":{\"@type\":\"ImageObject\",\"inLanguage\":\"en-GB\",\"@id\":\"https:\\\/\\\/xkodas.com\\\/en\\\/#\\\/schema\\\/logo\\\/image\\\/\",\"url\":\"http:\\\/\\\/xkodas.com\\\/wp-content\\\/uploads\\\/2020\\\/02\\\/Xkodas_logo_baltas_500x500-2.jpg\",\"contentUrl\":\"http:\\\/\\\/xkodas.com\\\/wp-content\\\/uploads\\\/2020\\\/02\\\/Xkodas_logo_baltas_500x500-2.jpg\",\"width\":100,\"height\":100,\"caption\":\"Xkodas\"},\"image\":{\"@id\":\"https:\\\/\\\/xkodas.com\\\/en\\\/#\\\/schema\\\/logo\\\/image\\\/\"},\"sameAs\":[\"https:\\\/\\\/www.facebook.com\\\/xkodas.lt\"]}]}<\/script>\n<!-- \/ Yoast SEO plugin. -->","yoast_head_json":{"title":"H50S.331.60.HC Pakabinama spyna su 8\/60 mm apkabomis u\u017erakinimas ir atrakinimas su vartotojo leidimu - Xkodas","robots":{"index":"index","follow":"follow","max-snippet":"max-snippet:-1","max-image-preview":"max-image-preview:large","max-video-preview":"max-video-preview:-1"},"canonical":"https:\/\/xkodas.com\/en\/shop\/iloq-ismaniosios-spynos\/h50s-331-60-hc-pakabinama-spyna-su-8-60-mm-apkabomis-uzrakinimas-ir-atrakinimas-su-vartotojo-leidimu\/","og_locale":"en_GB","og_type":"article","og_title":"H50S.331.60.HC Pakabinama spyna su 8\/60 mm apkabomis u\u017erakinimas ir atrakinimas su vartotojo leidimu - Xkodas","og_description":"Patentuota, apdovanojimus pelniusi \u201eiLOQ S50\u201c u\u017erakto sistema u\u017etikrina pa\u017eangi\u0105 apsaug\u0105 ir patogi\u0105 prieigos dalijimosi galimyb\u0119 pagrindinio rakto u\u017erakto aplinkoje.  \u201eiLOQ H50S\u201c pakabinamos spynos leid\u017eia naudoti \u201aiLOQ S50\u2018 u\u017erakt\u0173 sistem\u0105 nutolusiems objektams ir vietoms apsaugoti. U\u017eraktas belaid\u017eiu b\u016bdu renka elektros energij\u0105 i\u0161 NFC lauko, tod\u0117l telefon\u0105 galima naudoti ne tik kaip rakt\u0105, bet ir kaip energijos \u0161altin\u012f, tod\u0117l u\u017eraktas visi\u0161kai nenaudoja baterijos. Kadangi nereikia baterij\u0173, spynos nereikalauja technin\u0117s prie\u017ei\u016bros ir yra ekologi\u0161kas ekologi\u0161kas sprendimas, d\u0117l kurio nereikia dirbti, patirti i\u0161laid\u0173, atliek\u0173 ir \u017ealos, susijusios su baterijomis maitinamais sprendimais.  D\u0117l bekontak\u010dio NFC veikimo spyna neturi rakto skylut\u0117s. Ji skirta naudoti at\u0161iaurioje aplinkoje, kur spynas veikia dulk\u0117s, dr\u0117gm\u0117 ir \u012fvairios temperat\u016bros s\u0105lygos - nuo itin \u0161alto iki kar\u0161to oro. Telefonas kaip raktas leid\u017eia lanks\u010diai dalytis prieiga su laiko apribojimais ir audito sekos ataskait\u0173 teikimu oro ry\u0161iu. I\u0161laikomas auk\u0161tas saugumo lygis, o d\u0117l pamesto rakto atsiradusias saugumo spragas galima visi\u0161kai pa\u0161alinti be brangiai kainuojan\u010dio spyn\u0173 ir rakt\u0173 keitimo.  Funkcij\u0173 santrauka - Be akumuliatoriaus programuojama elektromechanin\u0117 pakabinama spyna, skirta \u201eiLOQ S50\u201c u\u017erakt\u0173 sistemai  - Maitinama NFC: pakabinamajai spynai nereikia baterij\u0173  - Atidarymas naudojant i\u0161man\u0173j\u012f telefon\u0105 su NFC funkcija (\u201eAndroid\u201c arba \u201eiOS\u201c (13 ir \u201eiPhone 7\u201c ir naujesni) arba \u201eiLOQ K55S\u201c rakt\u0173 ry\u0161ul\u012f  - Apsaugota naudojant galing\u0105 AES-256 \u0161ifravim\u0105 ir abipus\u012f autenti\u0161kumo patvirtinim\u0105  - Pradinis programavimas naudojant kompiuter\u012f ir iLOQ P55S.1 programavimo \u017eeton\u0105, prijungt\u0105 prie serverio  - Prieigos teisi\u0173 s\u0105ra\u0161as prieigos grup\u0117ms  - Atskir\u0173 pamest\u0173 rakt\u0173 blokavimo s\u0105ra\u0161as  - Vidinis audito sekos \u012fra\u0161as su laiko \u017eyma (galima konfig\u016bruoti \u012fjungti arba i\u0161jungti)  - Palaikomi laiko apribojimai  - Galima sukonfig\u016bruoti taip, kad b\u016bt\u0173 reikalaujama atidarymo autenti\u0161kumo patvirtinimo internetu  - Pakartotinis programavimas raktais (i\u0161maniuoju telefonu su NFC arba K55S rakt\u0173 d\u0117klu)  - Atnaujinama programin\u0117 \u012franga  - H50S.x31: atidarymas ir u\u017edarymas naudojant naudotojo \u012fgaliojim\u0105  - HS50.x41: atidarymas ir u\u017edarymas be naudotojo tapatyb\u0117s patvirtinimo  - Ranken\u0117l\u0117 apsaugota nuo sm\u016bgi\u0173 (pvz., kritimo)  - NFC 13,56 MHz apkrovos moduliacija (ASK) ISO\/IEC 14443A, be si\u0173stuvo  - Naujos nenaudojamos spynos IP68 testas i\u0161laikytas. Negalima montuoti ar naudoti panardinto","og_url":"https:\/\/xkodas.com\/en\/shop\/iloq-ismaniosios-spynos\/h50s-331-60-hc-pakabinama-spyna-su-8-60-mm-apkabomis-uzrakinimas-ir-atrakinimas-su-vartotojo-leidimu\/","og_site_name":"Xkodas","article_publisher":"https:\/\/www.facebook.com\/xkodas.lt","article_modified_time":"2024-11-18T13:15:14+00:00","og_image":[{"width":1000,"height":1000,"url":"https:\/\/xkodas.com\/wp-content\/uploads\/2024\/10\/H50S.331.60.HC-product.png","type":"image\/png"}],"twitter_card":"summary_large_image","twitter_misc":{"Estimated reading time":"1 minute"},"schema":{"@context":"https:\/\/schema.org","@graph":[{"@type":"WebPage","@id":"https:\/\/xkodas.com\/en\/shop\/iloq-ismaniosios-spynos\/h50s-331-60-hc-pakabinama-spyna-su-8-60-mm-apkabomis-uzrakinimas-ir-atrakinimas-su-vartotojo-leidimu\/","url":"https:\/\/xkodas.com\/en\/shop\/iloq-ismaniosios-spynos\/h50s-331-60-hc-pakabinama-spyna-su-8-60-mm-apkabomis-uzrakinimas-ir-atrakinimas-su-vartotojo-leidimu\/","name":"H50S.331.60.HC Pakabinama spyna su 8\/60 mm apkabomis u\u017erakinimas ir atrakinimas su vartotojo leidimu - Xkodas","isPartOf":{"@id":"https:\/\/xkodas.com\/en\/#website"},"primaryImageOfPage":{"@id":"https:\/\/xkodas.com\/en\/shop\/iloq-ismaniosios-spynos\/h50s-331-60-hc-pakabinama-spyna-su-8-60-mm-apkabomis-uzrakinimas-ir-atrakinimas-su-vartotojo-leidimu\/#primaryimage"},"image":{"@id":"https:\/\/xkodas.com\/en\/shop\/iloq-ismaniosios-spynos\/h50s-331-60-hc-pakabinama-spyna-su-8-60-mm-apkabomis-uzrakinimas-ir-atrakinimas-su-vartotojo-leidimu\/#primaryimage"},"thumbnailUrl":"https:\/\/xkodas.com\/wp-content\/uploads\/2024\/10\/H50S.331.60.HC-product.png","datePublished":"2024-10-28T07:38:19+00:00","dateModified":"2024-11-18T13:15:14+00:00","breadcrumb":{"@id":"https:\/\/xkodas.com\/en\/shop\/iloq-ismaniosios-spynos\/h50s-331-60-hc-pakabinama-spyna-su-8-60-mm-apkabomis-uzrakinimas-ir-atrakinimas-su-vartotojo-leidimu\/#breadcrumb"},"inLanguage":"en-GB","potentialAction":[{"@type":"ReadAction","target":["https:\/\/xkodas.com\/en\/shop\/iloq-ismaniosios-spynos\/h50s-331-60-hc-pakabinama-spyna-su-8-60-mm-apkabomis-uzrakinimas-ir-atrakinimas-su-vartotojo-leidimu\/"]}]},{"@type":"ImageObject","inLanguage":"en-GB","@id":"https:\/\/xkodas.com\/en\/shop\/iloq-ismaniosios-spynos\/h50s-331-60-hc-pakabinama-spyna-su-8-60-mm-apkabomis-uzrakinimas-ir-atrakinimas-su-vartotojo-leidimu\/#primaryimage","url":"https:\/\/xkodas.com\/wp-content\/uploads\/2024\/10\/H50S.331.60.HC-product.png","contentUrl":"https:\/\/xkodas.com\/wp-content\/uploads\/2024\/10\/H50S.331.60.HC-product.png","width":1000,"height":1000},{"@type":"BreadcrumbList","@id":"https:\/\/xkodas.com\/en\/shop\/iloq-ismaniosios-spynos\/h50s-331-60-hc-pakabinama-spyna-su-8-60-mm-apkabomis-uzrakinimas-ir-atrakinimas-su-vartotojo-leidimu\/#breadcrumb","itemListElement":[{"@type":"ListItem","position":1,"name":"Home","item":"https:\/\/xkodas.com\/en\/ismaniosios-spynos-visu-tipu-raktai-seifai-xkodas\/"},{"@type":"ListItem","position":2,"name":"Parduotuv\u0117","item":"https:\/\/xkodas.com\/parduotuve\/"},{"@type":"ListItem","position":3,"name":"H50S.331.60.HC Pakabinama spyna su 8\/60 mm apkabomis u\u017erakinimas ir atrakinimas su vartotojo leidimu"}]},{"@type":"WebSite","@id":"https:\/\/xkodas.com\/en\/#website","url":"https:\/\/xkodas.com\/en\/","name":"Xkodas","description":"I\u0161maniosios spynos, rakt\u0173 gamyba, saugos sistemos","publisher":{"@id":"https:\/\/xkodas.com\/en\/#organization"},"potentialAction":[{"@type":"SearchAction","target":{"@type":"EntryPoint","urlTemplate":"https:\/\/xkodas.com\/en\/?s={search_term_string}"},"query-input":{"@type":"PropertyValueSpecification","valueRequired":true,"valueName":"search_term_string"}}],"inLanguage":"en-GB"},{"@type":"Organization","@id":"https:\/\/xkodas.com\/en\/#organization","name":"Xkodas","url":"https:\/\/xkodas.com\/en\/","logo":{"@type":"ImageObject","inLanguage":"en-GB","@id":"https:\/\/xkodas.com\/en\/#\/schema\/logo\/image\/","url":"http:\/\/xkodas.com\/wp-content\/uploads\/2020\/02\/Xkodas_logo_baltas_500x500-2.jpg","contentUrl":"http:\/\/xkodas.com\/wp-content\/uploads\/2020\/02\/Xkodas_logo_baltas_500x500-2.jpg","width":100,"height":100,"caption":"Xkodas"},"image":{"@id":"https:\/\/xkodas.com\/en\/#\/schema\/logo\/image\/"},"sameAs":["https:\/\/www.facebook.com\/xkodas.lt"]}]}},"_links":{"self":[{"href":"https:\/\/xkodas.com\/en\/wp-json\/wp\/v2\/product\/19235","targetHints":{"allow":["GET"]}}],"collection":[{"href":"https:\/\/xkodas.com\/en\/wp-json\/wp\/v2\/product"}],"about":[{"href":"https:\/\/xkodas.com\/en\/wp-json\/wp\/v2\/types\/product"}],"wp:featuredmedia":[{"embeddable":true,"href":"https:\/\/xkodas.com\/en\/wp-json\/wp\/v2\/media\/20123"}],"wp:attachment":[{"href":"https:\/\/xkodas.com\/en\/wp-json\/wp\/v2\/media?parent=19235"}],"wp:term":[{"taxonomy":"product_brand","embeddable":true,"href":"https:\/\/xkodas.com\/en\/wp-json\/wp\/v2\/product_brand?post=19235"},{"taxonomy":"product_cat","embeddable":true,"href":"https:\/\/xkodas.com\/en\/wp-json\/wp\/v2\/product_cat?post=19235"},{"taxonomy":"product_tag","embeddable":true,"href":"https:\/\/xkodas.com\/en\/wp-json\/wp\/v2\/product_tag?post=19235"}],"curies":[{"name":"wp","href":"https:\/\/api.w.org\/{rel}","templated":true}]}}