{"id":19228,"date":"2024-10-28T07:18:41","date_gmt":"2024-10-28T07:18:41","guid":{"rendered":"https:\/\/xkodas.com\/?post_type=product&#038;p=19228"},"modified":"2024-11-18T13:09:46","modified_gmt":"2024-11-18T13:09:46","slug":"g50s-231-uzraktas-metalinems-dezutems-raktams-pasto-dezutems-ir-pan-7x7-mm-jungtis","status":"publish","type":"product","link":"https:\/\/xkodas.com\/en\/shop\/iloq-ismaniosios-spynos\/g50s-231-uzraktas-metalinems-dezutems-raktams-pasto-dezutems-ir-pan-7x7-mm-jungtis\/","title":{"rendered":"G50S.231 U\u017eraktas metalin\u0117ms d\u0117\u017eut\u0117ms (raktams, pa\u0161to d\u0117\u017eut\u0117ms ir pan.) 7&#215;7 mm jungtis"},"content":{"rendered":"","protected":false},"excerpt":{"rendered":"<p>Patentuota, apdovanojimus pelniusi \u201eiLOQ S50\u201c u\u017erakto sistema u\u017etikrina pa\u017eangi\u0105 apsaug\u0105 ir patogi\u0105 prieigos dalijimosi galimyb\u0119 pagrindinio rakto u\u017erakto aplinkoje.<\/p>\n<p>\u201eiLOQ S50 Cam\u201c spyna yra lankstus sprendimas, skirtas medicinos spintel\u0117ms, rakt\u0173 d\u0117\u017eut\u0117ms, IT ir paskirstymo spintel\u0117ms ir daugeliui kit\u0173 sri\u010di\u0173 rakinti.<br \/>\nU\u017eraktas belaid\u017eiu b\u016bdu renka elektros energij\u0105 i\u0161 NFC lauko, tod\u0117l telefon\u0105 galima naudoti ne tik kaip rakt\u0105, bet ir kaip energijos \u0161altin\u012f, tod\u0117l u\u017eraktas visi\u0161kai nenaudoja baterijos. Kadangi nereikia baterij\u0173, spynos nereikalauja technin\u0117s prie\u017ei\u016bros ir yra ekologi\u0161kas ekologi\u0161kas sprendimas, kuris pa\u0161alina darb\u0105, i\u0161laidas, atliekas ir \u017eal\u0105, susijusi\u0105 su baterijomis varomais sprendimais.<\/p>\n<p>D\u0117l bekontak\u010dio NFC veikimo spyna neturi rakto skylut\u0117s. Ji skirta naudoti at\u0161iaurioje aplinkoje, kur spynas veikia dulk\u0117s, dr\u0117gm\u0117 ir \u012fvairios temperat\u016bros s\u0105lygos &#8211; nuo itin \u0161alto iki kar\u0161to oro.<\/p>\n<p>Telefonas kaip raktas leid\u017eia lanks\u010diai dalytis prieiga su laiko apribojimais ir audito sekos ataskait\u0173 teikimu oro ry\u0161iu. I\u0161laikomas auk\u0161tas saugumo lygis, o d\u0117l pamesto rakto atsiradusias saugumo spragas galima visi\u0161kai pa\u0161alinti be brangiai kainuojan\u010dio spyn\u0173 ir rakt\u0173 keitimo.<\/p>\n<p>Funkcij\u0173 santrauka<br \/>\n&#8211; Be akumuliatoriaus programuojama elektromechanin\u0117 kum\u0161telin\u0117 spyna, skirta \u201eiLOQ S50\u201c u\u017erakt\u0173 sistemai<\/p>\n<p>&#8211; Maitinama NFC: spynai nereikia baterij\u0173<\/p>\n<p>&#8211; Atidarymas naudojant i\u0161man\u0173j\u012f telefon\u0105 su NFC* arba \u201eiLOQ K55S\u201c rakt\u0173 d\u0117kl\u0105<\/p>\n<p>&#8211; Apsaugota naudojant galing\u0105 AES256 \u0161ifravim\u0105 ir abipus\u012f autenti\u0161kumo patvirtinim\u0105<\/p>\n<p>&#8211; Pradinis programavimas naudojant kompiuter\u012f ir \u201eiLOQ P55S.1\u201c programavimo \u017eeton\u0105, prijungt\u0105 prie serverio<\/p>\n<p>&#8211; Prieigos teisi\u0173 s\u0105ra\u0161as prieigos grup\u0117ms<\/p>\n<p>&#8211; Atskir\u0173 pamest\u0173 rakt\u0173 blokavimo s\u0105ra\u0161as<\/p>\n<p>&#8211; Vidinis audito sekos \u012fra\u0161as su laiko \u017eyma (galima konfig\u016bruoti \u012fjungti \/ i\u0161jungti)<\/p>\n<p>&#8211; Palaikomi laiko apribojimai<\/p>\n<p>&#8211; Galima sukonfig\u016bruoti taip, kad b\u016bt\u0173 reikalaujama atidarymo autenti\u0161kumo patvirtinimo internetu<\/p>\n<p>&#8211; Perprogramavimas raktais (telefono raktu arba K55S rakt\u0173 pakabuku)<\/p>\n<p>&#8211; Atnaujinama programin\u0117 \u012franga<\/p>\n<p>&#8211; NFC 13,56 MHz apkrovos moduliacija (ASK) ISO\/IEC 14443A, be si\u0173stuvo<\/p>\n<p>&#8211; .231 &#8211; atidarymas ir u\u017edarymas su naudotojo \u012fgaliojimu<\/p>\n<p>&#8211; .241 &#8211; atidarymas su naudotojo \u012fgaliojimu ir u\u017edarymas be naudotojo \u012fgaliojimo (racheto funkcija)<\/p>\n<p>*Android ir iOS i\u0161manieji telefonai<\/p>","protected":false},"featured_media":20117,"template":"","meta":{"_monsterinsights_skip_tracking":false,"_monsterinsights_sitenote_active":false,"_monsterinsights_sitenote_note":"","_monsterinsights_sitenote_category":0},"product_brand":[],"product_cat":[579],"product_tag":[],"class_list":{"0":"post-19228","1":"product","2":"type-product","3":"status-publish","4":"has-post-thumbnail","6":"product_cat-iloq-ismaniosios-spynos","8":"first","9":"instock","10":"taxable","11":"shipping-taxable","12":"product-type-simple"},"yoast_head":"<!-- This site is optimized with the Yoast SEO plugin v27.4 - https:\/\/yoast.com\/product\/yoast-seo-wordpress\/ -->\n<title>G50S.231 U\u017eraktas metalin\u0117ms d\u0117\u017eut\u0117ms (raktams, pa\u0161to d\u0117\u017eut\u0117ms ir pan.) 7x7 mm jungtis - Xkodas<\/title>\n<meta name=\"robots\" content=\"index, follow, max-snippet:-1, max-image-preview:large, max-video-preview:-1\" \/>\n<link rel=\"canonical\" href=\"https:\/\/xkodas.com\/en\/shop\/iloq-ismaniosios-spynos\/g50s-231-uzraktas-metalinems-dezutems-raktams-pasto-dezutems-ir-pan-7x7-mm-jungtis\/\" \/>\n<meta property=\"og:locale\" content=\"en_GB\" \/>\n<meta property=\"og:type\" content=\"article\" \/>\n<meta property=\"og:title\" content=\"G50S.231 U\u017eraktas metalin\u0117ms d\u0117\u017eut\u0117ms (raktams, pa\u0161to d\u0117\u017eut\u0117ms ir pan.) 7x7 mm jungtis - Xkodas\" \/>\n<meta property=\"og:description\" content=\"Patentuota, apdovanojimus pelniusi \u201eiLOQ S50\u201c u\u017erakto sistema u\u017etikrina pa\u017eangi\u0105 apsaug\u0105 ir patogi\u0105 prieigos dalijimosi galimyb\u0119 pagrindinio rakto u\u017erakto aplinkoje.  \u201eiLOQ S50 Cam\u201c spyna yra lankstus sprendimas, skirtas medicinos spintel\u0117ms, rakt\u0173 d\u0117\u017eut\u0117ms, IT ir paskirstymo spintel\u0117ms ir daugeliui kit\u0173 sri\u010di\u0173 rakinti. U\u017eraktas belaid\u017eiu b\u016bdu renka elektros energij\u0105 i\u0161 NFC lauko, tod\u0117l telefon\u0105 galima naudoti ne tik kaip rakt\u0105, bet ir kaip energijos \u0161altin\u012f, tod\u0117l u\u017eraktas visi\u0161kai nenaudoja baterijos. Kadangi nereikia baterij\u0173, spynos nereikalauja technin\u0117s prie\u017ei\u016bros ir yra ekologi\u0161kas ekologi\u0161kas sprendimas, kuris pa\u0161alina darb\u0105, i\u0161laidas, atliekas ir \u017eal\u0105, susijusi\u0105 su baterijomis varomais sprendimais.  D\u0117l bekontak\u010dio NFC veikimo spyna neturi rakto skylut\u0117s. Ji skirta naudoti at\u0161iaurioje aplinkoje, kur spynas veikia dulk\u0117s, dr\u0117gm\u0117 ir \u012fvairios temperat\u016bros s\u0105lygos - nuo itin \u0161alto iki kar\u0161to oro.  Telefonas kaip raktas leid\u017eia lanks\u010diai dalytis prieiga su laiko apribojimais ir audito sekos ataskait\u0173 teikimu oro ry\u0161iu. I\u0161laikomas auk\u0161tas saugumo lygis, o d\u0117l pamesto rakto atsiradusias saugumo spragas galima visi\u0161kai pa\u0161alinti be brangiai kainuojan\u010dio spyn\u0173 ir rakt\u0173 keitimo.  Funkcij\u0173 santrauka - Be akumuliatoriaus programuojama elektromechanin\u0117 kum\u0161telin\u0117 spyna, skirta \u201eiLOQ S50\u201c u\u017erakt\u0173 sistemai  - Maitinama NFC: spynai nereikia baterij\u0173  - Atidarymas naudojant i\u0161man\u0173j\u012f telefon\u0105 su NFC* arba \u201eiLOQ K55S\u201c rakt\u0173 d\u0117kl\u0105  - Apsaugota naudojant galing\u0105 AES256 \u0161ifravim\u0105 ir abipus\u012f autenti\u0161kumo patvirtinim\u0105  - Pradinis programavimas naudojant kompiuter\u012f ir \u201eiLOQ P55S.1\u201c programavimo \u017eeton\u0105, prijungt\u0105 prie serverio  - Prieigos teisi\u0173 s\u0105ra\u0161as prieigos grup\u0117ms  - Atskir\u0173 pamest\u0173 rakt\u0173 blokavimo s\u0105ra\u0161as  - Vidinis audito sekos \u012fra\u0161as su laiko \u017eyma (galima konfig\u016bruoti \u012fjungti \/ i\u0161jungti)  - Palaikomi laiko apribojimai  - Galima sukonfig\u016bruoti taip, kad b\u016bt\u0173 reikalaujama atidarymo autenti\u0161kumo patvirtinimo internetu  - Perprogramavimas raktais (telefono raktu arba K55S rakt\u0173 pakabuku)  - Atnaujinama programin\u0117 \u012franga  - NFC 13,56 MHz apkrovos moduliacija (ASK) ISO\/IEC 14443A, be si\u0173stuvo  - .231 - atidarymas ir u\u017edarymas su naudotojo \u012fgaliojimu  - .241 - atidarymas su naudotojo \u012fgaliojimu ir u\u017edarymas be naudotojo \u012fgaliojimo (racheto funkcija)  *Android ir iOS i\u0161manieji telefonai\" \/>\n<meta property=\"og:url\" content=\"https:\/\/xkodas.com\/en\/shop\/iloq-ismaniosios-spynos\/g50s-231-uzraktas-metalinems-dezutems-raktams-pasto-dezutems-ir-pan-7x7-mm-jungtis\/\" \/>\n<meta property=\"og:site_name\" content=\"Xkodas\" \/>\n<meta property=\"article:publisher\" content=\"https:\/\/www.facebook.com\/xkodas.lt\" \/>\n<meta property=\"article:modified_time\" content=\"2024-11-18T13:09:46+00:00\" \/>\n<meta property=\"og:image\" content=\"https:\/\/xkodas.com\/wp-content\/uploads\/2024\/10\/G50S.231-product.png\" \/>\n\t<meta property=\"og:image:width\" content=\"1000\" \/>\n\t<meta property=\"og:image:height\" content=\"1000\" \/>\n\t<meta property=\"og:image:type\" content=\"image\/png\" \/>\n<meta name=\"twitter:card\" content=\"summary_large_image\" \/>\n<meta name=\"twitter:label1\" content=\"Estimated reading time\" \/>\n\t<meta name=\"twitter:data1\" content=\"1 minute\" \/>\n<script type=\"application\/ld+json\" class=\"yoast-schema-graph\">{\"@context\":\"https:\\\/\\\/schema.org\",\"@graph\":[{\"@type\":\"WebPage\",\"@id\":\"https:\\\/\\\/xkodas.com\\\/en\\\/shop\\\/iloq-ismaniosios-spynos\\\/g50s-231-uzraktas-metalinems-dezutems-raktams-pasto-dezutems-ir-pan-7x7-mm-jungtis\\\/\",\"url\":\"https:\\\/\\\/xkodas.com\\\/en\\\/shop\\\/iloq-ismaniosios-spynos\\\/g50s-231-uzraktas-metalinems-dezutems-raktams-pasto-dezutems-ir-pan-7x7-mm-jungtis\\\/\",\"name\":\"G50S.231 U\u017eraktas metalin\u0117ms d\u0117\u017eut\u0117ms (raktams, pa\u0161to d\u0117\u017eut\u0117ms ir pan.) 7x7 mm jungtis - Xkodas\",\"isPartOf\":{\"@id\":\"https:\\\/\\\/xkodas.com\\\/en\\\/#website\"},\"primaryImageOfPage\":{\"@id\":\"https:\\\/\\\/xkodas.com\\\/en\\\/shop\\\/iloq-ismaniosios-spynos\\\/g50s-231-uzraktas-metalinems-dezutems-raktams-pasto-dezutems-ir-pan-7x7-mm-jungtis\\\/#primaryimage\"},\"image\":{\"@id\":\"https:\\\/\\\/xkodas.com\\\/en\\\/shop\\\/iloq-ismaniosios-spynos\\\/g50s-231-uzraktas-metalinems-dezutems-raktams-pasto-dezutems-ir-pan-7x7-mm-jungtis\\\/#primaryimage\"},\"thumbnailUrl\":\"https:\\\/\\\/xkodas.com\\\/wp-content\\\/uploads\\\/2024\\\/10\\\/G50S.231-product.png\",\"datePublished\":\"2024-10-28T07:18:41+00:00\",\"dateModified\":\"2024-11-18T13:09:46+00:00\",\"breadcrumb\":{\"@id\":\"https:\\\/\\\/xkodas.com\\\/en\\\/shop\\\/iloq-ismaniosios-spynos\\\/g50s-231-uzraktas-metalinems-dezutems-raktams-pasto-dezutems-ir-pan-7x7-mm-jungtis\\\/#breadcrumb\"},\"inLanguage\":\"en-GB\",\"potentialAction\":[{\"@type\":\"ReadAction\",\"target\":[\"https:\\\/\\\/xkodas.com\\\/en\\\/shop\\\/iloq-ismaniosios-spynos\\\/g50s-231-uzraktas-metalinems-dezutems-raktams-pasto-dezutems-ir-pan-7x7-mm-jungtis\\\/\"]}]},{\"@type\":\"ImageObject\",\"inLanguage\":\"en-GB\",\"@id\":\"https:\\\/\\\/xkodas.com\\\/en\\\/shop\\\/iloq-ismaniosios-spynos\\\/g50s-231-uzraktas-metalinems-dezutems-raktams-pasto-dezutems-ir-pan-7x7-mm-jungtis\\\/#primaryimage\",\"url\":\"https:\\\/\\\/xkodas.com\\\/wp-content\\\/uploads\\\/2024\\\/10\\\/G50S.231-product.png\",\"contentUrl\":\"https:\\\/\\\/xkodas.com\\\/wp-content\\\/uploads\\\/2024\\\/10\\\/G50S.231-product.png\",\"width\":1000,\"height\":1000},{\"@type\":\"BreadcrumbList\",\"@id\":\"https:\\\/\\\/xkodas.com\\\/en\\\/shop\\\/iloq-ismaniosios-spynos\\\/g50s-231-uzraktas-metalinems-dezutems-raktams-pasto-dezutems-ir-pan-7x7-mm-jungtis\\\/#breadcrumb\",\"itemListElement\":[{\"@type\":\"ListItem\",\"position\":1,\"name\":\"Home\",\"item\":\"https:\\\/\\\/xkodas.com\\\/en\\\/ismaniosios-spynos-visu-tipu-raktai-seifai-xkodas\\\/\"},{\"@type\":\"ListItem\",\"position\":2,\"name\":\"Parduotuv\u0117\",\"item\":\"https:\\\/\\\/xkodas.com\\\/parduotuve\\\/\"},{\"@type\":\"ListItem\",\"position\":3,\"name\":\"G50S.231 U\u017eraktas metalin\u0117ms d\u0117\u017eut\u0117ms (raktams, pa\u0161to d\u0117\u017eut\u0117ms ir pan.) 7&#215;7 mm jungtis\"}]},{\"@type\":\"WebSite\",\"@id\":\"https:\\\/\\\/xkodas.com\\\/en\\\/#website\",\"url\":\"https:\\\/\\\/xkodas.com\\\/en\\\/\",\"name\":\"Xkodas\",\"description\":\"I\u0161maniosios spynos, rakt\u0173 gamyba, saugos sistemos\",\"publisher\":{\"@id\":\"https:\\\/\\\/xkodas.com\\\/en\\\/#organization\"},\"potentialAction\":[{\"@type\":\"SearchAction\",\"target\":{\"@type\":\"EntryPoint\",\"urlTemplate\":\"https:\\\/\\\/xkodas.com\\\/en\\\/?s={search_term_string}\"},\"query-input\":{\"@type\":\"PropertyValueSpecification\",\"valueRequired\":true,\"valueName\":\"search_term_string\"}}],\"inLanguage\":\"en-GB\"},{\"@type\":\"Organization\",\"@id\":\"https:\\\/\\\/xkodas.com\\\/en\\\/#organization\",\"name\":\"Xkodas\",\"url\":\"https:\\\/\\\/xkodas.com\\\/en\\\/\",\"logo\":{\"@type\":\"ImageObject\",\"inLanguage\":\"en-GB\",\"@id\":\"https:\\\/\\\/xkodas.com\\\/en\\\/#\\\/schema\\\/logo\\\/image\\\/\",\"url\":\"http:\\\/\\\/xkodas.com\\\/wp-content\\\/uploads\\\/2020\\\/02\\\/Xkodas_logo_baltas_500x500-2.jpg\",\"contentUrl\":\"http:\\\/\\\/xkodas.com\\\/wp-content\\\/uploads\\\/2020\\\/02\\\/Xkodas_logo_baltas_500x500-2.jpg\",\"width\":100,\"height\":100,\"caption\":\"Xkodas\"},\"image\":{\"@id\":\"https:\\\/\\\/xkodas.com\\\/en\\\/#\\\/schema\\\/logo\\\/image\\\/\"},\"sameAs\":[\"https:\\\/\\\/www.facebook.com\\\/xkodas.lt\"]}]}<\/script>\n<!-- \/ Yoast SEO plugin. -->","yoast_head_json":{"title":"G50S.231 U\u017eraktas metalin\u0117ms d\u0117\u017eut\u0117ms (raktams, pa\u0161to d\u0117\u017eut\u0117ms ir pan.) 7x7 mm jungtis - Xkodas","robots":{"index":"index","follow":"follow","max-snippet":"max-snippet:-1","max-image-preview":"max-image-preview:large","max-video-preview":"max-video-preview:-1"},"canonical":"https:\/\/xkodas.com\/en\/shop\/iloq-ismaniosios-spynos\/g50s-231-uzraktas-metalinems-dezutems-raktams-pasto-dezutems-ir-pan-7x7-mm-jungtis\/","og_locale":"en_GB","og_type":"article","og_title":"G50S.231 U\u017eraktas metalin\u0117ms d\u0117\u017eut\u0117ms (raktams, pa\u0161to d\u0117\u017eut\u0117ms ir pan.) 7x7 mm jungtis - Xkodas","og_description":"Patentuota, apdovanojimus pelniusi \u201eiLOQ S50\u201c u\u017erakto sistema u\u017etikrina pa\u017eangi\u0105 apsaug\u0105 ir patogi\u0105 prieigos dalijimosi galimyb\u0119 pagrindinio rakto u\u017erakto aplinkoje.  \u201eiLOQ S50 Cam\u201c spyna yra lankstus sprendimas, skirtas medicinos spintel\u0117ms, rakt\u0173 d\u0117\u017eut\u0117ms, IT ir paskirstymo spintel\u0117ms ir daugeliui kit\u0173 sri\u010di\u0173 rakinti. U\u017eraktas belaid\u017eiu b\u016bdu renka elektros energij\u0105 i\u0161 NFC lauko, tod\u0117l telefon\u0105 galima naudoti ne tik kaip rakt\u0105, bet ir kaip energijos \u0161altin\u012f, tod\u0117l u\u017eraktas visi\u0161kai nenaudoja baterijos. Kadangi nereikia baterij\u0173, spynos nereikalauja technin\u0117s prie\u017ei\u016bros ir yra ekologi\u0161kas ekologi\u0161kas sprendimas, kuris pa\u0161alina darb\u0105, i\u0161laidas, atliekas ir \u017eal\u0105, susijusi\u0105 su baterijomis varomais sprendimais.  D\u0117l bekontak\u010dio NFC veikimo spyna neturi rakto skylut\u0117s. Ji skirta naudoti at\u0161iaurioje aplinkoje, kur spynas veikia dulk\u0117s, dr\u0117gm\u0117 ir \u012fvairios temperat\u016bros s\u0105lygos - nuo itin \u0161alto iki kar\u0161to oro.  Telefonas kaip raktas leid\u017eia lanks\u010diai dalytis prieiga su laiko apribojimais ir audito sekos ataskait\u0173 teikimu oro ry\u0161iu. I\u0161laikomas auk\u0161tas saugumo lygis, o d\u0117l pamesto rakto atsiradusias saugumo spragas galima visi\u0161kai pa\u0161alinti be brangiai kainuojan\u010dio spyn\u0173 ir rakt\u0173 keitimo.  Funkcij\u0173 santrauka - Be akumuliatoriaus programuojama elektromechanin\u0117 kum\u0161telin\u0117 spyna, skirta \u201eiLOQ S50\u201c u\u017erakt\u0173 sistemai  - Maitinama NFC: spynai nereikia baterij\u0173  - Atidarymas naudojant i\u0161man\u0173j\u012f telefon\u0105 su NFC* arba \u201eiLOQ K55S\u201c rakt\u0173 d\u0117kl\u0105  - Apsaugota naudojant galing\u0105 AES256 \u0161ifravim\u0105 ir abipus\u012f autenti\u0161kumo patvirtinim\u0105  - Pradinis programavimas naudojant kompiuter\u012f ir \u201eiLOQ P55S.1\u201c programavimo \u017eeton\u0105, prijungt\u0105 prie serverio  - Prieigos teisi\u0173 s\u0105ra\u0161as prieigos grup\u0117ms  - Atskir\u0173 pamest\u0173 rakt\u0173 blokavimo s\u0105ra\u0161as  - Vidinis audito sekos \u012fra\u0161as su laiko \u017eyma (galima konfig\u016bruoti \u012fjungti \/ i\u0161jungti)  - Palaikomi laiko apribojimai  - Galima sukonfig\u016bruoti taip, kad b\u016bt\u0173 reikalaujama atidarymo autenti\u0161kumo patvirtinimo internetu  - Perprogramavimas raktais (telefono raktu arba K55S rakt\u0173 pakabuku)  - Atnaujinama programin\u0117 \u012franga  - NFC 13,56 MHz apkrovos moduliacija (ASK) ISO\/IEC 14443A, be si\u0173stuvo  - .231 - atidarymas ir u\u017edarymas su naudotojo \u012fgaliojimu  - .241 - atidarymas su naudotojo \u012fgaliojimu ir u\u017edarymas be naudotojo \u012fgaliojimo (racheto funkcija)  *Android ir iOS i\u0161manieji telefonai","og_url":"https:\/\/xkodas.com\/en\/shop\/iloq-ismaniosios-spynos\/g50s-231-uzraktas-metalinems-dezutems-raktams-pasto-dezutems-ir-pan-7x7-mm-jungtis\/","og_site_name":"Xkodas","article_publisher":"https:\/\/www.facebook.com\/xkodas.lt","article_modified_time":"2024-11-18T13:09:46+00:00","og_image":[{"width":1000,"height":1000,"url":"https:\/\/xkodas.com\/wp-content\/uploads\/2024\/10\/G50S.231-product.png","type":"image\/png"}],"twitter_card":"summary_large_image","twitter_misc":{"Estimated reading time":"1 minute"},"schema":{"@context":"https:\/\/schema.org","@graph":[{"@type":"WebPage","@id":"https:\/\/xkodas.com\/en\/shop\/iloq-ismaniosios-spynos\/g50s-231-uzraktas-metalinems-dezutems-raktams-pasto-dezutems-ir-pan-7x7-mm-jungtis\/","url":"https:\/\/xkodas.com\/en\/shop\/iloq-ismaniosios-spynos\/g50s-231-uzraktas-metalinems-dezutems-raktams-pasto-dezutems-ir-pan-7x7-mm-jungtis\/","name":"G50S.231 U\u017eraktas metalin\u0117ms d\u0117\u017eut\u0117ms (raktams, pa\u0161to d\u0117\u017eut\u0117ms ir pan.) 7x7 mm jungtis - Xkodas","isPartOf":{"@id":"https:\/\/xkodas.com\/en\/#website"},"primaryImageOfPage":{"@id":"https:\/\/xkodas.com\/en\/shop\/iloq-ismaniosios-spynos\/g50s-231-uzraktas-metalinems-dezutems-raktams-pasto-dezutems-ir-pan-7x7-mm-jungtis\/#primaryimage"},"image":{"@id":"https:\/\/xkodas.com\/en\/shop\/iloq-ismaniosios-spynos\/g50s-231-uzraktas-metalinems-dezutems-raktams-pasto-dezutems-ir-pan-7x7-mm-jungtis\/#primaryimage"},"thumbnailUrl":"https:\/\/xkodas.com\/wp-content\/uploads\/2024\/10\/G50S.231-product.png","datePublished":"2024-10-28T07:18:41+00:00","dateModified":"2024-11-18T13:09:46+00:00","breadcrumb":{"@id":"https:\/\/xkodas.com\/en\/shop\/iloq-ismaniosios-spynos\/g50s-231-uzraktas-metalinems-dezutems-raktams-pasto-dezutems-ir-pan-7x7-mm-jungtis\/#breadcrumb"},"inLanguage":"en-GB","potentialAction":[{"@type":"ReadAction","target":["https:\/\/xkodas.com\/en\/shop\/iloq-ismaniosios-spynos\/g50s-231-uzraktas-metalinems-dezutems-raktams-pasto-dezutems-ir-pan-7x7-mm-jungtis\/"]}]},{"@type":"ImageObject","inLanguage":"en-GB","@id":"https:\/\/xkodas.com\/en\/shop\/iloq-ismaniosios-spynos\/g50s-231-uzraktas-metalinems-dezutems-raktams-pasto-dezutems-ir-pan-7x7-mm-jungtis\/#primaryimage","url":"https:\/\/xkodas.com\/wp-content\/uploads\/2024\/10\/G50S.231-product.png","contentUrl":"https:\/\/xkodas.com\/wp-content\/uploads\/2024\/10\/G50S.231-product.png","width":1000,"height":1000},{"@type":"BreadcrumbList","@id":"https:\/\/xkodas.com\/en\/shop\/iloq-ismaniosios-spynos\/g50s-231-uzraktas-metalinems-dezutems-raktams-pasto-dezutems-ir-pan-7x7-mm-jungtis\/#breadcrumb","itemListElement":[{"@type":"ListItem","position":1,"name":"Home","item":"https:\/\/xkodas.com\/en\/ismaniosios-spynos-visu-tipu-raktai-seifai-xkodas\/"},{"@type":"ListItem","position":2,"name":"Parduotuv\u0117","item":"https:\/\/xkodas.com\/parduotuve\/"},{"@type":"ListItem","position":3,"name":"G50S.231 U\u017eraktas metalin\u0117ms d\u0117\u017eut\u0117ms (raktams, pa\u0161to d\u0117\u017eut\u0117ms ir pan.) 7&#215;7 mm jungtis"}]},{"@type":"WebSite","@id":"https:\/\/xkodas.com\/en\/#website","url":"https:\/\/xkodas.com\/en\/","name":"Xkodas","description":"I\u0161maniosios spynos, rakt\u0173 gamyba, saugos sistemos","publisher":{"@id":"https:\/\/xkodas.com\/en\/#organization"},"potentialAction":[{"@type":"SearchAction","target":{"@type":"EntryPoint","urlTemplate":"https:\/\/xkodas.com\/en\/?s={search_term_string}"},"query-input":{"@type":"PropertyValueSpecification","valueRequired":true,"valueName":"search_term_string"}}],"inLanguage":"en-GB"},{"@type":"Organization","@id":"https:\/\/xkodas.com\/en\/#organization","name":"Xkodas","url":"https:\/\/xkodas.com\/en\/","logo":{"@type":"ImageObject","inLanguage":"en-GB","@id":"https:\/\/xkodas.com\/en\/#\/schema\/logo\/image\/","url":"http:\/\/xkodas.com\/wp-content\/uploads\/2020\/02\/Xkodas_logo_baltas_500x500-2.jpg","contentUrl":"http:\/\/xkodas.com\/wp-content\/uploads\/2020\/02\/Xkodas_logo_baltas_500x500-2.jpg","width":100,"height":100,"caption":"Xkodas"},"image":{"@id":"https:\/\/xkodas.com\/en\/#\/schema\/logo\/image\/"},"sameAs":["https:\/\/www.facebook.com\/xkodas.lt"]}]}},"_links":{"self":[{"href":"https:\/\/xkodas.com\/en\/wp-json\/wp\/v2\/product\/19228","targetHints":{"allow":["GET"]}}],"collection":[{"href":"https:\/\/xkodas.com\/en\/wp-json\/wp\/v2\/product"}],"about":[{"href":"https:\/\/xkodas.com\/en\/wp-json\/wp\/v2\/types\/product"}],"wp:featuredmedia":[{"embeddable":true,"href":"https:\/\/xkodas.com\/en\/wp-json\/wp\/v2\/media\/20117"}],"wp:attachment":[{"href":"https:\/\/xkodas.com\/en\/wp-json\/wp\/v2\/media?parent=19228"}],"wp:term":[{"taxonomy":"product_brand","embeddable":true,"href":"https:\/\/xkodas.com\/en\/wp-json\/wp\/v2\/product_brand?post=19228"},{"taxonomy":"product_cat","embeddable":true,"href":"https:\/\/xkodas.com\/en\/wp-json\/wp\/v2\/product_cat?post=19228"},{"taxonomy":"product_tag","embeddable":true,"href":"https:\/\/xkodas.com\/en\/wp-json\/wp\/v2\/product_tag?post=19228"}],"curies":[{"name":"wp","href":"https:\/\/api.w.org\/{rel}","templated":true}]}}