{"id":19215,"date":"2024-10-28T07:05:07","date_gmt":"2024-10-28T07:05:07","guid":{"rendered":"https:\/\/xkodas.com\/?post_type=product&#038;p=19215"},"modified":"2024-11-18T13:05:29","modified_gmt":"2024-11-18T13:05:29","slug":"d50s-711-sd-100-europrofilio-anti-panikos-cilindras-su-trumpu-skaitytuvu-100-30-mm","status":"publish","type":"product","link":"https:\/\/xkodas.com\/en\/shop\/iloq-ismaniosios-spynos\/d50s-711-sd-100-europrofilio-anti-panikos-cilindras-su-trumpu-skaitytuvu-100-30-mm\/","title":{"rendered":"D50S.711.SD.100 Europrofilio anti-panikos cilindras su trumpu skaitytuvu (100\/30 mm)"},"content":{"rendered":"","protected":false},"excerpt":{"rendered":"<p>Patentuota, apdovanojimus pelniusi \u201eiLOQ S50\u201c u\u017erakto sistema u\u017etikrina pa\u017eangi\u0105 apsaug\u0105 ir patogias prieigos dalijimosi funkcijas pagrindinio rakto u\u017erakto aplinkoje.<\/p>\n<p>Europrofilio cilindrai \u201eiLOQ D50S\u201c belaid\u017eiu b\u016bdu surenka elektros energij\u0105 i\u0161 NFC lauko. \u0160i technologija i\u0161man\u0173j\u012f telefon\u0105 paver\u010dia raktu ir energijos \u0161altiniu, tod\u0117l spyna visi\u0161kai nenaudoja baterijos. Kadangi nereikia baterij\u0173, spynos nereikalauja prie\u017ei\u016bros ir yra ekologi\u0161kas ekologi\u0161kas sprendimas, kuris suma\u017eina darbo kr\u016bv\u012f, i\u0161laidas, atliekas ir \u017eal\u0105, susijusi\u0105 su baterijomis maitinamais sprendimais.<\/p>\n<p>D\u0117l bekontakt\u0117s NFC technologijos \u201eiLOQ S50\u201c neturi rakto skylut\u0117s. U\u017eraktas pritaikytas veikti at\u0161iaurioje aplinkoje ir ekstremaliomis klimato s\u0105lygomis, i\u0161likdamas atsparus vandeniui ir dulk\u0117ms.<\/p>\n<p>I\u0161manusis telefonas kaip raktas u\u017etikrina i\u0161skirtines funkcijas kartu su dideliu saugumu. D\u0117l lankstaus prieigos dalijimosi, laiko apribojim\u0173 ir audito sekos ataskait\u0173 teikimo per or\u0105 galima visi\u0161kai pa\u0161alinti saugumo spragas, atsirandan\u010dias d\u0117l pamest\u0173 rakt\u0173, nekei\u010diant brangiai kainuojan\u010di\u0173 spyn\u0173 ir rakt\u0173.<\/p>\n<p>Cilindro korpuso ilgis &#8211; 30 mm. Cilindro ilgis gali b\u016bti lengvai prat\u0119siamas nuo 5 mm iki 100 mm rai\u0161kos, naudojant prailgintuvus. Moduliniai prailginimo sprendimai leid\u017eia lanks\u010diai kaupti atsargas ir lengvai keisti ilg\u012f montavimo vietose. Modulin\u0117 sistema taip pat leid\u017eia naudoti \u012fvairius cilindr\u0173 derinius: pusinius, su ranken\u0117l\u0117mis ir dvigubus cilindrus. Cilindras gali b\u016bti dviej\u0173 skirting\u0173 skaitytuvo ilgi\u0173: trumpo ir ilgo. Trumpojo skaitytuvo pad\u0117t\u012f galima reguliuoti 2 mm, o ilgojo &#8211; 4 mm, 2 mm \u017eingsniais.<\/p>\n<p>Kad atitikt\u0173 Nyderland\u0173 SKG*** arba Vokietijos VdS BZ reikalavimus, naudokite D50S.3XXA cilindr\u0105 (sertifikatai rengiami).<\/p>\n<p>Funkcij\u0173 santrauka<br \/>\n&#8211; Be baterijos programuojamas elektromechanin\u0117s spynos cilindras, skirtas iLOQ S50 u\u017erakt\u0173 sistemai.<\/p>\n<p>&#8211; Maitinamas NFC: u\u017eraktui nereikia baterij\u0173<\/p>\n<p>&#8211; atidarymas naudojant NFC funkcij\u0105 turint\u012f \u201eAndroid\u201c \/ \u201eiOS\u201c telefon\u0105 arba \u201eiLOQ K55S\u201c rakt\u0173 d\u0117kl\u0105<\/p>\n<p>&#8211; Apsaugota naudojant galing\u0105 AES-256 \u0161ifravim\u0105 ir abipus\u012f autenti\u0161kumo patvirtinim\u0105<\/p>\n<p>&#8211; Suderinamas su DIN 18252 Europrofile cilindro standartu<\/p>\n<p>&#8211; Modulin\u0117 konstrukcija, leid\u017eianti lengvai konfig\u016bruoti pus\u0117s, dvigubos ar pasukamos ranken\u0117l\u0117s versij\u0105 ir reguliuoti cilindro ilg\u012f<\/p>\n<p>&#8211; Ilg\u012f galima prat\u0119sti 5 mm \u017eingsniais iki 70 mm<\/p>\n<p>&#8211; Pradinis programavimas naudojant kompiuter\u012f ir \u201eiLOQ P55S.1\u201c programavimo \u017eeton\u0105, prijungt\u0105 prie serverio<\/p>\n<p>&#8211; Prieigos teisi\u0173 s\u0105ra\u0161as prieigos grup\u0117ms<\/p>\n<p>&#8211; Atskir\u0173 pamest\u0173 rakt\u0173 blok\u0173 s\u0105ra\u0161as<\/p>\n<p>&#8211; Vidinis audito sekos \u012fra\u0161as su laiko \u017eyma (galima konfig\u016bruoti \u012fjungti \/ i\u0161jungti)<\/p>\n<p>&#8211; Palaikomi laiko apribojimai<\/p>\n<p>&#8211; Galima sukonfig\u016bruoti taip, kad b\u016bt\u0173 reikalaujama atidarymo autenti\u0161kumo patvirtinimo internetu<\/p>\n<p>&#8211; Perprogramavimas raktais (Android\/iOS telefonu arba K55S rakt\u0173 d\u0117klu)<\/p>\n<p>&#8211; Atnaujinama programin\u0117 \u012franga<\/p>","protected":false},"featured_media":20113,"template":"","meta":{"_monsterinsights_skip_tracking":false,"_monsterinsights_sitenote_active":false,"_monsterinsights_sitenote_note":"","_monsterinsights_sitenote_category":0},"product_brand":[],"product_cat":[579],"product_tag":[],"class_list":{"0":"post-19215","1":"product","2":"type-product","3":"status-publish","4":"has-post-thumbnail","6":"product_cat-iloq-ismaniosios-spynos","8":"first","9":"instock","10":"taxable","11":"shipping-taxable","12":"product-type-simple"},"yoast_head":"<!-- This site is optimized with the Yoast SEO plugin v27.4 - https:\/\/yoast.com\/product\/yoast-seo-wordpress\/ -->\n<title>D50S.711.SD.100 Europrofilio anti-panikos cilindras su trumpu skaitytuvu (100\/30 mm) - Xkodas<\/title>\n<meta name=\"robots\" content=\"index, follow, max-snippet:-1, max-image-preview:large, max-video-preview:-1\" \/>\n<link rel=\"canonical\" href=\"https:\/\/xkodas.com\/en\/shop\/iloq-ismaniosios-spynos\/d50s-711-sd-100-europrofilio-anti-panikos-cilindras-su-trumpu-skaitytuvu-100-30-mm\/\" \/>\n<meta property=\"og:locale\" content=\"en_GB\" \/>\n<meta property=\"og:type\" content=\"article\" \/>\n<meta property=\"og:title\" content=\"D50S.711.SD.100 Europrofilio anti-panikos cilindras su trumpu skaitytuvu (100\/30 mm) - Xkodas\" \/>\n<meta property=\"og:description\" content=\"Patentuota, apdovanojimus pelniusi \u201eiLOQ S50\u201c u\u017erakto sistema u\u017etikrina pa\u017eangi\u0105 apsaug\u0105 ir patogias prieigos dalijimosi funkcijas pagrindinio rakto u\u017erakto aplinkoje.  Europrofilio cilindrai \u201eiLOQ D50S\u201c belaid\u017eiu b\u016bdu surenka elektros energij\u0105 i\u0161 NFC lauko. \u0160i technologija i\u0161man\u0173j\u012f telefon\u0105 paver\u010dia raktu ir energijos \u0161altiniu, tod\u0117l spyna visi\u0161kai nenaudoja baterijos. Kadangi nereikia baterij\u0173, spynos nereikalauja prie\u017ei\u016bros ir yra ekologi\u0161kas ekologi\u0161kas sprendimas, kuris suma\u017eina darbo kr\u016bv\u012f, i\u0161laidas, atliekas ir \u017eal\u0105, susijusi\u0105 su baterijomis maitinamais sprendimais.  D\u0117l bekontakt\u0117s NFC technologijos \u201eiLOQ S50\u201c neturi rakto skylut\u0117s. U\u017eraktas pritaikytas veikti at\u0161iaurioje aplinkoje ir ekstremaliomis klimato s\u0105lygomis, i\u0161likdamas atsparus vandeniui ir dulk\u0117ms.  I\u0161manusis telefonas kaip raktas u\u017etikrina i\u0161skirtines funkcijas kartu su dideliu saugumu. D\u0117l lankstaus prieigos dalijimosi, laiko apribojim\u0173 ir audito sekos ataskait\u0173 teikimo per or\u0105 galima visi\u0161kai pa\u0161alinti saugumo spragas, atsirandan\u010dias d\u0117l pamest\u0173 rakt\u0173, nekei\u010diant brangiai kainuojan\u010di\u0173 spyn\u0173 ir rakt\u0173.  Cilindro korpuso ilgis - 30 mm. Cilindro ilgis gali b\u016bti lengvai prat\u0119siamas nuo 5 mm iki 100 mm rai\u0161kos, naudojant prailgintuvus. Moduliniai prailginimo sprendimai leid\u017eia lanks\u010diai kaupti atsargas ir lengvai keisti ilg\u012f montavimo vietose. Modulin\u0117 sistema taip pat leid\u017eia naudoti \u012fvairius cilindr\u0173 derinius: pusinius, su ranken\u0117l\u0117mis ir dvigubus cilindrus. Cilindras gali b\u016bti dviej\u0173 skirting\u0173 skaitytuvo ilgi\u0173: trumpo ir ilgo. Trumpojo skaitytuvo pad\u0117t\u012f galima reguliuoti 2 mm, o ilgojo - 4 mm, 2 mm \u017eingsniais.  Kad atitikt\u0173 Nyderland\u0173 SKG*** arba Vokietijos VdS BZ reikalavimus, naudokite D50S.3XXA cilindr\u0105 (sertifikatai rengiami).  Funkcij\u0173 santrauka - Be baterijos programuojamas elektromechanin\u0117s spynos cilindras, skirtas iLOQ S50 u\u017erakt\u0173 sistemai.  - Maitinamas NFC: u\u017eraktui nereikia baterij\u0173  - atidarymas naudojant NFC funkcij\u0105 turint\u012f \u201eAndroid\u201c \/ \u201eiOS\u201c telefon\u0105 arba \u201eiLOQ K55S\u201c rakt\u0173 d\u0117kl\u0105  - Apsaugota naudojant galing\u0105 AES-256 \u0161ifravim\u0105 ir abipus\u012f autenti\u0161kumo patvirtinim\u0105  - Suderinamas su DIN 18252 Europrofile cilindro standartu  - Modulin\u0117 konstrukcija, leid\u017eianti lengvai konfig\u016bruoti pus\u0117s, dvigubos ar pasukamos ranken\u0117l\u0117s versij\u0105 ir reguliuoti cilindro ilg\u012f  - Ilg\u012f galima prat\u0119sti 5 mm \u017eingsniais iki 70 mm  - Pradinis programavimas naudojant kompiuter\u012f ir \u201eiLOQ P55S.1\u201c programavimo \u017eeton\u0105, prijungt\u0105 prie serverio  - Prieigos teisi\u0173 s\u0105ra\u0161as prieigos grup\u0117ms  - Atskir\u0173 pamest\u0173 rakt\u0173 blok\u0173 s\u0105ra\u0161as  - Vidinis audito sekos \u012fra\u0161as su laiko \u017eyma (galima konfig\u016bruoti \u012fjungti \/ i\u0161jungti)  - Palaikomi laiko apribojimai  - Galima sukonfig\u016bruoti taip, kad b\u016bt\u0173 reikalaujama atidarymo autenti\u0161kumo patvirtinimo internetu  - Perprogramavimas raktais (Android\/iOS telefonu arba K55S rakt\u0173 d\u0117klu)  - Atnaujinama programin\u0117 \u012franga\" \/>\n<meta property=\"og:url\" content=\"https:\/\/xkodas.com\/en\/shop\/iloq-ismaniosios-spynos\/d50s-711-sd-100-europrofilio-anti-panikos-cilindras-su-trumpu-skaitytuvu-100-30-mm\/\" \/>\n<meta property=\"og:site_name\" content=\"Xkodas\" \/>\n<meta property=\"article:publisher\" content=\"https:\/\/www.facebook.com\/xkodas.lt\" \/>\n<meta property=\"article:modified_time\" content=\"2024-11-18T13:05:29+00:00\" \/>\n<meta property=\"og:image\" content=\"https:\/\/xkodas.com\/wp-content\/uploads\/2024\/10\/D50S.711.SD_.100-product.png\" \/>\n\t<meta property=\"og:image:width\" content=\"1000\" \/>\n\t<meta property=\"og:image:height\" content=\"1000\" \/>\n\t<meta property=\"og:image:type\" content=\"image\/png\" \/>\n<meta name=\"twitter:card\" content=\"summary_large_image\" \/>\n<meta name=\"twitter:label1\" content=\"Estimated reading time\" \/>\n\t<meta name=\"twitter:data1\" content=\"1 minute\" \/>\n<script type=\"application\/ld+json\" class=\"yoast-schema-graph\">{\"@context\":\"https:\\\/\\\/schema.org\",\"@graph\":[{\"@type\":\"WebPage\",\"@id\":\"https:\\\/\\\/xkodas.com\\\/en\\\/shop\\\/iloq-ismaniosios-spynos\\\/d50s-711-sd-100-europrofilio-anti-panikos-cilindras-su-trumpu-skaitytuvu-100-30-mm\\\/\",\"url\":\"https:\\\/\\\/xkodas.com\\\/en\\\/shop\\\/iloq-ismaniosios-spynos\\\/d50s-711-sd-100-europrofilio-anti-panikos-cilindras-su-trumpu-skaitytuvu-100-30-mm\\\/\",\"name\":\"D50S.711.SD.100 Europrofilio anti-panikos cilindras su trumpu skaitytuvu (100\\\/30 mm) - Xkodas\",\"isPartOf\":{\"@id\":\"https:\\\/\\\/xkodas.com\\\/en\\\/#website\"},\"primaryImageOfPage\":{\"@id\":\"https:\\\/\\\/xkodas.com\\\/en\\\/shop\\\/iloq-ismaniosios-spynos\\\/d50s-711-sd-100-europrofilio-anti-panikos-cilindras-su-trumpu-skaitytuvu-100-30-mm\\\/#primaryimage\"},\"image\":{\"@id\":\"https:\\\/\\\/xkodas.com\\\/en\\\/shop\\\/iloq-ismaniosios-spynos\\\/d50s-711-sd-100-europrofilio-anti-panikos-cilindras-su-trumpu-skaitytuvu-100-30-mm\\\/#primaryimage\"},\"thumbnailUrl\":\"https:\\\/\\\/xkodas.com\\\/wp-content\\\/uploads\\\/2024\\\/10\\\/D50S.711.SD_.100-product.png\",\"datePublished\":\"2024-10-28T07:05:07+00:00\",\"dateModified\":\"2024-11-18T13:05:29+00:00\",\"breadcrumb\":{\"@id\":\"https:\\\/\\\/xkodas.com\\\/en\\\/shop\\\/iloq-ismaniosios-spynos\\\/d50s-711-sd-100-europrofilio-anti-panikos-cilindras-su-trumpu-skaitytuvu-100-30-mm\\\/#breadcrumb\"},\"inLanguage\":\"en-GB\",\"potentialAction\":[{\"@type\":\"ReadAction\",\"target\":[\"https:\\\/\\\/xkodas.com\\\/en\\\/shop\\\/iloq-ismaniosios-spynos\\\/d50s-711-sd-100-europrofilio-anti-panikos-cilindras-su-trumpu-skaitytuvu-100-30-mm\\\/\"]}]},{\"@type\":\"ImageObject\",\"inLanguage\":\"en-GB\",\"@id\":\"https:\\\/\\\/xkodas.com\\\/en\\\/shop\\\/iloq-ismaniosios-spynos\\\/d50s-711-sd-100-europrofilio-anti-panikos-cilindras-su-trumpu-skaitytuvu-100-30-mm\\\/#primaryimage\",\"url\":\"https:\\\/\\\/xkodas.com\\\/wp-content\\\/uploads\\\/2024\\\/10\\\/D50S.711.SD_.100-product.png\",\"contentUrl\":\"https:\\\/\\\/xkodas.com\\\/wp-content\\\/uploads\\\/2024\\\/10\\\/D50S.711.SD_.100-product.png\",\"width\":1000,\"height\":1000},{\"@type\":\"BreadcrumbList\",\"@id\":\"https:\\\/\\\/xkodas.com\\\/en\\\/shop\\\/iloq-ismaniosios-spynos\\\/d50s-711-sd-100-europrofilio-anti-panikos-cilindras-su-trumpu-skaitytuvu-100-30-mm\\\/#breadcrumb\",\"itemListElement\":[{\"@type\":\"ListItem\",\"position\":1,\"name\":\"Home\",\"item\":\"https:\\\/\\\/xkodas.com\\\/en\\\/ismaniosios-spynos-visu-tipu-raktai-seifai-xkodas\\\/\"},{\"@type\":\"ListItem\",\"position\":2,\"name\":\"Parduotuv\u0117\",\"item\":\"https:\\\/\\\/xkodas.com\\\/parduotuve\\\/\"},{\"@type\":\"ListItem\",\"position\":3,\"name\":\"D50S.711.SD.100 Europrofilio anti-panikos cilindras su trumpu skaitytuvu (100\\\/30 mm)\"}]},{\"@type\":\"WebSite\",\"@id\":\"https:\\\/\\\/xkodas.com\\\/en\\\/#website\",\"url\":\"https:\\\/\\\/xkodas.com\\\/en\\\/\",\"name\":\"Xkodas\",\"description\":\"I\u0161maniosios spynos, rakt\u0173 gamyba, saugos sistemos\",\"publisher\":{\"@id\":\"https:\\\/\\\/xkodas.com\\\/en\\\/#organization\"},\"potentialAction\":[{\"@type\":\"SearchAction\",\"target\":{\"@type\":\"EntryPoint\",\"urlTemplate\":\"https:\\\/\\\/xkodas.com\\\/en\\\/?s={search_term_string}\"},\"query-input\":{\"@type\":\"PropertyValueSpecification\",\"valueRequired\":true,\"valueName\":\"search_term_string\"}}],\"inLanguage\":\"en-GB\"},{\"@type\":\"Organization\",\"@id\":\"https:\\\/\\\/xkodas.com\\\/en\\\/#organization\",\"name\":\"Xkodas\",\"url\":\"https:\\\/\\\/xkodas.com\\\/en\\\/\",\"logo\":{\"@type\":\"ImageObject\",\"inLanguage\":\"en-GB\",\"@id\":\"https:\\\/\\\/xkodas.com\\\/en\\\/#\\\/schema\\\/logo\\\/image\\\/\",\"url\":\"http:\\\/\\\/xkodas.com\\\/wp-content\\\/uploads\\\/2020\\\/02\\\/Xkodas_logo_baltas_500x500-2.jpg\",\"contentUrl\":\"http:\\\/\\\/xkodas.com\\\/wp-content\\\/uploads\\\/2020\\\/02\\\/Xkodas_logo_baltas_500x500-2.jpg\",\"width\":100,\"height\":100,\"caption\":\"Xkodas\"},\"image\":{\"@id\":\"https:\\\/\\\/xkodas.com\\\/en\\\/#\\\/schema\\\/logo\\\/image\\\/\"},\"sameAs\":[\"https:\\\/\\\/www.facebook.com\\\/xkodas.lt\"]}]}<\/script>\n<!-- \/ Yoast SEO plugin. -->","yoast_head_json":{"title":"D50S.711.SD.100 Europrofilio anti-panikos cilindras su trumpu skaitytuvu (100\/30 mm) - Xkodas","robots":{"index":"index","follow":"follow","max-snippet":"max-snippet:-1","max-image-preview":"max-image-preview:large","max-video-preview":"max-video-preview:-1"},"canonical":"https:\/\/xkodas.com\/en\/shop\/iloq-ismaniosios-spynos\/d50s-711-sd-100-europrofilio-anti-panikos-cilindras-su-trumpu-skaitytuvu-100-30-mm\/","og_locale":"en_GB","og_type":"article","og_title":"D50S.711.SD.100 Europrofilio anti-panikos cilindras su trumpu skaitytuvu (100\/30 mm) - Xkodas","og_description":"Patentuota, apdovanojimus pelniusi \u201eiLOQ S50\u201c u\u017erakto sistema u\u017etikrina pa\u017eangi\u0105 apsaug\u0105 ir patogias prieigos dalijimosi funkcijas pagrindinio rakto u\u017erakto aplinkoje.  Europrofilio cilindrai \u201eiLOQ D50S\u201c belaid\u017eiu b\u016bdu surenka elektros energij\u0105 i\u0161 NFC lauko. \u0160i technologija i\u0161man\u0173j\u012f telefon\u0105 paver\u010dia raktu ir energijos \u0161altiniu, tod\u0117l spyna visi\u0161kai nenaudoja baterijos. Kadangi nereikia baterij\u0173, spynos nereikalauja prie\u017ei\u016bros ir yra ekologi\u0161kas ekologi\u0161kas sprendimas, kuris suma\u017eina darbo kr\u016bv\u012f, i\u0161laidas, atliekas ir \u017eal\u0105, susijusi\u0105 su baterijomis maitinamais sprendimais.  D\u0117l bekontakt\u0117s NFC technologijos \u201eiLOQ S50\u201c neturi rakto skylut\u0117s. U\u017eraktas pritaikytas veikti at\u0161iaurioje aplinkoje ir ekstremaliomis klimato s\u0105lygomis, i\u0161likdamas atsparus vandeniui ir dulk\u0117ms.  I\u0161manusis telefonas kaip raktas u\u017etikrina i\u0161skirtines funkcijas kartu su dideliu saugumu. D\u0117l lankstaus prieigos dalijimosi, laiko apribojim\u0173 ir audito sekos ataskait\u0173 teikimo per or\u0105 galima visi\u0161kai pa\u0161alinti saugumo spragas, atsirandan\u010dias d\u0117l pamest\u0173 rakt\u0173, nekei\u010diant brangiai kainuojan\u010di\u0173 spyn\u0173 ir rakt\u0173.  Cilindro korpuso ilgis - 30 mm. Cilindro ilgis gali b\u016bti lengvai prat\u0119siamas nuo 5 mm iki 100 mm rai\u0161kos, naudojant prailgintuvus. Moduliniai prailginimo sprendimai leid\u017eia lanks\u010diai kaupti atsargas ir lengvai keisti ilg\u012f montavimo vietose. Modulin\u0117 sistema taip pat leid\u017eia naudoti \u012fvairius cilindr\u0173 derinius: pusinius, su ranken\u0117l\u0117mis ir dvigubus cilindrus. Cilindras gali b\u016bti dviej\u0173 skirting\u0173 skaitytuvo ilgi\u0173: trumpo ir ilgo. Trumpojo skaitytuvo pad\u0117t\u012f galima reguliuoti 2 mm, o ilgojo - 4 mm, 2 mm \u017eingsniais.  Kad atitikt\u0173 Nyderland\u0173 SKG*** arba Vokietijos VdS BZ reikalavimus, naudokite D50S.3XXA cilindr\u0105 (sertifikatai rengiami).  Funkcij\u0173 santrauka - Be baterijos programuojamas elektromechanin\u0117s spynos cilindras, skirtas iLOQ S50 u\u017erakt\u0173 sistemai.  - Maitinamas NFC: u\u017eraktui nereikia baterij\u0173  - atidarymas naudojant NFC funkcij\u0105 turint\u012f \u201eAndroid\u201c \/ \u201eiOS\u201c telefon\u0105 arba \u201eiLOQ K55S\u201c rakt\u0173 d\u0117kl\u0105  - Apsaugota naudojant galing\u0105 AES-256 \u0161ifravim\u0105 ir abipus\u012f autenti\u0161kumo patvirtinim\u0105  - Suderinamas su DIN 18252 Europrofile cilindro standartu  - Modulin\u0117 konstrukcija, leid\u017eianti lengvai konfig\u016bruoti pus\u0117s, dvigubos ar pasukamos ranken\u0117l\u0117s versij\u0105 ir reguliuoti cilindro ilg\u012f  - Ilg\u012f galima prat\u0119sti 5 mm \u017eingsniais iki 70 mm  - Pradinis programavimas naudojant kompiuter\u012f ir \u201eiLOQ P55S.1\u201c programavimo \u017eeton\u0105, prijungt\u0105 prie serverio  - Prieigos teisi\u0173 s\u0105ra\u0161as prieigos grup\u0117ms  - Atskir\u0173 pamest\u0173 rakt\u0173 blok\u0173 s\u0105ra\u0161as  - Vidinis audito sekos \u012fra\u0161as su laiko \u017eyma (galima konfig\u016bruoti \u012fjungti \/ i\u0161jungti)  - Palaikomi laiko apribojimai  - Galima sukonfig\u016bruoti taip, kad b\u016bt\u0173 reikalaujama atidarymo autenti\u0161kumo patvirtinimo internetu  - Perprogramavimas raktais (Android\/iOS telefonu arba K55S rakt\u0173 d\u0117klu)  - Atnaujinama programin\u0117 \u012franga","og_url":"https:\/\/xkodas.com\/en\/shop\/iloq-ismaniosios-spynos\/d50s-711-sd-100-europrofilio-anti-panikos-cilindras-su-trumpu-skaitytuvu-100-30-mm\/","og_site_name":"Xkodas","article_publisher":"https:\/\/www.facebook.com\/xkodas.lt","article_modified_time":"2024-11-18T13:05:29+00:00","og_image":[{"width":1000,"height":1000,"url":"https:\/\/xkodas.com\/wp-content\/uploads\/2024\/10\/D50S.711.SD_.100-product.png","type":"image\/png"}],"twitter_card":"summary_large_image","twitter_misc":{"Estimated reading time":"1 minute"},"schema":{"@context":"https:\/\/schema.org","@graph":[{"@type":"WebPage","@id":"https:\/\/xkodas.com\/en\/shop\/iloq-ismaniosios-spynos\/d50s-711-sd-100-europrofilio-anti-panikos-cilindras-su-trumpu-skaitytuvu-100-30-mm\/","url":"https:\/\/xkodas.com\/en\/shop\/iloq-ismaniosios-spynos\/d50s-711-sd-100-europrofilio-anti-panikos-cilindras-su-trumpu-skaitytuvu-100-30-mm\/","name":"D50S.711.SD.100 Europrofilio anti-panikos cilindras su trumpu skaitytuvu (100\/30 mm) - Xkodas","isPartOf":{"@id":"https:\/\/xkodas.com\/en\/#website"},"primaryImageOfPage":{"@id":"https:\/\/xkodas.com\/en\/shop\/iloq-ismaniosios-spynos\/d50s-711-sd-100-europrofilio-anti-panikos-cilindras-su-trumpu-skaitytuvu-100-30-mm\/#primaryimage"},"image":{"@id":"https:\/\/xkodas.com\/en\/shop\/iloq-ismaniosios-spynos\/d50s-711-sd-100-europrofilio-anti-panikos-cilindras-su-trumpu-skaitytuvu-100-30-mm\/#primaryimage"},"thumbnailUrl":"https:\/\/xkodas.com\/wp-content\/uploads\/2024\/10\/D50S.711.SD_.100-product.png","datePublished":"2024-10-28T07:05:07+00:00","dateModified":"2024-11-18T13:05:29+00:00","breadcrumb":{"@id":"https:\/\/xkodas.com\/en\/shop\/iloq-ismaniosios-spynos\/d50s-711-sd-100-europrofilio-anti-panikos-cilindras-su-trumpu-skaitytuvu-100-30-mm\/#breadcrumb"},"inLanguage":"en-GB","potentialAction":[{"@type":"ReadAction","target":["https:\/\/xkodas.com\/en\/shop\/iloq-ismaniosios-spynos\/d50s-711-sd-100-europrofilio-anti-panikos-cilindras-su-trumpu-skaitytuvu-100-30-mm\/"]}]},{"@type":"ImageObject","inLanguage":"en-GB","@id":"https:\/\/xkodas.com\/en\/shop\/iloq-ismaniosios-spynos\/d50s-711-sd-100-europrofilio-anti-panikos-cilindras-su-trumpu-skaitytuvu-100-30-mm\/#primaryimage","url":"https:\/\/xkodas.com\/wp-content\/uploads\/2024\/10\/D50S.711.SD_.100-product.png","contentUrl":"https:\/\/xkodas.com\/wp-content\/uploads\/2024\/10\/D50S.711.SD_.100-product.png","width":1000,"height":1000},{"@type":"BreadcrumbList","@id":"https:\/\/xkodas.com\/en\/shop\/iloq-ismaniosios-spynos\/d50s-711-sd-100-europrofilio-anti-panikos-cilindras-su-trumpu-skaitytuvu-100-30-mm\/#breadcrumb","itemListElement":[{"@type":"ListItem","position":1,"name":"Home","item":"https:\/\/xkodas.com\/en\/ismaniosios-spynos-visu-tipu-raktai-seifai-xkodas\/"},{"@type":"ListItem","position":2,"name":"Parduotuv\u0117","item":"https:\/\/xkodas.com\/parduotuve\/"},{"@type":"ListItem","position":3,"name":"D50S.711.SD.100 Europrofilio anti-panikos cilindras su trumpu skaitytuvu (100\/30 mm)"}]},{"@type":"WebSite","@id":"https:\/\/xkodas.com\/en\/#website","url":"https:\/\/xkodas.com\/en\/","name":"Xkodas","description":"I\u0161maniosios spynos, rakt\u0173 gamyba, saugos sistemos","publisher":{"@id":"https:\/\/xkodas.com\/en\/#organization"},"potentialAction":[{"@type":"SearchAction","target":{"@type":"EntryPoint","urlTemplate":"https:\/\/xkodas.com\/en\/?s={search_term_string}"},"query-input":{"@type":"PropertyValueSpecification","valueRequired":true,"valueName":"search_term_string"}}],"inLanguage":"en-GB"},{"@type":"Organization","@id":"https:\/\/xkodas.com\/en\/#organization","name":"Xkodas","url":"https:\/\/xkodas.com\/en\/","logo":{"@type":"ImageObject","inLanguage":"en-GB","@id":"https:\/\/xkodas.com\/en\/#\/schema\/logo\/image\/","url":"http:\/\/xkodas.com\/wp-content\/uploads\/2020\/02\/Xkodas_logo_baltas_500x500-2.jpg","contentUrl":"http:\/\/xkodas.com\/wp-content\/uploads\/2020\/02\/Xkodas_logo_baltas_500x500-2.jpg","width":100,"height":100,"caption":"Xkodas"},"image":{"@id":"https:\/\/xkodas.com\/en\/#\/schema\/logo\/image\/"},"sameAs":["https:\/\/www.facebook.com\/xkodas.lt"]}]}},"_links":{"self":[{"href":"https:\/\/xkodas.com\/en\/wp-json\/wp\/v2\/product\/19215","targetHints":{"allow":["GET"]}}],"collection":[{"href":"https:\/\/xkodas.com\/en\/wp-json\/wp\/v2\/product"}],"about":[{"href":"https:\/\/xkodas.com\/en\/wp-json\/wp\/v2\/types\/product"}],"wp:featuredmedia":[{"embeddable":true,"href":"https:\/\/xkodas.com\/en\/wp-json\/wp\/v2\/media\/20113"}],"wp:attachment":[{"href":"https:\/\/xkodas.com\/en\/wp-json\/wp\/v2\/media?parent=19215"}],"wp:term":[{"taxonomy":"product_brand","embeddable":true,"href":"https:\/\/xkodas.com\/en\/wp-json\/wp\/v2\/product_brand?post=19215"},{"taxonomy":"product_cat","embeddable":true,"href":"https:\/\/xkodas.com\/en\/wp-json\/wp\/v2\/product_cat?post=19215"},{"taxonomy":"product_tag","embeddable":true,"href":"https:\/\/xkodas.com\/en\/wp-json\/wp\/v2\/product_tag?post=19215"}],"curies":[{"name":"wp","href":"https:\/\/api.w.org\/{rel}","templated":true}]}}