{"id":19194,"date":"2024-10-28T06:40:07","date_gmt":"2024-10-28T06:40:07","guid":{"rendered":"https:\/\/xkodas.com\/?post_type=product&#038;p=19194"},"modified":"2024-11-18T12:30:22","modified_gmt":"2024-11-18T12:30:22","slug":"c50s-221-sd-ovalus-cilindras-su-ilgu-skaitytuvu","status":"publish","type":"product","link":"https:\/\/xkodas.com\/en\/shop\/iloq-ismaniosios-spynos\/c50s-221-sd-ovalus-cilindras-su-ilgu-skaitytuvu\/","title":{"rendered":"C50S.221.SD Ovalus cilindras su ilgu skaitytuvu"},"content":{"rendered":"","protected":false},"excerpt":{"rendered":"<p>Patentuota, apdovanojimus pelniusi \u201eiLOQ S50\u201c u\u017erakto sistema u\u017etikrina pa\u017eangi\u0105 apsaug\u0105 ir patogi\u0105 prieigos dalijimosi galimyb\u0119 pagrindinio rakto u\u017erakto aplinkoje.<\/p>\n<p>Europrofilio cilindrai \u201eiLOQ C50S\u201c belaid\u017eiu b\u016bdu renka elektros energij\u0105 i\u0161 NFC lauko, tod\u0117l telefon\u0105 galima naudoti ne tik kaip rakt\u0105, bet ir kaip energijos \u0161altin\u012f, tod\u0117l spyna visi\u0161kai nenaudoja baterijos. Kadangi nereikia baterij\u0173, spynos nereikalauja prie\u017ei\u016bros ir yra aplinkai draugi\u0161kas ekologi\u0161kas sprendimas, kuris pa\u0161alina darb\u0105, i\u0161laidas, atliekas ir \u017eal\u0105, susijusi\u0105 su baterijomis maitinamais sprendimais.<\/p>\n<p>D\u0117l bekontak\u010dio NFC veikimo spyna neturi rakto skylut\u0117s. Ji skirta naudoti at\u0161iaurioje aplinkoje, kur spynas veikia dulk\u0117s, dr\u0117gm\u0117 ir \u012fvairios temperat\u016bros s\u0105lygos &#8211; nuo itin \u0161alto iki kar\u0161to oro.<\/p>\n<p>Telefonas kaip raktas leid\u017eia lanks\u010diai dalytis prieiga su laiko apribojimais ir audito sekos ataskait\u0173 teikimu oro ry\u0161iu. I\u0161laikomas auk\u0161tas saugumo lygis, o d\u0117l pamesto rakto atsiradusias saugumo spragas galima visi\u0161kai pa\u0161alinti be brangiai kainuojan\u010dio spyn\u0173 ir rakt\u0173 keitimo.<\/p>\n<p>Cilindr\u0105 galima \u012fsigyti dviej\u0173 skirting\u0173 skaitytuvo ilgi\u0173: trumpo ir ilgo. Trumpojo skaitytuvo pad\u0117t\u012f galima reguliuoti 2 mm, o ilgojo &#8211; 4 mm \u017eingsniais po 2 mm.<\/p>\n<p>Funkcij\u0173 santrauka<br \/>\n&#8211; Be akumuliatoriaus programuojamas elektromechanin\u0117s spynos cilindras, skirtas \u201eiLOQ S50\u201c u\u017erakt\u0173 sistemai<\/p>\n<p>&#8211; Maitinamas NFC: u\u017eraktui nereikia baterij\u0173<\/p>\n<p>&#8211; Atidaroma naudojant NFC funkcij\u0105 turint\u012f \u201eAndroid\u201c telefon\u0105 arba \u201eiLOQ K55S\u201c rakt\u0173 d\u0117kl\u0105<\/p>\n<p>&#8211; Apsaugota naudojant galing\u0105 AES256 \u0161ifravim\u0105 ir abipus\u012f autenti\u0161kumo patvirtinim\u0105<\/p>\n<p>&#8211; Pradinis programavimas naudojant kompiuter\u012f ir iLOQ P55S.1 Programavimo \u017eetonas, prijungtas prie serverio<\/p>\n<p>&#8211; Prieigos teisi\u0173 s\u0105ra\u0161as prieigos grup\u0117ms<\/p>\n<p>&#8211; Atskir\u0173 pamest\u0173 rakt\u0173 blokavimo s\u0105ra\u0161as<\/p>\n<p>&#8211; Vidinis audito sekos \u012fra\u0161as su laiko \u017eyma (galima konfig\u016bruoti \u012fjungti arba i\u0161jungti)<\/p>\n<p>&#8211; Palaikomi laiko apribojimai<\/p>\n<p>&#8211; Galima sukonfig\u016bruoti taip, kad b\u016bt\u0173 reikalaujama atidarymo autenti\u0161kumo patvirtinimo internetu<\/p>\n<p>&#8211; Pakartotinis programavimas naudojant raktus (\u201eAndroid\u201c telefon\u0105 arba K55S rakt\u0173 d\u0117kl\u0105)<\/p>\n<p>&#8211; Atnaujinama programin\u0117 \u012franga<\/p>\n<p>&#8211; NFC 13,56 MHz apkrovos moduliacija (ASK) ISO\/IEC 14443A, be si\u0173stuvo.<\/p>","protected":false},"featured_media":20097,"template":"","meta":{"_monsterinsights_skip_tracking":false,"_monsterinsights_sitenote_active":false,"_monsterinsights_sitenote_note":"","_monsterinsights_sitenote_category":0},"product_brand":[],"product_cat":[579],"product_tag":[],"class_list":{"0":"post-19194","1":"product","2":"type-product","3":"status-publish","4":"has-post-thumbnail","6":"product_cat-iloq-ismaniosios-spynos","8":"first","9":"instock","10":"taxable","11":"shipping-taxable","12":"product-type-simple"},"yoast_head":"<!-- This site is optimized with the Yoast SEO plugin v27.4 - https:\/\/yoast.com\/product\/yoast-seo-wordpress\/ -->\n<title>C50S.221.SD Ovalus cilindras su ilgu skaitytuvu - Xkodas<\/title>\n<meta name=\"robots\" content=\"index, follow, max-snippet:-1, max-image-preview:large, max-video-preview:-1\" \/>\n<link rel=\"canonical\" href=\"https:\/\/xkodas.com\/en\/shop\/iloq-ismaniosios-spynos\/c50s-221-sd-ovalus-cilindras-su-ilgu-skaitytuvu\/\" \/>\n<meta property=\"og:locale\" content=\"en_GB\" \/>\n<meta property=\"og:type\" content=\"article\" \/>\n<meta property=\"og:title\" content=\"C50S.221.SD Ovalus cilindras su ilgu skaitytuvu - Xkodas\" \/>\n<meta property=\"og:description\" content=\"Patentuota, apdovanojimus pelniusi \u201eiLOQ S50\u201c u\u017erakto sistema u\u017etikrina pa\u017eangi\u0105 apsaug\u0105 ir patogi\u0105 prieigos dalijimosi galimyb\u0119 pagrindinio rakto u\u017erakto aplinkoje.  Europrofilio cilindrai \u201eiLOQ C50S\u201c belaid\u017eiu b\u016bdu renka elektros energij\u0105 i\u0161 NFC lauko, tod\u0117l telefon\u0105 galima naudoti ne tik kaip rakt\u0105, bet ir kaip energijos \u0161altin\u012f, tod\u0117l spyna visi\u0161kai nenaudoja baterijos. Kadangi nereikia baterij\u0173, spynos nereikalauja prie\u017ei\u016bros ir yra aplinkai draugi\u0161kas ekologi\u0161kas sprendimas, kuris pa\u0161alina darb\u0105, i\u0161laidas, atliekas ir \u017eal\u0105, susijusi\u0105 su baterijomis maitinamais sprendimais.  D\u0117l bekontak\u010dio NFC veikimo spyna neturi rakto skylut\u0117s. Ji skirta naudoti at\u0161iaurioje aplinkoje, kur spynas veikia dulk\u0117s, dr\u0117gm\u0117 ir \u012fvairios temperat\u016bros s\u0105lygos - nuo itin \u0161alto iki kar\u0161to oro.  Telefonas kaip raktas leid\u017eia lanks\u010diai dalytis prieiga su laiko apribojimais ir audito sekos ataskait\u0173 teikimu oro ry\u0161iu. I\u0161laikomas auk\u0161tas saugumo lygis, o d\u0117l pamesto rakto atsiradusias saugumo spragas galima visi\u0161kai pa\u0161alinti be brangiai kainuojan\u010dio spyn\u0173 ir rakt\u0173 keitimo.  Cilindr\u0105 galima \u012fsigyti dviej\u0173 skirting\u0173 skaitytuvo ilgi\u0173: trumpo ir ilgo. Trumpojo skaitytuvo pad\u0117t\u012f galima reguliuoti 2 mm, o ilgojo - 4 mm \u017eingsniais po 2 mm.  Funkcij\u0173 santrauka - Be akumuliatoriaus programuojamas elektromechanin\u0117s spynos cilindras, skirtas \u201eiLOQ S50\u201c u\u017erakt\u0173 sistemai  - Maitinamas NFC: u\u017eraktui nereikia baterij\u0173  - Atidaroma naudojant NFC funkcij\u0105 turint\u012f \u201eAndroid\u201c telefon\u0105 arba \u201eiLOQ K55S\u201c rakt\u0173 d\u0117kl\u0105  - Apsaugota naudojant galing\u0105 AES256 \u0161ifravim\u0105 ir abipus\u012f autenti\u0161kumo patvirtinim\u0105  - Pradinis programavimas naudojant kompiuter\u012f ir iLOQ P55S.1 Programavimo \u017eetonas, prijungtas prie serverio  - Prieigos teisi\u0173 s\u0105ra\u0161as prieigos grup\u0117ms  - Atskir\u0173 pamest\u0173 rakt\u0173 blokavimo s\u0105ra\u0161as  - Vidinis audito sekos \u012fra\u0161as su laiko \u017eyma (galima konfig\u016bruoti \u012fjungti arba i\u0161jungti)  - Palaikomi laiko apribojimai  - Galima sukonfig\u016bruoti taip, kad b\u016bt\u0173 reikalaujama atidarymo autenti\u0161kumo patvirtinimo internetu  - Pakartotinis programavimas naudojant raktus (\u201eAndroid\u201c telefon\u0105 arba K55S rakt\u0173 d\u0117kl\u0105)  - Atnaujinama programin\u0117 \u012franga  - NFC 13,56 MHz apkrovos moduliacija (ASK) ISO\/IEC 14443A, be si\u0173stuvo.\" \/>\n<meta property=\"og:url\" content=\"https:\/\/xkodas.com\/en\/shop\/iloq-ismaniosios-spynos\/c50s-221-sd-ovalus-cilindras-su-ilgu-skaitytuvu\/\" \/>\n<meta property=\"og:site_name\" content=\"Xkodas\" \/>\n<meta property=\"article:publisher\" content=\"https:\/\/www.facebook.com\/xkodas.lt\" \/>\n<meta property=\"article:modified_time\" content=\"2024-11-18T12:30:22+00:00\" \/>\n<meta property=\"og:image\" content=\"https:\/\/xkodas.com\/wp-content\/uploads\/2024\/10\/C50S.221.SD-product.png\" \/>\n\t<meta property=\"og:image:width\" content=\"1000\" \/>\n\t<meta property=\"og:image:height\" content=\"1000\" \/>\n\t<meta property=\"og:image:type\" content=\"image\/png\" \/>\n<meta name=\"twitter:card\" content=\"summary_large_image\" \/>\n<meta name=\"twitter:label1\" content=\"Estimated reading time\" \/>\n\t<meta name=\"twitter:data1\" content=\"1 minute\" \/>\n<script type=\"application\/ld+json\" class=\"yoast-schema-graph\">{\"@context\":\"https:\\\/\\\/schema.org\",\"@graph\":[{\"@type\":\"WebPage\",\"@id\":\"https:\\\/\\\/xkodas.com\\\/en\\\/shop\\\/iloq-ismaniosios-spynos\\\/c50s-221-sd-ovalus-cilindras-su-ilgu-skaitytuvu\\\/\",\"url\":\"https:\\\/\\\/xkodas.com\\\/en\\\/shop\\\/iloq-ismaniosios-spynos\\\/c50s-221-sd-ovalus-cilindras-su-ilgu-skaitytuvu\\\/\",\"name\":\"C50S.221.SD Ovalus cilindras su ilgu skaitytuvu - Xkodas\",\"isPartOf\":{\"@id\":\"https:\\\/\\\/xkodas.com\\\/en\\\/#website\"},\"primaryImageOfPage\":{\"@id\":\"https:\\\/\\\/xkodas.com\\\/en\\\/shop\\\/iloq-ismaniosios-spynos\\\/c50s-221-sd-ovalus-cilindras-su-ilgu-skaitytuvu\\\/#primaryimage\"},\"image\":{\"@id\":\"https:\\\/\\\/xkodas.com\\\/en\\\/shop\\\/iloq-ismaniosios-spynos\\\/c50s-221-sd-ovalus-cilindras-su-ilgu-skaitytuvu\\\/#primaryimage\"},\"thumbnailUrl\":\"https:\\\/\\\/xkodas.com\\\/wp-content\\\/uploads\\\/2024\\\/10\\\/C50S.221.SD-product.png\",\"datePublished\":\"2024-10-28T06:40:07+00:00\",\"dateModified\":\"2024-11-18T12:30:22+00:00\",\"breadcrumb\":{\"@id\":\"https:\\\/\\\/xkodas.com\\\/en\\\/shop\\\/iloq-ismaniosios-spynos\\\/c50s-221-sd-ovalus-cilindras-su-ilgu-skaitytuvu\\\/#breadcrumb\"},\"inLanguage\":\"en-GB\",\"potentialAction\":[{\"@type\":\"ReadAction\",\"target\":[\"https:\\\/\\\/xkodas.com\\\/en\\\/shop\\\/iloq-ismaniosios-spynos\\\/c50s-221-sd-ovalus-cilindras-su-ilgu-skaitytuvu\\\/\"]}]},{\"@type\":\"ImageObject\",\"inLanguage\":\"en-GB\",\"@id\":\"https:\\\/\\\/xkodas.com\\\/en\\\/shop\\\/iloq-ismaniosios-spynos\\\/c50s-221-sd-ovalus-cilindras-su-ilgu-skaitytuvu\\\/#primaryimage\",\"url\":\"https:\\\/\\\/xkodas.com\\\/wp-content\\\/uploads\\\/2024\\\/10\\\/C50S.221.SD-product.png\",\"contentUrl\":\"https:\\\/\\\/xkodas.com\\\/wp-content\\\/uploads\\\/2024\\\/10\\\/C50S.221.SD-product.png\",\"width\":1000,\"height\":1000},{\"@type\":\"BreadcrumbList\",\"@id\":\"https:\\\/\\\/xkodas.com\\\/en\\\/shop\\\/iloq-ismaniosios-spynos\\\/c50s-221-sd-ovalus-cilindras-su-ilgu-skaitytuvu\\\/#breadcrumb\",\"itemListElement\":[{\"@type\":\"ListItem\",\"position\":1,\"name\":\"Home\",\"item\":\"https:\\\/\\\/xkodas.com\\\/en\\\/ismaniosios-spynos-visu-tipu-raktai-seifai-xkodas\\\/\"},{\"@type\":\"ListItem\",\"position\":2,\"name\":\"Parduotuv\u0117\",\"item\":\"https:\\\/\\\/xkodas.com\\\/parduotuve\\\/\"},{\"@type\":\"ListItem\",\"position\":3,\"name\":\"C50S.221.SD Ovalus cilindras su ilgu skaitytuvu\"}]},{\"@type\":\"WebSite\",\"@id\":\"https:\\\/\\\/xkodas.com\\\/en\\\/#website\",\"url\":\"https:\\\/\\\/xkodas.com\\\/en\\\/\",\"name\":\"Xkodas\",\"description\":\"I\u0161maniosios spynos, rakt\u0173 gamyba, saugos sistemos\",\"publisher\":{\"@id\":\"https:\\\/\\\/xkodas.com\\\/en\\\/#organization\"},\"potentialAction\":[{\"@type\":\"SearchAction\",\"target\":{\"@type\":\"EntryPoint\",\"urlTemplate\":\"https:\\\/\\\/xkodas.com\\\/en\\\/?s={search_term_string}\"},\"query-input\":{\"@type\":\"PropertyValueSpecification\",\"valueRequired\":true,\"valueName\":\"search_term_string\"}}],\"inLanguage\":\"en-GB\"},{\"@type\":\"Organization\",\"@id\":\"https:\\\/\\\/xkodas.com\\\/en\\\/#organization\",\"name\":\"Xkodas\",\"url\":\"https:\\\/\\\/xkodas.com\\\/en\\\/\",\"logo\":{\"@type\":\"ImageObject\",\"inLanguage\":\"en-GB\",\"@id\":\"https:\\\/\\\/xkodas.com\\\/en\\\/#\\\/schema\\\/logo\\\/image\\\/\",\"url\":\"http:\\\/\\\/xkodas.com\\\/wp-content\\\/uploads\\\/2020\\\/02\\\/Xkodas_logo_baltas_500x500-2.jpg\",\"contentUrl\":\"http:\\\/\\\/xkodas.com\\\/wp-content\\\/uploads\\\/2020\\\/02\\\/Xkodas_logo_baltas_500x500-2.jpg\",\"width\":100,\"height\":100,\"caption\":\"Xkodas\"},\"image\":{\"@id\":\"https:\\\/\\\/xkodas.com\\\/en\\\/#\\\/schema\\\/logo\\\/image\\\/\"},\"sameAs\":[\"https:\\\/\\\/www.facebook.com\\\/xkodas.lt\"]}]}<\/script>\n<!-- \/ Yoast SEO plugin. -->","yoast_head_json":{"title":"C50S.221.SD Ovalus cilindras su ilgu skaitytuvu - Xkodas","robots":{"index":"index","follow":"follow","max-snippet":"max-snippet:-1","max-image-preview":"max-image-preview:large","max-video-preview":"max-video-preview:-1"},"canonical":"https:\/\/xkodas.com\/en\/shop\/iloq-ismaniosios-spynos\/c50s-221-sd-ovalus-cilindras-su-ilgu-skaitytuvu\/","og_locale":"en_GB","og_type":"article","og_title":"C50S.221.SD Ovalus cilindras su ilgu skaitytuvu - Xkodas","og_description":"Patentuota, apdovanojimus pelniusi \u201eiLOQ S50\u201c u\u017erakto sistema u\u017etikrina pa\u017eangi\u0105 apsaug\u0105 ir patogi\u0105 prieigos dalijimosi galimyb\u0119 pagrindinio rakto u\u017erakto aplinkoje.  Europrofilio cilindrai \u201eiLOQ C50S\u201c belaid\u017eiu b\u016bdu renka elektros energij\u0105 i\u0161 NFC lauko, tod\u0117l telefon\u0105 galima naudoti ne tik kaip rakt\u0105, bet ir kaip energijos \u0161altin\u012f, tod\u0117l spyna visi\u0161kai nenaudoja baterijos. Kadangi nereikia baterij\u0173, spynos nereikalauja prie\u017ei\u016bros ir yra aplinkai draugi\u0161kas ekologi\u0161kas sprendimas, kuris pa\u0161alina darb\u0105, i\u0161laidas, atliekas ir \u017eal\u0105, susijusi\u0105 su baterijomis maitinamais sprendimais.  D\u0117l bekontak\u010dio NFC veikimo spyna neturi rakto skylut\u0117s. Ji skirta naudoti at\u0161iaurioje aplinkoje, kur spynas veikia dulk\u0117s, dr\u0117gm\u0117 ir \u012fvairios temperat\u016bros s\u0105lygos - nuo itin \u0161alto iki kar\u0161to oro.  Telefonas kaip raktas leid\u017eia lanks\u010diai dalytis prieiga su laiko apribojimais ir audito sekos ataskait\u0173 teikimu oro ry\u0161iu. I\u0161laikomas auk\u0161tas saugumo lygis, o d\u0117l pamesto rakto atsiradusias saugumo spragas galima visi\u0161kai pa\u0161alinti be brangiai kainuojan\u010dio spyn\u0173 ir rakt\u0173 keitimo.  Cilindr\u0105 galima \u012fsigyti dviej\u0173 skirting\u0173 skaitytuvo ilgi\u0173: trumpo ir ilgo. Trumpojo skaitytuvo pad\u0117t\u012f galima reguliuoti 2 mm, o ilgojo - 4 mm \u017eingsniais po 2 mm.  Funkcij\u0173 santrauka - Be akumuliatoriaus programuojamas elektromechanin\u0117s spynos cilindras, skirtas \u201eiLOQ S50\u201c u\u017erakt\u0173 sistemai  - Maitinamas NFC: u\u017eraktui nereikia baterij\u0173  - Atidaroma naudojant NFC funkcij\u0105 turint\u012f \u201eAndroid\u201c telefon\u0105 arba \u201eiLOQ K55S\u201c rakt\u0173 d\u0117kl\u0105  - Apsaugota naudojant galing\u0105 AES256 \u0161ifravim\u0105 ir abipus\u012f autenti\u0161kumo patvirtinim\u0105  - Pradinis programavimas naudojant kompiuter\u012f ir iLOQ P55S.1 Programavimo \u017eetonas, prijungtas prie serverio  - Prieigos teisi\u0173 s\u0105ra\u0161as prieigos grup\u0117ms  - Atskir\u0173 pamest\u0173 rakt\u0173 blokavimo s\u0105ra\u0161as  - Vidinis audito sekos \u012fra\u0161as su laiko \u017eyma (galima konfig\u016bruoti \u012fjungti arba i\u0161jungti)  - Palaikomi laiko apribojimai  - Galima sukonfig\u016bruoti taip, kad b\u016bt\u0173 reikalaujama atidarymo autenti\u0161kumo patvirtinimo internetu  - Pakartotinis programavimas naudojant raktus (\u201eAndroid\u201c telefon\u0105 arba K55S rakt\u0173 d\u0117kl\u0105)  - Atnaujinama programin\u0117 \u012franga  - NFC 13,56 MHz apkrovos moduliacija (ASK) ISO\/IEC 14443A, be si\u0173stuvo.","og_url":"https:\/\/xkodas.com\/en\/shop\/iloq-ismaniosios-spynos\/c50s-221-sd-ovalus-cilindras-su-ilgu-skaitytuvu\/","og_site_name":"Xkodas","article_publisher":"https:\/\/www.facebook.com\/xkodas.lt","article_modified_time":"2024-11-18T12:30:22+00:00","og_image":[{"width":1000,"height":1000,"url":"https:\/\/xkodas.com\/wp-content\/uploads\/2024\/10\/C50S.221.SD-product.png","type":"image\/png"}],"twitter_card":"summary_large_image","twitter_misc":{"Estimated reading time":"1 minute"},"schema":{"@context":"https:\/\/schema.org","@graph":[{"@type":"WebPage","@id":"https:\/\/xkodas.com\/en\/shop\/iloq-ismaniosios-spynos\/c50s-221-sd-ovalus-cilindras-su-ilgu-skaitytuvu\/","url":"https:\/\/xkodas.com\/en\/shop\/iloq-ismaniosios-spynos\/c50s-221-sd-ovalus-cilindras-su-ilgu-skaitytuvu\/","name":"C50S.221.SD Ovalus cilindras su ilgu skaitytuvu - Xkodas","isPartOf":{"@id":"https:\/\/xkodas.com\/en\/#website"},"primaryImageOfPage":{"@id":"https:\/\/xkodas.com\/en\/shop\/iloq-ismaniosios-spynos\/c50s-221-sd-ovalus-cilindras-su-ilgu-skaitytuvu\/#primaryimage"},"image":{"@id":"https:\/\/xkodas.com\/en\/shop\/iloq-ismaniosios-spynos\/c50s-221-sd-ovalus-cilindras-su-ilgu-skaitytuvu\/#primaryimage"},"thumbnailUrl":"https:\/\/xkodas.com\/wp-content\/uploads\/2024\/10\/C50S.221.SD-product.png","datePublished":"2024-10-28T06:40:07+00:00","dateModified":"2024-11-18T12:30:22+00:00","breadcrumb":{"@id":"https:\/\/xkodas.com\/en\/shop\/iloq-ismaniosios-spynos\/c50s-221-sd-ovalus-cilindras-su-ilgu-skaitytuvu\/#breadcrumb"},"inLanguage":"en-GB","potentialAction":[{"@type":"ReadAction","target":["https:\/\/xkodas.com\/en\/shop\/iloq-ismaniosios-spynos\/c50s-221-sd-ovalus-cilindras-su-ilgu-skaitytuvu\/"]}]},{"@type":"ImageObject","inLanguage":"en-GB","@id":"https:\/\/xkodas.com\/en\/shop\/iloq-ismaniosios-spynos\/c50s-221-sd-ovalus-cilindras-su-ilgu-skaitytuvu\/#primaryimage","url":"https:\/\/xkodas.com\/wp-content\/uploads\/2024\/10\/C50S.221.SD-product.png","contentUrl":"https:\/\/xkodas.com\/wp-content\/uploads\/2024\/10\/C50S.221.SD-product.png","width":1000,"height":1000},{"@type":"BreadcrumbList","@id":"https:\/\/xkodas.com\/en\/shop\/iloq-ismaniosios-spynos\/c50s-221-sd-ovalus-cilindras-su-ilgu-skaitytuvu\/#breadcrumb","itemListElement":[{"@type":"ListItem","position":1,"name":"Home","item":"https:\/\/xkodas.com\/en\/ismaniosios-spynos-visu-tipu-raktai-seifai-xkodas\/"},{"@type":"ListItem","position":2,"name":"Parduotuv\u0117","item":"https:\/\/xkodas.com\/parduotuve\/"},{"@type":"ListItem","position":3,"name":"C50S.221.SD Ovalus cilindras su ilgu skaitytuvu"}]},{"@type":"WebSite","@id":"https:\/\/xkodas.com\/en\/#website","url":"https:\/\/xkodas.com\/en\/","name":"Xkodas","description":"I\u0161maniosios spynos, rakt\u0173 gamyba, saugos sistemos","publisher":{"@id":"https:\/\/xkodas.com\/en\/#organization"},"potentialAction":[{"@type":"SearchAction","target":{"@type":"EntryPoint","urlTemplate":"https:\/\/xkodas.com\/en\/?s={search_term_string}"},"query-input":{"@type":"PropertyValueSpecification","valueRequired":true,"valueName":"search_term_string"}}],"inLanguage":"en-GB"},{"@type":"Organization","@id":"https:\/\/xkodas.com\/en\/#organization","name":"Xkodas","url":"https:\/\/xkodas.com\/en\/","logo":{"@type":"ImageObject","inLanguage":"en-GB","@id":"https:\/\/xkodas.com\/en\/#\/schema\/logo\/image\/","url":"http:\/\/xkodas.com\/wp-content\/uploads\/2020\/02\/Xkodas_logo_baltas_500x500-2.jpg","contentUrl":"http:\/\/xkodas.com\/wp-content\/uploads\/2020\/02\/Xkodas_logo_baltas_500x500-2.jpg","width":100,"height":100,"caption":"Xkodas"},"image":{"@id":"https:\/\/xkodas.com\/en\/#\/schema\/logo\/image\/"},"sameAs":["https:\/\/www.facebook.com\/xkodas.lt"]}]}},"_links":{"self":[{"href":"https:\/\/xkodas.com\/en\/wp-json\/wp\/v2\/product\/19194","targetHints":{"allow":["GET"]}}],"collection":[{"href":"https:\/\/xkodas.com\/en\/wp-json\/wp\/v2\/product"}],"about":[{"href":"https:\/\/xkodas.com\/en\/wp-json\/wp\/v2\/types\/product"}],"wp:featuredmedia":[{"embeddable":true,"href":"https:\/\/xkodas.com\/en\/wp-json\/wp\/v2\/media\/20097"}],"wp:attachment":[{"href":"https:\/\/xkodas.com\/en\/wp-json\/wp\/v2\/media?parent=19194"}],"wp:term":[{"taxonomy":"product_brand","embeddable":true,"href":"https:\/\/xkodas.com\/en\/wp-json\/wp\/v2\/product_brand?post=19194"},{"taxonomy":"product_cat","embeddable":true,"href":"https:\/\/xkodas.com\/en\/wp-json\/wp\/v2\/product_cat?post=19194"},{"taxonomy":"product_tag","embeddable":true,"href":"https:\/\/xkodas.com\/en\/wp-json\/wp\/v2\/product_tag?post=19194"}],"curies":[{"name":"wp","href":"https:\/\/api.w.org\/{rel}","templated":true}]}}