{"id":18928,"date":"2024-09-16T06:01:04","date_gmt":"2024-09-16T06:01:04","guid":{"rendered":"https:\/\/xkodas.com\/?post_type=product&#038;p=18928"},"modified":"2026-03-26T07:10:05","modified_gmt":"2026-03-26T07:10:05","slug":"tedee-dry-contact","status":"publish","type":"product","link":"https:\/\/xkodas.com\/en\/shop\/ismaniosios-duru-spynos\/tedee\/tedee-dry-contact\/","title":{"rendered":"Tedee Dry Contact"},"content":{"rendered":"","protected":false},"excerpt":{"rendered":"<p><strong>PAGAMINTA EUROPOJE!<\/strong><\/p>\n<p><strong>Valdykite \u201eTedee\u201c i\u0161man\u0173j\u012f u\u017erakt\u0105 naudodami laidinius elektroninius metodus. Naudokite \u201eTedee Dry Contact\u201c, kad integruotum\u0117te \u201eTedee GO\u201c ir \u201eTedee PRO\u201c su jungikliais, signalizacijomis, laidin\u0117mis senosiomis sistemomis ir vietin\u0117mis i\u0161mani\u0173j\u0173 nam\u0173 integracijomis, \u012fskaitant KNX.<\/strong><\/p>\n<p>\u0160\u012f degtuk\u0173 d\u0117\u017eut\u0117s dyd\u017eio \u012frengin\u012f galima prijungti prie bet kurios suderinamos sausojo kontakto s\u0105rankos. Veikdamas pagal valdiklio \u012frenginio i\u0161\u0117jimus, \u201eTedee Dry Contact\u201c palengvina \u201eTedee GO\u201c arba \u201eTedee PRO\u201c u\u017erakinim\u0105 ir atrakinim\u0105 per \u201eBluetooth\u201c, nereikalaudamas \u201eTedee Bridge\u201c, interneto ry\u0161io ar API\/SDK integracijos. Kiekvienas \u012frenginys valdo tik vien\u0105 \u201eTedee\u201c i\u0161man\u0173j\u012f u\u017erakt\u0105.<\/p>\n<p>Tedee Dry Contact skirtas profesionaliam montavimui, kad b\u016bt\u0173 u\u017etikrintas saugumas ir atitiktis elektros saugos ir atitikties standartams. U\u017etikrinkite, kad prietaisas b\u016bt\u0173 stacionariai sumontuotas, laidais sujungtas su valdikliu ir maitinamas i\u0161maniosios spynos \u201eBluetooth\u201c diapazone. Patikrinkite tikslin\u0119 viet\u0105, \u201eBluetooth\u201c ry\u0161iu numatytoje vietoje atrakindami i\u0161man\u0173j\u012f u\u017erakt\u0105 i\u0161maniojo telefono program\u0117le \u201eTedee\u201c.<\/p>\n<p>Tedee Dry Contact veikia su 5-60 V nuolatin\u0117s \u012ftampos maitinimo \u012fvadu, tod\u0117l u\u017etikrinamas suderinamumas su \u012fvairiais maitinimo \u0161altiniais &#8211; nuo maitinimo bank\u0173 iki nuolatini\u0173 elektros jung\u010di\u0173.<\/p>\n<p>Pastaba: niekada tiesiogiai neprijunkite \u201eTedee Dry Contact\u201c prie elektros lizdo arba 230V\/110V maitinimo \u0161altinio.<\/p>\n<p>Valdant \u201eTedee\u201c i\u0161mani\u0105j\u0105 spyn\u0105 per \u201eTedee Dry Contact\u201c, vietoj tipin\u0117s \u201eTedee\u201c debes\u0173 apsaugos sistemos ir skaitmeninio autenti\u0161kumo patvirtinimo naudojamas alternatyvus laidinis prieigos b\u016bdas. Tedee neatsako u\u017e j\u016bs\u0173 \u012frenginio fizin\u012f saugum\u0105 ar prietais\u0173 apsaug\u0105 nuo neteis\u0117tos prieigos.<\/p>\n<p>Linkime patogaus ir saugaus naudojimosi, o taip pat primename, kad suteikiame vis\u0105 reikiam\u0105 technin\u0119 pagalb\u0105, garantin\u012f bei pogarantin\u012f aptarnavim\u0105.<\/p>","protected":false},"featured_media":18930,"template":"","meta":{"_monsterinsights_skip_tracking":false,"_monsterinsights_sitenote_active":false,"_monsterinsights_sitenote_note":"","_monsterinsights_sitenote_category":0},"product_brand":[],"product_cat":[44,577],"product_tag":[],"class_list":{"0":"post-18928","1":"product","2":"type-product","3":"status-publish","4":"has-post-thumbnail","6":"product_cat-ismaniosios-duru-spynos","7":"product_cat-tedee","9":"first","10":"instock","11":"taxable","12":"shipping-taxable","13":"purchasable","14":"product-type-simple"},"yoast_head":"<!-- This site is optimized with the Yoast SEO plugin v27.4 - https:\/\/yoast.com\/product\/yoast-seo-wordpress\/ -->\n<title>Tedee Dry Contact - Xkodas<\/title>\n<meta name=\"robots\" content=\"index, follow, max-snippet:-1, max-image-preview:large, max-video-preview:-1\" \/>\n<link rel=\"canonical\" href=\"https:\/\/xkodas.com\/en\/shop\/ismaniosios-duru-spynos\/tedee\/tedee-dry-contact\/\" \/>\n<meta property=\"og:locale\" content=\"en_GB\" \/>\n<meta property=\"og:type\" content=\"article\" \/>\n<meta property=\"og:title\" content=\"Tedee Dry Contact - Xkodas\" \/>\n<meta property=\"og:description\" content=\"PAGAMINTA EUROPOJE!  Valdykite \u201eTedee\u201c i\u0161man\u0173j\u012f u\u017erakt\u0105 naudodami laidinius elektroninius metodus. Naudokite \u201eTedee Dry Contact\u201c, kad integruotum\u0117te \u201eTedee GO\u201c ir \u201eTedee PRO\u201c su jungikliais, signalizacijomis, laidin\u0117mis senosiomis sistemomis ir vietin\u0117mis i\u0161mani\u0173j\u0173 nam\u0173 integracijomis, \u012fskaitant KNX.  \u0160\u012f degtuk\u0173 d\u0117\u017eut\u0117s dyd\u017eio \u012frengin\u012f galima prijungti prie bet kurios suderinamos sausojo kontakto s\u0105rankos. Veikdamas pagal valdiklio \u012frenginio i\u0161\u0117jimus, \u201eTedee Dry Contact\u201c palengvina \u201eTedee GO\u201c arba \u201eTedee PRO\u201c u\u017erakinim\u0105 ir atrakinim\u0105 per \u201eBluetooth\u201c, nereikalaudamas \u201eTedee Bridge\u201c, interneto ry\u0161io ar API\/SDK integracijos. Kiekvienas \u012frenginys valdo tik vien\u0105 \u201eTedee\u201c i\u0161man\u0173j\u012f u\u017erakt\u0105.  Tedee Dry Contact skirtas profesionaliam montavimui, kad b\u016bt\u0173 u\u017etikrintas saugumas ir atitiktis elektros saugos ir atitikties standartams. U\u017etikrinkite, kad prietaisas b\u016bt\u0173 stacionariai sumontuotas, laidais sujungtas su valdikliu ir maitinamas i\u0161maniosios spynos \u201eBluetooth\u201c diapazone. Patikrinkite tikslin\u0119 viet\u0105, \u201eBluetooth\u201c ry\u0161iu numatytoje vietoje atrakindami i\u0161man\u0173j\u012f u\u017erakt\u0105 i\u0161maniojo telefono program\u0117le \u201eTedee\u201c.  Tedee Dry Contact veikia su 5-60 V nuolatin\u0117s \u012ftampos maitinimo \u012fvadu, tod\u0117l u\u017etikrinamas suderinamumas su \u012fvairiais maitinimo \u0161altiniais - nuo maitinimo bank\u0173 iki nuolatini\u0173 elektros jung\u010di\u0173.  Pastaba: niekada tiesiogiai neprijunkite \u201eTedee Dry Contact\u201c prie elektros lizdo arba 230V\/110V maitinimo \u0161altinio.  Valdant \u201eTedee\u201c i\u0161mani\u0105j\u0105 spyn\u0105 per \u201eTedee Dry Contact\u201c, vietoj tipin\u0117s \u201eTedee\u201c debes\u0173 apsaugos sistemos ir skaitmeninio autenti\u0161kumo patvirtinimo naudojamas alternatyvus laidinis prieigos b\u016bdas. Tedee neatsako u\u017e j\u016bs\u0173 \u012frenginio fizin\u012f saugum\u0105 ar prietais\u0173 apsaug\u0105 nuo neteis\u0117tos prieigos.  Linkime patogaus ir saugaus naudojimosi, o taip pat primename, kad suteikiame vis\u0105 reikiam\u0105 technin\u0119 pagalb\u0105, garantin\u012f bei pogarantin\u012f aptarnavim\u0105.\" \/>\n<meta property=\"og:url\" content=\"https:\/\/xkodas.com\/en\/shop\/ismaniosios-duru-spynos\/tedee\/tedee-dry-contact\/\" \/>\n<meta property=\"og:site_name\" content=\"Xkodas\" \/>\n<meta property=\"article:publisher\" content=\"https:\/\/www.facebook.com\/xkodas.lt\" \/>\n<meta property=\"article:modified_time\" content=\"2026-03-26T07:10:05+00:00\" \/>\n<meta property=\"og:image\" content=\"https:\/\/xkodas.com\/wp-content\/uploads\/2024\/09\/6b64c22c0e9d642d027856e2ac08d667_1720451583278.jpg\" \/>\n\t<meta property=\"og:image:width\" content=\"1200\" \/>\n\t<meta property=\"og:image:height\" content=\"1200\" \/>\n\t<meta property=\"og:image:type\" content=\"image\/jpeg\" \/>\n<meta name=\"twitter:card\" content=\"summary_large_image\" \/>\n<meta name=\"twitter:label1\" content=\"Estimated reading time\" \/>\n\t<meta name=\"twitter:data1\" content=\"1 minute\" \/>\n<script type=\"application\/ld+json\" class=\"yoast-schema-graph\">{\"@context\":\"https:\\\/\\\/schema.org\",\"@graph\":[{\"@type\":\"WebPage\",\"@id\":\"https:\\\/\\\/xkodas.com\\\/en\\\/shop\\\/ismaniosios-duru-spynos\\\/tedee\\\/tedee-dry-contact\\\/\",\"url\":\"https:\\\/\\\/xkodas.com\\\/en\\\/shop\\\/ismaniosios-duru-spynos\\\/tedee\\\/tedee-dry-contact\\\/\",\"name\":\"Tedee Dry Contact - Xkodas\",\"isPartOf\":{\"@id\":\"https:\\\/\\\/xkodas.com\\\/en\\\/#website\"},\"primaryImageOfPage\":{\"@id\":\"https:\\\/\\\/xkodas.com\\\/en\\\/shop\\\/ismaniosios-duru-spynos\\\/tedee\\\/tedee-dry-contact\\\/#primaryimage\"},\"image\":{\"@id\":\"https:\\\/\\\/xkodas.com\\\/en\\\/shop\\\/ismaniosios-duru-spynos\\\/tedee\\\/tedee-dry-contact\\\/#primaryimage\"},\"thumbnailUrl\":\"https:\\\/\\\/xkodas.com\\\/wp-content\\\/uploads\\\/2024\\\/09\\\/6b64c22c0e9d642d027856e2ac08d667_1720451583278.jpg\",\"datePublished\":\"2024-09-16T06:01:04+00:00\",\"dateModified\":\"2026-03-26T07:10:05+00:00\",\"breadcrumb\":{\"@id\":\"https:\\\/\\\/xkodas.com\\\/en\\\/shop\\\/ismaniosios-duru-spynos\\\/tedee\\\/tedee-dry-contact\\\/#breadcrumb\"},\"inLanguage\":\"en-GB\",\"potentialAction\":[{\"@type\":\"ReadAction\",\"target\":[\"https:\\\/\\\/xkodas.com\\\/en\\\/shop\\\/ismaniosios-duru-spynos\\\/tedee\\\/tedee-dry-contact\\\/\"]}]},{\"@type\":\"ImageObject\",\"inLanguage\":\"en-GB\",\"@id\":\"https:\\\/\\\/xkodas.com\\\/en\\\/shop\\\/ismaniosios-duru-spynos\\\/tedee\\\/tedee-dry-contact\\\/#primaryimage\",\"url\":\"https:\\\/\\\/xkodas.com\\\/wp-content\\\/uploads\\\/2024\\\/09\\\/6b64c22c0e9d642d027856e2ac08d667_1720451583278.jpg\",\"contentUrl\":\"https:\\\/\\\/xkodas.com\\\/wp-content\\\/uploads\\\/2024\\\/09\\\/6b64c22c0e9d642d027856e2ac08d667_1720451583278.jpg\",\"width\":1200,\"height\":1200},{\"@type\":\"BreadcrumbList\",\"@id\":\"https:\\\/\\\/xkodas.com\\\/en\\\/shop\\\/ismaniosios-duru-spynos\\\/tedee\\\/tedee-dry-contact\\\/#breadcrumb\",\"itemListElement\":[{\"@type\":\"ListItem\",\"position\":1,\"name\":\"Home\",\"item\":\"https:\\\/\\\/xkodas.com\\\/en\\\/ismaniosios-spynos-visu-tipu-raktai-seifai-xkodas\\\/\"},{\"@type\":\"ListItem\",\"position\":2,\"name\":\"Parduotuv\u0117\",\"item\":\"https:\\\/\\\/xkodas.com\\\/parduotuve\\\/\"},{\"@type\":\"ListItem\",\"position\":3,\"name\":\"Tedee Dry Contact\"}]},{\"@type\":\"WebSite\",\"@id\":\"https:\\\/\\\/xkodas.com\\\/en\\\/#website\",\"url\":\"https:\\\/\\\/xkodas.com\\\/en\\\/\",\"name\":\"Xkodas\",\"description\":\"I\u0161maniosios spynos, rakt\u0173 gamyba, saugos sistemos\",\"publisher\":{\"@id\":\"https:\\\/\\\/xkodas.com\\\/en\\\/#organization\"},\"potentialAction\":[{\"@type\":\"SearchAction\",\"target\":{\"@type\":\"EntryPoint\",\"urlTemplate\":\"https:\\\/\\\/xkodas.com\\\/en\\\/?s={search_term_string}\"},\"query-input\":{\"@type\":\"PropertyValueSpecification\",\"valueRequired\":true,\"valueName\":\"search_term_string\"}}],\"inLanguage\":\"en-GB\"},{\"@type\":\"Organization\",\"@id\":\"https:\\\/\\\/xkodas.com\\\/en\\\/#organization\",\"name\":\"Xkodas\",\"url\":\"https:\\\/\\\/xkodas.com\\\/en\\\/\",\"logo\":{\"@type\":\"ImageObject\",\"inLanguage\":\"en-GB\",\"@id\":\"https:\\\/\\\/xkodas.com\\\/en\\\/#\\\/schema\\\/logo\\\/image\\\/\",\"url\":\"http:\\\/\\\/xkodas.com\\\/wp-content\\\/uploads\\\/2020\\\/02\\\/Xkodas_logo_baltas_500x500-2.jpg\",\"contentUrl\":\"http:\\\/\\\/xkodas.com\\\/wp-content\\\/uploads\\\/2020\\\/02\\\/Xkodas_logo_baltas_500x500-2.jpg\",\"width\":100,\"height\":100,\"caption\":\"Xkodas\"},\"image\":{\"@id\":\"https:\\\/\\\/xkodas.com\\\/en\\\/#\\\/schema\\\/logo\\\/image\\\/\"},\"sameAs\":[\"https:\\\/\\\/www.facebook.com\\\/xkodas.lt\"]}]}<\/script>\n<!-- \/ Yoast SEO plugin. -->","yoast_head_json":{"title":"Tedee Dry Contact - Xkodas","robots":{"index":"index","follow":"follow","max-snippet":"max-snippet:-1","max-image-preview":"max-image-preview:large","max-video-preview":"max-video-preview:-1"},"canonical":"https:\/\/xkodas.com\/en\/shop\/ismaniosios-duru-spynos\/tedee\/tedee-dry-contact\/","og_locale":"en_GB","og_type":"article","og_title":"Tedee Dry Contact - Xkodas","og_description":"PAGAMINTA EUROPOJE!  Valdykite \u201eTedee\u201c i\u0161man\u0173j\u012f u\u017erakt\u0105 naudodami laidinius elektroninius metodus. Naudokite \u201eTedee Dry Contact\u201c, kad integruotum\u0117te \u201eTedee GO\u201c ir \u201eTedee PRO\u201c su jungikliais, signalizacijomis, laidin\u0117mis senosiomis sistemomis ir vietin\u0117mis i\u0161mani\u0173j\u0173 nam\u0173 integracijomis, \u012fskaitant KNX.  \u0160\u012f degtuk\u0173 d\u0117\u017eut\u0117s dyd\u017eio \u012frengin\u012f galima prijungti prie bet kurios suderinamos sausojo kontakto s\u0105rankos. Veikdamas pagal valdiklio \u012frenginio i\u0161\u0117jimus, \u201eTedee Dry Contact\u201c palengvina \u201eTedee GO\u201c arba \u201eTedee PRO\u201c u\u017erakinim\u0105 ir atrakinim\u0105 per \u201eBluetooth\u201c, nereikalaudamas \u201eTedee Bridge\u201c, interneto ry\u0161io ar API\/SDK integracijos. Kiekvienas \u012frenginys valdo tik vien\u0105 \u201eTedee\u201c i\u0161man\u0173j\u012f u\u017erakt\u0105.  Tedee Dry Contact skirtas profesionaliam montavimui, kad b\u016bt\u0173 u\u017etikrintas saugumas ir atitiktis elektros saugos ir atitikties standartams. U\u017etikrinkite, kad prietaisas b\u016bt\u0173 stacionariai sumontuotas, laidais sujungtas su valdikliu ir maitinamas i\u0161maniosios spynos \u201eBluetooth\u201c diapazone. Patikrinkite tikslin\u0119 viet\u0105, \u201eBluetooth\u201c ry\u0161iu numatytoje vietoje atrakindami i\u0161man\u0173j\u012f u\u017erakt\u0105 i\u0161maniojo telefono program\u0117le \u201eTedee\u201c.  Tedee Dry Contact veikia su 5-60 V nuolatin\u0117s \u012ftampos maitinimo \u012fvadu, tod\u0117l u\u017etikrinamas suderinamumas su \u012fvairiais maitinimo \u0161altiniais - nuo maitinimo bank\u0173 iki nuolatini\u0173 elektros jung\u010di\u0173.  Pastaba: niekada tiesiogiai neprijunkite \u201eTedee Dry Contact\u201c prie elektros lizdo arba 230V\/110V maitinimo \u0161altinio.  Valdant \u201eTedee\u201c i\u0161mani\u0105j\u0105 spyn\u0105 per \u201eTedee Dry Contact\u201c, vietoj tipin\u0117s \u201eTedee\u201c debes\u0173 apsaugos sistemos ir skaitmeninio autenti\u0161kumo patvirtinimo naudojamas alternatyvus laidinis prieigos b\u016bdas. Tedee neatsako u\u017e j\u016bs\u0173 \u012frenginio fizin\u012f saugum\u0105 ar prietais\u0173 apsaug\u0105 nuo neteis\u0117tos prieigos.  Linkime patogaus ir saugaus naudojimosi, o taip pat primename, kad suteikiame vis\u0105 reikiam\u0105 technin\u0119 pagalb\u0105, garantin\u012f bei pogarantin\u012f aptarnavim\u0105.","og_url":"https:\/\/xkodas.com\/en\/shop\/ismaniosios-duru-spynos\/tedee\/tedee-dry-contact\/","og_site_name":"Xkodas","article_publisher":"https:\/\/www.facebook.com\/xkodas.lt","article_modified_time":"2026-03-26T07:10:05+00:00","og_image":[{"width":1200,"height":1200,"url":"https:\/\/xkodas.com\/wp-content\/uploads\/2024\/09\/6b64c22c0e9d642d027856e2ac08d667_1720451583278.jpg","type":"image\/jpeg"}],"twitter_card":"summary_large_image","twitter_misc":{"Estimated reading time":"1 minute"},"schema":{"@context":"https:\/\/schema.org","@graph":[{"@type":"WebPage","@id":"https:\/\/xkodas.com\/en\/shop\/ismaniosios-duru-spynos\/tedee\/tedee-dry-contact\/","url":"https:\/\/xkodas.com\/en\/shop\/ismaniosios-duru-spynos\/tedee\/tedee-dry-contact\/","name":"Tedee Dry Contact - Xkodas","isPartOf":{"@id":"https:\/\/xkodas.com\/en\/#website"},"primaryImageOfPage":{"@id":"https:\/\/xkodas.com\/en\/shop\/ismaniosios-duru-spynos\/tedee\/tedee-dry-contact\/#primaryimage"},"image":{"@id":"https:\/\/xkodas.com\/en\/shop\/ismaniosios-duru-spynos\/tedee\/tedee-dry-contact\/#primaryimage"},"thumbnailUrl":"https:\/\/xkodas.com\/wp-content\/uploads\/2024\/09\/6b64c22c0e9d642d027856e2ac08d667_1720451583278.jpg","datePublished":"2024-09-16T06:01:04+00:00","dateModified":"2026-03-26T07:10:05+00:00","breadcrumb":{"@id":"https:\/\/xkodas.com\/en\/shop\/ismaniosios-duru-spynos\/tedee\/tedee-dry-contact\/#breadcrumb"},"inLanguage":"en-GB","potentialAction":[{"@type":"ReadAction","target":["https:\/\/xkodas.com\/en\/shop\/ismaniosios-duru-spynos\/tedee\/tedee-dry-contact\/"]}]},{"@type":"ImageObject","inLanguage":"en-GB","@id":"https:\/\/xkodas.com\/en\/shop\/ismaniosios-duru-spynos\/tedee\/tedee-dry-contact\/#primaryimage","url":"https:\/\/xkodas.com\/wp-content\/uploads\/2024\/09\/6b64c22c0e9d642d027856e2ac08d667_1720451583278.jpg","contentUrl":"https:\/\/xkodas.com\/wp-content\/uploads\/2024\/09\/6b64c22c0e9d642d027856e2ac08d667_1720451583278.jpg","width":1200,"height":1200},{"@type":"BreadcrumbList","@id":"https:\/\/xkodas.com\/en\/shop\/ismaniosios-duru-spynos\/tedee\/tedee-dry-contact\/#breadcrumb","itemListElement":[{"@type":"ListItem","position":1,"name":"Home","item":"https:\/\/xkodas.com\/en\/ismaniosios-spynos-visu-tipu-raktai-seifai-xkodas\/"},{"@type":"ListItem","position":2,"name":"Parduotuv\u0117","item":"https:\/\/xkodas.com\/parduotuve\/"},{"@type":"ListItem","position":3,"name":"Tedee Dry Contact"}]},{"@type":"WebSite","@id":"https:\/\/xkodas.com\/en\/#website","url":"https:\/\/xkodas.com\/en\/","name":"Xkodas","description":"I\u0161maniosios spynos, rakt\u0173 gamyba, saugos sistemos","publisher":{"@id":"https:\/\/xkodas.com\/en\/#organization"},"potentialAction":[{"@type":"SearchAction","target":{"@type":"EntryPoint","urlTemplate":"https:\/\/xkodas.com\/en\/?s={search_term_string}"},"query-input":{"@type":"PropertyValueSpecification","valueRequired":true,"valueName":"search_term_string"}}],"inLanguage":"en-GB"},{"@type":"Organization","@id":"https:\/\/xkodas.com\/en\/#organization","name":"Xkodas","url":"https:\/\/xkodas.com\/en\/","logo":{"@type":"ImageObject","inLanguage":"en-GB","@id":"https:\/\/xkodas.com\/en\/#\/schema\/logo\/image\/","url":"http:\/\/xkodas.com\/wp-content\/uploads\/2020\/02\/Xkodas_logo_baltas_500x500-2.jpg","contentUrl":"http:\/\/xkodas.com\/wp-content\/uploads\/2020\/02\/Xkodas_logo_baltas_500x500-2.jpg","width":100,"height":100,"caption":"Xkodas"},"image":{"@id":"https:\/\/xkodas.com\/en\/#\/schema\/logo\/image\/"},"sameAs":["https:\/\/www.facebook.com\/xkodas.lt"]}]}},"_links":{"self":[{"href":"https:\/\/xkodas.com\/en\/wp-json\/wp\/v2\/product\/18928","targetHints":{"allow":["GET"]}}],"collection":[{"href":"https:\/\/xkodas.com\/en\/wp-json\/wp\/v2\/product"}],"about":[{"href":"https:\/\/xkodas.com\/en\/wp-json\/wp\/v2\/types\/product"}],"wp:featuredmedia":[{"embeddable":true,"href":"https:\/\/xkodas.com\/en\/wp-json\/wp\/v2\/media\/18930"}],"wp:attachment":[{"href":"https:\/\/xkodas.com\/en\/wp-json\/wp\/v2\/media?parent=18928"}],"wp:term":[{"taxonomy":"product_brand","embeddable":true,"href":"https:\/\/xkodas.com\/en\/wp-json\/wp\/v2\/product_brand?post=18928"},{"taxonomy":"product_cat","embeddable":true,"href":"https:\/\/xkodas.com\/en\/wp-json\/wp\/v2\/product_cat?post=18928"},{"taxonomy":"product_tag","embeddable":true,"href":"https:\/\/xkodas.com\/en\/wp-json\/wp\/v2\/product_tag?post=18928"}],"curies":[{"name":"wp","href":"https:\/\/api.w.org\/{rel}","templated":true}]}}