{"id":18923,"date":"2024-09-13T12:53:04","date_gmt":"2024-09-13T12:53:04","guid":{"rendered":"https:\/\/xkodas.com\/?post_type=product&#038;p=18923"},"modified":"2026-02-17T12:42:26","modified_gmt":"2026-02-17T12:42:26","slug":"ismanioji-elektronine-spyna-tedee-gold-limited-edition","status":"publish","type":"product","link":"https:\/\/xkodas.com\/en\/shop\/ismaniosios-duru-spynos\/tedee\/ismanioji-elektronine-spyna-tedee-gold-limited-edition\/","title":{"rendered":"I\u0161manioji elektronin\u0117 spyna TEDEE PRO\u00ae (Gold) Limited Edition"},"content":{"rendered":"<p>I\u0161manioji elektronin\u0117 spyna yra\u00a0 sukurta m\u016bs\u0173 kaimyn\u0173 lenk\u0173 bendradarbiaujant elektronikos bei programin\u0117s \u012frangos k\u016br\u0117jams kartu su daugiau nei 30 met\u0173 rinkoje s\u0117kmingai veikian\u010diais spyn\u0173 gamintojais GERDA. \u012emon\u0117 \u201eTedee&#8221; daug d\u0117mesio skyr\u0117 gaminio dizainui, ta\u010diau nedar\u0117 joki\u0173 kompromis\u0173 funkcionalumui, patogumui ir saugumui. Tod\u0117l d\u017eiaugiam\u0117s bendradarbiavimu su \u0161iais k\u016br\u0117jais ir pristatome Jums i\u0161maniosios pra\u0117jimo kontrol\u0117s sprendimus, kuriuos jau sp\u0117jo \u012fvertinti naudotojai vakar\u0173 Europoje.<\/p>\n<p>Galima rinktis tik spyn\u0105, ta\u010diau taip pat galime pasi\u016blyti ir \u012fvairius kompleksinius sprendimus, kuriuose dera mechaninis spynos s cilindras vis\u0173 tip\u0173 durim, u\u017eraktai, valdymo klaviat\u016bra, adapteriai bei HUB&#8217;ai. Reikiamus komponentus parenkame tiek pagal dur\u0173 tip\u0105, tiek ir pagal kiekvieno poreikius. N\u0117ra joki\u0173 papildom\u0173 mokes\u010di\u0173, o renkantis ma\u017eesn\u0119 komplektacij\u0105 veikimo principai nenuken\u010dia.<\/p>\n<p>\u201eTedee&#8221; i\u0161maniosios spynos komplektas da\u017eniausiai naudojamas:<\/p>\n<ul>\n<li>Priva\u010diuose namuose ar butuose,<\/li>\n<li>Atostog\u0173 nam\u0173 nuomai,<\/li>\n<li>Verslo objektuose (su klaviat\u016bra) pra\u0117jimo kontrolei.<\/li>\n<\/ul>\n<p>\u0160is i\u0161maniosios spynos komplektas yra puikiai pritaikomas tiek priva\u010diam naudojimui, tiek verslo objektuose. Pavyzd\u017eiui, sand\u0117liuose, parduotuv\u0117se ar visur, kur reikalinga patogi pra\u0117jimo kontrol\u0117.<\/p>\n<p>Ar tai saugu? Taip, o tai patvirtino nepriklausomi \u201eAV-Test\u201c bandymai. Taigi gaminys yra patvirtintas\u00a0 kaip saugus i\u0161manusis nam\u0173 ar vie\u0161\u0173 erdvi\u0173\u00a0 produktas. \u201eTedee\u201c debesies autentifikavimui naudoja keli\u0173 lygi\u0173 \u0161ifravimo mechanizm\u0105 ir asimetrinius raktus. Bluetooth ry\u0161ys tvarkomas naudojant saug\u0173 protokol\u0105. Galb\u016bt skamba sud\u0117tingai, bet taip ir yra, o tai galioja ir ilgapir\u0161\u010diams. Gamintojai teigia, kad j\u0173 saugumo sprendimus galima palyginti su internetin\u0117s bankininkyst\u0117s apsauga.<\/p>\n<p>Kiti spynos privalumai:<\/p>\n<ul>\n<li>Stilingas ir lengvai prie \u012fvairi\u0173 dur\u0173 pritaikomas dizainas.<\/li>\n<li>Ilgai tarnaujanti Piet\u0173 Kor\u0117joje sukurta vidin\u0117 baterija (iki 14 m\u0117nesi\u0173).<\/li>\n<li>Platus pritaikymas ir joki\u0173 papildom\u0173 esam\u0173 dur\u0173 modifikacij\u0173.<\/li>\n<li>Galimyb\u0117 rinktis \u012fvairias komplektacijas pagal poreikius ir kain\u0105 (nuo 289 Eur iki 439 Eur). Taip pat galima prijungti papildom\u0105 klaviat\u016br\u0105 (jos kaina apie 110 Eur).<\/li>\n<li>Spynos darbin\u0117 temperat\u016bra nuo 10 iki 40 C (veikia tik patalp\u0173 viduje).<\/li>\n<\/ul>\n<p><strong>Jau seniai metas pamir\u0161ti raktus ir \u017eengti koja kojon su technologijomis. Tod\u0117l si\u016blome patogiai ir paprastai savo mobiliojo \u012frenginio pagalba valdyti pra\u0117jimo kontrol\u0119. Tai ne tik patogus patekimas \u012f savo b\u016bst\u0105 ar biur\u0105, bet ir daugiau jokio nerimo d\u0117l neu\u017erakint\u0173 dur\u0173 ar pamest\u0173 rakt\u0173. \u0160iuos patogumus \u012fvertinsite vos per kelias savaites &#8211; MES GARANTUOJAME!\u00a0<\/strong><\/p>\n<p>Norime <strong>atkreipti d\u0117mes\u012f<\/strong>, jog tiesiogiai bendradarbiaudami su spynos gamintojais turime ne tik i\u0161skirtines teises bei galimybes pasi\u016blyti konkurencing\u0105 kain\u0105, bet SVARBIAUSIA &#8211; visas \u017einias ir geb\u0117jimus, leid\u017eian\u010dius u\u017etikrinti nepriekai\u0161ting\u0105 gamini\u0173 veikim\u0105 tiek garantiniu, tiek pogarantiniu laikotarpiu. Be to, galime pasi\u016blyti unikalius pra\u0117jimo kontrol\u0117s sprendimus namams ar verslui.<\/p>\n<p><strong>Kreipkit\u0117s ir gaukite asmeninius pasi\u016blymus jau dabar! <a href=\"http:\/\/xkodas.com\/en\/ismaniosios-spynos-lietuvoje-2022\/\" target=\"_blank\" rel=\"noopener noreferrer\">Daugiau m\u016bs\u0173 pristatom\u0173 spyn\u0173.<\/a><\/strong><\/p>","protected":false},"excerpt":{"rendered":"<p><strong>PAGAMINTA EUROPOJE!<\/strong><\/p>\n<p>\u0160i i\u0161manioji elektronin\u0117 spyna &#8211; puikus sprendimas tiek namams, tiek verslui. Spyna sukurta taip, kad prisitaikyt\u0173 prie kiekvieno i\u0161 m\u016bs\u0173 poreiki\u0173, o ypa\u010d tinka greitu miesto ritmu gyvenantiems ir vertinantiems inovatyvius sprendimus buityje. Tinka \u012fvairaus tipo durims.<\/p>\n<p>Spynos universalum\u0105 ir funkcionalum\u0105 garantuoja rekomenduojami priedai (<a href=\"http:\/\/xkodas.com\/en\/ismaniosios-duru-spynos\/ismanios-spynos-komplektas-ivairioms-durims\/\">pas mus galima \u012fsigyti ir jau suformuotus komplektus<\/a>):<\/p>\n<ul>\n<li>Spynos cilindras (dur\u0173 u\u017erakto mechanizmas) &#8211; rekomenduojama kaina 45 Eur<\/li>\n<li>HUB (duomen\u0173 kodavimui, perdavimui, spynos valdymui nuotoliniu b\u016bdu) &#8211; 89 Eur<\/li>\n<li>Adapteriai (parenkami pagal spynos ir dur\u0173 tip\u0105) &#8211; 28 Eur<\/li>\n<li>Klaviat\u016bra (patogi nuomos verslui, biurams) &#8211; kaina 95 Eur.<\/li>\n<\/ul>\n<p>Spyn\u0105 be pried\u0173 galima valdyti Bluetooth ry\u0161iu program\u0117l\u0117s pagalba bei rankiniu b\u016bdu.<\/p>\n<p><strong>Galima rinktis tik spyn\u0105 arba i\u0161maniosios spynos komplekt\u0105, kuris bus parinktas pagal J\u016bs\u0173 poreikius. M\u016bs\u0173 profesional\u0173 komanda greitai \u012fvertins, koks komplektas geriausiai tinka J\u016bs\u0173 durims. Tereikia atsi\u0173sti dur\u0173 nuotrauk\u0105 Jums patogiu b\u016bdu.<\/strong><\/p>\n<p>Pagrindinis i\u0161maniosios elektronin\u0117s spynos mechanizmas (baltas, juodas) yra montuojamas vidin\u0117je dur\u0173 pus\u0117je. Tod\u0117l tokios durys nei kiek nei\u0161siskiria i\u0161 kit\u0173 ir apie j\u0173 i\u0161manias funkcijas \u017einote tik J\u016bs ir J\u016bs\u0173 sve\u010diai. Spyna valdoma mobiliuoju telefonu (arba klaviat\u016bra &#8211; tai papildoma \u012franga). I\u0161mani spyna atsirakina automati\u0161kai, kai J\u016bs, J\u016bs\u0173 \u0161eimos nariai ar kiti priskirti asmenys priart\u0117ja prie konkre\u010di\u0173 dur\u0173 (\u0161i funkcija turi b\u016bti \u012fjungta). U\u017esirakina, kai u\u017edarote duris ir nuo j\u0173 nutolstate arba paspaudus mygtuk\u0105 ant spynos. Spyna su i\u0161maniaisiais \u012frenginiais (telefonas, laikrodis) susijungia Bluetooth ry\u0161iu, perduodamu per special\u0173 HUB (yra rinkinyje) arba be jo. Spynos status\u0105 labai paprasta steb\u0117ti ir keisti mobilios program\u0117l\u0117s pagalba, jei b\u016bsite \u012fsireng\u0119 HUB (yra \u0161iame komplekte, bet n\u0117ra b\u016btinas) i\u0161 bet kurios pasaulio vietos, kur yra interneto ry\u0161ys.<\/p>\n<p><strong><a href=\"https:\/\/www.youtube.com\/watch?v=t1aak-KgHgk\" target=\"_blank\" rel=\"noopener noreferrer\">Trumpas video apie spynos veikimo principus (EN kalba).<\/a><\/strong><\/p>\n<p>Linkime patogaus ir saugaus naudojimosi, o taip pat primename, kad suteikiame vis\u0105 reikiam\u0105 technin\u0119 pagalb\u0105, garantin\u012f bei pogarantin\u012f aptarnavim\u0105.<\/p>\n<p><strong>Mes ir m\u016bs\u0173 oficial\u016bs partneriai u\u017esiima profesionaliu spyn\u0173 montavimu, tad galime u\u017etikrinti, kad diegiant \u0161i\u0105 ar kitas m\u016bs\u0173 si\u016blomas i\u0161manias spynas neliks joki\u0173 ply\u0161i\u0173, nebus daromi konstrukciniai dur\u0173 pakeitimai ar pan. SPYNOS MONTAVIMO KAINA DERINAMA INDIVIDUALIAI. Vykdome darbus visoje Lietuvoje.<\/strong><\/p>","protected":false},"featured_media":20815,"template":"","meta":{"_monsterinsights_skip_tracking":false,"_monsterinsights_sitenote_active":false,"_monsterinsights_sitenote_note":"","_monsterinsights_sitenote_category":0},"product_brand":[],"product_cat":[44,577],"product_tag":[],"class_list":{"0":"post-18923","1":"product","2":"type-product","3":"status-publish","4":"has-post-thumbnail","6":"product_cat-ismaniosios-duru-spynos","7":"product_cat-tedee","9":"first","10":"instock","11":"sale","12":"taxable","13":"shipping-taxable","14":"purchasable","15":"product-type-simple"},"yoast_head":"<!-- This site is optimized with the Yoast SEO plugin v27.3 - https:\/\/yoast.com\/product\/yoast-seo-wordpress\/ -->\n<title>I\u0161manioji elektronin\u0117 spyna TEDEE PRO\u00ae (Gold) Limited Edition - Xkodas<\/title>\n<meta name=\"robots\" content=\"index, follow, max-snippet:-1, max-image-preview:large, max-video-preview:-1\" \/>\n<link rel=\"canonical\" href=\"https:\/\/xkodas.com\/en\/shop\/ismaniosios-duru-spynos\/tedee\/ismanioji-elektronine-spyna-tedee-gold-limited-edition\/\" \/>\n<meta property=\"og:locale\" content=\"en_GB\" \/>\n<meta property=\"og:type\" content=\"article\" \/>\n<meta property=\"og:title\" content=\"I\u0161manioji elektronin\u0117 spyna TEDEE PRO\u00ae (Gold) Limited Edition - Xkodas\" \/>\n<meta property=\"og:description\" content=\"PAGAMINTA EUROPOJE!  \u0160i i\u0161manioji elektronin\u0117 spyna - puikus sprendimas tiek namams, tiek verslui. Spyna sukurta taip, kad prisitaikyt\u0173 prie kiekvieno i\u0161 m\u016bs\u0173 poreiki\u0173, o ypa\u010d tinka greitu miesto ritmu gyvenantiems ir vertinantiems inovatyvius sprendimus buityje. Tinka \u012fvairaus tipo durims.  Spynos universalum\u0105 ir funkcionalum\u0105 garantuoja rekomenduojami priedai (pas mus galima \u012fsigyti ir jau suformuotus komplektus):   Spynos cilindras (dur\u0173 u\u017erakto mechanizmas) - rekomenduojama kaina 45 Eur  HUB (duomen\u0173 kodavimui, perdavimui, spynos valdymui nuotoliniu b\u016bdu) - 89 Eur  Adapteriai (parenkami pagal spynos ir dur\u0173 tip\u0105) - 28 Eur  Klaviat\u016bra (patogi nuomos verslui, biurams) - kaina 95 Eur.  Spyn\u0105 be pried\u0173 galima valdyti Bluetooth ry\u0161iu program\u0117l\u0117s pagalba bei rankiniu b\u016bdu.  Galima rinktis tik spyn\u0105 arba i\u0161maniosios spynos komplekt\u0105, kuris bus parinktas pagal J\u016bs\u0173 poreikius. M\u016bs\u0173 profesional\u0173 komanda greitai \u012fvertins, koks komplektas geriausiai tinka J\u016bs\u0173 durims. Tereikia atsi\u0173sti dur\u0173 nuotrauk\u0105 Jums patogiu b\u016bdu.  Pagrindinis i\u0161maniosios elektronin\u0117s spynos mechanizmas (baltas, juodas) yra montuojamas vidin\u0117je dur\u0173 pus\u0117je. Tod\u0117l tokios durys nei kiek nei\u0161siskiria i\u0161 kit\u0173 ir apie j\u0173 i\u0161manias funkcijas \u017einote tik J\u016bs ir J\u016bs\u0173 sve\u010diai. Spyna valdoma mobiliuoju telefonu (arba klaviat\u016bra - tai papildoma \u012franga). I\u0161mani spyna atsirakina automati\u0161kai, kai J\u016bs, J\u016bs\u0173 \u0161eimos nariai ar kiti priskirti asmenys priart\u0117ja prie konkre\u010di\u0173 dur\u0173 (\u0161i funkcija turi b\u016bti \u012fjungta). U\u017esirakina, kai u\u017edarote duris ir nuo j\u0173 nutolstate arba paspaudus mygtuk\u0105 ant spynos. Spyna su i\u0161maniaisiais \u012frenginiais (telefonas, laikrodis) susijungia Bluetooth ry\u0161iu, perduodamu per special\u0173 HUB (yra rinkinyje) arba be jo. Spynos status\u0105 labai paprasta steb\u0117ti ir keisti mobilios program\u0117l\u0117s pagalba, jei b\u016bsite \u012fsireng\u0119 HUB (yra \u0161iame komplekte, bet n\u0117ra b\u016btinas) i\u0161 bet kurios pasaulio vietos, kur yra interneto ry\u0161ys.  Trumpas video apie spynos veikimo principus (EN kalba).  Linkime patogaus ir saugaus naudojimosi, o taip pat primename, kad suteikiame vis\u0105 reikiam\u0105 technin\u0119 pagalb\u0105, garantin\u012f bei pogarantin\u012f aptarnavim\u0105.  Mes ir m\u016bs\u0173 oficial\u016bs partneriai u\u017esiima profesionaliu spyn\u0173 montavimu, tad galime u\u017etikrinti, kad diegiant \u0161i\u0105 ar kitas m\u016bs\u0173 si\u016blomas i\u0161manias spynas neliks joki\u0173 ply\u0161i\u0173, nebus daromi konstrukciniai dur\u0173 pakeitimai ar pan. SPYNOS MONTAVIMO KAINA DERINAMA INDIVIDUALIAI. Vykdome darbus visoje Lietuvoje.\" \/>\n<meta property=\"og:url\" content=\"https:\/\/xkodas.com\/en\/shop\/ismaniosios-duru-spynos\/tedee\/ismanioji-elektronine-spyna-tedee-gold-limited-edition\/\" \/>\n<meta property=\"og:site_name\" content=\"Xkodas\" \/>\n<meta property=\"article:publisher\" content=\"https:\/\/www.facebook.com\/xkodas.lt\" \/>\n<meta property=\"article:modified_time\" content=\"2026-02-17T12:42:26+00:00\" \/>\n<meta property=\"og:image\" content=\"https:\/\/xkodas.com\/wp-content\/uploads\/2025\/02\/tedee-pro-gold.png\" \/>\n\t<meta property=\"og:image:width\" content=\"1480\" \/>\n\t<meta property=\"og:image:height\" content=\"1313\" \/>\n\t<meta property=\"og:image:type\" content=\"image\/png\" \/>\n<meta name=\"twitter:card\" content=\"summary_large_image\" \/>\n<meta name=\"twitter:label1\" content=\"Estimated reading time\" \/>\n\t<meta name=\"twitter:data1\" content=\"3 minutes\" \/>\n<script type=\"application\/ld+json\" class=\"yoast-schema-graph\">{\"@context\":\"https:\\\/\\\/schema.org\",\"@graph\":[{\"@type\":\"WebPage\",\"@id\":\"https:\\\/\\\/xkodas.com\\\/en\\\/shop\\\/ismaniosios-duru-spynos\\\/tedee\\\/ismanioji-elektronine-spyna-tedee-gold-limited-edition\\\/\",\"url\":\"https:\\\/\\\/xkodas.com\\\/en\\\/shop\\\/ismaniosios-duru-spynos\\\/tedee\\\/ismanioji-elektronine-spyna-tedee-gold-limited-edition\\\/\",\"name\":\"I\u0161manioji elektronin\u0117 spyna TEDEE PRO\u00ae (Gold) Limited Edition - Xkodas\",\"isPartOf\":{\"@id\":\"https:\\\/\\\/xkodas.com\\\/en\\\/#website\"},\"primaryImageOfPage\":{\"@id\":\"https:\\\/\\\/xkodas.com\\\/en\\\/shop\\\/ismaniosios-duru-spynos\\\/tedee\\\/ismanioji-elektronine-spyna-tedee-gold-limited-edition\\\/#primaryimage\"},\"image\":{\"@id\":\"https:\\\/\\\/xkodas.com\\\/en\\\/shop\\\/ismaniosios-duru-spynos\\\/tedee\\\/ismanioji-elektronine-spyna-tedee-gold-limited-edition\\\/#primaryimage\"},\"thumbnailUrl\":\"https:\\\/\\\/xkodas.com\\\/wp-content\\\/uploads\\\/2025\\\/02\\\/tedee-pro-gold.png\",\"datePublished\":\"2024-09-13T12:53:04+00:00\",\"dateModified\":\"2026-02-17T12:42:26+00:00\",\"breadcrumb\":{\"@id\":\"https:\\\/\\\/xkodas.com\\\/en\\\/shop\\\/ismaniosios-duru-spynos\\\/tedee\\\/ismanioji-elektronine-spyna-tedee-gold-limited-edition\\\/#breadcrumb\"},\"inLanguage\":\"en-GB\",\"potentialAction\":[{\"@type\":\"ReadAction\",\"target\":[\"https:\\\/\\\/xkodas.com\\\/en\\\/shop\\\/ismaniosios-duru-spynos\\\/tedee\\\/ismanioji-elektronine-spyna-tedee-gold-limited-edition\\\/\"]}]},{\"@type\":\"ImageObject\",\"inLanguage\":\"en-GB\",\"@id\":\"https:\\\/\\\/xkodas.com\\\/en\\\/shop\\\/ismaniosios-duru-spynos\\\/tedee\\\/ismanioji-elektronine-spyna-tedee-gold-limited-edition\\\/#primaryimage\",\"url\":\"https:\\\/\\\/xkodas.com\\\/wp-content\\\/uploads\\\/2025\\\/02\\\/tedee-pro-gold.png\",\"contentUrl\":\"https:\\\/\\\/xkodas.com\\\/wp-content\\\/uploads\\\/2025\\\/02\\\/tedee-pro-gold.png\",\"width\":1480,\"height\":1313},{\"@type\":\"BreadcrumbList\",\"@id\":\"https:\\\/\\\/xkodas.com\\\/en\\\/shop\\\/ismaniosios-duru-spynos\\\/tedee\\\/ismanioji-elektronine-spyna-tedee-gold-limited-edition\\\/#breadcrumb\",\"itemListElement\":[{\"@type\":\"ListItem\",\"position\":1,\"name\":\"Home\",\"item\":\"https:\\\/\\\/xkodas.com\\\/en\\\/ismaniosios-spynos-visu-tipu-raktai-seifai-xkodas\\\/\"},{\"@type\":\"ListItem\",\"position\":2,\"name\":\"Parduotuv\u0117\",\"item\":\"https:\\\/\\\/xkodas.com\\\/parduotuve\\\/\"},{\"@type\":\"ListItem\",\"position\":3,\"name\":\"I\u0161manioji elektronin\u0117 spyna TEDEE PRO\u00ae (Gold) Limited Edition\"}]},{\"@type\":\"WebSite\",\"@id\":\"https:\\\/\\\/xkodas.com\\\/en\\\/#website\",\"url\":\"https:\\\/\\\/xkodas.com\\\/en\\\/\",\"name\":\"Xkodas\",\"description\":\"I\u0161maniosios spynos, rakt\u0173 gamyba, saugos sistemos\",\"publisher\":{\"@id\":\"https:\\\/\\\/xkodas.com\\\/en\\\/#organization\"},\"potentialAction\":[{\"@type\":\"SearchAction\",\"target\":{\"@type\":\"EntryPoint\",\"urlTemplate\":\"https:\\\/\\\/xkodas.com\\\/en\\\/?s={search_term_string}\"},\"query-input\":{\"@type\":\"PropertyValueSpecification\",\"valueRequired\":true,\"valueName\":\"search_term_string\"}}],\"inLanguage\":\"en-GB\"},{\"@type\":\"Organization\",\"@id\":\"https:\\\/\\\/xkodas.com\\\/en\\\/#organization\",\"name\":\"Xkodas\",\"url\":\"https:\\\/\\\/xkodas.com\\\/en\\\/\",\"logo\":{\"@type\":\"ImageObject\",\"inLanguage\":\"en-GB\",\"@id\":\"https:\\\/\\\/xkodas.com\\\/en\\\/#\\\/schema\\\/logo\\\/image\\\/\",\"url\":\"http:\\\/\\\/xkodas.com\\\/wp-content\\\/uploads\\\/2020\\\/02\\\/Xkodas_logo_baltas_500x500-2.jpg\",\"contentUrl\":\"http:\\\/\\\/xkodas.com\\\/wp-content\\\/uploads\\\/2020\\\/02\\\/Xkodas_logo_baltas_500x500-2.jpg\",\"width\":100,\"height\":100,\"caption\":\"Xkodas\"},\"image\":{\"@id\":\"https:\\\/\\\/xkodas.com\\\/en\\\/#\\\/schema\\\/logo\\\/image\\\/\"},\"sameAs\":[\"https:\\\/\\\/www.facebook.com\\\/xkodas.lt\"]}]}<\/script>\n<!-- \/ Yoast SEO plugin. -->","yoast_head_json":{"title":"I\u0161manioji elektronin\u0117 spyna TEDEE PRO\u00ae (Gold) Limited Edition - Xkodas","robots":{"index":"index","follow":"follow","max-snippet":"max-snippet:-1","max-image-preview":"max-image-preview:large","max-video-preview":"max-video-preview:-1"},"canonical":"https:\/\/xkodas.com\/en\/shop\/ismaniosios-duru-spynos\/tedee\/ismanioji-elektronine-spyna-tedee-gold-limited-edition\/","og_locale":"en_GB","og_type":"article","og_title":"I\u0161manioji elektronin\u0117 spyna TEDEE PRO\u00ae (Gold) Limited Edition - Xkodas","og_description":"PAGAMINTA EUROPOJE!  \u0160i i\u0161manioji elektronin\u0117 spyna - puikus sprendimas tiek namams, tiek verslui. Spyna sukurta taip, kad prisitaikyt\u0173 prie kiekvieno i\u0161 m\u016bs\u0173 poreiki\u0173, o ypa\u010d tinka greitu miesto ritmu gyvenantiems ir vertinantiems inovatyvius sprendimus buityje. Tinka \u012fvairaus tipo durims.  Spynos universalum\u0105 ir funkcionalum\u0105 garantuoja rekomenduojami priedai (pas mus galima \u012fsigyti ir jau suformuotus komplektus):   Spynos cilindras (dur\u0173 u\u017erakto mechanizmas) - rekomenduojama kaina 45 Eur  HUB (duomen\u0173 kodavimui, perdavimui, spynos valdymui nuotoliniu b\u016bdu) - 89 Eur  Adapteriai (parenkami pagal spynos ir dur\u0173 tip\u0105) - 28 Eur  Klaviat\u016bra (patogi nuomos verslui, biurams) - kaina 95 Eur.  Spyn\u0105 be pried\u0173 galima valdyti Bluetooth ry\u0161iu program\u0117l\u0117s pagalba bei rankiniu b\u016bdu.  Galima rinktis tik spyn\u0105 arba i\u0161maniosios spynos komplekt\u0105, kuris bus parinktas pagal J\u016bs\u0173 poreikius. M\u016bs\u0173 profesional\u0173 komanda greitai \u012fvertins, koks komplektas geriausiai tinka J\u016bs\u0173 durims. Tereikia atsi\u0173sti dur\u0173 nuotrauk\u0105 Jums patogiu b\u016bdu.  Pagrindinis i\u0161maniosios elektronin\u0117s spynos mechanizmas (baltas, juodas) yra montuojamas vidin\u0117je dur\u0173 pus\u0117je. Tod\u0117l tokios durys nei kiek nei\u0161siskiria i\u0161 kit\u0173 ir apie j\u0173 i\u0161manias funkcijas \u017einote tik J\u016bs ir J\u016bs\u0173 sve\u010diai. Spyna valdoma mobiliuoju telefonu (arba klaviat\u016bra - tai papildoma \u012franga). I\u0161mani spyna atsirakina automati\u0161kai, kai J\u016bs, J\u016bs\u0173 \u0161eimos nariai ar kiti priskirti asmenys priart\u0117ja prie konkre\u010di\u0173 dur\u0173 (\u0161i funkcija turi b\u016bti \u012fjungta). U\u017esirakina, kai u\u017edarote duris ir nuo j\u0173 nutolstate arba paspaudus mygtuk\u0105 ant spynos. Spyna su i\u0161maniaisiais \u012frenginiais (telefonas, laikrodis) susijungia Bluetooth ry\u0161iu, perduodamu per special\u0173 HUB (yra rinkinyje) arba be jo. Spynos status\u0105 labai paprasta steb\u0117ti ir keisti mobilios program\u0117l\u0117s pagalba, jei b\u016bsite \u012fsireng\u0119 HUB (yra \u0161iame komplekte, bet n\u0117ra b\u016btinas) i\u0161 bet kurios pasaulio vietos, kur yra interneto ry\u0161ys.  Trumpas video apie spynos veikimo principus (EN kalba).  Linkime patogaus ir saugaus naudojimosi, o taip pat primename, kad suteikiame vis\u0105 reikiam\u0105 technin\u0119 pagalb\u0105, garantin\u012f bei pogarantin\u012f aptarnavim\u0105.  Mes ir m\u016bs\u0173 oficial\u016bs partneriai u\u017esiima profesionaliu spyn\u0173 montavimu, tad galime u\u017etikrinti, kad diegiant \u0161i\u0105 ar kitas m\u016bs\u0173 si\u016blomas i\u0161manias spynas neliks joki\u0173 ply\u0161i\u0173, nebus daromi konstrukciniai dur\u0173 pakeitimai ar pan. SPYNOS MONTAVIMO KAINA DERINAMA INDIVIDUALIAI. Vykdome darbus visoje Lietuvoje.","og_url":"https:\/\/xkodas.com\/en\/shop\/ismaniosios-duru-spynos\/tedee\/ismanioji-elektronine-spyna-tedee-gold-limited-edition\/","og_site_name":"Xkodas","article_publisher":"https:\/\/www.facebook.com\/xkodas.lt","article_modified_time":"2026-02-17T12:42:26+00:00","og_image":[{"width":1480,"height":1313,"url":"https:\/\/xkodas.com\/wp-content\/uploads\/2025\/02\/tedee-pro-gold.png","type":"image\/png"}],"twitter_card":"summary_large_image","twitter_misc":{"Estimated reading time":"3 minutes"},"schema":{"@context":"https:\/\/schema.org","@graph":[{"@type":"WebPage","@id":"https:\/\/xkodas.com\/en\/shop\/ismaniosios-duru-spynos\/tedee\/ismanioji-elektronine-spyna-tedee-gold-limited-edition\/","url":"https:\/\/xkodas.com\/en\/shop\/ismaniosios-duru-spynos\/tedee\/ismanioji-elektronine-spyna-tedee-gold-limited-edition\/","name":"I\u0161manioji elektronin\u0117 spyna TEDEE PRO\u00ae (Gold) Limited Edition - Xkodas","isPartOf":{"@id":"https:\/\/xkodas.com\/en\/#website"},"primaryImageOfPage":{"@id":"https:\/\/xkodas.com\/en\/shop\/ismaniosios-duru-spynos\/tedee\/ismanioji-elektronine-spyna-tedee-gold-limited-edition\/#primaryimage"},"image":{"@id":"https:\/\/xkodas.com\/en\/shop\/ismaniosios-duru-spynos\/tedee\/ismanioji-elektronine-spyna-tedee-gold-limited-edition\/#primaryimage"},"thumbnailUrl":"https:\/\/xkodas.com\/wp-content\/uploads\/2025\/02\/tedee-pro-gold.png","datePublished":"2024-09-13T12:53:04+00:00","dateModified":"2026-02-17T12:42:26+00:00","breadcrumb":{"@id":"https:\/\/xkodas.com\/en\/shop\/ismaniosios-duru-spynos\/tedee\/ismanioji-elektronine-spyna-tedee-gold-limited-edition\/#breadcrumb"},"inLanguage":"en-GB","potentialAction":[{"@type":"ReadAction","target":["https:\/\/xkodas.com\/en\/shop\/ismaniosios-duru-spynos\/tedee\/ismanioji-elektronine-spyna-tedee-gold-limited-edition\/"]}]},{"@type":"ImageObject","inLanguage":"en-GB","@id":"https:\/\/xkodas.com\/en\/shop\/ismaniosios-duru-spynos\/tedee\/ismanioji-elektronine-spyna-tedee-gold-limited-edition\/#primaryimage","url":"https:\/\/xkodas.com\/wp-content\/uploads\/2025\/02\/tedee-pro-gold.png","contentUrl":"https:\/\/xkodas.com\/wp-content\/uploads\/2025\/02\/tedee-pro-gold.png","width":1480,"height":1313},{"@type":"BreadcrumbList","@id":"https:\/\/xkodas.com\/en\/shop\/ismaniosios-duru-spynos\/tedee\/ismanioji-elektronine-spyna-tedee-gold-limited-edition\/#breadcrumb","itemListElement":[{"@type":"ListItem","position":1,"name":"Home","item":"https:\/\/xkodas.com\/en\/ismaniosios-spynos-visu-tipu-raktai-seifai-xkodas\/"},{"@type":"ListItem","position":2,"name":"Parduotuv\u0117","item":"https:\/\/xkodas.com\/parduotuve\/"},{"@type":"ListItem","position":3,"name":"I\u0161manioji elektronin\u0117 spyna TEDEE PRO\u00ae (Gold) Limited Edition"}]},{"@type":"WebSite","@id":"https:\/\/xkodas.com\/en\/#website","url":"https:\/\/xkodas.com\/en\/","name":"Xkodas","description":"I\u0161maniosios spynos, rakt\u0173 gamyba, saugos sistemos","publisher":{"@id":"https:\/\/xkodas.com\/en\/#organization"},"potentialAction":[{"@type":"SearchAction","target":{"@type":"EntryPoint","urlTemplate":"https:\/\/xkodas.com\/en\/?s={search_term_string}"},"query-input":{"@type":"PropertyValueSpecification","valueRequired":true,"valueName":"search_term_string"}}],"inLanguage":"en-GB"},{"@type":"Organization","@id":"https:\/\/xkodas.com\/en\/#organization","name":"Xkodas","url":"https:\/\/xkodas.com\/en\/","logo":{"@type":"ImageObject","inLanguage":"en-GB","@id":"https:\/\/xkodas.com\/en\/#\/schema\/logo\/image\/","url":"http:\/\/xkodas.com\/wp-content\/uploads\/2020\/02\/Xkodas_logo_baltas_500x500-2.jpg","contentUrl":"http:\/\/xkodas.com\/wp-content\/uploads\/2020\/02\/Xkodas_logo_baltas_500x500-2.jpg","width":100,"height":100,"caption":"Xkodas"},"image":{"@id":"https:\/\/xkodas.com\/en\/#\/schema\/logo\/image\/"},"sameAs":["https:\/\/www.facebook.com\/xkodas.lt"]}]}},"_links":{"self":[{"href":"https:\/\/xkodas.com\/en\/wp-json\/wp\/v2\/product\/18923","targetHints":{"allow":["GET"]}}],"collection":[{"href":"https:\/\/xkodas.com\/en\/wp-json\/wp\/v2\/product"}],"about":[{"href":"https:\/\/xkodas.com\/en\/wp-json\/wp\/v2\/types\/product"}],"wp:featuredmedia":[{"embeddable":true,"href":"https:\/\/xkodas.com\/en\/wp-json\/wp\/v2\/media\/20815"}],"wp:attachment":[{"href":"https:\/\/xkodas.com\/en\/wp-json\/wp\/v2\/media?parent=18923"}],"wp:term":[{"taxonomy":"product_brand","embeddable":true,"href":"https:\/\/xkodas.com\/en\/wp-json\/wp\/v2\/product_brand?post=18923"},{"taxonomy":"product_cat","embeddable":true,"href":"https:\/\/xkodas.com\/en\/wp-json\/wp\/v2\/product_cat?post=18923"},{"taxonomy":"product_tag","embeddable":true,"href":"https:\/\/xkodas.com\/en\/wp-json\/wp\/v2\/product_tag?post=18923"}],"curies":[{"name":"wp","href":"https:\/\/api.w.org\/{rel}","templated":true}]}}