{"id":18799,"date":"2024-06-06T07:22:40","date_gmt":"2024-06-06T07:22:40","guid":{"rendered":"http:\/\/xkodas.com\/?post_type=product&#038;p=18799"},"modified":"2024-11-18T13:06:27","modified_gmt":"2024-11-18T13:06:27","slug":"f50s-211-hz-rakto-vamzdzio-cilindras-su-trumpa-rankenele-svediskam-45-mm-vamzdziui-automatinis-uzraktas","status":"publish","type":"product","link":"https:\/\/xkodas.com\/en\/shop\/iloq-ismaniosios-spynos\/f50s-211-hz-rakto-vamzdzio-cilindras-su-trumpa-rankenele-svediskam-45-mm-vamzdziui-automatinis-uzraktas\/","title":{"rendered":"F50S.211.HZ Rakto vamzd\u017eio cilindras su trumpa ranken\u0117le \u0161vedi\u0161kam 45 mm vamzd\u017eiui, automatinis u\u017eraktas"},"content":{"rendered":"","protected":false},"excerpt":{"rendered":"<p>Patentuota, apdovanojimus pelniusi \u201eiLOQ S50\u201c u\u017erakto sistema u\u017etikrina pa\u017eangi\u0105 apsaug\u0105 ir patogi\u0105 prieigos dalijimosi galimyb\u0119 pagrindinio rakto u\u017erakto aplinkoje.<\/p>\n<p>\u201eiLOQ F50S\u201c rakt\u0173 seifo spynos cilindras leid\u017eia naudoti \u201aiLOQ S50\u2018 u\u017erakto sistem\u0105 rakt\u0173 seifuose, kai paprastai tre\u010diosios \u0161alies organizacija, pavyzd\u017eiui, prie\u0161gaisrin\u0117 tarnyba ar telekomunikacij\u0173 bendrov\u0117, turi tur\u0117ti prieig\u0105 prie patalp\u0173 ir (arba) pastat\u0173 naudodama savo rakt\u0105. Raktas nuo patalp\u0173 dedamas \u012f sienoje sumontuotus rakt\u0173 seifo vamzd\u017eius, kuriuos organizacijos gali atidaryti naudodamos savo mobiliuosius telefonus kaip rakt\u0105.<\/p>\n<p>Spyna belaid\u017eiu b\u016bdu renka elektros energij\u0105 i\u0161 NFC lauko, tod\u0117l telefon\u0105 galima naudoti ne tik kaip rakt\u0105, bet ir kaip energijos \u0161altin\u012f, tod\u0117l spyna visi\u0161kai nenaudoja baterijos. Kadangi nereikia baterij\u0173 ir elektros laid\u0173, spynos nereikalauja technin\u0117s prie\u017ei\u016bros ir yra ekologi\u0161kas ekologi\u0161kas sprendimas, kuris pa\u0161alina darb\u0105, i\u0161laidas, atliekas ir \u017eal\u0105, susijusi\u0105 su baterijomis ar laidais maitinamais sprendimais.<\/p>\n<p>D\u0117l bekontak\u010dio NFC veikimo spyna neturi rakto skylut\u0117s. Ji skirta naudoti at\u0161iaurioje aplinkoje, kur spynas veikia dulk\u0117s, dr\u0117gm\u0117 ir \u012fvairios temperat\u016bros s\u0105lygos &#8211; nuo itin \u0161alto iki kar\u0161to oro.<\/p>\n<p>Telefonas kaip raktas leid\u017eia lanks\u010diai dalytis prieiga su laiko apribojimais ir audito sekos ataskaitomis per eter\u012f. I\u0161laikomas auk\u0161tas saugumo lygis, o d\u0117l pamesto rakto atsiradusias saugumo spragas galima visi\u0161kai pa\u0161alinti be brangiai kainuojan\u010dio spyn\u0173 ir rakt\u0173 keitimo.Spyna telpa \u012f \u0161vedi\u0161kus 45 mm ilgio rakt\u0173 seifo vamzd\u017eius.<br \/>\nFunkcij\u0173 santrauka<br \/>\n&#8211; Be akumuliatoriaus programuojamas elektromechaninis rakto vamzd\u017eio spynos cilindras, skirtas \u201eiLOQ S50\u201c u\u017erakt\u0173 sistemai<br \/>\n&#8211; Suderinamas su \u0161vedi\u0161kais 45 mm rakt\u0173 seif\u0173 vamzd\u017eiais<\/p>\n<p>&#8211; Galimi du skirtingi skaitytuvo ranken\u0117l\u0117s ilgiai<\/p>\n<p>&#8211; Maitinamas NFC: spynai nereikia baterij\u0173 ar i\u0161orinio maitinimo \u0161altinio<\/p>\n<p>&#8211; Atidaroma naudojant NFC funkcij\u0105 turint\u012f \u201eAndroid\u201c \/ \u201eiOS\u201c i\u0161man\u0173j\u012f telefon\u0105 arba \u201eiLOQ K55S\u201c rakt\u0173 d\u0117kl\u0105<\/p>\n<p>&#8211; Apsaugota naudojant galing\u0105 AES-256 \u0161ifravim\u0105 ir abipus\u012f autenti\u0161kumo patvirtinim\u0105<\/p>\n<p>&#8211; Suderinamas su Europos standartu EN15684<\/p>\n<p>&#8211; Laukiama FK 3 klas\u0117s sertifikato<\/p>\n<p>&#8211; Pradinis programavimas naudojant kompiuter\u012f ir \u201eiLOQ P55S.1\u201c administratoriaus laikikl\u012f, prijungt\u0105 prie serverio<\/p>\n<p>&#8211; Prieigos teisi\u0173 s\u0105ra\u0161as prieigos grup\u0117ms<\/p>\n<p>&#8211; Atskir\u0173 pamest\u0173 rakt\u0173 blokavimo s\u0105ra\u0161as<\/p>\n<p>&#8211; Vidinis audito sekos \u012fra\u0161as su laiko \u017eyma (galima konfig\u016bruoti \u012fjungti arba i\u0161jungti)<\/p>\n<p>&#8211; Palaikomi laiko apribojimai<\/p>\n<p>&#8211; Galima sukonfig\u016bruoti taip, kad b\u016bt\u0173 reikalaujama atidarymo autenti\u0161kumo patvirtinimo internetu<\/p>\n<p>&#8211; Perprogramavimas raktais (Android\/iOS telefonu arba K55S rakt\u0173 d\u0117klu)<\/p>\n<p>&#8211; Atnaujinama programin\u0117 \u012franga<\/p>\n<p>&#8211; NFC 13,56 MHz apkrovos moduliacija (ASK) ISO\/IEC 14443A, be si\u0173stuvo<\/p>","protected":false},"featured_media":20115,"template":"","meta":{"_monsterinsights_skip_tracking":false,"_monsterinsights_sitenote_active":false,"_monsterinsights_sitenote_note":"","_monsterinsights_sitenote_category":0},"product_brand":[],"product_cat":[579],"product_tag":[],"class_list":{"0":"post-18799","1":"product","2":"type-product","3":"status-publish","4":"has-post-thumbnail","6":"product_cat-iloq-ismaniosios-spynos","8":"first","9":"instock","10":"taxable","11":"shipping-taxable","12":"product-type-simple"},"yoast_head":"<!-- This site is optimized with the Yoast SEO plugin v27.4 - https:\/\/yoast.com\/product\/yoast-seo-wordpress\/ -->\n<title>F50S.211.HZ Rakto vamzd\u017eio cilindras su trumpa ranken\u0117le \u0161vedi\u0161kam 45 mm vamzd\u017eiui, automatinis u\u017eraktas - Xkodas<\/title>\n<meta name=\"robots\" content=\"index, follow, max-snippet:-1, max-image-preview:large, max-video-preview:-1\" \/>\n<link rel=\"canonical\" href=\"https:\/\/xkodas.com\/en\/shop\/iloq-ismaniosios-spynos\/f50s-211-hz-rakto-vamzdzio-cilindras-su-trumpa-rankenele-svediskam-45-mm-vamzdziui-automatinis-uzraktas\/\" \/>\n<meta property=\"og:locale\" content=\"en_GB\" \/>\n<meta property=\"og:type\" content=\"article\" \/>\n<meta property=\"og:title\" content=\"F50S.211.HZ Rakto vamzd\u017eio cilindras su trumpa ranken\u0117le \u0161vedi\u0161kam 45 mm vamzd\u017eiui, automatinis u\u017eraktas - Xkodas\" \/>\n<meta property=\"og:description\" content=\"Patentuota, apdovanojimus pelniusi \u201eiLOQ S50\u201c u\u017erakto sistema u\u017etikrina pa\u017eangi\u0105 apsaug\u0105 ir patogi\u0105 prieigos dalijimosi galimyb\u0119 pagrindinio rakto u\u017erakto aplinkoje.  \u201eiLOQ F50S\u201c rakt\u0173 seifo spynos cilindras leid\u017eia naudoti \u201aiLOQ S50\u2018 u\u017erakto sistem\u0105 rakt\u0173 seifuose, kai paprastai tre\u010diosios \u0161alies organizacija, pavyzd\u017eiui, prie\u0161gaisrin\u0117 tarnyba ar telekomunikacij\u0173 bendrov\u0117, turi tur\u0117ti prieig\u0105 prie patalp\u0173 ir (arba) pastat\u0173 naudodama savo rakt\u0105. Raktas nuo patalp\u0173 dedamas \u012f sienoje sumontuotus rakt\u0173 seifo vamzd\u017eius, kuriuos organizacijos gali atidaryti naudodamos savo mobiliuosius telefonus kaip rakt\u0105.  Spyna belaid\u017eiu b\u016bdu renka elektros energij\u0105 i\u0161 NFC lauko, tod\u0117l telefon\u0105 galima naudoti ne tik kaip rakt\u0105, bet ir kaip energijos \u0161altin\u012f, tod\u0117l spyna visi\u0161kai nenaudoja baterijos. Kadangi nereikia baterij\u0173 ir elektros laid\u0173, spynos nereikalauja technin\u0117s prie\u017ei\u016bros ir yra ekologi\u0161kas ekologi\u0161kas sprendimas, kuris pa\u0161alina darb\u0105, i\u0161laidas, atliekas ir \u017eal\u0105, susijusi\u0105 su baterijomis ar laidais maitinamais sprendimais.  D\u0117l bekontak\u010dio NFC veikimo spyna neturi rakto skylut\u0117s. Ji skirta naudoti at\u0161iaurioje aplinkoje, kur spynas veikia dulk\u0117s, dr\u0117gm\u0117 ir \u012fvairios temperat\u016bros s\u0105lygos - nuo itin \u0161alto iki kar\u0161to oro.  Telefonas kaip raktas leid\u017eia lanks\u010diai dalytis prieiga su laiko apribojimais ir audito sekos ataskaitomis per eter\u012f. I\u0161laikomas auk\u0161tas saugumo lygis, o d\u0117l pamesto rakto atsiradusias saugumo spragas galima visi\u0161kai pa\u0161alinti be brangiai kainuojan\u010dio spyn\u0173 ir rakt\u0173 keitimo.Spyna telpa \u012f \u0161vedi\u0161kus 45 mm ilgio rakt\u0173 seifo vamzd\u017eius. Funkcij\u0173 santrauka - Be akumuliatoriaus programuojamas elektromechaninis rakto vamzd\u017eio spynos cilindras, skirtas \u201eiLOQ S50\u201c u\u017erakt\u0173 sistemai - Suderinamas su \u0161vedi\u0161kais 45 mm rakt\u0173 seif\u0173 vamzd\u017eiais  - Galimi du skirtingi skaitytuvo ranken\u0117l\u0117s ilgiai  - Maitinamas NFC: spynai nereikia baterij\u0173 ar i\u0161orinio maitinimo \u0161altinio  - Atidaroma naudojant NFC funkcij\u0105 turint\u012f \u201eAndroid\u201c \/ \u201eiOS\u201c i\u0161man\u0173j\u012f telefon\u0105 arba \u201eiLOQ K55S\u201c rakt\u0173 d\u0117kl\u0105  - Apsaugota naudojant galing\u0105 AES-256 \u0161ifravim\u0105 ir abipus\u012f autenti\u0161kumo patvirtinim\u0105  - Suderinamas su Europos standartu EN15684  - Laukiama FK 3 klas\u0117s sertifikato  - Pradinis programavimas naudojant kompiuter\u012f ir \u201eiLOQ P55S.1\u201c administratoriaus laikikl\u012f, prijungt\u0105 prie serverio  - Prieigos teisi\u0173 s\u0105ra\u0161as prieigos grup\u0117ms  - Atskir\u0173 pamest\u0173 rakt\u0173 blokavimo s\u0105ra\u0161as  - Vidinis audito sekos \u012fra\u0161as su laiko \u017eyma (galima konfig\u016bruoti \u012fjungti arba i\u0161jungti)  - Palaikomi laiko apribojimai  - Galima sukonfig\u016bruoti taip, kad b\u016bt\u0173 reikalaujama atidarymo autenti\u0161kumo patvirtinimo internetu  - Perprogramavimas raktais (Android\/iOS telefonu arba K55S rakt\u0173 d\u0117klu)  - Atnaujinama programin\u0117 \u012franga  - NFC 13,56 MHz apkrovos moduliacija (ASK) ISO\/IEC 14443A, be si\u0173stuvo\" \/>\n<meta property=\"og:url\" content=\"https:\/\/xkodas.com\/en\/shop\/iloq-ismaniosios-spynos\/f50s-211-hz-rakto-vamzdzio-cilindras-su-trumpa-rankenele-svediskam-45-mm-vamzdziui-automatinis-uzraktas\/\" \/>\n<meta property=\"og:site_name\" content=\"Xkodas\" \/>\n<meta property=\"article:publisher\" content=\"https:\/\/www.facebook.com\/xkodas.lt\" \/>\n<meta property=\"article:modified_time\" content=\"2024-11-18T13:06:27+00:00\" \/>\n<meta property=\"og:image\" content=\"https:\/\/xkodas.com\/wp-content\/uploads\/2024\/06\/F50S.211.HZ-product.png\" \/>\n\t<meta property=\"og:image:width\" content=\"1000\" \/>\n\t<meta property=\"og:image:height\" content=\"1000\" \/>\n\t<meta property=\"og:image:type\" content=\"image\/png\" \/>\n<meta name=\"twitter:card\" content=\"summary_large_image\" \/>\n<meta name=\"twitter:label1\" content=\"Estimated reading time\" \/>\n\t<meta name=\"twitter:data1\" content=\"1 minute\" \/>\n<script type=\"application\/ld+json\" class=\"yoast-schema-graph\">{\"@context\":\"https:\\\/\\\/schema.org\",\"@graph\":[{\"@type\":\"WebPage\",\"@id\":\"https:\\\/\\\/xkodas.com\\\/en\\\/shop\\\/iloq-ismaniosios-spynos\\\/f50s-211-hz-rakto-vamzdzio-cilindras-su-trumpa-rankenele-svediskam-45-mm-vamzdziui-automatinis-uzraktas\\\/\",\"url\":\"https:\\\/\\\/xkodas.com\\\/en\\\/shop\\\/iloq-ismaniosios-spynos\\\/f50s-211-hz-rakto-vamzdzio-cilindras-su-trumpa-rankenele-svediskam-45-mm-vamzdziui-automatinis-uzraktas\\\/\",\"name\":\"F50S.211.HZ Rakto vamzd\u017eio cilindras su trumpa ranken\u0117le \u0161vedi\u0161kam 45 mm vamzd\u017eiui, automatinis u\u017eraktas - Xkodas\",\"isPartOf\":{\"@id\":\"https:\\\/\\\/xkodas.com\\\/en\\\/#website\"},\"primaryImageOfPage\":{\"@id\":\"https:\\\/\\\/xkodas.com\\\/en\\\/shop\\\/iloq-ismaniosios-spynos\\\/f50s-211-hz-rakto-vamzdzio-cilindras-su-trumpa-rankenele-svediskam-45-mm-vamzdziui-automatinis-uzraktas\\\/#primaryimage\"},\"image\":{\"@id\":\"https:\\\/\\\/xkodas.com\\\/en\\\/shop\\\/iloq-ismaniosios-spynos\\\/f50s-211-hz-rakto-vamzdzio-cilindras-su-trumpa-rankenele-svediskam-45-mm-vamzdziui-automatinis-uzraktas\\\/#primaryimage\"},\"thumbnailUrl\":\"https:\\\/\\\/xkodas.com\\\/wp-content\\\/uploads\\\/2024\\\/06\\\/F50S.211.HZ-product.png\",\"datePublished\":\"2024-06-06T07:22:40+00:00\",\"dateModified\":\"2024-11-18T13:06:27+00:00\",\"breadcrumb\":{\"@id\":\"https:\\\/\\\/xkodas.com\\\/en\\\/shop\\\/iloq-ismaniosios-spynos\\\/f50s-211-hz-rakto-vamzdzio-cilindras-su-trumpa-rankenele-svediskam-45-mm-vamzdziui-automatinis-uzraktas\\\/#breadcrumb\"},\"inLanguage\":\"en-GB\",\"potentialAction\":[{\"@type\":\"ReadAction\",\"target\":[\"https:\\\/\\\/xkodas.com\\\/en\\\/shop\\\/iloq-ismaniosios-spynos\\\/f50s-211-hz-rakto-vamzdzio-cilindras-su-trumpa-rankenele-svediskam-45-mm-vamzdziui-automatinis-uzraktas\\\/\"]}]},{\"@type\":\"ImageObject\",\"inLanguage\":\"en-GB\",\"@id\":\"https:\\\/\\\/xkodas.com\\\/en\\\/shop\\\/iloq-ismaniosios-spynos\\\/f50s-211-hz-rakto-vamzdzio-cilindras-su-trumpa-rankenele-svediskam-45-mm-vamzdziui-automatinis-uzraktas\\\/#primaryimage\",\"url\":\"https:\\\/\\\/xkodas.com\\\/wp-content\\\/uploads\\\/2024\\\/06\\\/F50S.211.HZ-product.png\",\"contentUrl\":\"https:\\\/\\\/xkodas.com\\\/wp-content\\\/uploads\\\/2024\\\/06\\\/F50S.211.HZ-product.png\",\"width\":1000,\"height\":1000},{\"@type\":\"BreadcrumbList\",\"@id\":\"https:\\\/\\\/xkodas.com\\\/en\\\/shop\\\/iloq-ismaniosios-spynos\\\/f50s-211-hz-rakto-vamzdzio-cilindras-su-trumpa-rankenele-svediskam-45-mm-vamzdziui-automatinis-uzraktas\\\/#breadcrumb\",\"itemListElement\":[{\"@type\":\"ListItem\",\"position\":1,\"name\":\"Home\",\"item\":\"https:\\\/\\\/xkodas.com\\\/en\\\/ismaniosios-spynos-visu-tipu-raktai-seifai-xkodas\\\/\"},{\"@type\":\"ListItem\",\"position\":2,\"name\":\"Parduotuv\u0117\",\"item\":\"https:\\\/\\\/xkodas.com\\\/parduotuve\\\/\"},{\"@type\":\"ListItem\",\"position\":3,\"name\":\"F50S.211.HZ Rakto vamzd\u017eio cilindras su trumpa ranken\u0117le \u0161vedi\u0161kam 45 mm vamzd\u017eiui, automatinis u\u017eraktas\"}]},{\"@type\":\"WebSite\",\"@id\":\"https:\\\/\\\/xkodas.com\\\/en\\\/#website\",\"url\":\"https:\\\/\\\/xkodas.com\\\/en\\\/\",\"name\":\"Xkodas\",\"description\":\"I\u0161maniosios spynos, rakt\u0173 gamyba, saugos sistemos\",\"publisher\":{\"@id\":\"https:\\\/\\\/xkodas.com\\\/en\\\/#organization\"},\"potentialAction\":[{\"@type\":\"SearchAction\",\"target\":{\"@type\":\"EntryPoint\",\"urlTemplate\":\"https:\\\/\\\/xkodas.com\\\/en\\\/?s={search_term_string}\"},\"query-input\":{\"@type\":\"PropertyValueSpecification\",\"valueRequired\":true,\"valueName\":\"search_term_string\"}}],\"inLanguage\":\"en-GB\"},{\"@type\":\"Organization\",\"@id\":\"https:\\\/\\\/xkodas.com\\\/en\\\/#organization\",\"name\":\"Xkodas\",\"url\":\"https:\\\/\\\/xkodas.com\\\/en\\\/\",\"logo\":{\"@type\":\"ImageObject\",\"inLanguage\":\"en-GB\",\"@id\":\"https:\\\/\\\/xkodas.com\\\/en\\\/#\\\/schema\\\/logo\\\/image\\\/\",\"url\":\"http:\\\/\\\/xkodas.com\\\/wp-content\\\/uploads\\\/2020\\\/02\\\/Xkodas_logo_baltas_500x500-2.jpg\",\"contentUrl\":\"http:\\\/\\\/xkodas.com\\\/wp-content\\\/uploads\\\/2020\\\/02\\\/Xkodas_logo_baltas_500x500-2.jpg\",\"width\":100,\"height\":100,\"caption\":\"Xkodas\"},\"image\":{\"@id\":\"https:\\\/\\\/xkodas.com\\\/en\\\/#\\\/schema\\\/logo\\\/image\\\/\"},\"sameAs\":[\"https:\\\/\\\/www.facebook.com\\\/xkodas.lt\"]}]}<\/script>\n<!-- \/ Yoast SEO plugin. -->","yoast_head_json":{"title":"F50S.211.HZ Rakto vamzd\u017eio cilindras su trumpa ranken\u0117le \u0161vedi\u0161kam 45 mm vamzd\u017eiui, automatinis u\u017eraktas - Xkodas","robots":{"index":"index","follow":"follow","max-snippet":"max-snippet:-1","max-image-preview":"max-image-preview:large","max-video-preview":"max-video-preview:-1"},"canonical":"https:\/\/xkodas.com\/en\/shop\/iloq-ismaniosios-spynos\/f50s-211-hz-rakto-vamzdzio-cilindras-su-trumpa-rankenele-svediskam-45-mm-vamzdziui-automatinis-uzraktas\/","og_locale":"en_GB","og_type":"article","og_title":"F50S.211.HZ Rakto vamzd\u017eio cilindras su trumpa ranken\u0117le \u0161vedi\u0161kam 45 mm vamzd\u017eiui, automatinis u\u017eraktas - Xkodas","og_description":"Patentuota, apdovanojimus pelniusi \u201eiLOQ S50\u201c u\u017erakto sistema u\u017etikrina pa\u017eangi\u0105 apsaug\u0105 ir patogi\u0105 prieigos dalijimosi galimyb\u0119 pagrindinio rakto u\u017erakto aplinkoje.  \u201eiLOQ F50S\u201c rakt\u0173 seifo spynos cilindras leid\u017eia naudoti \u201aiLOQ S50\u2018 u\u017erakto sistem\u0105 rakt\u0173 seifuose, kai paprastai tre\u010diosios \u0161alies organizacija, pavyzd\u017eiui, prie\u0161gaisrin\u0117 tarnyba ar telekomunikacij\u0173 bendrov\u0117, turi tur\u0117ti prieig\u0105 prie patalp\u0173 ir (arba) pastat\u0173 naudodama savo rakt\u0105. Raktas nuo patalp\u0173 dedamas \u012f sienoje sumontuotus rakt\u0173 seifo vamzd\u017eius, kuriuos organizacijos gali atidaryti naudodamos savo mobiliuosius telefonus kaip rakt\u0105.  Spyna belaid\u017eiu b\u016bdu renka elektros energij\u0105 i\u0161 NFC lauko, tod\u0117l telefon\u0105 galima naudoti ne tik kaip rakt\u0105, bet ir kaip energijos \u0161altin\u012f, tod\u0117l spyna visi\u0161kai nenaudoja baterijos. Kadangi nereikia baterij\u0173 ir elektros laid\u0173, spynos nereikalauja technin\u0117s prie\u017ei\u016bros ir yra ekologi\u0161kas ekologi\u0161kas sprendimas, kuris pa\u0161alina darb\u0105, i\u0161laidas, atliekas ir \u017eal\u0105, susijusi\u0105 su baterijomis ar laidais maitinamais sprendimais.  D\u0117l bekontak\u010dio NFC veikimo spyna neturi rakto skylut\u0117s. Ji skirta naudoti at\u0161iaurioje aplinkoje, kur spynas veikia dulk\u0117s, dr\u0117gm\u0117 ir \u012fvairios temperat\u016bros s\u0105lygos - nuo itin \u0161alto iki kar\u0161to oro.  Telefonas kaip raktas leid\u017eia lanks\u010diai dalytis prieiga su laiko apribojimais ir audito sekos ataskaitomis per eter\u012f. I\u0161laikomas auk\u0161tas saugumo lygis, o d\u0117l pamesto rakto atsiradusias saugumo spragas galima visi\u0161kai pa\u0161alinti be brangiai kainuojan\u010dio spyn\u0173 ir rakt\u0173 keitimo.Spyna telpa \u012f \u0161vedi\u0161kus 45 mm ilgio rakt\u0173 seifo vamzd\u017eius. Funkcij\u0173 santrauka - Be akumuliatoriaus programuojamas elektromechaninis rakto vamzd\u017eio spynos cilindras, skirtas \u201eiLOQ S50\u201c u\u017erakt\u0173 sistemai - Suderinamas su \u0161vedi\u0161kais 45 mm rakt\u0173 seif\u0173 vamzd\u017eiais  - Galimi du skirtingi skaitytuvo ranken\u0117l\u0117s ilgiai  - Maitinamas NFC: spynai nereikia baterij\u0173 ar i\u0161orinio maitinimo \u0161altinio  - Atidaroma naudojant NFC funkcij\u0105 turint\u012f \u201eAndroid\u201c \/ \u201eiOS\u201c i\u0161man\u0173j\u012f telefon\u0105 arba \u201eiLOQ K55S\u201c rakt\u0173 d\u0117kl\u0105  - Apsaugota naudojant galing\u0105 AES-256 \u0161ifravim\u0105 ir abipus\u012f autenti\u0161kumo patvirtinim\u0105  - Suderinamas su Europos standartu EN15684  - Laukiama FK 3 klas\u0117s sertifikato  - Pradinis programavimas naudojant kompiuter\u012f ir \u201eiLOQ P55S.1\u201c administratoriaus laikikl\u012f, prijungt\u0105 prie serverio  - Prieigos teisi\u0173 s\u0105ra\u0161as prieigos grup\u0117ms  - Atskir\u0173 pamest\u0173 rakt\u0173 blokavimo s\u0105ra\u0161as  - Vidinis audito sekos \u012fra\u0161as su laiko \u017eyma (galima konfig\u016bruoti \u012fjungti arba i\u0161jungti)  - Palaikomi laiko apribojimai  - Galima sukonfig\u016bruoti taip, kad b\u016bt\u0173 reikalaujama atidarymo autenti\u0161kumo patvirtinimo internetu  - Perprogramavimas raktais (Android\/iOS telefonu arba K55S rakt\u0173 d\u0117klu)  - Atnaujinama programin\u0117 \u012franga  - NFC 13,56 MHz apkrovos moduliacija (ASK) ISO\/IEC 14443A, be si\u0173stuvo","og_url":"https:\/\/xkodas.com\/en\/shop\/iloq-ismaniosios-spynos\/f50s-211-hz-rakto-vamzdzio-cilindras-su-trumpa-rankenele-svediskam-45-mm-vamzdziui-automatinis-uzraktas\/","og_site_name":"Xkodas","article_publisher":"https:\/\/www.facebook.com\/xkodas.lt","article_modified_time":"2024-11-18T13:06:27+00:00","og_image":[{"width":1000,"height":1000,"url":"https:\/\/xkodas.com\/wp-content\/uploads\/2024\/06\/F50S.211.HZ-product.png","type":"image\/png"}],"twitter_card":"summary_large_image","twitter_misc":{"Estimated reading time":"1 minute"},"schema":{"@context":"https:\/\/schema.org","@graph":[{"@type":"WebPage","@id":"https:\/\/xkodas.com\/en\/shop\/iloq-ismaniosios-spynos\/f50s-211-hz-rakto-vamzdzio-cilindras-su-trumpa-rankenele-svediskam-45-mm-vamzdziui-automatinis-uzraktas\/","url":"https:\/\/xkodas.com\/en\/shop\/iloq-ismaniosios-spynos\/f50s-211-hz-rakto-vamzdzio-cilindras-su-trumpa-rankenele-svediskam-45-mm-vamzdziui-automatinis-uzraktas\/","name":"F50S.211.HZ Rakto vamzd\u017eio cilindras su trumpa ranken\u0117le \u0161vedi\u0161kam 45 mm vamzd\u017eiui, automatinis u\u017eraktas - Xkodas","isPartOf":{"@id":"https:\/\/xkodas.com\/en\/#website"},"primaryImageOfPage":{"@id":"https:\/\/xkodas.com\/en\/shop\/iloq-ismaniosios-spynos\/f50s-211-hz-rakto-vamzdzio-cilindras-su-trumpa-rankenele-svediskam-45-mm-vamzdziui-automatinis-uzraktas\/#primaryimage"},"image":{"@id":"https:\/\/xkodas.com\/en\/shop\/iloq-ismaniosios-spynos\/f50s-211-hz-rakto-vamzdzio-cilindras-su-trumpa-rankenele-svediskam-45-mm-vamzdziui-automatinis-uzraktas\/#primaryimage"},"thumbnailUrl":"https:\/\/xkodas.com\/wp-content\/uploads\/2024\/06\/F50S.211.HZ-product.png","datePublished":"2024-06-06T07:22:40+00:00","dateModified":"2024-11-18T13:06:27+00:00","breadcrumb":{"@id":"https:\/\/xkodas.com\/en\/shop\/iloq-ismaniosios-spynos\/f50s-211-hz-rakto-vamzdzio-cilindras-su-trumpa-rankenele-svediskam-45-mm-vamzdziui-automatinis-uzraktas\/#breadcrumb"},"inLanguage":"en-GB","potentialAction":[{"@type":"ReadAction","target":["https:\/\/xkodas.com\/en\/shop\/iloq-ismaniosios-spynos\/f50s-211-hz-rakto-vamzdzio-cilindras-su-trumpa-rankenele-svediskam-45-mm-vamzdziui-automatinis-uzraktas\/"]}]},{"@type":"ImageObject","inLanguage":"en-GB","@id":"https:\/\/xkodas.com\/en\/shop\/iloq-ismaniosios-spynos\/f50s-211-hz-rakto-vamzdzio-cilindras-su-trumpa-rankenele-svediskam-45-mm-vamzdziui-automatinis-uzraktas\/#primaryimage","url":"https:\/\/xkodas.com\/wp-content\/uploads\/2024\/06\/F50S.211.HZ-product.png","contentUrl":"https:\/\/xkodas.com\/wp-content\/uploads\/2024\/06\/F50S.211.HZ-product.png","width":1000,"height":1000},{"@type":"BreadcrumbList","@id":"https:\/\/xkodas.com\/en\/shop\/iloq-ismaniosios-spynos\/f50s-211-hz-rakto-vamzdzio-cilindras-su-trumpa-rankenele-svediskam-45-mm-vamzdziui-automatinis-uzraktas\/#breadcrumb","itemListElement":[{"@type":"ListItem","position":1,"name":"Home","item":"https:\/\/xkodas.com\/en\/ismaniosios-spynos-visu-tipu-raktai-seifai-xkodas\/"},{"@type":"ListItem","position":2,"name":"Parduotuv\u0117","item":"https:\/\/xkodas.com\/parduotuve\/"},{"@type":"ListItem","position":3,"name":"F50S.211.HZ Rakto vamzd\u017eio cilindras su trumpa ranken\u0117le \u0161vedi\u0161kam 45 mm vamzd\u017eiui, automatinis u\u017eraktas"}]},{"@type":"WebSite","@id":"https:\/\/xkodas.com\/en\/#website","url":"https:\/\/xkodas.com\/en\/","name":"Xkodas","description":"I\u0161maniosios spynos, rakt\u0173 gamyba, saugos sistemos","publisher":{"@id":"https:\/\/xkodas.com\/en\/#organization"},"potentialAction":[{"@type":"SearchAction","target":{"@type":"EntryPoint","urlTemplate":"https:\/\/xkodas.com\/en\/?s={search_term_string}"},"query-input":{"@type":"PropertyValueSpecification","valueRequired":true,"valueName":"search_term_string"}}],"inLanguage":"en-GB"},{"@type":"Organization","@id":"https:\/\/xkodas.com\/en\/#organization","name":"Xkodas","url":"https:\/\/xkodas.com\/en\/","logo":{"@type":"ImageObject","inLanguage":"en-GB","@id":"https:\/\/xkodas.com\/en\/#\/schema\/logo\/image\/","url":"http:\/\/xkodas.com\/wp-content\/uploads\/2020\/02\/Xkodas_logo_baltas_500x500-2.jpg","contentUrl":"http:\/\/xkodas.com\/wp-content\/uploads\/2020\/02\/Xkodas_logo_baltas_500x500-2.jpg","width":100,"height":100,"caption":"Xkodas"},"image":{"@id":"https:\/\/xkodas.com\/en\/#\/schema\/logo\/image\/"},"sameAs":["https:\/\/www.facebook.com\/xkodas.lt"]}]}},"_links":{"self":[{"href":"https:\/\/xkodas.com\/en\/wp-json\/wp\/v2\/product\/18799","targetHints":{"allow":["GET"]}}],"collection":[{"href":"https:\/\/xkodas.com\/en\/wp-json\/wp\/v2\/product"}],"about":[{"href":"https:\/\/xkodas.com\/en\/wp-json\/wp\/v2\/types\/product"}],"wp:featuredmedia":[{"embeddable":true,"href":"https:\/\/xkodas.com\/en\/wp-json\/wp\/v2\/media\/20115"}],"wp:attachment":[{"href":"https:\/\/xkodas.com\/en\/wp-json\/wp\/v2\/media?parent=18799"}],"wp:term":[{"taxonomy":"product_brand","embeddable":true,"href":"https:\/\/xkodas.com\/en\/wp-json\/wp\/v2\/product_brand?post=18799"},{"taxonomy":"product_cat","embeddable":true,"href":"https:\/\/xkodas.com\/en\/wp-json\/wp\/v2\/product_cat?post=18799"},{"taxonomy":"product_tag","embeddable":true,"href":"https:\/\/xkodas.com\/en\/wp-json\/wp\/v2\/product_tag?post=18799"}],"curies":[{"name":"wp","href":"https:\/\/api.w.org\/{rel}","templated":true}]}}