{"id":18769,"date":"2024-06-06T07:22:15","date_gmt":"2024-06-06T07:22:15","guid":{"rendered":"http:\/\/xkodas.com\/?post_type=product&#038;p=18769"},"modified":"2024-06-06T07:22:27","modified_gmt":"2024-06-06T07:22:27","slug":"cilindro-formos-stilingas-duru-stabdis-ds522","status":"publish","type":"product","link":"https:\/\/xkodas.com\/en\/shop\/duru-furnitura\/cilindro-formos-stilingas-duru-stabdis-ds522\/","title":{"rendered":"Cilindro formos stilingas dur\u0173 stabdis DS522"},"content":{"rendered":"","protected":false},"excerpt":{"rendered":"<p>Cilindro formos stilingas dur\u0173 stabdis DS522. Itali\u0161kas dizainas ir kokyb\u0117. Galime pasi\u016blyti \u012fvairi\u0173 form\u0173 apvadus ir visk\u0105, ko reikia stilingoms durims.<\/p>","protected":false},"featured_media":16588,"template":"","meta":{"_monsterinsights_skip_tracking":false,"_monsterinsights_sitenote_active":false,"_monsterinsights_sitenote_note":"","_monsterinsights_sitenote_category":0},"product_brand":[],"product_cat":[235],"product_tag":[],"class_list":{"0":"post-18769","1":"product","2":"type-product","3":"status-publish","4":"has-post-thumbnail","6":"product_cat-duru-furnitura","8":"first","9":"instock","10":"taxable","11":"shipping-taxable","12":"purchasable","13":"product-type-simple"},"yoast_head":"<!-- This site is optimized with the Yoast SEO plugin v27.3 - https:\/\/yoast.com\/product\/yoast-seo-wordpress\/ -->\n<title>Cilindro formos stilingas dur\u0173 stabdis DS522 - Xkodas<\/title>\n<meta name=\"robots\" content=\"index, follow, max-snippet:-1, max-image-preview:large, max-video-preview:-1\" \/>\n<link rel=\"canonical\" href=\"https:\/\/xkodas.com\/en\/shop\/duru-furnitura\/cilindro-formos-stilingas-duru-stabdis-ds522\/\" \/>\n<meta property=\"og:locale\" content=\"en_GB\" \/>\n<meta property=\"og:type\" content=\"article\" \/>\n<meta property=\"og:title\" content=\"Cilindro formos stilingas dur\u0173 stabdis DS522 - Xkodas\" \/>\n<meta property=\"og:description\" content=\"Cilindro formos stilingas dur\u0173 stabdis DS522. Itali\u0161kas dizainas ir kokyb\u0117. Galime pasi\u016blyti \u012fvairi\u0173 form\u0173 apvadus ir visk\u0105, ko reikia stilingoms durims.\" \/>\n<meta property=\"og:url\" content=\"https:\/\/xkodas.com\/en\/shop\/duru-furnitura\/cilindro-formos-stilingas-duru-stabdis-ds522\/\" \/>\n<meta property=\"og:site_name\" content=\"Xkodas\" \/>\n<meta property=\"article:publisher\" content=\"https:\/\/www.facebook.com\/xkodas.lt\" \/>\n<meta property=\"article:modified_time\" content=\"2024-06-06T07:22:27+00:00\" \/>\n<meta property=\"og:image\" content=\"https:\/\/xkodas.com\/wp-content\/uploads\/2024\/05\/Cilindro-formos-duru-stabdis-Xkodas.jpeg\" \/>\n\t<meta property=\"og:image:width\" content=\"2560\" \/>\n\t<meta property=\"og:image:height\" content=\"2560\" \/>\n\t<meta property=\"og:image:type\" content=\"image\/jpeg\" \/>\n<meta name=\"twitter:card\" content=\"summary_large_image\" \/>\n<script type=\"application\/ld+json\" class=\"yoast-schema-graph\">{\"@context\":\"https:\\\/\\\/schema.org\",\"@graph\":[{\"@type\":\"WebPage\",\"@id\":\"https:\\\/\\\/xkodas.com\\\/en\\\/shop\\\/duru-furnitura\\\/cilindro-formos-stilingas-duru-stabdis-ds522\\\/\",\"url\":\"https:\\\/\\\/xkodas.com\\\/en\\\/shop\\\/duru-furnitura\\\/cilindro-formos-stilingas-duru-stabdis-ds522\\\/\",\"name\":\"Cilindro formos stilingas dur\u0173 stabdis DS522 - Xkodas\",\"isPartOf\":{\"@id\":\"https:\\\/\\\/xkodas.com\\\/en\\\/#website\"},\"primaryImageOfPage\":{\"@id\":\"https:\\\/\\\/xkodas.com\\\/en\\\/shop\\\/duru-furnitura\\\/cilindro-formos-stilingas-duru-stabdis-ds522\\\/#primaryimage\"},\"image\":{\"@id\":\"https:\\\/\\\/xkodas.com\\\/en\\\/shop\\\/duru-furnitura\\\/cilindro-formos-stilingas-duru-stabdis-ds522\\\/#primaryimage\"},\"thumbnailUrl\":\"https:\\\/\\\/xkodas.com\\\/wp-content\\\/uploads\\\/2024\\\/05\\\/Cilindro-formos-duru-stabdis-Xkodas.jpeg\",\"datePublished\":\"2024-06-06T07:22:15+00:00\",\"dateModified\":\"2024-06-06T07:22:27+00:00\",\"breadcrumb\":{\"@id\":\"https:\\\/\\\/xkodas.com\\\/en\\\/shop\\\/duru-furnitura\\\/cilindro-formos-stilingas-duru-stabdis-ds522\\\/#breadcrumb\"},\"inLanguage\":\"en-GB\",\"potentialAction\":[{\"@type\":\"ReadAction\",\"target\":[\"https:\\\/\\\/xkodas.com\\\/en\\\/shop\\\/duru-furnitura\\\/cilindro-formos-stilingas-duru-stabdis-ds522\\\/\"]}]},{\"@type\":\"ImageObject\",\"inLanguage\":\"en-GB\",\"@id\":\"https:\\\/\\\/xkodas.com\\\/en\\\/shop\\\/duru-furnitura\\\/cilindro-formos-stilingas-duru-stabdis-ds522\\\/#primaryimage\",\"url\":\"https:\\\/\\\/xkodas.com\\\/wp-content\\\/uploads\\\/2024\\\/05\\\/Cilindro-formos-duru-stabdis-Xkodas.jpeg\",\"contentUrl\":\"https:\\\/\\\/xkodas.com\\\/wp-content\\\/uploads\\\/2024\\\/05\\\/Cilindro-formos-duru-stabdis-Xkodas.jpeg\",\"width\":2560,\"height\":2560},{\"@type\":\"BreadcrumbList\",\"@id\":\"https:\\\/\\\/xkodas.com\\\/en\\\/shop\\\/duru-furnitura\\\/cilindro-formos-stilingas-duru-stabdis-ds522\\\/#breadcrumb\",\"itemListElement\":[{\"@type\":\"ListItem\",\"position\":1,\"name\":\"Home\",\"item\":\"https:\\\/\\\/xkodas.com\\\/en\\\/ismaniosios-spynos-visu-tipu-raktai-seifai-xkodas\\\/\"},{\"@type\":\"ListItem\",\"position\":2,\"name\":\"Parduotuv\u0117\",\"item\":\"https:\\\/\\\/xkodas.com\\\/parduotuve\\\/\"},{\"@type\":\"ListItem\",\"position\":3,\"name\":\"Cilindro formos stilingas dur\u0173 stabdis DS522\"}]},{\"@type\":\"WebSite\",\"@id\":\"https:\\\/\\\/xkodas.com\\\/en\\\/#website\",\"url\":\"https:\\\/\\\/xkodas.com\\\/en\\\/\",\"name\":\"Xkodas\",\"description\":\"I\u0161maniosios spynos, rakt\u0173 gamyba, saugos sistemos\",\"publisher\":{\"@id\":\"https:\\\/\\\/xkodas.com\\\/en\\\/#organization\"},\"potentialAction\":[{\"@type\":\"SearchAction\",\"target\":{\"@type\":\"EntryPoint\",\"urlTemplate\":\"https:\\\/\\\/xkodas.com\\\/en\\\/?s={search_term_string}\"},\"query-input\":{\"@type\":\"PropertyValueSpecification\",\"valueRequired\":true,\"valueName\":\"search_term_string\"}}],\"inLanguage\":\"en-GB\"},{\"@type\":\"Organization\",\"@id\":\"https:\\\/\\\/xkodas.com\\\/en\\\/#organization\",\"name\":\"Xkodas\",\"url\":\"https:\\\/\\\/xkodas.com\\\/en\\\/\",\"logo\":{\"@type\":\"ImageObject\",\"inLanguage\":\"en-GB\",\"@id\":\"https:\\\/\\\/xkodas.com\\\/en\\\/#\\\/schema\\\/logo\\\/image\\\/\",\"url\":\"http:\\\/\\\/xkodas.com\\\/wp-content\\\/uploads\\\/2020\\\/02\\\/Xkodas_logo_baltas_500x500-2.jpg\",\"contentUrl\":\"http:\\\/\\\/xkodas.com\\\/wp-content\\\/uploads\\\/2020\\\/02\\\/Xkodas_logo_baltas_500x500-2.jpg\",\"width\":100,\"height\":100,\"caption\":\"Xkodas\"},\"image\":{\"@id\":\"https:\\\/\\\/xkodas.com\\\/en\\\/#\\\/schema\\\/logo\\\/image\\\/\"},\"sameAs\":[\"https:\\\/\\\/www.facebook.com\\\/xkodas.lt\"]}]}<\/script>\n<!-- \/ Yoast SEO plugin. -->","yoast_head_json":{"title":"Cilindro formos stilingas dur\u0173 stabdis DS522 - Xkodas","robots":{"index":"index","follow":"follow","max-snippet":"max-snippet:-1","max-image-preview":"max-image-preview:large","max-video-preview":"max-video-preview:-1"},"canonical":"https:\/\/xkodas.com\/en\/shop\/duru-furnitura\/cilindro-formos-stilingas-duru-stabdis-ds522\/","og_locale":"en_GB","og_type":"article","og_title":"Cilindro formos stilingas dur\u0173 stabdis DS522 - Xkodas","og_description":"Cilindro formos stilingas dur\u0173 stabdis DS522. Itali\u0161kas dizainas ir kokyb\u0117. Galime pasi\u016blyti \u012fvairi\u0173 form\u0173 apvadus ir visk\u0105, ko reikia stilingoms durims.","og_url":"https:\/\/xkodas.com\/en\/shop\/duru-furnitura\/cilindro-formos-stilingas-duru-stabdis-ds522\/","og_site_name":"Xkodas","article_publisher":"https:\/\/www.facebook.com\/xkodas.lt","article_modified_time":"2024-06-06T07:22:27+00:00","og_image":[{"width":2560,"height":2560,"url":"https:\/\/xkodas.com\/wp-content\/uploads\/2024\/05\/Cilindro-formos-duru-stabdis-Xkodas.jpeg","type":"image\/jpeg"}],"twitter_card":"summary_large_image","schema":{"@context":"https:\/\/schema.org","@graph":[{"@type":"WebPage","@id":"https:\/\/xkodas.com\/en\/shop\/duru-furnitura\/cilindro-formos-stilingas-duru-stabdis-ds522\/","url":"https:\/\/xkodas.com\/en\/shop\/duru-furnitura\/cilindro-formos-stilingas-duru-stabdis-ds522\/","name":"Cilindro formos stilingas dur\u0173 stabdis DS522 - Xkodas","isPartOf":{"@id":"https:\/\/xkodas.com\/en\/#website"},"primaryImageOfPage":{"@id":"https:\/\/xkodas.com\/en\/shop\/duru-furnitura\/cilindro-formos-stilingas-duru-stabdis-ds522\/#primaryimage"},"image":{"@id":"https:\/\/xkodas.com\/en\/shop\/duru-furnitura\/cilindro-formos-stilingas-duru-stabdis-ds522\/#primaryimage"},"thumbnailUrl":"https:\/\/xkodas.com\/wp-content\/uploads\/2024\/05\/Cilindro-formos-duru-stabdis-Xkodas.jpeg","datePublished":"2024-06-06T07:22:15+00:00","dateModified":"2024-06-06T07:22:27+00:00","breadcrumb":{"@id":"https:\/\/xkodas.com\/en\/shop\/duru-furnitura\/cilindro-formos-stilingas-duru-stabdis-ds522\/#breadcrumb"},"inLanguage":"en-GB","potentialAction":[{"@type":"ReadAction","target":["https:\/\/xkodas.com\/en\/shop\/duru-furnitura\/cilindro-formos-stilingas-duru-stabdis-ds522\/"]}]},{"@type":"ImageObject","inLanguage":"en-GB","@id":"https:\/\/xkodas.com\/en\/shop\/duru-furnitura\/cilindro-formos-stilingas-duru-stabdis-ds522\/#primaryimage","url":"https:\/\/xkodas.com\/wp-content\/uploads\/2024\/05\/Cilindro-formos-duru-stabdis-Xkodas.jpeg","contentUrl":"https:\/\/xkodas.com\/wp-content\/uploads\/2024\/05\/Cilindro-formos-duru-stabdis-Xkodas.jpeg","width":2560,"height":2560},{"@type":"BreadcrumbList","@id":"https:\/\/xkodas.com\/en\/shop\/duru-furnitura\/cilindro-formos-stilingas-duru-stabdis-ds522\/#breadcrumb","itemListElement":[{"@type":"ListItem","position":1,"name":"Home","item":"https:\/\/xkodas.com\/en\/ismaniosios-spynos-visu-tipu-raktai-seifai-xkodas\/"},{"@type":"ListItem","position":2,"name":"Parduotuv\u0117","item":"https:\/\/xkodas.com\/parduotuve\/"},{"@type":"ListItem","position":3,"name":"Cilindro formos stilingas dur\u0173 stabdis DS522"}]},{"@type":"WebSite","@id":"https:\/\/xkodas.com\/en\/#website","url":"https:\/\/xkodas.com\/en\/","name":"Xkodas","description":"I\u0161maniosios spynos, rakt\u0173 gamyba, saugos sistemos","publisher":{"@id":"https:\/\/xkodas.com\/en\/#organization"},"potentialAction":[{"@type":"SearchAction","target":{"@type":"EntryPoint","urlTemplate":"https:\/\/xkodas.com\/en\/?s={search_term_string}"},"query-input":{"@type":"PropertyValueSpecification","valueRequired":true,"valueName":"search_term_string"}}],"inLanguage":"en-GB"},{"@type":"Organization","@id":"https:\/\/xkodas.com\/en\/#organization","name":"Xkodas","url":"https:\/\/xkodas.com\/en\/","logo":{"@type":"ImageObject","inLanguage":"en-GB","@id":"https:\/\/xkodas.com\/en\/#\/schema\/logo\/image\/","url":"http:\/\/xkodas.com\/wp-content\/uploads\/2020\/02\/Xkodas_logo_baltas_500x500-2.jpg","contentUrl":"http:\/\/xkodas.com\/wp-content\/uploads\/2020\/02\/Xkodas_logo_baltas_500x500-2.jpg","width":100,"height":100,"caption":"Xkodas"},"image":{"@id":"https:\/\/xkodas.com\/en\/#\/schema\/logo\/image\/"},"sameAs":["https:\/\/www.facebook.com\/xkodas.lt"]}]}},"_links":{"self":[{"href":"https:\/\/xkodas.com\/en\/wp-json\/wp\/v2\/product\/18769","targetHints":{"allow":["GET"]}}],"collection":[{"href":"https:\/\/xkodas.com\/en\/wp-json\/wp\/v2\/product"}],"about":[{"href":"https:\/\/xkodas.com\/en\/wp-json\/wp\/v2\/types\/product"}],"wp:featuredmedia":[{"embeddable":true,"href":"https:\/\/xkodas.com\/en\/wp-json\/wp\/v2\/media\/16588"}],"wp:attachment":[{"href":"https:\/\/xkodas.com\/en\/wp-json\/wp\/v2\/media?parent=18769"}],"wp:term":[{"taxonomy":"product_brand","embeddable":true,"href":"https:\/\/xkodas.com\/en\/wp-json\/wp\/v2\/product_brand?post=18769"},{"taxonomy":"product_cat","embeddable":true,"href":"https:\/\/xkodas.com\/en\/wp-json\/wp\/v2\/product_cat?post=18769"},{"taxonomy":"product_tag","embeddable":true,"href":"https:\/\/xkodas.com\/en\/wp-json\/wp\/v2\/product_tag?post=18769"}],"curies":[{"name":"wp","href":"https:\/\/api.w.org\/{rel}","templated":true}]}}