{"id":18764,"date":"2024-06-06T07:22:14","date_gmt":"2024-06-06T07:22:14","guid":{"rendered":"http:\/\/xkodas.com\/?post_type=product&#038;p=18764"},"modified":"2024-06-06T07:22:25","modified_gmt":"2024-06-06T07:22:25","slug":"ismani-duru-spyna-smart-h65b-waterproof-ip55-juoda-be-wifi-valdiklio","status":"publish","type":"product","link":"https:\/\/xkodas.com\/en\/shop\/ismaniosios-duru-spynos\/ismani-duru-spyna-smart-h65b-waterproof-ip55-juoda-be-wifi-valdiklio\/","title":{"rendered":"I\u0161mani dur\u0173 spyna SMART H65B (waterproof  IP55), juoda, be WiFi valdiklio"},"content":{"rendered":"<p>M\u016bs\u0173 komandos i\u0161skirtinumas &#8211; profesionalumas ir d\u0117mesys kiekvienam klientui. Jau daugiau nei penkerius metus dirbame su i\u0161maniosiomis technologijomis, i\u0161mani\u0173j\u0173 spyn\u0173 testavimu bei montavimu, tod\u0117l galime atsakyti \u012f visus su \u0161iomis technologijomis kylan\u010dius klausimus!<\/p>\n<p>\u0160i skandinavi\u0161ko tipo u\u017eraktams pritaikyta i\u0161manioji dur\u0173 spyna yra patogus ir patikimas sprendimas namams ar tiems, kas u\u017esiima apgyvendinimo paslaugomis. Spyna i\u0161siskiria universalumu bei patogiu valdymu.\u00a0 Taip pat ji turi atsparumo aplinkos poveikiui sertifikat\u0105.<\/p>\n<p>SMART HV65B i\u0161maniosios dur\u0173 rankenos valdymas:<\/p>\n<ul>\n<li>Patogus valdymas pir\u0161to antspaudu (Fingerprint technologija) ir PIN kodais.<\/li>\n<li>Pra\u0117jimo kontrol\u0119 galima vykdyti ir magnetini\u0173 korteli\u0173 pagalba (200 vartotoj\u0173 vienu metu).<\/li>\n<li>Pra\u0117jimo kontrol\u0119 galima vykdyti ir magnetini\u0173 korteli\u0173 pagalba (200 vartotoj\u0173 vienu metu).<\/li>\n<li>Bluetooth ry\u0161ys (Wi-fi, jei komplektuojama su HUB).<\/li>\n<\/ul>\n<p>\u0160i spyna gali b\u016bti suderinama su vie\u0161bu\u010di\u0173 sistemomis. Ji ypa\u010d patogi vykdant apgyvendinimo paslaugas per Airbnb ar Booking sistemas. Daugelis \u0161i\u0105 spyn\u0105 vertina d\u0117l jos dizaino, nes ji bene pana\u0161iausia \u012f \u012fprastas spynas ir labai lengvai priderinama prie dur\u0173 ar interjero dizaino.<\/p>\n<p><a href=\"http:\/\/xkodas.com\/wp-content\/uploads\/2022\/04\/Ismaniosios-spynos-instrukcija-EN.pdf\">I\u0161maniosios spynos instrukcija (EN) &#8211; parsisi\u0173sti.<\/a><\/p>\n<p><strong>Jei ie\u0161kote patikim\u0173 i\u0161mani\u0173j\u0173 spyn\u0173 ar turite klausim\u0173, kreipkit\u0117s \u012f mus jau dabar ir mes mielai Jums pad\u0117sime. Turime sukaup\u0119 didel\u012f praktini\u0173 \u017eini\u0173 baga\u017e\u0105 ir mielai dalinam\u0117s savo \u012f\u017evalgomis, patariame, koki\u0105 spyn\u0105 rinktis konkre\u010diu atveju, o savo patarimus pagrind\u017eiame argumentais. Veikl\u0105 vykdome visoje Lietuvoje!\u00a0<\/strong><\/p>\n<p>&nbsp;<\/p>","protected":false},"excerpt":{"rendered":"<p>\u0160i i\u0161manioji dur\u0173 spyna yra pritaikyta skandinavi\u0161ko tipo (ASSA spyn\u0173 mechanizmui). Tai patogi ir stilinga dur\u0173 rankena, kuri valdoma Bluetooth ry\u0161iu per program\u0117l\u0119, pir\u0161t\u0173 antspaudu, kortel\u0117mis, PIN kodais, standartiniais raktais.<\/p>\n<p>Vartotojai jau sp\u0117jo \u012fvertinti \u0161io u\u017erakto privalumus. Spyna tinka i\u0161or\u0117s durims, nes turi IP55 atsparumo vandeniui standart\u0105.<\/p>\n<p>I\u0161skiriami pagrindiniai \u0161i\u0173 spyn\u0173 privalumai:<\/p>\n<ul>\n<li>Instaliavimui nereikia joki\u0173 papildom\u0173 laid\u0173, nes mechanizmas patikimai veikia baterij\u0173 pagalba. Veikimo laikas 12-24 m\u0117nesiai).<\/li>\n<li>Ilgaam\u017eis veikimas &#8211; spyna testuota 200.000 atrakinimo cikl\u0173.<\/li>\n<li>AES256 saugumo lygis.<\/li>\n<li>Yra avarinis atrakinimas standartiniais raktais arba su galimybe pakrauti baterij\u0105.<\/li>\n<li>Labai patogus laikinos prieigos suteikimas SMS, Messenger, El. pa\u0161tu.<\/li>\n<li>Program\u0117l\u0117je pateikiama i\u0161sami spynos valdymo ir \u012fvyki\u0173 istorija.<\/li>\n<li>Veikimo temperat\u016bra &#8211; -25 &#8211; +55\u00b0C.<\/li>\n<li>Paprastai suderinama su virtualiais asistentais \u201eAlexa&#8221; ar \u201eGoogle\u201c asistentu.<\/li>\n<\/ul>\n<p><strong>Jei ie\u0161kote patikim\u0173 ir profesionali\u0173 sprendim\u0173, susijusi\u0173 su i\u0161maniomis spynomis, pra\u0117jimo kontrole, kreipkit\u0117s \u012f mus jau dabar. Mes u\u017esiimame spyn\u0173 montavimu bei prie\u017ei\u016bra, vykdome tiek individualius u\u017esakymus, tiek ir projektus, susijusius su nekilnojamo turto pl\u0117tra, patalp\u0173 nuoma, apgyvendinimo paslaug\u0173 verslais.<\/strong><\/p>\n<p>&nbsp;<\/p>","protected":false},"featured_media":16568,"template":"","meta":{"_monsterinsights_skip_tracking":false,"_monsterinsights_sitenote_active":false,"_monsterinsights_sitenote_note":"","_monsterinsights_sitenote_category":0},"product_brand":[],"product_cat":[44],"product_tag":[],"class_list":{"0":"post-18764","1":"product","2":"type-product","3":"status-publish","4":"has-post-thumbnail","6":"product_cat-ismaniosios-duru-spynos","8":"first","9":"instock","10":"taxable","11":"shipping-taxable","12":"purchasable","13":"product-type-simple"},"yoast_head":"<!-- This site is optimized with the Yoast SEO plugin v27.4 - https:\/\/yoast.com\/product\/yoast-seo-wordpress\/ -->\n<title>I\u0161mani dur\u0173 spyna SMART H65B (waterproof IP55), juoda, be WiFi valdiklio - Xkodas<\/title>\n<meta name=\"robots\" content=\"index, follow, max-snippet:-1, max-image-preview:large, max-video-preview:-1\" \/>\n<link rel=\"canonical\" href=\"https:\/\/xkodas.com\/en\/shop\/ismaniosios-duru-spynos\/ismani-duru-spyna-smart-h65b-waterproof-ip55-juoda-be-wifi-valdiklio\/\" \/>\n<meta property=\"og:locale\" content=\"en_GB\" \/>\n<meta property=\"og:type\" content=\"article\" \/>\n<meta property=\"og:title\" content=\"I\u0161mani dur\u0173 spyna SMART H65B (waterproof IP55), juoda, be WiFi valdiklio - Xkodas\" \/>\n<meta property=\"og:description\" content=\"\u0160i i\u0161manioji dur\u0173 spyna yra pritaikyta skandinavi\u0161ko tipo (ASSA spyn\u0173 mechanizmui). Tai patogi ir stilinga dur\u0173 rankena, kuri valdoma Bluetooth ry\u0161iu per program\u0117l\u0119, pir\u0161t\u0173 antspaudu, kortel\u0117mis, PIN kodais, standartiniais raktais.  Vartotojai jau sp\u0117jo \u012fvertinti \u0161io u\u017erakto privalumus. Spyna tinka i\u0161or\u0117s durims, nes turi IP55 atsparumo vandeniui standart\u0105.  I\u0161skiriami pagrindiniai \u0161i\u0173 spyn\u0173 privalumai:   Instaliavimui nereikia joki\u0173 papildom\u0173 laid\u0173, nes mechanizmas patikimai veikia baterij\u0173 pagalba. Veikimo laikas 12-24 m\u0117nesiai).  Ilgaam\u017eis veikimas - spyna testuota 200.000 atrakinimo cikl\u0173.  AES256 saugumo lygis.  Yra avarinis atrakinimas standartiniais raktais arba su galimybe pakrauti baterij\u0105.  Labai patogus laikinos prieigos suteikimas SMS, Messenger, El. pa\u0161tu.  Program\u0117l\u0117je pateikiama i\u0161sami spynos valdymo ir \u012fvyki\u0173 istorija.  Veikimo temperat\u016bra - -25 - +55\u00b0C.  Paprastai suderinama su virtualiais asistentais \u201eAlexa&quot; ar \u201eGoogle\u201c asistentu.  Jei ie\u0161kote patikim\u0173 ir profesionali\u0173 sprendim\u0173, susijusi\u0173 su i\u0161maniomis spynomis, pra\u0117jimo kontrole, kreipkit\u0117s \u012f mus jau dabar. Mes u\u017esiimame spyn\u0173 montavimu bei prie\u017ei\u016bra, vykdome tiek individualius u\u017esakymus, tiek ir projektus, susijusius su nekilnojamo turto pl\u0117tra, patalp\u0173 nuoma, apgyvendinimo paslaug\u0173 verslais.  &nbsp;\" \/>\n<meta property=\"og:url\" content=\"https:\/\/xkodas.com\/en\/shop\/ismaniosios-duru-spynos\/ismani-duru-spyna-smart-h65b-waterproof-ip55-juoda-be-wifi-valdiklio\/\" \/>\n<meta property=\"og:site_name\" content=\"Xkodas\" \/>\n<meta property=\"article:publisher\" content=\"https:\/\/www.facebook.com\/xkodas.lt\" \/>\n<meta property=\"article:modified_time\" content=\"2024-06-06T07:22:25+00:00\" \/>\n<meta property=\"og:image\" content=\"https:\/\/xkodas.com\/wp-content\/uploads\/2024\/05\/Juoda-ismanioji-spyna-durims-Xkodas-2-xkodas.jpg\" \/>\n\t<meta property=\"og:image:width\" content=\"600\" \/>\n\t<meta property=\"og:image:height\" content=\"600\" \/>\n\t<meta property=\"og:image:type\" content=\"image\/jpeg\" \/>\n<meta name=\"twitter:card\" content=\"summary_large_image\" \/>\n<meta name=\"twitter:label1\" content=\"Estimated reading time\" \/>\n\t<meta name=\"twitter:data1\" content=\"1 minute\" \/>\n<script type=\"application\/ld+json\" class=\"yoast-schema-graph\">{\"@context\":\"https:\\\/\\\/schema.org\",\"@graph\":[{\"@type\":\"WebPage\",\"@id\":\"https:\\\/\\\/xkodas.com\\\/en\\\/shop\\\/ismaniosios-duru-spynos\\\/ismani-duru-spyna-smart-h65b-waterproof-ip55-juoda-be-wifi-valdiklio\\\/\",\"url\":\"https:\\\/\\\/xkodas.com\\\/en\\\/shop\\\/ismaniosios-duru-spynos\\\/ismani-duru-spyna-smart-h65b-waterproof-ip55-juoda-be-wifi-valdiklio\\\/\",\"name\":\"I\u0161mani dur\u0173 spyna SMART H65B (waterproof IP55), juoda, be WiFi valdiklio - Xkodas\",\"isPartOf\":{\"@id\":\"https:\\\/\\\/xkodas.com\\\/en\\\/#website\"},\"primaryImageOfPage\":{\"@id\":\"https:\\\/\\\/xkodas.com\\\/en\\\/shop\\\/ismaniosios-duru-spynos\\\/ismani-duru-spyna-smart-h65b-waterproof-ip55-juoda-be-wifi-valdiklio\\\/#primaryimage\"},\"image\":{\"@id\":\"https:\\\/\\\/xkodas.com\\\/en\\\/shop\\\/ismaniosios-duru-spynos\\\/ismani-duru-spyna-smart-h65b-waterproof-ip55-juoda-be-wifi-valdiklio\\\/#primaryimage\"},\"thumbnailUrl\":\"https:\\\/\\\/xkodas.com\\\/wp-content\\\/uploads\\\/2024\\\/05\\\/Juoda-ismanioji-spyna-durims-Xkodas-2-xkodas.jpg\",\"datePublished\":\"2024-06-06T07:22:14+00:00\",\"dateModified\":\"2024-06-06T07:22:25+00:00\",\"breadcrumb\":{\"@id\":\"https:\\\/\\\/xkodas.com\\\/en\\\/shop\\\/ismaniosios-duru-spynos\\\/ismani-duru-spyna-smart-h65b-waterproof-ip55-juoda-be-wifi-valdiklio\\\/#breadcrumb\"},\"inLanguage\":\"en-GB\",\"potentialAction\":[{\"@type\":\"ReadAction\",\"target\":[\"https:\\\/\\\/xkodas.com\\\/en\\\/shop\\\/ismaniosios-duru-spynos\\\/ismani-duru-spyna-smart-h65b-waterproof-ip55-juoda-be-wifi-valdiklio\\\/\"]}]},{\"@type\":\"ImageObject\",\"inLanguage\":\"en-GB\",\"@id\":\"https:\\\/\\\/xkodas.com\\\/en\\\/shop\\\/ismaniosios-duru-spynos\\\/ismani-duru-spyna-smart-h65b-waterproof-ip55-juoda-be-wifi-valdiklio\\\/#primaryimage\",\"url\":\"https:\\\/\\\/xkodas.com\\\/wp-content\\\/uploads\\\/2024\\\/05\\\/Juoda-ismanioji-spyna-durims-Xkodas-2-xkodas.jpg\",\"contentUrl\":\"https:\\\/\\\/xkodas.com\\\/wp-content\\\/uploads\\\/2024\\\/05\\\/Juoda-ismanioji-spyna-durims-Xkodas-2-xkodas.jpg\",\"width\":600,\"height\":600},{\"@type\":\"BreadcrumbList\",\"@id\":\"https:\\\/\\\/xkodas.com\\\/en\\\/shop\\\/ismaniosios-duru-spynos\\\/ismani-duru-spyna-smart-h65b-waterproof-ip55-juoda-be-wifi-valdiklio\\\/#breadcrumb\",\"itemListElement\":[{\"@type\":\"ListItem\",\"position\":1,\"name\":\"Home\",\"item\":\"https:\\\/\\\/xkodas.com\\\/en\\\/ismaniosios-spynos-visu-tipu-raktai-seifai-xkodas\\\/\"},{\"@type\":\"ListItem\",\"position\":2,\"name\":\"Parduotuv\u0117\",\"item\":\"https:\\\/\\\/xkodas.com\\\/parduotuve\\\/\"},{\"@type\":\"ListItem\",\"position\":3,\"name\":\"I\u0161mani dur\u0173 spyna SMART H65B (waterproof IP55), juoda, be WiFi valdiklio\"}]},{\"@type\":\"WebSite\",\"@id\":\"https:\\\/\\\/xkodas.com\\\/en\\\/#website\",\"url\":\"https:\\\/\\\/xkodas.com\\\/en\\\/\",\"name\":\"Xkodas\",\"description\":\"I\u0161maniosios spynos, rakt\u0173 gamyba, saugos sistemos\",\"publisher\":{\"@id\":\"https:\\\/\\\/xkodas.com\\\/en\\\/#organization\"},\"potentialAction\":[{\"@type\":\"SearchAction\",\"target\":{\"@type\":\"EntryPoint\",\"urlTemplate\":\"https:\\\/\\\/xkodas.com\\\/en\\\/?s={search_term_string}\"},\"query-input\":{\"@type\":\"PropertyValueSpecification\",\"valueRequired\":true,\"valueName\":\"search_term_string\"}}],\"inLanguage\":\"en-GB\"},{\"@type\":\"Organization\",\"@id\":\"https:\\\/\\\/xkodas.com\\\/en\\\/#organization\",\"name\":\"Xkodas\",\"url\":\"https:\\\/\\\/xkodas.com\\\/en\\\/\",\"logo\":{\"@type\":\"ImageObject\",\"inLanguage\":\"en-GB\",\"@id\":\"https:\\\/\\\/xkodas.com\\\/en\\\/#\\\/schema\\\/logo\\\/image\\\/\",\"url\":\"http:\\\/\\\/xkodas.com\\\/wp-content\\\/uploads\\\/2020\\\/02\\\/Xkodas_logo_baltas_500x500-2.jpg\",\"contentUrl\":\"http:\\\/\\\/xkodas.com\\\/wp-content\\\/uploads\\\/2020\\\/02\\\/Xkodas_logo_baltas_500x500-2.jpg\",\"width\":100,\"height\":100,\"caption\":\"Xkodas\"},\"image\":{\"@id\":\"https:\\\/\\\/xkodas.com\\\/en\\\/#\\\/schema\\\/logo\\\/image\\\/\"},\"sameAs\":[\"https:\\\/\\\/www.facebook.com\\\/xkodas.lt\"]}]}<\/script>\n<!-- \/ Yoast SEO plugin. -->","yoast_head_json":{"title":"I\u0161mani dur\u0173 spyna SMART H65B (waterproof IP55), juoda, be WiFi valdiklio - Xkodas","robots":{"index":"index","follow":"follow","max-snippet":"max-snippet:-1","max-image-preview":"max-image-preview:large","max-video-preview":"max-video-preview:-1"},"canonical":"https:\/\/xkodas.com\/en\/shop\/ismaniosios-duru-spynos\/ismani-duru-spyna-smart-h65b-waterproof-ip55-juoda-be-wifi-valdiklio\/","og_locale":"en_GB","og_type":"article","og_title":"I\u0161mani dur\u0173 spyna SMART H65B (waterproof IP55), juoda, be WiFi valdiklio - Xkodas","og_description":"\u0160i i\u0161manioji dur\u0173 spyna yra pritaikyta skandinavi\u0161ko tipo (ASSA spyn\u0173 mechanizmui). Tai patogi ir stilinga dur\u0173 rankena, kuri valdoma Bluetooth ry\u0161iu per program\u0117l\u0119, pir\u0161t\u0173 antspaudu, kortel\u0117mis, PIN kodais, standartiniais raktais.  Vartotojai jau sp\u0117jo \u012fvertinti \u0161io u\u017erakto privalumus. Spyna tinka i\u0161or\u0117s durims, nes turi IP55 atsparumo vandeniui standart\u0105.  I\u0161skiriami pagrindiniai \u0161i\u0173 spyn\u0173 privalumai:   Instaliavimui nereikia joki\u0173 papildom\u0173 laid\u0173, nes mechanizmas patikimai veikia baterij\u0173 pagalba. Veikimo laikas 12-24 m\u0117nesiai).  Ilgaam\u017eis veikimas - spyna testuota 200.000 atrakinimo cikl\u0173.  AES256 saugumo lygis.  Yra avarinis atrakinimas standartiniais raktais arba su galimybe pakrauti baterij\u0105.  Labai patogus laikinos prieigos suteikimas SMS, Messenger, El. pa\u0161tu.  Program\u0117l\u0117je pateikiama i\u0161sami spynos valdymo ir \u012fvyki\u0173 istorija.  Veikimo temperat\u016bra - -25 - +55\u00b0C.  Paprastai suderinama su virtualiais asistentais \u201eAlexa\" ar \u201eGoogle\u201c asistentu.  Jei ie\u0161kote patikim\u0173 ir profesionali\u0173 sprendim\u0173, susijusi\u0173 su i\u0161maniomis spynomis, pra\u0117jimo kontrole, kreipkit\u0117s \u012f mus jau dabar. Mes u\u017esiimame spyn\u0173 montavimu bei prie\u017ei\u016bra, vykdome tiek individualius u\u017esakymus, tiek ir projektus, susijusius su nekilnojamo turto pl\u0117tra, patalp\u0173 nuoma, apgyvendinimo paslaug\u0173 verslais.  &nbsp;","og_url":"https:\/\/xkodas.com\/en\/shop\/ismaniosios-duru-spynos\/ismani-duru-spyna-smart-h65b-waterproof-ip55-juoda-be-wifi-valdiklio\/","og_site_name":"Xkodas","article_publisher":"https:\/\/www.facebook.com\/xkodas.lt","article_modified_time":"2024-06-06T07:22:25+00:00","og_image":[{"width":600,"height":600,"url":"https:\/\/xkodas.com\/wp-content\/uploads\/2024\/05\/Juoda-ismanioji-spyna-durims-Xkodas-2-xkodas.jpg","type":"image\/jpeg"}],"twitter_card":"summary_large_image","twitter_misc":{"Estimated reading time":"1 minute"},"schema":{"@context":"https:\/\/schema.org","@graph":[{"@type":"WebPage","@id":"https:\/\/xkodas.com\/en\/shop\/ismaniosios-duru-spynos\/ismani-duru-spyna-smart-h65b-waterproof-ip55-juoda-be-wifi-valdiklio\/","url":"https:\/\/xkodas.com\/en\/shop\/ismaniosios-duru-spynos\/ismani-duru-spyna-smart-h65b-waterproof-ip55-juoda-be-wifi-valdiklio\/","name":"I\u0161mani dur\u0173 spyna SMART H65B (waterproof IP55), juoda, be WiFi valdiklio - Xkodas","isPartOf":{"@id":"https:\/\/xkodas.com\/en\/#website"},"primaryImageOfPage":{"@id":"https:\/\/xkodas.com\/en\/shop\/ismaniosios-duru-spynos\/ismani-duru-spyna-smart-h65b-waterproof-ip55-juoda-be-wifi-valdiklio\/#primaryimage"},"image":{"@id":"https:\/\/xkodas.com\/en\/shop\/ismaniosios-duru-spynos\/ismani-duru-spyna-smart-h65b-waterproof-ip55-juoda-be-wifi-valdiklio\/#primaryimage"},"thumbnailUrl":"https:\/\/xkodas.com\/wp-content\/uploads\/2024\/05\/Juoda-ismanioji-spyna-durims-Xkodas-2-xkodas.jpg","datePublished":"2024-06-06T07:22:14+00:00","dateModified":"2024-06-06T07:22:25+00:00","breadcrumb":{"@id":"https:\/\/xkodas.com\/en\/shop\/ismaniosios-duru-spynos\/ismani-duru-spyna-smart-h65b-waterproof-ip55-juoda-be-wifi-valdiklio\/#breadcrumb"},"inLanguage":"en-GB","potentialAction":[{"@type":"ReadAction","target":["https:\/\/xkodas.com\/en\/shop\/ismaniosios-duru-spynos\/ismani-duru-spyna-smart-h65b-waterproof-ip55-juoda-be-wifi-valdiklio\/"]}]},{"@type":"ImageObject","inLanguage":"en-GB","@id":"https:\/\/xkodas.com\/en\/shop\/ismaniosios-duru-spynos\/ismani-duru-spyna-smart-h65b-waterproof-ip55-juoda-be-wifi-valdiklio\/#primaryimage","url":"https:\/\/xkodas.com\/wp-content\/uploads\/2024\/05\/Juoda-ismanioji-spyna-durims-Xkodas-2-xkodas.jpg","contentUrl":"https:\/\/xkodas.com\/wp-content\/uploads\/2024\/05\/Juoda-ismanioji-spyna-durims-Xkodas-2-xkodas.jpg","width":600,"height":600},{"@type":"BreadcrumbList","@id":"https:\/\/xkodas.com\/en\/shop\/ismaniosios-duru-spynos\/ismani-duru-spyna-smart-h65b-waterproof-ip55-juoda-be-wifi-valdiklio\/#breadcrumb","itemListElement":[{"@type":"ListItem","position":1,"name":"Home","item":"https:\/\/xkodas.com\/en\/ismaniosios-spynos-visu-tipu-raktai-seifai-xkodas\/"},{"@type":"ListItem","position":2,"name":"Parduotuv\u0117","item":"https:\/\/xkodas.com\/parduotuve\/"},{"@type":"ListItem","position":3,"name":"I\u0161mani dur\u0173 spyna SMART H65B (waterproof IP55), juoda, be WiFi valdiklio"}]},{"@type":"WebSite","@id":"https:\/\/xkodas.com\/en\/#website","url":"https:\/\/xkodas.com\/en\/","name":"Xkodas","description":"I\u0161maniosios spynos, rakt\u0173 gamyba, saugos sistemos","publisher":{"@id":"https:\/\/xkodas.com\/en\/#organization"},"potentialAction":[{"@type":"SearchAction","target":{"@type":"EntryPoint","urlTemplate":"https:\/\/xkodas.com\/en\/?s={search_term_string}"},"query-input":{"@type":"PropertyValueSpecification","valueRequired":true,"valueName":"search_term_string"}}],"inLanguage":"en-GB"},{"@type":"Organization","@id":"https:\/\/xkodas.com\/en\/#organization","name":"Xkodas","url":"https:\/\/xkodas.com\/en\/","logo":{"@type":"ImageObject","inLanguage":"en-GB","@id":"https:\/\/xkodas.com\/en\/#\/schema\/logo\/image\/","url":"http:\/\/xkodas.com\/wp-content\/uploads\/2020\/02\/Xkodas_logo_baltas_500x500-2.jpg","contentUrl":"http:\/\/xkodas.com\/wp-content\/uploads\/2020\/02\/Xkodas_logo_baltas_500x500-2.jpg","width":100,"height":100,"caption":"Xkodas"},"image":{"@id":"https:\/\/xkodas.com\/en\/#\/schema\/logo\/image\/"},"sameAs":["https:\/\/www.facebook.com\/xkodas.lt"]}]}},"_links":{"self":[{"href":"https:\/\/xkodas.com\/en\/wp-json\/wp\/v2\/product\/18764","targetHints":{"allow":["GET"]}}],"collection":[{"href":"https:\/\/xkodas.com\/en\/wp-json\/wp\/v2\/product"}],"about":[{"href":"https:\/\/xkodas.com\/en\/wp-json\/wp\/v2\/types\/product"}],"wp:featuredmedia":[{"embeddable":true,"href":"https:\/\/xkodas.com\/en\/wp-json\/wp\/v2\/media\/16568"}],"wp:attachment":[{"href":"https:\/\/xkodas.com\/en\/wp-json\/wp\/v2\/media?parent=18764"}],"wp:term":[{"taxonomy":"product_brand","embeddable":true,"href":"https:\/\/xkodas.com\/en\/wp-json\/wp\/v2\/product_brand?post=18764"},{"taxonomy":"product_cat","embeddable":true,"href":"https:\/\/xkodas.com\/en\/wp-json\/wp\/v2\/product_cat?post=18764"},{"taxonomy":"product_tag","embeddable":true,"href":"https:\/\/xkodas.com\/en\/wp-json\/wp\/v2\/product_tag?post=18764"}],"curies":[{"name":"wp","href":"https:\/\/api.w.org\/{rel}","templated":true}]}}