{"id":18761,"date":"2024-06-06T07:22:13","date_gmt":"2024-06-06T07:22:13","guid":{"rendered":"http:\/\/xkodas.com\/?post_type=product&#038;p=18761"},"modified":"2024-06-06T07:22:23","modified_gmt":"2024-06-06T07:22:23","slug":"stilinga-ismani-duru-spyna-s35b-atspari-vandeniui-su-wifi-valdikliu-valdoma-telefonu-is-bet-kurios-pasaulio-vietos","status":"publish","type":"product","link":"https:\/\/xkodas.com\/en\/shop\/ismaniosios-duru-spynos\/stilinga-ismani-duru-spyna-s35b-atspari-vandeniui-su-wifi-valdikliu-valdoma-telefonu-is-bet-kurios-pasaulio-vietos\/","title":{"rendered":"Stilinga i\u0161mani dur\u0173 spyna S35B, atspari vandeniui, (su WiFi valdikliu &#8211; valdoma telefonu i\u0161 bet kurios pasaulio vietos)"},"content":{"rendered":"<p>I\u0161manioji dur\u0173 spyna \u012fvairaus tipo durims. Naujos kartos dizainas. Gali b\u016bti \u012fvairi\u0173 spalv\u0173. Spynos privalumai ir specifikacijos:<\/p>\n<ul>\n<li>Pilnas komplektas spynos valdymui nuotoliniu b\u016bdu i\u0161 bet kurios vietos<\/li>\n<li>Tinkama naudoti tiek vidaus patalpose ar lauko duryse<\/li>\n<li>Spyna valdoma Wi-Fi nuotoliniu b\u016bdu, Bluetooth per program\u0117l\u0119, Pir\u0161t\u0173 antspaudais, Kortel\u0117mis, PIN kodais, Standartiniais raktais<\/li>\n<li>Program\u0117l\u0117je galite valdyti spyn\u0105 nuotoliniu b\u016bdu i\u0161 bet kurios vietos<\/li>\n<li>Galima valdyti kelet\u0105 dur\u0173 u\u017erakt\u0173 su vienu i\u0161maniuoju telefonu<\/li>\n<li>Laikino slapta\u017eod\u017eio suk\u016brimas su \u012fvairiais scenarijais<\/li>\n<li>Keletos lygi\u0173 administratoriaus funkcijos, paprastesnis administravimas<\/li>\n<li>Kompakti\u0161ko dizaino, idealiai tinka medin\u0117ms ir metalin\u0117ms durims<\/li>\n<li>FPC pir\u0161t\u0173 skaitytuvas didesniam saugumui u\u017etikrinti<\/li>\n<li>Avarinis atrakinimas, panaudojant USB krovikl\u012f<\/li>\n<li>Tinka vis\u0173 tip\u0173 dur\u0173 u\u017eraktams, DIN ir Scandi standartams<\/li>\n<li>Avarinis atrakinimas standartiniais raktais<\/li>\n<li>Komplekte Wi-Fi valdiklis nuotoliniam spynos valdymui<\/li>\n<li>Galimos spalvos: Juoda<\/li>\n<\/ul>\n<p>Nors \u0161i i\u0161manioji dur\u0173 spyna gali b\u016bti pritaikyta \u012fvairi\u0173 tip\u0173 durims, ta\u010diau reikt\u0173 atkreipti d\u0117mes\u012f \u012f jos parametrus, susijusius su atsparumu \u0161al\u010diui ir temperat\u016bros spvyravimams. Tod\u0117l mes visuomet kruop\u0161\u010diai i\u0161siai\u0161kiname kliento poreikius ir patariame, kuris variantas tiks geriausiai. \u0160i spyna &#8211; ekonominis variantas, geria veikiantis patalp\u0173 viduje, o ypa\u010d vertinamas t\u0173, kurie daug d\u0117mesio skiria spynos dizianui.<\/p>\n<p><a href=\"http:\/\/xkodas.com\/wp-content\/uploads\/2022\/04\/Naujos-kartos-ismanioji-spyna-vartotojo-gidas-EN.pdf\">Naujos kartos i\u0161manioji spyna (vartotojo gidas) EN\u00a0<\/a><\/p>\n<p>Jei renkat\u0117s i\u0161mani\u0105j\u0105 spyn\u0105, domit\u0117s pra\u0117jimo kontrol\u0117s sprendimais, kreipkit\u0117s \u012f mus ir mes pad\u0117sime i\u0161sirinkti patikimiausi\u0105 ir J\u016bs\u0173 l\u016bkes\u010dius atitinkant\u012f variant\u0105. Vykdome montavim\u0105 visoje Lietuvoje. Kaina &#8211; derinama asmeni\u0161kai.<\/p>","protected":false},"excerpt":{"rendered":"<p>Naujos kartos i\u0161manioji dur\u0173 spyna puikiai tiks tiek J\u016bs\u0173 namams, tiek, pavyzd\u017eiui, vie\u0161bu\u010diui. Pritaikoma \u012fvairi\u0173 tip\u0173 durims. \u0160io tipo spynas Lietuvoje jau sp\u0117jo \u012fvertinti u\u017esiimantys nuoma. Dur\u0173 u\u017erakt\u0173 valdymui centralizuotai naudojama program\u0117l\u0119 TTLock, veikianti su Android ir iOS mobili\u0173j\u0173 \u012frengini\u0173 operacin\u0117mis sistemomis. Spyna gali veikti su HUB ir be jo.<\/p>\n<p><strong>Atliekame profesionalius MONTAVIMO DARBUS VISOJE LIETUVOJE!\u00a0 \u0160ios IP65 atsparumo aplinkos poveikius standart\u0105 atitinkan\u010dios spynos kaina pateikta SU HUB, be montavimo darb\u0173.\u00a0<\/strong><\/p>\n<p>Tai gan ekonomi\u0161kas sprendimas, ta\u010diau kainos ir kokyb\u0117s santykis i\u0161ties patrauklus, o mes esame i\u0161testav\u0119 spyn\u0105 \u012fvairiomis s\u0105lygomis ir klientams pilnai \u012fvardiname jos privalumus ir galimus tr\u016bkumus. Jei ie\u0161kote i\u0161maniosios spynos ar profesionalios bei patogios pra\u0117jimo kontrol\u0117s sistemos, mielai kreipkit\u0117s ir mes Jums pad\u0117sime i\u0161sirinkti.<\/p>","protected":false},"featured_media":16552,"template":"","meta":{"_monsterinsights_skip_tracking":false,"_monsterinsights_sitenote_active":false,"_monsterinsights_sitenote_note":"","_monsterinsights_sitenote_category":0},"product_brand":[],"product_cat":[44],"product_tag":[],"class_list":{"0":"post-18761","1":"product","2":"type-product","3":"status-publish","4":"has-post-thumbnail","6":"product_cat-ismaniosios-duru-spynos","8":"first","9":"instock","10":"taxable","11":"shipping-taxable","12":"purchasable","13":"product-type-simple"},"yoast_head":"<!-- This site is optimized with the Yoast SEO plugin v27.4 - https:\/\/yoast.com\/product\/yoast-seo-wordpress\/ -->\n<title>Stilinga i\u0161mani dur\u0173 spyna S35B, atspari vandeniui, (su WiFi valdikliu - valdoma telefonu i\u0161 bet kurios pasaulio vietos) - Xkodas<\/title>\n<meta name=\"robots\" content=\"index, follow, max-snippet:-1, max-image-preview:large, max-video-preview:-1\" \/>\n<link rel=\"canonical\" href=\"https:\/\/xkodas.com\/en\/shop\/ismaniosios-duru-spynos\/stilinga-ismani-duru-spyna-s35b-atspari-vandeniui-su-wifi-valdikliu-valdoma-telefonu-is-bet-kurios-pasaulio-vietos\/\" \/>\n<meta property=\"og:locale\" content=\"en_GB\" \/>\n<meta property=\"og:type\" content=\"article\" \/>\n<meta property=\"og:title\" content=\"Stilinga i\u0161mani dur\u0173 spyna S35B, atspari vandeniui, (su WiFi valdikliu - valdoma telefonu i\u0161 bet kurios pasaulio vietos) - Xkodas\" \/>\n<meta property=\"og:description\" content=\"Naujos kartos i\u0161manioji dur\u0173 spyna puikiai tiks tiek J\u016bs\u0173 namams, tiek, pavyzd\u017eiui, vie\u0161bu\u010diui. Pritaikoma \u012fvairi\u0173 tip\u0173 durims. \u0160io tipo spynas Lietuvoje jau sp\u0117jo \u012fvertinti u\u017esiimantys nuoma. Dur\u0173 u\u017erakt\u0173 valdymui centralizuotai naudojama program\u0117l\u0119 TTLock, veikianti su Android ir iOS mobili\u0173j\u0173 \u012frengini\u0173 operacin\u0117mis sistemomis. Spyna gali veikti su HUB ir be jo.  Atliekame profesionalius MONTAVIMO DARBUS VISOJE LIETUVOJE!\u00a0 \u0160ios IP65 atsparumo aplinkos poveikius standart\u0105 atitinkan\u010dios spynos kaina pateikta SU HUB, be montavimo darb\u0173.\u00a0  Tai gan ekonomi\u0161kas sprendimas, ta\u010diau kainos ir kokyb\u0117s santykis i\u0161ties patrauklus, o mes esame i\u0161testav\u0119 spyn\u0105 \u012fvairiomis s\u0105lygomis ir klientams pilnai \u012fvardiname jos privalumus ir galimus tr\u016bkumus. Jei ie\u0161kote i\u0161maniosios spynos ar profesionalios bei patogios pra\u0117jimo kontrol\u0117s sistemos, mielai kreipkit\u0117s ir mes Jums pad\u0117sime i\u0161sirinkti.\" \/>\n<meta property=\"og:url\" content=\"https:\/\/xkodas.com\/en\/shop\/ismaniosios-duru-spynos\/stilinga-ismani-duru-spyna-s35b-atspari-vandeniui-su-wifi-valdikliu-valdoma-telefonu-is-bet-kurios-pasaulio-vietos\/\" \/>\n<meta property=\"og:site_name\" content=\"Xkodas\" \/>\n<meta property=\"article:publisher\" content=\"https:\/\/www.facebook.com\/xkodas.lt\" \/>\n<meta property=\"article:modified_time\" content=\"2024-06-06T07:22:23+00:00\" \/>\n<meta property=\"og:image\" content=\"https:\/\/xkodas.com\/wp-content\/uploads\/2024\/05\/ismanioji-spyna-universali-juoda.jpg\" \/>\n\t<meta property=\"og:image:width\" content=\"761\" \/>\n\t<meta property=\"og:image:height\" content=\"760\" \/>\n\t<meta property=\"og:image:type\" content=\"image\/jpeg\" \/>\n<meta name=\"twitter:card\" content=\"summary_large_image\" \/>\n<meta name=\"twitter:label1\" content=\"Estimated reading time\" \/>\n\t<meta name=\"twitter:data1\" content=\"1 minute\" \/>\n<script type=\"application\/ld+json\" class=\"yoast-schema-graph\">{\"@context\":\"https:\\\/\\\/schema.org\",\"@graph\":[{\"@type\":\"WebPage\",\"@id\":\"https:\\\/\\\/xkodas.com\\\/en\\\/shop\\\/ismaniosios-duru-spynos\\\/stilinga-ismani-duru-spyna-s35b-atspari-vandeniui-su-wifi-valdikliu-valdoma-telefonu-is-bet-kurios-pasaulio-vietos\\\/\",\"url\":\"https:\\\/\\\/xkodas.com\\\/en\\\/shop\\\/ismaniosios-duru-spynos\\\/stilinga-ismani-duru-spyna-s35b-atspari-vandeniui-su-wifi-valdikliu-valdoma-telefonu-is-bet-kurios-pasaulio-vietos\\\/\",\"name\":\"Stilinga i\u0161mani dur\u0173 spyna S35B, atspari vandeniui, (su WiFi valdikliu - valdoma telefonu i\u0161 bet kurios pasaulio vietos) - Xkodas\",\"isPartOf\":{\"@id\":\"https:\\\/\\\/xkodas.com\\\/en\\\/#website\"},\"primaryImageOfPage\":{\"@id\":\"https:\\\/\\\/xkodas.com\\\/en\\\/shop\\\/ismaniosios-duru-spynos\\\/stilinga-ismani-duru-spyna-s35b-atspari-vandeniui-su-wifi-valdikliu-valdoma-telefonu-is-bet-kurios-pasaulio-vietos\\\/#primaryimage\"},\"image\":{\"@id\":\"https:\\\/\\\/xkodas.com\\\/en\\\/shop\\\/ismaniosios-duru-spynos\\\/stilinga-ismani-duru-spyna-s35b-atspari-vandeniui-su-wifi-valdikliu-valdoma-telefonu-is-bet-kurios-pasaulio-vietos\\\/#primaryimage\"},\"thumbnailUrl\":\"https:\\\/\\\/xkodas.com\\\/wp-content\\\/uploads\\\/2024\\\/05\\\/ismanioji-spyna-universali-juoda.jpg\",\"datePublished\":\"2024-06-06T07:22:13+00:00\",\"dateModified\":\"2024-06-06T07:22:23+00:00\",\"breadcrumb\":{\"@id\":\"https:\\\/\\\/xkodas.com\\\/en\\\/shop\\\/ismaniosios-duru-spynos\\\/stilinga-ismani-duru-spyna-s35b-atspari-vandeniui-su-wifi-valdikliu-valdoma-telefonu-is-bet-kurios-pasaulio-vietos\\\/#breadcrumb\"},\"inLanguage\":\"en-GB\",\"potentialAction\":[{\"@type\":\"ReadAction\",\"target\":[\"https:\\\/\\\/xkodas.com\\\/en\\\/shop\\\/ismaniosios-duru-spynos\\\/stilinga-ismani-duru-spyna-s35b-atspari-vandeniui-su-wifi-valdikliu-valdoma-telefonu-is-bet-kurios-pasaulio-vietos\\\/\"]}]},{\"@type\":\"ImageObject\",\"inLanguage\":\"en-GB\",\"@id\":\"https:\\\/\\\/xkodas.com\\\/en\\\/shop\\\/ismaniosios-duru-spynos\\\/stilinga-ismani-duru-spyna-s35b-atspari-vandeniui-su-wifi-valdikliu-valdoma-telefonu-is-bet-kurios-pasaulio-vietos\\\/#primaryimage\",\"url\":\"https:\\\/\\\/xkodas.com\\\/wp-content\\\/uploads\\\/2024\\\/05\\\/ismanioji-spyna-universali-juoda.jpg\",\"contentUrl\":\"https:\\\/\\\/xkodas.com\\\/wp-content\\\/uploads\\\/2024\\\/05\\\/ismanioji-spyna-universali-juoda.jpg\",\"width\":761,\"height\":760},{\"@type\":\"BreadcrumbList\",\"@id\":\"https:\\\/\\\/xkodas.com\\\/en\\\/shop\\\/ismaniosios-duru-spynos\\\/stilinga-ismani-duru-spyna-s35b-atspari-vandeniui-su-wifi-valdikliu-valdoma-telefonu-is-bet-kurios-pasaulio-vietos\\\/#breadcrumb\",\"itemListElement\":[{\"@type\":\"ListItem\",\"position\":1,\"name\":\"Home\",\"item\":\"https:\\\/\\\/xkodas.com\\\/en\\\/ismaniosios-spynos-visu-tipu-raktai-seifai-xkodas\\\/\"},{\"@type\":\"ListItem\",\"position\":2,\"name\":\"Parduotuv\u0117\",\"item\":\"https:\\\/\\\/xkodas.com\\\/parduotuve\\\/\"},{\"@type\":\"ListItem\",\"position\":3,\"name\":\"Stilinga i\u0161mani dur\u0173 spyna S35B, atspari vandeniui, (su WiFi valdikliu &#8211; valdoma telefonu i\u0161 bet kurios pasaulio vietos)\"}]},{\"@type\":\"WebSite\",\"@id\":\"https:\\\/\\\/xkodas.com\\\/en\\\/#website\",\"url\":\"https:\\\/\\\/xkodas.com\\\/en\\\/\",\"name\":\"Xkodas\",\"description\":\"I\u0161maniosios spynos, rakt\u0173 gamyba, saugos sistemos\",\"publisher\":{\"@id\":\"https:\\\/\\\/xkodas.com\\\/en\\\/#organization\"},\"potentialAction\":[{\"@type\":\"SearchAction\",\"target\":{\"@type\":\"EntryPoint\",\"urlTemplate\":\"https:\\\/\\\/xkodas.com\\\/en\\\/?s={search_term_string}\"},\"query-input\":{\"@type\":\"PropertyValueSpecification\",\"valueRequired\":true,\"valueName\":\"search_term_string\"}}],\"inLanguage\":\"en-GB\"},{\"@type\":\"Organization\",\"@id\":\"https:\\\/\\\/xkodas.com\\\/en\\\/#organization\",\"name\":\"Xkodas\",\"url\":\"https:\\\/\\\/xkodas.com\\\/en\\\/\",\"logo\":{\"@type\":\"ImageObject\",\"inLanguage\":\"en-GB\",\"@id\":\"https:\\\/\\\/xkodas.com\\\/en\\\/#\\\/schema\\\/logo\\\/image\\\/\",\"url\":\"http:\\\/\\\/xkodas.com\\\/wp-content\\\/uploads\\\/2020\\\/02\\\/Xkodas_logo_baltas_500x500-2.jpg\",\"contentUrl\":\"http:\\\/\\\/xkodas.com\\\/wp-content\\\/uploads\\\/2020\\\/02\\\/Xkodas_logo_baltas_500x500-2.jpg\",\"width\":100,\"height\":100,\"caption\":\"Xkodas\"},\"image\":{\"@id\":\"https:\\\/\\\/xkodas.com\\\/en\\\/#\\\/schema\\\/logo\\\/image\\\/\"},\"sameAs\":[\"https:\\\/\\\/www.facebook.com\\\/xkodas.lt\"]}]}<\/script>\n<!-- \/ Yoast SEO plugin. -->","yoast_head_json":{"title":"Stilinga i\u0161mani dur\u0173 spyna S35B, atspari vandeniui, (su WiFi valdikliu - valdoma telefonu i\u0161 bet kurios pasaulio vietos) - Xkodas","robots":{"index":"index","follow":"follow","max-snippet":"max-snippet:-1","max-image-preview":"max-image-preview:large","max-video-preview":"max-video-preview:-1"},"canonical":"https:\/\/xkodas.com\/en\/shop\/ismaniosios-duru-spynos\/stilinga-ismani-duru-spyna-s35b-atspari-vandeniui-su-wifi-valdikliu-valdoma-telefonu-is-bet-kurios-pasaulio-vietos\/","og_locale":"en_GB","og_type":"article","og_title":"Stilinga i\u0161mani dur\u0173 spyna S35B, atspari vandeniui, (su WiFi valdikliu - valdoma telefonu i\u0161 bet kurios pasaulio vietos) - Xkodas","og_description":"Naujos kartos i\u0161manioji dur\u0173 spyna puikiai tiks tiek J\u016bs\u0173 namams, tiek, pavyzd\u017eiui, vie\u0161bu\u010diui. Pritaikoma \u012fvairi\u0173 tip\u0173 durims. \u0160io tipo spynas Lietuvoje jau sp\u0117jo \u012fvertinti u\u017esiimantys nuoma. Dur\u0173 u\u017erakt\u0173 valdymui centralizuotai naudojama program\u0117l\u0119 TTLock, veikianti su Android ir iOS mobili\u0173j\u0173 \u012frengini\u0173 operacin\u0117mis sistemomis. Spyna gali veikti su HUB ir be jo.  Atliekame profesionalius MONTAVIMO DARBUS VISOJE LIETUVOJE!\u00a0 \u0160ios IP65 atsparumo aplinkos poveikius standart\u0105 atitinkan\u010dios spynos kaina pateikta SU HUB, be montavimo darb\u0173.\u00a0  Tai gan ekonomi\u0161kas sprendimas, ta\u010diau kainos ir kokyb\u0117s santykis i\u0161ties patrauklus, o mes esame i\u0161testav\u0119 spyn\u0105 \u012fvairiomis s\u0105lygomis ir klientams pilnai \u012fvardiname jos privalumus ir galimus tr\u016bkumus. Jei ie\u0161kote i\u0161maniosios spynos ar profesionalios bei patogios pra\u0117jimo kontrol\u0117s sistemos, mielai kreipkit\u0117s ir mes Jums pad\u0117sime i\u0161sirinkti.","og_url":"https:\/\/xkodas.com\/en\/shop\/ismaniosios-duru-spynos\/stilinga-ismani-duru-spyna-s35b-atspari-vandeniui-su-wifi-valdikliu-valdoma-telefonu-is-bet-kurios-pasaulio-vietos\/","og_site_name":"Xkodas","article_publisher":"https:\/\/www.facebook.com\/xkodas.lt","article_modified_time":"2024-06-06T07:22:23+00:00","og_image":[{"width":761,"height":760,"url":"https:\/\/xkodas.com\/wp-content\/uploads\/2024\/05\/ismanioji-spyna-universali-juoda.jpg","type":"image\/jpeg"}],"twitter_card":"summary_large_image","twitter_misc":{"Estimated reading time":"1 minute"},"schema":{"@context":"https:\/\/schema.org","@graph":[{"@type":"WebPage","@id":"https:\/\/xkodas.com\/en\/shop\/ismaniosios-duru-spynos\/stilinga-ismani-duru-spyna-s35b-atspari-vandeniui-su-wifi-valdikliu-valdoma-telefonu-is-bet-kurios-pasaulio-vietos\/","url":"https:\/\/xkodas.com\/en\/shop\/ismaniosios-duru-spynos\/stilinga-ismani-duru-spyna-s35b-atspari-vandeniui-su-wifi-valdikliu-valdoma-telefonu-is-bet-kurios-pasaulio-vietos\/","name":"Stilinga i\u0161mani dur\u0173 spyna S35B, atspari vandeniui, (su WiFi valdikliu - valdoma telefonu i\u0161 bet kurios pasaulio vietos) - Xkodas","isPartOf":{"@id":"https:\/\/xkodas.com\/en\/#website"},"primaryImageOfPage":{"@id":"https:\/\/xkodas.com\/en\/shop\/ismaniosios-duru-spynos\/stilinga-ismani-duru-spyna-s35b-atspari-vandeniui-su-wifi-valdikliu-valdoma-telefonu-is-bet-kurios-pasaulio-vietos\/#primaryimage"},"image":{"@id":"https:\/\/xkodas.com\/en\/shop\/ismaniosios-duru-spynos\/stilinga-ismani-duru-spyna-s35b-atspari-vandeniui-su-wifi-valdikliu-valdoma-telefonu-is-bet-kurios-pasaulio-vietos\/#primaryimage"},"thumbnailUrl":"https:\/\/xkodas.com\/wp-content\/uploads\/2024\/05\/ismanioji-spyna-universali-juoda.jpg","datePublished":"2024-06-06T07:22:13+00:00","dateModified":"2024-06-06T07:22:23+00:00","breadcrumb":{"@id":"https:\/\/xkodas.com\/en\/shop\/ismaniosios-duru-spynos\/stilinga-ismani-duru-spyna-s35b-atspari-vandeniui-su-wifi-valdikliu-valdoma-telefonu-is-bet-kurios-pasaulio-vietos\/#breadcrumb"},"inLanguage":"en-GB","potentialAction":[{"@type":"ReadAction","target":["https:\/\/xkodas.com\/en\/shop\/ismaniosios-duru-spynos\/stilinga-ismani-duru-spyna-s35b-atspari-vandeniui-su-wifi-valdikliu-valdoma-telefonu-is-bet-kurios-pasaulio-vietos\/"]}]},{"@type":"ImageObject","inLanguage":"en-GB","@id":"https:\/\/xkodas.com\/en\/shop\/ismaniosios-duru-spynos\/stilinga-ismani-duru-spyna-s35b-atspari-vandeniui-su-wifi-valdikliu-valdoma-telefonu-is-bet-kurios-pasaulio-vietos\/#primaryimage","url":"https:\/\/xkodas.com\/wp-content\/uploads\/2024\/05\/ismanioji-spyna-universali-juoda.jpg","contentUrl":"https:\/\/xkodas.com\/wp-content\/uploads\/2024\/05\/ismanioji-spyna-universali-juoda.jpg","width":761,"height":760},{"@type":"BreadcrumbList","@id":"https:\/\/xkodas.com\/en\/shop\/ismaniosios-duru-spynos\/stilinga-ismani-duru-spyna-s35b-atspari-vandeniui-su-wifi-valdikliu-valdoma-telefonu-is-bet-kurios-pasaulio-vietos\/#breadcrumb","itemListElement":[{"@type":"ListItem","position":1,"name":"Home","item":"https:\/\/xkodas.com\/en\/ismaniosios-spynos-visu-tipu-raktai-seifai-xkodas\/"},{"@type":"ListItem","position":2,"name":"Parduotuv\u0117","item":"https:\/\/xkodas.com\/parduotuve\/"},{"@type":"ListItem","position":3,"name":"Stilinga i\u0161mani dur\u0173 spyna S35B, atspari vandeniui, (su WiFi valdikliu &#8211; valdoma telefonu i\u0161 bet kurios pasaulio vietos)"}]},{"@type":"WebSite","@id":"https:\/\/xkodas.com\/en\/#website","url":"https:\/\/xkodas.com\/en\/","name":"Xkodas","description":"I\u0161maniosios spynos, rakt\u0173 gamyba, saugos sistemos","publisher":{"@id":"https:\/\/xkodas.com\/en\/#organization"},"potentialAction":[{"@type":"SearchAction","target":{"@type":"EntryPoint","urlTemplate":"https:\/\/xkodas.com\/en\/?s={search_term_string}"},"query-input":{"@type":"PropertyValueSpecification","valueRequired":true,"valueName":"search_term_string"}}],"inLanguage":"en-GB"},{"@type":"Organization","@id":"https:\/\/xkodas.com\/en\/#organization","name":"Xkodas","url":"https:\/\/xkodas.com\/en\/","logo":{"@type":"ImageObject","inLanguage":"en-GB","@id":"https:\/\/xkodas.com\/en\/#\/schema\/logo\/image\/","url":"http:\/\/xkodas.com\/wp-content\/uploads\/2020\/02\/Xkodas_logo_baltas_500x500-2.jpg","contentUrl":"http:\/\/xkodas.com\/wp-content\/uploads\/2020\/02\/Xkodas_logo_baltas_500x500-2.jpg","width":100,"height":100,"caption":"Xkodas"},"image":{"@id":"https:\/\/xkodas.com\/en\/#\/schema\/logo\/image\/"},"sameAs":["https:\/\/www.facebook.com\/xkodas.lt"]}]}},"_links":{"self":[{"href":"https:\/\/xkodas.com\/en\/wp-json\/wp\/v2\/product\/18761","targetHints":{"allow":["GET"]}}],"collection":[{"href":"https:\/\/xkodas.com\/en\/wp-json\/wp\/v2\/product"}],"about":[{"href":"https:\/\/xkodas.com\/en\/wp-json\/wp\/v2\/types\/product"}],"wp:featuredmedia":[{"embeddable":true,"href":"https:\/\/xkodas.com\/en\/wp-json\/wp\/v2\/media\/16552"}],"wp:attachment":[{"href":"https:\/\/xkodas.com\/en\/wp-json\/wp\/v2\/media?parent=18761"}],"wp:term":[{"taxonomy":"product_brand","embeddable":true,"href":"https:\/\/xkodas.com\/en\/wp-json\/wp\/v2\/product_brand?post=18761"},{"taxonomy":"product_cat","embeddable":true,"href":"https:\/\/xkodas.com\/en\/wp-json\/wp\/v2\/product_cat?post=18761"},{"taxonomy":"product_tag","embeddable":true,"href":"https:\/\/xkodas.com\/en\/wp-json\/wp\/v2\/product_tag?post=18761"}],"curies":[{"name":"wp","href":"https:\/\/api.w.org\/{rel}","templated":true}]}}