{"id":18702,"date":"2024-06-06T07:21:30","date_gmt":"2024-06-06T07:21:30","guid":{"rendered":"http:\/\/xkodas.com\/?post_type=product&#038;p=18702"},"modified":"2024-10-03T06:57:11","modified_gmt":"2024-10-03T06:57:11","slug":"ismanusis-uzraktas-sarvo-durims-u-bolt-pro-pritaikytas-assa-dorma-spynoms","status":"publish","type":"product","link":"https:\/\/xkodas.com\/en\/shop\/ismaniosios-duru-spynos\/ultraloq\/ismanusis-uzraktas-sarvo-durims-u-bolt-pro-pritaikytas-assa-dorma-spynoms\/","title":{"rendered":"I\u0161manusis u\u017eraktas \u0161arvo durims U-Bolt Pro (pritaikytas ASSA , DORMA spynoms)"},"content":{"rendered":"<p>I\u0161manusis u\u017eraktas \u0161arvo durims su biometrini\u0173 (pir\u0161to atspaudas) duomen\u0173 skaitytuvu, klaviat\u016bra bei mechaniniu u\u017eraktu. Tai vienas geriausi\u0173 rinkoje esan\u010di\u0173 pasirinkim\u0173. Sprendimas tiek i\u0161maniems namams, tiek tiems, kas u\u017esiima nuomos verslu.<\/p>\n<p>Pra\u0117jimui gali b\u016bti naudojami:<\/p>\n<ul>\n<li>pir\u0161to atspaudas,<\/li>\n<li>kodas (4-8 skaitmenys),<\/li>\n<li>mechaninis raktas (labiau avarinis variantas),<\/li>\n<li>\u201eU-tec\u201c mobilioji program\u0117l\u0117.<\/li>\n<\/ul>\n<p>Jei pageidaujate, spyna atsirakina-u\u017esirakina automati\u0161kai. Svarbus ir b\u016btinas aspektas &#8211; avarinis i\u0161\u0117jimas kilus gaisrui! Be to &#8211; i\u0161spr\u0119sta namini\u0173 gyv\u016bn\u0173 bei ma\u017e\u0173 vaik\u0173 spynos atrakinimo i\u0161 vidaus problema.<\/p>\n<p>Dar vienas svarbus ir tikrai naudingas aspektas, kad, jei prireiks, nuotoliniu b\u016bdu lengvai ir greitai \u012fleisite Greitosios medicinos pagalbos darbuotojus ar avarines tarnybas (tiek \u012f savo, tiek \u012f, pavyzd\u017eiui, t\u0117v\u0173 namus).<\/p>\n<p>\u012e mobil\u0173j\u012f \u012frengin\u012f &#8211; telefon\u0105 ar laikrod\u012f gausite prane\u0161imus, kai J\u016bs\u0173 vaikai ar kiti artimieji pareis \u012f namus. Gal\u0117site priskirti atskirus kodus tam tikru metu, pavyzd\u017eiui, nam\u0173 tvarkytojui ar asmeniui, kuris numatytu laikotarpiu pri\u017ei\u016br\u0117s J\u016bs\u0173 namin\u012f augintin\u012f, laistys g\u0117les ar pan.<\/p>\n<p>Vienkartin\u012f kod\u0105 lengvai sukursite kurjeriui, tad net ir Jums nesant namuose gal\u0117site paprastai priimti siuntas, kurios J\u016bs\u0173 lauks namuose.<\/p>\n<p>Kiti spynos privalumai:<\/p>\n<ul>\n<li>Tvirtas korpusas.<\/li>\n<li>Aplinkos poveikiui atsparus labai greitai veikiantis pir\u0161to atspaudo skaitytuvas. Puikiai veikia \u012fvairiomis klimato s\u0105lygomis.<\/li>\n<li>Spynai nereikia papildom\u0173 laid\u0173 ar elektros instaliacijos. Baterijos lengvai kei\u010diamos, jos yra patalpos viduje (vidin\u0117je dur\u0173 pus\u0117je), apie j\u0173 status\u0105 prane\u0161a program\u0117l\u0117.<\/li>\n<li>Tinka tiek vidaus, tiek lauko s\u0105lygomis pagal IP65 standart\u0105. Testuota Lietuvos klimato s\u0105lygomis.<\/li>\n<li>Spynos darbin\u0117 temperat\u016bra nuo -35 iki +70 C i\u0161or\u0117je ir nuo -10 iki +70 C vidin\u0117je dur\u0173 pus\u0117je. Puikiai veikia i\u0161or\u0117je esan\u010diose lauko duryse, kai spaud\u017eia 28 laipsni\u0173 \u0161altukas (i\u0161bandyta net kelet\u0105 kart\u0173).<\/li>\n<\/ul>\n<p>\u0160i i\u0161manioji spyna \u0161arvo durims yra patogiai valdoma ne tik mobiliojo telefono, bet ir i\u0161manaus laikrod\u017eio pagalba. Lengvai suderinama su Google asistentu ar Alexa i\u0161mani\u0173j\u0173 nam\u0173 sistema.<\/p>\n<p>Linkime gero ir patogaus naudojimo, o, jei ie\u0161kote i\u0161manios spynos ar kit\u0173 pra\u0117jimo kontrol\u0117s sprendim\u0173, kreipkit\u0117s \u012f mus jau dabar. Mielai patarsime ir pad\u0117sime i\u0161sirinkti ir sumontuosime visoje Lietuvoje.<\/p>\n<p>Tiesiogiai bendradarbiaudami su spynos gamintojais esame pritaik\u0119 \u0161i\u0105 i\u0161mani\u0105j\u0105 spyn\u0105 tiek \u0161arvo durims, tiek durims su \u012fvairi\u0173 tip\u0173 u\u017eraktais. Turime ir gyv\u016bnams draugi\u0161k\u0105 sprendim\u0105, kuomet net ir pats sumaniausias gyv\u016bnas negali i\u0161eiti kada panor\u0117j\u0119s tiesiog nulenkdamas spynos ranken\u0105 i\u0161 kambario vidaus.<\/p>\n<p><strong>Kreipkit\u0117s ir gaukite asmeninius pasi\u016blymus tiek namams, tiek verslui!\u00a0<\/strong><\/p>","protected":false},"excerpt":{"rendered":"<p><strong>ATKREIPIAME D\u0116MES\u012e, JOG TOKIOS SPECIFIKACIJOS SPYN\u0104, SKANDINAVI\u0160KOMS SPYNOMS, GALITE \u012eSIGYTI TIK PAS MUS! <\/strong><\/p>\n<p>I\u0161manusis u\u017eraktas su biometrini\u0173 duomen\u0173 skaitytuvu yra pritaikytas visoms \u0161arvo durims!\u00a0 Tai viena patogiausi\u0173 ir patikimiausi\u0173 i\u0161mani\u0173j\u0173 spyn\u0173, esan\u010di\u0173 Lietuvos rinkoje.<\/p>\n<p>\u0160i i\u0161manioji spyna puikiai tiks tiek kasdieniniam naudojimui namuose ar biure, tiek ir u\u017esiimantiems nuomos verslu. Kaip ir kitas i\u0161manias spynas, \u0161i\u0105 spyn\u0105 galima atrakinti nuotoliniu b\u016bdu naudojant telefon\u0105 ar i\u0161man\u0173j\u012f laikrod\u012f. Taip pat &#8211; priskirtu kodu patogios\u00a0 klaviat\u016bros pagalba. I\u0161skirtinumas ir privalumas &#8211; itin patikimas mechaninis (avarinis) atrakinimas raktu.<\/p>\n<p>Rekomenduojame kaip 2023 met\u0173 naujien\u0105, kuri patikimai veiks Lietuvos klimato s\u0105lygomis.\u00a0Suteikiama net 2 met\u0173 garantija!!! Visas po-garantinis aptarnavimas.<\/p>\n<p>Spyna veikia 4 vnt. AA baterij\u0173 pagalba, o to u\u017etenka net 6000 atrakinim\u0173 kart\u0173 (i\u0161testuota Lietuvos s\u0105lygomis).<\/p>\n<p><strong>Montuojant spyn\u0105 neliks ply\u0161i\u0173, nebus daromi konstrukciniai dur\u0173 pakeitimai. Vykdome darbus visoje Lietuvoje.<\/strong><\/p>\n<p><img decoding=\"async\" class=\"wp-image-12920 alignleft\" src=\"http:\/\/xkodas.com\/wp-content\/uploads\/2023\/01\/hey-google-xkodas-300x96.png\" alt=\"\" width=\"247\" height=\"79\" srcset=\"https:\/\/xkodas.com\/wp-content\/uploads\/2023\/01\/hey-google-xkodas-300x96.png 300w, https:\/\/xkodas.com\/wp-content\/uploads\/2023\/01\/hey-google-xkodas-16x5.png 16w, https:\/\/xkodas.com\/wp-content\/uploads\/2023\/01\/hey-google-xkodas-285x91.png 285w, https:\/\/xkodas.com\/wp-content\/uploads\/2023\/01\/hey-google-xkodas-150x48.png 150w, https:\/\/xkodas.com\/wp-content\/uploads\/2023\/01\/hey-google-xkodas.png 400w\" sizes=\"(max-width: 247px) 100vw, 247px\" \/> <img decoding=\"async\" class=\"alignnone size-medium wp-image-12924\" src=\"http:\/\/xkodas.com\/wp-content\/uploads\/2023\/01\/alexa-xkodas-300x78.png\" alt=\"\" width=\"300\" height=\"78\" srcset=\"https:\/\/xkodas.com\/wp-content\/uploads\/2023\/01\/alexa-xkodas-300x78.png 300w, https:\/\/xkodas.com\/wp-content\/uploads\/2023\/01\/alexa-xkodas-16x4.png 16w, https:\/\/xkodas.com\/wp-content\/uploads\/2023\/01\/alexa-xkodas-285x74.png 285w, https:\/\/xkodas.com\/wp-content\/uploads\/2023\/01\/alexa-xkodas-150x39.png 150w, https:\/\/xkodas.com\/wp-content\/uploads\/2023\/01\/alexa-xkodas.png 400w\" sizes=\"(max-width: 300px) 100vw, 300px\" \/><\/p>","protected":false},"featured_media":16330,"template":"","meta":{"_monsterinsights_skip_tracking":false,"_monsterinsights_sitenote_active":false,"_monsterinsights_sitenote_note":"","_monsterinsights_sitenote_category":0},"product_brand":[],"product_cat":[44,598],"product_tag":[224,251],"class_list":{"0":"post-18702","1":"product","2":"type-product","3":"status-publish","4":"has-post-thumbnail","6":"product_cat-ismaniosios-duru-spynos","7":"product_cat-ultraloq","8":"product_tag-ismaniosios-spynos","9":"product_tag-spyna-sarvo-durims","11":"first","12":"instock","13":"taxable","14":"shipping-taxable","15":"purchasable","16":"product-type-simple"},"yoast_head":"<!-- This site is optimized with the Yoast SEO plugin v27.3 - https:\/\/yoast.com\/product\/yoast-seo-wordpress\/ -->\n<title>I\u0161manusis u\u017eraktas \u0161arvo durims U-Bolt Pro (pritaikytas ASSA , DORMA spynoms) - Xkodas<\/title>\n<meta name=\"robots\" content=\"index, follow, max-snippet:-1, max-image-preview:large, max-video-preview:-1\" \/>\n<link rel=\"canonical\" href=\"https:\/\/xkodas.com\/en\/shop\/ismaniosios-duru-spynos\/ultraloq\/ismanusis-uzraktas-sarvo-durims-u-bolt-pro-pritaikytas-assa-dorma-spynoms\/\" \/>\n<meta property=\"og:locale\" content=\"en_GB\" \/>\n<meta property=\"og:type\" content=\"article\" \/>\n<meta property=\"og:title\" content=\"I\u0161manusis u\u017eraktas \u0161arvo durims U-Bolt Pro (pritaikytas ASSA , DORMA spynoms) - Xkodas\" \/>\n<meta property=\"og:description\" content=\"ATKREIPIAME D\u0116MES\u012e, JOG TOKIOS SPECIFIKACIJOS SPYN\u0104, SKANDINAVI\u0160KOMS SPYNOMS, GALITE \u012eSIGYTI TIK PAS MUS!   I\u0161manusis u\u017eraktas su biometrini\u0173 duomen\u0173 skaitytuvu yra pritaikytas visoms \u0161arvo durims!\u00a0 Tai viena patogiausi\u0173 ir patikimiausi\u0173 i\u0161mani\u0173j\u0173 spyn\u0173, esan\u010di\u0173 Lietuvos rinkoje.  \u0160i i\u0161manioji spyna puikiai tiks tiek kasdieniniam naudojimui namuose ar biure, tiek ir u\u017esiimantiems nuomos verslu. Kaip ir kitas i\u0161manias spynas, \u0161i\u0105 spyn\u0105 galima atrakinti nuotoliniu b\u016bdu naudojant telefon\u0105 ar i\u0161man\u0173j\u012f laikrod\u012f. Taip pat - priskirtu kodu patogios\u00a0 klaviat\u016bros pagalba. I\u0161skirtinumas ir privalumas - itin patikimas mechaninis (avarinis) atrakinimas raktu.  Rekomenduojame kaip 2023 met\u0173 naujien\u0105, kuri patikimai veiks Lietuvos klimato s\u0105lygomis.\u00a0Suteikiama net 2 met\u0173 garantija!!! Visas po-garantinis aptarnavimas.  Spyna veikia 4 vnt. AA baterij\u0173 pagalba, o to u\u017etenka net 6000 atrakinim\u0173 kart\u0173 (i\u0161testuota Lietuvos s\u0105lygomis).  Montuojant spyn\u0105 neliks ply\u0161i\u0173, nebus daromi konstrukciniai dur\u0173 pakeitimai. Vykdome darbus visoje Lietuvoje.\" \/>\n<meta property=\"og:url\" content=\"https:\/\/xkodas.com\/en\/shop\/ismaniosios-duru-spynos\/ultraloq\/ismanusis-uzraktas-sarvo-durims-u-bolt-pro-pritaikytas-assa-dorma-spynoms\/\" \/>\n<meta property=\"og:site_name\" content=\"Xkodas\" \/>\n<meta property=\"article:publisher\" content=\"https:\/\/www.facebook.com\/xkodas.lt\" \/>\n<meta property=\"article:modified_time\" content=\"2024-10-03T06:57:11+00:00\" \/>\n<meta property=\"og:image\" content=\"https:\/\/xkodas.com\/wp-content\/uploads\/2024\/05\/Ismanusis-uzraktas-sarvo-durims-tik-Xkodas.jpg\" \/>\n\t<meta property=\"og:image:width\" content=\"2000\" \/>\n\t<meta property=\"og:image:height\" content=\"2000\" \/>\n\t<meta property=\"og:image:type\" content=\"image\/jpeg\" \/>\n<meta name=\"twitter:card\" content=\"summary_large_image\" \/>\n<meta name=\"twitter:label1\" content=\"Estimated reading time\" \/>\n\t<meta name=\"twitter:data1\" content=\"3 minutes\" \/>\n<script type=\"application\/ld+json\" class=\"yoast-schema-graph\">{\"@context\":\"https:\\\/\\\/schema.org\",\"@graph\":[{\"@type\":\"WebPage\",\"@id\":\"https:\\\/\\\/xkodas.com\\\/en\\\/shop\\\/ismaniosios-duru-spynos\\\/ultraloq\\\/ismanusis-uzraktas-sarvo-durims-u-bolt-pro-pritaikytas-assa-dorma-spynoms\\\/\",\"url\":\"https:\\\/\\\/xkodas.com\\\/en\\\/shop\\\/ismaniosios-duru-spynos\\\/ultraloq\\\/ismanusis-uzraktas-sarvo-durims-u-bolt-pro-pritaikytas-assa-dorma-spynoms\\\/\",\"name\":\"I\u0161manusis u\u017eraktas \u0161arvo durims U-Bolt Pro (pritaikytas ASSA , DORMA spynoms) - Xkodas\",\"isPartOf\":{\"@id\":\"https:\\\/\\\/xkodas.com\\\/en\\\/#website\"},\"primaryImageOfPage\":{\"@id\":\"https:\\\/\\\/xkodas.com\\\/en\\\/shop\\\/ismaniosios-duru-spynos\\\/ultraloq\\\/ismanusis-uzraktas-sarvo-durims-u-bolt-pro-pritaikytas-assa-dorma-spynoms\\\/#primaryimage\"},\"image\":{\"@id\":\"https:\\\/\\\/xkodas.com\\\/en\\\/shop\\\/ismaniosios-duru-spynos\\\/ultraloq\\\/ismanusis-uzraktas-sarvo-durims-u-bolt-pro-pritaikytas-assa-dorma-spynoms\\\/#primaryimage\"},\"thumbnailUrl\":\"https:\\\/\\\/xkodas.com\\\/wp-content\\\/uploads\\\/2024\\\/05\\\/Ismanusis-uzraktas-sarvo-durims-tik-Xkodas.jpg\",\"datePublished\":\"2024-06-06T07:21:30+00:00\",\"dateModified\":\"2024-10-03T06:57:11+00:00\",\"breadcrumb\":{\"@id\":\"https:\\\/\\\/xkodas.com\\\/en\\\/shop\\\/ismaniosios-duru-spynos\\\/ultraloq\\\/ismanusis-uzraktas-sarvo-durims-u-bolt-pro-pritaikytas-assa-dorma-spynoms\\\/#breadcrumb\"},\"inLanguage\":\"en-GB\",\"potentialAction\":[{\"@type\":\"ReadAction\",\"target\":[\"https:\\\/\\\/xkodas.com\\\/en\\\/shop\\\/ismaniosios-duru-spynos\\\/ultraloq\\\/ismanusis-uzraktas-sarvo-durims-u-bolt-pro-pritaikytas-assa-dorma-spynoms\\\/\"]}]},{\"@type\":\"ImageObject\",\"inLanguage\":\"en-GB\",\"@id\":\"https:\\\/\\\/xkodas.com\\\/en\\\/shop\\\/ismaniosios-duru-spynos\\\/ultraloq\\\/ismanusis-uzraktas-sarvo-durims-u-bolt-pro-pritaikytas-assa-dorma-spynoms\\\/#primaryimage\",\"url\":\"https:\\\/\\\/xkodas.com\\\/wp-content\\\/uploads\\\/2024\\\/05\\\/Ismanusis-uzraktas-sarvo-durims-tik-Xkodas.jpg\",\"contentUrl\":\"https:\\\/\\\/xkodas.com\\\/wp-content\\\/uploads\\\/2024\\\/05\\\/Ismanusis-uzraktas-sarvo-durims-tik-Xkodas.jpg\",\"width\":2000,\"height\":2000},{\"@type\":\"BreadcrumbList\",\"@id\":\"https:\\\/\\\/xkodas.com\\\/en\\\/shop\\\/ismaniosios-duru-spynos\\\/ultraloq\\\/ismanusis-uzraktas-sarvo-durims-u-bolt-pro-pritaikytas-assa-dorma-spynoms\\\/#breadcrumb\",\"itemListElement\":[{\"@type\":\"ListItem\",\"position\":1,\"name\":\"Home\",\"item\":\"https:\\\/\\\/xkodas.com\\\/en\\\/ismaniosios-spynos-visu-tipu-raktai-seifai-xkodas\\\/\"},{\"@type\":\"ListItem\",\"position\":2,\"name\":\"Parduotuv\u0117\",\"item\":\"https:\\\/\\\/xkodas.com\\\/parduotuve\\\/\"},{\"@type\":\"ListItem\",\"position\":3,\"name\":\"I\u0161manusis u\u017eraktas \u0161arvo durims U-Bolt Pro (pritaikytas ASSA , DORMA spynoms)\"}]},{\"@type\":\"WebSite\",\"@id\":\"https:\\\/\\\/xkodas.com\\\/en\\\/#website\",\"url\":\"https:\\\/\\\/xkodas.com\\\/en\\\/\",\"name\":\"Xkodas\",\"description\":\"I\u0161maniosios spynos, rakt\u0173 gamyba, saugos sistemos\",\"publisher\":{\"@id\":\"https:\\\/\\\/xkodas.com\\\/en\\\/#organization\"},\"potentialAction\":[{\"@type\":\"SearchAction\",\"target\":{\"@type\":\"EntryPoint\",\"urlTemplate\":\"https:\\\/\\\/xkodas.com\\\/en\\\/?s={search_term_string}\"},\"query-input\":{\"@type\":\"PropertyValueSpecification\",\"valueRequired\":true,\"valueName\":\"search_term_string\"}}],\"inLanguage\":\"en-GB\"},{\"@type\":\"Organization\",\"@id\":\"https:\\\/\\\/xkodas.com\\\/en\\\/#organization\",\"name\":\"Xkodas\",\"url\":\"https:\\\/\\\/xkodas.com\\\/en\\\/\",\"logo\":{\"@type\":\"ImageObject\",\"inLanguage\":\"en-GB\",\"@id\":\"https:\\\/\\\/xkodas.com\\\/en\\\/#\\\/schema\\\/logo\\\/image\\\/\",\"url\":\"http:\\\/\\\/xkodas.com\\\/wp-content\\\/uploads\\\/2020\\\/02\\\/Xkodas_logo_baltas_500x500-2.jpg\",\"contentUrl\":\"http:\\\/\\\/xkodas.com\\\/wp-content\\\/uploads\\\/2020\\\/02\\\/Xkodas_logo_baltas_500x500-2.jpg\",\"width\":100,\"height\":100,\"caption\":\"Xkodas\"},\"image\":{\"@id\":\"https:\\\/\\\/xkodas.com\\\/en\\\/#\\\/schema\\\/logo\\\/image\\\/\"},\"sameAs\":[\"https:\\\/\\\/www.facebook.com\\\/xkodas.lt\"]}]}<\/script>\n<!-- \/ Yoast SEO plugin. -->","yoast_head_json":{"title":"I\u0161manusis u\u017eraktas \u0161arvo durims U-Bolt Pro (pritaikytas ASSA , DORMA spynoms) - Xkodas","robots":{"index":"index","follow":"follow","max-snippet":"max-snippet:-1","max-image-preview":"max-image-preview:large","max-video-preview":"max-video-preview:-1"},"canonical":"https:\/\/xkodas.com\/en\/shop\/ismaniosios-duru-spynos\/ultraloq\/ismanusis-uzraktas-sarvo-durims-u-bolt-pro-pritaikytas-assa-dorma-spynoms\/","og_locale":"en_GB","og_type":"article","og_title":"I\u0161manusis u\u017eraktas \u0161arvo durims U-Bolt Pro (pritaikytas ASSA , DORMA spynoms) - Xkodas","og_description":"ATKREIPIAME D\u0116MES\u012e, JOG TOKIOS SPECIFIKACIJOS SPYN\u0104, SKANDINAVI\u0160KOMS SPYNOMS, GALITE \u012eSIGYTI TIK PAS MUS!   I\u0161manusis u\u017eraktas su biometrini\u0173 duomen\u0173 skaitytuvu yra pritaikytas visoms \u0161arvo durims!\u00a0 Tai viena patogiausi\u0173 ir patikimiausi\u0173 i\u0161mani\u0173j\u0173 spyn\u0173, esan\u010di\u0173 Lietuvos rinkoje.  \u0160i i\u0161manioji spyna puikiai tiks tiek kasdieniniam naudojimui namuose ar biure, tiek ir u\u017esiimantiems nuomos verslu. Kaip ir kitas i\u0161manias spynas, \u0161i\u0105 spyn\u0105 galima atrakinti nuotoliniu b\u016bdu naudojant telefon\u0105 ar i\u0161man\u0173j\u012f laikrod\u012f. Taip pat - priskirtu kodu patogios\u00a0 klaviat\u016bros pagalba. I\u0161skirtinumas ir privalumas - itin patikimas mechaninis (avarinis) atrakinimas raktu.  Rekomenduojame kaip 2023 met\u0173 naujien\u0105, kuri patikimai veiks Lietuvos klimato s\u0105lygomis.\u00a0Suteikiama net 2 met\u0173 garantija!!! Visas po-garantinis aptarnavimas.  Spyna veikia 4 vnt. AA baterij\u0173 pagalba, o to u\u017etenka net 6000 atrakinim\u0173 kart\u0173 (i\u0161testuota Lietuvos s\u0105lygomis).  Montuojant spyn\u0105 neliks ply\u0161i\u0173, nebus daromi konstrukciniai dur\u0173 pakeitimai. Vykdome darbus visoje Lietuvoje.","og_url":"https:\/\/xkodas.com\/en\/shop\/ismaniosios-duru-spynos\/ultraloq\/ismanusis-uzraktas-sarvo-durims-u-bolt-pro-pritaikytas-assa-dorma-spynoms\/","og_site_name":"Xkodas","article_publisher":"https:\/\/www.facebook.com\/xkodas.lt","article_modified_time":"2024-10-03T06:57:11+00:00","og_image":[{"width":2000,"height":2000,"url":"https:\/\/xkodas.com\/wp-content\/uploads\/2024\/05\/Ismanusis-uzraktas-sarvo-durims-tik-Xkodas.jpg","type":"image\/jpeg"}],"twitter_card":"summary_large_image","twitter_misc":{"Estimated reading time":"3 minutes"},"schema":{"@context":"https:\/\/schema.org","@graph":[{"@type":"WebPage","@id":"https:\/\/xkodas.com\/en\/shop\/ismaniosios-duru-spynos\/ultraloq\/ismanusis-uzraktas-sarvo-durims-u-bolt-pro-pritaikytas-assa-dorma-spynoms\/","url":"https:\/\/xkodas.com\/en\/shop\/ismaniosios-duru-spynos\/ultraloq\/ismanusis-uzraktas-sarvo-durims-u-bolt-pro-pritaikytas-assa-dorma-spynoms\/","name":"I\u0161manusis u\u017eraktas \u0161arvo durims U-Bolt Pro (pritaikytas ASSA , DORMA spynoms) - Xkodas","isPartOf":{"@id":"https:\/\/xkodas.com\/en\/#website"},"primaryImageOfPage":{"@id":"https:\/\/xkodas.com\/en\/shop\/ismaniosios-duru-spynos\/ultraloq\/ismanusis-uzraktas-sarvo-durims-u-bolt-pro-pritaikytas-assa-dorma-spynoms\/#primaryimage"},"image":{"@id":"https:\/\/xkodas.com\/en\/shop\/ismaniosios-duru-spynos\/ultraloq\/ismanusis-uzraktas-sarvo-durims-u-bolt-pro-pritaikytas-assa-dorma-spynoms\/#primaryimage"},"thumbnailUrl":"https:\/\/xkodas.com\/wp-content\/uploads\/2024\/05\/Ismanusis-uzraktas-sarvo-durims-tik-Xkodas.jpg","datePublished":"2024-06-06T07:21:30+00:00","dateModified":"2024-10-03T06:57:11+00:00","breadcrumb":{"@id":"https:\/\/xkodas.com\/en\/shop\/ismaniosios-duru-spynos\/ultraloq\/ismanusis-uzraktas-sarvo-durims-u-bolt-pro-pritaikytas-assa-dorma-spynoms\/#breadcrumb"},"inLanguage":"en-GB","potentialAction":[{"@type":"ReadAction","target":["https:\/\/xkodas.com\/en\/shop\/ismaniosios-duru-spynos\/ultraloq\/ismanusis-uzraktas-sarvo-durims-u-bolt-pro-pritaikytas-assa-dorma-spynoms\/"]}]},{"@type":"ImageObject","inLanguage":"en-GB","@id":"https:\/\/xkodas.com\/en\/shop\/ismaniosios-duru-spynos\/ultraloq\/ismanusis-uzraktas-sarvo-durims-u-bolt-pro-pritaikytas-assa-dorma-spynoms\/#primaryimage","url":"https:\/\/xkodas.com\/wp-content\/uploads\/2024\/05\/Ismanusis-uzraktas-sarvo-durims-tik-Xkodas.jpg","contentUrl":"https:\/\/xkodas.com\/wp-content\/uploads\/2024\/05\/Ismanusis-uzraktas-sarvo-durims-tik-Xkodas.jpg","width":2000,"height":2000},{"@type":"BreadcrumbList","@id":"https:\/\/xkodas.com\/en\/shop\/ismaniosios-duru-spynos\/ultraloq\/ismanusis-uzraktas-sarvo-durims-u-bolt-pro-pritaikytas-assa-dorma-spynoms\/#breadcrumb","itemListElement":[{"@type":"ListItem","position":1,"name":"Home","item":"https:\/\/xkodas.com\/en\/ismaniosios-spynos-visu-tipu-raktai-seifai-xkodas\/"},{"@type":"ListItem","position":2,"name":"Parduotuv\u0117","item":"https:\/\/xkodas.com\/parduotuve\/"},{"@type":"ListItem","position":3,"name":"I\u0161manusis u\u017eraktas \u0161arvo durims U-Bolt Pro (pritaikytas ASSA , DORMA spynoms)"}]},{"@type":"WebSite","@id":"https:\/\/xkodas.com\/en\/#website","url":"https:\/\/xkodas.com\/en\/","name":"Xkodas","description":"I\u0161maniosios spynos, rakt\u0173 gamyba, saugos sistemos","publisher":{"@id":"https:\/\/xkodas.com\/en\/#organization"},"potentialAction":[{"@type":"SearchAction","target":{"@type":"EntryPoint","urlTemplate":"https:\/\/xkodas.com\/en\/?s={search_term_string}"},"query-input":{"@type":"PropertyValueSpecification","valueRequired":true,"valueName":"search_term_string"}}],"inLanguage":"en-GB"},{"@type":"Organization","@id":"https:\/\/xkodas.com\/en\/#organization","name":"Xkodas","url":"https:\/\/xkodas.com\/en\/","logo":{"@type":"ImageObject","inLanguage":"en-GB","@id":"https:\/\/xkodas.com\/en\/#\/schema\/logo\/image\/","url":"http:\/\/xkodas.com\/wp-content\/uploads\/2020\/02\/Xkodas_logo_baltas_500x500-2.jpg","contentUrl":"http:\/\/xkodas.com\/wp-content\/uploads\/2020\/02\/Xkodas_logo_baltas_500x500-2.jpg","width":100,"height":100,"caption":"Xkodas"},"image":{"@id":"https:\/\/xkodas.com\/en\/#\/schema\/logo\/image\/"},"sameAs":["https:\/\/www.facebook.com\/xkodas.lt"]}]}},"_links":{"self":[{"href":"https:\/\/xkodas.com\/en\/wp-json\/wp\/v2\/product\/18702","targetHints":{"allow":["GET"]}}],"collection":[{"href":"https:\/\/xkodas.com\/en\/wp-json\/wp\/v2\/product"}],"about":[{"href":"https:\/\/xkodas.com\/en\/wp-json\/wp\/v2\/types\/product"}],"wp:featuredmedia":[{"embeddable":true,"href":"https:\/\/xkodas.com\/en\/wp-json\/wp\/v2\/media\/16330"}],"wp:attachment":[{"href":"https:\/\/xkodas.com\/en\/wp-json\/wp\/v2\/media?parent=18702"}],"wp:term":[{"taxonomy":"product_brand","embeddable":true,"href":"https:\/\/xkodas.com\/en\/wp-json\/wp\/v2\/product_brand?post=18702"},{"taxonomy":"product_cat","embeddable":true,"href":"https:\/\/xkodas.com\/en\/wp-json\/wp\/v2\/product_cat?post=18702"},{"taxonomy":"product_tag","embeddable":true,"href":"https:\/\/xkodas.com\/en\/wp-json\/wp\/v2\/product_tag?post=18702"}],"curies":[{"name":"wp","href":"https:\/\/api.w.org\/{rel}","templated":true}]}}