{"id":18700,"date":"2024-06-06T07:21:30","date_gmt":"2024-06-06T07:21:30","guid":{"rendered":"http:\/\/xkodas.com\/?post_type=product&#038;p=18700"},"modified":"2026-02-17T12:58:27","modified_gmt":"2026-02-17T12:58:27","slug":"belaide-klaviatura-nuomai-biurams","status":"publish","type":"product","link":"https:\/\/xkodas.com\/en\/shop\/ismaniosios-duru-spynos\/tedee\/belaide-klaviatura-nuomai-biurams\/","title":{"rendered":"Belaid\u0117 klaviat\u016bra (nuomai, biurams)"},"content":{"rendered":"<p>Belaid\u0117 klaviat\u016bra su i\u0161maniosios spynos sistema susijungia per patikim\u0105 ir saug\u0173 Bluetooth ry\u0161\u012f.<\/p>\n<p>Klaviat\u016bra specialiu itin tvirtu lipduku tvirtinama prie pavir\u0161i\u0173, tad nereikia joki\u0173 papildom\u0173 var\u017et\u0173.<\/p>\n<p>Taip pat &#8211; nereikalingi laidai, nes \u012frenginys maitinamas 3 AAA tipo baterijomis.<\/p>\n<p>\u0160i klaviat\u016bra yra b\u016btina jei planuojate u\u017esiimti nuomos verslu. Sve\u010diai \u012f patalpas pateks suvesdami jiems (program\u0117l\u0117s pagalba) sugeneruot\u0105 kod\u0105. Kodas gali b\u016bti laikinas, patekimas \u012f patalpas leid\u017eiamas tik tam tikru nustatytu laiku ir pan.<\/p>\n<p>Taip pat klaviat\u016bra pravers, jei i\u0161mani\u0105j\u0105 Tedee spyn\u0105 naudosite vie\u0161ose erdv\u0117se, pavyzd\u017eiui, biure ar kito tipo patalpose, kur reikia patekti didesniam skai\u010diui \u012fvairi\u0173 asmen\u0173 (darbuotojai, kurjeriai, sve\u010diai, aptarnaujantis personalas ir t.t.).<\/p>","protected":false},"excerpt":{"rendered":"<p><strong>PAGAMINTA EUROPOJE!<\/strong><\/p>\n<p>Belaid\u0117 klaviat\u016bra yra puikus sprendimas, jei norite i\u0161naudoti dar daugiau i\u0161manios spynos galimybi\u0173. \u0160i klaviat\u016bra lengvai prisitvirtina prie sienos ar dur\u0173 konstrukcijos. Klaviat\u016bra maitinama baterijomis, tad nereikia vesti papildom\u0173 laid\u0173 ar gr\u0119\u017eti sien\u0173.<\/p>\n<p>Patogu tiems, kas u\u017esiima nuomos verslu, taip pat &#8211; biure ar gamybinio tipo patalpoms.<\/p>\n<p>Linkime patogaus ir saugaus naudojimosi, o taip pat primename, kad suteikiame vis\u0105 reikiam\u0105 technin\u0119 pagalb\u0105, garantin\u012f bei pogarantin\u012f aptarnavim\u0105.<\/p>","protected":false},"featured_media":16317,"template":"","meta":{"_monsterinsights_skip_tracking":false,"_monsterinsights_sitenote_active":false,"_monsterinsights_sitenote_note":"","_monsterinsights_sitenote_category":0},"product_brand":[],"product_cat":[44,577],"product_tag":[],"class_list":{"0":"post-18700","1":"product","2":"type-product","3":"status-publish","4":"has-post-thumbnail","6":"product_cat-ismaniosios-duru-spynos","7":"product_cat-tedee","9":"first","10":"instock","11":"taxable","12":"shipping-taxable","13":"purchasable","14":"product-type-simple"},"yoast_head":"<!-- This site is optimized with the Yoast SEO plugin v27.4 - https:\/\/yoast.com\/product\/yoast-seo-wordpress\/ -->\n<title>Belaid\u0117 klaviat\u016bra (nuomai, biurams) - Xkodas<\/title>\n<meta name=\"robots\" content=\"index, follow, max-snippet:-1, max-image-preview:large, max-video-preview:-1\" \/>\n<link rel=\"canonical\" href=\"https:\/\/xkodas.com\/en\/shop\/ismaniosios-duru-spynos\/tedee\/belaide-klaviatura-nuomai-biurams\/\" \/>\n<meta property=\"og:locale\" content=\"en_GB\" \/>\n<meta property=\"og:type\" content=\"article\" \/>\n<meta property=\"og:title\" content=\"Belaid\u0117 klaviat\u016bra (nuomai, biurams) - Xkodas\" \/>\n<meta property=\"og:description\" content=\"PAGAMINTA EUROPOJE!  Belaid\u0117 klaviat\u016bra yra puikus sprendimas, jei norite i\u0161naudoti dar daugiau i\u0161manios spynos galimybi\u0173. \u0160i klaviat\u016bra lengvai prisitvirtina prie sienos ar dur\u0173 konstrukcijos. Klaviat\u016bra maitinama baterijomis, tad nereikia vesti papildom\u0173 laid\u0173 ar gr\u0119\u017eti sien\u0173.  Patogu tiems, kas u\u017esiima nuomos verslu, taip pat - biure ar gamybinio tipo patalpoms.  Linkime patogaus ir saugaus naudojimosi, o taip pat primename, kad suteikiame vis\u0105 reikiam\u0105 technin\u0119 pagalb\u0105, garantin\u012f bei pogarantin\u012f aptarnavim\u0105.\" \/>\n<meta property=\"og:url\" content=\"https:\/\/xkodas.com\/en\/shop\/ismaniosios-duru-spynos\/tedee\/belaide-klaviatura-nuomai-biurams\/\" \/>\n<meta property=\"og:site_name\" content=\"Xkodas\" \/>\n<meta property=\"article:publisher\" content=\"https:\/\/www.facebook.com\/xkodas.lt\" \/>\n<meta property=\"article:modified_time\" content=\"2026-02-17T12:58:27+00:00\" \/>\n<meta property=\"og:image\" content=\"https:\/\/xkodas.com\/wp-content\/uploads\/2024\/05\/Belaide-klaviatura-bluetooth-Tedee-xkodas.png\" \/>\n\t<meta property=\"og:image:width\" content=\"2000\" \/>\n\t<meta property=\"og:image:height\" content=\"1727\" \/>\n\t<meta property=\"og:image:type\" content=\"image\/png\" \/>\n<meta name=\"twitter:card\" content=\"summary_large_image\" \/>\n<meta name=\"twitter:label1\" content=\"Estimated reading time\" \/>\n\t<meta name=\"twitter:data1\" content=\"1 minute\" \/>\n<script type=\"application\/ld+json\" class=\"yoast-schema-graph\">{\"@context\":\"https:\\\/\\\/schema.org\",\"@graph\":[{\"@type\":\"WebPage\",\"@id\":\"https:\\\/\\\/xkodas.com\\\/en\\\/shop\\\/ismaniosios-duru-spynos\\\/tedee\\\/belaide-klaviatura-nuomai-biurams\\\/\",\"url\":\"https:\\\/\\\/xkodas.com\\\/en\\\/shop\\\/ismaniosios-duru-spynos\\\/tedee\\\/belaide-klaviatura-nuomai-biurams\\\/\",\"name\":\"Belaid\u0117 klaviat\u016bra (nuomai, biurams) - Xkodas\",\"isPartOf\":{\"@id\":\"https:\\\/\\\/xkodas.com\\\/en\\\/#website\"},\"primaryImageOfPage\":{\"@id\":\"https:\\\/\\\/xkodas.com\\\/en\\\/shop\\\/ismaniosios-duru-spynos\\\/tedee\\\/belaide-klaviatura-nuomai-biurams\\\/#primaryimage\"},\"image\":{\"@id\":\"https:\\\/\\\/xkodas.com\\\/en\\\/shop\\\/ismaniosios-duru-spynos\\\/tedee\\\/belaide-klaviatura-nuomai-biurams\\\/#primaryimage\"},\"thumbnailUrl\":\"https:\\\/\\\/xkodas.com\\\/wp-content\\\/uploads\\\/2024\\\/05\\\/Belaide-klaviatura-bluetooth-Tedee-xkodas.png\",\"datePublished\":\"2024-06-06T07:21:30+00:00\",\"dateModified\":\"2026-02-17T12:58:27+00:00\",\"breadcrumb\":{\"@id\":\"https:\\\/\\\/xkodas.com\\\/en\\\/shop\\\/ismaniosios-duru-spynos\\\/tedee\\\/belaide-klaviatura-nuomai-biurams\\\/#breadcrumb\"},\"inLanguage\":\"en-GB\",\"potentialAction\":[{\"@type\":\"ReadAction\",\"target\":[\"https:\\\/\\\/xkodas.com\\\/en\\\/shop\\\/ismaniosios-duru-spynos\\\/tedee\\\/belaide-klaviatura-nuomai-biurams\\\/\"]}]},{\"@type\":\"ImageObject\",\"inLanguage\":\"en-GB\",\"@id\":\"https:\\\/\\\/xkodas.com\\\/en\\\/shop\\\/ismaniosios-duru-spynos\\\/tedee\\\/belaide-klaviatura-nuomai-biurams\\\/#primaryimage\",\"url\":\"https:\\\/\\\/xkodas.com\\\/wp-content\\\/uploads\\\/2024\\\/05\\\/Belaide-klaviatura-bluetooth-Tedee-xkodas.png\",\"contentUrl\":\"https:\\\/\\\/xkodas.com\\\/wp-content\\\/uploads\\\/2024\\\/05\\\/Belaide-klaviatura-bluetooth-Tedee-xkodas.png\",\"width\":2000,\"height\":1727},{\"@type\":\"BreadcrumbList\",\"@id\":\"https:\\\/\\\/xkodas.com\\\/en\\\/shop\\\/ismaniosios-duru-spynos\\\/tedee\\\/belaide-klaviatura-nuomai-biurams\\\/#breadcrumb\",\"itemListElement\":[{\"@type\":\"ListItem\",\"position\":1,\"name\":\"Home\",\"item\":\"https:\\\/\\\/xkodas.com\\\/en\\\/ismaniosios-spynos-visu-tipu-raktai-seifai-xkodas\\\/\"},{\"@type\":\"ListItem\",\"position\":2,\"name\":\"Parduotuv\u0117\",\"item\":\"https:\\\/\\\/xkodas.com\\\/parduotuve\\\/\"},{\"@type\":\"ListItem\",\"position\":3,\"name\":\"Belaid\u0117 klaviat\u016bra (nuomai, biurams)\"}]},{\"@type\":\"WebSite\",\"@id\":\"https:\\\/\\\/xkodas.com\\\/en\\\/#website\",\"url\":\"https:\\\/\\\/xkodas.com\\\/en\\\/\",\"name\":\"Xkodas\",\"description\":\"I\u0161maniosios spynos, rakt\u0173 gamyba, saugos sistemos\",\"publisher\":{\"@id\":\"https:\\\/\\\/xkodas.com\\\/en\\\/#organization\"},\"potentialAction\":[{\"@type\":\"SearchAction\",\"target\":{\"@type\":\"EntryPoint\",\"urlTemplate\":\"https:\\\/\\\/xkodas.com\\\/en\\\/?s={search_term_string}\"},\"query-input\":{\"@type\":\"PropertyValueSpecification\",\"valueRequired\":true,\"valueName\":\"search_term_string\"}}],\"inLanguage\":\"en-GB\"},{\"@type\":\"Organization\",\"@id\":\"https:\\\/\\\/xkodas.com\\\/en\\\/#organization\",\"name\":\"Xkodas\",\"url\":\"https:\\\/\\\/xkodas.com\\\/en\\\/\",\"logo\":{\"@type\":\"ImageObject\",\"inLanguage\":\"en-GB\",\"@id\":\"https:\\\/\\\/xkodas.com\\\/en\\\/#\\\/schema\\\/logo\\\/image\\\/\",\"url\":\"http:\\\/\\\/xkodas.com\\\/wp-content\\\/uploads\\\/2020\\\/02\\\/Xkodas_logo_baltas_500x500-2.jpg\",\"contentUrl\":\"http:\\\/\\\/xkodas.com\\\/wp-content\\\/uploads\\\/2020\\\/02\\\/Xkodas_logo_baltas_500x500-2.jpg\",\"width\":100,\"height\":100,\"caption\":\"Xkodas\"},\"image\":{\"@id\":\"https:\\\/\\\/xkodas.com\\\/en\\\/#\\\/schema\\\/logo\\\/image\\\/\"},\"sameAs\":[\"https:\\\/\\\/www.facebook.com\\\/xkodas.lt\"]}]}<\/script>\n<!-- \/ Yoast SEO plugin. -->","yoast_head_json":{"title":"Belaid\u0117 klaviat\u016bra (nuomai, biurams) - Xkodas","robots":{"index":"index","follow":"follow","max-snippet":"max-snippet:-1","max-image-preview":"max-image-preview:large","max-video-preview":"max-video-preview:-1"},"canonical":"https:\/\/xkodas.com\/en\/shop\/ismaniosios-duru-spynos\/tedee\/belaide-klaviatura-nuomai-biurams\/","og_locale":"en_GB","og_type":"article","og_title":"Belaid\u0117 klaviat\u016bra (nuomai, biurams) - Xkodas","og_description":"PAGAMINTA EUROPOJE!  Belaid\u0117 klaviat\u016bra yra puikus sprendimas, jei norite i\u0161naudoti dar daugiau i\u0161manios spynos galimybi\u0173. \u0160i klaviat\u016bra lengvai prisitvirtina prie sienos ar dur\u0173 konstrukcijos. Klaviat\u016bra maitinama baterijomis, tad nereikia vesti papildom\u0173 laid\u0173 ar gr\u0119\u017eti sien\u0173.  Patogu tiems, kas u\u017esiima nuomos verslu, taip pat - biure ar gamybinio tipo patalpoms.  Linkime patogaus ir saugaus naudojimosi, o taip pat primename, kad suteikiame vis\u0105 reikiam\u0105 technin\u0119 pagalb\u0105, garantin\u012f bei pogarantin\u012f aptarnavim\u0105.","og_url":"https:\/\/xkodas.com\/en\/shop\/ismaniosios-duru-spynos\/tedee\/belaide-klaviatura-nuomai-biurams\/","og_site_name":"Xkodas","article_publisher":"https:\/\/www.facebook.com\/xkodas.lt","article_modified_time":"2026-02-17T12:58:27+00:00","og_image":[{"width":2000,"height":1727,"url":"https:\/\/xkodas.com\/wp-content\/uploads\/2024\/05\/Belaide-klaviatura-bluetooth-Tedee-xkodas.png","type":"image\/png"}],"twitter_card":"summary_large_image","twitter_misc":{"Estimated reading time":"1 minute"},"schema":{"@context":"https:\/\/schema.org","@graph":[{"@type":"WebPage","@id":"https:\/\/xkodas.com\/en\/shop\/ismaniosios-duru-spynos\/tedee\/belaide-klaviatura-nuomai-biurams\/","url":"https:\/\/xkodas.com\/en\/shop\/ismaniosios-duru-spynos\/tedee\/belaide-klaviatura-nuomai-biurams\/","name":"Belaid\u0117 klaviat\u016bra (nuomai, biurams) - Xkodas","isPartOf":{"@id":"https:\/\/xkodas.com\/en\/#website"},"primaryImageOfPage":{"@id":"https:\/\/xkodas.com\/en\/shop\/ismaniosios-duru-spynos\/tedee\/belaide-klaviatura-nuomai-biurams\/#primaryimage"},"image":{"@id":"https:\/\/xkodas.com\/en\/shop\/ismaniosios-duru-spynos\/tedee\/belaide-klaviatura-nuomai-biurams\/#primaryimage"},"thumbnailUrl":"https:\/\/xkodas.com\/wp-content\/uploads\/2024\/05\/Belaide-klaviatura-bluetooth-Tedee-xkodas.png","datePublished":"2024-06-06T07:21:30+00:00","dateModified":"2026-02-17T12:58:27+00:00","breadcrumb":{"@id":"https:\/\/xkodas.com\/en\/shop\/ismaniosios-duru-spynos\/tedee\/belaide-klaviatura-nuomai-biurams\/#breadcrumb"},"inLanguage":"en-GB","potentialAction":[{"@type":"ReadAction","target":["https:\/\/xkodas.com\/en\/shop\/ismaniosios-duru-spynos\/tedee\/belaide-klaviatura-nuomai-biurams\/"]}]},{"@type":"ImageObject","inLanguage":"en-GB","@id":"https:\/\/xkodas.com\/en\/shop\/ismaniosios-duru-spynos\/tedee\/belaide-klaviatura-nuomai-biurams\/#primaryimage","url":"https:\/\/xkodas.com\/wp-content\/uploads\/2024\/05\/Belaide-klaviatura-bluetooth-Tedee-xkodas.png","contentUrl":"https:\/\/xkodas.com\/wp-content\/uploads\/2024\/05\/Belaide-klaviatura-bluetooth-Tedee-xkodas.png","width":2000,"height":1727},{"@type":"BreadcrumbList","@id":"https:\/\/xkodas.com\/en\/shop\/ismaniosios-duru-spynos\/tedee\/belaide-klaviatura-nuomai-biurams\/#breadcrumb","itemListElement":[{"@type":"ListItem","position":1,"name":"Home","item":"https:\/\/xkodas.com\/en\/ismaniosios-spynos-visu-tipu-raktai-seifai-xkodas\/"},{"@type":"ListItem","position":2,"name":"Parduotuv\u0117","item":"https:\/\/xkodas.com\/parduotuve\/"},{"@type":"ListItem","position":3,"name":"Belaid\u0117 klaviat\u016bra (nuomai, biurams)"}]},{"@type":"WebSite","@id":"https:\/\/xkodas.com\/en\/#website","url":"https:\/\/xkodas.com\/en\/","name":"Xkodas","description":"I\u0161maniosios spynos, rakt\u0173 gamyba, saugos sistemos","publisher":{"@id":"https:\/\/xkodas.com\/en\/#organization"},"potentialAction":[{"@type":"SearchAction","target":{"@type":"EntryPoint","urlTemplate":"https:\/\/xkodas.com\/en\/?s={search_term_string}"},"query-input":{"@type":"PropertyValueSpecification","valueRequired":true,"valueName":"search_term_string"}}],"inLanguage":"en-GB"},{"@type":"Organization","@id":"https:\/\/xkodas.com\/en\/#organization","name":"Xkodas","url":"https:\/\/xkodas.com\/en\/","logo":{"@type":"ImageObject","inLanguage":"en-GB","@id":"https:\/\/xkodas.com\/en\/#\/schema\/logo\/image\/","url":"http:\/\/xkodas.com\/wp-content\/uploads\/2020\/02\/Xkodas_logo_baltas_500x500-2.jpg","contentUrl":"http:\/\/xkodas.com\/wp-content\/uploads\/2020\/02\/Xkodas_logo_baltas_500x500-2.jpg","width":100,"height":100,"caption":"Xkodas"},"image":{"@id":"https:\/\/xkodas.com\/en\/#\/schema\/logo\/image\/"},"sameAs":["https:\/\/www.facebook.com\/xkodas.lt"]}]}},"_links":{"self":[{"href":"https:\/\/xkodas.com\/en\/wp-json\/wp\/v2\/product\/18700","targetHints":{"allow":["GET"]}}],"collection":[{"href":"https:\/\/xkodas.com\/en\/wp-json\/wp\/v2\/product"}],"about":[{"href":"https:\/\/xkodas.com\/en\/wp-json\/wp\/v2\/types\/product"}],"wp:featuredmedia":[{"embeddable":true,"href":"https:\/\/xkodas.com\/en\/wp-json\/wp\/v2\/media\/16317"}],"wp:attachment":[{"href":"https:\/\/xkodas.com\/en\/wp-json\/wp\/v2\/media?parent=18700"}],"wp:term":[{"taxonomy":"product_brand","embeddable":true,"href":"https:\/\/xkodas.com\/en\/wp-json\/wp\/v2\/product_brand?post=18700"},{"taxonomy":"product_cat","embeddable":true,"href":"https:\/\/xkodas.com\/en\/wp-json\/wp\/v2\/product_cat?post=18700"},{"taxonomy":"product_tag","embeddable":true,"href":"https:\/\/xkodas.com\/en\/wp-json\/wp\/v2\/product_tag?post=18700"}],"curies":[{"name":"wp","href":"https:\/\/api.w.org\/{rel}","templated":true}]}}