{"id":18699,"date":"2024-06-06T07:21:30","date_gmt":"2024-06-06T07:21:30","guid":{"rendered":"http:\/\/xkodas.com\/?post_type=product&#038;p=18699"},"modified":"2026-02-17T12:45:24","modified_gmt":"2026-02-17T12:45:24","slug":"ismanusis-adapteris-bridge-spynai","status":"publish","type":"product","link":"https:\/\/xkodas.com\/en\/shop\/ismaniosios-duru-spynos\/tedee\/ismanusis-adapteris-bridge-spynai\/","title":{"rendered":"I\u0161manusis adapteris (bridge) spynai"},"content":{"rendered":"","protected":false},"excerpt":{"rendered":"<p><strong>PAGAMINTA EUROPOJE!<\/strong><\/p>\n<p>\u0160is adapteris (bridge) leid\u017eia \u201eTedee\u201c i\u0161maniajam u\u017eraktui saugiai prisijungti prie interneto (Wifi) ir \u012fgalina i\u0161pl\u0117stines nuotolinio valdymo funkcijas.<\/p>\n<p>Tokiu b\u016bdu i\u0161pildomos visos i\u0161maniosios spynos funkcijos, galima patogiai vykdyti pra\u0117jimo kontrol\u0119 nuotoliniu b\u016bdu.<\/p>\n<p>Linkime patogaus ir saugaus naudojimosi, o taip pat primename, kad suteikiame vis\u0105 reikiam\u0105 technin\u0119 pagalb\u0105, garantin\u012f bei pogarantin\u012f aptarnavim\u0105.<\/p>","protected":false},"featured_media":16310,"template":"","meta":{"_monsterinsights_skip_tracking":false,"_monsterinsights_sitenote_active":false,"_monsterinsights_sitenote_note":"","_monsterinsights_sitenote_category":0},"product_brand":[],"product_cat":[44,577],"product_tag":[],"class_list":{"0":"post-18699","1":"product","2":"type-product","3":"status-publish","4":"has-post-thumbnail","6":"product_cat-ismaniosios-duru-spynos","7":"product_cat-tedee","9":"first","10":"instock","11":"taxable","12":"shipping-taxable","13":"purchasable","14":"product-type-simple"},"yoast_head":"<!-- This site is optimized with the Yoast SEO plugin v27.5 - https:\/\/yoast.com\/product\/yoast-seo-wordpress\/ -->\n<title>I\u0161manusis adapteris (bridge) spynai - Xkodas<\/title>\n<meta name=\"robots\" content=\"index, follow, max-snippet:-1, max-image-preview:large, max-video-preview:-1\" \/>\n<link rel=\"canonical\" href=\"https:\/\/xkodas.com\/en\/shop\/ismaniosios-duru-spynos\/tedee\/ismanusis-adapteris-bridge-spynai\/\" \/>\n<meta property=\"og:locale\" content=\"en_GB\" \/>\n<meta property=\"og:type\" content=\"article\" \/>\n<meta property=\"og:title\" content=\"I\u0161manusis adapteris (bridge) spynai - Xkodas\" \/>\n<meta property=\"og:description\" content=\"PAGAMINTA EUROPOJE!  \u0160is adapteris (bridge) leid\u017eia \u201eTedee\u201c i\u0161maniajam u\u017eraktui saugiai prisijungti prie interneto (Wifi) ir \u012fgalina i\u0161pl\u0117stines nuotolinio valdymo funkcijas.  Tokiu b\u016bdu i\u0161pildomos visos i\u0161maniosios spynos funkcijos, galima patogiai vykdyti pra\u0117jimo kontrol\u0119 nuotoliniu b\u016bdu.  Linkime patogaus ir saugaus naudojimosi, o taip pat primename, kad suteikiame vis\u0105 reikiam\u0105 technin\u0119 pagalb\u0105, garantin\u012f bei pogarantin\u012f aptarnavim\u0105.\" \/>\n<meta property=\"og:url\" content=\"https:\/\/xkodas.com\/en\/shop\/ismaniosios-duru-spynos\/tedee\/ismanusis-adapteris-bridge-spynai\/\" \/>\n<meta property=\"og:site_name\" content=\"Xkodas\" \/>\n<meta property=\"article:publisher\" content=\"https:\/\/www.facebook.com\/xkodas.lt\" \/>\n<meta property=\"article:modified_time\" content=\"2026-02-17T12:45:24+00:00\" \/>\n<meta property=\"og:image\" content=\"https:\/\/xkodas.com\/wp-content\/uploads\/2024\/05\/Tedee-spyna-bridge-adapteris-Xkodas.jpg\" \/>\n\t<meta property=\"og:image:width\" content=\"1080\" \/>\n\t<meta property=\"og:image:height\" content=\"1080\" \/>\n\t<meta property=\"og:image:type\" content=\"image\/jpeg\" \/>\n<meta name=\"twitter:card\" content=\"summary_large_image\" \/>\n<meta name=\"twitter:label1\" content=\"Estimated reading time\" \/>\n\t<meta name=\"twitter:data1\" content=\"1 minute\" \/>\n<script type=\"application\/ld+json\" class=\"yoast-schema-graph\">{\"@context\":\"https:\\\/\\\/schema.org\",\"@graph\":[{\"@type\":\"WebPage\",\"@id\":\"https:\\\/\\\/xkodas.com\\\/en\\\/shop\\\/ismaniosios-duru-spynos\\\/tedee\\\/ismanusis-adapteris-bridge-spynai\\\/\",\"url\":\"https:\\\/\\\/xkodas.com\\\/en\\\/shop\\\/ismaniosios-duru-spynos\\\/tedee\\\/ismanusis-adapteris-bridge-spynai\\\/\",\"name\":\"I\u0161manusis adapteris (bridge) spynai - Xkodas\",\"isPartOf\":{\"@id\":\"https:\\\/\\\/xkodas.com\\\/en\\\/#website\"},\"primaryImageOfPage\":{\"@id\":\"https:\\\/\\\/xkodas.com\\\/en\\\/shop\\\/ismaniosios-duru-spynos\\\/tedee\\\/ismanusis-adapteris-bridge-spynai\\\/#primaryimage\"},\"image\":{\"@id\":\"https:\\\/\\\/xkodas.com\\\/en\\\/shop\\\/ismaniosios-duru-spynos\\\/tedee\\\/ismanusis-adapteris-bridge-spynai\\\/#primaryimage\"},\"thumbnailUrl\":\"https:\\\/\\\/xkodas.com\\\/wp-content\\\/uploads\\\/2024\\\/05\\\/Tedee-spyna-bridge-adapteris-Xkodas.jpg\",\"datePublished\":\"2024-06-06T07:21:30+00:00\",\"dateModified\":\"2026-02-17T12:45:24+00:00\",\"breadcrumb\":{\"@id\":\"https:\\\/\\\/xkodas.com\\\/en\\\/shop\\\/ismaniosios-duru-spynos\\\/tedee\\\/ismanusis-adapteris-bridge-spynai\\\/#breadcrumb\"},\"inLanguage\":\"en-GB\",\"potentialAction\":[{\"@type\":\"ReadAction\",\"target\":[\"https:\\\/\\\/xkodas.com\\\/en\\\/shop\\\/ismaniosios-duru-spynos\\\/tedee\\\/ismanusis-adapteris-bridge-spynai\\\/\"]}]},{\"@type\":\"ImageObject\",\"inLanguage\":\"en-GB\",\"@id\":\"https:\\\/\\\/xkodas.com\\\/en\\\/shop\\\/ismaniosios-duru-spynos\\\/tedee\\\/ismanusis-adapteris-bridge-spynai\\\/#primaryimage\",\"url\":\"https:\\\/\\\/xkodas.com\\\/wp-content\\\/uploads\\\/2024\\\/05\\\/Tedee-spyna-bridge-adapteris-Xkodas.jpg\",\"contentUrl\":\"https:\\\/\\\/xkodas.com\\\/wp-content\\\/uploads\\\/2024\\\/05\\\/Tedee-spyna-bridge-adapteris-Xkodas.jpg\",\"width\":1080,\"height\":1080},{\"@type\":\"BreadcrumbList\",\"@id\":\"https:\\\/\\\/xkodas.com\\\/en\\\/shop\\\/ismaniosios-duru-spynos\\\/tedee\\\/ismanusis-adapteris-bridge-spynai\\\/#breadcrumb\",\"itemListElement\":[{\"@type\":\"ListItem\",\"position\":1,\"name\":\"Home\",\"item\":\"https:\\\/\\\/xkodas.com\\\/en\\\/ismaniosios-spynos-visu-tipu-raktai-seifai-xkodas\\\/\"},{\"@type\":\"ListItem\",\"position\":2,\"name\":\"Parduotuv\u0117\",\"item\":\"https:\\\/\\\/xkodas.com\\\/parduotuve\\\/\"},{\"@type\":\"ListItem\",\"position\":3,\"name\":\"I\u0161manusis adapteris (bridge) spynai\"}]},{\"@type\":\"WebSite\",\"@id\":\"https:\\\/\\\/xkodas.com\\\/en\\\/#website\",\"url\":\"https:\\\/\\\/xkodas.com\\\/en\\\/\",\"name\":\"Xkodas\",\"description\":\"I\u0161maniosios spynos, rakt\u0173 gamyba, saugos sistemos\",\"publisher\":{\"@id\":\"https:\\\/\\\/xkodas.com\\\/en\\\/#organization\"},\"potentialAction\":[{\"@type\":\"SearchAction\",\"target\":{\"@type\":\"EntryPoint\",\"urlTemplate\":\"https:\\\/\\\/xkodas.com\\\/en\\\/?s={search_term_string}\"},\"query-input\":{\"@type\":\"PropertyValueSpecification\",\"valueRequired\":true,\"valueName\":\"search_term_string\"}}],\"inLanguage\":\"en-GB\"},{\"@type\":\"Organization\",\"@id\":\"https:\\\/\\\/xkodas.com\\\/en\\\/#organization\",\"name\":\"Xkodas\",\"url\":\"https:\\\/\\\/xkodas.com\\\/en\\\/\",\"logo\":{\"@type\":\"ImageObject\",\"inLanguage\":\"en-GB\",\"@id\":\"https:\\\/\\\/xkodas.com\\\/en\\\/#\\\/schema\\\/logo\\\/image\\\/\",\"url\":\"http:\\\/\\\/xkodas.com\\\/wp-content\\\/uploads\\\/2020\\\/02\\\/Xkodas_logo_baltas_500x500-2.jpg\",\"contentUrl\":\"http:\\\/\\\/xkodas.com\\\/wp-content\\\/uploads\\\/2020\\\/02\\\/Xkodas_logo_baltas_500x500-2.jpg\",\"width\":100,\"height\":100,\"caption\":\"Xkodas\"},\"image\":{\"@id\":\"https:\\\/\\\/xkodas.com\\\/en\\\/#\\\/schema\\\/logo\\\/image\\\/\"},\"sameAs\":[\"https:\\\/\\\/www.facebook.com\\\/xkodas.lt\"]}]}<\/script>\n<!-- \/ Yoast SEO plugin. -->","yoast_head_json":{"title":"I\u0161manusis adapteris (bridge) spynai - Xkodas","robots":{"index":"index","follow":"follow","max-snippet":"max-snippet:-1","max-image-preview":"max-image-preview:large","max-video-preview":"max-video-preview:-1"},"canonical":"https:\/\/xkodas.com\/en\/shop\/ismaniosios-duru-spynos\/tedee\/ismanusis-adapteris-bridge-spynai\/","og_locale":"en_GB","og_type":"article","og_title":"I\u0161manusis adapteris (bridge) spynai - Xkodas","og_description":"PAGAMINTA EUROPOJE!  \u0160is adapteris (bridge) leid\u017eia \u201eTedee\u201c i\u0161maniajam u\u017eraktui saugiai prisijungti prie interneto (Wifi) ir \u012fgalina i\u0161pl\u0117stines nuotolinio valdymo funkcijas.  Tokiu b\u016bdu i\u0161pildomos visos i\u0161maniosios spynos funkcijos, galima patogiai vykdyti pra\u0117jimo kontrol\u0119 nuotoliniu b\u016bdu.  Linkime patogaus ir saugaus naudojimosi, o taip pat primename, kad suteikiame vis\u0105 reikiam\u0105 technin\u0119 pagalb\u0105, garantin\u012f bei pogarantin\u012f aptarnavim\u0105.","og_url":"https:\/\/xkodas.com\/en\/shop\/ismaniosios-duru-spynos\/tedee\/ismanusis-adapteris-bridge-spynai\/","og_site_name":"Xkodas","article_publisher":"https:\/\/www.facebook.com\/xkodas.lt","article_modified_time":"2026-02-17T12:45:24+00:00","og_image":[{"width":1080,"height":1080,"url":"https:\/\/xkodas.com\/wp-content\/uploads\/2024\/05\/Tedee-spyna-bridge-adapteris-Xkodas.jpg","type":"image\/jpeg"}],"twitter_card":"summary_large_image","twitter_misc":{"Estimated reading time":"1 minute"},"schema":{"@context":"https:\/\/schema.org","@graph":[{"@type":"WebPage","@id":"https:\/\/xkodas.com\/en\/shop\/ismaniosios-duru-spynos\/tedee\/ismanusis-adapteris-bridge-spynai\/","url":"https:\/\/xkodas.com\/en\/shop\/ismaniosios-duru-spynos\/tedee\/ismanusis-adapteris-bridge-spynai\/","name":"I\u0161manusis adapteris (bridge) spynai - Xkodas","isPartOf":{"@id":"https:\/\/xkodas.com\/en\/#website"},"primaryImageOfPage":{"@id":"https:\/\/xkodas.com\/en\/shop\/ismaniosios-duru-spynos\/tedee\/ismanusis-adapteris-bridge-spynai\/#primaryimage"},"image":{"@id":"https:\/\/xkodas.com\/en\/shop\/ismaniosios-duru-spynos\/tedee\/ismanusis-adapteris-bridge-spynai\/#primaryimage"},"thumbnailUrl":"https:\/\/xkodas.com\/wp-content\/uploads\/2024\/05\/Tedee-spyna-bridge-adapteris-Xkodas.jpg","datePublished":"2024-06-06T07:21:30+00:00","dateModified":"2026-02-17T12:45:24+00:00","breadcrumb":{"@id":"https:\/\/xkodas.com\/en\/shop\/ismaniosios-duru-spynos\/tedee\/ismanusis-adapteris-bridge-spynai\/#breadcrumb"},"inLanguage":"en-GB","potentialAction":[{"@type":"ReadAction","target":["https:\/\/xkodas.com\/en\/shop\/ismaniosios-duru-spynos\/tedee\/ismanusis-adapteris-bridge-spynai\/"]}]},{"@type":"ImageObject","inLanguage":"en-GB","@id":"https:\/\/xkodas.com\/en\/shop\/ismaniosios-duru-spynos\/tedee\/ismanusis-adapteris-bridge-spynai\/#primaryimage","url":"https:\/\/xkodas.com\/wp-content\/uploads\/2024\/05\/Tedee-spyna-bridge-adapteris-Xkodas.jpg","contentUrl":"https:\/\/xkodas.com\/wp-content\/uploads\/2024\/05\/Tedee-spyna-bridge-adapteris-Xkodas.jpg","width":1080,"height":1080},{"@type":"BreadcrumbList","@id":"https:\/\/xkodas.com\/en\/shop\/ismaniosios-duru-spynos\/tedee\/ismanusis-adapteris-bridge-spynai\/#breadcrumb","itemListElement":[{"@type":"ListItem","position":1,"name":"Home","item":"https:\/\/xkodas.com\/en\/ismaniosios-spynos-visu-tipu-raktai-seifai-xkodas\/"},{"@type":"ListItem","position":2,"name":"Parduotuv\u0117","item":"https:\/\/xkodas.com\/parduotuve\/"},{"@type":"ListItem","position":3,"name":"I\u0161manusis adapteris (bridge) spynai"}]},{"@type":"WebSite","@id":"https:\/\/xkodas.com\/en\/#website","url":"https:\/\/xkodas.com\/en\/","name":"Xkodas","description":"I\u0161maniosios spynos, rakt\u0173 gamyba, saugos sistemos","publisher":{"@id":"https:\/\/xkodas.com\/en\/#organization"},"potentialAction":[{"@type":"SearchAction","target":{"@type":"EntryPoint","urlTemplate":"https:\/\/xkodas.com\/en\/?s={search_term_string}"},"query-input":{"@type":"PropertyValueSpecification","valueRequired":true,"valueName":"search_term_string"}}],"inLanguage":"en-GB"},{"@type":"Organization","@id":"https:\/\/xkodas.com\/en\/#organization","name":"Xkodas","url":"https:\/\/xkodas.com\/en\/","logo":{"@type":"ImageObject","inLanguage":"en-GB","@id":"https:\/\/xkodas.com\/en\/#\/schema\/logo\/image\/","url":"http:\/\/xkodas.com\/wp-content\/uploads\/2020\/02\/Xkodas_logo_baltas_500x500-2.jpg","contentUrl":"http:\/\/xkodas.com\/wp-content\/uploads\/2020\/02\/Xkodas_logo_baltas_500x500-2.jpg","width":100,"height":100,"caption":"Xkodas"},"image":{"@id":"https:\/\/xkodas.com\/en\/#\/schema\/logo\/image\/"},"sameAs":["https:\/\/www.facebook.com\/xkodas.lt"]}]}},"_links":{"self":[{"href":"https:\/\/xkodas.com\/en\/wp-json\/wp\/v2\/product\/18699","targetHints":{"allow":["GET"]}}],"collection":[{"href":"https:\/\/xkodas.com\/en\/wp-json\/wp\/v2\/product"}],"about":[{"href":"https:\/\/xkodas.com\/en\/wp-json\/wp\/v2\/types\/product"}],"wp:featuredmedia":[{"embeddable":true,"href":"https:\/\/xkodas.com\/en\/wp-json\/wp\/v2\/media\/16310"}],"wp:attachment":[{"href":"https:\/\/xkodas.com\/en\/wp-json\/wp\/v2\/media?parent=18699"}],"wp:term":[{"taxonomy":"product_brand","embeddable":true,"href":"https:\/\/xkodas.com\/en\/wp-json\/wp\/v2\/product_brand?post=18699"},{"taxonomy":"product_cat","embeddable":true,"href":"https:\/\/xkodas.com\/en\/wp-json\/wp\/v2\/product_cat?post=18699"},{"taxonomy":"product_tag","embeddable":true,"href":"https:\/\/xkodas.com\/en\/wp-json\/wp\/v2\/product_tag?post=18699"}],"curies":[{"name":"wp","href":"https:\/\/api.w.org\/{rel}","templated":true}]}}