{"id":18601,"date":"2024-06-06T07:20:26","date_gmt":"2024-06-06T07:20:26","guid":{"rendered":"http:\/\/xkodas.com\/?post_type=product&#038;p=18601"},"modified":"2024-06-06T07:20:31","modified_gmt":"2024-06-06T07:20:31","slug":"ip-zmoniu-skaiciukle-ipcount-3d-ext-0280","status":"publish","type":"product","link":"https:\/\/xkodas.com\/en\/shop\/be-kategorijos\/ip-zmoniu-skaiciukle-ipcount-3d-ext-0280\/","title":{"rendered":"IP \u017emoni\u0173 skai\u010diukl\u0117 \u201eIPCOUNT-3D-EXT-0280\u201c"},"content":{"rendered":"<p><span>\u201eX-Security\u201c<\/span><\/p>\n<p><span>IP \u017emoni\u0173 skai\u010diavimas<\/span><\/p>\n<p><span>Dvigubas jutiklis<\/span><\/p>\n<p><span>3 megapikseli\u0173<\/span><\/p>\n<p><span>2,8 mm objektyvas<\/span><\/p>\n<p><span>1 \/ 2,8 &#8220;\u201e Progressive Scan CMOS \u201c<\/span><\/p>\n<p><span>Didelio jautrumo \u201eStarlight\u201c<\/span><\/p>\n<p><span>IR \u0161viesos diod\u0173 diapazonas 20 m<\/span><\/p>\n<p><span>Lub\u0173 montavimas<\/span><\/p>\n<p><span>\u012eva\u017eiavim\u0173, i\u0161\u0117jim\u0173 ir per\u0117jim\u0173 statistika<\/span><\/p>\n<p><span>Dienos, m\u0117nesio ir met\u0173 ataskaitos<\/span><\/p>\n<p><span>Suspaudimas H.265 + \/ H.265 \/ H.264 + \/ H.264 \/ MJPEG<\/span><\/p>\n<p><span>RJ-45 10\/100 \u201eBaseT\u201c<\/span><\/p>\n<p><span>RS485<\/span><\/p>\n<p><span>Aliarmai<\/span><\/p>\n<p><span>Garsas<\/span><\/p>\n<p><span>DWDR<\/span><\/p>\n<p><span>Pa\u017eangios IVS funkcijos<\/span><\/p>\n<p><span>I\u0161orin\u0117 atmintin\u0117 \u201eMicroSD\u201c<\/span><\/p>\n<p><span>Atgrasymo sirena<\/span><\/p>\n<p><span>\u201ePoE IEEE802.3af\u201c<\/span><\/p>\n<p><span>WEB, TVS, i\u0161maniojo telefono ir NVR s\u0105saja<\/span><\/p>\n<p><span>Suderinamas su ONVIF<\/span><\/p>\n<p><span>IP67, IK10<\/span><\/p>","protected":false},"excerpt":{"rendered":"<p><span>\u201eX-Security IP People Counter\u201c<\/span><\/p>\n<p><span>3 megapikseli\u0173 \u201eStarlight\u201c<\/span><\/p>\n<p><span>\u017dmoni\u0173 skai\u010diavimas, apsauga nuo IVS perimetro, veido aptikimas<\/span><\/p>\n<p><span>2,8 mm objektyvas<\/span><\/p>\n<p><span>Aliarmai \/ Garsas \/ Sirena \/ ePoE<\/span><\/p>\n<p><span>Tinka montuoti lauke<\/span><\/p>","protected":false},"featured_media":0,"template":"","meta":{"_monsterinsights_skip_tracking":false,"_monsterinsights_sitenote_active":false,"_monsterinsights_sitenote_note":"","_monsterinsights_sitenote_category":0},"product_brand":[],"product_cat":[15],"product_tag":[],"class_list":{"0":"post-18601","1":"product","2":"type-product","3":"status-publish","5":"product_cat-be-kategorijos","7":"first","8":"instock","9":"taxable","10":"shipping-taxable","11":"product-type-simple"},"yoast_head":"<!-- This site is optimized with the Yoast SEO plugin v27.3 - https:\/\/yoast.com\/product\/yoast-seo-wordpress\/ -->\n<title>IP \u017emoni\u0173 skai\u010diukl\u0117 \u201eIPCOUNT-3D-EXT-0280\u201c - Xkodas<\/title>\n<meta name=\"robots\" content=\"index, follow, max-snippet:-1, max-image-preview:large, max-video-preview:-1\" \/>\n<link rel=\"canonical\" href=\"https:\/\/xkodas.com\/en\/shop\/be-kategorijos\/ip-zmoniu-skaiciukle-ipcount-3d-ext-0280\/\" \/>\n<meta property=\"og:locale\" content=\"en_GB\" \/>\n<meta property=\"og:type\" content=\"article\" \/>\n<meta property=\"og:title\" content=\"IP \u017emoni\u0173 skai\u010diukl\u0117 \u201eIPCOUNT-3D-EXT-0280\u201c - Xkodas\" \/>\n<meta property=\"og:description\" content=\"\u201eX-Security IP People Counter\u201c  3 megapikseli\u0173 \u201eStarlight\u201c  \u017dmoni\u0173 skai\u010diavimas, apsauga nuo IVS perimetro, veido aptikimas  2,8 mm objektyvas  Aliarmai \/ Garsas \/ Sirena \/ ePoE  Tinka montuoti lauke\" \/>\n<meta property=\"og:url\" content=\"https:\/\/xkodas.com\/en\/shop\/be-kategorijos\/ip-zmoniu-skaiciukle-ipcount-3d-ext-0280\/\" \/>\n<meta property=\"og:site_name\" content=\"Xkodas\" \/>\n<meta property=\"article:publisher\" content=\"https:\/\/www.facebook.com\/xkodas.lt\" \/>\n<meta property=\"article:modified_time\" content=\"2024-06-06T07:20:31+00:00\" \/>\n<meta name=\"twitter:card\" content=\"summary_large_image\" \/>\n<script type=\"application\/ld+json\" class=\"yoast-schema-graph\">{\"@context\":\"https:\\\/\\\/schema.org\",\"@graph\":[{\"@type\":\"WebPage\",\"@id\":\"https:\\\/\\\/xkodas.com\\\/en\\\/shop\\\/be-kategorijos\\\/ip-zmoniu-skaiciukle-ipcount-3d-ext-0280\\\/\",\"url\":\"https:\\\/\\\/xkodas.com\\\/en\\\/shop\\\/be-kategorijos\\\/ip-zmoniu-skaiciukle-ipcount-3d-ext-0280\\\/\",\"name\":\"IP \u017emoni\u0173 skai\u010diukl\u0117 \u201eIPCOUNT-3D-EXT-0280\u201c - Xkodas\",\"isPartOf\":{\"@id\":\"https:\\\/\\\/xkodas.com\\\/en\\\/#website\"},\"datePublished\":\"2024-06-06T07:20:26+00:00\",\"dateModified\":\"2024-06-06T07:20:31+00:00\",\"breadcrumb\":{\"@id\":\"https:\\\/\\\/xkodas.com\\\/en\\\/shop\\\/be-kategorijos\\\/ip-zmoniu-skaiciukle-ipcount-3d-ext-0280\\\/#breadcrumb\"},\"inLanguage\":\"en-GB\",\"potentialAction\":[{\"@type\":\"ReadAction\",\"target\":[\"https:\\\/\\\/xkodas.com\\\/en\\\/shop\\\/be-kategorijos\\\/ip-zmoniu-skaiciukle-ipcount-3d-ext-0280\\\/\"]}]},{\"@type\":\"BreadcrumbList\",\"@id\":\"https:\\\/\\\/xkodas.com\\\/en\\\/shop\\\/be-kategorijos\\\/ip-zmoniu-skaiciukle-ipcount-3d-ext-0280\\\/#breadcrumb\",\"itemListElement\":[{\"@type\":\"ListItem\",\"position\":1,\"name\":\"Home\",\"item\":\"https:\\\/\\\/xkodas.com\\\/en\\\/ismaniosios-spynos-visu-tipu-raktai-seifai-xkodas\\\/\"},{\"@type\":\"ListItem\",\"position\":2,\"name\":\"Parduotuv\u0117\",\"item\":\"https:\\\/\\\/xkodas.com\\\/parduotuve\\\/\"},{\"@type\":\"ListItem\",\"position\":3,\"name\":\"IP \u017emoni\u0173 skai\u010diukl\u0117 \u201eIPCOUNT-3D-EXT-0280\u201c\"}]},{\"@type\":\"WebSite\",\"@id\":\"https:\\\/\\\/xkodas.com\\\/en\\\/#website\",\"url\":\"https:\\\/\\\/xkodas.com\\\/en\\\/\",\"name\":\"Xkodas\",\"description\":\"I\u0161maniosios spynos, rakt\u0173 gamyba, saugos sistemos\",\"publisher\":{\"@id\":\"https:\\\/\\\/xkodas.com\\\/en\\\/#organization\"},\"potentialAction\":[{\"@type\":\"SearchAction\",\"target\":{\"@type\":\"EntryPoint\",\"urlTemplate\":\"https:\\\/\\\/xkodas.com\\\/en\\\/?s={search_term_string}\"},\"query-input\":{\"@type\":\"PropertyValueSpecification\",\"valueRequired\":true,\"valueName\":\"search_term_string\"}}],\"inLanguage\":\"en-GB\"},{\"@type\":\"Organization\",\"@id\":\"https:\\\/\\\/xkodas.com\\\/en\\\/#organization\",\"name\":\"Xkodas\",\"url\":\"https:\\\/\\\/xkodas.com\\\/en\\\/\",\"logo\":{\"@type\":\"ImageObject\",\"inLanguage\":\"en-GB\",\"@id\":\"https:\\\/\\\/xkodas.com\\\/en\\\/#\\\/schema\\\/logo\\\/image\\\/\",\"url\":\"http:\\\/\\\/xkodas.com\\\/wp-content\\\/uploads\\\/2020\\\/02\\\/Xkodas_logo_baltas_500x500-2.jpg\",\"contentUrl\":\"http:\\\/\\\/xkodas.com\\\/wp-content\\\/uploads\\\/2020\\\/02\\\/Xkodas_logo_baltas_500x500-2.jpg\",\"width\":100,\"height\":100,\"caption\":\"Xkodas\"},\"image\":{\"@id\":\"https:\\\/\\\/xkodas.com\\\/en\\\/#\\\/schema\\\/logo\\\/image\\\/\"},\"sameAs\":[\"https:\\\/\\\/www.facebook.com\\\/xkodas.lt\"]}]}<\/script>\n<!-- \/ Yoast SEO plugin. -->","yoast_head_json":{"title":"IP \u017emoni\u0173 skai\u010diukl\u0117 \u201eIPCOUNT-3D-EXT-0280\u201c - Xkodas","robots":{"index":"index","follow":"follow","max-snippet":"max-snippet:-1","max-image-preview":"max-image-preview:large","max-video-preview":"max-video-preview:-1"},"canonical":"https:\/\/xkodas.com\/en\/shop\/be-kategorijos\/ip-zmoniu-skaiciukle-ipcount-3d-ext-0280\/","og_locale":"en_GB","og_type":"article","og_title":"IP \u017emoni\u0173 skai\u010diukl\u0117 \u201eIPCOUNT-3D-EXT-0280\u201c - Xkodas","og_description":"\u201eX-Security IP People Counter\u201c  3 megapikseli\u0173 \u201eStarlight\u201c  \u017dmoni\u0173 skai\u010diavimas, apsauga nuo IVS perimetro, veido aptikimas  2,8 mm objektyvas  Aliarmai \/ Garsas \/ Sirena \/ ePoE  Tinka montuoti lauke","og_url":"https:\/\/xkodas.com\/en\/shop\/be-kategorijos\/ip-zmoniu-skaiciukle-ipcount-3d-ext-0280\/","og_site_name":"Xkodas","article_publisher":"https:\/\/www.facebook.com\/xkodas.lt","article_modified_time":"2024-06-06T07:20:31+00:00","twitter_card":"summary_large_image","schema":{"@context":"https:\/\/schema.org","@graph":[{"@type":"WebPage","@id":"https:\/\/xkodas.com\/en\/shop\/be-kategorijos\/ip-zmoniu-skaiciukle-ipcount-3d-ext-0280\/","url":"https:\/\/xkodas.com\/en\/shop\/be-kategorijos\/ip-zmoniu-skaiciukle-ipcount-3d-ext-0280\/","name":"IP \u017emoni\u0173 skai\u010diukl\u0117 \u201eIPCOUNT-3D-EXT-0280\u201c - Xkodas","isPartOf":{"@id":"https:\/\/xkodas.com\/en\/#website"},"datePublished":"2024-06-06T07:20:26+00:00","dateModified":"2024-06-06T07:20:31+00:00","breadcrumb":{"@id":"https:\/\/xkodas.com\/en\/shop\/be-kategorijos\/ip-zmoniu-skaiciukle-ipcount-3d-ext-0280\/#breadcrumb"},"inLanguage":"en-GB","potentialAction":[{"@type":"ReadAction","target":["https:\/\/xkodas.com\/en\/shop\/be-kategorijos\/ip-zmoniu-skaiciukle-ipcount-3d-ext-0280\/"]}]},{"@type":"BreadcrumbList","@id":"https:\/\/xkodas.com\/en\/shop\/be-kategorijos\/ip-zmoniu-skaiciukle-ipcount-3d-ext-0280\/#breadcrumb","itemListElement":[{"@type":"ListItem","position":1,"name":"Home","item":"https:\/\/xkodas.com\/en\/ismaniosios-spynos-visu-tipu-raktai-seifai-xkodas\/"},{"@type":"ListItem","position":2,"name":"Parduotuv\u0117","item":"https:\/\/xkodas.com\/parduotuve\/"},{"@type":"ListItem","position":3,"name":"IP \u017emoni\u0173 skai\u010diukl\u0117 \u201eIPCOUNT-3D-EXT-0280\u201c"}]},{"@type":"WebSite","@id":"https:\/\/xkodas.com\/en\/#website","url":"https:\/\/xkodas.com\/en\/","name":"Xkodas","description":"I\u0161maniosios spynos, rakt\u0173 gamyba, saugos sistemos","publisher":{"@id":"https:\/\/xkodas.com\/en\/#organization"},"potentialAction":[{"@type":"SearchAction","target":{"@type":"EntryPoint","urlTemplate":"https:\/\/xkodas.com\/en\/?s={search_term_string}"},"query-input":{"@type":"PropertyValueSpecification","valueRequired":true,"valueName":"search_term_string"}}],"inLanguage":"en-GB"},{"@type":"Organization","@id":"https:\/\/xkodas.com\/en\/#organization","name":"Xkodas","url":"https:\/\/xkodas.com\/en\/","logo":{"@type":"ImageObject","inLanguage":"en-GB","@id":"https:\/\/xkodas.com\/en\/#\/schema\/logo\/image\/","url":"http:\/\/xkodas.com\/wp-content\/uploads\/2020\/02\/Xkodas_logo_baltas_500x500-2.jpg","contentUrl":"http:\/\/xkodas.com\/wp-content\/uploads\/2020\/02\/Xkodas_logo_baltas_500x500-2.jpg","width":100,"height":100,"caption":"Xkodas"},"image":{"@id":"https:\/\/xkodas.com\/en\/#\/schema\/logo\/image\/"},"sameAs":["https:\/\/www.facebook.com\/xkodas.lt"]}]}},"_links":{"self":[{"href":"https:\/\/xkodas.com\/en\/wp-json\/wp\/v2\/product\/18601","targetHints":{"allow":["GET"]}}],"collection":[{"href":"https:\/\/xkodas.com\/en\/wp-json\/wp\/v2\/product"}],"about":[{"href":"https:\/\/xkodas.com\/en\/wp-json\/wp\/v2\/types\/product"}],"wp:attachment":[{"href":"https:\/\/xkodas.com\/en\/wp-json\/wp\/v2\/media?parent=18601"}],"wp:term":[{"taxonomy":"product_brand","embeddable":true,"href":"https:\/\/xkodas.com\/en\/wp-json\/wp\/v2\/product_brand?post=18601"},{"taxonomy":"product_cat","embeddable":true,"href":"https:\/\/xkodas.com\/en\/wp-json\/wp\/v2\/product_cat?post=18601"},{"taxonomy":"product_tag","embeddable":true,"href":"https:\/\/xkodas.com\/en\/wp-json\/wp\/v2\/product_tag?post=18601"}],"curies":[{"name":"wp","href":"https:\/\/api.w.org\/{rel}","templated":true}]}}