{"id":18492,"date":"2024-06-06T07:19:14","date_gmt":"2024-06-06T07:19:14","guid":{"rendered":"http:\/\/xkodas.com\/?post_type=product&#038;p=18492"},"modified":"2024-06-06T07:19:20","modified_gmt":"2024-06-06T07:19:20","slug":"pakeliamu-vartu-automatika-botticelli-smart-bt-a850-valdymas-telefonu-wi-fi","status":"publish","type":"product","link":"https:\/\/xkodas.com\/en\/shop\/vartu-automatika-ir-furnitura\/pakeliamu-vartu-automatika-botticelli-smart-bt-a850-valdymas-telefonu-wi-fi\/","title":{"rendered":"Pakeliamu vartu automatika Botticelli Smart BT A850 (valdymas telefonu Wi-Fi)"},"content":{"rendered":"<p>Maitinimo \u012ftampa 230V,variklio galia 236W. Maksimalus vart\u0173 auk\u0161tis iki 2.40m. Auk\u0161tesniems vartams reikia naudoti prailginim\u0105.<\/p>\n<p>Vartai u\u017edaromi\/atidaromi per 28s.<br \/>\nDarbin\u0117 temperat\u016bra : nuo -15C iki +60C.<br \/>\n\u012erenginio svoris 5 kg.<br \/>\nGalinis i\u0161jung\u0117jas su \u012fmontuotu koduojamu \u012frenginiu padeda pasiekti maksimaliai tiksl\u0173 u\u017esidarym\u0105.<br \/>\nPakeliamiems vartams u\u017esidarinejant ir sutikus kli\u016bt\u012f, vartai v\u0117l atsidaro. \u012ediegta sistema apsaugo nuo \u017ealos padarymo \u017emon\u0117ms arba daiktams.<\/p>\n<p>Naujojo\u00a0Botticelli Smart papildomos s\u0105vyb\u0117s:<\/p>\n<ol>\n<li>Atidarymo greitis padid\u0117jo iki 70%. Grandininis 21cm\/s, dir\u017einis 24cm\/s.<\/li>\n<li>Pavara greitai ir lengvai montuojama.<\/li>\n<li>Montavimo laikas sutrump\u0117jo dvigubai, u\u017etenka vieno montuotojo, pirmiausia yra prisitvirtinama kreipian\u010dioji su grandine, o po to variklis. Pultelio programavimas ir Autosetas atliekami \u201enuo \u017eem\u0117s\u201c.Pavaros kreipian\u010dioji gali b\u016bti tiesiogiai montuojama ant lub\u0173. Elektros kabeliai susideda i pavaros viduje esan\u010di\u0105 ertm\u0119.<\/li>\n<li>D-Track funkcija, \u012fdiegtas U-link protokolas, galimas nuotolinis valdymas per program\u0117l\u0119.<\/li>\n<li>\u201ePlonas\u201c dizainas. Tinka kai \u017eemos lubos.<\/li>\n<li>Naujoji A850 versija tinka pakeisti vietoj seno Botticelli motoro.<\/li>\n<\/ol>","protected":false},"excerpt":{"rendered":"<p>Elektromechanin\u0117 pavara Boticelli pakeliamiems vartams iki 13 m2 ploto, 80 kg svorio.\u00a0 Valdomas telefonu Wi-FI, skirta intensyviam naudojimui.<\/p>","protected":false},"featured_media":15667,"template":"","meta":{"_monsterinsights_skip_tracking":false,"_monsterinsights_sitenote_active":false,"_monsterinsights_sitenote_note":"","_monsterinsights_sitenote_category":0},"product_brand":[],"product_cat":[236],"product_tag":[],"class_list":{"0":"post-18492","1":"product","2":"type-product","3":"status-publish","4":"has-post-thumbnail","6":"product_cat-vartu-automatika-ir-furnitura","8":"first","9":"instock","10":"taxable","11":"shipping-taxable","12":"purchasable","13":"product-type-simple"},"yoast_head":"<!-- This site is optimized with the Yoast SEO plugin v27.3 - https:\/\/yoast.com\/product\/yoast-seo-wordpress\/ -->\n<title>Pakeliamu vartu automatika Botticelli Smart BT A850 (valdymas telefonu Wi-Fi) - Xkodas<\/title>\n<meta name=\"robots\" content=\"index, follow, max-snippet:-1, max-image-preview:large, max-video-preview:-1\" \/>\n<link rel=\"canonical\" href=\"https:\/\/xkodas.com\/en\/shop\/vartu-automatika-ir-furnitura\/pakeliamu-vartu-automatika-botticelli-smart-bt-a850-valdymas-telefonu-wi-fi\/\" \/>\n<meta property=\"og:locale\" content=\"en_GB\" \/>\n<meta property=\"og:type\" content=\"article\" \/>\n<meta property=\"og:title\" content=\"Pakeliamu vartu automatika Botticelli Smart BT A850 (valdymas telefonu Wi-Fi) - Xkodas\" \/>\n<meta property=\"og:description\" content=\"Elektromechanin\u0117 pavara Boticelli pakeliamiems vartams iki 13 m2 ploto, 80 kg svorio.\u00a0 Valdomas telefonu Wi-FI, skirta intensyviam naudojimui.\" \/>\n<meta property=\"og:url\" content=\"https:\/\/xkodas.com\/en\/shop\/vartu-automatika-ir-furnitura\/pakeliamu-vartu-automatika-botticelli-smart-bt-a850-valdymas-telefonu-wi-fi\/\" \/>\n<meta property=\"og:site_name\" content=\"Xkodas\" \/>\n<meta property=\"article:publisher\" content=\"https:\/\/www.facebook.com\/xkodas.lt\" \/>\n<meta property=\"article:modified_time\" content=\"2024-06-06T07:19:20+00:00\" \/>\n<meta property=\"og:image\" content=\"https:\/\/xkodas.com\/wp-content\/uploads\/2024\/05\/Pakeliamu-vartu-automatika-Botticelli-Smart-BT-A850-valdymas-telefonu-Wi-Fi.jpg\" \/>\n\t<meta property=\"og:image:width\" content=\"1000\" \/>\n\t<meta property=\"og:image:height\" content=\"1000\" \/>\n\t<meta property=\"og:image:type\" content=\"image\/jpeg\" \/>\n<meta name=\"twitter:card\" content=\"summary_large_image\" \/>\n<meta name=\"twitter:label1\" content=\"Estimated reading time\" \/>\n\t<meta name=\"twitter:data1\" content=\"1 minute\" \/>\n<script type=\"application\/ld+json\" class=\"yoast-schema-graph\">{\"@context\":\"https:\\\/\\\/schema.org\",\"@graph\":[{\"@type\":\"WebPage\",\"@id\":\"https:\\\/\\\/xkodas.com\\\/en\\\/shop\\\/vartu-automatika-ir-furnitura\\\/pakeliamu-vartu-automatika-botticelli-smart-bt-a850-valdymas-telefonu-wi-fi\\\/\",\"url\":\"https:\\\/\\\/xkodas.com\\\/en\\\/shop\\\/vartu-automatika-ir-furnitura\\\/pakeliamu-vartu-automatika-botticelli-smart-bt-a850-valdymas-telefonu-wi-fi\\\/\",\"name\":\"Pakeliamu vartu automatika Botticelli Smart BT A850 (valdymas telefonu Wi-Fi) - Xkodas\",\"isPartOf\":{\"@id\":\"https:\\\/\\\/xkodas.com\\\/en\\\/#website\"},\"primaryImageOfPage\":{\"@id\":\"https:\\\/\\\/xkodas.com\\\/en\\\/shop\\\/vartu-automatika-ir-furnitura\\\/pakeliamu-vartu-automatika-botticelli-smart-bt-a850-valdymas-telefonu-wi-fi\\\/#primaryimage\"},\"image\":{\"@id\":\"https:\\\/\\\/xkodas.com\\\/en\\\/shop\\\/vartu-automatika-ir-furnitura\\\/pakeliamu-vartu-automatika-botticelli-smart-bt-a850-valdymas-telefonu-wi-fi\\\/#primaryimage\"},\"thumbnailUrl\":\"https:\\\/\\\/xkodas.com\\\/wp-content\\\/uploads\\\/2024\\\/05\\\/Pakeliamu-vartu-automatika-Botticelli-Smart-BT-A850-valdymas-telefonu-Wi-Fi.jpg\",\"datePublished\":\"2024-06-06T07:19:14+00:00\",\"dateModified\":\"2024-06-06T07:19:20+00:00\",\"breadcrumb\":{\"@id\":\"https:\\\/\\\/xkodas.com\\\/en\\\/shop\\\/vartu-automatika-ir-furnitura\\\/pakeliamu-vartu-automatika-botticelli-smart-bt-a850-valdymas-telefonu-wi-fi\\\/#breadcrumb\"},\"inLanguage\":\"en-GB\",\"potentialAction\":[{\"@type\":\"ReadAction\",\"target\":[\"https:\\\/\\\/xkodas.com\\\/en\\\/shop\\\/vartu-automatika-ir-furnitura\\\/pakeliamu-vartu-automatika-botticelli-smart-bt-a850-valdymas-telefonu-wi-fi\\\/\"]}]},{\"@type\":\"ImageObject\",\"inLanguage\":\"en-GB\",\"@id\":\"https:\\\/\\\/xkodas.com\\\/en\\\/shop\\\/vartu-automatika-ir-furnitura\\\/pakeliamu-vartu-automatika-botticelli-smart-bt-a850-valdymas-telefonu-wi-fi\\\/#primaryimage\",\"url\":\"https:\\\/\\\/xkodas.com\\\/wp-content\\\/uploads\\\/2024\\\/05\\\/Pakeliamu-vartu-automatika-Botticelli-Smart-BT-A850-valdymas-telefonu-Wi-Fi.jpg\",\"contentUrl\":\"https:\\\/\\\/xkodas.com\\\/wp-content\\\/uploads\\\/2024\\\/05\\\/Pakeliamu-vartu-automatika-Botticelli-Smart-BT-A850-valdymas-telefonu-Wi-Fi.jpg\",\"width\":1000,\"height\":1000},{\"@type\":\"BreadcrumbList\",\"@id\":\"https:\\\/\\\/xkodas.com\\\/en\\\/shop\\\/vartu-automatika-ir-furnitura\\\/pakeliamu-vartu-automatika-botticelli-smart-bt-a850-valdymas-telefonu-wi-fi\\\/#breadcrumb\",\"itemListElement\":[{\"@type\":\"ListItem\",\"position\":1,\"name\":\"Home\",\"item\":\"https:\\\/\\\/xkodas.com\\\/en\\\/ismaniosios-spynos-visu-tipu-raktai-seifai-xkodas\\\/\"},{\"@type\":\"ListItem\",\"position\":2,\"name\":\"Parduotuv\u0117\",\"item\":\"https:\\\/\\\/xkodas.com\\\/parduotuve\\\/\"},{\"@type\":\"ListItem\",\"position\":3,\"name\":\"Pakeliamu vartu automatika Botticelli Smart BT A850 (valdymas telefonu Wi-Fi)\"}]},{\"@type\":\"WebSite\",\"@id\":\"https:\\\/\\\/xkodas.com\\\/en\\\/#website\",\"url\":\"https:\\\/\\\/xkodas.com\\\/en\\\/\",\"name\":\"Xkodas\",\"description\":\"I\u0161maniosios spynos, rakt\u0173 gamyba, saugos sistemos\",\"publisher\":{\"@id\":\"https:\\\/\\\/xkodas.com\\\/en\\\/#organization\"},\"potentialAction\":[{\"@type\":\"SearchAction\",\"target\":{\"@type\":\"EntryPoint\",\"urlTemplate\":\"https:\\\/\\\/xkodas.com\\\/en\\\/?s={search_term_string}\"},\"query-input\":{\"@type\":\"PropertyValueSpecification\",\"valueRequired\":true,\"valueName\":\"search_term_string\"}}],\"inLanguage\":\"en-GB\"},{\"@type\":\"Organization\",\"@id\":\"https:\\\/\\\/xkodas.com\\\/en\\\/#organization\",\"name\":\"Xkodas\",\"url\":\"https:\\\/\\\/xkodas.com\\\/en\\\/\",\"logo\":{\"@type\":\"ImageObject\",\"inLanguage\":\"en-GB\",\"@id\":\"https:\\\/\\\/xkodas.com\\\/en\\\/#\\\/schema\\\/logo\\\/image\\\/\",\"url\":\"http:\\\/\\\/xkodas.com\\\/wp-content\\\/uploads\\\/2020\\\/02\\\/Xkodas_logo_baltas_500x500-2.jpg\",\"contentUrl\":\"http:\\\/\\\/xkodas.com\\\/wp-content\\\/uploads\\\/2020\\\/02\\\/Xkodas_logo_baltas_500x500-2.jpg\",\"width\":100,\"height\":100,\"caption\":\"Xkodas\"},\"image\":{\"@id\":\"https:\\\/\\\/xkodas.com\\\/en\\\/#\\\/schema\\\/logo\\\/image\\\/\"},\"sameAs\":[\"https:\\\/\\\/www.facebook.com\\\/xkodas.lt\"]}]}<\/script>\n<!-- \/ Yoast SEO plugin. -->","yoast_head_json":{"title":"Pakeliamu vartu automatika Botticelli Smart BT A850 (valdymas telefonu Wi-Fi) - Xkodas","robots":{"index":"index","follow":"follow","max-snippet":"max-snippet:-1","max-image-preview":"max-image-preview:large","max-video-preview":"max-video-preview:-1"},"canonical":"https:\/\/xkodas.com\/en\/shop\/vartu-automatika-ir-furnitura\/pakeliamu-vartu-automatika-botticelli-smart-bt-a850-valdymas-telefonu-wi-fi\/","og_locale":"en_GB","og_type":"article","og_title":"Pakeliamu vartu automatika Botticelli Smart BT A850 (valdymas telefonu Wi-Fi) - Xkodas","og_description":"Elektromechanin\u0117 pavara Boticelli pakeliamiems vartams iki 13 m2 ploto, 80 kg svorio.\u00a0 Valdomas telefonu Wi-FI, skirta intensyviam naudojimui.","og_url":"https:\/\/xkodas.com\/en\/shop\/vartu-automatika-ir-furnitura\/pakeliamu-vartu-automatika-botticelli-smart-bt-a850-valdymas-telefonu-wi-fi\/","og_site_name":"Xkodas","article_publisher":"https:\/\/www.facebook.com\/xkodas.lt","article_modified_time":"2024-06-06T07:19:20+00:00","og_image":[{"width":1000,"height":1000,"url":"https:\/\/xkodas.com\/wp-content\/uploads\/2024\/05\/Pakeliamu-vartu-automatika-Botticelli-Smart-BT-A850-valdymas-telefonu-Wi-Fi.jpg","type":"image\/jpeg"}],"twitter_card":"summary_large_image","twitter_misc":{"Estimated reading time":"1 minute"},"schema":{"@context":"https:\/\/schema.org","@graph":[{"@type":"WebPage","@id":"https:\/\/xkodas.com\/en\/shop\/vartu-automatika-ir-furnitura\/pakeliamu-vartu-automatika-botticelli-smart-bt-a850-valdymas-telefonu-wi-fi\/","url":"https:\/\/xkodas.com\/en\/shop\/vartu-automatika-ir-furnitura\/pakeliamu-vartu-automatika-botticelli-smart-bt-a850-valdymas-telefonu-wi-fi\/","name":"Pakeliamu vartu automatika Botticelli Smart BT A850 (valdymas telefonu Wi-Fi) - Xkodas","isPartOf":{"@id":"https:\/\/xkodas.com\/en\/#website"},"primaryImageOfPage":{"@id":"https:\/\/xkodas.com\/en\/shop\/vartu-automatika-ir-furnitura\/pakeliamu-vartu-automatika-botticelli-smart-bt-a850-valdymas-telefonu-wi-fi\/#primaryimage"},"image":{"@id":"https:\/\/xkodas.com\/en\/shop\/vartu-automatika-ir-furnitura\/pakeliamu-vartu-automatika-botticelli-smart-bt-a850-valdymas-telefonu-wi-fi\/#primaryimage"},"thumbnailUrl":"https:\/\/xkodas.com\/wp-content\/uploads\/2024\/05\/Pakeliamu-vartu-automatika-Botticelli-Smart-BT-A850-valdymas-telefonu-Wi-Fi.jpg","datePublished":"2024-06-06T07:19:14+00:00","dateModified":"2024-06-06T07:19:20+00:00","breadcrumb":{"@id":"https:\/\/xkodas.com\/en\/shop\/vartu-automatika-ir-furnitura\/pakeliamu-vartu-automatika-botticelli-smart-bt-a850-valdymas-telefonu-wi-fi\/#breadcrumb"},"inLanguage":"en-GB","potentialAction":[{"@type":"ReadAction","target":["https:\/\/xkodas.com\/en\/shop\/vartu-automatika-ir-furnitura\/pakeliamu-vartu-automatika-botticelli-smart-bt-a850-valdymas-telefonu-wi-fi\/"]}]},{"@type":"ImageObject","inLanguage":"en-GB","@id":"https:\/\/xkodas.com\/en\/shop\/vartu-automatika-ir-furnitura\/pakeliamu-vartu-automatika-botticelli-smart-bt-a850-valdymas-telefonu-wi-fi\/#primaryimage","url":"https:\/\/xkodas.com\/wp-content\/uploads\/2024\/05\/Pakeliamu-vartu-automatika-Botticelli-Smart-BT-A850-valdymas-telefonu-Wi-Fi.jpg","contentUrl":"https:\/\/xkodas.com\/wp-content\/uploads\/2024\/05\/Pakeliamu-vartu-automatika-Botticelli-Smart-BT-A850-valdymas-telefonu-Wi-Fi.jpg","width":1000,"height":1000},{"@type":"BreadcrumbList","@id":"https:\/\/xkodas.com\/en\/shop\/vartu-automatika-ir-furnitura\/pakeliamu-vartu-automatika-botticelli-smart-bt-a850-valdymas-telefonu-wi-fi\/#breadcrumb","itemListElement":[{"@type":"ListItem","position":1,"name":"Home","item":"https:\/\/xkodas.com\/en\/ismaniosios-spynos-visu-tipu-raktai-seifai-xkodas\/"},{"@type":"ListItem","position":2,"name":"Parduotuv\u0117","item":"https:\/\/xkodas.com\/parduotuve\/"},{"@type":"ListItem","position":3,"name":"Pakeliamu vartu automatika Botticelli Smart BT A850 (valdymas telefonu Wi-Fi)"}]},{"@type":"WebSite","@id":"https:\/\/xkodas.com\/en\/#website","url":"https:\/\/xkodas.com\/en\/","name":"Xkodas","description":"I\u0161maniosios spynos, rakt\u0173 gamyba, saugos sistemos","publisher":{"@id":"https:\/\/xkodas.com\/en\/#organization"},"potentialAction":[{"@type":"SearchAction","target":{"@type":"EntryPoint","urlTemplate":"https:\/\/xkodas.com\/en\/?s={search_term_string}"},"query-input":{"@type":"PropertyValueSpecification","valueRequired":true,"valueName":"search_term_string"}}],"inLanguage":"en-GB"},{"@type":"Organization","@id":"https:\/\/xkodas.com\/en\/#organization","name":"Xkodas","url":"https:\/\/xkodas.com\/en\/","logo":{"@type":"ImageObject","inLanguage":"en-GB","@id":"https:\/\/xkodas.com\/en\/#\/schema\/logo\/image\/","url":"http:\/\/xkodas.com\/wp-content\/uploads\/2020\/02\/Xkodas_logo_baltas_500x500-2.jpg","contentUrl":"http:\/\/xkodas.com\/wp-content\/uploads\/2020\/02\/Xkodas_logo_baltas_500x500-2.jpg","width":100,"height":100,"caption":"Xkodas"},"image":{"@id":"https:\/\/xkodas.com\/en\/#\/schema\/logo\/image\/"},"sameAs":["https:\/\/www.facebook.com\/xkodas.lt"]}]}},"_links":{"self":[{"href":"https:\/\/xkodas.com\/en\/wp-json\/wp\/v2\/product\/18492","targetHints":{"allow":["GET"]}}],"collection":[{"href":"https:\/\/xkodas.com\/en\/wp-json\/wp\/v2\/product"}],"about":[{"href":"https:\/\/xkodas.com\/en\/wp-json\/wp\/v2\/types\/product"}],"wp:featuredmedia":[{"embeddable":true,"href":"https:\/\/xkodas.com\/en\/wp-json\/wp\/v2\/media\/15667"}],"wp:attachment":[{"href":"https:\/\/xkodas.com\/en\/wp-json\/wp\/v2\/media?parent=18492"}],"wp:term":[{"taxonomy":"product_brand","embeddable":true,"href":"https:\/\/xkodas.com\/en\/wp-json\/wp\/v2\/product_brand?post=18492"},{"taxonomy":"product_cat","embeddable":true,"href":"https:\/\/xkodas.com\/en\/wp-json\/wp\/v2\/product_cat?post=18492"},{"taxonomy":"product_tag","embeddable":true,"href":"https:\/\/xkodas.com\/en\/wp-json\/wp\/v2\/product_tag?post=18492"}],"curies":[{"name":"wp","href":"https:\/\/api.w.org\/{rel}","templated":true}]}}