{"id":18482,"date":"2024-06-06T07:19:13","date_gmt":"2024-06-06T07:19:13","guid":{"rendered":"http:\/\/xkodas.com\/?post_type=product&#038;p=18482"},"modified":"2024-06-06T07:19:17","modified_gmt":"2024-06-06T07:19:17","slug":"slagbaumas-kelio-barjeras-moovi-30-valdomas-telefonu-wi-fi","status":"publish","type":"product","link":"https:\/\/xkodas.com\/en\/shop\/vartu-automatika-ir-furnitura\/slagbaumas-kelio-barjeras-moovi-30-valdomas-telefonu-wi-fi\/","title":{"rendered":"\u0160lagbaumas \/ kelio barjeras MOOVI 30 valdomas telefonu Wi-Fi"},"content":{"rendered":"<p>Maitinimo \u012ftampa 230V<\/p>\n<p>Variklio galia 300W<\/p>\n<p>Darbin\u0117 temperat\u016bra : nuo -20C iki +50C<\/p>\n<p>\u012erenginio svoris 35.6 kg.<\/p>\n<p>Garantija 24 m\u0117n<\/p>","protected":false},"excerpt":{"rendered":"<p>Kelio barjerai MOOVI 30 su Wi-Fi valdikliu. I\u0161maniuoju telefonu ir program\u0117le \u201cSmart Home\u201d \u2013 valdysite kiemo vartus nuotoliniu b\u016bdu. Gal\u0117site priskirti prieig\u0105 \u0161eimos nariams arba laikin\u0105 prieig\u0105 meistrams, nam\u0173 tvarkytojoms ar aukl\u0117ms. Wi-Fi valdiklis yra su pad\u0117ties sensoriais, kurie leis matyti vart\u0173 b\u016bsen\u0105 realiu laiku, tod\u0117l J\u016bs visada \u017einosite, kada vartai buvo atidaryti\/u\u017edaryti.<\/p>\n<p>\u201cSmart Home\u201d \u2013 tai proting\u0173 nam\u0173 sistema, kur galima valdyti ne tik kiemo ar gara\u017eo vartus. bet galima valdyti ir vartelius, vaizdo steb\u0117jimo kameras, ap\u0161vietim\u0105 ir kt. \u012frenginius.<\/p>\n<p>Skirta intensyviam naudojimui.\u00a0 U\u017edarymo arba atidarymo laikas 4s. Skirtas u\u017etverti keli\u0105 kurio plotis iki 3 metr\u0173.<\/p>","protected":false},"featured_media":15650,"template":"","meta":{"_monsterinsights_skip_tracking":false,"_monsterinsights_sitenote_active":false,"_monsterinsights_sitenote_note":"","_monsterinsights_sitenote_category":0},"product_brand":[],"product_cat":[236],"product_tag":[],"class_list":{"0":"post-18482","1":"product","2":"type-product","3":"status-publish","4":"has-post-thumbnail","6":"product_cat-vartu-automatika-ir-furnitura","8":"first","9":"instock","10":"taxable","11":"shipping-taxable","12":"purchasable","13":"product-type-simple"},"yoast_head":"<!-- This site is optimized with the Yoast SEO plugin v27.4 - https:\/\/yoast.com\/product\/yoast-seo-wordpress\/ -->\n<title>\u0160lagbaumas \/ kelio barjeras MOOVI 30 valdomas telefonu Wi-Fi - Xkodas<\/title>\n<meta name=\"robots\" content=\"index, follow, max-snippet:-1, max-image-preview:large, max-video-preview:-1\" \/>\n<link rel=\"canonical\" href=\"https:\/\/xkodas.com\/en\/shop\/vartu-automatika-ir-furnitura\/slagbaumas-kelio-barjeras-moovi-30-valdomas-telefonu-wi-fi\/\" \/>\n<meta property=\"og:locale\" content=\"en_GB\" \/>\n<meta property=\"og:type\" content=\"article\" \/>\n<meta property=\"og:title\" content=\"\u0160lagbaumas \/ kelio barjeras MOOVI 30 valdomas telefonu Wi-Fi - Xkodas\" \/>\n<meta property=\"og:description\" content=\"Kelio barjerai MOOVI 30 su Wi-Fi valdikliu. I\u0161maniuoju telefonu ir program\u0117le \u201cSmart Home\u201d \u2013 valdysite kiemo vartus nuotoliniu b\u016bdu. Gal\u0117site priskirti prieig\u0105 \u0161eimos nariams arba laikin\u0105 prieig\u0105 meistrams, nam\u0173 tvarkytojoms ar aukl\u0117ms. Wi-Fi valdiklis yra su pad\u0117ties sensoriais, kurie leis matyti vart\u0173 b\u016bsen\u0105 realiu laiku, tod\u0117l J\u016bs visada \u017einosite, kada vartai buvo atidaryti\/u\u017edaryti.  \u201cSmart Home\u201d \u2013 tai proting\u0173 nam\u0173 sistema, kur galima valdyti ne tik kiemo ar gara\u017eo vartus. bet galima valdyti ir vartelius, vaizdo steb\u0117jimo kameras, ap\u0161vietim\u0105 ir kt. \u012frenginius.  Skirta intensyviam naudojimui.\u00a0 U\u017edarymo arba atidarymo laikas 4s. Skirtas u\u017etverti keli\u0105 kurio plotis iki 3 metr\u0173.\" \/>\n<meta property=\"og:url\" content=\"https:\/\/xkodas.com\/en\/shop\/vartu-automatika-ir-furnitura\/slagbaumas-kelio-barjeras-moovi-30-valdomas-telefonu-wi-fi\/\" \/>\n<meta property=\"og:site_name\" content=\"Xkodas\" \/>\n<meta property=\"article:publisher\" content=\"https:\/\/www.facebook.com\/xkodas.lt\" \/>\n<meta property=\"article:modified_time\" content=\"2024-06-06T07:19:17+00:00\" \/>\n<meta property=\"og:image\" content=\"https:\/\/xkodas.com\/wp-content\/uploads\/2024\/05\/Slagbaumas-kelio-barjeras-MOOVI-30-valdomas-telefonu-Wi-Fi.jpg\" \/>\n\t<meta property=\"og:image:width\" content=\"718\" \/>\n\t<meta property=\"og:image:height\" content=\"718\" \/>\n\t<meta property=\"og:image:type\" content=\"image\/jpeg\" \/>\n<meta name=\"twitter:card\" content=\"summary_large_image\" \/>\n<script type=\"application\/ld+json\" class=\"yoast-schema-graph\">{\"@context\":\"https:\\\/\\\/schema.org\",\"@graph\":[{\"@type\":\"WebPage\",\"@id\":\"https:\\\/\\\/xkodas.com\\\/en\\\/shop\\\/vartu-automatika-ir-furnitura\\\/slagbaumas-kelio-barjeras-moovi-30-valdomas-telefonu-wi-fi\\\/\",\"url\":\"https:\\\/\\\/xkodas.com\\\/en\\\/shop\\\/vartu-automatika-ir-furnitura\\\/slagbaumas-kelio-barjeras-moovi-30-valdomas-telefonu-wi-fi\\\/\",\"name\":\"\u0160lagbaumas \\\/ kelio barjeras MOOVI 30 valdomas telefonu Wi-Fi - Xkodas\",\"isPartOf\":{\"@id\":\"https:\\\/\\\/xkodas.com\\\/en\\\/#website\"},\"primaryImageOfPage\":{\"@id\":\"https:\\\/\\\/xkodas.com\\\/en\\\/shop\\\/vartu-automatika-ir-furnitura\\\/slagbaumas-kelio-barjeras-moovi-30-valdomas-telefonu-wi-fi\\\/#primaryimage\"},\"image\":{\"@id\":\"https:\\\/\\\/xkodas.com\\\/en\\\/shop\\\/vartu-automatika-ir-furnitura\\\/slagbaumas-kelio-barjeras-moovi-30-valdomas-telefonu-wi-fi\\\/#primaryimage\"},\"thumbnailUrl\":\"https:\\\/\\\/xkodas.com\\\/wp-content\\\/uploads\\\/2024\\\/05\\\/Slagbaumas-kelio-barjeras-MOOVI-30-valdomas-telefonu-Wi-Fi.jpg\",\"datePublished\":\"2024-06-06T07:19:13+00:00\",\"dateModified\":\"2024-06-06T07:19:17+00:00\",\"breadcrumb\":{\"@id\":\"https:\\\/\\\/xkodas.com\\\/en\\\/shop\\\/vartu-automatika-ir-furnitura\\\/slagbaumas-kelio-barjeras-moovi-30-valdomas-telefonu-wi-fi\\\/#breadcrumb\"},\"inLanguage\":\"en-GB\",\"potentialAction\":[{\"@type\":\"ReadAction\",\"target\":[\"https:\\\/\\\/xkodas.com\\\/en\\\/shop\\\/vartu-automatika-ir-furnitura\\\/slagbaumas-kelio-barjeras-moovi-30-valdomas-telefonu-wi-fi\\\/\"]}]},{\"@type\":\"ImageObject\",\"inLanguage\":\"en-GB\",\"@id\":\"https:\\\/\\\/xkodas.com\\\/en\\\/shop\\\/vartu-automatika-ir-furnitura\\\/slagbaumas-kelio-barjeras-moovi-30-valdomas-telefonu-wi-fi\\\/#primaryimage\",\"url\":\"https:\\\/\\\/xkodas.com\\\/wp-content\\\/uploads\\\/2024\\\/05\\\/Slagbaumas-kelio-barjeras-MOOVI-30-valdomas-telefonu-Wi-Fi.jpg\",\"contentUrl\":\"https:\\\/\\\/xkodas.com\\\/wp-content\\\/uploads\\\/2024\\\/05\\\/Slagbaumas-kelio-barjeras-MOOVI-30-valdomas-telefonu-Wi-Fi.jpg\",\"width\":718,\"height\":718},{\"@type\":\"BreadcrumbList\",\"@id\":\"https:\\\/\\\/xkodas.com\\\/en\\\/shop\\\/vartu-automatika-ir-furnitura\\\/slagbaumas-kelio-barjeras-moovi-30-valdomas-telefonu-wi-fi\\\/#breadcrumb\",\"itemListElement\":[{\"@type\":\"ListItem\",\"position\":1,\"name\":\"Home\",\"item\":\"https:\\\/\\\/xkodas.com\\\/en\\\/ismaniosios-spynos-visu-tipu-raktai-seifai-xkodas\\\/\"},{\"@type\":\"ListItem\",\"position\":2,\"name\":\"Parduotuv\u0117\",\"item\":\"https:\\\/\\\/xkodas.com\\\/parduotuve\\\/\"},{\"@type\":\"ListItem\",\"position\":3,\"name\":\"\u0160lagbaumas \\\/ kelio barjeras MOOVI 30 valdomas telefonu Wi-Fi\"}]},{\"@type\":\"WebSite\",\"@id\":\"https:\\\/\\\/xkodas.com\\\/en\\\/#website\",\"url\":\"https:\\\/\\\/xkodas.com\\\/en\\\/\",\"name\":\"Xkodas\",\"description\":\"I\u0161maniosios spynos, rakt\u0173 gamyba, saugos sistemos\",\"publisher\":{\"@id\":\"https:\\\/\\\/xkodas.com\\\/en\\\/#organization\"},\"potentialAction\":[{\"@type\":\"SearchAction\",\"target\":{\"@type\":\"EntryPoint\",\"urlTemplate\":\"https:\\\/\\\/xkodas.com\\\/en\\\/?s={search_term_string}\"},\"query-input\":{\"@type\":\"PropertyValueSpecification\",\"valueRequired\":true,\"valueName\":\"search_term_string\"}}],\"inLanguage\":\"en-GB\"},{\"@type\":\"Organization\",\"@id\":\"https:\\\/\\\/xkodas.com\\\/en\\\/#organization\",\"name\":\"Xkodas\",\"url\":\"https:\\\/\\\/xkodas.com\\\/en\\\/\",\"logo\":{\"@type\":\"ImageObject\",\"inLanguage\":\"en-GB\",\"@id\":\"https:\\\/\\\/xkodas.com\\\/en\\\/#\\\/schema\\\/logo\\\/image\\\/\",\"url\":\"http:\\\/\\\/xkodas.com\\\/wp-content\\\/uploads\\\/2020\\\/02\\\/Xkodas_logo_baltas_500x500-2.jpg\",\"contentUrl\":\"http:\\\/\\\/xkodas.com\\\/wp-content\\\/uploads\\\/2020\\\/02\\\/Xkodas_logo_baltas_500x500-2.jpg\",\"width\":100,\"height\":100,\"caption\":\"Xkodas\"},\"image\":{\"@id\":\"https:\\\/\\\/xkodas.com\\\/en\\\/#\\\/schema\\\/logo\\\/image\\\/\"},\"sameAs\":[\"https:\\\/\\\/www.facebook.com\\\/xkodas.lt\"]}]}<\/script>\n<!-- \/ Yoast SEO plugin. -->","yoast_head_json":{"title":"\u0160lagbaumas \/ kelio barjeras MOOVI 30 valdomas telefonu Wi-Fi - Xkodas","robots":{"index":"index","follow":"follow","max-snippet":"max-snippet:-1","max-image-preview":"max-image-preview:large","max-video-preview":"max-video-preview:-1"},"canonical":"https:\/\/xkodas.com\/en\/shop\/vartu-automatika-ir-furnitura\/slagbaumas-kelio-barjeras-moovi-30-valdomas-telefonu-wi-fi\/","og_locale":"en_GB","og_type":"article","og_title":"\u0160lagbaumas \/ kelio barjeras MOOVI 30 valdomas telefonu Wi-Fi - Xkodas","og_description":"Kelio barjerai MOOVI 30 su Wi-Fi valdikliu. I\u0161maniuoju telefonu ir program\u0117le \u201cSmart Home\u201d \u2013 valdysite kiemo vartus nuotoliniu b\u016bdu. Gal\u0117site priskirti prieig\u0105 \u0161eimos nariams arba laikin\u0105 prieig\u0105 meistrams, nam\u0173 tvarkytojoms ar aukl\u0117ms. Wi-Fi valdiklis yra su pad\u0117ties sensoriais, kurie leis matyti vart\u0173 b\u016bsen\u0105 realiu laiku, tod\u0117l J\u016bs visada \u017einosite, kada vartai buvo atidaryti\/u\u017edaryti.  \u201cSmart Home\u201d \u2013 tai proting\u0173 nam\u0173 sistema, kur galima valdyti ne tik kiemo ar gara\u017eo vartus. bet galima valdyti ir vartelius, vaizdo steb\u0117jimo kameras, ap\u0161vietim\u0105 ir kt. \u012frenginius.  Skirta intensyviam naudojimui.\u00a0 U\u017edarymo arba atidarymo laikas 4s. Skirtas u\u017etverti keli\u0105 kurio plotis iki 3 metr\u0173.","og_url":"https:\/\/xkodas.com\/en\/shop\/vartu-automatika-ir-furnitura\/slagbaumas-kelio-barjeras-moovi-30-valdomas-telefonu-wi-fi\/","og_site_name":"Xkodas","article_publisher":"https:\/\/www.facebook.com\/xkodas.lt","article_modified_time":"2024-06-06T07:19:17+00:00","og_image":[{"width":718,"height":718,"url":"https:\/\/xkodas.com\/wp-content\/uploads\/2024\/05\/Slagbaumas-kelio-barjeras-MOOVI-30-valdomas-telefonu-Wi-Fi.jpg","type":"image\/jpeg"}],"twitter_card":"summary_large_image","schema":{"@context":"https:\/\/schema.org","@graph":[{"@type":"WebPage","@id":"https:\/\/xkodas.com\/en\/shop\/vartu-automatika-ir-furnitura\/slagbaumas-kelio-barjeras-moovi-30-valdomas-telefonu-wi-fi\/","url":"https:\/\/xkodas.com\/en\/shop\/vartu-automatika-ir-furnitura\/slagbaumas-kelio-barjeras-moovi-30-valdomas-telefonu-wi-fi\/","name":"\u0160lagbaumas \/ kelio barjeras MOOVI 30 valdomas telefonu Wi-Fi - Xkodas","isPartOf":{"@id":"https:\/\/xkodas.com\/en\/#website"},"primaryImageOfPage":{"@id":"https:\/\/xkodas.com\/en\/shop\/vartu-automatika-ir-furnitura\/slagbaumas-kelio-barjeras-moovi-30-valdomas-telefonu-wi-fi\/#primaryimage"},"image":{"@id":"https:\/\/xkodas.com\/en\/shop\/vartu-automatika-ir-furnitura\/slagbaumas-kelio-barjeras-moovi-30-valdomas-telefonu-wi-fi\/#primaryimage"},"thumbnailUrl":"https:\/\/xkodas.com\/wp-content\/uploads\/2024\/05\/Slagbaumas-kelio-barjeras-MOOVI-30-valdomas-telefonu-Wi-Fi.jpg","datePublished":"2024-06-06T07:19:13+00:00","dateModified":"2024-06-06T07:19:17+00:00","breadcrumb":{"@id":"https:\/\/xkodas.com\/en\/shop\/vartu-automatika-ir-furnitura\/slagbaumas-kelio-barjeras-moovi-30-valdomas-telefonu-wi-fi\/#breadcrumb"},"inLanguage":"en-GB","potentialAction":[{"@type":"ReadAction","target":["https:\/\/xkodas.com\/en\/shop\/vartu-automatika-ir-furnitura\/slagbaumas-kelio-barjeras-moovi-30-valdomas-telefonu-wi-fi\/"]}]},{"@type":"ImageObject","inLanguage":"en-GB","@id":"https:\/\/xkodas.com\/en\/shop\/vartu-automatika-ir-furnitura\/slagbaumas-kelio-barjeras-moovi-30-valdomas-telefonu-wi-fi\/#primaryimage","url":"https:\/\/xkodas.com\/wp-content\/uploads\/2024\/05\/Slagbaumas-kelio-barjeras-MOOVI-30-valdomas-telefonu-Wi-Fi.jpg","contentUrl":"https:\/\/xkodas.com\/wp-content\/uploads\/2024\/05\/Slagbaumas-kelio-barjeras-MOOVI-30-valdomas-telefonu-Wi-Fi.jpg","width":718,"height":718},{"@type":"BreadcrumbList","@id":"https:\/\/xkodas.com\/en\/shop\/vartu-automatika-ir-furnitura\/slagbaumas-kelio-barjeras-moovi-30-valdomas-telefonu-wi-fi\/#breadcrumb","itemListElement":[{"@type":"ListItem","position":1,"name":"Home","item":"https:\/\/xkodas.com\/en\/ismaniosios-spynos-visu-tipu-raktai-seifai-xkodas\/"},{"@type":"ListItem","position":2,"name":"Parduotuv\u0117","item":"https:\/\/xkodas.com\/parduotuve\/"},{"@type":"ListItem","position":3,"name":"\u0160lagbaumas \/ kelio barjeras MOOVI 30 valdomas telefonu Wi-Fi"}]},{"@type":"WebSite","@id":"https:\/\/xkodas.com\/en\/#website","url":"https:\/\/xkodas.com\/en\/","name":"Xkodas","description":"I\u0161maniosios spynos, rakt\u0173 gamyba, saugos sistemos","publisher":{"@id":"https:\/\/xkodas.com\/en\/#organization"},"potentialAction":[{"@type":"SearchAction","target":{"@type":"EntryPoint","urlTemplate":"https:\/\/xkodas.com\/en\/?s={search_term_string}"},"query-input":{"@type":"PropertyValueSpecification","valueRequired":true,"valueName":"search_term_string"}}],"inLanguage":"en-GB"},{"@type":"Organization","@id":"https:\/\/xkodas.com\/en\/#organization","name":"Xkodas","url":"https:\/\/xkodas.com\/en\/","logo":{"@type":"ImageObject","inLanguage":"en-GB","@id":"https:\/\/xkodas.com\/en\/#\/schema\/logo\/image\/","url":"http:\/\/xkodas.com\/wp-content\/uploads\/2020\/02\/Xkodas_logo_baltas_500x500-2.jpg","contentUrl":"http:\/\/xkodas.com\/wp-content\/uploads\/2020\/02\/Xkodas_logo_baltas_500x500-2.jpg","width":100,"height":100,"caption":"Xkodas"},"image":{"@id":"https:\/\/xkodas.com\/en\/#\/schema\/logo\/image\/"},"sameAs":["https:\/\/www.facebook.com\/xkodas.lt"]}]}},"_links":{"self":[{"href":"https:\/\/xkodas.com\/en\/wp-json\/wp\/v2\/product\/18482","targetHints":{"allow":["GET"]}}],"collection":[{"href":"https:\/\/xkodas.com\/en\/wp-json\/wp\/v2\/product"}],"about":[{"href":"https:\/\/xkodas.com\/en\/wp-json\/wp\/v2\/types\/product"}],"wp:featuredmedia":[{"embeddable":true,"href":"https:\/\/xkodas.com\/en\/wp-json\/wp\/v2\/media\/15650"}],"wp:attachment":[{"href":"https:\/\/xkodas.com\/en\/wp-json\/wp\/v2\/media?parent=18482"}],"wp:term":[{"taxonomy":"product_brand","embeddable":true,"href":"https:\/\/xkodas.com\/en\/wp-json\/wp\/v2\/product_brand?post=18482"},{"taxonomy":"product_cat","embeddable":true,"href":"https:\/\/xkodas.com\/en\/wp-json\/wp\/v2\/product_cat?post=18482"},{"taxonomy":"product_tag","embeddable":true,"href":"https:\/\/xkodas.com\/en\/wp-json\/wp\/v2\/product_tag?post=18482"}],"curies":[{"name":"wp","href":"https:\/\/api.w.org\/{rel}","templated":true}]}}