{"id":18477,"date":"2024-06-06T07:19:04","date_gmt":"2024-06-06T07:19:04","guid":{"rendered":"http:\/\/xkodas.com\/?post_type=product&#038;p=18477"},"modified":"2026-04-15T11:17:45","modified_gmt":"2026-04-15T11:17:45","slug":"lauko-vartu-automatika-phobos-bt-a40","status":"publish","type":"product","link":"https:\/\/xkodas.com\/en\/shop\/vartu-automatika-ir-furnitura\/lauko-vartu-automatika-phobos-bt-a40\/","title":{"rendered":"Lauko vart\u0173 automatika PHOBOS BT A40"},"content":{"rendered":"<p>Elektromechaninis, lengvai montuojamas komplektas (2 pavaros) PHOBOS NL su valdymo bloku ir dviej\u0173 kanal\u0173 kintamo kodo imtuvu, skirta varstomiems vartams iki 8 metro plo\u010dio, iki 1000 kg svorio. Valdymo bloke \u012fdiegta sav\u0119s testavimo funkcija. Maitinimo \u012ftampa 24V.<br \/>\nSandarus korpusas apsaugo elektronines ir mechanines detales nuo sm\u016bgi\u0173 ir agresyvi\u0173 aplinkos s\u0105lyg\u0173.<br \/>\nVisos vart\u0173 atsidarymo funkcijos gali b\u016bti lengvai programuojamos priklausomai nuo vartotojo poreiki\u0173 ir naudojimo ypatum\u0173. Valdymo blokas saugiai \u012fmontuotas po apsauginiu korpusu, lengvai pasiekiamas ir nesud\u0117tingai valdomas.<br \/>\n\u012emontuota apsaugos sistema, vartams atsir\u0117mus \u012f kli\u016bt\u012f juos sustabdo, kad u\u017esidarydami vartai nesuspaustu objekto esan\u010dio j\u0173 kelyje(tik versija su 24V maitinimu).<br \/>\nFotoelement\u0173 pagalba, vartai sustabdomi, jei elementai u\u017efiksuoja b\u016bsim\u0105 kli\u016bt\u012f.<br \/>\nKomplekte esantys elekromagnetiniai i\u0161jung\u0117jai u\u017etikrina skland\u0173 veikim\u0105 at\u0161iauriomis \u017eiemos s\u0105lygomis<\/p>\n<p>Komplekt\u0105 sudaro:<br \/>\n1.Fotoelementai THEA 2vnt.<br \/>\n2.LED \u0161vytur\u0117lis integruotas i fotoelementus.<br \/>\n3.Elektromechanin\u0117 pavara su valdymo bloku.<br \/>\n4.Pultelis,kintamo kodo,dviej\u0173 kanal\u0173 2 vnt.<\/p>\n<p>Atsidarymo laikas \u2013 15s.<br \/>\nKokyb\u0117s sertifikatas CE.<br \/>\nUNI EN ISO 9001:2000.<br \/>\nUNI EN ISO 14001.<\/p>\n<p>Garantija 24 m\u0117n.<\/p>","protected":false},"excerpt":{"rendered":"<p>Varstom\u0173 vart\u0173 PHOBOS BT A40 kiemo automatika su Wi-Fi valdikliu. I\u0161maniuoju telefonu ir program\u0117le \u201cSmart Life\u201d \u2013 valdysite kiemo vartus nuotoliniu b\u016bdu. Gal\u0117site priskirti prieig\u0105 \u0161eimos nariams arba laikin\u0105 prieig\u0105 meistrams, nam\u0173 tvarkytojoms ar aukl\u0117ms. Wi-Fi valdiklis yra su pad\u0117ties sensoriais, kurie leis matyti vart\u0173 b\u016bsen\u0105 realiu laiku, tod\u0117l J\u016bs visada \u017einosite, kada vartai buvo atidaryti\/u\u017edaryti.<\/p>\n<p>\u201cSmart Life\u201d \u2013 tai proting\u0173 nam\u0173 sistema, kur galima valdyti ne tik kiemo ar gara\u017eo vartus. bet galima valdyti ir vartelius, vaizdo steb\u0117jimo kameras, ap\u0161vietim\u0105 ir kt. \u012frenginius.<\/p>","protected":false},"featured_media":15640,"template":"","meta":{"_monsterinsights_skip_tracking":false,"_monsterinsights_sitenote_active":false,"_monsterinsights_sitenote_note":"","_monsterinsights_sitenote_category":0},"product_brand":[],"product_cat":[236],"product_tag":[],"class_list":{"0":"post-18477","1":"product","2":"type-product","3":"status-publish","4":"has-post-thumbnail","6":"product_cat-vartu-automatika-ir-furnitura","8":"first","9":"instock","10":"taxable","11":"shipping-taxable","12":"purchasable","13":"product-type-simple"},"yoast_head":"<!-- This site is optimized with the Yoast SEO plugin v27.4 - https:\/\/yoast.com\/product\/yoast-seo-wordpress\/ -->\n<title>Lauko vart\u0173 automatika PHOBOS BT A40 - Xkodas<\/title>\n<meta name=\"robots\" content=\"index, follow, max-snippet:-1, max-image-preview:large, max-video-preview:-1\" \/>\n<link rel=\"canonical\" href=\"https:\/\/xkodas.com\/en\/shop\/vartu-automatika-ir-furnitura\/lauko-vartu-automatika-phobos-bt-a40\/\" \/>\n<meta property=\"og:locale\" content=\"en_GB\" \/>\n<meta property=\"og:type\" content=\"article\" \/>\n<meta property=\"og:title\" content=\"Lauko vart\u0173 automatika PHOBOS BT A40 - Xkodas\" \/>\n<meta property=\"og:description\" content=\"Varstom\u0173 vart\u0173 PHOBOS BT A40 kiemo automatika su Wi-Fi valdikliu. I\u0161maniuoju telefonu ir program\u0117le \u201cSmart Life\u201d \u2013 valdysite kiemo vartus nuotoliniu b\u016bdu. Gal\u0117site priskirti prieig\u0105 \u0161eimos nariams arba laikin\u0105 prieig\u0105 meistrams, nam\u0173 tvarkytojoms ar aukl\u0117ms. Wi-Fi valdiklis yra su pad\u0117ties sensoriais, kurie leis matyti vart\u0173 b\u016bsen\u0105 realiu laiku, tod\u0117l J\u016bs visada \u017einosite, kada vartai buvo atidaryti\/u\u017edaryti.  \u201cSmart Life\u201d \u2013 tai proting\u0173 nam\u0173 sistema, kur galima valdyti ne tik kiemo ar gara\u017eo vartus. bet galima valdyti ir vartelius, vaizdo steb\u0117jimo kameras, ap\u0161vietim\u0105 ir kt. \u012frenginius.\" \/>\n<meta property=\"og:url\" content=\"https:\/\/xkodas.com\/en\/shop\/vartu-automatika-ir-furnitura\/lauko-vartu-automatika-phobos-bt-a40\/\" \/>\n<meta property=\"og:site_name\" content=\"Xkodas\" \/>\n<meta property=\"article:publisher\" content=\"https:\/\/www.facebook.com\/xkodas.lt\" \/>\n<meta property=\"article:modified_time\" content=\"2026-04-15T11:17:45+00:00\" \/>\n<meta property=\"og:image\" content=\"https:\/\/xkodas.com\/wp-content\/uploads\/2024\/05\/Lauko-vartu-automatika-PHOBOS-BT-A40.jpg\" \/>\n\t<meta property=\"og:image:width\" content=\"1000\" \/>\n\t<meta property=\"og:image:height\" content=\"1000\" \/>\n\t<meta property=\"og:image:type\" content=\"image\/jpeg\" \/>\n<meta name=\"twitter:card\" content=\"summary_large_image\" \/>\n<meta name=\"twitter:label1\" content=\"Estimated reading time\" \/>\n\t<meta name=\"twitter:data1\" content=\"2 minutes\" \/>\n<script type=\"application\/ld+json\" class=\"yoast-schema-graph\">{\"@context\":\"https:\\\/\\\/schema.org\",\"@graph\":[{\"@type\":\"WebPage\",\"@id\":\"https:\\\/\\\/xkodas.com\\\/en\\\/shop\\\/vartu-automatika-ir-furnitura\\\/lauko-vartu-automatika-phobos-bt-a40\\\/\",\"url\":\"https:\\\/\\\/xkodas.com\\\/en\\\/shop\\\/vartu-automatika-ir-furnitura\\\/lauko-vartu-automatika-phobos-bt-a40\\\/\",\"name\":\"Lauko vart\u0173 automatika PHOBOS BT A40 - Xkodas\",\"isPartOf\":{\"@id\":\"https:\\\/\\\/xkodas.com\\\/en\\\/#website\"},\"primaryImageOfPage\":{\"@id\":\"https:\\\/\\\/xkodas.com\\\/en\\\/shop\\\/vartu-automatika-ir-furnitura\\\/lauko-vartu-automatika-phobos-bt-a40\\\/#primaryimage\"},\"image\":{\"@id\":\"https:\\\/\\\/xkodas.com\\\/en\\\/shop\\\/vartu-automatika-ir-furnitura\\\/lauko-vartu-automatika-phobos-bt-a40\\\/#primaryimage\"},\"thumbnailUrl\":\"https:\\\/\\\/xkodas.com\\\/wp-content\\\/uploads\\\/2024\\\/05\\\/Lauko-vartu-automatika-PHOBOS-BT-A40.jpg\",\"datePublished\":\"2024-06-06T07:19:04+00:00\",\"dateModified\":\"2026-04-15T11:17:45+00:00\",\"breadcrumb\":{\"@id\":\"https:\\\/\\\/xkodas.com\\\/en\\\/shop\\\/vartu-automatika-ir-furnitura\\\/lauko-vartu-automatika-phobos-bt-a40\\\/#breadcrumb\"},\"inLanguage\":\"en-GB\",\"potentialAction\":[{\"@type\":\"ReadAction\",\"target\":[\"https:\\\/\\\/xkodas.com\\\/en\\\/shop\\\/vartu-automatika-ir-furnitura\\\/lauko-vartu-automatika-phobos-bt-a40\\\/\"]}]},{\"@type\":\"ImageObject\",\"inLanguage\":\"en-GB\",\"@id\":\"https:\\\/\\\/xkodas.com\\\/en\\\/shop\\\/vartu-automatika-ir-furnitura\\\/lauko-vartu-automatika-phobos-bt-a40\\\/#primaryimage\",\"url\":\"https:\\\/\\\/xkodas.com\\\/wp-content\\\/uploads\\\/2024\\\/05\\\/Lauko-vartu-automatika-PHOBOS-BT-A40.jpg\",\"contentUrl\":\"https:\\\/\\\/xkodas.com\\\/wp-content\\\/uploads\\\/2024\\\/05\\\/Lauko-vartu-automatika-PHOBOS-BT-A40.jpg\",\"width\":1000,\"height\":1000},{\"@type\":\"BreadcrumbList\",\"@id\":\"https:\\\/\\\/xkodas.com\\\/en\\\/shop\\\/vartu-automatika-ir-furnitura\\\/lauko-vartu-automatika-phobos-bt-a40\\\/#breadcrumb\",\"itemListElement\":[{\"@type\":\"ListItem\",\"position\":1,\"name\":\"Home\",\"item\":\"https:\\\/\\\/xkodas.com\\\/en\\\/ismaniosios-spynos-visu-tipu-raktai-seifai-xkodas\\\/\"},{\"@type\":\"ListItem\",\"position\":2,\"name\":\"Parduotuv\u0117\",\"item\":\"https:\\\/\\\/xkodas.com\\\/parduotuve\\\/\"},{\"@type\":\"ListItem\",\"position\":3,\"name\":\"Lauko vart\u0173 automatika PHOBOS BT A40\"}]},{\"@type\":\"WebSite\",\"@id\":\"https:\\\/\\\/xkodas.com\\\/en\\\/#website\",\"url\":\"https:\\\/\\\/xkodas.com\\\/en\\\/\",\"name\":\"Xkodas\",\"description\":\"I\u0161maniosios spynos, rakt\u0173 gamyba, saugos sistemos\",\"publisher\":{\"@id\":\"https:\\\/\\\/xkodas.com\\\/en\\\/#organization\"},\"potentialAction\":[{\"@type\":\"SearchAction\",\"target\":{\"@type\":\"EntryPoint\",\"urlTemplate\":\"https:\\\/\\\/xkodas.com\\\/en\\\/?s={search_term_string}\"},\"query-input\":{\"@type\":\"PropertyValueSpecification\",\"valueRequired\":true,\"valueName\":\"search_term_string\"}}],\"inLanguage\":\"en-GB\"},{\"@type\":\"Organization\",\"@id\":\"https:\\\/\\\/xkodas.com\\\/en\\\/#organization\",\"name\":\"Xkodas\",\"url\":\"https:\\\/\\\/xkodas.com\\\/en\\\/\",\"logo\":{\"@type\":\"ImageObject\",\"inLanguage\":\"en-GB\",\"@id\":\"https:\\\/\\\/xkodas.com\\\/en\\\/#\\\/schema\\\/logo\\\/image\\\/\",\"url\":\"http:\\\/\\\/xkodas.com\\\/wp-content\\\/uploads\\\/2020\\\/02\\\/Xkodas_logo_baltas_500x500-2.jpg\",\"contentUrl\":\"http:\\\/\\\/xkodas.com\\\/wp-content\\\/uploads\\\/2020\\\/02\\\/Xkodas_logo_baltas_500x500-2.jpg\",\"width\":100,\"height\":100,\"caption\":\"Xkodas\"},\"image\":{\"@id\":\"https:\\\/\\\/xkodas.com\\\/en\\\/#\\\/schema\\\/logo\\\/image\\\/\"},\"sameAs\":[\"https:\\\/\\\/www.facebook.com\\\/xkodas.lt\"]}]}<\/script>\n<!-- \/ Yoast SEO plugin. -->","yoast_head_json":{"title":"Lauko vart\u0173 automatika PHOBOS BT A40 - Xkodas","robots":{"index":"index","follow":"follow","max-snippet":"max-snippet:-1","max-image-preview":"max-image-preview:large","max-video-preview":"max-video-preview:-1"},"canonical":"https:\/\/xkodas.com\/en\/shop\/vartu-automatika-ir-furnitura\/lauko-vartu-automatika-phobos-bt-a40\/","og_locale":"en_GB","og_type":"article","og_title":"Lauko vart\u0173 automatika PHOBOS BT A40 - Xkodas","og_description":"Varstom\u0173 vart\u0173 PHOBOS BT A40 kiemo automatika su Wi-Fi valdikliu. I\u0161maniuoju telefonu ir program\u0117le \u201cSmart Life\u201d \u2013 valdysite kiemo vartus nuotoliniu b\u016bdu. Gal\u0117site priskirti prieig\u0105 \u0161eimos nariams arba laikin\u0105 prieig\u0105 meistrams, nam\u0173 tvarkytojoms ar aukl\u0117ms. Wi-Fi valdiklis yra su pad\u0117ties sensoriais, kurie leis matyti vart\u0173 b\u016bsen\u0105 realiu laiku, tod\u0117l J\u016bs visada \u017einosite, kada vartai buvo atidaryti\/u\u017edaryti.  \u201cSmart Life\u201d \u2013 tai proting\u0173 nam\u0173 sistema, kur galima valdyti ne tik kiemo ar gara\u017eo vartus. bet galima valdyti ir vartelius, vaizdo steb\u0117jimo kameras, ap\u0161vietim\u0105 ir kt. \u012frenginius.","og_url":"https:\/\/xkodas.com\/en\/shop\/vartu-automatika-ir-furnitura\/lauko-vartu-automatika-phobos-bt-a40\/","og_site_name":"Xkodas","article_publisher":"https:\/\/www.facebook.com\/xkodas.lt","article_modified_time":"2026-04-15T11:17:45+00:00","og_image":[{"width":1000,"height":1000,"url":"https:\/\/xkodas.com\/wp-content\/uploads\/2024\/05\/Lauko-vartu-automatika-PHOBOS-BT-A40.jpg","type":"image\/jpeg"}],"twitter_card":"summary_large_image","twitter_misc":{"Estimated reading time":"2 minutes"},"schema":{"@context":"https:\/\/schema.org","@graph":[{"@type":"WebPage","@id":"https:\/\/xkodas.com\/en\/shop\/vartu-automatika-ir-furnitura\/lauko-vartu-automatika-phobos-bt-a40\/","url":"https:\/\/xkodas.com\/en\/shop\/vartu-automatika-ir-furnitura\/lauko-vartu-automatika-phobos-bt-a40\/","name":"Lauko vart\u0173 automatika PHOBOS BT A40 - Xkodas","isPartOf":{"@id":"https:\/\/xkodas.com\/en\/#website"},"primaryImageOfPage":{"@id":"https:\/\/xkodas.com\/en\/shop\/vartu-automatika-ir-furnitura\/lauko-vartu-automatika-phobos-bt-a40\/#primaryimage"},"image":{"@id":"https:\/\/xkodas.com\/en\/shop\/vartu-automatika-ir-furnitura\/lauko-vartu-automatika-phobos-bt-a40\/#primaryimage"},"thumbnailUrl":"https:\/\/xkodas.com\/wp-content\/uploads\/2024\/05\/Lauko-vartu-automatika-PHOBOS-BT-A40.jpg","datePublished":"2024-06-06T07:19:04+00:00","dateModified":"2026-04-15T11:17:45+00:00","breadcrumb":{"@id":"https:\/\/xkodas.com\/en\/shop\/vartu-automatika-ir-furnitura\/lauko-vartu-automatika-phobos-bt-a40\/#breadcrumb"},"inLanguage":"en-GB","potentialAction":[{"@type":"ReadAction","target":["https:\/\/xkodas.com\/en\/shop\/vartu-automatika-ir-furnitura\/lauko-vartu-automatika-phobos-bt-a40\/"]}]},{"@type":"ImageObject","inLanguage":"en-GB","@id":"https:\/\/xkodas.com\/en\/shop\/vartu-automatika-ir-furnitura\/lauko-vartu-automatika-phobos-bt-a40\/#primaryimage","url":"https:\/\/xkodas.com\/wp-content\/uploads\/2024\/05\/Lauko-vartu-automatika-PHOBOS-BT-A40.jpg","contentUrl":"https:\/\/xkodas.com\/wp-content\/uploads\/2024\/05\/Lauko-vartu-automatika-PHOBOS-BT-A40.jpg","width":1000,"height":1000},{"@type":"BreadcrumbList","@id":"https:\/\/xkodas.com\/en\/shop\/vartu-automatika-ir-furnitura\/lauko-vartu-automatika-phobos-bt-a40\/#breadcrumb","itemListElement":[{"@type":"ListItem","position":1,"name":"Home","item":"https:\/\/xkodas.com\/en\/ismaniosios-spynos-visu-tipu-raktai-seifai-xkodas\/"},{"@type":"ListItem","position":2,"name":"Parduotuv\u0117","item":"https:\/\/xkodas.com\/parduotuve\/"},{"@type":"ListItem","position":3,"name":"Lauko vart\u0173 automatika PHOBOS BT A40"}]},{"@type":"WebSite","@id":"https:\/\/xkodas.com\/en\/#website","url":"https:\/\/xkodas.com\/en\/","name":"Xkodas","description":"I\u0161maniosios spynos, rakt\u0173 gamyba, saugos sistemos","publisher":{"@id":"https:\/\/xkodas.com\/en\/#organization"},"potentialAction":[{"@type":"SearchAction","target":{"@type":"EntryPoint","urlTemplate":"https:\/\/xkodas.com\/en\/?s={search_term_string}"},"query-input":{"@type":"PropertyValueSpecification","valueRequired":true,"valueName":"search_term_string"}}],"inLanguage":"en-GB"},{"@type":"Organization","@id":"https:\/\/xkodas.com\/en\/#organization","name":"Xkodas","url":"https:\/\/xkodas.com\/en\/","logo":{"@type":"ImageObject","inLanguage":"en-GB","@id":"https:\/\/xkodas.com\/en\/#\/schema\/logo\/image\/","url":"http:\/\/xkodas.com\/wp-content\/uploads\/2020\/02\/Xkodas_logo_baltas_500x500-2.jpg","contentUrl":"http:\/\/xkodas.com\/wp-content\/uploads\/2020\/02\/Xkodas_logo_baltas_500x500-2.jpg","width":100,"height":100,"caption":"Xkodas"},"image":{"@id":"https:\/\/xkodas.com\/en\/#\/schema\/logo\/image\/"},"sameAs":["https:\/\/www.facebook.com\/xkodas.lt"]}]}},"_links":{"self":[{"href":"https:\/\/xkodas.com\/en\/wp-json\/wp\/v2\/product\/18477","targetHints":{"allow":["GET"]}}],"collection":[{"href":"https:\/\/xkodas.com\/en\/wp-json\/wp\/v2\/product"}],"about":[{"href":"https:\/\/xkodas.com\/en\/wp-json\/wp\/v2\/types\/product"}],"wp:featuredmedia":[{"embeddable":true,"href":"https:\/\/xkodas.com\/en\/wp-json\/wp\/v2\/media\/15640"}],"wp:attachment":[{"href":"https:\/\/xkodas.com\/en\/wp-json\/wp\/v2\/media?parent=18477"}],"wp:term":[{"taxonomy":"product_brand","embeddable":true,"href":"https:\/\/xkodas.com\/en\/wp-json\/wp\/v2\/product_brand?post=18477"},{"taxonomy":"product_cat","embeddable":true,"href":"https:\/\/xkodas.com\/en\/wp-json\/wp\/v2\/product_cat?post=18477"},{"taxonomy":"product_tag","embeddable":true,"href":"https:\/\/xkodas.com\/en\/wp-json\/wp\/v2\/product_tag?post=18477"}],"curies":[{"name":"wp","href":"https:\/\/api.w.org\/{rel}","templated":true}]}}