{"id":18474,"date":"2024-06-06T07:19:03","date_gmt":"2024-06-06T07:19:03","guid":{"rendered":"http:\/\/xkodas.com\/?post_type=product&#038;p=18474"},"modified":"2026-04-15T11:13:11","modified_gmt":"2026-04-15T11:13:11","slug":"lauko-vartu-automatika-phobos-bt-a25","status":"publish","type":"product","link":"https:\/\/xkodas.com\/en\/shop\/vartu-automatika-ir-furnitura\/lauko-vartu-automatika-phobos-bt-a25\/","title":{"rendered":"Lauko vart\u0173 automatika PHOBOS BT A25"},"content":{"rendered":"<p>Maitinimo \u012ftampa 24V.<br \/>\nSandarus korpusas apsaugo elektronines ir mechanines detales nuo sm\u016bgi\u0173 ir agresyvi\u0173 aplinkos s\u0105lyg\u0173.<br \/>\nVisos vart\u0173 atsidarymo funkcijos gali b\u016bti lengvai programuojamos priklausomai nuo vartotojo poreiki\u0173 ir naudojimo ypatum\u0173. Valdymo blokas saugiai \u012fmontuotas po apsauginiu korpusu, lengvai pasiekiamas ir nesud\u0117tingai valdomas.<br \/>\n\u012emontuota apsaugos sistema, vartams atsir\u0117mus \u012f kli\u016bt\u012f juos sustabdo, kad u\u017esidarydami vartai nesuspaustu objekto esan\u010dio j\u0173 kelyje(tik versija su 24V maitinimu).<br \/>\nFotoelement\u0173 pagalba,vartai sustabdomi,jei elementai u\u017efiksuoja b\u016bsim\u0105 kli\u016bt\u012f.<br \/>\nKomplekte esantys elekromagnetiniai i\u0161jung\u0117jai u\u017etikrina skland\u0173 veikim\u0105 at\u0161iauriomis \u017eiemos s\u0105lygomis<br \/>\nKomplekt\u0105 sudaro:<br \/>\n1.Elektromechanin\u0117 pavara su valdymo bloku.<br \/>\n2.Pultelis,kintamo kodo,dviej\u0173 kanal\u0173 2 vnt.<br \/>\nAtsidarymo laikas 15s.<br \/>\nKokyb\u0117s sertifikatas CE.<br \/>\nUNI EN ISO 9001:2000.<br \/>\nUNI EN ISO 14001.<\/p>","protected":false},"excerpt":{"rendered":"<p>Elektromechaninis, lengvai montuojamas komplektas (2 pavaros) PHOBOS N su valdymo bloku ir dviej\u0173 kanal\u0173 kintamo kodo imtuvu, skirtu varstomiems vartams iki 5 metro plo\u010dio, iki 800 kg svorio. Valdymo bloke \u012fdiegta sav\u0119s testavimo funkcija.<\/p>\n<p>Jei ie\u0161kote patikimo produkto nam\u0173 bui\u010diai ar verslui, kreipkit\u0117s \u012f mus jau dabar. Patarsime, pad\u0117sime i\u0161sirinkti. Galime atlikti visus montavimo darbus.<\/p>","protected":false},"featured_media":15634,"template":"","meta":{"_monsterinsights_skip_tracking":false,"_monsterinsights_sitenote_active":false,"_monsterinsights_sitenote_note":"","_monsterinsights_sitenote_category":0},"product_brand":[],"product_cat":[236],"product_tag":[],"class_list":{"0":"post-18474","1":"product","2":"type-product","3":"status-publish","4":"has-post-thumbnail","6":"product_cat-vartu-automatika-ir-furnitura","8":"first","9":"instock","10":"taxable","11":"shipping-taxable","12":"purchasable","13":"product-type-simple"},"yoast_head":"<!-- This site is optimized with the Yoast SEO plugin v27.4 - https:\/\/yoast.com\/product\/yoast-seo-wordpress\/ -->\n<title>Lauko vart\u0173 automatika PHOBOS BT A25 - Xkodas<\/title>\n<meta name=\"robots\" content=\"index, follow, max-snippet:-1, max-image-preview:large, max-video-preview:-1\" \/>\n<link rel=\"canonical\" href=\"https:\/\/xkodas.com\/en\/shop\/vartu-automatika-ir-furnitura\/lauko-vartu-automatika-phobos-bt-a25\/\" \/>\n<meta property=\"og:locale\" content=\"en_GB\" \/>\n<meta property=\"og:type\" content=\"article\" \/>\n<meta property=\"og:title\" content=\"Lauko vart\u0173 automatika PHOBOS BT A25 - Xkodas\" \/>\n<meta property=\"og:description\" content=\"Elektromechaninis, lengvai montuojamas komplektas (2 pavaros) PHOBOS N su valdymo bloku ir dviej\u0173 kanal\u0173 kintamo kodo imtuvu, skirtu varstomiems vartams iki 5 metro plo\u010dio, iki 800 kg svorio. Valdymo bloke \u012fdiegta sav\u0119s testavimo funkcija.  Jei ie\u0161kote patikimo produkto nam\u0173 bui\u010diai ar verslui, kreipkit\u0117s \u012f mus jau dabar. Patarsime, pad\u0117sime i\u0161sirinkti. Galime atlikti visus montavimo darbus.\" \/>\n<meta property=\"og:url\" content=\"https:\/\/xkodas.com\/en\/shop\/vartu-automatika-ir-furnitura\/lauko-vartu-automatika-phobos-bt-a25\/\" \/>\n<meta property=\"og:site_name\" content=\"Xkodas\" \/>\n<meta property=\"article:publisher\" content=\"https:\/\/www.facebook.com\/xkodas.lt\" \/>\n<meta property=\"article:modified_time\" content=\"2026-04-15T11:13:11+00:00\" \/>\n<meta property=\"og:image\" content=\"https:\/\/xkodas.com\/wp-content\/uploads\/2024\/05\/Lauko-vartu-automatika-PHOBOS-BT-A25.jpg\" \/>\n\t<meta property=\"og:image:width\" content=\"1000\" \/>\n\t<meta property=\"og:image:height\" content=\"1000\" \/>\n\t<meta property=\"og:image:type\" content=\"image\/jpeg\" \/>\n<meta name=\"twitter:card\" content=\"summary_large_image\" \/>\n<meta name=\"twitter:label1\" content=\"Estimated reading time\" \/>\n\t<meta name=\"twitter:data1\" content=\"1 minute\" \/>\n<script type=\"application\/ld+json\" class=\"yoast-schema-graph\">{\"@context\":\"https:\\\/\\\/schema.org\",\"@graph\":[{\"@type\":\"WebPage\",\"@id\":\"https:\\\/\\\/xkodas.com\\\/en\\\/shop\\\/vartu-automatika-ir-furnitura\\\/lauko-vartu-automatika-phobos-bt-a25\\\/\",\"url\":\"https:\\\/\\\/xkodas.com\\\/en\\\/shop\\\/vartu-automatika-ir-furnitura\\\/lauko-vartu-automatika-phobos-bt-a25\\\/\",\"name\":\"Lauko vart\u0173 automatika PHOBOS BT A25 - Xkodas\",\"isPartOf\":{\"@id\":\"https:\\\/\\\/xkodas.com\\\/en\\\/#website\"},\"primaryImageOfPage\":{\"@id\":\"https:\\\/\\\/xkodas.com\\\/en\\\/shop\\\/vartu-automatika-ir-furnitura\\\/lauko-vartu-automatika-phobos-bt-a25\\\/#primaryimage\"},\"image\":{\"@id\":\"https:\\\/\\\/xkodas.com\\\/en\\\/shop\\\/vartu-automatika-ir-furnitura\\\/lauko-vartu-automatika-phobos-bt-a25\\\/#primaryimage\"},\"thumbnailUrl\":\"https:\\\/\\\/xkodas.com\\\/wp-content\\\/uploads\\\/2024\\\/05\\\/Lauko-vartu-automatika-PHOBOS-BT-A25.jpg\",\"datePublished\":\"2024-06-06T07:19:03+00:00\",\"dateModified\":\"2026-04-15T11:13:11+00:00\",\"breadcrumb\":{\"@id\":\"https:\\\/\\\/xkodas.com\\\/en\\\/shop\\\/vartu-automatika-ir-furnitura\\\/lauko-vartu-automatika-phobos-bt-a25\\\/#breadcrumb\"},\"inLanguage\":\"en-GB\",\"potentialAction\":[{\"@type\":\"ReadAction\",\"target\":[\"https:\\\/\\\/xkodas.com\\\/en\\\/shop\\\/vartu-automatika-ir-furnitura\\\/lauko-vartu-automatika-phobos-bt-a25\\\/\"]}]},{\"@type\":\"ImageObject\",\"inLanguage\":\"en-GB\",\"@id\":\"https:\\\/\\\/xkodas.com\\\/en\\\/shop\\\/vartu-automatika-ir-furnitura\\\/lauko-vartu-automatika-phobos-bt-a25\\\/#primaryimage\",\"url\":\"https:\\\/\\\/xkodas.com\\\/wp-content\\\/uploads\\\/2024\\\/05\\\/Lauko-vartu-automatika-PHOBOS-BT-A25.jpg\",\"contentUrl\":\"https:\\\/\\\/xkodas.com\\\/wp-content\\\/uploads\\\/2024\\\/05\\\/Lauko-vartu-automatika-PHOBOS-BT-A25.jpg\",\"width\":1000,\"height\":1000},{\"@type\":\"BreadcrumbList\",\"@id\":\"https:\\\/\\\/xkodas.com\\\/en\\\/shop\\\/vartu-automatika-ir-furnitura\\\/lauko-vartu-automatika-phobos-bt-a25\\\/#breadcrumb\",\"itemListElement\":[{\"@type\":\"ListItem\",\"position\":1,\"name\":\"Home\",\"item\":\"https:\\\/\\\/xkodas.com\\\/en\\\/ismaniosios-spynos-visu-tipu-raktai-seifai-xkodas\\\/\"},{\"@type\":\"ListItem\",\"position\":2,\"name\":\"Parduotuv\u0117\",\"item\":\"https:\\\/\\\/xkodas.com\\\/parduotuve\\\/\"},{\"@type\":\"ListItem\",\"position\":3,\"name\":\"Lauko vart\u0173 automatika PHOBOS BT A25\"}]},{\"@type\":\"WebSite\",\"@id\":\"https:\\\/\\\/xkodas.com\\\/en\\\/#website\",\"url\":\"https:\\\/\\\/xkodas.com\\\/en\\\/\",\"name\":\"Xkodas\",\"description\":\"I\u0161maniosios spynos, rakt\u0173 gamyba, saugos sistemos\",\"publisher\":{\"@id\":\"https:\\\/\\\/xkodas.com\\\/en\\\/#organization\"},\"potentialAction\":[{\"@type\":\"SearchAction\",\"target\":{\"@type\":\"EntryPoint\",\"urlTemplate\":\"https:\\\/\\\/xkodas.com\\\/en\\\/?s={search_term_string}\"},\"query-input\":{\"@type\":\"PropertyValueSpecification\",\"valueRequired\":true,\"valueName\":\"search_term_string\"}}],\"inLanguage\":\"en-GB\"},{\"@type\":\"Organization\",\"@id\":\"https:\\\/\\\/xkodas.com\\\/en\\\/#organization\",\"name\":\"Xkodas\",\"url\":\"https:\\\/\\\/xkodas.com\\\/en\\\/\",\"logo\":{\"@type\":\"ImageObject\",\"inLanguage\":\"en-GB\",\"@id\":\"https:\\\/\\\/xkodas.com\\\/en\\\/#\\\/schema\\\/logo\\\/image\\\/\",\"url\":\"http:\\\/\\\/xkodas.com\\\/wp-content\\\/uploads\\\/2020\\\/02\\\/Xkodas_logo_baltas_500x500-2.jpg\",\"contentUrl\":\"http:\\\/\\\/xkodas.com\\\/wp-content\\\/uploads\\\/2020\\\/02\\\/Xkodas_logo_baltas_500x500-2.jpg\",\"width\":100,\"height\":100,\"caption\":\"Xkodas\"},\"image\":{\"@id\":\"https:\\\/\\\/xkodas.com\\\/en\\\/#\\\/schema\\\/logo\\\/image\\\/\"},\"sameAs\":[\"https:\\\/\\\/www.facebook.com\\\/xkodas.lt\"]}]}<\/script>\n<!-- \/ Yoast SEO plugin. -->","yoast_head_json":{"title":"Lauko vart\u0173 automatika PHOBOS BT A25 - Xkodas","robots":{"index":"index","follow":"follow","max-snippet":"max-snippet:-1","max-image-preview":"max-image-preview:large","max-video-preview":"max-video-preview:-1"},"canonical":"https:\/\/xkodas.com\/en\/shop\/vartu-automatika-ir-furnitura\/lauko-vartu-automatika-phobos-bt-a25\/","og_locale":"en_GB","og_type":"article","og_title":"Lauko vart\u0173 automatika PHOBOS BT A25 - Xkodas","og_description":"Elektromechaninis, lengvai montuojamas komplektas (2 pavaros) PHOBOS N su valdymo bloku ir dviej\u0173 kanal\u0173 kintamo kodo imtuvu, skirtu varstomiems vartams iki 5 metro plo\u010dio, iki 800 kg svorio. Valdymo bloke \u012fdiegta sav\u0119s testavimo funkcija.  Jei ie\u0161kote patikimo produkto nam\u0173 bui\u010diai ar verslui, kreipkit\u0117s \u012f mus jau dabar. Patarsime, pad\u0117sime i\u0161sirinkti. Galime atlikti visus montavimo darbus.","og_url":"https:\/\/xkodas.com\/en\/shop\/vartu-automatika-ir-furnitura\/lauko-vartu-automatika-phobos-bt-a25\/","og_site_name":"Xkodas","article_publisher":"https:\/\/www.facebook.com\/xkodas.lt","article_modified_time":"2026-04-15T11:13:11+00:00","og_image":[{"width":1000,"height":1000,"url":"https:\/\/xkodas.com\/wp-content\/uploads\/2024\/05\/Lauko-vartu-automatika-PHOBOS-BT-A25.jpg","type":"image\/jpeg"}],"twitter_card":"summary_large_image","twitter_misc":{"Estimated reading time":"1 minute"},"schema":{"@context":"https:\/\/schema.org","@graph":[{"@type":"WebPage","@id":"https:\/\/xkodas.com\/en\/shop\/vartu-automatika-ir-furnitura\/lauko-vartu-automatika-phobos-bt-a25\/","url":"https:\/\/xkodas.com\/en\/shop\/vartu-automatika-ir-furnitura\/lauko-vartu-automatika-phobos-bt-a25\/","name":"Lauko vart\u0173 automatika PHOBOS BT A25 - Xkodas","isPartOf":{"@id":"https:\/\/xkodas.com\/en\/#website"},"primaryImageOfPage":{"@id":"https:\/\/xkodas.com\/en\/shop\/vartu-automatika-ir-furnitura\/lauko-vartu-automatika-phobos-bt-a25\/#primaryimage"},"image":{"@id":"https:\/\/xkodas.com\/en\/shop\/vartu-automatika-ir-furnitura\/lauko-vartu-automatika-phobos-bt-a25\/#primaryimage"},"thumbnailUrl":"https:\/\/xkodas.com\/wp-content\/uploads\/2024\/05\/Lauko-vartu-automatika-PHOBOS-BT-A25.jpg","datePublished":"2024-06-06T07:19:03+00:00","dateModified":"2026-04-15T11:13:11+00:00","breadcrumb":{"@id":"https:\/\/xkodas.com\/en\/shop\/vartu-automatika-ir-furnitura\/lauko-vartu-automatika-phobos-bt-a25\/#breadcrumb"},"inLanguage":"en-GB","potentialAction":[{"@type":"ReadAction","target":["https:\/\/xkodas.com\/en\/shop\/vartu-automatika-ir-furnitura\/lauko-vartu-automatika-phobos-bt-a25\/"]}]},{"@type":"ImageObject","inLanguage":"en-GB","@id":"https:\/\/xkodas.com\/en\/shop\/vartu-automatika-ir-furnitura\/lauko-vartu-automatika-phobos-bt-a25\/#primaryimage","url":"https:\/\/xkodas.com\/wp-content\/uploads\/2024\/05\/Lauko-vartu-automatika-PHOBOS-BT-A25.jpg","contentUrl":"https:\/\/xkodas.com\/wp-content\/uploads\/2024\/05\/Lauko-vartu-automatika-PHOBOS-BT-A25.jpg","width":1000,"height":1000},{"@type":"BreadcrumbList","@id":"https:\/\/xkodas.com\/en\/shop\/vartu-automatika-ir-furnitura\/lauko-vartu-automatika-phobos-bt-a25\/#breadcrumb","itemListElement":[{"@type":"ListItem","position":1,"name":"Home","item":"https:\/\/xkodas.com\/en\/ismaniosios-spynos-visu-tipu-raktai-seifai-xkodas\/"},{"@type":"ListItem","position":2,"name":"Parduotuv\u0117","item":"https:\/\/xkodas.com\/parduotuve\/"},{"@type":"ListItem","position":3,"name":"Lauko vart\u0173 automatika PHOBOS BT A25"}]},{"@type":"WebSite","@id":"https:\/\/xkodas.com\/en\/#website","url":"https:\/\/xkodas.com\/en\/","name":"Xkodas","description":"I\u0161maniosios spynos, rakt\u0173 gamyba, saugos sistemos","publisher":{"@id":"https:\/\/xkodas.com\/en\/#organization"},"potentialAction":[{"@type":"SearchAction","target":{"@type":"EntryPoint","urlTemplate":"https:\/\/xkodas.com\/en\/?s={search_term_string}"},"query-input":{"@type":"PropertyValueSpecification","valueRequired":true,"valueName":"search_term_string"}}],"inLanguage":"en-GB"},{"@type":"Organization","@id":"https:\/\/xkodas.com\/en\/#organization","name":"Xkodas","url":"https:\/\/xkodas.com\/en\/","logo":{"@type":"ImageObject","inLanguage":"en-GB","@id":"https:\/\/xkodas.com\/en\/#\/schema\/logo\/image\/","url":"http:\/\/xkodas.com\/wp-content\/uploads\/2020\/02\/Xkodas_logo_baltas_500x500-2.jpg","contentUrl":"http:\/\/xkodas.com\/wp-content\/uploads\/2020\/02\/Xkodas_logo_baltas_500x500-2.jpg","width":100,"height":100,"caption":"Xkodas"},"image":{"@id":"https:\/\/xkodas.com\/en\/#\/schema\/logo\/image\/"},"sameAs":["https:\/\/www.facebook.com\/xkodas.lt"]}]}},"_links":{"self":[{"href":"https:\/\/xkodas.com\/en\/wp-json\/wp\/v2\/product\/18474","targetHints":{"allow":["GET"]}}],"collection":[{"href":"https:\/\/xkodas.com\/en\/wp-json\/wp\/v2\/product"}],"about":[{"href":"https:\/\/xkodas.com\/en\/wp-json\/wp\/v2\/types\/product"}],"wp:featuredmedia":[{"embeddable":true,"href":"https:\/\/xkodas.com\/en\/wp-json\/wp\/v2\/media\/15634"}],"wp:attachment":[{"href":"https:\/\/xkodas.com\/en\/wp-json\/wp\/v2\/media?parent=18474"}],"wp:term":[{"taxonomy":"product_brand","embeddable":true,"href":"https:\/\/xkodas.com\/en\/wp-json\/wp\/v2\/product_brand?post=18474"},{"taxonomy":"product_cat","embeddable":true,"href":"https:\/\/xkodas.com\/en\/wp-json\/wp\/v2\/product_cat?post=18474"},{"taxonomy":"product_tag","embeddable":true,"href":"https:\/\/xkodas.com\/en\/wp-json\/wp\/v2\/product_tag?post=18474"}],"curies":[{"name":"wp","href":"https:\/\/api.w.org\/{rel}","templated":true}]}}