{"id":18452,"date":"2024-06-06T07:19:00","date_gmt":"2024-06-06T07:19:00","guid":{"rendered":"http:\/\/xkodas.com\/?post_type=product&#038;p=18452"},"modified":"2024-06-06T07:19:05","modified_gmt":"2024-06-06T07:19:05","slug":"paslepto-vyrio-agb-eclipse-su-duru-pritraukimo-funkcija-komplektaspriesgaisrinis","status":"publish","type":"product","link":"https:\/\/xkodas.com\/en\/shop\/duru-furnitura\/paslepto-vyrio-agb-eclipse-su-duru-pritraukimo-funkcija-komplektaspriesgaisrinis\/","title":{"rendered":"Pasl\u0117pto vyrio AGB ECLIPSE su dur\u0173 pritraukimo funkcija komplektas(prie\u0161gaisrinis)"},"content":{"rendered":"<p>Reguliuojami trimis kryptimis (nepriklausomai viena nuo kitos):<br \/>\nReguliavimas: vertikaliai +\/- 2mm;<br \/>\nHorizontaliai +\/- 1.5 mm;<br \/>\nGylis +\/- 1mm.<\/p>\n<p>Maksimali vyrio apkrova durims : esant 2 vnt. vyriams \u2013 100 kg.,<\/p>\n<p>Universalus naudojimas: dur\u0173 atidarymas \u012f kair\u0119 ir \u012f de\u0161in\u0119 pus\u0119.<\/p>\n<p>\u012evairi\u0173 spalv\u0173 aliuminiai dekoratyviniai u\u017edengimai skirti pasl\u0117pti reguliavimo var\u017etams.<\/p>\n<p>Pagaminti i\u0161 auk\u0161tos kokyb\u0117s cinko lydinio.<\/p>\n<p>Eleganti\u0161kas sprendimas var\u010dios ir staktos harmonijai.<\/p>\n<p>Atitinka UNI-ISO 2081 standart\u0105.<\/p>\n<p>Turi prie\u0161gaisrini sertifikat\u0105.<\/p>","protected":false},"excerpt":{"rendered":"<p>Pasl\u0117piami vyriai skirti lygioms medin\u0117ms arba aliuminio profilio durims su dur\u0173 pritraukimo funkcijos komplektu (prie\u0161gaisrinis), kurios gali atsidaryti 180\u00b0 laipsniu kampu.<\/p>","protected":false},"featured_media":15589,"template":"","meta":{"_monsterinsights_skip_tracking":false,"_monsterinsights_sitenote_active":false,"_monsterinsights_sitenote_note":"","_monsterinsights_sitenote_category":0},"product_brand":[],"product_cat":[235],"product_tag":[],"class_list":{"0":"post-18452","1":"product","2":"type-product","3":"status-publish","4":"has-post-thumbnail","6":"product_cat-duru-furnitura","8":"first","9":"instock","10":"taxable","11":"shipping-taxable","12":"purchasable","13":"product-type-simple"},"yoast_head":"<!-- This site is optimized with the Yoast SEO plugin v27.4 - https:\/\/yoast.com\/product\/yoast-seo-wordpress\/ -->\n<title>Pasl\u0117pto vyrio AGB ECLIPSE su dur\u0173 pritraukimo funkcija komplektas(prie\u0161gaisrinis) - Xkodas<\/title>\n<meta name=\"robots\" content=\"index, follow, max-snippet:-1, max-image-preview:large, max-video-preview:-1\" \/>\n<link rel=\"canonical\" href=\"https:\/\/xkodas.com\/en\/shop\/duru-furnitura\/paslepto-vyrio-agb-eclipse-su-duru-pritraukimo-funkcija-komplektaspriesgaisrinis\/\" \/>\n<meta property=\"og:locale\" content=\"en_GB\" \/>\n<meta property=\"og:type\" content=\"article\" \/>\n<meta property=\"og:title\" content=\"Pasl\u0117pto vyrio AGB ECLIPSE su dur\u0173 pritraukimo funkcija komplektas(prie\u0161gaisrinis) - Xkodas\" \/>\n<meta property=\"og:description\" content=\"Pasl\u0117piami vyriai skirti lygioms medin\u0117ms arba aliuminio profilio durims su dur\u0173 pritraukimo funkcijos komplektu (prie\u0161gaisrinis), kurios gali atsidaryti 180\u00b0 laipsniu kampu.\" \/>\n<meta property=\"og:url\" content=\"https:\/\/xkodas.com\/en\/shop\/duru-furnitura\/paslepto-vyrio-agb-eclipse-su-duru-pritraukimo-funkcija-komplektaspriesgaisrinis\/\" \/>\n<meta property=\"og:site_name\" content=\"Xkodas\" \/>\n<meta property=\"article:publisher\" content=\"https:\/\/www.facebook.com\/xkodas.lt\" \/>\n<meta property=\"article:modified_time\" content=\"2024-06-06T07:19:05+00:00\" \/>\n<meta property=\"og:image\" content=\"https:\/\/xkodas.com\/wp-content\/uploads\/2024\/05\/Paslepto-vyrio-AGB-ECLIPSE-su-duru-pritraukimo-funkcija-komplektaspriesgaisrinis.jpg\" \/>\n\t<meta property=\"og:image:width\" content=\"1000\" \/>\n\t<meta property=\"og:image:height\" content=\"1000\" \/>\n\t<meta property=\"og:image:type\" content=\"image\/jpeg\" \/>\n<meta name=\"twitter:card\" content=\"summary_large_image\" \/>\n<script type=\"application\/ld+json\" class=\"yoast-schema-graph\">{\"@context\":\"https:\\\/\\\/schema.org\",\"@graph\":[{\"@type\":\"WebPage\",\"@id\":\"https:\\\/\\\/xkodas.com\\\/en\\\/shop\\\/duru-furnitura\\\/paslepto-vyrio-agb-eclipse-su-duru-pritraukimo-funkcija-komplektaspriesgaisrinis\\\/\",\"url\":\"https:\\\/\\\/xkodas.com\\\/en\\\/shop\\\/duru-furnitura\\\/paslepto-vyrio-agb-eclipse-su-duru-pritraukimo-funkcija-komplektaspriesgaisrinis\\\/\",\"name\":\"Pasl\u0117pto vyrio AGB ECLIPSE su dur\u0173 pritraukimo funkcija komplektas(prie\u0161gaisrinis) - Xkodas\",\"isPartOf\":{\"@id\":\"https:\\\/\\\/xkodas.com\\\/en\\\/#website\"},\"primaryImageOfPage\":{\"@id\":\"https:\\\/\\\/xkodas.com\\\/en\\\/shop\\\/duru-furnitura\\\/paslepto-vyrio-agb-eclipse-su-duru-pritraukimo-funkcija-komplektaspriesgaisrinis\\\/#primaryimage\"},\"image\":{\"@id\":\"https:\\\/\\\/xkodas.com\\\/en\\\/shop\\\/duru-furnitura\\\/paslepto-vyrio-agb-eclipse-su-duru-pritraukimo-funkcija-komplektaspriesgaisrinis\\\/#primaryimage\"},\"thumbnailUrl\":\"https:\\\/\\\/xkodas.com\\\/wp-content\\\/uploads\\\/2024\\\/05\\\/Paslepto-vyrio-AGB-ECLIPSE-su-duru-pritraukimo-funkcija-komplektaspriesgaisrinis.jpg\",\"datePublished\":\"2024-06-06T07:19:00+00:00\",\"dateModified\":\"2024-06-06T07:19:05+00:00\",\"breadcrumb\":{\"@id\":\"https:\\\/\\\/xkodas.com\\\/en\\\/shop\\\/duru-furnitura\\\/paslepto-vyrio-agb-eclipse-su-duru-pritraukimo-funkcija-komplektaspriesgaisrinis\\\/#breadcrumb\"},\"inLanguage\":\"en-GB\",\"potentialAction\":[{\"@type\":\"ReadAction\",\"target\":[\"https:\\\/\\\/xkodas.com\\\/en\\\/shop\\\/duru-furnitura\\\/paslepto-vyrio-agb-eclipse-su-duru-pritraukimo-funkcija-komplektaspriesgaisrinis\\\/\"]}]},{\"@type\":\"ImageObject\",\"inLanguage\":\"en-GB\",\"@id\":\"https:\\\/\\\/xkodas.com\\\/en\\\/shop\\\/duru-furnitura\\\/paslepto-vyrio-agb-eclipse-su-duru-pritraukimo-funkcija-komplektaspriesgaisrinis\\\/#primaryimage\",\"url\":\"https:\\\/\\\/xkodas.com\\\/wp-content\\\/uploads\\\/2024\\\/05\\\/Paslepto-vyrio-AGB-ECLIPSE-su-duru-pritraukimo-funkcija-komplektaspriesgaisrinis.jpg\",\"contentUrl\":\"https:\\\/\\\/xkodas.com\\\/wp-content\\\/uploads\\\/2024\\\/05\\\/Paslepto-vyrio-AGB-ECLIPSE-su-duru-pritraukimo-funkcija-komplektaspriesgaisrinis.jpg\",\"width\":1000,\"height\":1000},{\"@type\":\"BreadcrumbList\",\"@id\":\"https:\\\/\\\/xkodas.com\\\/en\\\/shop\\\/duru-furnitura\\\/paslepto-vyrio-agb-eclipse-su-duru-pritraukimo-funkcija-komplektaspriesgaisrinis\\\/#breadcrumb\",\"itemListElement\":[{\"@type\":\"ListItem\",\"position\":1,\"name\":\"Home\",\"item\":\"https:\\\/\\\/xkodas.com\\\/en\\\/ismaniosios-spynos-visu-tipu-raktai-seifai-xkodas\\\/\"},{\"@type\":\"ListItem\",\"position\":2,\"name\":\"Parduotuv\u0117\",\"item\":\"https:\\\/\\\/xkodas.com\\\/parduotuve\\\/\"},{\"@type\":\"ListItem\",\"position\":3,\"name\":\"Pasl\u0117pto vyrio AGB ECLIPSE su dur\u0173 pritraukimo funkcija komplektas(prie\u0161gaisrinis)\"}]},{\"@type\":\"WebSite\",\"@id\":\"https:\\\/\\\/xkodas.com\\\/en\\\/#website\",\"url\":\"https:\\\/\\\/xkodas.com\\\/en\\\/\",\"name\":\"Xkodas\",\"description\":\"I\u0161maniosios spynos, rakt\u0173 gamyba, saugos sistemos\",\"publisher\":{\"@id\":\"https:\\\/\\\/xkodas.com\\\/en\\\/#organization\"},\"potentialAction\":[{\"@type\":\"SearchAction\",\"target\":{\"@type\":\"EntryPoint\",\"urlTemplate\":\"https:\\\/\\\/xkodas.com\\\/en\\\/?s={search_term_string}\"},\"query-input\":{\"@type\":\"PropertyValueSpecification\",\"valueRequired\":true,\"valueName\":\"search_term_string\"}}],\"inLanguage\":\"en-GB\"},{\"@type\":\"Organization\",\"@id\":\"https:\\\/\\\/xkodas.com\\\/en\\\/#organization\",\"name\":\"Xkodas\",\"url\":\"https:\\\/\\\/xkodas.com\\\/en\\\/\",\"logo\":{\"@type\":\"ImageObject\",\"inLanguage\":\"en-GB\",\"@id\":\"https:\\\/\\\/xkodas.com\\\/en\\\/#\\\/schema\\\/logo\\\/image\\\/\",\"url\":\"http:\\\/\\\/xkodas.com\\\/wp-content\\\/uploads\\\/2020\\\/02\\\/Xkodas_logo_baltas_500x500-2.jpg\",\"contentUrl\":\"http:\\\/\\\/xkodas.com\\\/wp-content\\\/uploads\\\/2020\\\/02\\\/Xkodas_logo_baltas_500x500-2.jpg\",\"width\":100,\"height\":100,\"caption\":\"Xkodas\"},\"image\":{\"@id\":\"https:\\\/\\\/xkodas.com\\\/en\\\/#\\\/schema\\\/logo\\\/image\\\/\"},\"sameAs\":[\"https:\\\/\\\/www.facebook.com\\\/xkodas.lt\"]}]}<\/script>\n<!-- \/ Yoast SEO plugin. -->","yoast_head_json":{"title":"Pasl\u0117pto vyrio AGB ECLIPSE su dur\u0173 pritraukimo funkcija komplektas(prie\u0161gaisrinis) - Xkodas","robots":{"index":"index","follow":"follow","max-snippet":"max-snippet:-1","max-image-preview":"max-image-preview:large","max-video-preview":"max-video-preview:-1"},"canonical":"https:\/\/xkodas.com\/en\/shop\/duru-furnitura\/paslepto-vyrio-agb-eclipse-su-duru-pritraukimo-funkcija-komplektaspriesgaisrinis\/","og_locale":"en_GB","og_type":"article","og_title":"Pasl\u0117pto vyrio AGB ECLIPSE su dur\u0173 pritraukimo funkcija komplektas(prie\u0161gaisrinis) - Xkodas","og_description":"Pasl\u0117piami vyriai skirti lygioms medin\u0117ms arba aliuminio profilio durims su dur\u0173 pritraukimo funkcijos komplektu (prie\u0161gaisrinis), kurios gali atsidaryti 180\u00b0 laipsniu kampu.","og_url":"https:\/\/xkodas.com\/en\/shop\/duru-furnitura\/paslepto-vyrio-agb-eclipse-su-duru-pritraukimo-funkcija-komplektaspriesgaisrinis\/","og_site_name":"Xkodas","article_publisher":"https:\/\/www.facebook.com\/xkodas.lt","article_modified_time":"2024-06-06T07:19:05+00:00","og_image":[{"width":1000,"height":1000,"url":"https:\/\/xkodas.com\/wp-content\/uploads\/2024\/05\/Paslepto-vyrio-AGB-ECLIPSE-su-duru-pritraukimo-funkcija-komplektaspriesgaisrinis.jpg","type":"image\/jpeg"}],"twitter_card":"summary_large_image","schema":{"@context":"https:\/\/schema.org","@graph":[{"@type":"WebPage","@id":"https:\/\/xkodas.com\/en\/shop\/duru-furnitura\/paslepto-vyrio-agb-eclipse-su-duru-pritraukimo-funkcija-komplektaspriesgaisrinis\/","url":"https:\/\/xkodas.com\/en\/shop\/duru-furnitura\/paslepto-vyrio-agb-eclipse-su-duru-pritraukimo-funkcija-komplektaspriesgaisrinis\/","name":"Pasl\u0117pto vyrio AGB ECLIPSE su dur\u0173 pritraukimo funkcija komplektas(prie\u0161gaisrinis) - Xkodas","isPartOf":{"@id":"https:\/\/xkodas.com\/en\/#website"},"primaryImageOfPage":{"@id":"https:\/\/xkodas.com\/en\/shop\/duru-furnitura\/paslepto-vyrio-agb-eclipse-su-duru-pritraukimo-funkcija-komplektaspriesgaisrinis\/#primaryimage"},"image":{"@id":"https:\/\/xkodas.com\/en\/shop\/duru-furnitura\/paslepto-vyrio-agb-eclipse-su-duru-pritraukimo-funkcija-komplektaspriesgaisrinis\/#primaryimage"},"thumbnailUrl":"https:\/\/xkodas.com\/wp-content\/uploads\/2024\/05\/Paslepto-vyrio-AGB-ECLIPSE-su-duru-pritraukimo-funkcija-komplektaspriesgaisrinis.jpg","datePublished":"2024-06-06T07:19:00+00:00","dateModified":"2024-06-06T07:19:05+00:00","breadcrumb":{"@id":"https:\/\/xkodas.com\/en\/shop\/duru-furnitura\/paslepto-vyrio-agb-eclipse-su-duru-pritraukimo-funkcija-komplektaspriesgaisrinis\/#breadcrumb"},"inLanguage":"en-GB","potentialAction":[{"@type":"ReadAction","target":["https:\/\/xkodas.com\/en\/shop\/duru-furnitura\/paslepto-vyrio-agb-eclipse-su-duru-pritraukimo-funkcija-komplektaspriesgaisrinis\/"]}]},{"@type":"ImageObject","inLanguage":"en-GB","@id":"https:\/\/xkodas.com\/en\/shop\/duru-furnitura\/paslepto-vyrio-agb-eclipse-su-duru-pritraukimo-funkcija-komplektaspriesgaisrinis\/#primaryimage","url":"https:\/\/xkodas.com\/wp-content\/uploads\/2024\/05\/Paslepto-vyrio-AGB-ECLIPSE-su-duru-pritraukimo-funkcija-komplektaspriesgaisrinis.jpg","contentUrl":"https:\/\/xkodas.com\/wp-content\/uploads\/2024\/05\/Paslepto-vyrio-AGB-ECLIPSE-su-duru-pritraukimo-funkcija-komplektaspriesgaisrinis.jpg","width":1000,"height":1000},{"@type":"BreadcrumbList","@id":"https:\/\/xkodas.com\/en\/shop\/duru-furnitura\/paslepto-vyrio-agb-eclipse-su-duru-pritraukimo-funkcija-komplektaspriesgaisrinis\/#breadcrumb","itemListElement":[{"@type":"ListItem","position":1,"name":"Home","item":"https:\/\/xkodas.com\/en\/ismaniosios-spynos-visu-tipu-raktai-seifai-xkodas\/"},{"@type":"ListItem","position":2,"name":"Parduotuv\u0117","item":"https:\/\/xkodas.com\/parduotuve\/"},{"@type":"ListItem","position":3,"name":"Pasl\u0117pto vyrio AGB ECLIPSE su dur\u0173 pritraukimo funkcija komplektas(prie\u0161gaisrinis)"}]},{"@type":"WebSite","@id":"https:\/\/xkodas.com\/en\/#website","url":"https:\/\/xkodas.com\/en\/","name":"Xkodas","description":"I\u0161maniosios spynos, rakt\u0173 gamyba, saugos sistemos","publisher":{"@id":"https:\/\/xkodas.com\/en\/#organization"},"potentialAction":[{"@type":"SearchAction","target":{"@type":"EntryPoint","urlTemplate":"https:\/\/xkodas.com\/en\/?s={search_term_string}"},"query-input":{"@type":"PropertyValueSpecification","valueRequired":true,"valueName":"search_term_string"}}],"inLanguage":"en-GB"},{"@type":"Organization","@id":"https:\/\/xkodas.com\/en\/#organization","name":"Xkodas","url":"https:\/\/xkodas.com\/en\/","logo":{"@type":"ImageObject","inLanguage":"en-GB","@id":"https:\/\/xkodas.com\/en\/#\/schema\/logo\/image\/","url":"http:\/\/xkodas.com\/wp-content\/uploads\/2020\/02\/Xkodas_logo_baltas_500x500-2.jpg","contentUrl":"http:\/\/xkodas.com\/wp-content\/uploads\/2020\/02\/Xkodas_logo_baltas_500x500-2.jpg","width":100,"height":100,"caption":"Xkodas"},"image":{"@id":"https:\/\/xkodas.com\/en\/#\/schema\/logo\/image\/"},"sameAs":["https:\/\/www.facebook.com\/xkodas.lt"]}]}},"_links":{"self":[{"href":"https:\/\/xkodas.com\/en\/wp-json\/wp\/v2\/product\/18452","targetHints":{"allow":["GET"]}}],"collection":[{"href":"https:\/\/xkodas.com\/en\/wp-json\/wp\/v2\/product"}],"about":[{"href":"https:\/\/xkodas.com\/en\/wp-json\/wp\/v2\/types\/product"}],"wp:featuredmedia":[{"embeddable":true,"href":"https:\/\/xkodas.com\/en\/wp-json\/wp\/v2\/media\/15589"}],"wp:attachment":[{"href":"https:\/\/xkodas.com\/en\/wp-json\/wp\/v2\/media?parent=18452"}],"wp:term":[{"taxonomy":"product_brand","embeddable":true,"href":"https:\/\/xkodas.com\/en\/wp-json\/wp\/v2\/product_brand?post=18452"},{"taxonomy":"product_cat","embeddable":true,"href":"https:\/\/xkodas.com\/en\/wp-json\/wp\/v2\/product_cat?post=18452"},{"taxonomy":"product_tag","embeddable":true,"href":"https:\/\/xkodas.com\/en\/wp-json\/wp\/v2\/product_tag?post=18452"}],"curies":[{"name":"wp","href":"https:\/\/api.w.org\/{rel}","templated":true}]}}