{"id":18357,"date":"2024-06-06T07:17:42","date_gmt":"2024-06-06T07:17:42","guid":{"rendered":"http:\/\/xkodas.com\/?post_type=product&#038;p=18357"},"modified":"2024-06-06T07:18:02","modified_gmt":"2024-06-06T07:18:02","slug":"sk-kontrolierius","status":"publish","type":"product","link":"https:\/\/xkodas.com\/en\/shop\/praejimo-kontrole\/laiko-ir-lankomumo-valdymas\/easyclocking\/sk-kontrolierius\/","title":{"rendered":"SK-Kontrolierius"},"content":{"rendered":"<p><span>SekureID<\/span><\/p>\n<p><span>2 dur\u0173 apsaugos nuo klastojimo valdiklis<\/span><\/p>\n<p><span>RS485 \u0161ifruoto \u201eSekureID\u201c skaitytuvo \u012fvestis<\/span><\/p>\n<p><span>2 x \u012f\u0117jimai mygtuko ir dur\u0173 jutiklio atidarymui<\/span><\/p>\n<p><span>2 x rel\u0117s i\u0161\u0117jimai<\/span><\/p>\n<p><span>Prane\u0161imas apie atidarytas duris<\/span><\/p>\n<p><span>Maitinimo \u0161altinis DC 12 V<\/span><\/p>","protected":false},"excerpt":{"rendered":"<p><span>\u201eSekureID\u201c kontrolinis valdiklis<\/span><\/p>\n<p><span>Skirta atskiroms instaliacijoms<\/span><\/p>\n<p><span>\u0160ifruoti \u201eWiegand\u201c \u012f\u0117jimas ir mygtukas<\/span><\/p>\n<p><span>Rel\u0117 NO \/ NC<\/span><\/p>\n<p><span>Atidarymo laiko kontrol\u0117<\/span><\/p>\n<p><span>Maitinimo \u0161altinis DC 12 V<\/span><\/p>","protected":false},"featured_media":15357,"template":"","meta":{"_monsterinsights_skip_tracking":false,"_monsterinsights_sitenote_active":false,"_monsterinsights_sitenote_note":"","_monsterinsights_sitenote_category":0},"product_brand":[],"product_cat":[372,330,403,226],"product_tag":[],"class_list":{"0":"post-18357","1":"product","2":"type-product","3":"status-publish","4":"has-post-thumbnail","6":"product_cat-aksesuarai-easyclocking","7":"product_cat-easyclocking","8":"product_cat-laiko-ir-lankomumo-valdymas","9":"product_cat-praejimo-kontrole","11":"first","12":"instock","13":"taxable","14":"shipping-taxable","15":"purchasable","16":"product-type-simple"},"yoast_head":"<!-- This site is optimized with the Yoast SEO plugin v27.4 - https:\/\/yoast.com\/product\/yoast-seo-wordpress\/ -->\n<title>SK-Kontrolierius - Xkodas<\/title>\n<meta name=\"robots\" content=\"index, follow, max-snippet:-1, max-image-preview:large, max-video-preview:-1\" \/>\n<link rel=\"canonical\" href=\"https:\/\/xkodas.com\/en\/shop\/praejimo-kontrole\/laiko-ir-lankomumo-valdymas\/easyclocking\/sk-kontrolierius\/\" \/>\n<meta property=\"og:locale\" content=\"en_GB\" \/>\n<meta property=\"og:type\" content=\"article\" \/>\n<meta property=\"og:title\" content=\"SK-Kontrolierius - Xkodas\" \/>\n<meta property=\"og:description\" content=\"\u201eSekureID\u201c kontrolinis valdiklis  Skirta atskiroms instaliacijoms  \u0160ifruoti \u201eWiegand\u201c \u012f\u0117jimas ir mygtukas  Rel\u0117 NO \/ NC  Atidarymo laiko kontrol\u0117  Maitinimo \u0161altinis DC 12 V\" \/>\n<meta property=\"og:url\" content=\"https:\/\/xkodas.com\/en\/shop\/praejimo-kontrole\/laiko-ir-lankomumo-valdymas\/easyclocking\/sk-kontrolierius\/\" \/>\n<meta property=\"og:site_name\" content=\"Xkodas\" \/>\n<meta property=\"article:publisher\" content=\"https:\/\/www.facebook.com\/xkodas.lt\" \/>\n<meta property=\"article:modified_time\" content=\"2024-06-06T07:18:02+00:00\" \/>\n<meta property=\"og:image\" content=\"https:\/\/xkodas.com\/wp-content\/uploads\/2024\/05\/SK-Kontrolierius.png\" \/>\n\t<meta property=\"og:image:width\" content=\"500\" \/>\n\t<meta property=\"og:image:height\" content=\"500\" \/>\n\t<meta property=\"og:image:type\" content=\"image\/png\" \/>\n<meta name=\"twitter:card\" content=\"summary_large_image\" \/>\n<script type=\"application\/ld+json\" class=\"yoast-schema-graph\">{\"@context\":\"https:\\\/\\\/schema.org\",\"@graph\":[{\"@type\":\"WebPage\",\"@id\":\"https:\\\/\\\/xkodas.com\\\/en\\\/shop\\\/praejimo-kontrole\\\/laiko-ir-lankomumo-valdymas\\\/easyclocking\\\/sk-kontrolierius\\\/\",\"url\":\"https:\\\/\\\/xkodas.com\\\/en\\\/shop\\\/praejimo-kontrole\\\/laiko-ir-lankomumo-valdymas\\\/easyclocking\\\/sk-kontrolierius\\\/\",\"name\":\"SK-Kontrolierius - Xkodas\",\"isPartOf\":{\"@id\":\"https:\\\/\\\/xkodas.com\\\/en\\\/#website\"},\"primaryImageOfPage\":{\"@id\":\"https:\\\/\\\/xkodas.com\\\/en\\\/shop\\\/praejimo-kontrole\\\/laiko-ir-lankomumo-valdymas\\\/easyclocking\\\/sk-kontrolierius\\\/#primaryimage\"},\"image\":{\"@id\":\"https:\\\/\\\/xkodas.com\\\/en\\\/shop\\\/praejimo-kontrole\\\/laiko-ir-lankomumo-valdymas\\\/easyclocking\\\/sk-kontrolierius\\\/#primaryimage\"},\"thumbnailUrl\":\"https:\\\/\\\/xkodas.com\\\/wp-content\\\/uploads\\\/2024\\\/05\\\/SK-Kontrolierius.png\",\"datePublished\":\"2024-06-06T07:17:42+00:00\",\"dateModified\":\"2024-06-06T07:18:02+00:00\",\"breadcrumb\":{\"@id\":\"https:\\\/\\\/xkodas.com\\\/en\\\/shop\\\/praejimo-kontrole\\\/laiko-ir-lankomumo-valdymas\\\/easyclocking\\\/sk-kontrolierius\\\/#breadcrumb\"},\"inLanguage\":\"en-GB\",\"potentialAction\":[{\"@type\":\"ReadAction\",\"target\":[\"https:\\\/\\\/xkodas.com\\\/en\\\/shop\\\/praejimo-kontrole\\\/laiko-ir-lankomumo-valdymas\\\/easyclocking\\\/sk-kontrolierius\\\/\"]}]},{\"@type\":\"ImageObject\",\"inLanguage\":\"en-GB\",\"@id\":\"https:\\\/\\\/xkodas.com\\\/en\\\/shop\\\/praejimo-kontrole\\\/laiko-ir-lankomumo-valdymas\\\/easyclocking\\\/sk-kontrolierius\\\/#primaryimage\",\"url\":\"https:\\\/\\\/xkodas.com\\\/wp-content\\\/uploads\\\/2024\\\/05\\\/SK-Kontrolierius.png\",\"contentUrl\":\"https:\\\/\\\/xkodas.com\\\/wp-content\\\/uploads\\\/2024\\\/05\\\/SK-Kontrolierius.png\",\"width\":500,\"height\":500},{\"@type\":\"BreadcrumbList\",\"@id\":\"https:\\\/\\\/xkodas.com\\\/en\\\/shop\\\/praejimo-kontrole\\\/laiko-ir-lankomumo-valdymas\\\/easyclocking\\\/sk-kontrolierius\\\/#breadcrumb\",\"itemListElement\":[{\"@type\":\"ListItem\",\"position\":1,\"name\":\"Home\",\"item\":\"https:\\\/\\\/xkodas.com\\\/en\\\/ismaniosios-spynos-visu-tipu-raktai-seifai-xkodas\\\/\"},{\"@type\":\"ListItem\",\"position\":2,\"name\":\"Parduotuv\u0117\",\"item\":\"https:\\\/\\\/xkodas.com\\\/parduotuve\\\/\"},{\"@type\":\"ListItem\",\"position\":3,\"name\":\"SK-Kontrolierius\"}]},{\"@type\":\"WebSite\",\"@id\":\"https:\\\/\\\/xkodas.com\\\/en\\\/#website\",\"url\":\"https:\\\/\\\/xkodas.com\\\/en\\\/\",\"name\":\"Xkodas\",\"description\":\"I\u0161maniosios spynos, rakt\u0173 gamyba, saugos sistemos\",\"publisher\":{\"@id\":\"https:\\\/\\\/xkodas.com\\\/en\\\/#organization\"},\"potentialAction\":[{\"@type\":\"SearchAction\",\"target\":{\"@type\":\"EntryPoint\",\"urlTemplate\":\"https:\\\/\\\/xkodas.com\\\/en\\\/?s={search_term_string}\"},\"query-input\":{\"@type\":\"PropertyValueSpecification\",\"valueRequired\":true,\"valueName\":\"search_term_string\"}}],\"inLanguage\":\"en-GB\"},{\"@type\":\"Organization\",\"@id\":\"https:\\\/\\\/xkodas.com\\\/en\\\/#organization\",\"name\":\"Xkodas\",\"url\":\"https:\\\/\\\/xkodas.com\\\/en\\\/\",\"logo\":{\"@type\":\"ImageObject\",\"inLanguage\":\"en-GB\",\"@id\":\"https:\\\/\\\/xkodas.com\\\/en\\\/#\\\/schema\\\/logo\\\/image\\\/\",\"url\":\"http:\\\/\\\/xkodas.com\\\/wp-content\\\/uploads\\\/2020\\\/02\\\/Xkodas_logo_baltas_500x500-2.jpg\",\"contentUrl\":\"http:\\\/\\\/xkodas.com\\\/wp-content\\\/uploads\\\/2020\\\/02\\\/Xkodas_logo_baltas_500x500-2.jpg\",\"width\":100,\"height\":100,\"caption\":\"Xkodas\"},\"image\":{\"@id\":\"https:\\\/\\\/xkodas.com\\\/en\\\/#\\\/schema\\\/logo\\\/image\\\/\"},\"sameAs\":[\"https:\\\/\\\/www.facebook.com\\\/xkodas.lt\"]}]}<\/script>\n<!-- \/ Yoast SEO plugin. -->","yoast_head_json":{"title":"SK-Kontrolierius - Xkodas","robots":{"index":"index","follow":"follow","max-snippet":"max-snippet:-1","max-image-preview":"max-image-preview:large","max-video-preview":"max-video-preview:-1"},"canonical":"https:\/\/xkodas.com\/en\/shop\/praejimo-kontrole\/laiko-ir-lankomumo-valdymas\/easyclocking\/sk-kontrolierius\/","og_locale":"en_GB","og_type":"article","og_title":"SK-Kontrolierius - Xkodas","og_description":"\u201eSekureID\u201c kontrolinis valdiklis  Skirta atskiroms instaliacijoms  \u0160ifruoti \u201eWiegand\u201c \u012f\u0117jimas ir mygtukas  Rel\u0117 NO \/ NC  Atidarymo laiko kontrol\u0117  Maitinimo \u0161altinis DC 12 V","og_url":"https:\/\/xkodas.com\/en\/shop\/praejimo-kontrole\/laiko-ir-lankomumo-valdymas\/easyclocking\/sk-kontrolierius\/","og_site_name":"Xkodas","article_publisher":"https:\/\/www.facebook.com\/xkodas.lt","article_modified_time":"2024-06-06T07:18:02+00:00","og_image":[{"width":500,"height":500,"url":"https:\/\/xkodas.com\/wp-content\/uploads\/2024\/05\/SK-Kontrolierius.png","type":"image\/png"}],"twitter_card":"summary_large_image","schema":{"@context":"https:\/\/schema.org","@graph":[{"@type":"WebPage","@id":"https:\/\/xkodas.com\/en\/shop\/praejimo-kontrole\/laiko-ir-lankomumo-valdymas\/easyclocking\/sk-kontrolierius\/","url":"https:\/\/xkodas.com\/en\/shop\/praejimo-kontrole\/laiko-ir-lankomumo-valdymas\/easyclocking\/sk-kontrolierius\/","name":"SK-Kontrolierius - Xkodas","isPartOf":{"@id":"https:\/\/xkodas.com\/en\/#website"},"primaryImageOfPage":{"@id":"https:\/\/xkodas.com\/en\/shop\/praejimo-kontrole\/laiko-ir-lankomumo-valdymas\/easyclocking\/sk-kontrolierius\/#primaryimage"},"image":{"@id":"https:\/\/xkodas.com\/en\/shop\/praejimo-kontrole\/laiko-ir-lankomumo-valdymas\/easyclocking\/sk-kontrolierius\/#primaryimage"},"thumbnailUrl":"https:\/\/xkodas.com\/wp-content\/uploads\/2024\/05\/SK-Kontrolierius.png","datePublished":"2024-06-06T07:17:42+00:00","dateModified":"2024-06-06T07:18:02+00:00","breadcrumb":{"@id":"https:\/\/xkodas.com\/en\/shop\/praejimo-kontrole\/laiko-ir-lankomumo-valdymas\/easyclocking\/sk-kontrolierius\/#breadcrumb"},"inLanguage":"en-GB","potentialAction":[{"@type":"ReadAction","target":["https:\/\/xkodas.com\/en\/shop\/praejimo-kontrole\/laiko-ir-lankomumo-valdymas\/easyclocking\/sk-kontrolierius\/"]}]},{"@type":"ImageObject","inLanguage":"en-GB","@id":"https:\/\/xkodas.com\/en\/shop\/praejimo-kontrole\/laiko-ir-lankomumo-valdymas\/easyclocking\/sk-kontrolierius\/#primaryimage","url":"https:\/\/xkodas.com\/wp-content\/uploads\/2024\/05\/SK-Kontrolierius.png","contentUrl":"https:\/\/xkodas.com\/wp-content\/uploads\/2024\/05\/SK-Kontrolierius.png","width":500,"height":500},{"@type":"BreadcrumbList","@id":"https:\/\/xkodas.com\/en\/shop\/praejimo-kontrole\/laiko-ir-lankomumo-valdymas\/easyclocking\/sk-kontrolierius\/#breadcrumb","itemListElement":[{"@type":"ListItem","position":1,"name":"Home","item":"https:\/\/xkodas.com\/en\/ismaniosios-spynos-visu-tipu-raktai-seifai-xkodas\/"},{"@type":"ListItem","position":2,"name":"Parduotuv\u0117","item":"https:\/\/xkodas.com\/parduotuve\/"},{"@type":"ListItem","position":3,"name":"SK-Kontrolierius"}]},{"@type":"WebSite","@id":"https:\/\/xkodas.com\/en\/#website","url":"https:\/\/xkodas.com\/en\/","name":"Xkodas","description":"I\u0161maniosios spynos, rakt\u0173 gamyba, saugos sistemos","publisher":{"@id":"https:\/\/xkodas.com\/en\/#organization"},"potentialAction":[{"@type":"SearchAction","target":{"@type":"EntryPoint","urlTemplate":"https:\/\/xkodas.com\/en\/?s={search_term_string}"},"query-input":{"@type":"PropertyValueSpecification","valueRequired":true,"valueName":"search_term_string"}}],"inLanguage":"en-GB"},{"@type":"Organization","@id":"https:\/\/xkodas.com\/en\/#organization","name":"Xkodas","url":"https:\/\/xkodas.com\/en\/","logo":{"@type":"ImageObject","inLanguage":"en-GB","@id":"https:\/\/xkodas.com\/en\/#\/schema\/logo\/image\/","url":"http:\/\/xkodas.com\/wp-content\/uploads\/2020\/02\/Xkodas_logo_baltas_500x500-2.jpg","contentUrl":"http:\/\/xkodas.com\/wp-content\/uploads\/2020\/02\/Xkodas_logo_baltas_500x500-2.jpg","width":100,"height":100,"caption":"Xkodas"},"image":{"@id":"https:\/\/xkodas.com\/en\/#\/schema\/logo\/image\/"},"sameAs":["https:\/\/www.facebook.com\/xkodas.lt"]}]}},"_links":{"self":[{"href":"https:\/\/xkodas.com\/en\/wp-json\/wp\/v2\/product\/18357","targetHints":{"allow":["GET"]}}],"collection":[{"href":"https:\/\/xkodas.com\/en\/wp-json\/wp\/v2\/product"}],"about":[{"href":"https:\/\/xkodas.com\/en\/wp-json\/wp\/v2\/types\/product"}],"wp:featuredmedia":[{"embeddable":true,"href":"https:\/\/xkodas.com\/en\/wp-json\/wp\/v2\/media\/15357"}],"wp:attachment":[{"href":"https:\/\/xkodas.com\/en\/wp-json\/wp\/v2\/media?parent=18357"}],"wp:term":[{"taxonomy":"product_brand","embeddable":true,"href":"https:\/\/xkodas.com\/en\/wp-json\/wp\/v2\/product_brand?post=18357"},{"taxonomy":"product_cat","embeddable":true,"href":"https:\/\/xkodas.com\/en\/wp-json\/wp\/v2\/product_cat?post=18357"},{"taxonomy":"product_tag","embeddable":true,"href":"https:\/\/xkodas.com\/en\/wp-json\/wp\/v2\/product_tag?post=18357"}],"curies":[{"name":"wp","href":"https:\/\/api.w.org\/{rel}","templated":true}]}}