{"id":18327,"date":"2024-06-06T07:17:14","date_gmt":"2024-06-06T07:17:14","guid":{"rendered":"http:\/\/xkodas.com\/?post_type=product&#038;p=18327"},"modified":"2024-06-06T07:17:31","modified_gmt":"2024-06-06T07:17:31","slug":"praejimo-kontrole-zk-ua400","status":"publish","type":"product","link":"https:\/\/xkodas.com\/en\/shop\/praejimo-kontrole\/laiko-ir-lankomumo-valdymas\/zkteco\/praejimo-kontrole-zk-ua400\/","title":{"rendered":"Pra\u0117jimo kontrol\u0117 ZK-UA400"},"content":{"rendered":"<p><span>ZKTeco<\/span><\/p>\n<p><span>Atskiras laiko ir lankomumo biometrinis skaitytuvas<\/span><\/p>\n<p><span>RDA kortel\u0117, pir\u0161t\u0173 atspaudai, kodai arba kombinacijos<\/span><\/p>\n<p><span>ZK optinis jutiklis<\/span><\/p>\n<p><span>Klaviat\u016bra ir 3 coli\u0173 TFT ekranas<\/span><\/p>\n<p><span>Talpa 3 000 pir\u0161t\u0173 atspaud\u0173 arba korteli\u0173 ir 100 000 \u012fra\u0161\u0173<\/span><\/p>\n<p><span>9 valdymo re\u017eimai pritaikom\u0105 laik\u0105 ir lankomum\u0105<\/span><\/p>\n<p><span>Darbo kodai<\/span><\/p>\n<p><span>Automatinis re\u017eimo perjungimas<\/span><\/p>\n<p><span>Balso indikacijos<\/span><\/p>\n<p><span>Ry\u0161ys: TCP \/ IP, USB \u201eFlash\u201c, RS232 ir RS485<\/span><\/p>\n<p><span>Tvarkara\u0161\u010di\u0173, pamain\u0173 ir cikl\u0173 kontrol\u0117<\/span><\/p>\n<p><span>Suasmeninti prane\u0161imai<\/span><\/p>","protected":false},"excerpt":{"rendered":"<p><span>Laiko ir lankomumo kontrol\u0117<\/span><\/p>\n<p><span>Pir\u0161t\u0173 atspaudai, EM RFID kortel\u0117 ir klaviat\u016bra<\/span><\/p>\n<p><span>3.000 registracij\u0173\/ 100.000 \u012fra\u0161\u0173<\/span><\/p>\n<p><span>TCP \/ IP, RS232, RS485 ir USB<\/span><\/p>\n<p><span>Laiko ir lankomumo re\u017eimo valdymas<\/span><\/p>\n<p><span>\u201eZkTimeNet 3.0 Lite\u201c\u00a0\u201eZkTimeNet 3.0\u201c<\/span><\/p>","protected":false},"featured_media":15266,"template":"","meta":{"_monsterinsights_skip_tracking":false,"_monsterinsights_sitenote_active":false,"_monsterinsights_sitenote_note":"","_monsterinsights_sitenote_category":0},"product_brand":[],"product_cat":[403,226,364,324],"product_tag":[],"class_list":{"0":"post-18327","1":"product","2":"type-product","3":"status-publish","4":"has-post-thumbnail","6":"product_cat-laiko-ir-lankomumo-valdymas","7":"product_cat-praejimo-kontrole","8":"product_cat-terminalai-zkteco","9":"product_cat-zkteco","11":"first","12":"instock","13":"taxable","14":"shipping-taxable","15":"purchasable","16":"product-type-simple"},"yoast_head":"<!-- This site is optimized with the Yoast SEO plugin v27.3 - https:\/\/yoast.com\/product\/yoast-seo-wordpress\/ -->\n<title>Pra\u0117jimo kontrol\u0117 ZK-UA400 - Xkodas<\/title>\n<meta name=\"robots\" content=\"index, follow, max-snippet:-1, max-image-preview:large, max-video-preview:-1\" \/>\n<link rel=\"canonical\" href=\"https:\/\/xkodas.com\/en\/shop\/praejimo-kontrole\/laiko-ir-lankomumo-valdymas\/zkteco\/praejimo-kontrole-zk-ua400\/\" \/>\n<meta property=\"og:locale\" content=\"en_GB\" \/>\n<meta property=\"og:type\" content=\"article\" \/>\n<meta property=\"og:title\" content=\"Pra\u0117jimo kontrol\u0117 ZK-UA400 - Xkodas\" \/>\n<meta property=\"og:description\" content=\"Laiko ir lankomumo kontrol\u0117  Pir\u0161t\u0173 atspaudai, EM RFID kortel\u0117 ir klaviat\u016bra  3.000 registracij\u0173\/ 100.000 \u012fra\u0161\u0173  TCP \/ IP, RS232, RS485 ir USB  Laiko ir lankomumo re\u017eimo valdymas  \u201eZkTimeNet 3.0 Lite\u201c\u00a0\u201eZkTimeNet 3.0\u201c\" \/>\n<meta property=\"og:url\" content=\"https:\/\/xkodas.com\/en\/shop\/praejimo-kontrole\/laiko-ir-lankomumo-valdymas\/zkteco\/praejimo-kontrole-zk-ua400\/\" \/>\n<meta property=\"og:site_name\" content=\"Xkodas\" \/>\n<meta property=\"article:publisher\" content=\"https:\/\/www.facebook.com\/xkodas.lt\" \/>\n<meta property=\"article:modified_time\" content=\"2024-06-06T07:17:31+00:00\" \/>\n<meta property=\"og:image\" content=\"https:\/\/xkodas.com\/wp-content\/uploads\/2024\/05\/Praejimo-kontrole-ZK-UA400.png\" \/>\n\t<meta property=\"og:image:width\" content=\"500\" \/>\n\t<meta property=\"og:image:height\" content=\"500\" \/>\n\t<meta property=\"og:image:type\" content=\"image\/png\" \/>\n<meta name=\"twitter:card\" content=\"summary_large_image\" \/>\n<script type=\"application\/ld+json\" class=\"yoast-schema-graph\">{\"@context\":\"https:\\\/\\\/schema.org\",\"@graph\":[{\"@type\":\"WebPage\",\"@id\":\"https:\\\/\\\/xkodas.com\\\/en\\\/shop\\\/praejimo-kontrole\\\/laiko-ir-lankomumo-valdymas\\\/zkteco\\\/praejimo-kontrole-zk-ua400\\\/\",\"url\":\"https:\\\/\\\/xkodas.com\\\/en\\\/shop\\\/praejimo-kontrole\\\/laiko-ir-lankomumo-valdymas\\\/zkteco\\\/praejimo-kontrole-zk-ua400\\\/\",\"name\":\"Pra\u0117jimo kontrol\u0117 ZK-UA400 - Xkodas\",\"isPartOf\":{\"@id\":\"https:\\\/\\\/xkodas.com\\\/en\\\/#website\"},\"primaryImageOfPage\":{\"@id\":\"https:\\\/\\\/xkodas.com\\\/en\\\/shop\\\/praejimo-kontrole\\\/laiko-ir-lankomumo-valdymas\\\/zkteco\\\/praejimo-kontrole-zk-ua400\\\/#primaryimage\"},\"image\":{\"@id\":\"https:\\\/\\\/xkodas.com\\\/en\\\/shop\\\/praejimo-kontrole\\\/laiko-ir-lankomumo-valdymas\\\/zkteco\\\/praejimo-kontrole-zk-ua400\\\/#primaryimage\"},\"thumbnailUrl\":\"https:\\\/\\\/xkodas.com\\\/wp-content\\\/uploads\\\/2024\\\/05\\\/Praejimo-kontrole-ZK-UA400.png\",\"datePublished\":\"2024-06-06T07:17:14+00:00\",\"dateModified\":\"2024-06-06T07:17:31+00:00\",\"breadcrumb\":{\"@id\":\"https:\\\/\\\/xkodas.com\\\/en\\\/shop\\\/praejimo-kontrole\\\/laiko-ir-lankomumo-valdymas\\\/zkteco\\\/praejimo-kontrole-zk-ua400\\\/#breadcrumb\"},\"inLanguage\":\"en-GB\",\"potentialAction\":[{\"@type\":\"ReadAction\",\"target\":[\"https:\\\/\\\/xkodas.com\\\/en\\\/shop\\\/praejimo-kontrole\\\/laiko-ir-lankomumo-valdymas\\\/zkteco\\\/praejimo-kontrole-zk-ua400\\\/\"]}]},{\"@type\":\"ImageObject\",\"inLanguage\":\"en-GB\",\"@id\":\"https:\\\/\\\/xkodas.com\\\/en\\\/shop\\\/praejimo-kontrole\\\/laiko-ir-lankomumo-valdymas\\\/zkteco\\\/praejimo-kontrole-zk-ua400\\\/#primaryimage\",\"url\":\"https:\\\/\\\/xkodas.com\\\/wp-content\\\/uploads\\\/2024\\\/05\\\/Praejimo-kontrole-ZK-UA400.png\",\"contentUrl\":\"https:\\\/\\\/xkodas.com\\\/wp-content\\\/uploads\\\/2024\\\/05\\\/Praejimo-kontrole-ZK-UA400.png\",\"width\":500,\"height\":500},{\"@type\":\"BreadcrumbList\",\"@id\":\"https:\\\/\\\/xkodas.com\\\/en\\\/shop\\\/praejimo-kontrole\\\/laiko-ir-lankomumo-valdymas\\\/zkteco\\\/praejimo-kontrole-zk-ua400\\\/#breadcrumb\",\"itemListElement\":[{\"@type\":\"ListItem\",\"position\":1,\"name\":\"Home\",\"item\":\"https:\\\/\\\/xkodas.com\\\/en\\\/ismaniosios-spynos-visu-tipu-raktai-seifai-xkodas\\\/\"},{\"@type\":\"ListItem\",\"position\":2,\"name\":\"Parduotuv\u0117\",\"item\":\"https:\\\/\\\/xkodas.com\\\/parduotuve\\\/\"},{\"@type\":\"ListItem\",\"position\":3,\"name\":\"Pra\u0117jimo kontrol\u0117 ZK-UA400\"}]},{\"@type\":\"WebSite\",\"@id\":\"https:\\\/\\\/xkodas.com\\\/en\\\/#website\",\"url\":\"https:\\\/\\\/xkodas.com\\\/en\\\/\",\"name\":\"Xkodas\",\"description\":\"I\u0161maniosios spynos, rakt\u0173 gamyba, saugos sistemos\",\"publisher\":{\"@id\":\"https:\\\/\\\/xkodas.com\\\/en\\\/#organization\"},\"potentialAction\":[{\"@type\":\"SearchAction\",\"target\":{\"@type\":\"EntryPoint\",\"urlTemplate\":\"https:\\\/\\\/xkodas.com\\\/en\\\/?s={search_term_string}\"},\"query-input\":{\"@type\":\"PropertyValueSpecification\",\"valueRequired\":true,\"valueName\":\"search_term_string\"}}],\"inLanguage\":\"en-GB\"},{\"@type\":\"Organization\",\"@id\":\"https:\\\/\\\/xkodas.com\\\/en\\\/#organization\",\"name\":\"Xkodas\",\"url\":\"https:\\\/\\\/xkodas.com\\\/en\\\/\",\"logo\":{\"@type\":\"ImageObject\",\"inLanguage\":\"en-GB\",\"@id\":\"https:\\\/\\\/xkodas.com\\\/en\\\/#\\\/schema\\\/logo\\\/image\\\/\",\"url\":\"http:\\\/\\\/xkodas.com\\\/wp-content\\\/uploads\\\/2020\\\/02\\\/Xkodas_logo_baltas_500x500-2.jpg\",\"contentUrl\":\"http:\\\/\\\/xkodas.com\\\/wp-content\\\/uploads\\\/2020\\\/02\\\/Xkodas_logo_baltas_500x500-2.jpg\",\"width\":100,\"height\":100,\"caption\":\"Xkodas\"},\"image\":{\"@id\":\"https:\\\/\\\/xkodas.com\\\/en\\\/#\\\/schema\\\/logo\\\/image\\\/\"},\"sameAs\":[\"https:\\\/\\\/www.facebook.com\\\/xkodas.lt\"]}]}<\/script>\n<!-- \/ Yoast SEO plugin. -->","yoast_head_json":{"title":"Pra\u0117jimo kontrol\u0117 ZK-UA400 - Xkodas","robots":{"index":"index","follow":"follow","max-snippet":"max-snippet:-1","max-image-preview":"max-image-preview:large","max-video-preview":"max-video-preview:-1"},"canonical":"https:\/\/xkodas.com\/en\/shop\/praejimo-kontrole\/laiko-ir-lankomumo-valdymas\/zkteco\/praejimo-kontrole-zk-ua400\/","og_locale":"en_GB","og_type":"article","og_title":"Pra\u0117jimo kontrol\u0117 ZK-UA400 - Xkodas","og_description":"Laiko ir lankomumo kontrol\u0117  Pir\u0161t\u0173 atspaudai, EM RFID kortel\u0117 ir klaviat\u016bra  3.000 registracij\u0173\/ 100.000 \u012fra\u0161\u0173  TCP \/ IP, RS232, RS485 ir USB  Laiko ir lankomumo re\u017eimo valdymas  \u201eZkTimeNet 3.0 Lite\u201c\u00a0\u201eZkTimeNet 3.0\u201c","og_url":"https:\/\/xkodas.com\/en\/shop\/praejimo-kontrole\/laiko-ir-lankomumo-valdymas\/zkteco\/praejimo-kontrole-zk-ua400\/","og_site_name":"Xkodas","article_publisher":"https:\/\/www.facebook.com\/xkodas.lt","article_modified_time":"2024-06-06T07:17:31+00:00","og_image":[{"width":500,"height":500,"url":"https:\/\/xkodas.com\/wp-content\/uploads\/2024\/05\/Praejimo-kontrole-ZK-UA400.png","type":"image\/png"}],"twitter_card":"summary_large_image","schema":{"@context":"https:\/\/schema.org","@graph":[{"@type":"WebPage","@id":"https:\/\/xkodas.com\/en\/shop\/praejimo-kontrole\/laiko-ir-lankomumo-valdymas\/zkteco\/praejimo-kontrole-zk-ua400\/","url":"https:\/\/xkodas.com\/en\/shop\/praejimo-kontrole\/laiko-ir-lankomumo-valdymas\/zkteco\/praejimo-kontrole-zk-ua400\/","name":"Pra\u0117jimo kontrol\u0117 ZK-UA400 - Xkodas","isPartOf":{"@id":"https:\/\/xkodas.com\/en\/#website"},"primaryImageOfPage":{"@id":"https:\/\/xkodas.com\/en\/shop\/praejimo-kontrole\/laiko-ir-lankomumo-valdymas\/zkteco\/praejimo-kontrole-zk-ua400\/#primaryimage"},"image":{"@id":"https:\/\/xkodas.com\/en\/shop\/praejimo-kontrole\/laiko-ir-lankomumo-valdymas\/zkteco\/praejimo-kontrole-zk-ua400\/#primaryimage"},"thumbnailUrl":"https:\/\/xkodas.com\/wp-content\/uploads\/2024\/05\/Praejimo-kontrole-ZK-UA400.png","datePublished":"2024-06-06T07:17:14+00:00","dateModified":"2024-06-06T07:17:31+00:00","breadcrumb":{"@id":"https:\/\/xkodas.com\/en\/shop\/praejimo-kontrole\/laiko-ir-lankomumo-valdymas\/zkteco\/praejimo-kontrole-zk-ua400\/#breadcrumb"},"inLanguage":"en-GB","potentialAction":[{"@type":"ReadAction","target":["https:\/\/xkodas.com\/en\/shop\/praejimo-kontrole\/laiko-ir-lankomumo-valdymas\/zkteco\/praejimo-kontrole-zk-ua400\/"]}]},{"@type":"ImageObject","inLanguage":"en-GB","@id":"https:\/\/xkodas.com\/en\/shop\/praejimo-kontrole\/laiko-ir-lankomumo-valdymas\/zkteco\/praejimo-kontrole-zk-ua400\/#primaryimage","url":"https:\/\/xkodas.com\/wp-content\/uploads\/2024\/05\/Praejimo-kontrole-ZK-UA400.png","contentUrl":"https:\/\/xkodas.com\/wp-content\/uploads\/2024\/05\/Praejimo-kontrole-ZK-UA400.png","width":500,"height":500},{"@type":"BreadcrumbList","@id":"https:\/\/xkodas.com\/en\/shop\/praejimo-kontrole\/laiko-ir-lankomumo-valdymas\/zkteco\/praejimo-kontrole-zk-ua400\/#breadcrumb","itemListElement":[{"@type":"ListItem","position":1,"name":"Home","item":"https:\/\/xkodas.com\/en\/ismaniosios-spynos-visu-tipu-raktai-seifai-xkodas\/"},{"@type":"ListItem","position":2,"name":"Parduotuv\u0117","item":"https:\/\/xkodas.com\/parduotuve\/"},{"@type":"ListItem","position":3,"name":"Pra\u0117jimo kontrol\u0117 ZK-UA400"}]},{"@type":"WebSite","@id":"https:\/\/xkodas.com\/en\/#website","url":"https:\/\/xkodas.com\/en\/","name":"Xkodas","description":"I\u0161maniosios spynos, rakt\u0173 gamyba, saugos sistemos","publisher":{"@id":"https:\/\/xkodas.com\/en\/#organization"},"potentialAction":[{"@type":"SearchAction","target":{"@type":"EntryPoint","urlTemplate":"https:\/\/xkodas.com\/en\/?s={search_term_string}"},"query-input":{"@type":"PropertyValueSpecification","valueRequired":true,"valueName":"search_term_string"}}],"inLanguage":"en-GB"},{"@type":"Organization","@id":"https:\/\/xkodas.com\/en\/#organization","name":"Xkodas","url":"https:\/\/xkodas.com\/en\/","logo":{"@type":"ImageObject","inLanguage":"en-GB","@id":"https:\/\/xkodas.com\/en\/#\/schema\/logo\/image\/","url":"http:\/\/xkodas.com\/wp-content\/uploads\/2020\/02\/Xkodas_logo_baltas_500x500-2.jpg","contentUrl":"http:\/\/xkodas.com\/wp-content\/uploads\/2020\/02\/Xkodas_logo_baltas_500x500-2.jpg","width":100,"height":100,"caption":"Xkodas"},"image":{"@id":"https:\/\/xkodas.com\/en\/#\/schema\/logo\/image\/"},"sameAs":["https:\/\/www.facebook.com\/xkodas.lt"]}]}},"_links":{"self":[{"href":"https:\/\/xkodas.com\/en\/wp-json\/wp\/v2\/product\/18327","targetHints":{"allow":["GET"]}}],"collection":[{"href":"https:\/\/xkodas.com\/en\/wp-json\/wp\/v2\/product"}],"about":[{"href":"https:\/\/xkodas.com\/en\/wp-json\/wp\/v2\/types\/product"}],"wp:featuredmedia":[{"embeddable":true,"href":"https:\/\/xkodas.com\/en\/wp-json\/wp\/v2\/media\/15266"}],"wp:attachment":[{"href":"https:\/\/xkodas.com\/en\/wp-json\/wp\/v2\/media?parent=18327"}],"wp:term":[{"taxonomy":"product_brand","embeddable":true,"href":"https:\/\/xkodas.com\/en\/wp-json\/wp\/v2\/product_brand?post=18327"},{"taxonomy":"product_cat","embeddable":true,"href":"https:\/\/xkodas.com\/en\/wp-json\/wp\/v2\/product_cat?post=18327"},{"taxonomy":"product_tag","embeddable":true,"href":"https:\/\/xkodas.com\/en\/wp-json\/wp\/v2\/product_tag?post=18327"}],"curies":[{"name":"wp","href":"https:\/\/api.w.org\/{rel}","templated":true}]}}