{"id":18316,"date":"2024-06-06T07:17:12","date_gmt":"2024-06-06T07:17:12","guid":{"rendered":"http:\/\/xkodas.com\/?post_type=product&#038;p=18316"},"modified":"2024-06-06T07:17:21","modified_gmt":"2024-06-06T07:17:21","slug":"praejimo-kontrole-xs-ac1222-pf","status":"publish","type":"product","link":"https:\/\/xkodas.com\/en\/shop\/praejimo-kontrole\/laiko-ir-lankomumo-valdymas\/x-security\/praejimo-kontrole-xs-ac1222-pf\/","title":{"rendered":"Pra\u0117jimo kontrol\u0117 XS-AC1222-PF"},"content":{"rendered":"<p><span>\u201eX-Security\u201c<\/span><\/p>\n<p><span>Atskiras laiko ir lankomumo biometrinis skaitytuvas<\/span><\/p>\n<p><span>Identifikavimas naudojant pir\u0161t\u0173 atspaud\u0173 kod\u0105 arba kombinacija<\/span><\/p>\n<p><span>2,4 &#8220;TFT ekranas ir klaviat\u016bra<\/span><\/p>\n<p><span>1 000 vartotoj\u0173 ir 100 000 \u012fra\u0161\u0173<\/span><\/p>\n<p><span>6 reguliuojamo laiko ir lankomumo re\u017eimai<\/span><\/p>\n<p><span>Tvarkara\u0161\u010di\u0173, pamain\u0173 ir cikl\u0173 kontrol\u0117<\/span><\/p>\n<p><span>Balso indikacijos visoms operacijoms<\/span><\/p>\n<p><span>Ry\u0161ys, TCP \/ IP, USB blykst\u0117<\/span><\/p>\n<p><span>Suderinamas su \u201eSmart-PSS\u201c<\/span><\/p>","protected":false},"excerpt":{"rendered":"<p><span>\u201eX-Security\u201c lankomumo terminalas<\/span><\/p>\n<p><span>Pir\u0161t\u0173 atspaudai ir klaviat\u016bra<\/span><\/p>\n<p><span>1.000 vartotoj\u0173 \/ 100.000 registr\u0173<\/span><\/p>\n<p><span>TCP \/ IP, USB<\/span><\/p>\n<p><span>6 Laiko ir lankomumo re\u017eimai<\/span><\/p>\n<p><span>Suderinamas su \u201eSmart-PSS\u201c<\/span><\/p>","protected":false},"featured_media":15231,"template":"","meta":{"_monsterinsights_skip_tracking":false,"_monsterinsights_sitenote_active":false,"_monsterinsights_sitenote_note":"","_monsterinsights_sitenote_category":0},"product_brand":[],"product_cat":[403,226,369,335],"product_tag":[],"class_list":{"0":"post-18316","1":"product","2":"type-product","3":"status-publish","4":"has-post-thumbnail","6":"product_cat-laiko-ir-lankomumo-valdymas","7":"product_cat-praejimo-kontrole","8":"product_cat-terminalai-x-security-vaizdo-domofonai","9":"product_cat-x-security","11":"first","12":"instock","13":"taxable","14":"shipping-taxable","15":"purchasable","16":"product-type-simple"},"yoast_head":"<!-- This site is optimized with the Yoast SEO plugin v27.4 - https:\/\/yoast.com\/product\/yoast-seo-wordpress\/ -->\n<title>Pra\u0117jimo kontrol\u0117 XS-AC1222-PF - Xkodas<\/title>\n<meta name=\"robots\" content=\"index, follow, max-snippet:-1, max-image-preview:large, max-video-preview:-1\" \/>\n<link rel=\"canonical\" href=\"https:\/\/xkodas.com\/en\/shop\/praejimo-kontrole\/laiko-ir-lankomumo-valdymas\/x-security\/praejimo-kontrole-xs-ac1222-pf\/\" \/>\n<meta property=\"og:locale\" content=\"en_GB\" \/>\n<meta property=\"og:type\" content=\"article\" \/>\n<meta property=\"og:title\" content=\"Pra\u0117jimo kontrol\u0117 XS-AC1222-PF - Xkodas\" \/>\n<meta property=\"og:description\" content=\"\u201eX-Security\u201c lankomumo terminalas  Pir\u0161t\u0173 atspaudai ir klaviat\u016bra  1.000 vartotoj\u0173 \/ 100.000 registr\u0173  TCP \/ IP, USB  6 Laiko ir lankomumo re\u017eimai  Suderinamas su \u201eSmart-PSS\u201c\" \/>\n<meta property=\"og:url\" content=\"https:\/\/xkodas.com\/en\/shop\/praejimo-kontrole\/laiko-ir-lankomumo-valdymas\/x-security\/praejimo-kontrole-xs-ac1222-pf\/\" \/>\n<meta property=\"og:site_name\" content=\"Xkodas\" \/>\n<meta property=\"article:publisher\" content=\"https:\/\/www.facebook.com\/xkodas.lt\" \/>\n<meta property=\"article:modified_time\" content=\"2024-06-06T07:17:21+00:00\" \/>\n<meta property=\"og:image\" content=\"https:\/\/xkodas.com\/wp-content\/uploads\/2024\/05\/Praejimo-kontrole-XS-AC1222-PF.png\" \/>\n\t<meta property=\"og:image:width\" content=\"500\" \/>\n\t<meta property=\"og:image:height\" content=\"500\" \/>\n\t<meta property=\"og:image:type\" content=\"image\/png\" \/>\n<meta name=\"twitter:card\" content=\"summary_large_image\" \/>\n<script type=\"application\/ld+json\" class=\"yoast-schema-graph\">{\"@context\":\"https:\\\/\\\/schema.org\",\"@graph\":[{\"@type\":\"WebPage\",\"@id\":\"https:\\\/\\\/xkodas.com\\\/en\\\/shop\\\/praejimo-kontrole\\\/laiko-ir-lankomumo-valdymas\\\/x-security\\\/praejimo-kontrole-xs-ac1222-pf\\\/\",\"url\":\"https:\\\/\\\/xkodas.com\\\/en\\\/shop\\\/praejimo-kontrole\\\/laiko-ir-lankomumo-valdymas\\\/x-security\\\/praejimo-kontrole-xs-ac1222-pf\\\/\",\"name\":\"Pra\u0117jimo kontrol\u0117 XS-AC1222-PF - Xkodas\",\"isPartOf\":{\"@id\":\"https:\\\/\\\/xkodas.com\\\/en\\\/#website\"},\"primaryImageOfPage\":{\"@id\":\"https:\\\/\\\/xkodas.com\\\/en\\\/shop\\\/praejimo-kontrole\\\/laiko-ir-lankomumo-valdymas\\\/x-security\\\/praejimo-kontrole-xs-ac1222-pf\\\/#primaryimage\"},\"image\":{\"@id\":\"https:\\\/\\\/xkodas.com\\\/en\\\/shop\\\/praejimo-kontrole\\\/laiko-ir-lankomumo-valdymas\\\/x-security\\\/praejimo-kontrole-xs-ac1222-pf\\\/#primaryimage\"},\"thumbnailUrl\":\"https:\\\/\\\/xkodas.com\\\/wp-content\\\/uploads\\\/2024\\\/05\\\/Praejimo-kontrole-XS-AC1222-PF.png\",\"datePublished\":\"2024-06-06T07:17:12+00:00\",\"dateModified\":\"2024-06-06T07:17:21+00:00\",\"breadcrumb\":{\"@id\":\"https:\\\/\\\/xkodas.com\\\/en\\\/shop\\\/praejimo-kontrole\\\/laiko-ir-lankomumo-valdymas\\\/x-security\\\/praejimo-kontrole-xs-ac1222-pf\\\/#breadcrumb\"},\"inLanguage\":\"en-GB\",\"potentialAction\":[{\"@type\":\"ReadAction\",\"target\":[\"https:\\\/\\\/xkodas.com\\\/en\\\/shop\\\/praejimo-kontrole\\\/laiko-ir-lankomumo-valdymas\\\/x-security\\\/praejimo-kontrole-xs-ac1222-pf\\\/\"]}]},{\"@type\":\"ImageObject\",\"inLanguage\":\"en-GB\",\"@id\":\"https:\\\/\\\/xkodas.com\\\/en\\\/shop\\\/praejimo-kontrole\\\/laiko-ir-lankomumo-valdymas\\\/x-security\\\/praejimo-kontrole-xs-ac1222-pf\\\/#primaryimage\",\"url\":\"https:\\\/\\\/xkodas.com\\\/wp-content\\\/uploads\\\/2024\\\/05\\\/Praejimo-kontrole-XS-AC1222-PF.png\",\"contentUrl\":\"https:\\\/\\\/xkodas.com\\\/wp-content\\\/uploads\\\/2024\\\/05\\\/Praejimo-kontrole-XS-AC1222-PF.png\",\"width\":500,\"height\":500},{\"@type\":\"BreadcrumbList\",\"@id\":\"https:\\\/\\\/xkodas.com\\\/en\\\/shop\\\/praejimo-kontrole\\\/laiko-ir-lankomumo-valdymas\\\/x-security\\\/praejimo-kontrole-xs-ac1222-pf\\\/#breadcrumb\",\"itemListElement\":[{\"@type\":\"ListItem\",\"position\":1,\"name\":\"Home\",\"item\":\"https:\\\/\\\/xkodas.com\\\/en\\\/ismaniosios-spynos-visu-tipu-raktai-seifai-xkodas\\\/\"},{\"@type\":\"ListItem\",\"position\":2,\"name\":\"Parduotuv\u0117\",\"item\":\"https:\\\/\\\/xkodas.com\\\/parduotuve\\\/\"},{\"@type\":\"ListItem\",\"position\":3,\"name\":\"Pra\u0117jimo kontrol\u0117 XS-AC1222-PF\"}]},{\"@type\":\"WebSite\",\"@id\":\"https:\\\/\\\/xkodas.com\\\/en\\\/#website\",\"url\":\"https:\\\/\\\/xkodas.com\\\/en\\\/\",\"name\":\"Xkodas\",\"description\":\"I\u0161maniosios spynos, rakt\u0173 gamyba, saugos sistemos\",\"publisher\":{\"@id\":\"https:\\\/\\\/xkodas.com\\\/en\\\/#organization\"},\"potentialAction\":[{\"@type\":\"SearchAction\",\"target\":{\"@type\":\"EntryPoint\",\"urlTemplate\":\"https:\\\/\\\/xkodas.com\\\/en\\\/?s={search_term_string}\"},\"query-input\":{\"@type\":\"PropertyValueSpecification\",\"valueRequired\":true,\"valueName\":\"search_term_string\"}}],\"inLanguage\":\"en-GB\"},{\"@type\":\"Organization\",\"@id\":\"https:\\\/\\\/xkodas.com\\\/en\\\/#organization\",\"name\":\"Xkodas\",\"url\":\"https:\\\/\\\/xkodas.com\\\/en\\\/\",\"logo\":{\"@type\":\"ImageObject\",\"inLanguage\":\"en-GB\",\"@id\":\"https:\\\/\\\/xkodas.com\\\/en\\\/#\\\/schema\\\/logo\\\/image\\\/\",\"url\":\"http:\\\/\\\/xkodas.com\\\/wp-content\\\/uploads\\\/2020\\\/02\\\/Xkodas_logo_baltas_500x500-2.jpg\",\"contentUrl\":\"http:\\\/\\\/xkodas.com\\\/wp-content\\\/uploads\\\/2020\\\/02\\\/Xkodas_logo_baltas_500x500-2.jpg\",\"width\":100,\"height\":100,\"caption\":\"Xkodas\"},\"image\":{\"@id\":\"https:\\\/\\\/xkodas.com\\\/en\\\/#\\\/schema\\\/logo\\\/image\\\/\"},\"sameAs\":[\"https:\\\/\\\/www.facebook.com\\\/xkodas.lt\"]}]}<\/script>\n<!-- \/ Yoast SEO plugin. -->","yoast_head_json":{"title":"Pra\u0117jimo kontrol\u0117 XS-AC1222-PF - Xkodas","robots":{"index":"index","follow":"follow","max-snippet":"max-snippet:-1","max-image-preview":"max-image-preview:large","max-video-preview":"max-video-preview:-1"},"canonical":"https:\/\/xkodas.com\/en\/shop\/praejimo-kontrole\/laiko-ir-lankomumo-valdymas\/x-security\/praejimo-kontrole-xs-ac1222-pf\/","og_locale":"en_GB","og_type":"article","og_title":"Pra\u0117jimo kontrol\u0117 XS-AC1222-PF - Xkodas","og_description":"\u201eX-Security\u201c lankomumo terminalas  Pir\u0161t\u0173 atspaudai ir klaviat\u016bra  1.000 vartotoj\u0173 \/ 100.000 registr\u0173  TCP \/ IP, USB  6 Laiko ir lankomumo re\u017eimai  Suderinamas su \u201eSmart-PSS\u201c","og_url":"https:\/\/xkodas.com\/en\/shop\/praejimo-kontrole\/laiko-ir-lankomumo-valdymas\/x-security\/praejimo-kontrole-xs-ac1222-pf\/","og_site_name":"Xkodas","article_publisher":"https:\/\/www.facebook.com\/xkodas.lt","article_modified_time":"2024-06-06T07:17:21+00:00","og_image":[{"width":500,"height":500,"url":"https:\/\/xkodas.com\/wp-content\/uploads\/2024\/05\/Praejimo-kontrole-XS-AC1222-PF.png","type":"image\/png"}],"twitter_card":"summary_large_image","schema":{"@context":"https:\/\/schema.org","@graph":[{"@type":"WebPage","@id":"https:\/\/xkodas.com\/en\/shop\/praejimo-kontrole\/laiko-ir-lankomumo-valdymas\/x-security\/praejimo-kontrole-xs-ac1222-pf\/","url":"https:\/\/xkodas.com\/en\/shop\/praejimo-kontrole\/laiko-ir-lankomumo-valdymas\/x-security\/praejimo-kontrole-xs-ac1222-pf\/","name":"Pra\u0117jimo kontrol\u0117 XS-AC1222-PF - Xkodas","isPartOf":{"@id":"https:\/\/xkodas.com\/en\/#website"},"primaryImageOfPage":{"@id":"https:\/\/xkodas.com\/en\/shop\/praejimo-kontrole\/laiko-ir-lankomumo-valdymas\/x-security\/praejimo-kontrole-xs-ac1222-pf\/#primaryimage"},"image":{"@id":"https:\/\/xkodas.com\/en\/shop\/praejimo-kontrole\/laiko-ir-lankomumo-valdymas\/x-security\/praejimo-kontrole-xs-ac1222-pf\/#primaryimage"},"thumbnailUrl":"https:\/\/xkodas.com\/wp-content\/uploads\/2024\/05\/Praejimo-kontrole-XS-AC1222-PF.png","datePublished":"2024-06-06T07:17:12+00:00","dateModified":"2024-06-06T07:17:21+00:00","breadcrumb":{"@id":"https:\/\/xkodas.com\/en\/shop\/praejimo-kontrole\/laiko-ir-lankomumo-valdymas\/x-security\/praejimo-kontrole-xs-ac1222-pf\/#breadcrumb"},"inLanguage":"en-GB","potentialAction":[{"@type":"ReadAction","target":["https:\/\/xkodas.com\/en\/shop\/praejimo-kontrole\/laiko-ir-lankomumo-valdymas\/x-security\/praejimo-kontrole-xs-ac1222-pf\/"]}]},{"@type":"ImageObject","inLanguage":"en-GB","@id":"https:\/\/xkodas.com\/en\/shop\/praejimo-kontrole\/laiko-ir-lankomumo-valdymas\/x-security\/praejimo-kontrole-xs-ac1222-pf\/#primaryimage","url":"https:\/\/xkodas.com\/wp-content\/uploads\/2024\/05\/Praejimo-kontrole-XS-AC1222-PF.png","contentUrl":"https:\/\/xkodas.com\/wp-content\/uploads\/2024\/05\/Praejimo-kontrole-XS-AC1222-PF.png","width":500,"height":500},{"@type":"BreadcrumbList","@id":"https:\/\/xkodas.com\/en\/shop\/praejimo-kontrole\/laiko-ir-lankomumo-valdymas\/x-security\/praejimo-kontrole-xs-ac1222-pf\/#breadcrumb","itemListElement":[{"@type":"ListItem","position":1,"name":"Home","item":"https:\/\/xkodas.com\/en\/ismaniosios-spynos-visu-tipu-raktai-seifai-xkodas\/"},{"@type":"ListItem","position":2,"name":"Parduotuv\u0117","item":"https:\/\/xkodas.com\/parduotuve\/"},{"@type":"ListItem","position":3,"name":"Pra\u0117jimo kontrol\u0117 XS-AC1222-PF"}]},{"@type":"WebSite","@id":"https:\/\/xkodas.com\/en\/#website","url":"https:\/\/xkodas.com\/en\/","name":"Xkodas","description":"I\u0161maniosios spynos, rakt\u0173 gamyba, saugos sistemos","publisher":{"@id":"https:\/\/xkodas.com\/en\/#organization"},"potentialAction":[{"@type":"SearchAction","target":{"@type":"EntryPoint","urlTemplate":"https:\/\/xkodas.com\/en\/?s={search_term_string}"},"query-input":{"@type":"PropertyValueSpecification","valueRequired":true,"valueName":"search_term_string"}}],"inLanguage":"en-GB"},{"@type":"Organization","@id":"https:\/\/xkodas.com\/en\/#organization","name":"Xkodas","url":"https:\/\/xkodas.com\/en\/","logo":{"@type":"ImageObject","inLanguage":"en-GB","@id":"https:\/\/xkodas.com\/en\/#\/schema\/logo\/image\/","url":"http:\/\/xkodas.com\/wp-content\/uploads\/2020\/02\/Xkodas_logo_baltas_500x500-2.jpg","contentUrl":"http:\/\/xkodas.com\/wp-content\/uploads\/2020\/02\/Xkodas_logo_baltas_500x500-2.jpg","width":100,"height":100,"caption":"Xkodas"},"image":{"@id":"https:\/\/xkodas.com\/en\/#\/schema\/logo\/image\/"},"sameAs":["https:\/\/www.facebook.com\/xkodas.lt"]}]}},"_links":{"self":[{"href":"https:\/\/xkodas.com\/en\/wp-json\/wp\/v2\/product\/18316","targetHints":{"allow":["GET"]}}],"collection":[{"href":"https:\/\/xkodas.com\/en\/wp-json\/wp\/v2\/product"}],"about":[{"href":"https:\/\/xkodas.com\/en\/wp-json\/wp\/v2\/types\/product"}],"wp:featuredmedia":[{"embeddable":true,"href":"https:\/\/xkodas.com\/en\/wp-json\/wp\/v2\/media\/15231"}],"wp:attachment":[{"href":"https:\/\/xkodas.com\/en\/wp-json\/wp\/v2\/media?parent=18316"}],"wp:term":[{"taxonomy":"product_brand","embeddable":true,"href":"https:\/\/xkodas.com\/en\/wp-json\/wp\/v2\/product_brand?post=18316"},{"taxonomy":"product_cat","embeddable":true,"href":"https:\/\/xkodas.com\/en\/wp-json\/wp\/v2\/product_cat?post=18316"},{"taxonomy":"product_tag","embeddable":true,"href":"https:\/\/xkodas.com\/en\/wp-json\/wp\/v2\/product_tag?post=18316"}],"curies":[{"name":"wp","href":"https:\/\/api.w.org\/{rel}","templated":true}]}}