{"id":18304,"date":"2024-06-06T07:16:53","date_gmt":"2024-06-06T07:16:53","guid":{"rendered":"http:\/\/xkodas.com\/?post_type=product&#038;p=18304"},"modified":"2024-06-06T07:17:05","modified_gmt":"2024-06-06T07:17:05","slug":"veido-atpazinimo-kontrole-sf-ac3166mfr-ip-2","status":"publish","type":"product","link":"https:\/\/xkodas.com\/en\/shop\/praejimo-kontrole\/laiko-ir-lankomumo-valdymas\/safire-laiko-ir-lankomumo-kontrole\/veido-atpazinimo-kontrole-sf-ac3166mfr-ip-2\/","title":{"rendered":"Veido atpa\u017einimo kontrol\u0117 SF-AC3166MFR-IP"},"content":{"rendered":"<p><span>\u201eSafire\u201c<\/span><\/p>\n<p><span>Autonominis biometrinis skaitytuvas pra\u0117jimui, laiko ir lankomumo kontrolei<\/span><\/p>\n<p><span>Identifikavimas naudojant \u201eMifare\u201c kortel\u0119, veido atpa\u017einimas, slapta\u017eodis\u00a0 arba kombinacija<\/span><\/p>\n<p><span>7 &#8220;TFT ekranas su spalvotu ir lietimu<\/span><\/p>\n<p><span>Talpa 6 000 vartotoj\u0173 ir 50 000 \u012fra\u0161\u0173<\/span><\/p>\n<p><span>TCP \/ IP, \u201eWiegand\u201c, RS485 ir USB ry\u0161ys<\/span><\/p>\n<p><span>Integruotas valdiklis (dur\u0173 jutiklis, mygtukas ir rel\u0117)<\/span><\/p>\n<p><span>Aliarmo \u012fvestis ir i\u0161vestis<\/span><\/p>\n<p><span>Dviej\u0173 jutikli\u0173 kamera veido atpa\u017einimui<\/span><\/p>\n<p><span>Didelis na\u0161umas tamsiomis s\u0105lygomis<\/span><\/p>\n<p><span>Skambu\u010diai \u012f vaizdo domofono monitori\u0173<\/span><\/p>\n<p><span>Tinka i\u0161or\u0117s IP65<\/span><\/p>\n<p><span>Suderinamas su \u201eSafire Control Center\u201c programine \u012franga<\/span><\/p>","protected":false},"excerpt":{"rendered":"<p><span>Pra\u0117jimo ir lankomumo kontrol\u0117<\/span><\/p>\n<p><span>Veido atpa\u017einimas ir kortel\u0117<\/span><\/p>\n<p><span>6000 vartotoj\u0173 \/ 50 000 registr\u0173<\/span><\/p>\n<p><span>TCP \/ IP, USB<\/span><\/p>\n<p><span>Integruotas valdiklis (jutiklis, mygtukas ir rel\u0117)<\/span><\/p>\n<p><span>Programin\u0117 \u012franga \u201eSafire\u201c valdymo centras AC<\/span><\/p>","protected":false},"featured_media":15185,"template":"","meta":{"_monsterinsights_skip_tracking":false,"_monsterinsights_sitenote_active":false,"_monsterinsights_sitenote_note":"","_monsterinsights_sitenote_category":0},"product_brand":[],"product_cat":[403,226,322,362],"product_tag":[],"class_list":{"0":"post-18304","1":"product","2":"type-product","3":"status-publish","4":"has-post-thumbnail","6":"product_cat-laiko-ir-lankomumo-valdymas","7":"product_cat-praejimo-kontrole","8":"product_cat-safire-laiko-ir-lankomumo-kontrole","9":"product_cat-terminalai","11":"first","12":"instock","13":"taxable","14":"shipping-taxable","15":"purchasable","16":"product-type-simple"},"yoast_head":"<!-- This site is optimized with the Yoast SEO plugin v27.4 - https:\/\/yoast.com\/product\/yoast-seo-wordpress\/ -->\n<title>Veido atpa\u017einimo kontrol\u0117 SF-AC3166MFR-IP - Xkodas<\/title>\n<meta name=\"robots\" content=\"index, follow, max-snippet:-1, max-image-preview:large, max-video-preview:-1\" \/>\n<link rel=\"canonical\" href=\"https:\/\/xkodas.com\/en\/shop\/praejimo-kontrole\/laiko-ir-lankomumo-valdymas\/safire-laiko-ir-lankomumo-kontrole\/veido-atpazinimo-kontrole-sf-ac3166mfr-ip-2\/\" \/>\n<meta property=\"og:locale\" content=\"en_GB\" \/>\n<meta property=\"og:type\" content=\"article\" \/>\n<meta property=\"og:title\" content=\"Veido atpa\u017einimo kontrol\u0117 SF-AC3166MFR-IP - Xkodas\" \/>\n<meta property=\"og:description\" content=\"Pra\u0117jimo ir lankomumo kontrol\u0117  Veido atpa\u017einimas ir kortel\u0117  6000 vartotoj\u0173 \/ 50 000 registr\u0173  TCP \/ IP, USB  Integruotas valdiklis (jutiklis, mygtukas ir rel\u0117)  Programin\u0117 \u012franga \u201eSafire\u201c valdymo centras AC\" \/>\n<meta property=\"og:url\" content=\"https:\/\/xkodas.com\/en\/shop\/praejimo-kontrole\/laiko-ir-lankomumo-valdymas\/safire-laiko-ir-lankomumo-kontrole\/veido-atpazinimo-kontrole-sf-ac3166mfr-ip-2\/\" \/>\n<meta property=\"og:site_name\" content=\"Xkodas\" \/>\n<meta property=\"article:publisher\" content=\"https:\/\/www.facebook.com\/xkodas.lt\" \/>\n<meta property=\"article:modified_time\" content=\"2024-06-06T07:17:05+00:00\" \/>\n<meta property=\"og:image\" content=\"https:\/\/xkodas.com\/wp-content\/uploads\/2024\/05\/Veido-atpazinimo-kontrole-SF-AC3166MFR-IP.png\" \/>\n\t<meta property=\"og:image:width\" content=\"500\" \/>\n\t<meta property=\"og:image:height\" content=\"500\" \/>\n\t<meta property=\"og:image:type\" content=\"image\/png\" \/>\n<meta name=\"twitter:card\" content=\"summary_large_image\" \/>\n<script type=\"application\/ld+json\" class=\"yoast-schema-graph\">{\"@context\":\"https:\\\/\\\/schema.org\",\"@graph\":[{\"@type\":\"WebPage\",\"@id\":\"https:\\\/\\\/xkodas.com\\\/en\\\/shop\\\/praejimo-kontrole\\\/laiko-ir-lankomumo-valdymas\\\/safire-laiko-ir-lankomumo-kontrole\\\/veido-atpazinimo-kontrole-sf-ac3166mfr-ip-2\\\/\",\"url\":\"https:\\\/\\\/xkodas.com\\\/en\\\/shop\\\/praejimo-kontrole\\\/laiko-ir-lankomumo-valdymas\\\/safire-laiko-ir-lankomumo-kontrole\\\/veido-atpazinimo-kontrole-sf-ac3166mfr-ip-2\\\/\",\"name\":\"Veido atpa\u017einimo kontrol\u0117 SF-AC3166MFR-IP - Xkodas\",\"isPartOf\":{\"@id\":\"https:\\\/\\\/xkodas.com\\\/en\\\/#website\"},\"primaryImageOfPage\":{\"@id\":\"https:\\\/\\\/xkodas.com\\\/en\\\/shop\\\/praejimo-kontrole\\\/laiko-ir-lankomumo-valdymas\\\/safire-laiko-ir-lankomumo-kontrole\\\/veido-atpazinimo-kontrole-sf-ac3166mfr-ip-2\\\/#primaryimage\"},\"image\":{\"@id\":\"https:\\\/\\\/xkodas.com\\\/en\\\/shop\\\/praejimo-kontrole\\\/laiko-ir-lankomumo-valdymas\\\/safire-laiko-ir-lankomumo-kontrole\\\/veido-atpazinimo-kontrole-sf-ac3166mfr-ip-2\\\/#primaryimage\"},\"thumbnailUrl\":\"https:\\\/\\\/xkodas.com\\\/wp-content\\\/uploads\\\/2024\\\/05\\\/Veido-atpazinimo-kontrole-SF-AC3166MFR-IP.png\",\"datePublished\":\"2024-06-06T07:16:53+00:00\",\"dateModified\":\"2024-06-06T07:17:05+00:00\",\"breadcrumb\":{\"@id\":\"https:\\\/\\\/xkodas.com\\\/en\\\/shop\\\/praejimo-kontrole\\\/laiko-ir-lankomumo-valdymas\\\/safire-laiko-ir-lankomumo-kontrole\\\/veido-atpazinimo-kontrole-sf-ac3166mfr-ip-2\\\/#breadcrumb\"},\"inLanguage\":\"en-GB\",\"potentialAction\":[{\"@type\":\"ReadAction\",\"target\":[\"https:\\\/\\\/xkodas.com\\\/en\\\/shop\\\/praejimo-kontrole\\\/laiko-ir-lankomumo-valdymas\\\/safire-laiko-ir-lankomumo-kontrole\\\/veido-atpazinimo-kontrole-sf-ac3166mfr-ip-2\\\/\"]}]},{\"@type\":\"ImageObject\",\"inLanguage\":\"en-GB\",\"@id\":\"https:\\\/\\\/xkodas.com\\\/en\\\/shop\\\/praejimo-kontrole\\\/laiko-ir-lankomumo-valdymas\\\/safire-laiko-ir-lankomumo-kontrole\\\/veido-atpazinimo-kontrole-sf-ac3166mfr-ip-2\\\/#primaryimage\",\"url\":\"https:\\\/\\\/xkodas.com\\\/wp-content\\\/uploads\\\/2024\\\/05\\\/Veido-atpazinimo-kontrole-SF-AC3166MFR-IP.png\",\"contentUrl\":\"https:\\\/\\\/xkodas.com\\\/wp-content\\\/uploads\\\/2024\\\/05\\\/Veido-atpazinimo-kontrole-SF-AC3166MFR-IP.png\",\"width\":500,\"height\":500},{\"@type\":\"BreadcrumbList\",\"@id\":\"https:\\\/\\\/xkodas.com\\\/en\\\/shop\\\/praejimo-kontrole\\\/laiko-ir-lankomumo-valdymas\\\/safire-laiko-ir-lankomumo-kontrole\\\/veido-atpazinimo-kontrole-sf-ac3166mfr-ip-2\\\/#breadcrumb\",\"itemListElement\":[{\"@type\":\"ListItem\",\"position\":1,\"name\":\"Home\",\"item\":\"https:\\\/\\\/xkodas.com\\\/en\\\/ismaniosios-spynos-visu-tipu-raktai-seifai-xkodas\\\/\"},{\"@type\":\"ListItem\",\"position\":2,\"name\":\"Parduotuv\u0117\",\"item\":\"https:\\\/\\\/xkodas.com\\\/parduotuve\\\/\"},{\"@type\":\"ListItem\",\"position\":3,\"name\":\"Veido atpa\u017einimo kontrol\u0117 SF-AC3166MFR-IP\"}]},{\"@type\":\"WebSite\",\"@id\":\"https:\\\/\\\/xkodas.com\\\/en\\\/#website\",\"url\":\"https:\\\/\\\/xkodas.com\\\/en\\\/\",\"name\":\"Xkodas\",\"description\":\"I\u0161maniosios spynos, rakt\u0173 gamyba, saugos sistemos\",\"publisher\":{\"@id\":\"https:\\\/\\\/xkodas.com\\\/en\\\/#organization\"},\"potentialAction\":[{\"@type\":\"SearchAction\",\"target\":{\"@type\":\"EntryPoint\",\"urlTemplate\":\"https:\\\/\\\/xkodas.com\\\/en\\\/?s={search_term_string}\"},\"query-input\":{\"@type\":\"PropertyValueSpecification\",\"valueRequired\":true,\"valueName\":\"search_term_string\"}}],\"inLanguage\":\"en-GB\"},{\"@type\":\"Organization\",\"@id\":\"https:\\\/\\\/xkodas.com\\\/en\\\/#organization\",\"name\":\"Xkodas\",\"url\":\"https:\\\/\\\/xkodas.com\\\/en\\\/\",\"logo\":{\"@type\":\"ImageObject\",\"inLanguage\":\"en-GB\",\"@id\":\"https:\\\/\\\/xkodas.com\\\/en\\\/#\\\/schema\\\/logo\\\/image\\\/\",\"url\":\"http:\\\/\\\/xkodas.com\\\/wp-content\\\/uploads\\\/2020\\\/02\\\/Xkodas_logo_baltas_500x500-2.jpg\",\"contentUrl\":\"http:\\\/\\\/xkodas.com\\\/wp-content\\\/uploads\\\/2020\\\/02\\\/Xkodas_logo_baltas_500x500-2.jpg\",\"width\":100,\"height\":100,\"caption\":\"Xkodas\"},\"image\":{\"@id\":\"https:\\\/\\\/xkodas.com\\\/en\\\/#\\\/schema\\\/logo\\\/image\\\/\"},\"sameAs\":[\"https:\\\/\\\/www.facebook.com\\\/xkodas.lt\"]}]}<\/script>\n<!-- \/ Yoast SEO plugin. -->","yoast_head_json":{"title":"Veido atpa\u017einimo kontrol\u0117 SF-AC3166MFR-IP - Xkodas","robots":{"index":"index","follow":"follow","max-snippet":"max-snippet:-1","max-image-preview":"max-image-preview:large","max-video-preview":"max-video-preview:-1"},"canonical":"https:\/\/xkodas.com\/en\/shop\/praejimo-kontrole\/laiko-ir-lankomumo-valdymas\/safire-laiko-ir-lankomumo-kontrole\/veido-atpazinimo-kontrole-sf-ac3166mfr-ip-2\/","og_locale":"en_GB","og_type":"article","og_title":"Veido atpa\u017einimo kontrol\u0117 SF-AC3166MFR-IP - Xkodas","og_description":"Pra\u0117jimo ir lankomumo kontrol\u0117  Veido atpa\u017einimas ir kortel\u0117  6000 vartotoj\u0173 \/ 50 000 registr\u0173  TCP \/ IP, USB  Integruotas valdiklis (jutiklis, mygtukas ir rel\u0117)  Programin\u0117 \u012franga \u201eSafire\u201c valdymo centras AC","og_url":"https:\/\/xkodas.com\/en\/shop\/praejimo-kontrole\/laiko-ir-lankomumo-valdymas\/safire-laiko-ir-lankomumo-kontrole\/veido-atpazinimo-kontrole-sf-ac3166mfr-ip-2\/","og_site_name":"Xkodas","article_publisher":"https:\/\/www.facebook.com\/xkodas.lt","article_modified_time":"2024-06-06T07:17:05+00:00","og_image":[{"width":500,"height":500,"url":"https:\/\/xkodas.com\/wp-content\/uploads\/2024\/05\/Veido-atpazinimo-kontrole-SF-AC3166MFR-IP.png","type":"image\/png"}],"twitter_card":"summary_large_image","schema":{"@context":"https:\/\/schema.org","@graph":[{"@type":"WebPage","@id":"https:\/\/xkodas.com\/en\/shop\/praejimo-kontrole\/laiko-ir-lankomumo-valdymas\/safire-laiko-ir-lankomumo-kontrole\/veido-atpazinimo-kontrole-sf-ac3166mfr-ip-2\/","url":"https:\/\/xkodas.com\/en\/shop\/praejimo-kontrole\/laiko-ir-lankomumo-valdymas\/safire-laiko-ir-lankomumo-kontrole\/veido-atpazinimo-kontrole-sf-ac3166mfr-ip-2\/","name":"Veido atpa\u017einimo kontrol\u0117 SF-AC3166MFR-IP - Xkodas","isPartOf":{"@id":"https:\/\/xkodas.com\/en\/#website"},"primaryImageOfPage":{"@id":"https:\/\/xkodas.com\/en\/shop\/praejimo-kontrole\/laiko-ir-lankomumo-valdymas\/safire-laiko-ir-lankomumo-kontrole\/veido-atpazinimo-kontrole-sf-ac3166mfr-ip-2\/#primaryimage"},"image":{"@id":"https:\/\/xkodas.com\/en\/shop\/praejimo-kontrole\/laiko-ir-lankomumo-valdymas\/safire-laiko-ir-lankomumo-kontrole\/veido-atpazinimo-kontrole-sf-ac3166mfr-ip-2\/#primaryimage"},"thumbnailUrl":"https:\/\/xkodas.com\/wp-content\/uploads\/2024\/05\/Veido-atpazinimo-kontrole-SF-AC3166MFR-IP.png","datePublished":"2024-06-06T07:16:53+00:00","dateModified":"2024-06-06T07:17:05+00:00","breadcrumb":{"@id":"https:\/\/xkodas.com\/en\/shop\/praejimo-kontrole\/laiko-ir-lankomumo-valdymas\/safire-laiko-ir-lankomumo-kontrole\/veido-atpazinimo-kontrole-sf-ac3166mfr-ip-2\/#breadcrumb"},"inLanguage":"en-GB","potentialAction":[{"@type":"ReadAction","target":["https:\/\/xkodas.com\/en\/shop\/praejimo-kontrole\/laiko-ir-lankomumo-valdymas\/safire-laiko-ir-lankomumo-kontrole\/veido-atpazinimo-kontrole-sf-ac3166mfr-ip-2\/"]}]},{"@type":"ImageObject","inLanguage":"en-GB","@id":"https:\/\/xkodas.com\/en\/shop\/praejimo-kontrole\/laiko-ir-lankomumo-valdymas\/safire-laiko-ir-lankomumo-kontrole\/veido-atpazinimo-kontrole-sf-ac3166mfr-ip-2\/#primaryimage","url":"https:\/\/xkodas.com\/wp-content\/uploads\/2024\/05\/Veido-atpazinimo-kontrole-SF-AC3166MFR-IP.png","contentUrl":"https:\/\/xkodas.com\/wp-content\/uploads\/2024\/05\/Veido-atpazinimo-kontrole-SF-AC3166MFR-IP.png","width":500,"height":500},{"@type":"BreadcrumbList","@id":"https:\/\/xkodas.com\/en\/shop\/praejimo-kontrole\/laiko-ir-lankomumo-valdymas\/safire-laiko-ir-lankomumo-kontrole\/veido-atpazinimo-kontrole-sf-ac3166mfr-ip-2\/#breadcrumb","itemListElement":[{"@type":"ListItem","position":1,"name":"Home","item":"https:\/\/xkodas.com\/en\/ismaniosios-spynos-visu-tipu-raktai-seifai-xkodas\/"},{"@type":"ListItem","position":2,"name":"Parduotuv\u0117","item":"https:\/\/xkodas.com\/parduotuve\/"},{"@type":"ListItem","position":3,"name":"Veido atpa\u017einimo kontrol\u0117 SF-AC3166MFR-IP"}]},{"@type":"WebSite","@id":"https:\/\/xkodas.com\/en\/#website","url":"https:\/\/xkodas.com\/en\/","name":"Xkodas","description":"I\u0161maniosios spynos, rakt\u0173 gamyba, saugos sistemos","publisher":{"@id":"https:\/\/xkodas.com\/en\/#organization"},"potentialAction":[{"@type":"SearchAction","target":{"@type":"EntryPoint","urlTemplate":"https:\/\/xkodas.com\/en\/?s={search_term_string}"},"query-input":{"@type":"PropertyValueSpecification","valueRequired":true,"valueName":"search_term_string"}}],"inLanguage":"en-GB"},{"@type":"Organization","@id":"https:\/\/xkodas.com\/en\/#organization","name":"Xkodas","url":"https:\/\/xkodas.com\/en\/","logo":{"@type":"ImageObject","inLanguage":"en-GB","@id":"https:\/\/xkodas.com\/en\/#\/schema\/logo\/image\/","url":"http:\/\/xkodas.com\/wp-content\/uploads\/2020\/02\/Xkodas_logo_baltas_500x500-2.jpg","contentUrl":"http:\/\/xkodas.com\/wp-content\/uploads\/2020\/02\/Xkodas_logo_baltas_500x500-2.jpg","width":100,"height":100,"caption":"Xkodas"},"image":{"@id":"https:\/\/xkodas.com\/en\/#\/schema\/logo\/image\/"},"sameAs":["https:\/\/www.facebook.com\/xkodas.lt"]}]}},"_links":{"self":[{"href":"https:\/\/xkodas.com\/en\/wp-json\/wp\/v2\/product\/18304","targetHints":{"allow":["GET"]}}],"collection":[{"href":"https:\/\/xkodas.com\/en\/wp-json\/wp\/v2\/product"}],"about":[{"href":"https:\/\/xkodas.com\/en\/wp-json\/wp\/v2\/types\/product"}],"wp:featuredmedia":[{"embeddable":true,"href":"https:\/\/xkodas.com\/en\/wp-json\/wp\/v2\/media\/15185"}],"wp:attachment":[{"href":"https:\/\/xkodas.com\/en\/wp-json\/wp\/v2\/media?parent=18304"}],"wp:term":[{"taxonomy":"product_brand","embeddable":true,"href":"https:\/\/xkodas.com\/en\/wp-json\/wp\/v2\/product_brand?post=18304"},{"taxonomy":"product_cat","embeddable":true,"href":"https:\/\/xkodas.com\/en\/wp-json\/wp\/v2\/product_cat?post=18304"},{"taxonomy":"product_tag","embeddable":true,"href":"https:\/\/xkodas.com\/en\/wp-json\/wp\/v2\/product_tag?post=18304"}],"curies":[{"name":"wp","href":"https:\/\/api.w.org\/{rel}","templated":true}]}}