{"id":18287,"date":"2024-06-06T07:16:50","date_gmt":"2024-06-06T07:16:50","guid":{"rendered":"http:\/\/xkodas.com\/?post_type=product&#038;p=18287"},"modified":"2024-06-06T07:16:57","modified_gmt":"2024-06-06T07:16:57","slug":"vaizdo-domofono-dezute-vtof009-vtob115","status":"publish","type":"product","link":"https:\/\/xkodas.com\/en\/shop\/praejimo-kontrole\/vaizdo-domofonai\/x-security-vaizdo-domofonai\/vaizdo-domofono-dezute-vtof009-vtob115\/","title":{"rendered":"Vaizdo-domofono d\u0117\u017eut\u0117 VTOF009-VTOB115"},"content":{"rendered":"<p><span>\u201eX-Security\u201c<\/span><\/p>\n<p><span>Modulinio vaizdo-domofono d\u0117\u017eut\u0117<\/span><\/p>\n<p><span>9 moduli\u0173 talpa (3&#215;3)<\/span><\/p>\n<p><span>D\u0117\u017eut\u0117s i\u0161matavimai: 390mm (H) x 367mm (W) x 50mm (G)<\/span><\/p>\n<p><span>Skydelis 391mm (h) x 369mm (w) x 10mm (d)<\/span><\/p>\n<p><span>Pagaminta i\u0161 plieno<\/span><\/p>\n<p><span>Universalus sujungimas, kabeli\u0173 \u012f\u0117jimai i\u0161 vis\u0173 pusi\u0173<\/span><\/p>\n<p><span>Komplekte priekinis ner\u016bdijan\u010dio plieno skydelis<\/span><\/p>","protected":false},"excerpt":{"rendered":"<p><span>Priekinis skydelis ir registracijos langelis<\/span><\/p>\n<p><span>Vaizdo domofonams<\/span><\/p>\n<p><span>Suderinamas su XS-V2000E-M (X) moduliais<\/span><\/p>\n<p><span>Iki 9 moduli\u0173<\/span><\/p>\n<p><span>D\u0117\u017eut\u0117 pagaminta i\u0161 plieno<\/span><\/p>\n<p><span>Plok\u0161t\u0117 pagaminta i\u0161 ner\u016bdijan\u010dio plieno<\/span><\/p>","protected":false},"featured_media":15147,"template":"","meta":{"_monsterinsights_skip_tracking":false,"_monsterinsights_sitenote_active":false,"_monsterinsights_sitenote_note":"","_monsterinsights_sitenote_category":0},"product_brand":[],"product_cat":[398,226,401,337],"product_tag":[],"class_list":{"0":"post-18287","1":"product","2":"type-product","3":"status-publish","4":"has-post-thumbnail","6":"product_cat-aksesuarai-x-security-vaizdo-domofonai-vaizdo-domofonai","7":"product_cat-praejimo-kontrole","8":"product_cat-vaizdo-domofonai","9":"product_cat-x-security-vaizdo-domofonai","11":"first","12":"instock","13":"taxable","14":"shipping-taxable","15":"purchasable","16":"product-type-simple"},"yoast_head":"<!-- This site is optimized with the Yoast SEO plugin v27.4 - https:\/\/yoast.com\/product\/yoast-seo-wordpress\/ -->\n<title>Vaizdo-domofono d\u0117\u017eut\u0117 VTOF009-VTOB115 - Xkodas<\/title>\n<meta name=\"robots\" content=\"index, follow, max-snippet:-1, max-image-preview:large, max-video-preview:-1\" \/>\n<link rel=\"canonical\" href=\"https:\/\/xkodas.com\/en\/shop\/praejimo-kontrole\/vaizdo-domofonai\/x-security-vaizdo-domofonai\/vaizdo-domofono-dezute-vtof009-vtob115\/\" \/>\n<meta property=\"og:locale\" content=\"en_GB\" \/>\n<meta property=\"og:type\" content=\"article\" \/>\n<meta property=\"og:title\" content=\"Vaizdo-domofono d\u0117\u017eut\u0117 VTOF009-VTOB115 - Xkodas\" \/>\n<meta property=\"og:description\" content=\"Priekinis skydelis ir registracijos langelis  Vaizdo domofonams  Suderinamas su XS-V2000E-M (X) moduliais  Iki 9 moduli\u0173  D\u0117\u017eut\u0117 pagaminta i\u0161 plieno  Plok\u0161t\u0117 pagaminta i\u0161 ner\u016bdijan\u010dio plieno\" \/>\n<meta property=\"og:url\" content=\"https:\/\/xkodas.com\/en\/shop\/praejimo-kontrole\/vaizdo-domofonai\/x-security-vaizdo-domofonai\/vaizdo-domofono-dezute-vtof009-vtob115\/\" \/>\n<meta property=\"og:site_name\" content=\"Xkodas\" \/>\n<meta property=\"article:publisher\" content=\"https:\/\/www.facebook.com\/xkodas.lt\" \/>\n<meta property=\"article:modified_time\" content=\"2024-06-06T07:16:57+00:00\" \/>\n<meta property=\"og:image\" content=\"https:\/\/xkodas.com\/wp-content\/uploads\/2024\/05\/Vaizdo-domofono-dezute-VTOF009-VTOB115.png\" \/>\n\t<meta property=\"og:image:width\" content=\"500\" \/>\n\t<meta property=\"og:image:height\" content=\"500\" \/>\n\t<meta property=\"og:image:type\" content=\"image\/png\" \/>\n<meta name=\"twitter:card\" content=\"summary_large_image\" \/>\n<script type=\"application\/ld+json\" class=\"yoast-schema-graph\">{\"@context\":\"https:\\\/\\\/schema.org\",\"@graph\":[{\"@type\":\"WebPage\",\"@id\":\"https:\\\/\\\/xkodas.com\\\/en\\\/shop\\\/praejimo-kontrole\\\/vaizdo-domofonai\\\/x-security-vaizdo-domofonai\\\/vaizdo-domofono-dezute-vtof009-vtob115\\\/\",\"url\":\"https:\\\/\\\/xkodas.com\\\/en\\\/shop\\\/praejimo-kontrole\\\/vaizdo-domofonai\\\/x-security-vaizdo-domofonai\\\/vaizdo-domofono-dezute-vtof009-vtob115\\\/\",\"name\":\"Vaizdo-domofono d\u0117\u017eut\u0117 VTOF009-VTOB115 - Xkodas\",\"isPartOf\":{\"@id\":\"https:\\\/\\\/xkodas.com\\\/en\\\/#website\"},\"primaryImageOfPage\":{\"@id\":\"https:\\\/\\\/xkodas.com\\\/en\\\/shop\\\/praejimo-kontrole\\\/vaizdo-domofonai\\\/x-security-vaizdo-domofonai\\\/vaizdo-domofono-dezute-vtof009-vtob115\\\/#primaryimage\"},\"image\":{\"@id\":\"https:\\\/\\\/xkodas.com\\\/en\\\/shop\\\/praejimo-kontrole\\\/vaizdo-domofonai\\\/x-security-vaizdo-domofonai\\\/vaizdo-domofono-dezute-vtof009-vtob115\\\/#primaryimage\"},\"thumbnailUrl\":\"https:\\\/\\\/xkodas.com\\\/wp-content\\\/uploads\\\/2024\\\/05\\\/Vaizdo-domofono-dezute-VTOF009-VTOB115.png\",\"datePublished\":\"2024-06-06T07:16:50+00:00\",\"dateModified\":\"2024-06-06T07:16:57+00:00\",\"breadcrumb\":{\"@id\":\"https:\\\/\\\/xkodas.com\\\/en\\\/shop\\\/praejimo-kontrole\\\/vaizdo-domofonai\\\/x-security-vaizdo-domofonai\\\/vaizdo-domofono-dezute-vtof009-vtob115\\\/#breadcrumb\"},\"inLanguage\":\"en-GB\",\"potentialAction\":[{\"@type\":\"ReadAction\",\"target\":[\"https:\\\/\\\/xkodas.com\\\/en\\\/shop\\\/praejimo-kontrole\\\/vaizdo-domofonai\\\/x-security-vaizdo-domofonai\\\/vaizdo-domofono-dezute-vtof009-vtob115\\\/\"]}]},{\"@type\":\"ImageObject\",\"inLanguage\":\"en-GB\",\"@id\":\"https:\\\/\\\/xkodas.com\\\/en\\\/shop\\\/praejimo-kontrole\\\/vaizdo-domofonai\\\/x-security-vaizdo-domofonai\\\/vaizdo-domofono-dezute-vtof009-vtob115\\\/#primaryimage\",\"url\":\"https:\\\/\\\/xkodas.com\\\/wp-content\\\/uploads\\\/2024\\\/05\\\/Vaizdo-domofono-dezute-VTOF009-VTOB115.png\",\"contentUrl\":\"https:\\\/\\\/xkodas.com\\\/wp-content\\\/uploads\\\/2024\\\/05\\\/Vaizdo-domofono-dezute-VTOF009-VTOB115.png\",\"width\":500,\"height\":500},{\"@type\":\"BreadcrumbList\",\"@id\":\"https:\\\/\\\/xkodas.com\\\/en\\\/shop\\\/praejimo-kontrole\\\/vaizdo-domofonai\\\/x-security-vaizdo-domofonai\\\/vaizdo-domofono-dezute-vtof009-vtob115\\\/#breadcrumb\",\"itemListElement\":[{\"@type\":\"ListItem\",\"position\":1,\"name\":\"Home\",\"item\":\"https:\\\/\\\/xkodas.com\\\/en\\\/ismaniosios-spynos-visu-tipu-raktai-seifai-xkodas\\\/\"},{\"@type\":\"ListItem\",\"position\":2,\"name\":\"Parduotuv\u0117\",\"item\":\"https:\\\/\\\/xkodas.com\\\/parduotuve\\\/\"},{\"@type\":\"ListItem\",\"position\":3,\"name\":\"Vaizdo-domofono d\u0117\u017eut\u0117 VTOF009-VTOB115\"}]},{\"@type\":\"WebSite\",\"@id\":\"https:\\\/\\\/xkodas.com\\\/en\\\/#website\",\"url\":\"https:\\\/\\\/xkodas.com\\\/en\\\/\",\"name\":\"Xkodas\",\"description\":\"I\u0161maniosios spynos, rakt\u0173 gamyba, saugos sistemos\",\"publisher\":{\"@id\":\"https:\\\/\\\/xkodas.com\\\/en\\\/#organization\"},\"potentialAction\":[{\"@type\":\"SearchAction\",\"target\":{\"@type\":\"EntryPoint\",\"urlTemplate\":\"https:\\\/\\\/xkodas.com\\\/en\\\/?s={search_term_string}\"},\"query-input\":{\"@type\":\"PropertyValueSpecification\",\"valueRequired\":true,\"valueName\":\"search_term_string\"}}],\"inLanguage\":\"en-GB\"},{\"@type\":\"Organization\",\"@id\":\"https:\\\/\\\/xkodas.com\\\/en\\\/#organization\",\"name\":\"Xkodas\",\"url\":\"https:\\\/\\\/xkodas.com\\\/en\\\/\",\"logo\":{\"@type\":\"ImageObject\",\"inLanguage\":\"en-GB\",\"@id\":\"https:\\\/\\\/xkodas.com\\\/en\\\/#\\\/schema\\\/logo\\\/image\\\/\",\"url\":\"http:\\\/\\\/xkodas.com\\\/wp-content\\\/uploads\\\/2020\\\/02\\\/Xkodas_logo_baltas_500x500-2.jpg\",\"contentUrl\":\"http:\\\/\\\/xkodas.com\\\/wp-content\\\/uploads\\\/2020\\\/02\\\/Xkodas_logo_baltas_500x500-2.jpg\",\"width\":100,\"height\":100,\"caption\":\"Xkodas\"},\"image\":{\"@id\":\"https:\\\/\\\/xkodas.com\\\/en\\\/#\\\/schema\\\/logo\\\/image\\\/\"},\"sameAs\":[\"https:\\\/\\\/www.facebook.com\\\/xkodas.lt\"]}]}<\/script>\n<!-- \/ Yoast SEO plugin. -->","yoast_head_json":{"title":"Vaizdo-domofono d\u0117\u017eut\u0117 VTOF009-VTOB115 - Xkodas","robots":{"index":"index","follow":"follow","max-snippet":"max-snippet:-1","max-image-preview":"max-image-preview:large","max-video-preview":"max-video-preview:-1"},"canonical":"https:\/\/xkodas.com\/en\/shop\/praejimo-kontrole\/vaizdo-domofonai\/x-security-vaizdo-domofonai\/vaizdo-domofono-dezute-vtof009-vtob115\/","og_locale":"en_GB","og_type":"article","og_title":"Vaizdo-domofono d\u0117\u017eut\u0117 VTOF009-VTOB115 - Xkodas","og_description":"Priekinis skydelis ir registracijos langelis  Vaizdo domofonams  Suderinamas su XS-V2000E-M (X) moduliais  Iki 9 moduli\u0173  D\u0117\u017eut\u0117 pagaminta i\u0161 plieno  Plok\u0161t\u0117 pagaminta i\u0161 ner\u016bdijan\u010dio plieno","og_url":"https:\/\/xkodas.com\/en\/shop\/praejimo-kontrole\/vaizdo-domofonai\/x-security-vaizdo-domofonai\/vaizdo-domofono-dezute-vtof009-vtob115\/","og_site_name":"Xkodas","article_publisher":"https:\/\/www.facebook.com\/xkodas.lt","article_modified_time":"2024-06-06T07:16:57+00:00","og_image":[{"width":500,"height":500,"url":"https:\/\/xkodas.com\/wp-content\/uploads\/2024\/05\/Vaizdo-domofono-dezute-VTOF009-VTOB115.png","type":"image\/png"}],"twitter_card":"summary_large_image","schema":{"@context":"https:\/\/schema.org","@graph":[{"@type":"WebPage","@id":"https:\/\/xkodas.com\/en\/shop\/praejimo-kontrole\/vaizdo-domofonai\/x-security-vaizdo-domofonai\/vaizdo-domofono-dezute-vtof009-vtob115\/","url":"https:\/\/xkodas.com\/en\/shop\/praejimo-kontrole\/vaizdo-domofonai\/x-security-vaizdo-domofonai\/vaizdo-domofono-dezute-vtof009-vtob115\/","name":"Vaizdo-domofono d\u0117\u017eut\u0117 VTOF009-VTOB115 - Xkodas","isPartOf":{"@id":"https:\/\/xkodas.com\/en\/#website"},"primaryImageOfPage":{"@id":"https:\/\/xkodas.com\/en\/shop\/praejimo-kontrole\/vaizdo-domofonai\/x-security-vaizdo-domofonai\/vaizdo-domofono-dezute-vtof009-vtob115\/#primaryimage"},"image":{"@id":"https:\/\/xkodas.com\/en\/shop\/praejimo-kontrole\/vaizdo-domofonai\/x-security-vaizdo-domofonai\/vaizdo-domofono-dezute-vtof009-vtob115\/#primaryimage"},"thumbnailUrl":"https:\/\/xkodas.com\/wp-content\/uploads\/2024\/05\/Vaizdo-domofono-dezute-VTOF009-VTOB115.png","datePublished":"2024-06-06T07:16:50+00:00","dateModified":"2024-06-06T07:16:57+00:00","breadcrumb":{"@id":"https:\/\/xkodas.com\/en\/shop\/praejimo-kontrole\/vaizdo-domofonai\/x-security-vaizdo-domofonai\/vaizdo-domofono-dezute-vtof009-vtob115\/#breadcrumb"},"inLanguage":"en-GB","potentialAction":[{"@type":"ReadAction","target":["https:\/\/xkodas.com\/en\/shop\/praejimo-kontrole\/vaizdo-domofonai\/x-security-vaizdo-domofonai\/vaizdo-domofono-dezute-vtof009-vtob115\/"]}]},{"@type":"ImageObject","inLanguage":"en-GB","@id":"https:\/\/xkodas.com\/en\/shop\/praejimo-kontrole\/vaizdo-domofonai\/x-security-vaizdo-domofonai\/vaizdo-domofono-dezute-vtof009-vtob115\/#primaryimage","url":"https:\/\/xkodas.com\/wp-content\/uploads\/2024\/05\/Vaizdo-domofono-dezute-VTOF009-VTOB115.png","contentUrl":"https:\/\/xkodas.com\/wp-content\/uploads\/2024\/05\/Vaizdo-domofono-dezute-VTOF009-VTOB115.png","width":500,"height":500},{"@type":"BreadcrumbList","@id":"https:\/\/xkodas.com\/en\/shop\/praejimo-kontrole\/vaizdo-domofonai\/x-security-vaizdo-domofonai\/vaizdo-domofono-dezute-vtof009-vtob115\/#breadcrumb","itemListElement":[{"@type":"ListItem","position":1,"name":"Home","item":"https:\/\/xkodas.com\/en\/ismaniosios-spynos-visu-tipu-raktai-seifai-xkodas\/"},{"@type":"ListItem","position":2,"name":"Parduotuv\u0117","item":"https:\/\/xkodas.com\/parduotuve\/"},{"@type":"ListItem","position":3,"name":"Vaizdo-domofono d\u0117\u017eut\u0117 VTOF009-VTOB115"}]},{"@type":"WebSite","@id":"https:\/\/xkodas.com\/en\/#website","url":"https:\/\/xkodas.com\/en\/","name":"Xkodas","description":"I\u0161maniosios spynos, rakt\u0173 gamyba, saugos sistemos","publisher":{"@id":"https:\/\/xkodas.com\/en\/#organization"},"potentialAction":[{"@type":"SearchAction","target":{"@type":"EntryPoint","urlTemplate":"https:\/\/xkodas.com\/en\/?s={search_term_string}"},"query-input":{"@type":"PropertyValueSpecification","valueRequired":true,"valueName":"search_term_string"}}],"inLanguage":"en-GB"},{"@type":"Organization","@id":"https:\/\/xkodas.com\/en\/#organization","name":"Xkodas","url":"https:\/\/xkodas.com\/en\/","logo":{"@type":"ImageObject","inLanguage":"en-GB","@id":"https:\/\/xkodas.com\/en\/#\/schema\/logo\/image\/","url":"http:\/\/xkodas.com\/wp-content\/uploads\/2020\/02\/Xkodas_logo_baltas_500x500-2.jpg","contentUrl":"http:\/\/xkodas.com\/wp-content\/uploads\/2020\/02\/Xkodas_logo_baltas_500x500-2.jpg","width":100,"height":100,"caption":"Xkodas"},"image":{"@id":"https:\/\/xkodas.com\/en\/#\/schema\/logo\/image\/"},"sameAs":["https:\/\/www.facebook.com\/xkodas.lt"]}]}},"_links":{"self":[{"href":"https:\/\/xkodas.com\/en\/wp-json\/wp\/v2\/product\/18287","targetHints":{"allow":["GET"]}}],"collection":[{"href":"https:\/\/xkodas.com\/en\/wp-json\/wp\/v2\/product"}],"about":[{"href":"https:\/\/xkodas.com\/en\/wp-json\/wp\/v2\/types\/product"}],"wp:featuredmedia":[{"embeddable":true,"href":"https:\/\/xkodas.com\/en\/wp-json\/wp\/v2\/media\/15147"}],"wp:attachment":[{"href":"https:\/\/xkodas.com\/en\/wp-json\/wp\/v2\/media?parent=18287"}],"wp:term":[{"taxonomy":"product_brand","embeddable":true,"href":"https:\/\/xkodas.com\/en\/wp-json\/wp\/v2\/product_brand?post=18287"},{"taxonomy":"product_cat","embeddable":true,"href":"https:\/\/xkodas.com\/en\/wp-json\/wp\/v2\/product_cat?post=18287"},{"taxonomy":"product_tag","embeddable":true,"href":"https:\/\/xkodas.com\/en\/wp-json\/wp\/v2\/product_tag?post=18287"}],"curies":[{"name":"wp","href":"https:\/\/api.w.org\/{rel}","templated":true}]}}