{"id":18269,"date":"2024-06-06T07:16:30","date_gmt":"2024-06-06T07:16:30","guid":{"rendered":"http:\/\/xkodas.com\/?post_type=product&#038;p=18269"},"modified":"2024-06-06T07:16:41","modified_gmt":"2024-06-06T07:16:41","slug":"tvirtinimo-laikiklis-vtm123","status":"publish","type":"product","link":"https:\/\/xkodas.com\/en\/shop\/praejimo-kontrole\/vaizdo-domofonai\/x-security-vaizdo-domofonai\/tvirtinimo-laikiklis-vtm123\/","title":{"rendered":"Tvirtinimo laikiklis VTM123"},"content":{"rendered":"<p><span>\u201eX-Security\u201c<\/span><\/p>\n<p><span>Vaizdo-domofono XS-V5221M-IP pavir\u0161iaus tvirtinimas<\/span><\/p>\n<p><span>Matmenys: 190mm (H) x 100mm (W) x 54mm (G)<\/span><\/p>\n<p><span>Pagaminta i\u0161 plastiko ir metalo<\/span><\/p>\n<p><span>Universalus sujungimas, kabeli\u0173 \u012f\u0117jimai i\u0161 vis\u0173 pusi\u0173<\/span><\/p>","protected":false},"excerpt":{"rendered":"<p><span>\u201eX-Security\u201c darbalaukio tvirtinimo laikiklis<\/span><\/p>\n<p><span>Vaizdo domofonui<\/span><\/p>\n<p><span>Suderinamas su XS-V5221M-IP<\/span><\/p>\n<p><span>Kabelin\u0117s trasos<\/span><\/p>\n<p><span>190 mm (auk\u0161tis) x 100 mm (plotis) x 54 mm (gylis)<\/span><\/p>\n<p><span>Pagaminta i\u0161 plastiko su metaliniu pagrindu<\/span><\/p>","protected":false},"featured_media":15104,"template":"","meta":{"_monsterinsights_skip_tracking":false,"_monsterinsights_sitenote_active":false,"_monsterinsights_sitenote_note":"","_monsterinsights_sitenote_category":0},"product_brand":[],"product_cat":[398,226,401,337],"product_tag":[],"class_list":{"0":"post-18269","1":"product","2":"type-product","3":"status-publish","4":"has-post-thumbnail","6":"product_cat-aksesuarai-x-security-vaizdo-domofonai-vaizdo-domofonai","7":"product_cat-praejimo-kontrole","8":"product_cat-vaizdo-domofonai","9":"product_cat-x-security-vaizdo-domofonai","11":"first","12":"instock","13":"taxable","14":"shipping-taxable","15":"purchasable","16":"product-type-simple"},"yoast_head":"<!-- This site is optimized with the Yoast SEO plugin v27.4 - https:\/\/yoast.com\/product\/yoast-seo-wordpress\/ -->\n<title>Tvirtinimo laikiklis VTM123 - Xkodas<\/title>\n<meta name=\"robots\" content=\"index, follow, max-snippet:-1, max-image-preview:large, max-video-preview:-1\" \/>\n<link rel=\"canonical\" href=\"https:\/\/xkodas.com\/en\/shop\/praejimo-kontrole\/vaizdo-domofonai\/x-security-vaizdo-domofonai\/tvirtinimo-laikiklis-vtm123\/\" \/>\n<meta property=\"og:locale\" content=\"en_GB\" \/>\n<meta property=\"og:type\" content=\"article\" \/>\n<meta property=\"og:title\" content=\"Tvirtinimo laikiklis VTM123 - Xkodas\" \/>\n<meta property=\"og:description\" content=\"\u201eX-Security\u201c darbalaukio tvirtinimo laikiklis  Vaizdo domofonui  Suderinamas su XS-V5221M-IP  Kabelin\u0117s trasos  190 mm (auk\u0161tis) x 100 mm (plotis) x 54 mm (gylis)  Pagaminta i\u0161 plastiko su metaliniu pagrindu\" \/>\n<meta property=\"og:url\" content=\"https:\/\/xkodas.com\/en\/shop\/praejimo-kontrole\/vaizdo-domofonai\/x-security-vaizdo-domofonai\/tvirtinimo-laikiklis-vtm123\/\" \/>\n<meta property=\"og:site_name\" content=\"Xkodas\" \/>\n<meta property=\"article:publisher\" content=\"https:\/\/www.facebook.com\/xkodas.lt\" \/>\n<meta property=\"article:modified_time\" content=\"2024-06-06T07:16:41+00:00\" \/>\n<meta property=\"og:image\" content=\"https:\/\/xkodas.com\/wp-content\/uploads\/2024\/05\/Tvirtinimo-laikiklis-VTM123.png\" \/>\n\t<meta property=\"og:image:width\" content=\"500\" \/>\n\t<meta property=\"og:image:height\" content=\"500\" \/>\n\t<meta property=\"og:image:type\" content=\"image\/png\" \/>\n<meta name=\"twitter:card\" content=\"summary_large_image\" \/>\n<script type=\"application\/ld+json\" class=\"yoast-schema-graph\">{\"@context\":\"https:\\\/\\\/schema.org\",\"@graph\":[{\"@type\":\"WebPage\",\"@id\":\"https:\\\/\\\/xkodas.com\\\/en\\\/shop\\\/praejimo-kontrole\\\/vaizdo-domofonai\\\/x-security-vaizdo-domofonai\\\/tvirtinimo-laikiklis-vtm123\\\/\",\"url\":\"https:\\\/\\\/xkodas.com\\\/en\\\/shop\\\/praejimo-kontrole\\\/vaizdo-domofonai\\\/x-security-vaizdo-domofonai\\\/tvirtinimo-laikiklis-vtm123\\\/\",\"name\":\"Tvirtinimo laikiklis VTM123 - Xkodas\",\"isPartOf\":{\"@id\":\"https:\\\/\\\/xkodas.com\\\/en\\\/#website\"},\"primaryImageOfPage\":{\"@id\":\"https:\\\/\\\/xkodas.com\\\/en\\\/shop\\\/praejimo-kontrole\\\/vaizdo-domofonai\\\/x-security-vaizdo-domofonai\\\/tvirtinimo-laikiklis-vtm123\\\/#primaryimage\"},\"image\":{\"@id\":\"https:\\\/\\\/xkodas.com\\\/en\\\/shop\\\/praejimo-kontrole\\\/vaizdo-domofonai\\\/x-security-vaizdo-domofonai\\\/tvirtinimo-laikiklis-vtm123\\\/#primaryimage\"},\"thumbnailUrl\":\"https:\\\/\\\/xkodas.com\\\/wp-content\\\/uploads\\\/2024\\\/05\\\/Tvirtinimo-laikiklis-VTM123.png\",\"datePublished\":\"2024-06-06T07:16:30+00:00\",\"dateModified\":\"2024-06-06T07:16:41+00:00\",\"breadcrumb\":{\"@id\":\"https:\\\/\\\/xkodas.com\\\/en\\\/shop\\\/praejimo-kontrole\\\/vaizdo-domofonai\\\/x-security-vaizdo-domofonai\\\/tvirtinimo-laikiklis-vtm123\\\/#breadcrumb\"},\"inLanguage\":\"en-GB\",\"potentialAction\":[{\"@type\":\"ReadAction\",\"target\":[\"https:\\\/\\\/xkodas.com\\\/en\\\/shop\\\/praejimo-kontrole\\\/vaizdo-domofonai\\\/x-security-vaizdo-domofonai\\\/tvirtinimo-laikiklis-vtm123\\\/\"]}]},{\"@type\":\"ImageObject\",\"inLanguage\":\"en-GB\",\"@id\":\"https:\\\/\\\/xkodas.com\\\/en\\\/shop\\\/praejimo-kontrole\\\/vaizdo-domofonai\\\/x-security-vaizdo-domofonai\\\/tvirtinimo-laikiklis-vtm123\\\/#primaryimage\",\"url\":\"https:\\\/\\\/xkodas.com\\\/wp-content\\\/uploads\\\/2024\\\/05\\\/Tvirtinimo-laikiklis-VTM123.png\",\"contentUrl\":\"https:\\\/\\\/xkodas.com\\\/wp-content\\\/uploads\\\/2024\\\/05\\\/Tvirtinimo-laikiklis-VTM123.png\",\"width\":500,\"height\":500},{\"@type\":\"BreadcrumbList\",\"@id\":\"https:\\\/\\\/xkodas.com\\\/en\\\/shop\\\/praejimo-kontrole\\\/vaizdo-domofonai\\\/x-security-vaizdo-domofonai\\\/tvirtinimo-laikiklis-vtm123\\\/#breadcrumb\",\"itemListElement\":[{\"@type\":\"ListItem\",\"position\":1,\"name\":\"Home\",\"item\":\"https:\\\/\\\/xkodas.com\\\/en\\\/ismaniosios-spynos-visu-tipu-raktai-seifai-xkodas\\\/\"},{\"@type\":\"ListItem\",\"position\":2,\"name\":\"Parduotuv\u0117\",\"item\":\"https:\\\/\\\/xkodas.com\\\/parduotuve\\\/\"},{\"@type\":\"ListItem\",\"position\":3,\"name\":\"Tvirtinimo laikiklis VTM123\"}]},{\"@type\":\"WebSite\",\"@id\":\"https:\\\/\\\/xkodas.com\\\/en\\\/#website\",\"url\":\"https:\\\/\\\/xkodas.com\\\/en\\\/\",\"name\":\"Xkodas\",\"description\":\"I\u0161maniosios spynos, rakt\u0173 gamyba, saugos sistemos\",\"publisher\":{\"@id\":\"https:\\\/\\\/xkodas.com\\\/en\\\/#organization\"},\"potentialAction\":[{\"@type\":\"SearchAction\",\"target\":{\"@type\":\"EntryPoint\",\"urlTemplate\":\"https:\\\/\\\/xkodas.com\\\/en\\\/?s={search_term_string}\"},\"query-input\":{\"@type\":\"PropertyValueSpecification\",\"valueRequired\":true,\"valueName\":\"search_term_string\"}}],\"inLanguage\":\"en-GB\"},{\"@type\":\"Organization\",\"@id\":\"https:\\\/\\\/xkodas.com\\\/en\\\/#organization\",\"name\":\"Xkodas\",\"url\":\"https:\\\/\\\/xkodas.com\\\/en\\\/\",\"logo\":{\"@type\":\"ImageObject\",\"inLanguage\":\"en-GB\",\"@id\":\"https:\\\/\\\/xkodas.com\\\/en\\\/#\\\/schema\\\/logo\\\/image\\\/\",\"url\":\"http:\\\/\\\/xkodas.com\\\/wp-content\\\/uploads\\\/2020\\\/02\\\/Xkodas_logo_baltas_500x500-2.jpg\",\"contentUrl\":\"http:\\\/\\\/xkodas.com\\\/wp-content\\\/uploads\\\/2020\\\/02\\\/Xkodas_logo_baltas_500x500-2.jpg\",\"width\":100,\"height\":100,\"caption\":\"Xkodas\"},\"image\":{\"@id\":\"https:\\\/\\\/xkodas.com\\\/en\\\/#\\\/schema\\\/logo\\\/image\\\/\"},\"sameAs\":[\"https:\\\/\\\/www.facebook.com\\\/xkodas.lt\"]}]}<\/script>\n<!-- \/ Yoast SEO plugin. -->","yoast_head_json":{"title":"Tvirtinimo laikiklis VTM123 - Xkodas","robots":{"index":"index","follow":"follow","max-snippet":"max-snippet:-1","max-image-preview":"max-image-preview:large","max-video-preview":"max-video-preview:-1"},"canonical":"https:\/\/xkodas.com\/en\/shop\/praejimo-kontrole\/vaizdo-domofonai\/x-security-vaizdo-domofonai\/tvirtinimo-laikiklis-vtm123\/","og_locale":"en_GB","og_type":"article","og_title":"Tvirtinimo laikiklis VTM123 - Xkodas","og_description":"\u201eX-Security\u201c darbalaukio tvirtinimo laikiklis  Vaizdo domofonui  Suderinamas su XS-V5221M-IP  Kabelin\u0117s trasos  190 mm (auk\u0161tis) x 100 mm (plotis) x 54 mm (gylis)  Pagaminta i\u0161 plastiko su metaliniu pagrindu","og_url":"https:\/\/xkodas.com\/en\/shop\/praejimo-kontrole\/vaizdo-domofonai\/x-security-vaizdo-domofonai\/tvirtinimo-laikiklis-vtm123\/","og_site_name":"Xkodas","article_publisher":"https:\/\/www.facebook.com\/xkodas.lt","article_modified_time":"2024-06-06T07:16:41+00:00","og_image":[{"width":500,"height":500,"url":"https:\/\/xkodas.com\/wp-content\/uploads\/2024\/05\/Tvirtinimo-laikiklis-VTM123.png","type":"image\/png"}],"twitter_card":"summary_large_image","schema":{"@context":"https:\/\/schema.org","@graph":[{"@type":"WebPage","@id":"https:\/\/xkodas.com\/en\/shop\/praejimo-kontrole\/vaizdo-domofonai\/x-security-vaizdo-domofonai\/tvirtinimo-laikiklis-vtm123\/","url":"https:\/\/xkodas.com\/en\/shop\/praejimo-kontrole\/vaizdo-domofonai\/x-security-vaizdo-domofonai\/tvirtinimo-laikiklis-vtm123\/","name":"Tvirtinimo laikiklis VTM123 - Xkodas","isPartOf":{"@id":"https:\/\/xkodas.com\/en\/#website"},"primaryImageOfPage":{"@id":"https:\/\/xkodas.com\/en\/shop\/praejimo-kontrole\/vaizdo-domofonai\/x-security-vaizdo-domofonai\/tvirtinimo-laikiklis-vtm123\/#primaryimage"},"image":{"@id":"https:\/\/xkodas.com\/en\/shop\/praejimo-kontrole\/vaizdo-domofonai\/x-security-vaizdo-domofonai\/tvirtinimo-laikiklis-vtm123\/#primaryimage"},"thumbnailUrl":"https:\/\/xkodas.com\/wp-content\/uploads\/2024\/05\/Tvirtinimo-laikiklis-VTM123.png","datePublished":"2024-06-06T07:16:30+00:00","dateModified":"2024-06-06T07:16:41+00:00","breadcrumb":{"@id":"https:\/\/xkodas.com\/en\/shop\/praejimo-kontrole\/vaizdo-domofonai\/x-security-vaizdo-domofonai\/tvirtinimo-laikiklis-vtm123\/#breadcrumb"},"inLanguage":"en-GB","potentialAction":[{"@type":"ReadAction","target":["https:\/\/xkodas.com\/en\/shop\/praejimo-kontrole\/vaizdo-domofonai\/x-security-vaizdo-domofonai\/tvirtinimo-laikiklis-vtm123\/"]}]},{"@type":"ImageObject","inLanguage":"en-GB","@id":"https:\/\/xkodas.com\/en\/shop\/praejimo-kontrole\/vaizdo-domofonai\/x-security-vaizdo-domofonai\/tvirtinimo-laikiklis-vtm123\/#primaryimage","url":"https:\/\/xkodas.com\/wp-content\/uploads\/2024\/05\/Tvirtinimo-laikiklis-VTM123.png","contentUrl":"https:\/\/xkodas.com\/wp-content\/uploads\/2024\/05\/Tvirtinimo-laikiklis-VTM123.png","width":500,"height":500},{"@type":"BreadcrumbList","@id":"https:\/\/xkodas.com\/en\/shop\/praejimo-kontrole\/vaizdo-domofonai\/x-security-vaizdo-domofonai\/tvirtinimo-laikiklis-vtm123\/#breadcrumb","itemListElement":[{"@type":"ListItem","position":1,"name":"Home","item":"https:\/\/xkodas.com\/en\/ismaniosios-spynos-visu-tipu-raktai-seifai-xkodas\/"},{"@type":"ListItem","position":2,"name":"Parduotuv\u0117","item":"https:\/\/xkodas.com\/parduotuve\/"},{"@type":"ListItem","position":3,"name":"Tvirtinimo laikiklis VTM123"}]},{"@type":"WebSite","@id":"https:\/\/xkodas.com\/en\/#website","url":"https:\/\/xkodas.com\/en\/","name":"Xkodas","description":"I\u0161maniosios spynos, rakt\u0173 gamyba, saugos sistemos","publisher":{"@id":"https:\/\/xkodas.com\/en\/#organization"},"potentialAction":[{"@type":"SearchAction","target":{"@type":"EntryPoint","urlTemplate":"https:\/\/xkodas.com\/en\/?s={search_term_string}"},"query-input":{"@type":"PropertyValueSpecification","valueRequired":true,"valueName":"search_term_string"}}],"inLanguage":"en-GB"},{"@type":"Organization","@id":"https:\/\/xkodas.com\/en\/#organization","name":"Xkodas","url":"https:\/\/xkodas.com\/en\/","logo":{"@type":"ImageObject","inLanguage":"en-GB","@id":"https:\/\/xkodas.com\/en\/#\/schema\/logo\/image\/","url":"http:\/\/xkodas.com\/wp-content\/uploads\/2020\/02\/Xkodas_logo_baltas_500x500-2.jpg","contentUrl":"http:\/\/xkodas.com\/wp-content\/uploads\/2020\/02\/Xkodas_logo_baltas_500x500-2.jpg","width":100,"height":100,"caption":"Xkodas"},"image":{"@id":"https:\/\/xkodas.com\/en\/#\/schema\/logo\/image\/"},"sameAs":["https:\/\/www.facebook.com\/xkodas.lt"]}]}},"_links":{"self":[{"href":"https:\/\/xkodas.com\/en\/wp-json\/wp\/v2\/product\/18269","targetHints":{"allow":["GET"]}}],"collection":[{"href":"https:\/\/xkodas.com\/en\/wp-json\/wp\/v2\/product"}],"about":[{"href":"https:\/\/xkodas.com\/en\/wp-json\/wp\/v2\/types\/product"}],"wp:featuredmedia":[{"embeddable":true,"href":"https:\/\/xkodas.com\/en\/wp-json\/wp\/v2\/media\/15104"}],"wp:attachment":[{"href":"https:\/\/xkodas.com\/en\/wp-json\/wp\/v2\/media?parent=18269"}],"wp:term":[{"taxonomy":"product_brand","embeddable":true,"href":"https:\/\/xkodas.com\/en\/wp-json\/wp\/v2\/product_brand?post=18269"},{"taxonomy":"product_cat","embeddable":true,"href":"https:\/\/xkodas.com\/en\/wp-json\/wp\/v2\/product_cat?post=18269"},{"taxonomy":"product_tag","embeddable":true,"href":"https:\/\/xkodas.com\/en\/wp-json\/wp\/v2\/product_tag?post=18269"}],"curies":[{"name":"wp","href":"https:\/\/api.w.org\/{rel}","templated":true}]}}