{"id":18254,"date":"2024-06-06T07:16:27","date_gmt":"2024-06-06T07:16:27","guid":{"rendered":"http:\/\/xkodas.com\/?post_type=product&#038;p=18254"},"modified":"2024-06-06T07:16:33","modified_gmt":"2024-06-06T07:16:33","slug":"skydelis-xs-v2000e-mr","status":"publish","type":"product","link":"https:\/\/xkodas.com\/en\/shop\/praejimo-kontrole\/vaizdo-domofonai\/x-security-vaizdo-domofonai\/skydai-x-security-vaizdo-domofonai\/skydelis-xs-v2000e-mr\/","title":{"rendered":"Skydelis XS-V2000E-MR"},"content":{"rendered":"<p><span>\u201eX-Security\u201c<\/span><\/p>\n<p><span>Vaizdo-domofono pl\u0117tinio modulis<\/span><\/p>\n<p><span>\u201eMifare\u201c korteli\u0173 skaitytuvas 13,56 MHz<\/span><\/p>\n<p><span>Ner\u016bdijan\u010dio plieno apdaila ir saugus nuo vandalizmo<\/span><\/p>\n<p><span>Suderinamas su VTO2000A-C<\/span><\/p>","protected":false},"excerpt":{"rendered":"<p><span>pl\u0117timo modulis<\/span><\/p>\n<p><span>Suderinamas su VTO2000A-C<\/span><\/p>\n<p><span>\u201eMifare\u201c korteli\u0173 skaitytuvas 13,56 MHz<\/span><\/p>\n<p><span>Ergonomi\u0161kas dizainas<\/span><\/p>\n<p><span>Ner\u016bdijantis plienas, saugus nuo vandalizmo<\/span><\/p>\n<p><span>Modulinis<\/span><\/p>","protected":false},"featured_media":15072,"template":"","meta":{"_monsterinsights_skip_tracking":false,"_monsterinsights_sitenote_active":false,"_monsterinsights_sitenote_note":"","_monsterinsights_sitenote_category":0},"product_brand":[],"product_cat":[226,397,401],"product_tag":[],"class_list":{"0":"post-18254","1":"product","2":"type-product","3":"status-publish","4":"has-post-thumbnail","6":"product_cat-praejimo-kontrole","7":"product_cat-skydai-x-security-vaizdo-domofonai","8":"product_cat-vaizdo-domofonai","10":"first","11":"instock","12":"taxable","13":"shipping-taxable","14":"purchasable","15":"product-type-simple"},"yoast_head":"<!-- This site is optimized with the Yoast SEO plugin v27.4 - https:\/\/yoast.com\/product\/yoast-seo-wordpress\/ -->\n<title>Skydelis XS-V2000E-MR - Xkodas<\/title>\n<meta name=\"robots\" content=\"index, follow, max-snippet:-1, max-image-preview:large, max-video-preview:-1\" \/>\n<link rel=\"canonical\" href=\"https:\/\/xkodas.com\/en\/shop\/praejimo-kontrole\/vaizdo-domofonai\/x-security-vaizdo-domofonai\/skydai-x-security-vaizdo-domofonai\/skydelis-xs-v2000e-mr\/\" \/>\n<meta property=\"og:locale\" content=\"en_GB\" \/>\n<meta property=\"og:type\" content=\"article\" \/>\n<meta property=\"og:title\" content=\"Skydelis XS-V2000E-MR - Xkodas\" \/>\n<meta property=\"og:description\" content=\"pl\u0117timo modulis  Suderinamas su VTO2000A-C  \u201eMifare\u201c korteli\u0173 skaitytuvas 13,56 MHz  Ergonomi\u0161kas dizainas  Ner\u016bdijantis plienas, saugus nuo vandalizmo  Modulinis\" \/>\n<meta property=\"og:url\" content=\"https:\/\/xkodas.com\/en\/shop\/praejimo-kontrole\/vaizdo-domofonai\/x-security-vaizdo-domofonai\/skydai-x-security-vaizdo-domofonai\/skydelis-xs-v2000e-mr\/\" \/>\n<meta property=\"og:site_name\" content=\"Xkodas\" \/>\n<meta property=\"article:publisher\" content=\"https:\/\/www.facebook.com\/xkodas.lt\" \/>\n<meta property=\"article:modified_time\" content=\"2024-06-06T07:16:33+00:00\" \/>\n<meta property=\"og:image\" content=\"https:\/\/xkodas.com\/wp-content\/uploads\/2024\/05\/Skydelis-XS-V2000E-MR.png\" \/>\n\t<meta property=\"og:image:width\" content=\"500\" \/>\n\t<meta property=\"og:image:height\" content=\"500\" \/>\n\t<meta property=\"og:image:type\" content=\"image\/png\" \/>\n<meta name=\"twitter:card\" content=\"summary_large_image\" \/>\n<script type=\"application\/ld+json\" class=\"yoast-schema-graph\">{\"@context\":\"https:\\\/\\\/schema.org\",\"@graph\":[{\"@type\":\"WebPage\",\"@id\":\"https:\\\/\\\/xkodas.com\\\/en\\\/shop\\\/praejimo-kontrole\\\/vaizdo-domofonai\\\/x-security-vaizdo-domofonai\\\/skydai-x-security-vaizdo-domofonai\\\/skydelis-xs-v2000e-mr\\\/\",\"url\":\"https:\\\/\\\/xkodas.com\\\/en\\\/shop\\\/praejimo-kontrole\\\/vaizdo-domofonai\\\/x-security-vaizdo-domofonai\\\/skydai-x-security-vaizdo-domofonai\\\/skydelis-xs-v2000e-mr\\\/\",\"name\":\"Skydelis XS-V2000E-MR - Xkodas\",\"isPartOf\":{\"@id\":\"https:\\\/\\\/xkodas.com\\\/en\\\/#website\"},\"primaryImageOfPage\":{\"@id\":\"https:\\\/\\\/xkodas.com\\\/en\\\/shop\\\/praejimo-kontrole\\\/vaizdo-domofonai\\\/x-security-vaizdo-domofonai\\\/skydai-x-security-vaizdo-domofonai\\\/skydelis-xs-v2000e-mr\\\/#primaryimage\"},\"image\":{\"@id\":\"https:\\\/\\\/xkodas.com\\\/en\\\/shop\\\/praejimo-kontrole\\\/vaizdo-domofonai\\\/x-security-vaizdo-domofonai\\\/skydai-x-security-vaizdo-domofonai\\\/skydelis-xs-v2000e-mr\\\/#primaryimage\"},\"thumbnailUrl\":\"https:\\\/\\\/xkodas.com\\\/wp-content\\\/uploads\\\/2024\\\/05\\\/Skydelis-XS-V2000E-MR.png\",\"datePublished\":\"2024-06-06T07:16:27+00:00\",\"dateModified\":\"2024-06-06T07:16:33+00:00\",\"breadcrumb\":{\"@id\":\"https:\\\/\\\/xkodas.com\\\/en\\\/shop\\\/praejimo-kontrole\\\/vaizdo-domofonai\\\/x-security-vaizdo-domofonai\\\/skydai-x-security-vaizdo-domofonai\\\/skydelis-xs-v2000e-mr\\\/#breadcrumb\"},\"inLanguage\":\"en-GB\",\"potentialAction\":[{\"@type\":\"ReadAction\",\"target\":[\"https:\\\/\\\/xkodas.com\\\/en\\\/shop\\\/praejimo-kontrole\\\/vaizdo-domofonai\\\/x-security-vaizdo-domofonai\\\/skydai-x-security-vaizdo-domofonai\\\/skydelis-xs-v2000e-mr\\\/\"]}]},{\"@type\":\"ImageObject\",\"inLanguage\":\"en-GB\",\"@id\":\"https:\\\/\\\/xkodas.com\\\/en\\\/shop\\\/praejimo-kontrole\\\/vaizdo-domofonai\\\/x-security-vaizdo-domofonai\\\/skydai-x-security-vaizdo-domofonai\\\/skydelis-xs-v2000e-mr\\\/#primaryimage\",\"url\":\"https:\\\/\\\/xkodas.com\\\/wp-content\\\/uploads\\\/2024\\\/05\\\/Skydelis-XS-V2000E-MR.png\",\"contentUrl\":\"https:\\\/\\\/xkodas.com\\\/wp-content\\\/uploads\\\/2024\\\/05\\\/Skydelis-XS-V2000E-MR.png\",\"width\":500,\"height\":500},{\"@type\":\"BreadcrumbList\",\"@id\":\"https:\\\/\\\/xkodas.com\\\/en\\\/shop\\\/praejimo-kontrole\\\/vaizdo-domofonai\\\/x-security-vaizdo-domofonai\\\/skydai-x-security-vaizdo-domofonai\\\/skydelis-xs-v2000e-mr\\\/#breadcrumb\",\"itemListElement\":[{\"@type\":\"ListItem\",\"position\":1,\"name\":\"Home\",\"item\":\"https:\\\/\\\/xkodas.com\\\/en\\\/ismaniosios-spynos-visu-tipu-raktai-seifai-xkodas\\\/\"},{\"@type\":\"ListItem\",\"position\":2,\"name\":\"Parduotuv\u0117\",\"item\":\"https:\\\/\\\/xkodas.com\\\/parduotuve\\\/\"},{\"@type\":\"ListItem\",\"position\":3,\"name\":\"Skydelis XS-V2000E-MR\"}]},{\"@type\":\"WebSite\",\"@id\":\"https:\\\/\\\/xkodas.com\\\/en\\\/#website\",\"url\":\"https:\\\/\\\/xkodas.com\\\/en\\\/\",\"name\":\"Xkodas\",\"description\":\"I\u0161maniosios spynos, rakt\u0173 gamyba, saugos sistemos\",\"publisher\":{\"@id\":\"https:\\\/\\\/xkodas.com\\\/en\\\/#organization\"},\"potentialAction\":[{\"@type\":\"SearchAction\",\"target\":{\"@type\":\"EntryPoint\",\"urlTemplate\":\"https:\\\/\\\/xkodas.com\\\/en\\\/?s={search_term_string}\"},\"query-input\":{\"@type\":\"PropertyValueSpecification\",\"valueRequired\":true,\"valueName\":\"search_term_string\"}}],\"inLanguage\":\"en-GB\"},{\"@type\":\"Organization\",\"@id\":\"https:\\\/\\\/xkodas.com\\\/en\\\/#organization\",\"name\":\"Xkodas\",\"url\":\"https:\\\/\\\/xkodas.com\\\/en\\\/\",\"logo\":{\"@type\":\"ImageObject\",\"inLanguage\":\"en-GB\",\"@id\":\"https:\\\/\\\/xkodas.com\\\/en\\\/#\\\/schema\\\/logo\\\/image\\\/\",\"url\":\"http:\\\/\\\/xkodas.com\\\/wp-content\\\/uploads\\\/2020\\\/02\\\/Xkodas_logo_baltas_500x500-2.jpg\",\"contentUrl\":\"http:\\\/\\\/xkodas.com\\\/wp-content\\\/uploads\\\/2020\\\/02\\\/Xkodas_logo_baltas_500x500-2.jpg\",\"width\":100,\"height\":100,\"caption\":\"Xkodas\"},\"image\":{\"@id\":\"https:\\\/\\\/xkodas.com\\\/en\\\/#\\\/schema\\\/logo\\\/image\\\/\"},\"sameAs\":[\"https:\\\/\\\/www.facebook.com\\\/xkodas.lt\"]}]}<\/script>\n<!-- \/ Yoast SEO plugin. -->","yoast_head_json":{"title":"Skydelis XS-V2000E-MR - Xkodas","robots":{"index":"index","follow":"follow","max-snippet":"max-snippet:-1","max-image-preview":"max-image-preview:large","max-video-preview":"max-video-preview:-1"},"canonical":"https:\/\/xkodas.com\/en\/shop\/praejimo-kontrole\/vaizdo-domofonai\/x-security-vaizdo-domofonai\/skydai-x-security-vaizdo-domofonai\/skydelis-xs-v2000e-mr\/","og_locale":"en_GB","og_type":"article","og_title":"Skydelis XS-V2000E-MR - Xkodas","og_description":"pl\u0117timo modulis  Suderinamas su VTO2000A-C  \u201eMifare\u201c korteli\u0173 skaitytuvas 13,56 MHz  Ergonomi\u0161kas dizainas  Ner\u016bdijantis plienas, saugus nuo vandalizmo  Modulinis","og_url":"https:\/\/xkodas.com\/en\/shop\/praejimo-kontrole\/vaizdo-domofonai\/x-security-vaizdo-domofonai\/skydai-x-security-vaizdo-domofonai\/skydelis-xs-v2000e-mr\/","og_site_name":"Xkodas","article_publisher":"https:\/\/www.facebook.com\/xkodas.lt","article_modified_time":"2024-06-06T07:16:33+00:00","og_image":[{"width":500,"height":500,"url":"https:\/\/xkodas.com\/wp-content\/uploads\/2024\/05\/Skydelis-XS-V2000E-MR.png","type":"image\/png"}],"twitter_card":"summary_large_image","schema":{"@context":"https:\/\/schema.org","@graph":[{"@type":"WebPage","@id":"https:\/\/xkodas.com\/en\/shop\/praejimo-kontrole\/vaizdo-domofonai\/x-security-vaizdo-domofonai\/skydai-x-security-vaizdo-domofonai\/skydelis-xs-v2000e-mr\/","url":"https:\/\/xkodas.com\/en\/shop\/praejimo-kontrole\/vaizdo-domofonai\/x-security-vaizdo-domofonai\/skydai-x-security-vaizdo-domofonai\/skydelis-xs-v2000e-mr\/","name":"Skydelis XS-V2000E-MR - Xkodas","isPartOf":{"@id":"https:\/\/xkodas.com\/en\/#website"},"primaryImageOfPage":{"@id":"https:\/\/xkodas.com\/en\/shop\/praejimo-kontrole\/vaizdo-domofonai\/x-security-vaizdo-domofonai\/skydai-x-security-vaizdo-domofonai\/skydelis-xs-v2000e-mr\/#primaryimage"},"image":{"@id":"https:\/\/xkodas.com\/en\/shop\/praejimo-kontrole\/vaizdo-domofonai\/x-security-vaizdo-domofonai\/skydai-x-security-vaizdo-domofonai\/skydelis-xs-v2000e-mr\/#primaryimage"},"thumbnailUrl":"https:\/\/xkodas.com\/wp-content\/uploads\/2024\/05\/Skydelis-XS-V2000E-MR.png","datePublished":"2024-06-06T07:16:27+00:00","dateModified":"2024-06-06T07:16:33+00:00","breadcrumb":{"@id":"https:\/\/xkodas.com\/en\/shop\/praejimo-kontrole\/vaizdo-domofonai\/x-security-vaizdo-domofonai\/skydai-x-security-vaizdo-domofonai\/skydelis-xs-v2000e-mr\/#breadcrumb"},"inLanguage":"en-GB","potentialAction":[{"@type":"ReadAction","target":["https:\/\/xkodas.com\/en\/shop\/praejimo-kontrole\/vaizdo-domofonai\/x-security-vaizdo-domofonai\/skydai-x-security-vaizdo-domofonai\/skydelis-xs-v2000e-mr\/"]}]},{"@type":"ImageObject","inLanguage":"en-GB","@id":"https:\/\/xkodas.com\/en\/shop\/praejimo-kontrole\/vaizdo-domofonai\/x-security-vaizdo-domofonai\/skydai-x-security-vaizdo-domofonai\/skydelis-xs-v2000e-mr\/#primaryimage","url":"https:\/\/xkodas.com\/wp-content\/uploads\/2024\/05\/Skydelis-XS-V2000E-MR.png","contentUrl":"https:\/\/xkodas.com\/wp-content\/uploads\/2024\/05\/Skydelis-XS-V2000E-MR.png","width":500,"height":500},{"@type":"BreadcrumbList","@id":"https:\/\/xkodas.com\/en\/shop\/praejimo-kontrole\/vaizdo-domofonai\/x-security-vaizdo-domofonai\/skydai-x-security-vaizdo-domofonai\/skydelis-xs-v2000e-mr\/#breadcrumb","itemListElement":[{"@type":"ListItem","position":1,"name":"Home","item":"https:\/\/xkodas.com\/en\/ismaniosios-spynos-visu-tipu-raktai-seifai-xkodas\/"},{"@type":"ListItem","position":2,"name":"Parduotuv\u0117","item":"https:\/\/xkodas.com\/parduotuve\/"},{"@type":"ListItem","position":3,"name":"Skydelis XS-V2000E-MR"}]},{"@type":"WebSite","@id":"https:\/\/xkodas.com\/en\/#website","url":"https:\/\/xkodas.com\/en\/","name":"Xkodas","description":"I\u0161maniosios spynos, rakt\u0173 gamyba, saugos sistemos","publisher":{"@id":"https:\/\/xkodas.com\/en\/#organization"},"potentialAction":[{"@type":"SearchAction","target":{"@type":"EntryPoint","urlTemplate":"https:\/\/xkodas.com\/en\/?s={search_term_string}"},"query-input":{"@type":"PropertyValueSpecification","valueRequired":true,"valueName":"search_term_string"}}],"inLanguage":"en-GB"},{"@type":"Organization","@id":"https:\/\/xkodas.com\/en\/#organization","name":"Xkodas","url":"https:\/\/xkodas.com\/en\/","logo":{"@type":"ImageObject","inLanguage":"en-GB","@id":"https:\/\/xkodas.com\/en\/#\/schema\/logo\/image\/","url":"http:\/\/xkodas.com\/wp-content\/uploads\/2020\/02\/Xkodas_logo_baltas_500x500-2.jpg","contentUrl":"http:\/\/xkodas.com\/wp-content\/uploads\/2020\/02\/Xkodas_logo_baltas_500x500-2.jpg","width":100,"height":100,"caption":"Xkodas"},"image":{"@id":"https:\/\/xkodas.com\/en\/#\/schema\/logo\/image\/"},"sameAs":["https:\/\/www.facebook.com\/xkodas.lt"]}]}},"_links":{"self":[{"href":"https:\/\/xkodas.com\/en\/wp-json\/wp\/v2\/product\/18254","targetHints":{"allow":["GET"]}}],"collection":[{"href":"https:\/\/xkodas.com\/en\/wp-json\/wp\/v2\/product"}],"about":[{"href":"https:\/\/xkodas.com\/en\/wp-json\/wp\/v2\/types\/product"}],"wp:featuredmedia":[{"embeddable":true,"href":"https:\/\/xkodas.com\/en\/wp-json\/wp\/v2\/media\/15072"}],"wp:attachment":[{"href":"https:\/\/xkodas.com\/en\/wp-json\/wp\/v2\/media?parent=18254"}],"wp:term":[{"taxonomy":"product_brand","embeddable":true,"href":"https:\/\/xkodas.com\/en\/wp-json\/wp\/v2\/product_brand?post=18254"},{"taxonomy":"product_cat","embeddable":true,"href":"https:\/\/xkodas.com\/en\/wp-json\/wp\/v2\/product_cat?post=18254"},{"taxonomy":"product_tag","embeddable":true,"href":"https:\/\/xkodas.com\/en\/wp-json\/wp\/v2\/product_tag?post=18254"}],"curies":[{"name":"wp","href":"https:\/\/api.w.org\/{rel}","templated":true}]}}