{"id":18232,"date":"2024-06-06T07:16:02","date_gmt":"2024-06-06T07:16:02","guid":{"rendered":"http:\/\/xkodas.com\/?post_type=product&#038;p=18232"},"modified":"2024-06-06T07:16:12","modified_gmt":"2024-06-06T07:16:12","slug":"domofonas-sf-vimod-cam-ip-bs","status":"publish","type":"product","link":"https:\/\/xkodas.com\/en\/shop\/praejimo-kontrole\/vaizdo-domofonai\/safire\/domofonas-sf-vimod-cam-ip-bs\/","title":{"rendered":"Domofonas \u201eSF-VIMOD-CAM-IP-BS\u201c"},"content":{"rendered":"<p>\u201eSafire\u201c &#8211; antroji karta<\/p>\n<p>IP vaizdo domofonas su 2Mpx HD kamera<\/p>\n<p>Reguliuojamas plataus kampo objektyvas<\/p>\n<p>Integruotas garsiakalbis ir mikrofonas<\/p>\n<p>IR naktinis matymas<\/p>\n<p>TCP \/ IP ry\u0161ys<\/p>\n<p>Galima maitinti naudojant \u201ePoE Standard\u201c<\/p>\n<p>Nuotolinis steb\u0117jimas naudojant vidin\u012f monitori\u0173, \u201eSafire Control Center\u201c programin\u0119 \u012frang\u0105 ar mobili\u0105j\u0105 program\u0105 (reikalingas vaizdo telefonspyn\u0117s monitorius)<\/p>\n<p>Nuotolinis dur\u0173 atidarymas<\/p>\n<p>Montavimas su pavir\u0161iaus laikikliu (pridedamas)<\/p>\n<p>Retro ap\u0161viesta vardo \u017eyma<\/p>\n<p>Tinka lauko ir vidaus s\u0105lygomis pagal\u00a0 IP65<\/p>\n<p>Galima integruoti su \u201eSafire\u201c moduliais<\/p>","protected":false},"excerpt":{"rendered":"<p>\u201eSafire\u201c IP vaizdo domofonas<\/p>\n<p>Kamera 2Mpx<\/p>\n<p>Dvikryptis garsas<\/p>\n<p>Mobilioji programa nuotoliniam steb\u0117jimui<\/p>\n<p>Tinka vidaus ir lauko s\u0105lygomis IP65<\/p>\n<p>Pridedamas pavir\u0161iaus tvirtinimas<\/p>","protected":false},"featured_media":15027,"template":"","meta":{"_monsterinsights_skip_tracking":false,"_monsterinsights_sitenote_active":false,"_monsterinsights_sitenote_note":"","_monsterinsights_sitenote_category":0},"product_brand":[],"product_cat":[482,226,321,401],"product_tag":[],"class_list":{"0":"post-18232","1":"product","2":"type-product","3":"status-publish","4":"has-post-thumbnail","6":"product_cat-domofonai","7":"product_cat-praejimo-kontrole","8":"product_cat-safire","9":"product_cat-vaizdo-domofonai","11":"first","12":"instock","13":"taxable","14":"shipping-taxable","15":"purchasable","16":"product-type-simple"},"yoast_head":"<!-- This site is optimized with the Yoast SEO plugin v27.4 - https:\/\/yoast.com\/product\/yoast-seo-wordpress\/ -->\n<title>Domofonas \u201eSF-VIMOD-CAM-IP-BS\u201c - Xkodas<\/title>\n<meta name=\"robots\" content=\"index, follow, max-snippet:-1, max-image-preview:large, max-video-preview:-1\" \/>\n<link rel=\"canonical\" href=\"https:\/\/xkodas.com\/en\/shop\/praejimo-kontrole\/vaizdo-domofonai\/safire\/domofonas-sf-vimod-cam-ip-bs\/\" \/>\n<meta property=\"og:locale\" content=\"en_GB\" \/>\n<meta property=\"og:type\" content=\"article\" \/>\n<meta property=\"og:title\" content=\"Domofonas \u201eSF-VIMOD-CAM-IP-BS\u201c - Xkodas\" \/>\n<meta property=\"og:description\" content=\"\u201eSafire\u201c IP vaizdo domofonas  Kamera 2Mpx  Dvikryptis garsas  Mobilioji programa nuotoliniam steb\u0117jimui  Tinka vidaus ir lauko s\u0105lygomis IP65  Pridedamas pavir\u0161iaus tvirtinimas\" \/>\n<meta property=\"og:url\" content=\"https:\/\/xkodas.com\/en\/shop\/praejimo-kontrole\/vaizdo-domofonai\/safire\/domofonas-sf-vimod-cam-ip-bs\/\" \/>\n<meta property=\"og:site_name\" content=\"Xkodas\" \/>\n<meta property=\"article:publisher\" content=\"https:\/\/www.facebook.com\/xkodas.lt\" \/>\n<meta property=\"article:modified_time\" content=\"2024-06-06T07:16:12+00:00\" \/>\n<meta property=\"og:image\" content=\"https:\/\/xkodas.com\/wp-content\/uploads\/2024\/05\/Domofonas-\u201eSF-VIMOD-CAM-IP-BS.png\" \/>\n\t<meta property=\"og:image:width\" content=\"500\" \/>\n\t<meta property=\"og:image:height\" content=\"500\" \/>\n\t<meta property=\"og:image:type\" content=\"image\/png\" \/>\n<meta name=\"twitter:card\" content=\"summary_large_image\" \/>\n<script type=\"application\/ld+json\" class=\"yoast-schema-graph\">{\"@context\":\"https:\\\/\\\/schema.org\",\"@graph\":[{\"@type\":\"WebPage\",\"@id\":\"https:\\\/\\\/xkodas.com\\\/en\\\/shop\\\/praejimo-kontrole\\\/vaizdo-domofonai\\\/safire\\\/domofonas-sf-vimod-cam-ip-bs\\\/\",\"url\":\"https:\\\/\\\/xkodas.com\\\/en\\\/shop\\\/praejimo-kontrole\\\/vaizdo-domofonai\\\/safire\\\/domofonas-sf-vimod-cam-ip-bs\\\/\",\"name\":\"Domofonas \u201eSF-VIMOD-CAM-IP-BS\u201c - Xkodas\",\"isPartOf\":{\"@id\":\"https:\\\/\\\/xkodas.com\\\/en\\\/#website\"},\"primaryImageOfPage\":{\"@id\":\"https:\\\/\\\/xkodas.com\\\/en\\\/shop\\\/praejimo-kontrole\\\/vaizdo-domofonai\\\/safire\\\/domofonas-sf-vimod-cam-ip-bs\\\/#primaryimage\"},\"image\":{\"@id\":\"https:\\\/\\\/xkodas.com\\\/en\\\/shop\\\/praejimo-kontrole\\\/vaizdo-domofonai\\\/safire\\\/domofonas-sf-vimod-cam-ip-bs\\\/#primaryimage\"},\"thumbnailUrl\":\"https:\\\/\\\/xkodas.com\\\/wp-content\\\/uploads\\\/2024\\\/05\\\/Domofonas-\u201eSF-VIMOD-CAM-IP-BS.png\",\"datePublished\":\"2024-06-06T07:16:02+00:00\",\"dateModified\":\"2024-06-06T07:16:12+00:00\",\"breadcrumb\":{\"@id\":\"https:\\\/\\\/xkodas.com\\\/en\\\/shop\\\/praejimo-kontrole\\\/vaizdo-domofonai\\\/safire\\\/domofonas-sf-vimod-cam-ip-bs\\\/#breadcrumb\"},\"inLanguage\":\"en-GB\",\"potentialAction\":[{\"@type\":\"ReadAction\",\"target\":[\"https:\\\/\\\/xkodas.com\\\/en\\\/shop\\\/praejimo-kontrole\\\/vaizdo-domofonai\\\/safire\\\/domofonas-sf-vimod-cam-ip-bs\\\/\"]}]},{\"@type\":\"ImageObject\",\"inLanguage\":\"en-GB\",\"@id\":\"https:\\\/\\\/xkodas.com\\\/en\\\/shop\\\/praejimo-kontrole\\\/vaizdo-domofonai\\\/safire\\\/domofonas-sf-vimod-cam-ip-bs\\\/#primaryimage\",\"url\":\"https:\\\/\\\/xkodas.com\\\/wp-content\\\/uploads\\\/2024\\\/05\\\/Domofonas-\u201eSF-VIMOD-CAM-IP-BS.png\",\"contentUrl\":\"https:\\\/\\\/xkodas.com\\\/wp-content\\\/uploads\\\/2024\\\/05\\\/Domofonas-\u201eSF-VIMOD-CAM-IP-BS.png\",\"width\":500,\"height\":500},{\"@type\":\"BreadcrumbList\",\"@id\":\"https:\\\/\\\/xkodas.com\\\/en\\\/shop\\\/praejimo-kontrole\\\/vaizdo-domofonai\\\/safire\\\/domofonas-sf-vimod-cam-ip-bs\\\/#breadcrumb\",\"itemListElement\":[{\"@type\":\"ListItem\",\"position\":1,\"name\":\"Home\",\"item\":\"https:\\\/\\\/xkodas.com\\\/en\\\/ismaniosios-spynos-visu-tipu-raktai-seifai-xkodas\\\/\"},{\"@type\":\"ListItem\",\"position\":2,\"name\":\"Parduotuv\u0117\",\"item\":\"https:\\\/\\\/xkodas.com\\\/parduotuve\\\/\"},{\"@type\":\"ListItem\",\"position\":3,\"name\":\"Domofonas \u201eSF-VIMOD-CAM-IP-BS\u201c\"}]},{\"@type\":\"WebSite\",\"@id\":\"https:\\\/\\\/xkodas.com\\\/en\\\/#website\",\"url\":\"https:\\\/\\\/xkodas.com\\\/en\\\/\",\"name\":\"Xkodas\",\"description\":\"I\u0161maniosios spynos, rakt\u0173 gamyba, saugos sistemos\",\"publisher\":{\"@id\":\"https:\\\/\\\/xkodas.com\\\/en\\\/#organization\"},\"potentialAction\":[{\"@type\":\"SearchAction\",\"target\":{\"@type\":\"EntryPoint\",\"urlTemplate\":\"https:\\\/\\\/xkodas.com\\\/en\\\/?s={search_term_string}\"},\"query-input\":{\"@type\":\"PropertyValueSpecification\",\"valueRequired\":true,\"valueName\":\"search_term_string\"}}],\"inLanguage\":\"en-GB\"},{\"@type\":\"Organization\",\"@id\":\"https:\\\/\\\/xkodas.com\\\/en\\\/#organization\",\"name\":\"Xkodas\",\"url\":\"https:\\\/\\\/xkodas.com\\\/en\\\/\",\"logo\":{\"@type\":\"ImageObject\",\"inLanguage\":\"en-GB\",\"@id\":\"https:\\\/\\\/xkodas.com\\\/en\\\/#\\\/schema\\\/logo\\\/image\\\/\",\"url\":\"http:\\\/\\\/xkodas.com\\\/wp-content\\\/uploads\\\/2020\\\/02\\\/Xkodas_logo_baltas_500x500-2.jpg\",\"contentUrl\":\"http:\\\/\\\/xkodas.com\\\/wp-content\\\/uploads\\\/2020\\\/02\\\/Xkodas_logo_baltas_500x500-2.jpg\",\"width\":100,\"height\":100,\"caption\":\"Xkodas\"},\"image\":{\"@id\":\"https:\\\/\\\/xkodas.com\\\/en\\\/#\\\/schema\\\/logo\\\/image\\\/\"},\"sameAs\":[\"https:\\\/\\\/www.facebook.com\\\/xkodas.lt\"]}]}<\/script>\n<!-- \/ Yoast SEO plugin. -->","yoast_head_json":{"title":"Domofonas \u201eSF-VIMOD-CAM-IP-BS\u201c - Xkodas","robots":{"index":"index","follow":"follow","max-snippet":"max-snippet:-1","max-image-preview":"max-image-preview:large","max-video-preview":"max-video-preview:-1"},"canonical":"https:\/\/xkodas.com\/en\/shop\/praejimo-kontrole\/vaizdo-domofonai\/safire\/domofonas-sf-vimod-cam-ip-bs\/","og_locale":"en_GB","og_type":"article","og_title":"Domofonas \u201eSF-VIMOD-CAM-IP-BS\u201c - Xkodas","og_description":"\u201eSafire\u201c IP vaizdo domofonas  Kamera 2Mpx  Dvikryptis garsas  Mobilioji programa nuotoliniam steb\u0117jimui  Tinka vidaus ir lauko s\u0105lygomis IP65  Pridedamas pavir\u0161iaus tvirtinimas","og_url":"https:\/\/xkodas.com\/en\/shop\/praejimo-kontrole\/vaizdo-domofonai\/safire\/domofonas-sf-vimod-cam-ip-bs\/","og_site_name":"Xkodas","article_publisher":"https:\/\/www.facebook.com\/xkodas.lt","article_modified_time":"2024-06-06T07:16:12+00:00","og_image":[{"width":500,"height":500,"url":"https:\/\/xkodas.com\/wp-content\/uploads\/2024\/05\/Domofonas-\u201eSF-VIMOD-CAM-IP-BS.png","type":"image\/png"}],"twitter_card":"summary_large_image","schema":{"@context":"https:\/\/schema.org","@graph":[{"@type":"WebPage","@id":"https:\/\/xkodas.com\/en\/shop\/praejimo-kontrole\/vaizdo-domofonai\/safire\/domofonas-sf-vimod-cam-ip-bs\/","url":"https:\/\/xkodas.com\/en\/shop\/praejimo-kontrole\/vaizdo-domofonai\/safire\/domofonas-sf-vimod-cam-ip-bs\/","name":"Domofonas \u201eSF-VIMOD-CAM-IP-BS\u201c - Xkodas","isPartOf":{"@id":"https:\/\/xkodas.com\/en\/#website"},"primaryImageOfPage":{"@id":"https:\/\/xkodas.com\/en\/shop\/praejimo-kontrole\/vaizdo-domofonai\/safire\/domofonas-sf-vimod-cam-ip-bs\/#primaryimage"},"image":{"@id":"https:\/\/xkodas.com\/en\/shop\/praejimo-kontrole\/vaizdo-domofonai\/safire\/domofonas-sf-vimod-cam-ip-bs\/#primaryimage"},"thumbnailUrl":"https:\/\/xkodas.com\/wp-content\/uploads\/2024\/05\/Domofonas-\u201eSF-VIMOD-CAM-IP-BS.png","datePublished":"2024-06-06T07:16:02+00:00","dateModified":"2024-06-06T07:16:12+00:00","breadcrumb":{"@id":"https:\/\/xkodas.com\/en\/shop\/praejimo-kontrole\/vaizdo-domofonai\/safire\/domofonas-sf-vimod-cam-ip-bs\/#breadcrumb"},"inLanguage":"en-GB","potentialAction":[{"@type":"ReadAction","target":["https:\/\/xkodas.com\/en\/shop\/praejimo-kontrole\/vaizdo-domofonai\/safire\/domofonas-sf-vimod-cam-ip-bs\/"]}]},{"@type":"ImageObject","inLanguage":"en-GB","@id":"https:\/\/xkodas.com\/en\/shop\/praejimo-kontrole\/vaizdo-domofonai\/safire\/domofonas-sf-vimod-cam-ip-bs\/#primaryimage","url":"https:\/\/xkodas.com\/wp-content\/uploads\/2024\/05\/Domofonas-\u201eSF-VIMOD-CAM-IP-BS.png","contentUrl":"https:\/\/xkodas.com\/wp-content\/uploads\/2024\/05\/Domofonas-\u201eSF-VIMOD-CAM-IP-BS.png","width":500,"height":500},{"@type":"BreadcrumbList","@id":"https:\/\/xkodas.com\/en\/shop\/praejimo-kontrole\/vaizdo-domofonai\/safire\/domofonas-sf-vimod-cam-ip-bs\/#breadcrumb","itemListElement":[{"@type":"ListItem","position":1,"name":"Home","item":"https:\/\/xkodas.com\/en\/ismaniosios-spynos-visu-tipu-raktai-seifai-xkodas\/"},{"@type":"ListItem","position":2,"name":"Parduotuv\u0117","item":"https:\/\/xkodas.com\/parduotuve\/"},{"@type":"ListItem","position":3,"name":"Domofonas \u201eSF-VIMOD-CAM-IP-BS\u201c"}]},{"@type":"WebSite","@id":"https:\/\/xkodas.com\/en\/#website","url":"https:\/\/xkodas.com\/en\/","name":"Xkodas","description":"I\u0161maniosios spynos, rakt\u0173 gamyba, saugos sistemos","publisher":{"@id":"https:\/\/xkodas.com\/en\/#organization"},"potentialAction":[{"@type":"SearchAction","target":{"@type":"EntryPoint","urlTemplate":"https:\/\/xkodas.com\/en\/?s={search_term_string}"},"query-input":{"@type":"PropertyValueSpecification","valueRequired":true,"valueName":"search_term_string"}}],"inLanguage":"en-GB"},{"@type":"Organization","@id":"https:\/\/xkodas.com\/en\/#organization","name":"Xkodas","url":"https:\/\/xkodas.com\/en\/","logo":{"@type":"ImageObject","inLanguage":"en-GB","@id":"https:\/\/xkodas.com\/en\/#\/schema\/logo\/image\/","url":"http:\/\/xkodas.com\/wp-content\/uploads\/2020\/02\/Xkodas_logo_baltas_500x500-2.jpg","contentUrl":"http:\/\/xkodas.com\/wp-content\/uploads\/2020\/02\/Xkodas_logo_baltas_500x500-2.jpg","width":100,"height":100,"caption":"Xkodas"},"image":{"@id":"https:\/\/xkodas.com\/en\/#\/schema\/logo\/image\/"},"sameAs":["https:\/\/www.facebook.com\/xkodas.lt"]}]}},"_links":{"self":[{"href":"https:\/\/xkodas.com\/en\/wp-json\/wp\/v2\/product\/18232","targetHints":{"allow":["GET"]}}],"collection":[{"href":"https:\/\/xkodas.com\/en\/wp-json\/wp\/v2\/product"}],"about":[{"href":"https:\/\/xkodas.com\/en\/wp-json\/wp\/v2\/types\/product"}],"wp:featuredmedia":[{"embeddable":true,"href":"https:\/\/xkodas.com\/en\/wp-json\/wp\/v2\/media\/15027"}],"wp:attachment":[{"href":"https:\/\/xkodas.com\/en\/wp-json\/wp\/v2\/media?parent=18232"}],"wp:term":[{"taxonomy":"product_brand","embeddable":true,"href":"https:\/\/xkodas.com\/en\/wp-json\/wp\/v2\/product_brand?post=18232"},{"taxonomy":"product_cat","embeddable":true,"href":"https:\/\/xkodas.com\/en\/wp-json\/wp\/v2\/product_cat?post=18232"},{"taxonomy":"product_tag","embeddable":true,"href":"https:\/\/xkodas.com\/en\/wp-json\/wp\/v2\/product_tag?post=18232"}],"curies":[{"name":"wp","href":"https:\/\/api.w.org\/{rel}","templated":true}]}}