{"id":18216,"date":"2024-06-06T07:15:36","date_gmt":"2024-06-06T07:15:36","guid":{"rendered":"http:\/\/xkodas.com\/?post_type=product&#038;p=18216"},"modified":"2024-06-06T07:15:54","modified_gmt":"2024-06-06T07:15:54","slug":"duru-skambutis-sf-db001-wip","status":"publish","type":"product","link":"https:\/\/xkodas.com\/en\/shop\/praejimo-kontrole\/vaizdo-domofonai\/safire\/duru-skambutis-sf-db001-wip\/","title":{"rendered":"Dur\u0173 skambutis SF-DB001-WIP"},"content":{"rendered":"<p>\u201eSafire\u201c<\/p>\n<p>IP dur\u0173 skambutis su 2Mpx WDR kamera<\/p>\n<p>Plataus kampo objektyvas<\/p>\n<p>Garsiakalbis ir integruotas mikrofonas su triuk\u0161mo slopinimu<\/p>\n<p>IR naktinis matymas<\/p>\n<p>802.11b \/ g \u201eIEEE Wifi\u201c ry\u0161ys<\/p>\n<p>Nuotolinis steb\u0117jimas per \u201eMobile App\u201c<\/p>\n<p>Judesio aptikimas<\/p>\n<p>Skambinimo mygtukas<\/p>\n<p>Kompakti\u0161kas r\u0117m\u0173 dizainas<\/p>","protected":false},"excerpt":{"rendered":"<p>Belaidis IP dur\u0173 skambutis<\/p>\n<p>2Mpx WDR kamera<\/p>\n<p>Dvikryptis garsas<\/p>\n<p>Mobilioji programa nuotoliniam steb\u0117jimui<\/p>\n<p>Judesi\u0173 jutiklis<\/p>\n<p>Montavimas ant pavir\u0161iaus<\/p>","protected":false},"featured_media":14979,"template":"","meta":{"_monsterinsights_skip_tracking":false,"_monsterinsights_sitenote_active":false,"_monsterinsights_sitenote_note":"","_monsterinsights_sitenote_category":0},"product_brand":[],"product_cat":[482,226,321,401],"product_tag":[],"class_list":{"0":"post-18216","1":"product","2":"type-product","3":"status-publish","4":"has-post-thumbnail","6":"product_cat-domofonai","7":"product_cat-praejimo-kontrole","8":"product_cat-safire","9":"product_cat-vaizdo-domofonai","11":"first","12":"instock","13":"taxable","14":"shipping-taxable","15":"purchasable","16":"product-type-simple"},"yoast_head":"<!-- This site is optimized with the Yoast SEO plugin v27.3 - https:\/\/yoast.com\/product\/yoast-seo-wordpress\/ -->\n<title>Dur\u0173 skambutis SF-DB001-WIP - Xkodas<\/title>\n<meta name=\"robots\" content=\"index, follow, max-snippet:-1, max-image-preview:large, max-video-preview:-1\" \/>\n<link rel=\"canonical\" href=\"https:\/\/xkodas.com\/en\/shop\/praejimo-kontrole\/vaizdo-domofonai\/safire\/duru-skambutis-sf-db001-wip\/\" \/>\n<meta property=\"og:locale\" content=\"en_GB\" \/>\n<meta property=\"og:type\" content=\"article\" \/>\n<meta property=\"og:title\" content=\"Dur\u0173 skambutis SF-DB001-WIP - Xkodas\" \/>\n<meta property=\"og:description\" content=\"Belaidis IP dur\u0173 skambutis  2Mpx WDR kamera  Dvikryptis garsas  Mobilioji programa nuotoliniam steb\u0117jimui  Judesi\u0173 jutiklis  Montavimas ant pavir\u0161iaus\" \/>\n<meta property=\"og:url\" content=\"https:\/\/xkodas.com\/en\/shop\/praejimo-kontrole\/vaizdo-domofonai\/safire\/duru-skambutis-sf-db001-wip\/\" \/>\n<meta property=\"og:site_name\" content=\"Xkodas\" \/>\n<meta property=\"article:publisher\" content=\"https:\/\/www.facebook.com\/xkodas.lt\" \/>\n<meta property=\"article:modified_time\" content=\"2024-06-06T07:15:54+00:00\" \/>\n<meta property=\"og:image\" content=\"https:\/\/xkodas.com\/wp-content\/uploads\/2024\/05\/Duru-skambutis-SF-DB001-WIP.png\" \/>\n\t<meta property=\"og:image:width\" content=\"500\" \/>\n\t<meta property=\"og:image:height\" content=\"500\" \/>\n\t<meta property=\"og:image:type\" content=\"image\/png\" \/>\n<meta name=\"twitter:card\" content=\"summary_large_image\" \/>\n<script type=\"application\/ld+json\" class=\"yoast-schema-graph\">{\"@context\":\"https:\\\/\\\/schema.org\",\"@graph\":[{\"@type\":\"WebPage\",\"@id\":\"https:\\\/\\\/xkodas.com\\\/en\\\/shop\\\/praejimo-kontrole\\\/vaizdo-domofonai\\\/safire\\\/duru-skambutis-sf-db001-wip\\\/\",\"url\":\"https:\\\/\\\/xkodas.com\\\/en\\\/shop\\\/praejimo-kontrole\\\/vaizdo-domofonai\\\/safire\\\/duru-skambutis-sf-db001-wip\\\/\",\"name\":\"Dur\u0173 skambutis SF-DB001-WIP - Xkodas\",\"isPartOf\":{\"@id\":\"https:\\\/\\\/xkodas.com\\\/en\\\/#website\"},\"primaryImageOfPage\":{\"@id\":\"https:\\\/\\\/xkodas.com\\\/en\\\/shop\\\/praejimo-kontrole\\\/vaizdo-domofonai\\\/safire\\\/duru-skambutis-sf-db001-wip\\\/#primaryimage\"},\"image\":{\"@id\":\"https:\\\/\\\/xkodas.com\\\/en\\\/shop\\\/praejimo-kontrole\\\/vaizdo-domofonai\\\/safire\\\/duru-skambutis-sf-db001-wip\\\/#primaryimage\"},\"thumbnailUrl\":\"https:\\\/\\\/xkodas.com\\\/wp-content\\\/uploads\\\/2024\\\/05\\\/Duru-skambutis-SF-DB001-WIP.png\",\"datePublished\":\"2024-06-06T07:15:36+00:00\",\"dateModified\":\"2024-06-06T07:15:54+00:00\",\"breadcrumb\":{\"@id\":\"https:\\\/\\\/xkodas.com\\\/en\\\/shop\\\/praejimo-kontrole\\\/vaizdo-domofonai\\\/safire\\\/duru-skambutis-sf-db001-wip\\\/#breadcrumb\"},\"inLanguage\":\"en-GB\",\"potentialAction\":[{\"@type\":\"ReadAction\",\"target\":[\"https:\\\/\\\/xkodas.com\\\/en\\\/shop\\\/praejimo-kontrole\\\/vaizdo-domofonai\\\/safire\\\/duru-skambutis-sf-db001-wip\\\/\"]}]},{\"@type\":\"ImageObject\",\"inLanguage\":\"en-GB\",\"@id\":\"https:\\\/\\\/xkodas.com\\\/en\\\/shop\\\/praejimo-kontrole\\\/vaizdo-domofonai\\\/safire\\\/duru-skambutis-sf-db001-wip\\\/#primaryimage\",\"url\":\"https:\\\/\\\/xkodas.com\\\/wp-content\\\/uploads\\\/2024\\\/05\\\/Duru-skambutis-SF-DB001-WIP.png\",\"contentUrl\":\"https:\\\/\\\/xkodas.com\\\/wp-content\\\/uploads\\\/2024\\\/05\\\/Duru-skambutis-SF-DB001-WIP.png\",\"width\":500,\"height\":500},{\"@type\":\"BreadcrumbList\",\"@id\":\"https:\\\/\\\/xkodas.com\\\/en\\\/shop\\\/praejimo-kontrole\\\/vaizdo-domofonai\\\/safire\\\/duru-skambutis-sf-db001-wip\\\/#breadcrumb\",\"itemListElement\":[{\"@type\":\"ListItem\",\"position\":1,\"name\":\"Home\",\"item\":\"https:\\\/\\\/xkodas.com\\\/en\\\/ismaniosios-spynos-visu-tipu-raktai-seifai-xkodas\\\/\"},{\"@type\":\"ListItem\",\"position\":2,\"name\":\"Parduotuv\u0117\",\"item\":\"https:\\\/\\\/xkodas.com\\\/parduotuve\\\/\"},{\"@type\":\"ListItem\",\"position\":3,\"name\":\"Dur\u0173 skambutis SF-DB001-WIP\"}]},{\"@type\":\"WebSite\",\"@id\":\"https:\\\/\\\/xkodas.com\\\/en\\\/#website\",\"url\":\"https:\\\/\\\/xkodas.com\\\/en\\\/\",\"name\":\"Xkodas\",\"description\":\"I\u0161maniosios spynos, rakt\u0173 gamyba, saugos sistemos\",\"publisher\":{\"@id\":\"https:\\\/\\\/xkodas.com\\\/en\\\/#organization\"},\"potentialAction\":[{\"@type\":\"SearchAction\",\"target\":{\"@type\":\"EntryPoint\",\"urlTemplate\":\"https:\\\/\\\/xkodas.com\\\/en\\\/?s={search_term_string}\"},\"query-input\":{\"@type\":\"PropertyValueSpecification\",\"valueRequired\":true,\"valueName\":\"search_term_string\"}}],\"inLanguage\":\"en-GB\"},{\"@type\":\"Organization\",\"@id\":\"https:\\\/\\\/xkodas.com\\\/en\\\/#organization\",\"name\":\"Xkodas\",\"url\":\"https:\\\/\\\/xkodas.com\\\/en\\\/\",\"logo\":{\"@type\":\"ImageObject\",\"inLanguage\":\"en-GB\",\"@id\":\"https:\\\/\\\/xkodas.com\\\/en\\\/#\\\/schema\\\/logo\\\/image\\\/\",\"url\":\"http:\\\/\\\/xkodas.com\\\/wp-content\\\/uploads\\\/2020\\\/02\\\/Xkodas_logo_baltas_500x500-2.jpg\",\"contentUrl\":\"http:\\\/\\\/xkodas.com\\\/wp-content\\\/uploads\\\/2020\\\/02\\\/Xkodas_logo_baltas_500x500-2.jpg\",\"width\":100,\"height\":100,\"caption\":\"Xkodas\"},\"image\":{\"@id\":\"https:\\\/\\\/xkodas.com\\\/en\\\/#\\\/schema\\\/logo\\\/image\\\/\"},\"sameAs\":[\"https:\\\/\\\/www.facebook.com\\\/xkodas.lt\"]}]}<\/script>\n<!-- \/ Yoast SEO plugin. -->","yoast_head_json":{"title":"Dur\u0173 skambutis SF-DB001-WIP - Xkodas","robots":{"index":"index","follow":"follow","max-snippet":"max-snippet:-1","max-image-preview":"max-image-preview:large","max-video-preview":"max-video-preview:-1"},"canonical":"https:\/\/xkodas.com\/en\/shop\/praejimo-kontrole\/vaizdo-domofonai\/safire\/duru-skambutis-sf-db001-wip\/","og_locale":"en_GB","og_type":"article","og_title":"Dur\u0173 skambutis SF-DB001-WIP - Xkodas","og_description":"Belaidis IP dur\u0173 skambutis  2Mpx WDR kamera  Dvikryptis garsas  Mobilioji programa nuotoliniam steb\u0117jimui  Judesi\u0173 jutiklis  Montavimas ant pavir\u0161iaus","og_url":"https:\/\/xkodas.com\/en\/shop\/praejimo-kontrole\/vaizdo-domofonai\/safire\/duru-skambutis-sf-db001-wip\/","og_site_name":"Xkodas","article_publisher":"https:\/\/www.facebook.com\/xkodas.lt","article_modified_time":"2024-06-06T07:15:54+00:00","og_image":[{"width":500,"height":500,"url":"https:\/\/xkodas.com\/wp-content\/uploads\/2024\/05\/Duru-skambutis-SF-DB001-WIP.png","type":"image\/png"}],"twitter_card":"summary_large_image","schema":{"@context":"https:\/\/schema.org","@graph":[{"@type":"WebPage","@id":"https:\/\/xkodas.com\/en\/shop\/praejimo-kontrole\/vaizdo-domofonai\/safire\/duru-skambutis-sf-db001-wip\/","url":"https:\/\/xkodas.com\/en\/shop\/praejimo-kontrole\/vaizdo-domofonai\/safire\/duru-skambutis-sf-db001-wip\/","name":"Dur\u0173 skambutis SF-DB001-WIP - Xkodas","isPartOf":{"@id":"https:\/\/xkodas.com\/en\/#website"},"primaryImageOfPage":{"@id":"https:\/\/xkodas.com\/en\/shop\/praejimo-kontrole\/vaizdo-domofonai\/safire\/duru-skambutis-sf-db001-wip\/#primaryimage"},"image":{"@id":"https:\/\/xkodas.com\/en\/shop\/praejimo-kontrole\/vaizdo-domofonai\/safire\/duru-skambutis-sf-db001-wip\/#primaryimage"},"thumbnailUrl":"https:\/\/xkodas.com\/wp-content\/uploads\/2024\/05\/Duru-skambutis-SF-DB001-WIP.png","datePublished":"2024-06-06T07:15:36+00:00","dateModified":"2024-06-06T07:15:54+00:00","breadcrumb":{"@id":"https:\/\/xkodas.com\/en\/shop\/praejimo-kontrole\/vaizdo-domofonai\/safire\/duru-skambutis-sf-db001-wip\/#breadcrumb"},"inLanguage":"en-GB","potentialAction":[{"@type":"ReadAction","target":["https:\/\/xkodas.com\/en\/shop\/praejimo-kontrole\/vaizdo-domofonai\/safire\/duru-skambutis-sf-db001-wip\/"]}]},{"@type":"ImageObject","inLanguage":"en-GB","@id":"https:\/\/xkodas.com\/en\/shop\/praejimo-kontrole\/vaizdo-domofonai\/safire\/duru-skambutis-sf-db001-wip\/#primaryimage","url":"https:\/\/xkodas.com\/wp-content\/uploads\/2024\/05\/Duru-skambutis-SF-DB001-WIP.png","contentUrl":"https:\/\/xkodas.com\/wp-content\/uploads\/2024\/05\/Duru-skambutis-SF-DB001-WIP.png","width":500,"height":500},{"@type":"BreadcrumbList","@id":"https:\/\/xkodas.com\/en\/shop\/praejimo-kontrole\/vaizdo-domofonai\/safire\/duru-skambutis-sf-db001-wip\/#breadcrumb","itemListElement":[{"@type":"ListItem","position":1,"name":"Home","item":"https:\/\/xkodas.com\/en\/ismaniosios-spynos-visu-tipu-raktai-seifai-xkodas\/"},{"@type":"ListItem","position":2,"name":"Parduotuv\u0117","item":"https:\/\/xkodas.com\/parduotuve\/"},{"@type":"ListItem","position":3,"name":"Dur\u0173 skambutis SF-DB001-WIP"}]},{"@type":"WebSite","@id":"https:\/\/xkodas.com\/en\/#website","url":"https:\/\/xkodas.com\/en\/","name":"Xkodas","description":"I\u0161maniosios spynos, rakt\u0173 gamyba, saugos sistemos","publisher":{"@id":"https:\/\/xkodas.com\/en\/#organization"},"potentialAction":[{"@type":"SearchAction","target":{"@type":"EntryPoint","urlTemplate":"https:\/\/xkodas.com\/en\/?s={search_term_string}"},"query-input":{"@type":"PropertyValueSpecification","valueRequired":true,"valueName":"search_term_string"}}],"inLanguage":"en-GB"},{"@type":"Organization","@id":"https:\/\/xkodas.com\/en\/#organization","name":"Xkodas","url":"https:\/\/xkodas.com\/en\/","logo":{"@type":"ImageObject","inLanguage":"en-GB","@id":"https:\/\/xkodas.com\/en\/#\/schema\/logo\/image\/","url":"http:\/\/xkodas.com\/wp-content\/uploads\/2020\/02\/Xkodas_logo_baltas_500x500-2.jpg","contentUrl":"http:\/\/xkodas.com\/wp-content\/uploads\/2020\/02\/Xkodas_logo_baltas_500x500-2.jpg","width":100,"height":100,"caption":"Xkodas"},"image":{"@id":"https:\/\/xkodas.com\/en\/#\/schema\/logo\/image\/"},"sameAs":["https:\/\/www.facebook.com\/xkodas.lt"]}]}},"_links":{"self":[{"href":"https:\/\/xkodas.com\/en\/wp-json\/wp\/v2\/product\/18216","targetHints":{"allow":["GET"]}}],"collection":[{"href":"https:\/\/xkodas.com\/en\/wp-json\/wp\/v2\/product"}],"about":[{"href":"https:\/\/xkodas.com\/en\/wp-json\/wp\/v2\/types\/product"}],"wp:featuredmedia":[{"embeddable":true,"href":"https:\/\/xkodas.com\/en\/wp-json\/wp\/v2\/media\/14979"}],"wp:attachment":[{"href":"https:\/\/xkodas.com\/en\/wp-json\/wp\/v2\/media?parent=18216"}],"wp:term":[{"taxonomy":"product_brand","embeddable":true,"href":"https:\/\/xkodas.com\/en\/wp-json\/wp\/v2\/product_brand?post=18216"},{"taxonomy":"product_cat","embeddable":true,"href":"https:\/\/xkodas.com\/en\/wp-json\/wp\/v2\/product_cat?post=18216"},{"taxonomy":"product_tag","embeddable":true,"href":"https:\/\/xkodas.com\/en\/wp-json\/wp\/v2\/product_tag?post=18216"}],"curies":[{"name":"wp","href":"https:\/\/api.w.org\/{rel}","templated":true}]}}