{"id":18204,"date":"2024-06-06T07:15:34","date_gmt":"2024-06-06T07:15:34","guid":{"rendered":"http:\/\/xkodas.com\/?post_type=product&#038;p=18204"},"modified":"2024-06-06T07:15:46","modified_gmt":"2024-06-06T07:15:46","slug":"skydelis-su-tvirtinimo-dezute-sf-vimod-bf2","status":"publish","type":"product","link":"https:\/\/xkodas.com\/en\/shop\/praejimo-kontrole\/vaizdo-domofonai\/safire\/skydelis-su-tvirtinimo-dezute-sf-vimod-bf2\/","title":{"rendered":"Skydelis su tvirtinimo d\u0117\u017eute SF-VIMOD-BF2"},"content":{"rendered":"<p>\u201eSafire\u201c &#8211; antroji karta<\/p>\n<p>\u012eleistinis laikiklis vaizdo intecom<\/p>\n<p>Du moduliai<\/p>\n<p>Suderinamas su \u201eSafire\u201c vaizdo telefonspyn\u0117s moduliais<\/p>\n<p>Matmenys: 236 mm (A) x 124 mm (P) x 4 mm (G)<\/p>\n<p>Pagaminta i\u0161 aviacijos aliuminio ir plastiko<\/p>","protected":false},"excerpt":{"rendered":"<p>Priekinis skydelis ir tvirtinimo d\u0117\u017eut\u0117<\/p>\n<p>Skirta \u201eSafire Video Intercom\u201c sistemai<\/p>\n<p>Suderinamas su \u201eSafire\u201c moduliais<\/p>\n<p>2 moduliams<\/p>\n<p>D\u0117\u017eut\u0117 pagaminta i\u0161 plastiko<\/p>\n<p>Plok\u0161t\u0117 pagaminta i\u0161 aviacijos aliuminio<\/p>","protected":false},"featured_media":14945,"template":"","meta":{"_monsterinsights_skip_tracking":false,"_monsterinsights_sitenote_active":false,"_monsterinsights_sitenote_note":"","_monsterinsights_sitenote_category":0},"product_brand":[],"product_cat":[394,226,321,401],"product_tag":[],"class_list":{"0":"post-18204","1":"product","2":"type-product","3":"status-publish","4":"has-post-thumbnail","6":"product_cat-aksesuarai-safire","7":"product_cat-praejimo-kontrole","8":"product_cat-safire","9":"product_cat-vaizdo-domofonai","11":"first","12":"instock","13":"taxable","14":"shipping-taxable","15":"purchasable","16":"product-type-simple"},"yoast_head":"<!-- This site is optimized with the Yoast SEO plugin v27.4 - https:\/\/yoast.com\/product\/yoast-seo-wordpress\/ -->\n<title>Skydelis su tvirtinimo d\u0117\u017eute SF-VIMOD-BF2 - Xkodas<\/title>\n<meta name=\"robots\" content=\"index, follow, max-snippet:-1, max-image-preview:large, max-video-preview:-1\" \/>\n<link rel=\"canonical\" href=\"https:\/\/xkodas.com\/en\/shop\/praejimo-kontrole\/vaizdo-domofonai\/safire\/skydelis-su-tvirtinimo-dezute-sf-vimod-bf2\/\" \/>\n<meta property=\"og:locale\" content=\"en_GB\" \/>\n<meta property=\"og:type\" content=\"article\" \/>\n<meta property=\"og:title\" content=\"Skydelis su tvirtinimo d\u0117\u017eute SF-VIMOD-BF2 - Xkodas\" \/>\n<meta property=\"og:description\" content=\"Priekinis skydelis ir tvirtinimo d\u0117\u017eut\u0117  Skirta \u201eSafire Video Intercom\u201c sistemai  Suderinamas su \u201eSafire\u201c moduliais  2 moduliams  D\u0117\u017eut\u0117 pagaminta i\u0161 plastiko  Plok\u0161t\u0117 pagaminta i\u0161 aviacijos aliuminio\" \/>\n<meta property=\"og:url\" content=\"https:\/\/xkodas.com\/en\/shop\/praejimo-kontrole\/vaizdo-domofonai\/safire\/skydelis-su-tvirtinimo-dezute-sf-vimod-bf2\/\" \/>\n<meta property=\"og:site_name\" content=\"Xkodas\" \/>\n<meta property=\"article:publisher\" content=\"https:\/\/www.facebook.com\/xkodas.lt\" \/>\n<meta property=\"article:modified_time\" content=\"2024-06-06T07:15:46+00:00\" \/>\n<meta property=\"og:image\" content=\"https:\/\/xkodas.com\/wp-content\/uploads\/2024\/05\/Priekinis-skydelis-ir-tvirtinimo-dezute-SF-VIMOD-BF2.png\" \/>\n\t<meta property=\"og:image:width\" content=\"500\" \/>\n\t<meta property=\"og:image:height\" content=\"499\" \/>\n\t<meta property=\"og:image:type\" content=\"image\/png\" \/>\n<meta name=\"twitter:card\" content=\"summary_large_image\" \/>\n<script type=\"application\/ld+json\" class=\"yoast-schema-graph\">{\"@context\":\"https:\\\/\\\/schema.org\",\"@graph\":[{\"@type\":\"WebPage\",\"@id\":\"https:\\\/\\\/xkodas.com\\\/en\\\/shop\\\/praejimo-kontrole\\\/vaizdo-domofonai\\\/safire\\\/skydelis-su-tvirtinimo-dezute-sf-vimod-bf2\\\/\",\"url\":\"https:\\\/\\\/xkodas.com\\\/en\\\/shop\\\/praejimo-kontrole\\\/vaizdo-domofonai\\\/safire\\\/skydelis-su-tvirtinimo-dezute-sf-vimod-bf2\\\/\",\"name\":\"Skydelis su tvirtinimo d\u0117\u017eute SF-VIMOD-BF2 - Xkodas\",\"isPartOf\":{\"@id\":\"https:\\\/\\\/xkodas.com\\\/en\\\/#website\"},\"primaryImageOfPage\":{\"@id\":\"https:\\\/\\\/xkodas.com\\\/en\\\/shop\\\/praejimo-kontrole\\\/vaizdo-domofonai\\\/safire\\\/skydelis-su-tvirtinimo-dezute-sf-vimod-bf2\\\/#primaryimage\"},\"image\":{\"@id\":\"https:\\\/\\\/xkodas.com\\\/en\\\/shop\\\/praejimo-kontrole\\\/vaizdo-domofonai\\\/safire\\\/skydelis-su-tvirtinimo-dezute-sf-vimod-bf2\\\/#primaryimage\"},\"thumbnailUrl\":\"https:\\\/\\\/xkodas.com\\\/wp-content\\\/uploads\\\/2024\\\/05\\\/Priekinis-skydelis-ir-tvirtinimo-dezute-SF-VIMOD-BF2.png\",\"datePublished\":\"2024-06-06T07:15:34+00:00\",\"dateModified\":\"2024-06-06T07:15:46+00:00\",\"breadcrumb\":{\"@id\":\"https:\\\/\\\/xkodas.com\\\/en\\\/shop\\\/praejimo-kontrole\\\/vaizdo-domofonai\\\/safire\\\/skydelis-su-tvirtinimo-dezute-sf-vimod-bf2\\\/#breadcrumb\"},\"inLanguage\":\"en-GB\",\"potentialAction\":[{\"@type\":\"ReadAction\",\"target\":[\"https:\\\/\\\/xkodas.com\\\/en\\\/shop\\\/praejimo-kontrole\\\/vaizdo-domofonai\\\/safire\\\/skydelis-su-tvirtinimo-dezute-sf-vimod-bf2\\\/\"]}]},{\"@type\":\"ImageObject\",\"inLanguage\":\"en-GB\",\"@id\":\"https:\\\/\\\/xkodas.com\\\/en\\\/shop\\\/praejimo-kontrole\\\/vaizdo-domofonai\\\/safire\\\/skydelis-su-tvirtinimo-dezute-sf-vimod-bf2\\\/#primaryimage\",\"url\":\"https:\\\/\\\/xkodas.com\\\/wp-content\\\/uploads\\\/2024\\\/05\\\/Priekinis-skydelis-ir-tvirtinimo-dezute-SF-VIMOD-BF2.png\",\"contentUrl\":\"https:\\\/\\\/xkodas.com\\\/wp-content\\\/uploads\\\/2024\\\/05\\\/Priekinis-skydelis-ir-tvirtinimo-dezute-SF-VIMOD-BF2.png\",\"width\":500,\"height\":499},{\"@type\":\"BreadcrumbList\",\"@id\":\"https:\\\/\\\/xkodas.com\\\/en\\\/shop\\\/praejimo-kontrole\\\/vaizdo-domofonai\\\/safire\\\/skydelis-su-tvirtinimo-dezute-sf-vimod-bf2\\\/#breadcrumb\",\"itemListElement\":[{\"@type\":\"ListItem\",\"position\":1,\"name\":\"Home\",\"item\":\"https:\\\/\\\/xkodas.com\\\/en\\\/ismaniosios-spynos-visu-tipu-raktai-seifai-xkodas\\\/\"},{\"@type\":\"ListItem\",\"position\":2,\"name\":\"Parduotuv\u0117\",\"item\":\"https:\\\/\\\/xkodas.com\\\/parduotuve\\\/\"},{\"@type\":\"ListItem\",\"position\":3,\"name\":\"Skydelis su tvirtinimo d\u0117\u017eute SF-VIMOD-BF2\"}]},{\"@type\":\"WebSite\",\"@id\":\"https:\\\/\\\/xkodas.com\\\/en\\\/#website\",\"url\":\"https:\\\/\\\/xkodas.com\\\/en\\\/\",\"name\":\"Xkodas\",\"description\":\"I\u0161maniosios spynos, rakt\u0173 gamyba, saugos sistemos\",\"publisher\":{\"@id\":\"https:\\\/\\\/xkodas.com\\\/en\\\/#organization\"},\"potentialAction\":[{\"@type\":\"SearchAction\",\"target\":{\"@type\":\"EntryPoint\",\"urlTemplate\":\"https:\\\/\\\/xkodas.com\\\/en\\\/?s={search_term_string}\"},\"query-input\":{\"@type\":\"PropertyValueSpecification\",\"valueRequired\":true,\"valueName\":\"search_term_string\"}}],\"inLanguage\":\"en-GB\"},{\"@type\":\"Organization\",\"@id\":\"https:\\\/\\\/xkodas.com\\\/en\\\/#organization\",\"name\":\"Xkodas\",\"url\":\"https:\\\/\\\/xkodas.com\\\/en\\\/\",\"logo\":{\"@type\":\"ImageObject\",\"inLanguage\":\"en-GB\",\"@id\":\"https:\\\/\\\/xkodas.com\\\/en\\\/#\\\/schema\\\/logo\\\/image\\\/\",\"url\":\"http:\\\/\\\/xkodas.com\\\/wp-content\\\/uploads\\\/2020\\\/02\\\/Xkodas_logo_baltas_500x500-2.jpg\",\"contentUrl\":\"http:\\\/\\\/xkodas.com\\\/wp-content\\\/uploads\\\/2020\\\/02\\\/Xkodas_logo_baltas_500x500-2.jpg\",\"width\":100,\"height\":100,\"caption\":\"Xkodas\"},\"image\":{\"@id\":\"https:\\\/\\\/xkodas.com\\\/en\\\/#\\\/schema\\\/logo\\\/image\\\/\"},\"sameAs\":[\"https:\\\/\\\/www.facebook.com\\\/xkodas.lt\"]}]}<\/script>\n<!-- \/ Yoast SEO plugin. -->","yoast_head_json":{"title":"Skydelis su tvirtinimo d\u0117\u017eute SF-VIMOD-BF2 - Xkodas","robots":{"index":"index","follow":"follow","max-snippet":"max-snippet:-1","max-image-preview":"max-image-preview:large","max-video-preview":"max-video-preview:-1"},"canonical":"https:\/\/xkodas.com\/en\/shop\/praejimo-kontrole\/vaizdo-domofonai\/safire\/skydelis-su-tvirtinimo-dezute-sf-vimod-bf2\/","og_locale":"en_GB","og_type":"article","og_title":"Skydelis su tvirtinimo d\u0117\u017eute SF-VIMOD-BF2 - Xkodas","og_description":"Priekinis skydelis ir tvirtinimo d\u0117\u017eut\u0117  Skirta \u201eSafire Video Intercom\u201c sistemai  Suderinamas su \u201eSafire\u201c moduliais  2 moduliams  D\u0117\u017eut\u0117 pagaminta i\u0161 plastiko  Plok\u0161t\u0117 pagaminta i\u0161 aviacijos aliuminio","og_url":"https:\/\/xkodas.com\/en\/shop\/praejimo-kontrole\/vaizdo-domofonai\/safire\/skydelis-su-tvirtinimo-dezute-sf-vimod-bf2\/","og_site_name":"Xkodas","article_publisher":"https:\/\/www.facebook.com\/xkodas.lt","article_modified_time":"2024-06-06T07:15:46+00:00","og_image":[{"width":500,"height":499,"url":"https:\/\/xkodas.com\/wp-content\/uploads\/2024\/05\/Priekinis-skydelis-ir-tvirtinimo-dezute-SF-VIMOD-BF2.png","type":"image\/png"}],"twitter_card":"summary_large_image","schema":{"@context":"https:\/\/schema.org","@graph":[{"@type":"WebPage","@id":"https:\/\/xkodas.com\/en\/shop\/praejimo-kontrole\/vaizdo-domofonai\/safire\/skydelis-su-tvirtinimo-dezute-sf-vimod-bf2\/","url":"https:\/\/xkodas.com\/en\/shop\/praejimo-kontrole\/vaizdo-domofonai\/safire\/skydelis-su-tvirtinimo-dezute-sf-vimod-bf2\/","name":"Skydelis su tvirtinimo d\u0117\u017eute SF-VIMOD-BF2 - Xkodas","isPartOf":{"@id":"https:\/\/xkodas.com\/en\/#website"},"primaryImageOfPage":{"@id":"https:\/\/xkodas.com\/en\/shop\/praejimo-kontrole\/vaizdo-domofonai\/safire\/skydelis-su-tvirtinimo-dezute-sf-vimod-bf2\/#primaryimage"},"image":{"@id":"https:\/\/xkodas.com\/en\/shop\/praejimo-kontrole\/vaizdo-domofonai\/safire\/skydelis-su-tvirtinimo-dezute-sf-vimod-bf2\/#primaryimage"},"thumbnailUrl":"https:\/\/xkodas.com\/wp-content\/uploads\/2024\/05\/Priekinis-skydelis-ir-tvirtinimo-dezute-SF-VIMOD-BF2.png","datePublished":"2024-06-06T07:15:34+00:00","dateModified":"2024-06-06T07:15:46+00:00","breadcrumb":{"@id":"https:\/\/xkodas.com\/en\/shop\/praejimo-kontrole\/vaizdo-domofonai\/safire\/skydelis-su-tvirtinimo-dezute-sf-vimod-bf2\/#breadcrumb"},"inLanguage":"en-GB","potentialAction":[{"@type":"ReadAction","target":["https:\/\/xkodas.com\/en\/shop\/praejimo-kontrole\/vaizdo-domofonai\/safire\/skydelis-su-tvirtinimo-dezute-sf-vimod-bf2\/"]}]},{"@type":"ImageObject","inLanguage":"en-GB","@id":"https:\/\/xkodas.com\/en\/shop\/praejimo-kontrole\/vaizdo-domofonai\/safire\/skydelis-su-tvirtinimo-dezute-sf-vimod-bf2\/#primaryimage","url":"https:\/\/xkodas.com\/wp-content\/uploads\/2024\/05\/Priekinis-skydelis-ir-tvirtinimo-dezute-SF-VIMOD-BF2.png","contentUrl":"https:\/\/xkodas.com\/wp-content\/uploads\/2024\/05\/Priekinis-skydelis-ir-tvirtinimo-dezute-SF-VIMOD-BF2.png","width":500,"height":499},{"@type":"BreadcrumbList","@id":"https:\/\/xkodas.com\/en\/shop\/praejimo-kontrole\/vaizdo-domofonai\/safire\/skydelis-su-tvirtinimo-dezute-sf-vimod-bf2\/#breadcrumb","itemListElement":[{"@type":"ListItem","position":1,"name":"Home","item":"https:\/\/xkodas.com\/en\/ismaniosios-spynos-visu-tipu-raktai-seifai-xkodas\/"},{"@type":"ListItem","position":2,"name":"Parduotuv\u0117","item":"https:\/\/xkodas.com\/parduotuve\/"},{"@type":"ListItem","position":3,"name":"Skydelis su tvirtinimo d\u0117\u017eute SF-VIMOD-BF2"}]},{"@type":"WebSite","@id":"https:\/\/xkodas.com\/en\/#website","url":"https:\/\/xkodas.com\/en\/","name":"Xkodas","description":"I\u0161maniosios spynos, rakt\u0173 gamyba, saugos sistemos","publisher":{"@id":"https:\/\/xkodas.com\/en\/#organization"},"potentialAction":[{"@type":"SearchAction","target":{"@type":"EntryPoint","urlTemplate":"https:\/\/xkodas.com\/en\/?s={search_term_string}"},"query-input":{"@type":"PropertyValueSpecification","valueRequired":true,"valueName":"search_term_string"}}],"inLanguage":"en-GB"},{"@type":"Organization","@id":"https:\/\/xkodas.com\/en\/#organization","name":"Xkodas","url":"https:\/\/xkodas.com\/en\/","logo":{"@type":"ImageObject","inLanguage":"en-GB","@id":"https:\/\/xkodas.com\/en\/#\/schema\/logo\/image\/","url":"http:\/\/xkodas.com\/wp-content\/uploads\/2020\/02\/Xkodas_logo_baltas_500x500-2.jpg","contentUrl":"http:\/\/xkodas.com\/wp-content\/uploads\/2020\/02\/Xkodas_logo_baltas_500x500-2.jpg","width":100,"height":100,"caption":"Xkodas"},"image":{"@id":"https:\/\/xkodas.com\/en\/#\/schema\/logo\/image\/"},"sameAs":["https:\/\/www.facebook.com\/xkodas.lt"]}]}},"_links":{"self":[{"href":"https:\/\/xkodas.com\/en\/wp-json\/wp\/v2\/product\/18204","targetHints":{"allow":["GET"]}}],"collection":[{"href":"https:\/\/xkodas.com\/en\/wp-json\/wp\/v2\/product"}],"about":[{"href":"https:\/\/xkodas.com\/en\/wp-json\/wp\/v2\/types\/product"}],"wp:featuredmedia":[{"embeddable":true,"href":"https:\/\/xkodas.com\/en\/wp-json\/wp\/v2\/media\/14945"}],"wp:attachment":[{"href":"https:\/\/xkodas.com\/en\/wp-json\/wp\/v2\/media?parent=18204"}],"wp:term":[{"taxonomy":"product_brand","embeddable":true,"href":"https:\/\/xkodas.com\/en\/wp-json\/wp\/v2\/product_brand?post=18204"},{"taxonomy":"product_cat","embeddable":true,"href":"https:\/\/xkodas.com\/en\/wp-json\/wp\/v2\/product_cat?post=18204"},{"taxonomy":"product_tag","embeddable":true,"href":"https:\/\/xkodas.com\/en\/wp-json\/wp\/v2\/product_tag?post=18204"}],"curies":[{"name":"wp","href":"https:\/\/api.w.org\/{rel}","templated":true}]}}