{"id":18180,"date":"2024-06-06T07:15:08","date_gmt":"2024-06-06T07:15:08","guid":{"rendered":"http:\/\/xkodas.com\/?post_type=product&#038;p=18180"},"modified":"2024-06-06T07:15:22","modified_gmt":"2024-06-06T07:15:22","slug":"vienpusis-dvigubas-motorizuotas-turniketas-ts-fb701","status":"publish","type":"product","link":"https:\/\/xkodas.com\/en\/shop\/praejimo-kontrole\/praejimo-valdymas\/aksesuarai-praejimo-valdymas\/vienpusis-dvigubas-motorizuotas-turniketas-ts-fb701\/","title":{"rendered":"Vienpusis dvigubas motorizuotas turniketas TS-FB701"},"content":{"rendered":"<p><span>Vienpusis dvigubas motorizuotas turniketas<\/span><\/p>\n<p><span>Atitraukiantis akrilo barjero jud\u0117jimas<\/span><\/p>\n<p><span>Prieigos plotis 550 mm<\/span><\/p>\n<p><span>\u0160viesos indikatorius<\/span><\/p>\n<p><span>Avarinis re\u017eimas<\/span><\/p>\n<p><span>Pagrindinio turniketo konfig\u016bracijos plok\u0161t\u0117 (laikai, signalizacijos, angos)<\/span><\/p>\n<p><span>Pagaminta i\u0161 ner\u016bdijan\u010dio plieno ir akrilo u\u017etvar\u0173<\/span><\/p>\n<p><span>Konfig\u016bravimo re\u017eimai: vienpusis ar dvipusis, laisvas jud\u0117jimas vienpusis ar dvipusis<\/span><\/p>\n<p><span>Suderinamas su \u012f\u0117jimo kontrol\u0117s sistemomis<\/span><\/p>","protected":false},"excerpt":{"rendered":"<p><span>Pra\u0117jimas pro turniketa<\/span><\/p>\n<p><span>Akrilo atitraukiantis barjeras<\/span><\/p>\n<p><span>Laikai, pavojaus signalai, atidarymai<\/span><\/p>\n<p><span>\u017dingsnio matmenys 550 mm<\/span><\/p>\n<p><span>Pagaminta i\u0161 ner\u016bdijan\u010dio plieno SUS304<\/span><\/p>\n<p><span>Suderinamas su tre\u010di\u0173j\u0173 \u0161ali\u0173 sistemomis<\/span><\/p>","protected":false},"featured_media":14858,"template":"","meta":{"_monsterinsights_skip_tracking":false,"_monsterinsights_sitenote_active":false,"_monsterinsights_sitenote_note":"","_monsterinsights_sitenote_category":0},"product_brand":[],"product_cat":[333,226,404,334],"product_tag":[],"class_list":{"0":"post-18180","1":"product","2":"type-product","3":"status-publish","4":"has-post-thumbnail","6":"product_cat-aksesuarai-praejimo-valdymas","7":"product_cat-praejimo-kontrole","8":"product_cat-praejimo-valdymas","9":"product_cat-turniketai-prieigos-valdymas","11":"first","12":"instock","13":"taxable","14":"shipping-taxable","15":"purchasable","16":"product-type-simple"},"yoast_head":"<!-- This site is optimized with the Yoast SEO plugin v27.5 - https:\/\/yoast.com\/product\/yoast-seo-wordpress\/ -->\n<title>Vienpusis dvigubas motorizuotas turniketas TS-FB701 - Xkodas<\/title>\n<meta name=\"robots\" content=\"index, follow, max-snippet:-1, max-image-preview:large, max-video-preview:-1\" \/>\n<link rel=\"canonical\" href=\"https:\/\/xkodas.com\/en\/shop\/praejimo-kontrole\/praejimo-valdymas\/aksesuarai-praejimo-valdymas\/vienpusis-dvigubas-motorizuotas-turniketas-ts-fb701\/\" \/>\n<meta property=\"og:locale\" content=\"en_GB\" \/>\n<meta property=\"og:type\" content=\"article\" \/>\n<meta property=\"og:title\" content=\"Vienpusis dvigubas motorizuotas turniketas TS-FB701 - Xkodas\" \/>\n<meta property=\"og:description\" content=\"Pra\u0117jimas pro turniketa  Akrilo atitraukiantis barjeras  Laikai, pavojaus signalai, atidarymai  \u017dingsnio matmenys 550 mm  Pagaminta i\u0161 ner\u016bdijan\u010dio plieno SUS304  Suderinamas su tre\u010di\u0173j\u0173 \u0161ali\u0173 sistemomis\" \/>\n<meta property=\"og:url\" content=\"https:\/\/xkodas.com\/en\/shop\/praejimo-kontrole\/praejimo-valdymas\/aksesuarai-praejimo-valdymas\/vienpusis-dvigubas-motorizuotas-turniketas-ts-fb701\/\" \/>\n<meta property=\"og:site_name\" content=\"Xkodas\" \/>\n<meta property=\"article:publisher\" content=\"https:\/\/www.facebook.com\/xkodas.lt\" \/>\n<meta property=\"article:modified_time\" content=\"2024-06-06T07:15:22+00:00\" \/>\n<meta property=\"og:image\" content=\"https:\/\/xkodas.com\/wp-content\/uploads\/2024\/05\/Vienpusis-dvigubas-motorizuotas-turniketas-TS-FB701.png\" \/>\n\t<meta property=\"og:image:width\" content=\"500\" \/>\n\t<meta property=\"og:image:height\" content=\"500\" \/>\n\t<meta property=\"og:image:type\" content=\"image\/png\" \/>\n<meta name=\"twitter:card\" content=\"summary_large_image\" \/>\n<script type=\"application\/ld+json\" class=\"yoast-schema-graph\">{\"@context\":\"https:\\\/\\\/schema.org\",\"@graph\":[{\"@type\":\"WebPage\",\"@id\":\"https:\\\/\\\/xkodas.com\\\/en\\\/shop\\\/praejimo-kontrole\\\/praejimo-valdymas\\\/aksesuarai-praejimo-valdymas\\\/vienpusis-dvigubas-motorizuotas-turniketas-ts-fb701\\\/\",\"url\":\"https:\\\/\\\/xkodas.com\\\/en\\\/shop\\\/praejimo-kontrole\\\/praejimo-valdymas\\\/aksesuarai-praejimo-valdymas\\\/vienpusis-dvigubas-motorizuotas-turniketas-ts-fb701\\\/\",\"name\":\"Vienpusis dvigubas motorizuotas turniketas TS-FB701 - Xkodas\",\"isPartOf\":{\"@id\":\"https:\\\/\\\/xkodas.com\\\/en\\\/#website\"},\"primaryImageOfPage\":{\"@id\":\"https:\\\/\\\/xkodas.com\\\/en\\\/shop\\\/praejimo-kontrole\\\/praejimo-valdymas\\\/aksesuarai-praejimo-valdymas\\\/vienpusis-dvigubas-motorizuotas-turniketas-ts-fb701\\\/#primaryimage\"},\"image\":{\"@id\":\"https:\\\/\\\/xkodas.com\\\/en\\\/shop\\\/praejimo-kontrole\\\/praejimo-valdymas\\\/aksesuarai-praejimo-valdymas\\\/vienpusis-dvigubas-motorizuotas-turniketas-ts-fb701\\\/#primaryimage\"},\"thumbnailUrl\":\"https:\\\/\\\/xkodas.com\\\/wp-content\\\/uploads\\\/2024\\\/05\\\/Vienpusis-dvigubas-motorizuotas-turniketas-TS-FB701.png\",\"datePublished\":\"2024-06-06T07:15:08+00:00\",\"dateModified\":\"2024-06-06T07:15:22+00:00\",\"breadcrumb\":{\"@id\":\"https:\\\/\\\/xkodas.com\\\/en\\\/shop\\\/praejimo-kontrole\\\/praejimo-valdymas\\\/aksesuarai-praejimo-valdymas\\\/vienpusis-dvigubas-motorizuotas-turniketas-ts-fb701\\\/#breadcrumb\"},\"inLanguage\":\"en-GB\",\"potentialAction\":[{\"@type\":\"ReadAction\",\"target\":[\"https:\\\/\\\/xkodas.com\\\/en\\\/shop\\\/praejimo-kontrole\\\/praejimo-valdymas\\\/aksesuarai-praejimo-valdymas\\\/vienpusis-dvigubas-motorizuotas-turniketas-ts-fb701\\\/\"]}]},{\"@type\":\"ImageObject\",\"inLanguage\":\"en-GB\",\"@id\":\"https:\\\/\\\/xkodas.com\\\/en\\\/shop\\\/praejimo-kontrole\\\/praejimo-valdymas\\\/aksesuarai-praejimo-valdymas\\\/vienpusis-dvigubas-motorizuotas-turniketas-ts-fb701\\\/#primaryimage\",\"url\":\"https:\\\/\\\/xkodas.com\\\/wp-content\\\/uploads\\\/2024\\\/05\\\/Vienpusis-dvigubas-motorizuotas-turniketas-TS-FB701.png\",\"contentUrl\":\"https:\\\/\\\/xkodas.com\\\/wp-content\\\/uploads\\\/2024\\\/05\\\/Vienpusis-dvigubas-motorizuotas-turniketas-TS-FB701.png\",\"width\":500,\"height\":500},{\"@type\":\"BreadcrumbList\",\"@id\":\"https:\\\/\\\/xkodas.com\\\/en\\\/shop\\\/praejimo-kontrole\\\/praejimo-valdymas\\\/aksesuarai-praejimo-valdymas\\\/vienpusis-dvigubas-motorizuotas-turniketas-ts-fb701\\\/#breadcrumb\",\"itemListElement\":[{\"@type\":\"ListItem\",\"position\":1,\"name\":\"Home\",\"item\":\"https:\\\/\\\/xkodas.com\\\/en\\\/ismaniosios-spynos-visu-tipu-raktai-seifai-xkodas\\\/\"},{\"@type\":\"ListItem\",\"position\":2,\"name\":\"Parduotuv\u0117\",\"item\":\"https:\\\/\\\/xkodas.com\\\/parduotuve\\\/\"},{\"@type\":\"ListItem\",\"position\":3,\"name\":\"Vienpusis dvigubas motorizuotas turniketas TS-FB701\"}]},{\"@type\":\"WebSite\",\"@id\":\"https:\\\/\\\/xkodas.com\\\/en\\\/#website\",\"url\":\"https:\\\/\\\/xkodas.com\\\/en\\\/\",\"name\":\"Xkodas\",\"description\":\"I\u0161maniosios spynos, rakt\u0173 gamyba, saugos sistemos\",\"publisher\":{\"@id\":\"https:\\\/\\\/xkodas.com\\\/en\\\/#organization\"},\"potentialAction\":[{\"@type\":\"SearchAction\",\"target\":{\"@type\":\"EntryPoint\",\"urlTemplate\":\"https:\\\/\\\/xkodas.com\\\/en\\\/?s={search_term_string}\"},\"query-input\":{\"@type\":\"PropertyValueSpecification\",\"valueRequired\":true,\"valueName\":\"search_term_string\"}}],\"inLanguage\":\"en-GB\"},{\"@type\":\"Organization\",\"@id\":\"https:\\\/\\\/xkodas.com\\\/en\\\/#organization\",\"name\":\"Xkodas\",\"url\":\"https:\\\/\\\/xkodas.com\\\/en\\\/\",\"logo\":{\"@type\":\"ImageObject\",\"inLanguage\":\"en-GB\",\"@id\":\"https:\\\/\\\/xkodas.com\\\/en\\\/#\\\/schema\\\/logo\\\/image\\\/\",\"url\":\"http:\\\/\\\/xkodas.com\\\/wp-content\\\/uploads\\\/2020\\\/02\\\/Xkodas_logo_baltas_500x500-2.jpg\",\"contentUrl\":\"http:\\\/\\\/xkodas.com\\\/wp-content\\\/uploads\\\/2020\\\/02\\\/Xkodas_logo_baltas_500x500-2.jpg\",\"width\":100,\"height\":100,\"caption\":\"Xkodas\"},\"image\":{\"@id\":\"https:\\\/\\\/xkodas.com\\\/en\\\/#\\\/schema\\\/logo\\\/image\\\/\"},\"sameAs\":[\"https:\\\/\\\/www.facebook.com\\\/xkodas.lt\"]}]}<\/script>\n<!-- \/ Yoast SEO plugin. -->","yoast_head_json":{"title":"Vienpusis dvigubas motorizuotas turniketas TS-FB701 - Xkodas","robots":{"index":"index","follow":"follow","max-snippet":"max-snippet:-1","max-image-preview":"max-image-preview:large","max-video-preview":"max-video-preview:-1"},"canonical":"https:\/\/xkodas.com\/en\/shop\/praejimo-kontrole\/praejimo-valdymas\/aksesuarai-praejimo-valdymas\/vienpusis-dvigubas-motorizuotas-turniketas-ts-fb701\/","og_locale":"en_GB","og_type":"article","og_title":"Vienpusis dvigubas motorizuotas turniketas TS-FB701 - Xkodas","og_description":"Pra\u0117jimas pro turniketa  Akrilo atitraukiantis barjeras  Laikai, pavojaus signalai, atidarymai  \u017dingsnio matmenys 550 mm  Pagaminta i\u0161 ner\u016bdijan\u010dio plieno SUS304  Suderinamas su tre\u010di\u0173j\u0173 \u0161ali\u0173 sistemomis","og_url":"https:\/\/xkodas.com\/en\/shop\/praejimo-kontrole\/praejimo-valdymas\/aksesuarai-praejimo-valdymas\/vienpusis-dvigubas-motorizuotas-turniketas-ts-fb701\/","og_site_name":"Xkodas","article_publisher":"https:\/\/www.facebook.com\/xkodas.lt","article_modified_time":"2024-06-06T07:15:22+00:00","og_image":[{"width":500,"height":500,"url":"https:\/\/xkodas.com\/wp-content\/uploads\/2024\/05\/Vienpusis-dvigubas-motorizuotas-turniketas-TS-FB701.png","type":"image\/png"}],"twitter_card":"summary_large_image","schema":{"@context":"https:\/\/schema.org","@graph":[{"@type":"WebPage","@id":"https:\/\/xkodas.com\/en\/shop\/praejimo-kontrole\/praejimo-valdymas\/aksesuarai-praejimo-valdymas\/vienpusis-dvigubas-motorizuotas-turniketas-ts-fb701\/","url":"https:\/\/xkodas.com\/en\/shop\/praejimo-kontrole\/praejimo-valdymas\/aksesuarai-praejimo-valdymas\/vienpusis-dvigubas-motorizuotas-turniketas-ts-fb701\/","name":"Vienpusis dvigubas motorizuotas turniketas TS-FB701 - Xkodas","isPartOf":{"@id":"https:\/\/xkodas.com\/en\/#website"},"primaryImageOfPage":{"@id":"https:\/\/xkodas.com\/en\/shop\/praejimo-kontrole\/praejimo-valdymas\/aksesuarai-praejimo-valdymas\/vienpusis-dvigubas-motorizuotas-turniketas-ts-fb701\/#primaryimage"},"image":{"@id":"https:\/\/xkodas.com\/en\/shop\/praejimo-kontrole\/praejimo-valdymas\/aksesuarai-praejimo-valdymas\/vienpusis-dvigubas-motorizuotas-turniketas-ts-fb701\/#primaryimage"},"thumbnailUrl":"https:\/\/xkodas.com\/wp-content\/uploads\/2024\/05\/Vienpusis-dvigubas-motorizuotas-turniketas-TS-FB701.png","datePublished":"2024-06-06T07:15:08+00:00","dateModified":"2024-06-06T07:15:22+00:00","breadcrumb":{"@id":"https:\/\/xkodas.com\/en\/shop\/praejimo-kontrole\/praejimo-valdymas\/aksesuarai-praejimo-valdymas\/vienpusis-dvigubas-motorizuotas-turniketas-ts-fb701\/#breadcrumb"},"inLanguage":"en-GB","potentialAction":[{"@type":"ReadAction","target":["https:\/\/xkodas.com\/en\/shop\/praejimo-kontrole\/praejimo-valdymas\/aksesuarai-praejimo-valdymas\/vienpusis-dvigubas-motorizuotas-turniketas-ts-fb701\/"]}]},{"@type":"ImageObject","inLanguage":"en-GB","@id":"https:\/\/xkodas.com\/en\/shop\/praejimo-kontrole\/praejimo-valdymas\/aksesuarai-praejimo-valdymas\/vienpusis-dvigubas-motorizuotas-turniketas-ts-fb701\/#primaryimage","url":"https:\/\/xkodas.com\/wp-content\/uploads\/2024\/05\/Vienpusis-dvigubas-motorizuotas-turniketas-TS-FB701.png","contentUrl":"https:\/\/xkodas.com\/wp-content\/uploads\/2024\/05\/Vienpusis-dvigubas-motorizuotas-turniketas-TS-FB701.png","width":500,"height":500},{"@type":"BreadcrumbList","@id":"https:\/\/xkodas.com\/en\/shop\/praejimo-kontrole\/praejimo-valdymas\/aksesuarai-praejimo-valdymas\/vienpusis-dvigubas-motorizuotas-turniketas-ts-fb701\/#breadcrumb","itemListElement":[{"@type":"ListItem","position":1,"name":"Home","item":"https:\/\/xkodas.com\/en\/ismaniosios-spynos-visu-tipu-raktai-seifai-xkodas\/"},{"@type":"ListItem","position":2,"name":"Parduotuv\u0117","item":"https:\/\/xkodas.com\/parduotuve\/"},{"@type":"ListItem","position":3,"name":"Vienpusis dvigubas motorizuotas turniketas TS-FB701"}]},{"@type":"WebSite","@id":"https:\/\/xkodas.com\/en\/#website","url":"https:\/\/xkodas.com\/en\/","name":"Xkodas","description":"I\u0161maniosios spynos, rakt\u0173 gamyba, saugos sistemos","publisher":{"@id":"https:\/\/xkodas.com\/en\/#organization"},"potentialAction":[{"@type":"SearchAction","target":{"@type":"EntryPoint","urlTemplate":"https:\/\/xkodas.com\/en\/?s={search_term_string}"},"query-input":{"@type":"PropertyValueSpecification","valueRequired":true,"valueName":"search_term_string"}}],"inLanguage":"en-GB"},{"@type":"Organization","@id":"https:\/\/xkodas.com\/en\/#organization","name":"Xkodas","url":"https:\/\/xkodas.com\/en\/","logo":{"@type":"ImageObject","inLanguage":"en-GB","@id":"https:\/\/xkodas.com\/en\/#\/schema\/logo\/image\/","url":"http:\/\/xkodas.com\/wp-content\/uploads\/2020\/02\/Xkodas_logo_baltas_500x500-2.jpg","contentUrl":"http:\/\/xkodas.com\/wp-content\/uploads\/2020\/02\/Xkodas_logo_baltas_500x500-2.jpg","width":100,"height":100,"caption":"Xkodas"},"image":{"@id":"https:\/\/xkodas.com\/en\/#\/schema\/logo\/image\/"},"sameAs":["https:\/\/www.facebook.com\/xkodas.lt"]}]}},"_links":{"self":[{"href":"https:\/\/xkodas.com\/en\/wp-json\/wp\/v2\/product\/18180","targetHints":{"allow":["GET"]}}],"collection":[{"href":"https:\/\/xkodas.com\/en\/wp-json\/wp\/v2\/product"}],"about":[{"href":"https:\/\/xkodas.com\/en\/wp-json\/wp\/v2\/types\/product"}],"wp:featuredmedia":[{"embeddable":true,"href":"https:\/\/xkodas.com\/en\/wp-json\/wp\/v2\/media\/14858"}],"wp:attachment":[{"href":"https:\/\/xkodas.com\/en\/wp-json\/wp\/v2\/media?parent=18180"}],"wp:term":[{"taxonomy":"product_brand","embeddable":true,"href":"https:\/\/xkodas.com\/en\/wp-json\/wp\/v2\/product_brand?post=18180"},{"taxonomy":"product_cat","embeddable":true,"href":"https:\/\/xkodas.com\/en\/wp-json\/wp\/v2\/product_cat?post=18180"},{"taxonomy":"product_tag","embeddable":true,"href":"https:\/\/xkodas.com\/en\/wp-json\/wp\/v2\/product_tag?post=18180"}],"curies":[{"name":"wp","href":"https:\/\/api.w.org\/{rel}","templated":true}]}}