{"id":18142,"date":"2024-06-06T07:14:39","date_gmt":"2024-06-06T07:14:39","guid":{"rendered":"http:\/\/xkodas.com\/?post_type=product&#038;p=18142"},"modified":"2024-06-06T07:14:45","modified_gmt":"2024-06-06T07:14:45","slug":"radijo-daznio-artumo-raktu-pakabukas-mifare-tag-y","status":"publish","type":"product","link":"https:\/\/xkodas.com\/en\/shop\/praejimo-kontrole\/praejimo-valdymas\/aksesuarai-praejimo-valdymas\/radijo-daznio-artumo-raktu-pakabukas-mifare-tag-y\/","title":{"rendered":"Radijo da\u017enio artumo rakt\u0173 pakabukas \u201eMIFARE-TAG-Y\u201c"},"content":{"rendered":"<p align=\"justify\">Radijo da\u017enio artumo rakt\u0173 pakabukas (\u017eyma).<\/p>\n<p align=\"justify\">Automatinis vartotojo identifikavimas radijo da\u017eniu (RF), MIFARE.\u00a0Pasyvi \u017eyma, turinti su artumu aktyvuot\u0105 lust\u0105 (indukcija).\u00a0\u012ejungus (elektromagnetin\u0117 indukcija), jis gr\u0105\u017eina kod\u0105 sistemai, tod\u0117l nereikia baterijos.<\/p>\n<p align=\"justify\">Su skaitytuvu bendrauja per RF anten\u0105 13,56MHz da\u017eniu.<\/p>\n<p align=\"justify\">Rakt\u0173 pakavimo formatas su plastikiniu korpusu ir dviem metaliniais \u017eiedais.<\/p>","protected":false},"excerpt":{"rendered":"<p>Rakt\u0173 pakabinimo artumo \u017eyma<\/p>\n<p>Identifikavimas radijo da\u017eniu<\/p>\n<p>MIFARE pasyvus\u00a0|\u00a0Geltona spalva<\/p>\n<p>Da\u017enis 13,56 MHz<\/p>\n<p>Lengva ir ne\u0161iojama<\/p>\n<p>Maksimalus saugumas<\/p>","protected":false},"featured_media":14765,"template":"","meta":{"_monsterinsights_skip_tracking":false,"_monsterinsights_sitenote_active":false,"_monsterinsights_sitenote_note":"","_monsterinsights_sitenote_category":0},"product_brand":[],"product_cat":[333,357,226,404],"product_tag":[],"class_list":{"0":"post-18142","1":"product","2":"type-product","3":"status-publish","4":"has-post-thumbnail","6":"product_cat-aksesuarai-praejimo-valdymas","7":"product_cat-korteles","8":"product_cat-praejimo-kontrole","9":"product_cat-praejimo-valdymas","11":"first","12":"instock","13":"taxable","14":"shipping-taxable","15":"purchasable","16":"product-type-simple"},"yoast_head":"<!-- This site is optimized with the Yoast SEO plugin v27.5 - https:\/\/yoast.com\/product\/yoast-seo-wordpress\/ -->\n<title>Radijo da\u017enio artumo rakt\u0173 pakabukas \u201eMIFARE-TAG-Y\u201c - Xkodas<\/title>\n<meta name=\"robots\" content=\"index, follow, max-snippet:-1, max-image-preview:large, max-video-preview:-1\" \/>\n<link rel=\"canonical\" href=\"https:\/\/xkodas.com\/en\/shop\/praejimo-kontrole\/praejimo-valdymas\/aksesuarai-praejimo-valdymas\/radijo-daznio-artumo-raktu-pakabukas-mifare-tag-y\/\" \/>\n<meta property=\"og:locale\" content=\"en_GB\" \/>\n<meta property=\"og:type\" content=\"article\" \/>\n<meta property=\"og:title\" content=\"Radijo da\u017enio artumo rakt\u0173 pakabukas \u201eMIFARE-TAG-Y\u201c - Xkodas\" \/>\n<meta property=\"og:description\" content=\"Rakt\u0173 pakabinimo artumo \u017eyma  Identifikavimas radijo da\u017eniu  MIFARE pasyvus\u00a0|\u00a0Geltona spalva  Da\u017enis 13,56 MHz  Lengva ir ne\u0161iojama  Maksimalus saugumas\" \/>\n<meta property=\"og:url\" content=\"https:\/\/xkodas.com\/en\/shop\/praejimo-kontrole\/praejimo-valdymas\/aksesuarai-praejimo-valdymas\/radijo-daznio-artumo-raktu-pakabukas-mifare-tag-y\/\" \/>\n<meta property=\"og:site_name\" content=\"Xkodas\" \/>\n<meta property=\"article:publisher\" content=\"https:\/\/www.facebook.com\/xkodas.lt\" \/>\n<meta property=\"article:modified_time\" content=\"2024-06-06T07:14:45+00:00\" \/>\n<meta property=\"og:image\" content=\"https:\/\/xkodas.com\/wp-content\/uploads\/2024\/05\/Radijo-daznio-artumo-raktu-pakabukas-\u201eMIFARE-TAG-Y.png\" \/>\n\t<meta property=\"og:image:width\" content=\"500\" \/>\n\t<meta property=\"og:image:height\" content=\"500\" \/>\n\t<meta property=\"og:image:type\" content=\"image\/png\" \/>\n<meta name=\"twitter:card\" content=\"summary_large_image\" \/>\n<script type=\"application\/ld+json\" class=\"yoast-schema-graph\">{\"@context\":\"https:\\\/\\\/schema.org\",\"@graph\":[{\"@type\":\"WebPage\",\"@id\":\"https:\\\/\\\/xkodas.com\\\/en\\\/shop\\\/praejimo-kontrole\\\/praejimo-valdymas\\\/aksesuarai-praejimo-valdymas\\\/radijo-daznio-artumo-raktu-pakabukas-mifare-tag-y\\\/\",\"url\":\"https:\\\/\\\/xkodas.com\\\/en\\\/shop\\\/praejimo-kontrole\\\/praejimo-valdymas\\\/aksesuarai-praejimo-valdymas\\\/radijo-daznio-artumo-raktu-pakabukas-mifare-tag-y\\\/\",\"name\":\"Radijo da\u017enio artumo rakt\u0173 pakabukas \u201eMIFARE-TAG-Y\u201c - Xkodas\",\"isPartOf\":{\"@id\":\"https:\\\/\\\/xkodas.com\\\/en\\\/#website\"},\"primaryImageOfPage\":{\"@id\":\"https:\\\/\\\/xkodas.com\\\/en\\\/shop\\\/praejimo-kontrole\\\/praejimo-valdymas\\\/aksesuarai-praejimo-valdymas\\\/radijo-daznio-artumo-raktu-pakabukas-mifare-tag-y\\\/#primaryimage\"},\"image\":{\"@id\":\"https:\\\/\\\/xkodas.com\\\/en\\\/shop\\\/praejimo-kontrole\\\/praejimo-valdymas\\\/aksesuarai-praejimo-valdymas\\\/radijo-daznio-artumo-raktu-pakabukas-mifare-tag-y\\\/#primaryimage\"},\"thumbnailUrl\":\"https:\\\/\\\/xkodas.com\\\/wp-content\\\/uploads\\\/2024\\\/05\\\/Radijo-daznio-artumo-raktu-pakabukas-\u201eMIFARE-TAG-Y.png\",\"datePublished\":\"2024-06-06T07:14:39+00:00\",\"dateModified\":\"2024-06-06T07:14:45+00:00\",\"breadcrumb\":{\"@id\":\"https:\\\/\\\/xkodas.com\\\/en\\\/shop\\\/praejimo-kontrole\\\/praejimo-valdymas\\\/aksesuarai-praejimo-valdymas\\\/radijo-daznio-artumo-raktu-pakabukas-mifare-tag-y\\\/#breadcrumb\"},\"inLanguage\":\"en-GB\",\"potentialAction\":[{\"@type\":\"ReadAction\",\"target\":[\"https:\\\/\\\/xkodas.com\\\/en\\\/shop\\\/praejimo-kontrole\\\/praejimo-valdymas\\\/aksesuarai-praejimo-valdymas\\\/radijo-daznio-artumo-raktu-pakabukas-mifare-tag-y\\\/\"]}]},{\"@type\":\"ImageObject\",\"inLanguage\":\"en-GB\",\"@id\":\"https:\\\/\\\/xkodas.com\\\/en\\\/shop\\\/praejimo-kontrole\\\/praejimo-valdymas\\\/aksesuarai-praejimo-valdymas\\\/radijo-daznio-artumo-raktu-pakabukas-mifare-tag-y\\\/#primaryimage\",\"url\":\"https:\\\/\\\/xkodas.com\\\/wp-content\\\/uploads\\\/2024\\\/05\\\/Radijo-daznio-artumo-raktu-pakabukas-\u201eMIFARE-TAG-Y.png\",\"contentUrl\":\"https:\\\/\\\/xkodas.com\\\/wp-content\\\/uploads\\\/2024\\\/05\\\/Radijo-daznio-artumo-raktu-pakabukas-\u201eMIFARE-TAG-Y.png\",\"width\":500,\"height\":500},{\"@type\":\"BreadcrumbList\",\"@id\":\"https:\\\/\\\/xkodas.com\\\/en\\\/shop\\\/praejimo-kontrole\\\/praejimo-valdymas\\\/aksesuarai-praejimo-valdymas\\\/radijo-daznio-artumo-raktu-pakabukas-mifare-tag-y\\\/#breadcrumb\",\"itemListElement\":[{\"@type\":\"ListItem\",\"position\":1,\"name\":\"Home\",\"item\":\"https:\\\/\\\/xkodas.com\\\/en\\\/ismaniosios-spynos-visu-tipu-raktai-seifai-xkodas\\\/\"},{\"@type\":\"ListItem\",\"position\":2,\"name\":\"Parduotuv\u0117\",\"item\":\"https:\\\/\\\/xkodas.com\\\/parduotuve\\\/\"},{\"@type\":\"ListItem\",\"position\":3,\"name\":\"Radijo da\u017enio artumo rakt\u0173 pakabukas \u201eMIFARE-TAG-Y\u201c\"}]},{\"@type\":\"WebSite\",\"@id\":\"https:\\\/\\\/xkodas.com\\\/en\\\/#website\",\"url\":\"https:\\\/\\\/xkodas.com\\\/en\\\/\",\"name\":\"Xkodas\",\"description\":\"I\u0161maniosios spynos, rakt\u0173 gamyba, saugos sistemos\",\"publisher\":{\"@id\":\"https:\\\/\\\/xkodas.com\\\/en\\\/#organization\"},\"potentialAction\":[{\"@type\":\"SearchAction\",\"target\":{\"@type\":\"EntryPoint\",\"urlTemplate\":\"https:\\\/\\\/xkodas.com\\\/en\\\/?s={search_term_string}\"},\"query-input\":{\"@type\":\"PropertyValueSpecification\",\"valueRequired\":true,\"valueName\":\"search_term_string\"}}],\"inLanguage\":\"en-GB\"},{\"@type\":\"Organization\",\"@id\":\"https:\\\/\\\/xkodas.com\\\/en\\\/#organization\",\"name\":\"Xkodas\",\"url\":\"https:\\\/\\\/xkodas.com\\\/en\\\/\",\"logo\":{\"@type\":\"ImageObject\",\"inLanguage\":\"en-GB\",\"@id\":\"https:\\\/\\\/xkodas.com\\\/en\\\/#\\\/schema\\\/logo\\\/image\\\/\",\"url\":\"http:\\\/\\\/xkodas.com\\\/wp-content\\\/uploads\\\/2020\\\/02\\\/Xkodas_logo_baltas_500x500-2.jpg\",\"contentUrl\":\"http:\\\/\\\/xkodas.com\\\/wp-content\\\/uploads\\\/2020\\\/02\\\/Xkodas_logo_baltas_500x500-2.jpg\",\"width\":100,\"height\":100,\"caption\":\"Xkodas\"},\"image\":{\"@id\":\"https:\\\/\\\/xkodas.com\\\/en\\\/#\\\/schema\\\/logo\\\/image\\\/\"},\"sameAs\":[\"https:\\\/\\\/www.facebook.com\\\/xkodas.lt\"]}]}<\/script>\n<!-- \/ Yoast SEO plugin. -->","yoast_head_json":{"title":"Radijo da\u017enio artumo rakt\u0173 pakabukas \u201eMIFARE-TAG-Y\u201c - Xkodas","robots":{"index":"index","follow":"follow","max-snippet":"max-snippet:-1","max-image-preview":"max-image-preview:large","max-video-preview":"max-video-preview:-1"},"canonical":"https:\/\/xkodas.com\/en\/shop\/praejimo-kontrole\/praejimo-valdymas\/aksesuarai-praejimo-valdymas\/radijo-daznio-artumo-raktu-pakabukas-mifare-tag-y\/","og_locale":"en_GB","og_type":"article","og_title":"Radijo da\u017enio artumo rakt\u0173 pakabukas \u201eMIFARE-TAG-Y\u201c - Xkodas","og_description":"Rakt\u0173 pakabinimo artumo \u017eyma  Identifikavimas radijo da\u017eniu  MIFARE pasyvus\u00a0|\u00a0Geltona spalva  Da\u017enis 13,56 MHz  Lengva ir ne\u0161iojama  Maksimalus saugumas","og_url":"https:\/\/xkodas.com\/en\/shop\/praejimo-kontrole\/praejimo-valdymas\/aksesuarai-praejimo-valdymas\/radijo-daznio-artumo-raktu-pakabukas-mifare-tag-y\/","og_site_name":"Xkodas","article_publisher":"https:\/\/www.facebook.com\/xkodas.lt","article_modified_time":"2024-06-06T07:14:45+00:00","og_image":[{"width":500,"height":500,"url":"https:\/\/xkodas.com\/wp-content\/uploads\/2024\/05\/Radijo-daznio-artumo-raktu-pakabukas-\u201eMIFARE-TAG-Y.png","type":"image\/png"}],"twitter_card":"summary_large_image","schema":{"@context":"https:\/\/schema.org","@graph":[{"@type":"WebPage","@id":"https:\/\/xkodas.com\/en\/shop\/praejimo-kontrole\/praejimo-valdymas\/aksesuarai-praejimo-valdymas\/radijo-daznio-artumo-raktu-pakabukas-mifare-tag-y\/","url":"https:\/\/xkodas.com\/en\/shop\/praejimo-kontrole\/praejimo-valdymas\/aksesuarai-praejimo-valdymas\/radijo-daznio-artumo-raktu-pakabukas-mifare-tag-y\/","name":"Radijo da\u017enio artumo rakt\u0173 pakabukas \u201eMIFARE-TAG-Y\u201c - Xkodas","isPartOf":{"@id":"https:\/\/xkodas.com\/en\/#website"},"primaryImageOfPage":{"@id":"https:\/\/xkodas.com\/en\/shop\/praejimo-kontrole\/praejimo-valdymas\/aksesuarai-praejimo-valdymas\/radijo-daznio-artumo-raktu-pakabukas-mifare-tag-y\/#primaryimage"},"image":{"@id":"https:\/\/xkodas.com\/en\/shop\/praejimo-kontrole\/praejimo-valdymas\/aksesuarai-praejimo-valdymas\/radijo-daznio-artumo-raktu-pakabukas-mifare-tag-y\/#primaryimage"},"thumbnailUrl":"https:\/\/xkodas.com\/wp-content\/uploads\/2024\/05\/Radijo-daznio-artumo-raktu-pakabukas-\u201eMIFARE-TAG-Y.png","datePublished":"2024-06-06T07:14:39+00:00","dateModified":"2024-06-06T07:14:45+00:00","breadcrumb":{"@id":"https:\/\/xkodas.com\/en\/shop\/praejimo-kontrole\/praejimo-valdymas\/aksesuarai-praejimo-valdymas\/radijo-daznio-artumo-raktu-pakabukas-mifare-tag-y\/#breadcrumb"},"inLanguage":"en-GB","potentialAction":[{"@type":"ReadAction","target":["https:\/\/xkodas.com\/en\/shop\/praejimo-kontrole\/praejimo-valdymas\/aksesuarai-praejimo-valdymas\/radijo-daznio-artumo-raktu-pakabukas-mifare-tag-y\/"]}]},{"@type":"ImageObject","inLanguage":"en-GB","@id":"https:\/\/xkodas.com\/en\/shop\/praejimo-kontrole\/praejimo-valdymas\/aksesuarai-praejimo-valdymas\/radijo-daznio-artumo-raktu-pakabukas-mifare-tag-y\/#primaryimage","url":"https:\/\/xkodas.com\/wp-content\/uploads\/2024\/05\/Radijo-daznio-artumo-raktu-pakabukas-\u201eMIFARE-TAG-Y.png","contentUrl":"https:\/\/xkodas.com\/wp-content\/uploads\/2024\/05\/Radijo-daznio-artumo-raktu-pakabukas-\u201eMIFARE-TAG-Y.png","width":500,"height":500},{"@type":"BreadcrumbList","@id":"https:\/\/xkodas.com\/en\/shop\/praejimo-kontrole\/praejimo-valdymas\/aksesuarai-praejimo-valdymas\/radijo-daznio-artumo-raktu-pakabukas-mifare-tag-y\/#breadcrumb","itemListElement":[{"@type":"ListItem","position":1,"name":"Home","item":"https:\/\/xkodas.com\/en\/ismaniosios-spynos-visu-tipu-raktai-seifai-xkodas\/"},{"@type":"ListItem","position":2,"name":"Parduotuv\u0117","item":"https:\/\/xkodas.com\/parduotuve\/"},{"@type":"ListItem","position":3,"name":"Radijo da\u017enio artumo rakt\u0173 pakabukas \u201eMIFARE-TAG-Y\u201c"}]},{"@type":"WebSite","@id":"https:\/\/xkodas.com\/en\/#website","url":"https:\/\/xkodas.com\/en\/","name":"Xkodas","description":"I\u0161maniosios spynos, rakt\u0173 gamyba, saugos sistemos","publisher":{"@id":"https:\/\/xkodas.com\/en\/#organization"},"potentialAction":[{"@type":"SearchAction","target":{"@type":"EntryPoint","urlTemplate":"https:\/\/xkodas.com\/en\/?s={search_term_string}"},"query-input":{"@type":"PropertyValueSpecification","valueRequired":true,"valueName":"search_term_string"}}],"inLanguage":"en-GB"},{"@type":"Organization","@id":"https:\/\/xkodas.com\/en\/#organization","name":"Xkodas","url":"https:\/\/xkodas.com\/en\/","logo":{"@type":"ImageObject","inLanguage":"en-GB","@id":"https:\/\/xkodas.com\/en\/#\/schema\/logo\/image\/","url":"http:\/\/xkodas.com\/wp-content\/uploads\/2020\/02\/Xkodas_logo_baltas_500x500-2.jpg","contentUrl":"http:\/\/xkodas.com\/wp-content\/uploads\/2020\/02\/Xkodas_logo_baltas_500x500-2.jpg","width":100,"height":100,"caption":"Xkodas"},"image":{"@id":"https:\/\/xkodas.com\/en\/#\/schema\/logo\/image\/"},"sameAs":["https:\/\/www.facebook.com\/xkodas.lt"]}]}},"_links":{"self":[{"href":"https:\/\/xkodas.com\/en\/wp-json\/wp\/v2\/product\/18142","targetHints":{"allow":["GET"]}}],"collection":[{"href":"https:\/\/xkodas.com\/en\/wp-json\/wp\/v2\/product"}],"about":[{"href":"https:\/\/xkodas.com\/en\/wp-json\/wp\/v2\/types\/product"}],"wp:featuredmedia":[{"embeddable":true,"href":"https:\/\/xkodas.com\/en\/wp-json\/wp\/v2\/media\/14765"}],"wp:attachment":[{"href":"https:\/\/xkodas.com\/en\/wp-json\/wp\/v2\/media?parent=18142"}],"wp:term":[{"taxonomy":"product_brand","embeddable":true,"href":"https:\/\/xkodas.com\/en\/wp-json\/wp\/v2\/product_brand?post=18142"},{"taxonomy":"product_cat","embeddable":true,"href":"https:\/\/xkodas.com\/en\/wp-json\/wp\/v2\/product_cat?post=18142"},{"taxonomy":"product_tag","embeddable":true,"href":"https:\/\/xkodas.com\/en\/wp-json\/wp\/v2\/product_tag?post=18142"}],"curies":[{"name":"wp","href":"https:\/\/api.w.org\/{rel}","templated":true}]}}