{"id":18109,"date":"2024-06-06T07:13:44","date_gmt":"2024-06-06T07:13:44","guid":{"rendered":"http:\/\/xkodas.com\/?post_type=product&#038;p=18109"},"modified":"2024-06-06T07:14:05","modified_gmt":"2024-06-06T07:14:05","slug":"skubaus-atvejo-mygtukas-cpk-861a-plus","status":"publish","type":"product","link":"https:\/\/xkodas.com\/en\/shop\/praejimo-kontrole\/praejimo-valdymas\/aksesuarai-praejimo-valdymas\/skubaus-atvejo-mygtukas-cpk-861a-plus\/","title":{"rendered":"Skubaus atv\u0117jo mygtukas CPK-861A-PLUS"},"content":{"rendered":"<p>Avarinio dur\u0173 atidarymo mygtukas<br \/>\nDvigubas stiebo mygtukas<br \/>\nSpalva: \u017ealia<br \/>\nNC \/ NO \/ COM kontakto i\u0161\u0117jimas<br \/>\nI\u0161bandyta 100 000 naudojimo b\u016bd\u0173<br \/>\nGalima naudoti su avarin\u0117mis durimis<br \/>\nDydis 86x86x50 mm<br \/>\nPlastikinis su prie\u0161gaisrine apsauga<br \/>\nGalima perkelti (reikia atidaryti)<\/p>","protected":false},"excerpt":{"rendered":"<p>Dur\u0173 atidarymo mygtukas<br \/>\nDvigubas stiebo mygtukas<br \/>\nKontakti su NC \/ NO \/ COM<br \/>\nPerkeliamas<br \/>\nDydis 86x86x50 mm<br \/>\nGalioja avarin\u0117ms durims<\/p>","protected":false},"featured_media":14694,"template":"","meta":{"_monsterinsights_skip_tracking":false,"_monsterinsights_sitenote_active":false,"_monsterinsights_sitenote_note":"","_monsterinsights_sitenote_category":0},"product_brand":[],"product_cat":[333,359,226,404],"product_tag":[],"class_list":{"0":"post-18109","1":"product","2":"type-product","3":"status-publish","4":"has-post-thumbnail","6":"product_cat-aksesuarai-praejimo-valdymas","7":"product_cat-mygtukai","8":"product_cat-praejimo-kontrole","9":"product_cat-praejimo-valdymas","11":"first","12":"instock","13":"taxable","14":"shipping-taxable","15":"purchasable","16":"product-type-simple"},"yoast_head":"<!-- This site is optimized with the Yoast SEO plugin v27.3 - https:\/\/yoast.com\/product\/yoast-seo-wordpress\/ -->\n<title>Skubaus atv\u0117jo mygtukas CPK-861A-PLUS - Xkodas<\/title>\n<meta name=\"robots\" content=\"index, follow, max-snippet:-1, max-image-preview:large, max-video-preview:-1\" \/>\n<link rel=\"canonical\" href=\"https:\/\/xkodas.com\/en\/shop\/praejimo-kontrole\/praejimo-valdymas\/aksesuarai-praejimo-valdymas\/skubaus-atvejo-mygtukas-cpk-861a-plus\/\" \/>\n<meta property=\"og:locale\" content=\"en_GB\" \/>\n<meta property=\"og:type\" content=\"article\" \/>\n<meta property=\"og:title\" content=\"Skubaus atv\u0117jo mygtukas CPK-861A-PLUS - Xkodas\" \/>\n<meta property=\"og:description\" content=\"Dur\u0173 atidarymo mygtukas Dvigubas stiebo mygtukas Kontakti su NC \/ NO \/ COM Perkeliamas Dydis 86x86x50 mm Galioja avarin\u0117ms durims\" \/>\n<meta property=\"og:url\" content=\"https:\/\/xkodas.com\/en\/shop\/praejimo-kontrole\/praejimo-valdymas\/aksesuarai-praejimo-valdymas\/skubaus-atvejo-mygtukas-cpk-861a-plus\/\" \/>\n<meta property=\"og:site_name\" content=\"Xkodas\" \/>\n<meta property=\"article:publisher\" content=\"https:\/\/www.facebook.com\/xkodas.lt\" \/>\n<meta property=\"article:modified_time\" content=\"2024-06-06T07:14:05+00:00\" \/>\n<meta property=\"og:image\" content=\"https:\/\/xkodas.com\/wp-content\/uploads\/2024\/05\/Skubaus-atvejo-mygtukas-CPK-861A-PLUS.png\" \/>\n\t<meta property=\"og:image:width\" content=\"500\" \/>\n\t<meta property=\"og:image:height\" content=\"500\" \/>\n\t<meta property=\"og:image:type\" content=\"image\/png\" \/>\n<meta name=\"twitter:card\" content=\"summary_large_image\" \/>\n<script type=\"application\/ld+json\" class=\"yoast-schema-graph\">{\"@context\":\"https:\\\/\\\/schema.org\",\"@graph\":[{\"@type\":\"WebPage\",\"@id\":\"https:\\\/\\\/xkodas.com\\\/en\\\/shop\\\/praejimo-kontrole\\\/praejimo-valdymas\\\/aksesuarai-praejimo-valdymas\\\/skubaus-atvejo-mygtukas-cpk-861a-plus\\\/\",\"url\":\"https:\\\/\\\/xkodas.com\\\/en\\\/shop\\\/praejimo-kontrole\\\/praejimo-valdymas\\\/aksesuarai-praejimo-valdymas\\\/skubaus-atvejo-mygtukas-cpk-861a-plus\\\/\",\"name\":\"Skubaus atv\u0117jo mygtukas CPK-861A-PLUS - Xkodas\",\"isPartOf\":{\"@id\":\"https:\\\/\\\/xkodas.com\\\/en\\\/#website\"},\"primaryImageOfPage\":{\"@id\":\"https:\\\/\\\/xkodas.com\\\/en\\\/shop\\\/praejimo-kontrole\\\/praejimo-valdymas\\\/aksesuarai-praejimo-valdymas\\\/skubaus-atvejo-mygtukas-cpk-861a-plus\\\/#primaryimage\"},\"image\":{\"@id\":\"https:\\\/\\\/xkodas.com\\\/en\\\/shop\\\/praejimo-kontrole\\\/praejimo-valdymas\\\/aksesuarai-praejimo-valdymas\\\/skubaus-atvejo-mygtukas-cpk-861a-plus\\\/#primaryimage\"},\"thumbnailUrl\":\"https:\\\/\\\/xkodas.com\\\/wp-content\\\/uploads\\\/2024\\\/05\\\/Skubaus-atvejo-mygtukas-CPK-861A-PLUS.png\",\"datePublished\":\"2024-06-06T07:13:44+00:00\",\"dateModified\":\"2024-06-06T07:14:05+00:00\",\"breadcrumb\":{\"@id\":\"https:\\\/\\\/xkodas.com\\\/en\\\/shop\\\/praejimo-kontrole\\\/praejimo-valdymas\\\/aksesuarai-praejimo-valdymas\\\/skubaus-atvejo-mygtukas-cpk-861a-plus\\\/#breadcrumb\"},\"inLanguage\":\"en-GB\",\"potentialAction\":[{\"@type\":\"ReadAction\",\"target\":[\"https:\\\/\\\/xkodas.com\\\/en\\\/shop\\\/praejimo-kontrole\\\/praejimo-valdymas\\\/aksesuarai-praejimo-valdymas\\\/skubaus-atvejo-mygtukas-cpk-861a-plus\\\/\"]}]},{\"@type\":\"ImageObject\",\"inLanguage\":\"en-GB\",\"@id\":\"https:\\\/\\\/xkodas.com\\\/en\\\/shop\\\/praejimo-kontrole\\\/praejimo-valdymas\\\/aksesuarai-praejimo-valdymas\\\/skubaus-atvejo-mygtukas-cpk-861a-plus\\\/#primaryimage\",\"url\":\"https:\\\/\\\/xkodas.com\\\/wp-content\\\/uploads\\\/2024\\\/05\\\/Skubaus-atvejo-mygtukas-CPK-861A-PLUS.png\",\"contentUrl\":\"https:\\\/\\\/xkodas.com\\\/wp-content\\\/uploads\\\/2024\\\/05\\\/Skubaus-atvejo-mygtukas-CPK-861A-PLUS.png\",\"width\":500,\"height\":500},{\"@type\":\"BreadcrumbList\",\"@id\":\"https:\\\/\\\/xkodas.com\\\/en\\\/shop\\\/praejimo-kontrole\\\/praejimo-valdymas\\\/aksesuarai-praejimo-valdymas\\\/skubaus-atvejo-mygtukas-cpk-861a-plus\\\/#breadcrumb\",\"itemListElement\":[{\"@type\":\"ListItem\",\"position\":1,\"name\":\"Home\",\"item\":\"https:\\\/\\\/xkodas.com\\\/en\\\/ismaniosios-spynos-visu-tipu-raktai-seifai-xkodas\\\/\"},{\"@type\":\"ListItem\",\"position\":2,\"name\":\"Parduotuv\u0117\",\"item\":\"https:\\\/\\\/xkodas.com\\\/parduotuve\\\/\"},{\"@type\":\"ListItem\",\"position\":3,\"name\":\"Skubaus atv\u0117jo mygtukas CPK-861A-PLUS\"}]},{\"@type\":\"WebSite\",\"@id\":\"https:\\\/\\\/xkodas.com\\\/en\\\/#website\",\"url\":\"https:\\\/\\\/xkodas.com\\\/en\\\/\",\"name\":\"Xkodas\",\"description\":\"I\u0161maniosios spynos, rakt\u0173 gamyba, saugos sistemos\",\"publisher\":{\"@id\":\"https:\\\/\\\/xkodas.com\\\/en\\\/#organization\"},\"potentialAction\":[{\"@type\":\"SearchAction\",\"target\":{\"@type\":\"EntryPoint\",\"urlTemplate\":\"https:\\\/\\\/xkodas.com\\\/en\\\/?s={search_term_string}\"},\"query-input\":{\"@type\":\"PropertyValueSpecification\",\"valueRequired\":true,\"valueName\":\"search_term_string\"}}],\"inLanguage\":\"en-GB\"},{\"@type\":\"Organization\",\"@id\":\"https:\\\/\\\/xkodas.com\\\/en\\\/#organization\",\"name\":\"Xkodas\",\"url\":\"https:\\\/\\\/xkodas.com\\\/en\\\/\",\"logo\":{\"@type\":\"ImageObject\",\"inLanguage\":\"en-GB\",\"@id\":\"https:\\\/\\\/xkodas.com\\\/en\\\/#\\\/schema\\\/logo\\\/image\\\/\",\"url\":\"http:\\\/\\\/xkodas.com\\\/wp-content\\\/uploads\\\/2020\\\/02\\\/Xkodas_logo_baltas_500x500-2.jpg\",\"contentUrl\":\"http:\\\/\\\/xkodas.com\\\/wp-content\\\/uploads\\\/2020\\\/02\\\/Xkodas_logo_baltas_500x500-2.jpg\",\"width\":100,\"height\":100,\"caption\":\"Xkodas\"},\"image\":{\"@id\":\"https:\\\/\\\/xkodas.com\\\/en\\\/#\\\/schema\\\/logo\\\/image\\\/\"},\"sameAs\":[\"https:\\\/\\\/www.facebook.com\\\/xkodas.lt\"]}]}<\/script>\n<!-- \/ Yoast SEO plugin. -->","yoast_head_json":{"title":"Skubaus atv\u0117jo mygtukas CPK-861A-PLUS - Xkodas","robots":{"index":"index","follow":"follow","max-snippet":"max-snippet:-1","max-image-preview":"max-image-preview:large","max-video-preview":"max-video-preview:-1"},"canonical":"https:\/\/xkodas.com\/en\/shop\/praejimo-kontrole\/praejimo-valdymas\/aksesuarai-praejimo-valdymas\/skubaus-atvejo-mygtukas-cpk-861a-plus\/","og_locale":"en_GB","og_type":"article","og_title":"Skubaus atv\u0117jo mygtukas CPK-861A-PLUS - Xkodas","og_description":"Dur\u0173 atidarymo mygtukas Dvigubas stiebo mygtukas Kontakti su NC \/ NO \/ COM Perkeliamas Dydis 86x86x50 mm Galioja avarin\u0117ms durims","og_url":"https:\/\/xkodas.com\/en\/shop\/praejimo-kontrole\/praejimo-valdymas\/aksesuarai-praejimo-valdymas\/skubaus-atvejo-mygtukas-cpk-861a-plus\/","og_site_name":"Xkodas","article_publisher":"https:\/\/www.facebook.com\/xkodas.lt","article_modified_time":"2024-06-06T07:14:05+00:00","og_image":[{"width":500,"height":500,"url":"https:\/\/xkodas.com\/wp-content\/uploads\/2024\/05\/Skubaus-atvejo-mygtukas-CPK-861A-PLUS.png","type":"image\/png"}],"twitter_card":"summary_large_image","schema":{"@context":"https:\/\/schema.org","@graph":[{"@type":"WebPage","@id":"https:\/\/xkodas.com\/en\/shop\/praejimo-kontrole\/praejimo-valdymas\/aksesuarai-praejimo-valdymas\/skubaus-atvejo-mygtukas-cpk-861a-plus\/","url":"https:\/\/xkodas.com\/en\/shop\/praejimo-kontrole\/praejimo-valdymas\/aksesuarai-praejimo-valdymas\/skubaus-atvejo-mygtukas-cpk-861a-plus\/","name":"Skubaus atv\u0117jo mygtukas CPK-861A-PLUS - Xkodas","isPartOf":{"@id":"https:\/\/xkodas.com\/en\/#website"},"primaryImageOfPage":{"@id":"https:\/\/xkodas.com\/en\/shop\/praejimo-kontrole\/praejimo-valdymas\/aksesuarai-praejimo-valdymas\/skubaus-atvejo-mygtukas-cpk-861a-plus\/#primaryimage"},"image":{"@id":"https:\/\/xkodas.com\/en\/shop\/praejimo-kontrole\/praejimo-valdymas\/aksesuarai-praejimo-valdymas\/skubaus-atvejo-mygtukas-cpk-861a-plus\/#primaryimage"},"thumbnailUrl":"https:\/\/xkodas.com\/wp-content\/uploads\/2024\/05\/Skubaus-atvejo-mygtukas-CPK-861A-PLUS.png","datePublished":"2024-06-06T07:13:44+00:00","dateModified":"2024-06-06T07:14:05+00:00","breadcrumb":{"@id":"https:\/\/xkodas.com\/en\/shop\/praejimo-kontrole\/praejimo-valdymas\/aksesuarai-praejimo-valdymas\/skubaus-atvejo-mygtukas-cpk-861a-plus\/#breadcrumb"},"inLanguage":"en-GB","potentialAction":[{"@type":"ReadAction","target":["https:\/\/xkodas.com\/en\/shop\/praejimo-kontrole\/praejimo-valdymas\/aksesuarai-praejimo-valdymas\/skubaus-atvejo-mygtukas-cpk-861a-plus\/"]}]},{"@type":"ImageObject","inLanguage":"en-GB","@id":"https:\/\/xkodas.com\/en\/shop\/praejimo-kontrole\/praejimo-valdymas\/aksesuarai-praejimo-valdymas\/skubaus-atvejo-mygtukas-cpk-861a-plus\/#primaryimage","url":"https:\/\/xkodas.com\/wp-content\/uploads\/2024\/05\/Skubaus-atvejo-mygtukas-CPK-861A-PLUS.png","contentUrl":"https:\/\/xkodas.com\/wp-content\/uploads\/2024\/05\/Skubaus-atvejo-mygtukas-CPK-861A-PLUS.png","width":500,"height":500},{"@type":"BreadcrumbList","@id":"https:\/\/xkodas.com\/en\/shop\/praejimo-kontrole\/praejimo-valdymas\/aksesuarai-praejimo-valdymas\/skubaus-atvejo-mygtukas-cpk-861a-plus\/#breadcrumb","itemListElement":[{"@type":"ListItem","position":1,"name":"Home","item":"https:\/\/xkodas.com\/en\/ismaniosios-spynos-visu-tipu-raktai-seifai-xkodas\/"},{"@type":"ListItem","position":2,"name":"Parduotuv\u0117","item":"https:\/\/xkodas.com\/parduotuve\/"},{"@type":"ListItem","position":3,"name":"Skubaus atv\u0117jo mygtukas CPK-861A-PLUS"}]},{"@type":"WebSite","@id":"https:\/\/xkodas.com\/en\/#website","url":"https:\/\/xkodas.com\/en\/","name":"Xkodas","description":"I\u0161maniosios spynos, rakt\u0173 gamyba, saugos sistemos","publisher":{"@id":"https:\/\/xkodas.com\/en\/#organization"},"potentialAction":[{"@type":"SearchAction","target":{"@type":"EntryPoint","urlTemplate":"https:\/\/xkodas.com\/en\/?s={search_term_string}"},"query-input":{"@type":"PropertyValueSpecification","valueRequired":true,"valueName":"search_term_string"}}],"inLanguage":"en-GB"},{"@type":"Organization","@id":"https:\/\/xkodas.com\/en\/#organization","name":"Xkodas","url":"https:\/\/xkodas.com\/en\/","logo":{"@type":"ImageObject","inLanguage":"en-GB","@id":"https:\/\/xkodas.com\/en\/#\/schema\/logo\/image\/","url":"http:\/\/xkodas.com\/wp-content\/uploads\/2020\/02\/Xkodas_logo_baltas_500x500-2.jpg","contentUrl":"http:\/\/xkodas.com\/wp-content\/uploads\/2020\/02\/Xkodas_logo_baltas_500x500-2.jpg","width":100,"height":100,"caption":"Xkodas"},"image":{"@id":"https:\/\/xkodas.com\/en\/#\/schema\/logo\/image\/"},"sameAs":["https:\/\/www.facebook.com\/xkodas.lt"]}]}},"_links":{"self":[{"href":"https:\/\/xkodas.com\/en\/wp-json\/wp\/v2\/product\/18109","targetHints":{"allow":["GET"]}}],"collection":[{"href":"https:\/\/xkodas.com\/en\/wp-json\/wp\/v2\/product"}],"about":[{"href":"https:\/\/xkodas.com\/en\/wp-json\/wp\/v2\/types\/product"}],"wp:featuredmedia":[{"embeddable":true,"href":"https:\/\/xkodas.com\/en\/wp-json\/wp\/v2\/media\/14694"}],"wp:attachment":[{"href":"https:\/\/xkodas.com\/en\/wp-json\/wp\/v2\/media?parent=18109"}],"wp:term":[{"taxonomy":"product_brand","embeddable":true,"href":"https:\/\/xkodas.com\/en\/wp-json\/wp\/v2\/product_brand?post=18109"},{"taxonomy":"product_cat","embeddable":true,"href":"https:\/\/xkodas.com\/en\/wp-json\/wp\/v2\/product_cat?post=18109"},{"taxonomy":"product_tag","embeddable":true,"href":"https:\/\/xkodas.com\/en\/wp-json\/wp\/v2\/product_tag?post=18109"}],"curies":[{"name":"wp","href":"https:\/\/api.w.org\/{rel}","templated":true}]}}