{"id":18054,"date":"2024-06-06T07:12:52","date_gmt":"2024-06-06T07:12:52","guid":{"rendered":"http:\/\/xkodas.com\/?post_type=product&#038;p=18054"},"modified":"2024-06-06T07:13:12","modified_gmt":"2024-06-06T07:13:12","slug":"veido-atpazinimo-kontrole-facedeep-5-irt","status":"publish","type":"product","link":"https:\/\/xkodas.com\/en\/shop\/praejimo-kontrole\/praejimo-valdymas\/anviz-praejimo-valdymas\/veido-atpazinimo-kontrole-facedeep-5-irt\/","title":{"rendered":"Veido atpa\u017einimo kontrol\u0117 FACEDEEP 5 IRT"},"content":{"rendered":"<p>\u0160i veido atpa\u017einimo kontrol\u0117 &#8211; tai autonominis biometrinis skaitytuvas pra\u0117jimui ir laiko, lankomumo kontrolei.<\/p>\n<p>Identifikavimas naudojant dvigubo jutiklio veido atpa\u017einim\u0105, EM kortel\u0119, \u201eMifare\u201c ar \u201eDESMifare\u201c ir slapta\u017eod\u012f<\/p>\n<p>Vykdomas greitas ir tikslus k\u016bno temperat\u016bros matavimas. Tikslumas \u00b1 0,3 \u2103.<\/p>\n<p>Konfig\u016bruojamas signalas, jei asmuo nene\u0161ioja kauk\u0117s. Galimas asmeninis kreipimasis, ne\u012fleidimas \u012f patalpas be apsaugin\u0117s kauk\u0117s.<\/p>\n<p>Ry\u0161kus ir patogus 5 &#8220;TFT spalvuotas lie\u010diamas ekranas.<\/p>\n<p>Talpa 50 000 korteli\u0173 ir 100 000 registr\u0173.<\/p>\n<p>Integruotas valdiklis (dur\u0173 jutiklis, mygtukas ir rel\u0117).<\/p>\n<p>TCP \/ IP ry\u0161ys, RS232 ir WiFi.<\/p>\n<p>Suderinamas su \u201eANVIZ CrossChex\u201c valdymo programine \u012franga.<\/p>","protected":false},"excerpt":{"rendered":"<p>Veido atpa\u017einimo kontrol\u0117 ir saugos sistema, leid\u017eianti reguliuoti patekim\u0105 \u012f patalpas, tampa b\u016btinybe. Tod\u0117l si\u016blome pa\u017eangiausius ir patikimiausius sprendimus verslui, kurie \u012fgalina ne tik atlikti norimus veiksmus, bet ir nesudaro jokio nepatogumo interesantams.<\/p>\n<p>Galime pasi\u016blyti \u012fvairi\u0173 klasi\u0173 ir lygi\u0173 saugumo sistemas, kontrol\u0117s mechanizmus. FACEDEEP penktoji serija yra viena pa\u017eangiausi\u0173 sistem\u0173, kurias galima pl\u0117sti, susieti su \u012fvairiais \u012frenginiais, valdyti nuotoliniu b\u016bdu ir pan.<\/p>\n<p>Saugumas yra labai svarbu &#8211; kontroliuokite j\u012f su m\u016bs\u0173 si\u016blomais sprendimais.<\/p>\n<p>Matuojamas kar\u0161\u010diavimo ir kauk\u0117s d\u0117v\u0117jimas (gali atpa\u017einti asmen\u012f net ir su apsaugine kauke, gali paraginti u\u017esid\u0117ti kauk\u0119, kreiptis asmeni\u0161kai). Atpa\u017einimas vykdomas pagal veida, kortele arba PIN kodu.<\/p>\n<p>Kreipkit\u0117s ir gaukite asmeninius pasi\u016blymus verslui ar savo namams.<\/p>","protected":false},"featured_media":14580,"template":"","meta":{"_monsterinsights_skip_tracking":false,"_monsterinsights_sitenote_active":false,"_monsterinsights_sitenote_note":"","_monsterinsights_sitenote_category":0},"product_brand":[],"product_cat":[327,226,353,404],"product_tag":[],"class_list":{"0":"post-18054","1":"product","2":"type-product","3":"status-publish","4":"has-post-thumbnail","6":"product_cat-anviz-praejimo-valdymas","7":"product_cat-praejimo-kontrole","8":"product_cat-praejimo-kontrole-anviz-praejimo-kontrole","9":"product_cat-praejimo-valdymas","11":"first","12":"instock","13":"sale","14":"taxable","15":"shipping-taxable","16":"purchasable","17":"product-type-simple"},"yoast_head":"<!-- This site is optimized with the Yoast SEO plugin v27.3 - https:\/\/yoast.com\/product\/yoast-seo-wordpress\/ -->\n<title>Veido atpa\u017einimo kontrol\u0117 FACEDEEP 5 IRT - Xkodas<\/title>\n<meta name=\"robots\" content=\"index, follow, max-snippet:-1, max-image-preview:large, max-video-preview:-1\" \/>\n<link rel=\"canonical\" href=\"https:\/\/xkodas.com\/en\/shop\/praejimo-kontrole\/praejimo-valdymas\/anviz-praejimo-valdymas\/veido-atpazinimo-kontrole-facedeep-5-irt\/\" \/>\n<meta property=\"og:locale\" content=\"en_GB\" \/>\n<meta property=\"og:type\" content=\"article\" \/>\n<meta property=\"og:title\" content=\"Veido atpa\u017einimo kontrol\u0117 FACEDEEP 5 IRT - Xkodas\" \/>\n<meta property=\"og:description\" content=\"Veido atpa\u017einimo kontrol\u0117 ir saugos sistema, leid\u017eianti reguliuoti patekim\u0105 \u012f patalpas, tampa b\u016btinybe. Tod\u0117l si\u016blome pa\u017eangiausius ir patikimiausius sprendimus verslui, kurie \u012fgalina ne tik atlikti norimus veiksmus, bet ir nesudaro jokio nepatogumo interesantams.  Galime pasi\u016blyti \u012fvairi\u0173 klasi\u0173 ir lygi\u0173 saugumo sistemas, kontrol\u0117s mechanizmus. FACEDEEP penktoji serija yra viena pa\u017eangiausi\u0173 sistem\u0173, kurias galima pl\u0117sti, susieti su \u012fvairiais \u012frenginiais, valdyti nuotoliniu b\u016bdu ir pan.  Saugumas yra labai svarbu - kontroliuokite j\u012f su m\u016bs\u0173 si\u016blomais sprendimais.  Matuojamas kar\u0161\u010diavimo ir kauk\u0117s d\u0117v\u0117jimas (gali atpa\u017einti asmen\u012f net ir su apsaugine kauke, gali paraginti u\u017esid\u0117ti kauk\u0119, kreiptis asmeni\u0161kai). Atpa\u017einimas vykdomas pagal veida, kortele arba PIN kodu.  Kreipkit\u0117s ir gaukite asmeninius pasi\u016blymus verslui ar savo namams.\" \/>\n<meta property=\"og:url\" content=\"https:\/\/xkodas.com\/en\/shop\/praejimo-kontrole\/praejimo-valdymas\/anviz-praejimo-valdymas\/veido-atpazinimo-kontrole-facedeep-5-irt\/\" \/>\n<meta property=\"og:site_name\" content=\"Xkodas\" \/>\n<meta property=\"article:publisher\" content=\"https:\/\/www.facebook.com\/xkodas.lt\" \/>\n<meta property=\"article:modified_time\" content=\"2024-06-06T07:13:12+00:00\" \/>\n<meta property=\"og:image\" content=\"https:\/\/xkodas.com\/wp-content\/uploads\/2024\/05\/Veido-atpazinimo-kontrole-FACEDEEP5-IRT.png\" \/>\n\t<meta property=\"og:image:width\" content=\"500\" \/>\n\t<meta property=\"og:image:height\" content=\"500\" \/>\n\t<meta property=\"og:image:type\" content=\"image\/png\" \/>\n<meta name=\"twitter:card\" content=\"summary_large_image\" \/>\n<script type=\"application\/ld+json\" class=\"yoast-schema-graph\">{\"@context\":\"https:\\\/\\\/schema.org\",\"@graph\":[{\"@type\":\"WebPage\",\"@id\":\"https:\\\/\\\/xkodas.com\\\/en\\\/shop\\\/praejimo-kontrole\\\/praejimo-valdymas\\\/anviz-praejimo-valdymas\\\/veido-atpazinimo-kontrole-facedeep-5-irt\\\/\",\"url\":\"https:\\\/\\\/xkodas.com\\\/en\\\/shop\\\/praejimo-kontrole\\\/praejimo-valdymas\\\/anviz-praejimo-valdymas\\\/veido-atpazinimo-kontrole-facedeep-5-irt\\\/\",\"name\":\"Veido atpa\u017einimo kontrol\u0117 FACEDEEP 5 IRT - Xkodas\",\"isPartOf\":{\"@id\":\"https:\\\/\\\/xkodas.com\\\/en\\\/#website\"},\"primaryImageOfPage\":{\"@id\":\"https:\\\/\\\/xkodas.com\\\/en\\\/shop\\\/praejimo-kontrole\\\/praejimo-valdymas\\\/anviz-praejimo-valdymas\\\/veido-atpazinimo-kontrole-facedeep-5-irt\\\/#primaryimage\"},\"image\":{\"@id\":\"https:\\\/\\\/xkodas.com\\\/en\\\/shop\\\/praejimo-kontrole\\\/praejimo-valdymas\\\/anviz-praejimo-valdymas\\\/veido-atpazinimo-kontrole-facedeep-5-irt\\\/#primaryimage\"},\"thumbnailUrl\":\"https:\\\/\\\/xkodas.com\\\/wp-content\\\/uploads\\\/2024\\\/05\\\/Veido-atpazinimo-kontrole-FACEDEEP5-IRT.png\",\"datePublished\":\"2024-06-06T07:12:52+00:00\",\"dateModified\":\"2024-06-06T07:13:12+00:00\",\"breadcrumb\":{\"@id\":\"https:\\\/\\\/xkodas.com\\\/en\\\/shop\\\/praejimo-kontrole\\\/praejimo-valdymas\\\/anviz-praejimo-valdymas\\\/veido-atpazinimo-kontrole-facedeep-5-irt\\\/#breadcrumb\"},\"inLanguage\":\"en-GB\",\"potentialAction\":[{\"@type\":\"ReadAction\",\"target\":[\"https:\\\/\\\/xkodas.com\\\/en\\\/shop\\\/praejimo-kontrole\\\/praejimo-valdymas\\\/anviz-praejimo-valdymas\\\/veido-atpazinimo-kontrole-facedeep-5-irt\\\/\"]}]},{\"@type\":\"ImageObject\",\"inLanguage\":\"en-GB\",\"@id\":\"https:\\\/\\\/xkodas.com\\\/en\\\/shop\\\/praejimo-kontrole\\\/praejimo-valdymas\\\/anviz-praejimo-valdymas\\\/veido-atpazinimo-kontrole-facedeep-5-irt\\\/#primaryimage\",\"url\":\"https:\\\/\\\/xkodas.com\\\/wp-content\\\/uploads\\\/2024\\\/05\\\/Veido-atpazinimo-kontrole-FACEDEEP5-IRT.png\",\"contentUrl\":\"https:\\\/\\\/xkodas.com\\\/wp-content\\\/uploads\\\/2024\\\/05\\\/Veido-atpazinimo-kontrole-FACEDEEP5-IRT.png\",\"width\":500,\"height\":500},{\"@type\":\"BreadcrumbList\",\"@id\":\"https:\\\/\\\/xkodas.com\\\/en\\\/shop\\\/praejimo-kontrole\\\/praejimo-valdymas\\\/anviz-praejimo-valdymas\\\/veido-atpazinimo-kontrole-facedeep-5-irt\\\/#breadcrumb\",\"itemListElement\":[{\"@type\":\"ListItem\",\"position\":1,\"name\":\"Home\",\"item\":\"https:\\\/\\\/xkodas.com\\\/en\\\/ismaniosios-spynos-visu-tipu-raktai-seifai-xkodas\\\/\"},{\"@type\":\"ListItem\",\"position\":2,\"name\":\"Parduotuv\u0117\",\"item\":\"https:\\\/\\\/xkodas.com\\\/parduotuve\\\/\"},{\"@type\":\"ListItem\",\"position\":3,\"name\":\"Veido atpa\u017einimo kontrol\u0117 FACEDEEP 5 IRT\"}]},{\"@type\":\"WebSite\",\"@id\":\"https:\\\/\\\/xkodas.com\\\/en\\\/#website\",\"url\":\"https:\\\/\\\/xkodas.com\\\/en\\\/\",\"name\":\"Xkodas\",\"description\":\"I\u0161maniosios spynos, rakt\u0173 gamyba, saugos sistemos\",\"publisher\":{\"@id\":\"https:\\\/\\\/xkodas.com\\\/en\\\/#organization\"},\"potentialAction\":[{\"@type\":\"SearchAction\",\"target\":{\"@type\":\"EntryPoint\",\"urlTemplate\":\"https:\\\/\\\/xkodas.com\\\/en\\\/?s={search_term_string}\"},\"query-input\":{\"@type\":\"PropertyValueSpecification\",\"valueRequired\":true,\"valueName\":\"search_term_string\"}}],\"inLanguage\":\"en-GB\"},{\"@type\":\"Organization\",\"@id\":\"https:\\\/\\\/xkodas.com\\\/en\\\/#organization\",\"name\":\"Xkodas\",\"url\":\"https:\\\/\\\/xkodas.com\\\/en\\\/\",\"logo\":{\"@type\":\"ImageObject\",\"inLanguage\":\"en-GB\",\"@id\":\"https:\\\/\\\/xkodas.com\\\/en\\\/#\\\/schema\\\/logo\\\/image\\\/\",\"url\":\"http:\\\/\\\/xkodas.com\\\/wp-content\\\/uploads\\\/2020\\\/02\\\/Xkodas_logo_baltas_500x500-2.jpg\",\"contentUrl\":\"http:\\\/\\\/xkodas.com\\\/wp-content\\\/uploads\\\/2020\\\/02\\\/Xkodas_logo_baltas_500x500-2.jpg\",\"width\":100,\"height\":100,\"caption\":\"Xkodas\"},\"image\":{\"@id\":\"https:\\\/\\\/xkodas.com\\\/en\\\/#\\\/schema\\\/logo\\\/image\\\/\"},\"sameAs\":[\"https:\\\/\\\/www.facebook.com\\\/xkodas.lt\"]}]}<\/script>\n<!-- \/ Yoast SEO plugin. -->","yoast_head_json":{"title":"Veido atpa\u017einimo kontrol\u0117 FACEDEEP 5 IRT - Xkodas","robots":{"index":"index","follow":"follow","max-snippet":"max-snippet:-1","max-image-preview":"max-image-preview:large","max-video-preview":"max-video-preview:-1"},"canonical":"https:\/\/xkodas.com\/en\/shop\/praejimo-kontrole\/praejimo-valdymas\/anviz-praejimo-valdymas\/veido-atpazinimo-kontrole-facedeep-5-irt\/","og_locale":"en_GB","og_type":"article","og_title":"Veido atpa\u017einimo kontrol\u0117 FACEDEEP 5 IRT - Xkodas","og_description":"Veido atpa\u017einimo kontrol\u0117 ir saugos sistema, leid\u017eianti reguliuoti patekim\u0105 \u012f patalpas, tampa b\u016btinybe. Tod\u0117l si\u016blome pa\u017eangiausius ir patikimiausius sprendimus verslui, kurie \u012fgalina ne tik atlikti norimus veiksmus, bet ir nesudaro jokio nepatogumo interesantams.  Galime pasi\u016blyti \u012fvairi\u0173 klasi\u0173 ir lygi\u0173 saugumo sistemas, kontrol\u0117s mechanizmus. FACEDEEP penktoji serija yra viena pa\u017eangiausi\u0173 sistem\u0173, kurias galima pl\u0117sti, susieti su \u012fvairiais \u012frenginiais, valdyti nuotoliniu b\u016bdu ir pan.  Saugumas yra labai svarbu - kontroliuokite j\u012f su m\u016bs\u0173 si\u016blomais sprendimais.  Matuojamas kar\u0161\u010diavimo ir kauk\u0117s d\u0117v\u0117jimas (gali atpa\u017einti asmen\u012f net ir su apsaugine kauke, gali paraginti u\u017esid\u0117ti kauk\u0119, kreiptis asmeni\u0161kai). Atpa\u017einimas vykdomas pagal veida, kortele arba PIN kodu.  Kreipkit\u0117s ir gaukite asmeninius pasi\u016blymus verslui ar savo namams.","og_url":"https:\/\/xkodas.com\/en\/shop\/praejimo-kontrole\/praejimo-valdymas\/anviz-praejimo-valdymas\/veido-atpazinimo-kontrole-facedeep-5-irt\/","og_site_name":"Xkodas","article_publisher":"https:\/\/www.facebook.com\/xkodas.lt","article_modified_time":"2024-06-06T07:13:12+00:00","og_image":[{"width":500,"height":500,"url":"https:\/\/xkodas.com\/wp-content\/uploads\/2024\/05\/Veido-atpazinimo-kontrole-FACEDEEP5-IRT.png","type":"image\/png"}],"twitter_card":"summary_large_image","schema":{"@context":"https:\/\/schema.org","@graph":[{"@type":"WebPage","@id":"https:\/\/xkodas.com\/en\/shop\/praejimo-kontrole\/praejimo-valdymas\/anviz-praejimo-valdymas\/veido-atpazinimo-kontrole-facedeep-5-irt\/","url":"https:\/\/xkodas.com\/en\/shop\/praejimo-kontrole\/praejimo-valdymas\/anviz-praejimo-valdymas\/veido-atpazinimo-kontrole-facedeep-5-irt\/","name":"Veido atpa\u017einimo kontrol\u0117 FACEDEEP 5 IRT - Xkodas","isPartOf":{"@id":"https:\/\/xkodas.com\/en\/#website"},"primaryImageOfPage":{"@id":"https:\/\/xkodas.com\/en\/shop\/praejimo-kontrole\/praejimo-valdymas\/anviz-praejimo-valdymas\/veido-atpazinimo-kontrole-facedeep-5-irt\/#primaryimage"},"image":{"@id":"https:\/\/xkodas.com\/en\/shop\/praejimo-kontrole\/praejimo-valdymas\/anviz-praejimo-valdymas\/veido-atpazinimo-kontrole-facedeep-5-irt\/#primaryimage"},"thumbnailUrl":"https:\/\/xkodas.com\/wp-content\/uploads\/2024\/05\/Veido-atpazinimo-kontrole-FACEDEEP5-IRT.png","datePublished":"2024-06-06T07:12:52+00:00","dateModified":"2024-06-06T07:13:12+00:00","breadcrumb":{"@id":"https:\/\/xkodas.com\/en\/shop\/praejimo-kontrole\/praejimo-valdymas\/anviz-praejimo-valdymas\/veido-atpazinimo-kontrole-facedeep-5-irt\/#breadcrumb"},"inLanguage":"en-GB","potentialAction":[{"@type":"ReadAction","target":["https:\/\/xkodas.com\/en\/shop\/praejimo-kontrole\/praejimo-valdymas\/anviz-praejimo-valdymas\/veido-atpazinimo-kontrole-facedeep-5-irt\/"]}]},{"@type":"ImageObject","inLanguage":"en-GB","@id":"https:\/\/xkodas.com\/en\/shop\/praejimo-kontrole\/praejimo-valdymas\/anviz-praejimo-valdymas\/veido-atpazinimo-kontrole-facedeep-5-irt\/#primaryimage","url":"https:\/\/xkodas.com\/wp-content\/uploads\/2024\/05\/Veido-atpazinimo-kontrole-FACEDEEP5-IRT.png","contentUrl":"https:\/\/xkodas.com\/wp-content\/uploads\/2024\/05\/Veido-atpazinimo-kontrole-FACEDEEP5-IRT.png","width":500,"height":500},{"@type":"BreadcrumbList","@id":"https:\/\/xkodas.com\/en\/shop\/praejimo-kontrole\/praejimo-valdymas\/anviz-praejimo-valdymas\/veido-atpazinimo-kontrole-facedeep-5-irt\/#breadcrumb","itemListElement":[{"@type":"ListItem","position":1,"name":"Home","item":"https:\/\/xkodas.com\/en\/ismaniosios-spynos-visu-tipu-raktai-seifai-xkodas\/"},{"@type":"ListItem","position":2,"name":"Parduotuv\u0117","item":"https:\/\/xkodas.com\/parduotuve\/"},{"@type":"ListItem","position":3,"name":"Veido atpa\u017einimo kontrol\u0117 FACEDEEP 5 IRT"}]},{"@type":"WebSite","@id":"https:\/\/xkodas.com\/en\/#website","url":"https:\/\/xkodas.com\/en\/","name":"Xkodas","description":"I\u0161maniosios spynos, rakt\u0173 gamyba, saugos sistemos","publisher":{"@id":"https:\/\/xkodas.com\/en\/#organization"},"potentialAction":[{"@type":"SearchAction","target":{"@type":"EntryPoint","urlTemplate":"https:\/\/xkodas.com\/en\/?s={search_term_string}"},"query-input":{"@type":"PropertyValueSpecification","valueRequired":true,"valueName":"search_term_string"}}],"inLanguage":"en-GB"},{"@type":"Organization","@id":"https:\/\/xkodas.com\/en\/#organization","name":"Xkodas","url":"https:\/\/xkodas.com\/en\/","logo":{"@type":"ImageObject","inLanguage":"en-GB","@id":"https:\/\/xkodas.com\/en\/#\/schema\/logo\/image\/","url":"http:\/\/xkodas.com\/wp-content\/uploads\/2020\/02\/Xkodas_logo_baltas_500x500-2.jpg","contentUrl":"http:\/\/xkodas.com\/wp-content\/uploads\/2020\/02\/Xkodas_logo_baltas_500x500-2.jpg","width":100,"height":100,"caption":"Xkodas"},"image":{"@id":"https:\/\/xkodas.com\/en\/#\/schema\/logo\/image\/"},"sameAs":["https:\/\/www.facebook.com\/xkodas.lt"]}]}},"_links":{"self":[{"href":"https:\/\/xkodas.com\/en\/wp-json\/wp\/v2\/product\/18054","targetHints":{"allow":["GET"]}}],"collection":[{"href":"https:\/\/xkodas.com\/en\/wp-json\/wp\/v2\/product"}],"about":[{"href":"https:\/\/xkodas.com\/en\/wp-json\/wp\/v2\/types\/product"}],"wp:featuredmedia":[{"embeddable":true,"href":"https:\/\/xkodas.com\/en\/wp-json\/wp\/v2\/media\/14580"}],"wp:attachment":[{"href":"https:\/\/xkodas.com\/en\/wp-json\/wp\/v2\/media?parent=18054"}],"wp:term":[{"taxonomy":"product_brand","embeddable":true,"href":"https:\/\/xkodas.com\/en\/wp-json\/wp\/v2\/product_brand?post=18054"},{"taxonomy":"product_cat","embeddable":true,"href":"https:\/\/xkodas.com\/en\/wp-json\/wp\/v2\/product_cat?post=18054"},{"taxonomy":"product_tag","embeddable":true,"href":"https:\/\/xkodas.com\/en\/wp-json\/wp\/v2\/product_tag?post=18054"}],"curies":[{"name":"wp","href":"https:\/\/api.w.org\/{rel}","templated":true}]}}