{"id":18044,"date":"2024-06-06T07:12:49","date_gmt":"2024-06-06T07:12:49","guid":{"rendered":"http:\/\/xkodas.com\/?post_type=product&#038;p=18044"},"modified":"2024-06-06T07:13:06","modified_gmt":"2024-06-06T07:13:06","slug":"praejimo-kontrole-tc550","status":"publish","type":"product","link":"https:\/\/xkodas.com\/en\/shop\/praejimo-kontrole\/praejimo-valdymas\/anviz-praejimo-valdymas\/praejimo-kontrole-tc550\/","title":{"rendered":"Pra\u0117jimo kontrol\u0117 TC550"},"content":{"rendered":"<p>ANVIZ biometrinis laiko, lankomumo ir pra\u0117jimo kontrol\u0117s terminalas.<\/p>\n<p>Autonominis terminalas su klaviat\u016bra ir daugiakalbiu LCD ekranu. Identifikavimas pagal pir\u0161t\u0173 atspaudus, artumo korteles RFID EM (125KHz), vartotojo kod\u0105 ir skaitmenin\u012f slapta\u017eod\u012f, leid\u017eiant\u012f \u0161iuos derinius: Pir\u0161to atspaudas, RFID kortel\u0117, PIN, PIN + Pir\u0161to atspaudas, ID + PIN, PIN + Kortel\u0117, Pir\u0161to atspaudas + Kortel\u0117. Iki 2000 pir\u0161t\u0173 atspaud\u0173 \u012fra\u0161\u0173 ir iki 50000 \u012fra\u0161\u0173 talpa. Kiekvienas vartotojas gali \u012fra\u0161yti 2 pir\u0161t\u0173 atspaudus, 1 kortel\u0119 ir 1 slapta\u017eod\u012f.<\/p>\n<p>Naujos kartos atsparus optinis pir\u0161t\u0173 atspaud\u0173 jutiklis, sujungtas ir u\u017eplombuotas. Jame yra galingas \u201eTexas Instruments Stellaris\u00ae\u201c 32 bit\u0173 procesorius ir integruotas \u201eBioNano\u201c algoritmas, leid\u017eiantis greitai ir patikimai nuskaityti sausus, \u0161lapius ir \u012ftr\u016bkusius pir\u0161t\u0173 atspaudus, taip pat protingai ir palaipsniui tobulinti informacij\u0105 apie pir\u0161t\u0173 atspaudus kiekvien\u0105 kart\u0105 skaitant. Greitas pir\u0161t\u0173 atspaud\u0173 nuskaitymas (ma\u017eiau nei 0,5 sekund\u0117s).<\/p>\n<p>Ry\u0161ys su kompiuteriu per TCP \/ IP, \u201eMini USB Plug &amp; Play\u201c prievad\u0105. I\u0161\u0117jimas su saugos \u0161ifravimu \u201eWiegand 26\u201c, skirtas prisijungti prie nepriklausomo pra\u0119jimo valdiklio. \u201eWiegand\u201c \u012fvestis, skirta prisijungti prie pir\u0161t\u0173 atspaud\u0173 skaitytuv\u0173, korteli\u0173 ar i\u0161orini\u0173 klaviat\u016br\u0173. Integruotas prieigos valdiklis, galintis priimti dur\u0173 jutikl\u012f, atidarymo mygtuk\u0105 ir turintis rel\u0117s NO \/ NC i\u0161\u0117jim\u0105 tiesioginiam magnetini\u0173 spyn\u0173, elektrini\u0173 spyn\u0173 ir elektrini\u0173 mechanizm\u0173 (automatini\u0173 dur\u0173, atitvar\u0173, turniket\u0173 ir kt.) Valdymui. Suplanuot\u0173 siren\u0173 i\u0161vestis (prane\u0161imas apie pamainas, fini\u0161o laik\u0105, pertraukas ir kt.). Galimas diegimas \u201eAnti Passback\u201c re\u017eimu (kartu su T5 arba T5s slave skaitytuvais).<\/p>\n<p>Tvarkara\u0161\u010di\u0173 ir pamain\u0173 kontrol\u0117, laikinai taikoma vartotojams ar vartotoj\u0173 grup\u0117ms su 8 pritaikomais laiko ir lankomumo kontrol\u0117s re\u017eimais (i\u0161\u0117jimas, \u012f\u0117jimas, poilsis, medicinin\u0117, r\u016bkymas ir kt.) Ir 6 skaitmen\u0173 darbo kodais (gamybos kontrol\u0117). Ekrane rodomi 50 trump\u0173j\u0173 prane\u0161im\u0173. Balso indikacijos visoms operacijoms. Kiekvieno vartotojo vardo rodymas po s\u0117kmingo autentifikavimo. Ekranas skleid\u017eia vie\u0161uosius ir asmeninius prane\u0161imus ir gali rodyti \u012fmon\u0117s prane\u0161imus, atostogas, sveikinimus su gimtadieniu ir kt. 15 skirting\u0173 naudojimo grupi\u0173 ir 32 konfig\u016bruojamas laiko juostas.<\/p>\n<p>\u201eANVIZ AIM\u201c suteikia nemokam\u0105 vartotojo valdymo ir pra\u0117jimo programin\u0119 \u012frang\u0105. Be to, profesionali\u0105 programin\u0119 \u012frang\u0105 \u201eANVIZ CrossChex\u201c galima \u012fsigyti visi\u0161kai nemokamai.<\/p>\n<p>Korpusas pagamintas i\u0161 ABS, galiojantis interjere.<\/p>","protected":false},"excerpt":{"rendered":"<p>Kontroliuokite saugu pra\u0117jim\u0105 \u012f patalpas su\u00a0 Anviz<\/p>\n<p>ANVIZ autonominis biometrinis skaitytuvas<br \/>\nPir\u0161t\u0173 atspaudai, RFID ir klaviat\u016bra<br \/>\n2000 \u012fra\u0161im\u0173 \/ 50000 \u012fra\u0161\u0173<br \/>\nTCP\/IP, USB, USB Flash, Wiegand, Relay<br \/>\n8 Laiko ir lankomumo valdymo re\u017eimai<br \/>\nIntegruotas valdiklis<\/p>","protected":false},"featured_media":14558,"template":"","meta":{"_monsterinsights_skip_tracking":false,"_monsterinsights_sitenote_active":false,"_monsterinsights_sitenote_note":"","_monsterinsights_sitenote_category":0},"product_brand":[],"product_cat":[326,327,403,226,353,404,367],"product_tag":[],"class_list":{"0":"post-18044","1":"product","2":"type-product","3":"status-publish","4":"has-post-thumbnail","6":"product_cat-anviz","7":"product_cat-anviz-praejimo-valdymas","8":"product_cat-laiko-ir-lankomumo-valdymas","9":"product_cat-praejimo-kontrole","10":"product_cat-praejimo-kontrole-anviz-praejimo-kontrole","11":"product_cat-praejimo-valdymas","12":"product_cat-terminalai-anviz","14":"first","15":"instock","16":"taxable","17":"shipping-taxable","18":"purchasable","19":"product-type-simple"},"yoast_head":"<!-- This site is optimized with the Yoast SEO plugin v27.4 - https:\/\/yoast.com\/product\/yoast-seo-wordpress\/ -->\n<title>Pra\u0117jimo kontrol\u0117 TC550 - Xkodas<\/title>\n<meta name=\"robots\" content=\"index, follow, max-snippet:-1, max-image-preview:large, max-video-preview:-1\" \/>\n<link rel=\"canonical\" href=\"https:\/\/xkodas.com\/en\/shop\/praejimo-kontrole\/praejimo-valdymas\/anviz-praejimo-valdymas\/praejimo-kontrole-tc550\/\" \/>\n<meta property=\"og:locale\" content=\"en_GB\" \/>\n<meta property=\"og:type\" content=\"article\" \/>\n<meta property=\"og:title\" content=\"Pra\u0117jimo kontrol\u0117 TC550 - Xkodas\" \/>\n<meta property=\"og:description\" content=\"Kontroliuokite saugu pra\u0117jim\u0105 \u012f patalpas su\u00a0 Anviz  ANVIZ autonominis biometrinis skaitytuvas Pir\u0161t\u0173 atspaudai, RFID ir klaviat\u016bra 2000 \u012fra\u0161im\u0173 \/ 50000 \u012fra\u0161\u0173 TCP\/IP, USB, USB Flash, Wiegand, Relay 8 Laiko ir lankomumo valdymo re\u017eimai Integruotas valdiklis\" \/>\n<meta property=\"og:url\" content=\"https:\/\/xkodas.com\/en\/shop\/praejimo-kontrole\/praejimo-valdymas\/anviz-praejimo-valdymas\/praejimo-kontrole-tc550\/\" \/>\n<meta property=\"og:site_name\" content=\"Xkodas\" \/>\n<meta property=\"article:publisher\" content=\"https:\/\/www.facebook.com\/xkodas.lt\" \/>\n<meta property=\"article:modified_time\" content=\"2024-06-06T07:13:06+00:00\" \/>\n<meta property=\"og:image\" content=\"https:\/\/xkodas.com\/wp-content\/uploads\/2024\/05\/Prieigos-kontrole-TC550.png\" \/>\n\t<meta property=\"og:image:width\" content=\"500\" \/>\n\t<meta property=\"og:image:height\" content=\"500\" \/>\n\t<meta property=\"og:image:type\" content=\"image\/png\" \/>\n<meta name=\"twitter:card\" content=\"summary_large_image\" \/>\n<meta name=\"twitter:label1\" content=\"Estimated reading time\" \/>\n\t<meta name=\"twitter:data1\" content=\"2 minutes\" \/>\n<script type=\"application\/ld+json\" class=\"yoast-schema-graph\">{\"@context\":\"https:\\\/\\\/schema.org\",\"@graph\":[{\"@type\":\"WebPage\",\"@id\":\"https:\\\/\\\/xkodas.com\\\/en\\\/shop\\\/praejimo-kontrole\\\/praejimo-valdymas\\\/anviz-praejimo-valdymas\\\/praejimo-kontrole-tc550\\\/\",\"url\":\"https:\\\/\\\/xkodas.com\\\/en\\\/shop\\\/praejimo-kontrole\\\/praejimo-valdymas\\\/anviz-praejimo-valdymas\\\/praejimo-kontrole-tc550\\\/\",\"name\":\"Pra\u0117jimo kontrol\u0117 TC550 - Xkodas\",\"isPartOf\":{\"@id\":\"https:\\\/\\\/xkodas.com\\\/en\\\/#website\"},\"primaryImageOfPage\":{\"@id\":\"https:\\\/\\\/xkodas.com\\\/en\\\/shop\\\/praejimo-kontrole\\\/praejimo-valdymas\\\/anviz-praejimo-valdymas\\\/praejimo-kontrole-tc550\\\/#primaryimage\"},\"image\":{\"@id\":\"https:\\\/\\\/xkodas.com\\\/en\\\/shop\\\/praejimo-kontrole\\\/praejimo-valdymas\\\/anviz-praejimo-valdymas\\\/praejimo-kontrole-tc550\\\/#primaryimage\"},\"thumbnailUrl\":\"https:\\\/\\\/xkodas.com\\\/wp-content\\\/uploads\\\/2024\\\/05\\\/Prieigos-kontrole-TC550.png\",\"datePublished\":\"2024-06-06T07:12:49+00:00\",\"dateModified\":\"2024-06-06T07:13:06+00:00\",\"breadcrumb\":{\"@id\":\"https:\\\/\\\/xkodas.com\\\/en\\\/shop\\\/praejimo-kontrole\\\/praejimo-valdymas\\\/anviz-praejimo-valdymas\\\/praejimo-kontrole-tc550\\\/#breadcrumb\"},\"inLanguage\":\"en-GB\",\"potentialAction\":[{\"@type\":\"ReadAction\",\"target\":[\"https:\\\/\\\/xkodas.com\\\/en\\\/shop\\\/praejimo-kontrole\\\/praejimo-valdymas\\\/anviz-praejimo-valdymas\\\/praejimo-kontrole-tc550\\\/\"]}]},{\"@type\":\"ImageObject\",\"inLanguage\":\"en-GB\",\"@id\":\"https:\\\/\\\/xkodas.com\\\/en\\\/shop\\\/praejimo-kontrole\\\/praejimo-valdymas\\\/anviz-praejimo-valdymas\\\/praejimo-kontrole-tc550\\\/#primaryimage\",\"url\":\"https:\\\/\\\/xkodas.com\\\/wp-content\\\/uploads\\\/2024\\\/05\\\/Prieigos-kontrole-TC550.png\",\"contentUrl\":\"https:\\\/\\\/xkodas.com\\\/wp-content\\\/uploads\\\/2024\\\/05\\\/Prieigos-kontrole-TC550.png\",\"width\":500,\"height\":500},{\"@type\":\"BreadcrumbList\",\"@id\":\"https:\\\/\\\/xkodas.com\\\/en\\\/shop\\\/praejimo-kontrole\\\/praejimo-valdymas\\\/anviz-praejimo-valdymas\\\/praejimo-kontrole-tc550\\\/#breadcrumb\",\"itemListElement\":[{\"@type\":\"ListItem\",\"position\":1,\"name\":\"Home\",\"item\":\"https:\\\/\\\/xkodas.com\\\/en\\\/ismaniosios-spynos-visu-tipu-raktai-seifai-xkodas\\\/\"},{\"@type\":\"ListItem\",\"position\":2,\"name\":\"Parduotuv\u0117\",\"item\":\"https:\\\/\\\/xkodas.com\\\/parduotuve\\\/\"},{\"@type\":\"ListItem\",\"position\":3,\"name\":\"Pra\u0117jimo kontrol\u0117 TC550\"}]},{\"@type\":\"WebSite\",\"@id\":\"https:\\\/\\\/xkodas.com\\\/en\\\/#website\",\"url\":\"https:\\\/\\\/xkodas.com\\\/en\\\/\",\"name\":\"Xkodas\",\"description\":\"I\u0161maniosios spynos, rakt\u0173 gamyba, saugos sistemos\",\"publisher\":{\"@id\":\"https:\\\/\\\/xkodas.com\\\/en\\\/#organization\"},\"potentialAction\":[{\"@type\":\"SearchAction\",\"target\":{\"@type\":\"EntryPoint\",\"urlTemplate\":\"https:\\\/\\\/xkodas.com\\\/en\\\/?s={search_term_string}\"},\"query-input\":{\"@type\":\"PropertyValueSpecification\",\"valueRequired\":true,\"valueName\":\"search_term_string\"}}],\"inLanguage\":\"en-GB\"},{\"@type\":\"Organization\",\"@id\":\"https:\\\/\\\/xkodas.com\\\/en\\\/#organization\",\"name\":\"Xkodas\",\"url\":\"https:\\\/\\\/xkodas.com\\\/en\\\/\",\"logo\":{\"@type\":\"ImageObject\",\"inLanguage\":\"en-GB\",\"@id\":\"https:\\\/\\\/xkodas.com\\\/en\\\/#\\\/schema\\\/logo\\\/image\\\/\",\"url\":\"http:\\\/\\\/xkodas.com\\\/wp-content\\\/uploads\\\/2020\\\/02\\\/Xkodas_logo_baltas_500x500-2.jpg\",\"contentUrl\":\"http:\\\/\\\/xkodas.com\\\/wp-content\\\/uploads\\\/2020\\\/02\\\/Xkodas_logo_baltas_500x500-2.jpg\",\"width\":100,\"height\":100,\"caption\":\"Xkodas\"},\"image\":{\"@id\":\"https:\\\/\\\/xkodas.com\\\/en\\\/#\\\/schema\\\/logo\\\/image\\\/\"},\"sameAs\":[\"https:\\\/\\\/www.facebook.com\\\/xkodas.lt\"]}]}<\/script>\n<!-- \/ Yoast SEO plugin. -->","yoast_head_json":{"title":"Pra\u0117jimo kontrol\u0117 TC550 - Xkodas","robots":{"index":"index","follow":"follow","max-snippet":"max-snippet:-1","max-image-preview":"max-image-preview:large","max-video-preview":"max-video-preview:-1"},"canonical":"https:\/\/xkodas.com\/en\/shop\/praejimo-kontrole\/praejimo-valdymas\/anviz-praejimo-valdymas\/praejimo-kontrole-tc550\/","og_locale":"en_GB","og_type":"article","og_title":"Pra\u0117jimo kontrol\u0117 TC550 - Xkodas","og_description":"Kontroliuokite saugu pra\u0117jim\u0105 \u012f patalpas su\u00a0 Anviz  ANVIZ autonominis biometrinis skaitytuvas Pir\u0161t\u0173 atspaudai, RFID ir klaviat\u016bra 2000 \u012fra\u0161im\u0173 \/ 50000 \u012fra\u0161\u0173 TCP\/IP, USB, USB Flash, Wiegand, Relay 8 Laiko ir lankomumo valdymo re\u017eimai Integruotas valdiklis","og_url":"https:\/\/xkodas.com\/en\/shop\/praejimo-kontrole\/praejimo-valdymas\/anviz-praejimo-valdymas\/praejimo-kontrole-tc550\/","og_site_name":"Xkodas","article_publisher":"https:\/\/www.facebook.com\/xkodas.lt","article_modified_time":"2024-06-06T07:13:06+00:00","og_image":[{"width":500,"height":500,"url":"https:\/\/xkodas.com\/wp-content\/uploads\/2024\/05\/Prieigos-kontrole-TC550.png","type":"image\/png"}],"twitter_card":"summary_large_image","twitter_misc":{"Estimated reading time":"2 minutes"},"schema":{"@context":"https:\/\/schema.org","@graph":[{"@type":"WebPage","@id":"https:\/\/xkodas.com\/en\/shop\/praejimo-kontrole\/praejimo-valdymas\/anviz-praejimo-valdymas\/praejimo-kontrole-tc550\/","url":"https:\/\/xkodas.com\/en\/shop\/praejimo-kontrole\/praejimo-valdymas\/anviz-praejimo-valdymas\/praejimo-kontrole-tc550\/","name":"Pra\u0117jimo kontrol\u0117 TC550 - Xkodas","isPartOf":{"@id":"https:\/\/xkodas.com\/en\/#website"},"primaryImageOfPage":{"@id":"https:\/\/xkodas.com\/en\/shop\/praejimo-kontrole\/praejimo-valdymas\/anviz-praejimo-valdymas\/praejimo-kontrole-tc550\/#primaryimage"},"image":{"@id":"https:\/\/xkodas.com\/en\/shop\/praejimo-kontrole\/praejimo-valdymas\/anviz-praejimo-valdymas\/praejimo-kontrole-tc550\/#primaryimage"},"thumbnailUrl":"https:\/\/xkodas.com\/wp-content\/uploads\/2024\/05\/Prieigos-kontrole-TC550.png","datePublished":"2024-06-06T07:12:49+00:00","dateModified":"2024-06-06T07:13:06+00:00","breadcrumb":{"@id":"https:\/\/xkodas.com\/en\/shop\/praejimo-kontrole\/praejimo-valdymas\/anviz-praejimo-valdymas\/praejimo-kontrole-tc550\/#breadcrumb"},"inLanguage":"en-GB","potentialAction":[{"@type":"ReadAction","target":["https:\/\/xkodas.com\/en\/shop\/praejimo-kontrole\/praejimo-valdymas\/anviz-praejimo-valdymas\/praejimo-kontrole-tc550\/"]}]},{"@type":"ImageObject","inLanguage":"en-GB","@id":"https:\/\/xkodas.com\/en\/shop\/praejimo-kontrole\/praejimo-valdymas\/anviz-praejimo-valdymas\/praejimo-kontrole-tc550\/#primaryimage","url":"https:\/\/xkodas.com\/wp-content\/uploads\/2024\/05\/Prieigos-kontrole-TC550.png","contentUrl":"https:\/\/xkodas.com\/wp-content\/uploads\/2024\/05\/Prieigos-kontrole-TC550.png","width":500,"height":500},{"@type":"BreadcrumbList","@id":"https:\/\/xkodas.com\/en\/shop\/praejimo-kontrole\/praejimo-valdymas\/anviz-praejimo-valdymas\/praejimo-kontrole-tc550\/#breadcrumb","itemListElement":[{"@type":"ListItem","position":1,"name":"Home","item":"https:\/\/xkodas.com\/en\/ismaniosios-spynos-visu-tipu-raktai-seifai-xkodas\/"},{"@type":"ListItem","position":2,"name":"Parduotuv\u0117","item":"https:\/\/xkodas.com\/parduotuve\/"},{"@type":"ListItem","position":3,"name":"Pra\u0117jimo kontrol\u0117 TC550"}]},{"@type":"WebSite","@id":"https:\/\/xkodas.com\/en\/#website","url":"https:\/\/xkodas.com\/en\/","name":"Xkodas","description":"I\u0161maniosios spynos, rakt\u0173 gamyba, saugos sistemos","publisher":{"@id":"https:\/\/xkodas.com\/en\/#organization"},"potentialAction":[{"@type":"SearchAction","target":{"@type":"EntryPoint","urlTemplate":"https:\/\/xkodas.com\/en\/?s={search_term_string}"},"query-input":{"@type":"PropertyValueSpecification","valueRequired":true,"valueName":"search_term_string"}}],"inLanguage":"en-GB"},{"@type":"Organization","@id":"https:\/\/xkodas.com\/en\/#organization","name":"Xkodas","url":"https:\/\/xkodas.com\/en\/","logo":{"@type":"ImageObject","inLanguage":"en-GB","@id":"https:\/\/xkodas.com\/en\/#\/schema\/logo\/image\/","url":"http:\/\/xkodas.com\/wp-content\/uploads\/2020\/02\/Xkodas_logo_baltas_500x500-2.jpg","contentUrl":"http:\/\/xkodas.com\/wp-content\/uploads\/2020\/02\/Xkodas_logo_baltas_500x500-2.jpg","width":100,"height":100,"caption":"Xkodas"},"image":{"@id":"https:\/\/xkodas.com\/en\/#\/schema\/logo\/image\/"},"sameAs":["https:\/\/www.facebook.com\/xkodas.lt"]}]}},"_links":{"self":[{"href":"https:\/\/xkodas.com\/en\/wp-json\/wp\/v2\/product\/18044","targetHints":{"allow":["GET"]}}],"collection":[{"href":"https:\/\/xkodas.com\/en\/wp-json\/wp\/v2\/product"}],"about":[{"href":"https:\/\/xkodas.com\/en\/wp-json\/wp\/v2\/types\/product"}],"wp:featuredmedia":[{"embeddable":true,"href":"https:\/\/xkodas.com\/en\/wp-json\/wp\/v2\/media\/14558"}],"wp:attachment":[{"href":"https:\/\/xkodas.com\/en\/wp-json\/wp\/v2\/media?parent=18044"}],"wp:term":[{"taxonomy":"product_brand","embeddable":true,"href":"https:\/\/xkodas.com\/en\/wp-json\/wp\/v2\/product_brand?post=18044"},{"taxonomy":"product_cat","embeddable":true,"href":"https:\/\/xkodas.com\/en\/wp-json\/wp\/v2\/product_cat?post=18044"},{"taxonomy":"product_tag","embeddable":true,"href":"https:\/\/xkodas.com\/en\/wp-json\/wp\/v2\/product_tag?post=18044"}],"curies":[{"name":"wp","href":"https:\/\/api.w.org\/{rel}","templated":true}]}}