{"id":18039,"date":"2024-06-06T07:12:49","date_gmt":"2024-06-06T07:12:49","guid":{"rendered":"http:\/\/xkodas.com\/?post_type=product&#038;p=18039"},"modified":"2024-06-06T07:13:02","modified_gmt":"2024-06-06T07:13:02","slug":"praejimo-kontrole-m5","status":"publish","type":"product","link":"https:\/\/xkodas.com\/en\/shop\/praejimo-kontrole\/praejimo-valdymas\/anviz-praejimo-valdymas\/praejimo-kontrole-m5\/","title":{"rendered":"Pra\u0117jimo kontrol\u0117 M5"},"content":{"rendered":"<p>ANVIZ pir\u0161t\u0173 atspaud\u0173 ir RFID skaitytuvas pra\u0117jima valdyti.<\/p>\n<p>Autonominis pir\u0161t\u0173 atspaud\u0173 skaitytuvas, (125KHz) EM RFID artumo kortel\u0117s arba abiej\u0173 deriniai. Talpa iki 2000 pir\u0161t\u0173 atspaud\u0173 \/ korteli\u0173 ir iki 50 000 registr\u0173.<\/p>\n<p>Naujos kartos atsparus optinis pir\u0161t\u0173 atspaud\u0173 jutiklis, sujungtas ir u\u017eplombuotas. Jame yra galingas \u201eTexas Instruments Stellaris\u00ae\u201c 32 bit\u0173 procesorius ir integruotas \u201eBioNano\u201c algoritmas, leid\u017eiantis greitai ir patikimai nuskaityti sausus, \u0161lapius ir \u012ftr\u016bkusius pir\u0161t\u0173 atspaudus, taip pat protingai ir palaipsniui tobulinti informacij\u0105 apie pir\u0161t\u0173 atspaudus kiekvien\u0105 kart\u0105 skaitant. Suderinamas su standartin\u0117mis EM RFID artumo kortel\u0117mis. U\u017eregistruokite naujas korteles naudodami pagrindin\u0119 kortel\u0119 (pridedama) arba naudodamiesi valdymo programine \u012franga (taip pat pridedama).<\/p>\n<p>Kompiuterio ry\u0161ys per TCP \/ IP, RS485 ir \u201eminiUSB Plug &amp; Play\u201c prievad\u0105. \u201eWiegand 26\/34\u201c koduota i\u0161vestis. Apsaugos nuo klastojimo signalizacija.<\/p>\n<p>Apima nepriklausom\u0105 SC011 prieigos valdikl\u012f, kuris priima duomenis i\u0161 savo \u201eWiegand\u201c skaitytuvo ir daro tai autonominiu \u012frenginiu. Dur\u0173 jutiklio \u012fvestis ir atidarymo mygtukas, rel\u0117s i\u0161\u0117jimas NO \/ NC \u201eMaglocks\u201c ir elektrini\u0173 sm\u016bgi\u0173 valdymui. Valdikliui reikalinga 12 VDC \u012ftampa, taip pat maitinamas skaitytuvas.<\/p>\n<p>Vandal\u0173 atsparus, metalinis, IK10, korpusas i\u0161oriniam naudojimui, IP65 protokolas. Kompakti\u0161kas, eleganti\u0161kas dizainas, kur\u012f galima montuoti prie dur\u0173 r\u0117m\u0173. Daugiaspalviai LED ir akustin\u0117s b\u016bsenos indikatoriai. Vartotojui ir pra\u0117jimo valdymo programin\u0117 \u012franga \u012ftraukta nemokamai.<\/p>","protected":false},"excerpt":{"rendered":"<p>Kontroliuokite saugu pra\u0117jim\u0105 \u012f patalpas su\u00a0 Anviz<\/p>\n<p>ANVIZ autonominis biometrinis skaitytuvas<br \/>\nPir\u0161t\u0173 atspaudai, RFID<br \/>\n2000 \u012fra\u0161\u0173 \/ 50000 \u012fra\u0161ai<br \/>\nTCP\/IP, RS485, miniUSB, Wiegand 26<br \/>\nKomplekte yra SC011 valdiklis<br \/>\nApsaugotas nuo vandal\u0173, skirtas naudoti i\u0161or\u0117je<\/p>","protected":false},"featured_media":14549,"template":"","meta":{"_monsterinsights_skip_tracking":false,"_monsterinsights_sitenote_active":false,"_monsterinsights_sitenote_note":"","_monsterinsights_sitenote_category":0},"product_brand":[],"product_cat":[327,226,353,404],"product_tag":[],"class_list":{"0":"post-18039","1":"product","2":"type-product","3":"status-publish","4":"has-post-thumbnail","6":"product_cat-anviz-praejimo-valdymas","7":"product_cat-praejimo-kontrole","8":"product_cat-praejimo-kontrole-anviz-praejimo-kontrole","9":"product_cat-praejimo-valdymas","11":"first","12":"instock","13":"taxable","14":"shipping-taxable","15":"purchasable","16":"product-type-simple"},"yoast_head":"<!-- This site is optimized with the Yoast SEO plugin v27.5 - https:\/\/yoast.com\/product\/yoast-seo-wordpress\/ -->\n<title>Pra\u0117jimo kontrol\u0117 M5 - Xkodas<\/title>\n<meta name=\"robots\" content=\"index, follow, max-snippet:-1, max-image-preview:large, max-video-preview:-1\" \/>\n<link rel=\"canonical\" href=\"https:\/\/xkodas.com\/en\/shop\/praejimo-kontrole\/praejimo-valdymas\/anviz-praejimo-valdymas\/praejimo-kontrole-m5\/\" \/>\n<meta property=\"og:locale\" content=\"en_GB\" \/>\n<meta property=\"og:type\" content=\"article\" \/>\n<meta property=\"og:title\" content=\"Pra\u0117jimo kontrol\u0117 M5 - Xkodas\" \/>\n<meta property=\"og:description\" content=\"Kontroliuokite saugu pra\u0117jim\u0105 \u012f patalpas su\u00a0 Anviz  ANVIZ autonominis biometrinis skaitytuvas Pir\u0161t\u0173 atspaudai, RFID 2000 \u012fra\u0161\u0173 \/ 50000 \u012fra\u0161ai TCP\/IP, RS485, miniUSB, Wiegand 26 Komplekte yra SC011 valdiklis Apsaugotas nuo vandal\u0173, skirtas naudoti i\u0161or\u0117je\" \/>\n<meta property=\"og:url\" content=\"https:\/\/xkodas.com\/en\/shop\/praejimo-kontrole\/praejimo-valdymas\/anviz-praejimo-valdymas\/praejimo-kontrole-m5\/\" \/>\n<meta property=\"og:site_name\" content=\"Xkodas\" \/>\n<meta property=\"article:publisher\" content=\"https:\/\/www.facebook.com\/xkodas.lt\" \/>\n<meta property=\"article:modified_time\" content=\"2024-06-06T07:13:02+00:00\" \/>\n<meta property=\"og:image\" content=\"https:\/\/xkodas.com\/wp-content\/uploads\/2024\/05\/Prieigos-kontrole-M5.png\" \/>\n\t<meta property=\"og:image:width\" content=\"500\" \/>\n\t<meta property=\"og:image:height\" content=\"500\" \/>\n\t<meta property=\"og:image:type\" content=\"image\/png\" \/>\n<meta name=\"twitter:card\" content=\"summary_large_image\" \/>\n<meta name=\"twitter:label1\" content=\"Estimated reading time\" \/>\n\t<meta name=\"twitter:data1\" content=\"1 minute\" \/>\n<script type=\"application\/ld+json\" class=\"yoast-schema-graph\">{\"@context\":\"https:\\\/\\\/schema.org\",\"@graph\":[{\"@type\":\"WebPage\",\"@id\":\"https:\\\/\\\/xkodas.com\\\/en\\\/shop\\\/praejimo-kontrole\\\/praejimo-valdymas\\\/anviz-praejimo-valdymas\\\/praejimo-kontrole-m5\\\/\",\"url\":\"https:\\\/\\\/xkodas.com\\\/en\\\/shop\\\/praejimo-kontrole\\\/praejimo-valdymas\\\/anviz-praejimo-valdymas\\\/praejimo-kontrole-m5\\\/\",\"name\":\"Pra\u0117jimo kontrol\u0117 M5 - Xkodas\",\"isPartOf\":{\"@id\":\"https:\\\/\\\/xkodas.com\\\/en\\\/#website\"},\"primaryImageOfPage\":{\"@id\":\"https:\\\/\\\/xkodas.com\\\/en\\\/shop\\\/praejimo-kontrole\\\/praejimo-valdymas\\\/anviz-praejimo-valdymas\\\/praejimo-kontrole-m5\\\/#primaryimage\"},\"image\":{\"@id\":\"https:\\\/\\\/xkodas.com\\\/en\\\/shop\\\/praejimo-kontrole\\\/praejimo-valdymas\\\/anviz-praejimo-valdymas\\\/praejimo-kontrole-m5\\\/#primaryimage\"},\"thumbnailUrl\":\"https:\\\/\\\/xkodas.com\\\/wp-content\\\/uploads\\\/2024\\\/05\\\/Prieigos-kontrole-M5.png\",\"datePublished\":\"2024-06-06T07:12:49+00:00\",\"dateModified\":\"2024-06-06T07:13:02+00:00\",\"breadcrumb\":{\"@id\":\"https:\\\/\\\/xkodas.com\\\/en\\\/shop\\\/praejimo-kontrole\\\/praejimo-valdymas\\\/anviz-praejimo-valdymas\\\/praejimo-kontrole-m5\\\/#breadcrumb\"},\"inLanguage\":\"en-GB\",\"potentialAction\":[{\"@type\":\"ReadAction\",\"target\":[\"https:\\\/\\\/xkodas.com\\\/en\\\/shop\\\/praejimo-kontrole\\\/praejimo-valdymas\\\/anviz-praejimo-valdymas\\\/praejimo-kontrole-m5\\\/\"]}]},{\"@type\":\"ImageObject\",\"inLanguage\":\"en-GB\",\"@id\":\"https:\\\/\\\/xkodas.com\\\/en\\\/shop\\\/praejimo-kontrole\\\/praejimo-valdymas\\\/anviz-praejimo-valdymas\\\/praejimo-kontrole-m5\\\/#primaryimage\",\"url\":\"https:\\\/\\\/xkodas.com\\\/wp-content\\\/uploads\\\/2024\\\/05\\\/Prieigos-kontrole-M5.png\",\"contentUrl\":\"https:\\\/\\\/xkodas.com\\\/wp-content\\\/uploads\\\/2024\\\/05\\\/Prieigos-kontrole-M5.png\",\"width\":500,\"height\":500},{\"@type\":\"BreadcrumbList\",\"@id\":\"https:\\\/\\\/xkodas.com\\\/en\\\/shop\\\/praejimo-kontrole\\\/praejimo-valdymas\\\/anviz-praejimo-valdymas\\\/praejimo-kontrole-m5\\\/#breadcrumb\",\"itemListElement\":[{\"@type\":\"ListItem\",\"position\":1,\"name\":\"Home\",\"item\":\"https:\\\/\\\/xkodas.com\\\/en\\\/ismaniosios-spynos-visu-tipu-raktai-seifai-xkodas\\\/\"},{\"@type\":\"ListItem\",\"position\":2,\"name\":\"Parduotuv\u0117\",\"item\":\"https:\\\/\\\/xkodas.com\\\/parduotuve\\\/\"},{\"@type\":\"ListItem\",\"position\":3,\"name\":\"Pra\u0117jimo kontrol\u0117 M5\"}]},{\"@type\":\"WebSite\",\"@id\":\"https:\\\/\\\/xkodas.com\\\/en\\\/#website\",\"url\":\"https:\\\/\\\/xkodas.com\\\/en\\\/\",\"name\":\"Xkodas\",\"description\":\"I\u0161maniosios spynos, rakt\u0173 gamyba, saugos sistemos\",\"publisher\":{\"@id\":\"https:\\\/\\\/xkodas.com\\\/en\\\/#organization\"},\"potentialAction\":[{\"@type\":\"SearchAction\",\"target\":{\"@type\":\"EntryPoint\",\"urlTemplate\":\"https:\\\/\\\/xkodas.com\\\/en\\\/?s={search_term_string}\"},\"query-input\":{\"@type\":\"PropertyValueSpecification\",\"valueRequired\":true,\"valueName\":\"search_term_string\"}}],\"inLanguage\":\"en-GB\"},{\"@type\":\"Organization\",\"@id\":\"https:\\\/\\\/xkodas.com\\\/en\\\/#organization\",\"name\":\"Xkodas\",\"url\":\"https:\\\/\\\/xkodas.com\\\/en\\\/\",\"logo\":{\"@type\":\"ImageObject\",\"inLanguage\":\"en-GB\",\"@id\":\"https:\\\/\\\/xkodas.com\\\/en\\\/#\\\/schema\\\/logo\\\/image\\\/\",\"url\":\"http:\\\/\\\/xkodas.com\\\/wp-content\\\/uploads\\\/2020\\\/02\\\/Xkodas_logo_baltas_500x500-2.jpg\",\"contentUrl\":\"http:\\\/\\\/xkodas.com\\\/wp-content\\\/uploads\\\/2020\\\/02\\\/Xkodas_logo_baltas_500x500-2.jpg\",\"width\":100,\"height\":100,\"caption\":\"Xkodas\"},\"image\":{\"@id\":\"https:\\\/\\\/xkodas.com\\\/en\\\/#\\\/schema\\\/logo\\\/image\\\/\"},\"sameAs\":[\"https:\\\/\\\/www.facebook.com\\\/xkodas.lt\"]}]}<\/script>\n<!-- \/ Yoast SEO plugin. -->","yoast_head_json":{"title":"Pra\u0117jimo kontrol\u0117 M5 - Xkodas","robots":{"index":"index","follow":"follow","max-snippet":"max-snippet:-1","max-image-preview":"max-image-preview:large","max-video-preview":"max-video-preview:-1"},"canonical":"https:\/\/xkodas.com\/en\/shop\/praejimo-kontrole\/praejimo-valdymas\/anviz-praejimo-valdymas\/praejimo-kontrole-m5\/","og_locale":"en_GB","og_type":"article","og_title":"Pra\u0117jimo kontrol\u0117 M5 - Xkodas","og_description":"Kontroliuokite saugu pra\u0117jim\u0105 \u012f patalpas su\u00a0 Anviz  ANVIZ autonominis biometrinis skaitytuvas Pir\u0161t\u0173 atspaudai, RFID 2000 \u012fra\u0161\u0173 \/ 50000 \u012fra\u0161ai TCP\/IP, RS485, miniUSB, Wiegand 26 Komplekte yra SC011 valdiklis Apsaugotas nuo vandal\u0173, skirtas naudoti i\u0161or\u0117je","og_url":"https:\/\/xkodas.com\/en\/shop\/praejimo-kontrole\/praejimo-valdymas\/anviz-praejimo-valdymas\/praejimo-kontrole-m5\/","og_site_name":"Xkodas","article_publisher":"https:\/\/www.facebook.com\/xkodas.lt","article_modified_time":"2024-06-06T07:13:02+00:00","og_image":[{"width":500,"height":500,"url":"https:\/\/xkodas.com\/wp-content\/uploads\/2024\/05\/Prieigos-kontrole-M5.png","type":"image\/png"}],"twitter_card":"summary_large_image","twitter_misc":{"Estimated reading time":"1 minute"},"schema":{"@context":"https:\/\/schema.org","@graph":[{"@type":"WebPage","@id":"https:\/\/xkodas.com\/en\/shop\/praejimo-kontrole\/praejimo-valdymas\/anviz-praejimo-valdymas\/praejimo-kontrole-m5\/","url":"https:\/\/xkodas.com\/en\/shop\/praejimo-kontrole\/praejimo-valdymas\/anviz-praejimo-valdymas\/praejimo-kontrole-m5\/","name":"Pra\u0117jimo kontrol\u0117 M5 - Xkodas","isPartOf":{"@id":"https:\/\/xkodas.com\/en\/#website"},"primaryImageOfPage":{"@id":"https:\/\/xkodas.com\/en\/shop\/praejimo-kontrole\/praejimo-valdymas\/anviz-praejimo-valdymas\/praejimo-kontrole-m5\/#primaryimage"},"image":{"@id":"https:\/\/xkodas.com\/en\/shop\/praejimo-kontrole\/praejimo-valdymas\/anviz-praejimo-valdymas\/praejimo-kontrole-m5\/#primaryimage"},"thumbnailUrl":"https:\/\/xkodas.com\/wp-content\/uploads\/2024\/05\/Prieigos-kontrole-M5.png","datePublished":"2024-06-06T07:12:49+00:00","dateModified":"2024-06-06T07:13:02+00:00","breadcrumb":{"@id":"https:\/\/xkodas.com\/en\/shop\/praejimo-kontrole\/praejimo-valdymas\/anviz-praejimo-valdymas\/praejimo-kontrole-m5\/#breadcrumb"},"inLanguage":"en-GB","potentialAction":[{"@type":"ReadAction","target":["https:\/\/xkodas.com\/en\/shop\/praejimo-kontrole\/praejimo-valdymas\/anviz-praejimo-valdymas\/praejimo-kontrole-m5\/"]}]},{"@type":"ImageObject","inLanguage":"en-GB","@id":"https:\/\/xkodas.com\/en\/shop\/praejimo-kontrole\/praejimo-valdymas\/anviz-praejimo-valdymas\/praejimo-kontrole-m5\/#primaryimage","url":"https:\/\/xkodas.com\/wp-content\/uploads\/2024\/05\/Prieigos-kontrole-M5.png","contentUrl":"https:\/\/xkodas.com\/wp-content\/uploads\/2024\/05\/Prieigos-kontrole-M5.png","width":500,"height":500},{"@type":"BreadcrumbList","@id":"https:\/\/xkodas.com\/en\/shop\/praejimo-kontrole\/praejimo-valdymas\/anviz-praejimo-valdymas\/praejimo-kontrole-m5\/#breadcrumb","itemListElement":[{"@type":"ListItem","position":1,"name":"Home","item":"https:\/\/xkodas.com\/en\/ismaniosios-spynos-visu-tipu-raktai-seifai-xkodas\/"},{"@type":"ListItem","position":2,"name":"Parduotuv\u0117","item":"https:\/\/xkodas.com\/parduotuve\/"},{"@type":"ListItem","position":3,"name":"Pra\u0117jimo kontrol\u0117 M5"}]},{"@type":"WebSite","@id":"https:\/\/xkodas.com\/en\/#website","url":"https:\/\/xkodas.com\/en\/","name":"Xkodas","description":"I\u0161maniosios spynos, rakt\u0173 gamyba, saugos sistemos","publisher":{"@id":"https:\/\/xkodas.com\/en\/#organization"},"potentialAction":[{"@type":"SearchAction","target":{"@type":"EntryPoint","urlTemplate":"https:\/\/xkodas.com\/en\/?s={search_term_string}"},"query-input":{"@type":"PropertyValueSpecification","valueRequired":true,"valueName":"search_term_string"}}],"inLanguage":"en-GB"},{"@type":"Organization","@id":"https:\/\/xkodas.com\/en\/#organization","name":"Xkodas","url":"https:\/\/xkodas.com\/en\/","logo":{"@type":"ImageObject","inLanguage":"en-GB","@id":"https:\/\/xkodas.com\/en\/#\/schema\/logo\/image\/","url":"http:\/\/xkodas.com\/wp-content\/uploads\/2020\/02\/Xkodas_logo_baltas_500x500-2.jpg","contentUrl":"http:\/\/xkodas.com\/wp-content\/uploads\/2020\/02\/Xkodas_logo_baltas_500x500-2.jpg","width":100,"height":100,"caption":"Xkodas"},"image":{"@id":"https:\/\/xkodas.com\/en\/#\/schema\/logo\/image\/"},"sameAs":["https:\/\/www.facebook.com\/xkodas.lt"]}]}},"_links":{"self":[{"href":"https:\/\/xkodas.com\/en\/wp-json\/wp\/v2\/product\/18039","targetHints":{"allow":["GET"]}}],"collection":[{"href":"https:\/\/xkodas.com\/en\/wp-json\/wp\/v2\/product"}],"about":[{"href":"https:\/\/xkodas.com\/en\/wp-json\/wp\/v2\/types\/product"}],"wp:featuredmedia":[{"embeddable":true,"href":"https:\/\/xkodas.com\/en\/wp-json\/wp\/v2\/media\/14549"}],"wp:attachment":[{"href":"https:\/\/xkodas.com\/en\/wp-json\/wp\/v2\/media?parent=18039"}],"wp:term":[{"taxonomy":"product_brand","embeddable":true,"href":"https:\/\/xkodas.com\/en\/wp-json\/wp\/v2\/product_brand?post=18039"},{"taxonomy":"product_cat","embeddable":true,"href":"https:\/\/xkodas.com\/en\/wp-json\/wp\/v2\/product_cat?post=18039"},{"taxonomy":"product_tag","embeddable":true,"href":"https:\/\/xkodas.com\/en\/wp-json\/wp\/v2\/product_tag?post=18039"}],"curies":[{"name":"wp","href":"https:\/\/api.w.org\/{rel}","templated":true}]}}