{"id":18031,"date":"2024-06-06T07:12:47","date_gmt":"2024-06-06T07:12:47","guid":{"rendered":"http:\/\/xkodas.com\/?post_type=product&#038;p=18031"},"modified":"2024-06-06T07:12:56","modified_gmt":"2024-06-06T07:12:56","slug":"praejimo-kontrole-t5","status":"publish","type":"product","link":"https:\/\/xkodas.com\/en\/shop\/praejimo-kontrole\/praejimo-valdymas\/anviz-praejimo-valdymas\/praejimo-kontrole-anviz-praejimo-kontrole\/praejimo-kontrole-t5\/","title":{"rendered":"Pra\u0117jimo kontrol\u0117 T5"},"content":{"rendered":"<p>ANVIZ pir\u0161t\u0173 atspaud\u0173 ir RFID skaitytuvas pra\u0117jimui valdyti.<\/p>\n<p>Viskas viename, skaitytuvas pir\u0161t\u0173 atspaudams, RFID kortel\u0117ms. Talpa iki 1000 pir\u0161t\u0173 atspaud\u0173 \/ korteli\u0173 ir iki 50000 registr\u0173.<\/p>\n<p>Naujos kartos atsparus optinis pir\u0161t\u0173 atspaud\u0173 jutiklis, sujungtas ir u\u017eplombuotas. Jame yra galingas \u201eTexas Instruments Stellaris\u00ae\u201c 32 bit\u0173 procesorius ir integruotas \u201eBioNano\u201c algoritmas, leid\u017eiantis greitai ir patikimai nuskaityti sausus, \u0161lapius ir \u012ftr\u016bkusius pir\u0161t\u0173 atspaudus, taip pat protingai ir palaipsniui tobulinti informacij\u0105 apie pir\u0161t\u0173 atspaudus kiekvien\u0105 kart\u0105 skaitant. Suderinamas su standartin\u0117mis EM RFID artumo kortel\u0117mis. U\u017eregistruokite naujas korteles naudodami pagrindin\u0119 kortel\u0119 (pridedama) arba naudodamiesi valdymo programine \u012franga (taip pat pridedama).<\/p>\n<p>Kompiuterio ry\u0161ys per TCP \/ IP, RS485 ir \u201eminiUSB Plug &amp; Play\u201c prievad\u0105. \u201eWiegand 26\u201c koduota i\u0161vestis, skirta prisijungti prie valdiklio modulio.<\/p>\n<p>ABS korpusas, tinkamas patalpoms, protokolas IP54. Kompakti\u0161kas dizainas, leid\u017eiantis montuoti dur\u0173 r\u0117m\u0105. \u012erenginio b\u016bsenos \u0161viesos LED. Visi\u0161ki vartotojai ir prieigos valdymo programin\u0117 \u012franga \u012ftraukta nemokamai.<\/p>","protected":false},"excerpt":{"rendered":"<p>Kontroliuokite saugu pra\u0117jim\u0105 \u012f patalpas su\u00a0 Anviz<\/p>\n<p>ANVIZ biometrinis skaitytuvas<br \/>\nPir\u0161t\u0173 atspaudai ir RDA<br \/>\n1000 \u012fra\u0161\u0173 \/ 50000 \u012fra\u0161ai<br \/>\nTCP\/IP, RS485, miniUSB, Wiegand 26<br \/>\nN\u0117ra valdiklio<br \/>\nTinka vidaus s\u0105lygomis<\/p>","protected":false},"featured_media":14531,"template":"","meta":{"_monsterinsights_skip_tracking":false,"_monsterinsights_sitenote_active":false,"_monsterinsights_sitenote_note":"","_monsterinsights_sitenote_category":0},"product_brand":[],"product_cat":[226,353,404],"product_tag":[],"class_list":{"0":"post-18031","1":"product","2":"type-product","3":"status-publish","4":"has-post-thumbnail","6":"product_cat-praejimo-kontrole","7":"product_cat-praejimo-kontrole-anviz-praejimo-kontrole","8":"product_cat-praejimo-valdymas","10":"first","11":"instock","12":"taxable","13":"shipping-taxable","14":"purchasable","15":"product-type-simple"},"yoast_head":"<!-- This site is optimized with the Yoast SEO plugin v27.5 - https:\/\/yoast.com\/product\/yoast-seo-wordpress\/ -->\n<title>Pra\u0117jimo kontrol\u0117 T5 - Xkodas<\/title>\n<meta name=\"robots\" content=\"index, follow, max-snippet:-1, max-image-preview:large, max-video-preview:-1\" \/>\n<link rel=\"canonical\" href=\"https:\/\/xkodas.com\/en\/shop\/praejimo-kontrole\/praejimo-valdymas\/anviz-praejimo-valdymas\/praejimo-kontrole-anviz-praejimo-kontrole\/praejimo-kontrole-t5\/\" \/>\n<meta property=\"og:locale\" content=\"en_GB\" \/>\n<meta property=\"og:type\" content=\"article\" \/>\n<meta property=\"og:title\" content=\"Pra\u0117jimo kontrol\u0117 T5 - Xkodas\" \/>\n<meta property=\"og:description\" content=\"Kontroliuokite saugu pra\u0117jim\u0105 \u012f patalpas su\u00a0 Anviz  ANVIZ biometrinis skaitytuvas Pir\u0161t\u0173 atspaudai ir RDA 1000 \u012fra\u0161\u0173 \/ 50000 \u012fra\u0161ai TCP\/IP, RS485, miniUSB, Wiegand 26 N\u0117ra valdiklio Tinka vidaus s\u0105lygomis\" \/>\n<meta property=\"og:url\" content=\"https:\/\/xkodas.com\/en\/shop\/praejimo-kontrole\/praejimo-valdymas\/anviz-praejimo-valdymas\/praejimo-kontrole-anviz-praejimo-kontrole\/praejimo-kontrole-t5\/\" \/>\n<meta property=\"og:site_name\" content=\"Xkodas\" \/>\n<meta property=\"article:publisher\" content=\"https:\/\/www.facebook.com\/xkodas.lt\" \/>\n<meta property=\"article:modified_time\" content=\"2024-06-06T07:12:56+00:00\" \/>\n<meta property=\"og:image\" content=\"https:\/\/xkodas.com\/wp-content\/uploads\/2024\/05\/Prieigos-kontrole-T5.png\" \/>\n\t<meta property=\"og:image:width\" content=\"500\" \/>\n\t<meta property=\"og:image:height\" content=\"500\" \/>\n\t<meta property=\"og:image:type\" content=\"image\/png\" \/>\n<meta name=\"twitter:card\" content=\"summary_large_image\" \/>\n<meta name=\"twitter:label1\" content=\"Estimated reading time\" \/>\n\t<meta name=\"twitter:data1\" content=\"1 minute\" \/>\n<script type=\"application\/ld+json\" class=\"yoast-schema-graph\">{\"@context\":\"https:\\\/\\\/schema.org\",\"@graph\":[{\"@type\":\"WebPage\",\"@id\":\"https:\\\/\\\/xkodas.com\\\/en\\\/shop\\\/praejimo-kontrole\\\/praejimo-valdymas\\\/anviz-praejimo-valdymas\\\/praejimo-kontrole-anviz-praejimo-kontrole\\\/praejimo-kontrole-t5\\\/\",\"url\":\"https:\\\/\\\/xkodas.com\\\/en\\\/shop\\\/praejimo-kontrole\\\/praejimo-valdymas\\\/anviz-praejimo-valdymas\\\/praejimo-kontrole-anviz-praejimo-kontrole\\\/praejimo-kontrole-t5\\\/\",\"name\":\"Pra\u0117jimo kontrol\u0117 T5 - Xkodas\",\"isPartOf\":{\"@id\":\"https:\\\/\\\/xkodas.com\\\/en\\\/#website\"},\"primaryImageOfPage\":{\"@id\":\"https:\\\/\\\/xkodas.com\\\/en\\\/shop\\\/praejimo-kontrole\\\/praejimo-valdymas\\\/anviz-praejimo-valdymas\\\/praejimo-kontrole-anviz-praejimo-kontrole\\\/praejimo-kontrole-t5\\\/#primaryimage\"},\"image\":{\"@id\":\"https:\\\/\\\/xkodas.com\\\/en\\\/shop\\\/praejimo-kontrole\\\/praejimo-valdymas\\\/anviz-praejimo-valdymas\\\/praejimo-kontrole-anviz-praejimo-kontrole\\\/praejimo-kontrole-t5\\\/#primaryimage\"},\"thumbnailUrl\":\"https:\\\/\\\/xkodas.com\\\/wp-content\\\/uploads\\\/2024\\\/05\\\/Prieigos-kontrole-T5.png\",\"datePublished\":\"2024-06-06T07:12:47+00:00\",\"dateModified\":\"2024-06-06T07:12:56+00:00\",\"breadcrumb\":{\"@id\":\"https:\\\/\\\/xkodas.com\\\/en\\\/shop\\\/praejimo-kontrole\\\/praejimo-valdymas\\\/anviz-praejimo-valdymas\\\/praejimo-kontrole-anviz-praejimo-kontrole\\\/praejimo-kontrole-t5\\\/#breadcrumb\"},\"inLanguage\":\"en-GB\",\"potentialAction\":[{\"@type\":\"ReadAction\",\"target\":[\"https:\\\/\\\/xkodas.com\\\/en\\\/shop\\\/praejimo-kontrole\\\/praejimo-valdymas\\\/anviz-praejimo-valdymas\\\/praejimo-kontrole-anviz-praejimo-kontrole\\\/praejimo-kontrole-t5\\\/\"]}]},{\"@type\":\"ImageObject\",\"inLanguage\":\"en-GB\",\"@id\":\"https:\\\/\\\/xkodas.com\\\/en\\\/shop\\\/praejimo-kontrole\\\/praejimo-valdymas\\\/anviz-praejimo-valdymas\\\/praejimo-kontrole-anviz-praejimo-kontrole\\\/praejimo-kontrole-t5\\\/#primaryimage\",\"url\":\"https:\\\/\\\/xkodas.com\\\/wp-content\\\/uploads\\\/2024\\\/05\\\/Prieigos-kontrole-T5.png\",\"contentUrl\":\"https:\\\/\\\/xkodas.com\\\/wp-content\\\/uploads\\\/2024\\\/05\\\/Prieigos-kontrole-T5.png\",\"width\":500,\"height\":500},{\"@type\":\"BreadcrumbList\",\"@id\":\"https:\\\/\\\/xkodas.com\\\/en\\\/shop\\\/praejimo-kontrole\\\/praejimo-valdymas\\\/anviz-praejimo-valdymas\\\/praejimo-kontrole-anviz-praejimo-kontrole\\\/praejimo-kontrole-t5\\\/#breadcrumb\",\"itemListElement\":[{\"@type\":\"ListItem\",\"position\":1,\"name\":\"Home\",\"item\":\"https:\\\/\\\/xkodas.com\\\/en\\\/ismaniosios-spynos-visu-tipu-raktai-seifai-xkodas\\\/\"},{\"@type\":\"ListItem\",\"position\":2,\"name\":\"Parduotuv\u0117\",\"item\":\"https:\\\/\\\/xkodas.com\\\/parduotuve\\\/\"},{\"@type\":\"ListItem\",\"position\":3,\"name\":\"Pra\u0117jimo kontrol\u0117 T5\"}]},{\"@type\":\"WebSite\",\"@id\":\"https:\\\/\\\/xkodas.com\\\/en\\\/#website\",\"url\":\"https:\\\/\\\/xkodas.com\\\/en\\\/\",\"name\":\"Xkodas\",\"description\":\"I\u0161maniosios spynos, rakt\u0173 gamyba, saugos sistemos\",\"publisher\":{\"@id\":\"https:\\\/\\\/xkodas.com\\\/en\\\/#organization\"},\"potentialAction\":[{\"@type\":\"SearchAction\",\"target\":{\"@type\":\"EntryPoint\",\"urlTemplate\":\"https:\\\/\\\/xkodas.com\\\/en\\\/?s={search_term_string}\"},\"query-input\":{\"@type\":\"PropertyValueSpecification\",\"valueRequired\":true,\"valueName\":\"search_term_string\"}}],\"inLanguage\":\"en-GB\"},{\"@type\":\"Organization\",\"@id\":\"https:\\\/\\\/xkodas.com\\\/en\\\/#organization\",\"name\":\"Xkodas\",\"url\":\"https:\\\/\\\/xkodas.com\\\/en\\\/\",\"logo\":{\"@type\":\"ImageObject\",\"inLanguage\":\"en-GB\",\"@id\":\"https:\\\/\\\/xkodas.com\\\/en\\\/#\\\/schema\\\/logo\\\/image\\\/\",\"url\":\"http:\\\/\\\/xkodas.com\\\/wp-content\\\/uploads\\\/2020\\\/02\\\/Xkodas_logo_baltas_500x500-2.jpg\",\"contentUrl\":\"http:\\\/\\\/xkodas.com\\\/wp-content\\\/uploads\\\/2020\\\/02\\\/Xkodas_logo_baltas_500x500-2.jpg\",\"width\":100,\"height\":100,\"caption\":\"Xkodas\"},\"image\":{\"@id\":\"https:\\\/\\\/xkodas.com\\\/en\\\/#\\\/schema\\\/logo\\\/image\\\/\"},\"sameAs\":[\"https:\\\/\\\/www.facebook.com\\\/xkodas.lt\"]}]}<\/script>\n<!-- \/ Yoast SEO plugin. -->","yoast_head_json":{"title":"Pra\u0117jimo kontrol\u0117 T5 - Xkodas","robots":{"index":"index","follow":"follow","max-snippet":"max-snippet:-1","max-image-preview":"max-image-preview:large","max-video-preview":"max-video-preview:-1"},"canonical":"https:\/\/xkodas.com\/en\/shop\/praejimo-kontrole\/praejimo-valdymas\/anviz-praejimo-valdymas\/praejimo-kontrole-anviz-praejimo-kontrole\/praejimo-kontrole-t5\/","og_locale":"en_GB","og_type":"article","og_title":"Pra\u0117jimo kontrol\u0117 T5 - Xkodas","og_description":"Kontroliuokite saugu pra\u0117jim\u0105 \u012f patalpas su\u00a0 Anviz  ANVIZ biometrinis skaitytuvas Pir\u0161t\u0173 atspaudai ir RDA 1000 \u012fra\u0161\u0173 \/ 50000 \u012fra\u0161ai TCP\/IP, RS485, miniUSB, Wiegand 26 N\u0117ra valdiklio Tinka vidaus s\u0105lygomis","og_url":"https:\/\/xkodas.com\/en\/shop\/praejimo-kontrole\/praejimo-valdymas\/anviz-praejimo-valdymas\/praejimo-kontrole-anviz-praejimo-kontrole\/praejimo-kontrole-t5\/","og_site_name":"Xkodas","article_publisher":"https:\/\/www.facebook.com\/xkodas.lt","article_modified_time":"2024-06-06T07:12:56+00:00","og_image":[{"width":500,"height":500,"url":"https:\/\/xkodas.com\/wp-content\/uploads\/2024\/05\/Prieigos-kontrole-T5.png","type":"image\/png"}],"twitter_card":"summary_large_image","twitter_misc":{"Estimated reading time":"1 minute"},"schema":{"@context":"https:\/\/schema.org","@graph":[{"@type":"WebPage","@id":"https:\/\/xkodas.com\/en\/shop\/praejimo-kontrole\/praejimo-valdymas\/anviz-praejimo-valdymas\/praejimo-kontrole-anviz-praejimo-kontrole\/praejimo-kontrole-t5\/","url":"https:\/\/xkodas.com\/en\/shop\/praejimo-kontrole\/praejimo-valdymas\/anviz-praejimo-valdymas\/praejimo-kontrole-anviz-praejimo-kontrole\/praejimo-kontrole-t5\/","name":"Pra\u0117jimo kontrol\u0117 T5 - Xkodas","isPartOf":{"@id":"https:\/\/xkodas.com\/en\/#website"},"primaryImageOfPage":{"@id":"https:\/\/xkodas.com\/en\/shop\/praejimo-kontrole\/praejimo-valdymas\/anviz-praejimo-valdymas\/praejimo-kontrole-anviz-praejimo-kontrole\/praejimo-kontrole-t5\/#primaryimage"},"image":{"@id":"https:\/\/xkodas.com\/en\/shop\/praejimo-kontrole\/praejimo-valdymas\/anviz-praejimo-valdymas\/praejimo-kontrole-anviz-praejimo-kontrole\/praejimo-kontrole-t5\/#primaryimage"},"thumbnailUrl":"https:\/\/xkodas.com\/wp-content\/uploads\/2024\/05\/Prieigos-kontrole-T5.png","datePublished":"2024-06-06T07:12:47+00:00","dateModified":"2024-06-06T07:12:56+00:00","breadcrumb":{"@id":"https:\/\/xkodas.com\/en\/shop\/praejimo-kontrole\/praejimo-valdymas\/anviz-praejimo-valdymas\/praejimo-kontrole-anviz-praejimo-kontrole\/praejimo-kontrole-t5\/#breadcrumb"},"inLanguage":"en-GB","potentialAction":[{"@type":"ReadAction","target":["https:\/\/xkodas.com\/en\/shop\/praejimo-kontrole\/praejimo-valdymas\/anviz-praejimo-valdymas\/praejimo-kontrole-anviz-praejimo-kontrole\/praejimo-kontrole-t5\/"]}]},{"@type":"ImageObject","inLanguage":"en-GB","@id":"https:\/\/xkodas.com\/en\/shop\/praejimo-kontrole\/praejimo-valdymas\/anviz-praejimo-valdymas\/praejimo-kontrole-anviz-praejimo-kontrole\/praejimo-kontrole-t5\/#primaryimage","url":"https:\/\/xkodas.com\/wp-content\/uploads\/2024\/05\/Prieigos-kontrole-T5.png","contentUrl":"https:\/\/xkodas.com\/wp-content\/uploads\/2024\/05\/Prieigos-kontrole-T5.png","width":500,"height":500},{"@type":"BreadcrumbList","@id":"https:\/\/xkodas.com\/en\/shop\/praejimo-kontrole\/praejimo-valdymas\/anviz-praejimo-valdymas\/praejimo-kontrole-anviz-praejimo-kontrole\/praejimo-kontrole-t5\/#breadcrumb","itemListElement":[{"@type":"ListItem","position":1,"name":"Home","item":"https:\/\/xkodas.com\/en\/ismaniosios-spynos-visu-tipu-raktai-seifai-xkodas\/"},{"@type":"ListItem","position":2,"name":"Parduotuv\u0117","item":"https:\/\/xkodas.com\/parduotuve\/"},{"@type":"ListItem","position":3,"name":"Pra\u0117jimo kontrol\u0117 T5"}]},{"@type":"WebSite","@id":"https:\/\/xkodas.com\/en\/#website","url":"https:\/\/xkodas.com\/en\/","name":"Xkodas","description":"I\u0161maniosios spynos, rakt\u0173 gamyba, saugos sistemos","publisher":{"@id":"https:\/\/xkodas.com\/en\/#organization"},"potentialAction":[{"@type":"SearchAction","target":{"@type":"EntryPoint","urlTemplate":"https:\/\/xkodas.com\/en\/?s={search_term_string}"},"query-input":{"@type":"PropertyValueSpecification","valueRequired":true,"valueName":"search_term_string"}}],"inLanguage":"en-GB"},{"@type":"Organization","@id":"https:\/\/xkodas.com\/en\/#organization","name":"Xkodas","url":"https:\/\/xkodas.com\/en\/","logo":{"@type":"ImageObject","inLanguage":"en-GB","@id":"https:\/\/xkodas.com\/en\/#\/schema\/logo\/image\/","url":"http:\/\/xkodas.com\/wp-content\/uploads\/2020\/02\/Xkodas_logo_baltas_500x500-2.jpg","contentUrl":"http:\/\/xkodas.com\/wp-content\/uploads\/2020\/02\/Xkodas_logo_baltas_500x500-2.jpg","width":100,"height":100,"caption":"Xkodas"},"image":{"@id":"https:\/\/xkodas.com\/en\/#\/schema\/logo\/image\/"},"sameAs":["https:\/\/www.facebook.com\/xkodas.lt"]}]}},"_links":{"self":[{"href":"https:\/\/xkodas.com\/en\/wp-json\/wp\/v2\/product\/18031","targetHints":{"allow":["GET"]}}],"collection":[{"href":"https:\/\/xkodas.com\/en\/wp-json\/wp\/v2\/product"}],"about":[{"href":"https:\/\/xkodas.com\/en\/wp-json\/wp\/v2\/types\/product"}],"wp:featuredmedia":[{"embeddable":true,"href":"https:\/\/xkodas.com\/en\/wp-json\/wp\/v2\/media\/14531"}],"wp:attachment":[{"href":"https:\/\/xkodas.com\/en\/wp-json\/wp\/v2\/media?parent=18031"}],"wp:term":[{"taxonomy":"product_brand","embeddable":true,"href":"https:\/\/xkodas.com\/en\/wp-json\/wp\/v2\/product_brand?post=18031"},{"taxonomy":"product_cat","embeddable":true,"href":"https:\/\/xkodas.com\/en\/wp-json\/wp\/v2\/product_cat?post=18031"},{"taxonomy":"product_tag","embeddable":true,"href":"https:\/\/xkodas.com\/en\/wp-json\/wp\/v2\/product_tag?post=18031"}],"curies":[{"name":"wp","href":"https:\/\/api.w.org\/{rel}","templated":true}]}}