{"id":18029,"date":"2024-06-06T07:12:47","date_gmt":"2024-06-06T07:12:47","guid":{"rendered":"http:\/\/xkodas.com\/?post_type=product&#038;p=18029"},"modified":"2024-06-06T07:12:55","modified_gmt":"2024-06-06T07:12:55","slug":"praejimo-kontrole-xs-ac4214-mfpfr","status":"publish","type":"product","link":"https:\/\/xkodas.com\/en\/shop\/praejimo-kontrole\/praejimo-valdymas\/x-security-prieigos-kontrole\/praejimo-kontrole-xs-ac4214-mfpfr\/","title":{"rendered":"Pra\u0117jimo kontrol\u0117 XS-AC4214-MFPFR"},"content":{"rendered":"<p>X-Security<br \/>\nViskas viename, biometrinis skaitytuvas, skirtas pra\u0117jima kontroliuoti ir laikui bei lankomumui<br \/>\nDvigubo jutiklio, pir\u0161t\u0173 atspaud\u0173, \u201eMifare\u201c kortel\u0117s, slapta\u017eod\u017eio ir arba derini\u0173 atpa\u017einimas atpa\u017e\u012fstant veid\u0105<br \/>\nJutiklin\u0117 klaviat\u016bra ir 4,3 &#8220;HD TFT jutiklinis ekranas<br \/>\nTalpa 20 000 veid\u0173, 10 000 pir\u0161t\u0173 atspaud\u0173 ir 200 000 \u012fra\u0161\u0173<br \/>\n2 MP kamera su pla\u010diakampiu WDR, su naktine \u0161viesa<br \/>\nIntegruotas valdiklis (dur\u0173 jutiklis, mygtukas ir rel\u0117)<br \/>\nRy\u0161ys per TCP \/ IP, \u201eWiFi\u201c, \u201eUSB Flash\u201c<br \/>\nTvarkara\u0161\u010di\u0173, pamain\u0173 ir cikl\u0173 kontrol\u0117<br \/>\nPridedama i\u0161sami \u201eSmartPSS\u201c valdymo programin\u0117 \u012franga<\/p>","protected":false},"excerpt":{"rendered":"<p>Kontroliuokite saugu pra\u0117jim\u0105 \u012f patalpas su\u00a0 X-Security<\/p>\n<p>Pra\u0117jimo ir lankomumo laiko kontrol\u0117s terminalas<br \/>\nPir\u0161t\u0173 atspaudai ir veido atpa\u017einimas<br \/>\n10 000 pir\u0161t\u0173 atspaud\u0173, 20 000 veid\u0173 ir 200 000 \u012fra\u0161\u0173<br \/>\nTCP \/ IP, USB ir WiFI<br \/>\n2 MP kamera su naktine \u0161viesa<br \/>\nSuderinamas su \u201eSmart-PSS\u201c<\/p>","protected":false},"featured_media":14525,"template":"","meta":{"_monsterinsights_skip_tracking":false,"_monsterinsights_sitenote_active":false,"_monsterinsights_sitenote_note":"","_monsterinsights_sitenote_category":0},"product_brand":[],"product_cat":[226,351,404,336],"product_tag":[],"class_list":{"0":"post-18029","1":"product","2":"type-product","3":"status-publish","4":"has-post-thumbnail","6":"product_cat-praejimo-kontrole","7":"product_cat-praejimo-kontrole-a-x-security-praejimo-kontrole","8":"product_cat-praejimo-valdymas","9":"product_cat-x-security-prieigos-kontrole","11":"first","12":"instock","13":"taxable","14":"shipping-taxable","15":"purchasable","16":"product-type-simple"},"yoast_head":"<!-- This site is optimized with the Yoast SEO plugin v27.3 - https:\/\/yoast.com\/product\/yoast-seo-wordpress\/ -->\n<title>Pra\u0117jimo kontrol\u0117 XS-AC4214-MFPFR - Xkodas<\/title>\n<meta name=\"robots\" content=\"index, follow, max-snippet:-1, max-image-preview:large, max-video-preview:-1\" \/>\n<link rel=\"canonical\" href=\"https:\/\/xkodas.com\/en\/shop\/praejimo-kontrole\/praejimo-valdymas\/x-security-prieigos-kontrole\/praejimo-kontrole-xs-ac4214-mfpfr\/\" \/>\n<meta property=\"og:locale\" content=\"en_GB\" \/>\n<meta property=\"og:type\" content=\"article\" \/>\n<meta property=\"og:title\" content=\"Pra\u0117jimo kontrol\u0117 XS-AC4214-MFPFR - Xkodas\" \/>\n<meta property=\"og:description\" content=\"Kontroliuokite saugu pra\u0117jim\u0105 \u012f patalpas su\u00a0 X-Security  Pra\u0117jimo ir lankomumo laiko kontrol\u0117s terminalas Pir\u0161t\u0173 atspaudai ir veido atpa\u017einimas 10 000 pir\u0161t\u0173 atspaud\u0173, 20 000 veid\u0173 ir 200 000 \u012fra\u0161\u0173 TCP \/ IP, USB ir WiFI 2 MP kamera su naktine \u0161viesa Suderinamas su \u201eSmart-PSS\u201c\" \/>\n<meta property=\"og:url\" content=\"https:\/\/xkodas.com\/en\/shop\/praejimo-kontrole\/praejimo-valdymas\/x-security-prieigos-kontrole\/praejimo-kontrole-xs-ac4214-mfpfr\/\" \/>\n<meta property=\"og:site_name\" content=\"Xkodas\" \/>\n<meta property=\"article:publisher\" content=\"https:\/\/www.facebook.com\/xkodas.lt\" \/>\n<meta property=\"article:modified_time\" content=\"2024-06-06T07:12:55+00:00\" \/>\n<meta property=\"og:image\" content=\"https:\/\/xkodas.com\/wp-content\/uploads\/2024\/05\/Nuotolinis-prieigos-valdiklis-XS-AC4214-MFPFR.png\" \/>\n\t<meta property=\"og:image:width\" content=\"500\" \/>\n\t<meta property=\"og:image:height\" content=\"500\" \/>\n\t<meta property=\"og:image:type\" content=\"image\/png\" \/>\n<meta name=\"twitter:card\" content=\"summary_large_image\" \/>\n<script type=\"application\/ld+json\" class=\"yoast-schema-graph\">{\"@context\":\"https:\\\/\\\/schema.org\",\"@graph\":[{\"@type\":\"WebPage\",\"@id\":\"https:\\\/\\\/xkodas.com\\\/en\\\/shop\\\/praejimo-kontrole\\\/praejimo-valdymas\\\/x-security-prieigos-kontrole\\\/praejimo-kontrole-xs-ac4214-mfpfr\\\/\",\"url\":\"https:\\\/\\\/xkodas.com\\\/en\\\/shop\\\/praejimo-kontrole\\\/praejimo-valdymas\\\/x-security-prieigos-kontrole\\\/praejimo-kontrole-xs-ac4214-mfpfr\\\/\",\"name\":\"Pra\u0117jimo kontrol\u0117 XS-AC4214-MFPFR - Xkodas\",\"isPartOf\":{\"@id\":\"https:\\\/\\\/xkodas.com\\\/en\\\/#website\"},\"primaryImageOfPage\":{\"@id\":\"https:\\\/\\\/xkodas.com\\\/en\\\/shop\\\/praejimo-kontrole\\\/praejimo-valdymas\\\/x-security-prieigos-kontrole\\\/praejimo-kontrole-xs-ac4214-mfpfr\\\/#primaryimage\"},\"image\":{\"@id\":\"https:\\\/\\\/xkodas.com\\\/en\\\/shop\\\/praejimo-kontrole\\\/praejimo-valdymas\\\/x-security-prieigos-kontrole\\\/praejimo-kontrole-xs-ac4214-mfpfr\\\/#primaryimage\"},\"thumbnailUrl\":\"https:\\\/\\\/xkodas.com\\\/wp-content\\\/uploads\\\/2024\\\/05\\\/Nuotolinis-prieigos-valdiklis-XS-AC4214-MFPFR.png\",\"datePublished\":\"2024-06-06T07:12:47+00:00\",\"dateModified\":\"2024-06-06T07:12:55+00:00\",\"breadcrumb\":{\"@id\":\"https:\\\/\\\/xkodas.com\\\/en\\\/shop\\\/praejimo-kontrole\\\/praejimo-valdymas\\\/x-security-prieigos-kontrole\\\/praejimo-kontrole-xs-ac4214-mfpfr\\\/#breadcrumb\"},\"inLanguage\":\"en-GB\",\"potentialAction\":[{\"@type\":\"ReadAction\",\"target\":[\"https:\\\/\\\/xkodas.com\\\/en\\\/shop\\\/praejimo-kontrole\\\/praejimo-valdymas\\\/x-security-prieigos-kontrole\\\/praejimo-kontrole-xs-ac4214-mfpfr\\\/\"]}]},{\"@type\":\"ImageObject\",\"inLanguage\":\"en-GB\",\"@id\":\"https:\\\/\\\/xkodas.com\\\/en\\\/shop\\\/praejimo-kontrole\\\/praejimo-valdymas\\\/x-security-prieigos-kontrole\\\/praejimo-kontrole-xs-ac4214-mfpfr\\\/#primaryimage\",\"url\":\"https:\\\/\\\/xkodas.com\\\/wp-content\\\/uploads\\\/2024\\\/05\\\/Nuotolinis-prieigos-valdiklis-XS-AC4214-MFPFR.png\",\"contentUrl\":\"https:\\\/\\\/xkodas.com\\\/wp-content\\\/uploads\\\/2024\\\/05\\\/Nuotolinis-prieigos-valdiklis-XS-AC4214-MFPFR.png\",\"width\":500,\"height\":500},{\"@type\":\"BreadcrumbList\",\"@id\":\"https:\\\/\\\/xkodas.com\\\/en\\\/shop\\\/praejimo-kontrole\\\/praejimo-valdymas\\\/x-security-prieigos-kontrole\\\/praejimo-kontrole-xs-ac4214-mfpfr\\\/#breadcrumb\",\"itemListElement\":[{\"@type\":\"ListItem\",\"position\":1,\"name\":\"Home\",\"item\":\"https:\\\/\\\/xkodas.com\\\/en\\\/ismaniosios-spynos-visu-tipu-raktai-seifai-xkodas\\\/\"},{\"@type\":\"ListItem\",\"position\":2,\"name\":\"Parduotuv\u0117\",\"item\":\"https:\\\/\\\/xkodas.com\\\/parduotuve\\\/\"},{\"@type\":\"ListItem\",\"position\":3,\"name\":\"Pra\u0117jimo kontrol\u0117 XS-AC4214-MFPFR\"}]},{\"@type\":\"WebSite\",\"@id\":\"https:\\\/\\\/xkodas.com\\\/en\\\/#website\",\"url\":\"https:\\\/\\\/xkodas.com\\\/en\\\/\",\"name\":\"Xkodas\",\"description\":\"I\u0161maniosios spynos, rakt\u0173 gamyba, saugos sistemos\",\"publisher\":{\"@id\":\"https:\\\/\\\/xkodas.com\\\/en\\\/#organization\"},\"potentialAction\":[{\"@type\":\"SearchAction\",\"target\":{\"@type\":\"EntryPoint\",\"urlTemplate\":\"https:\\\/\\\/xkodas.com\\\/en\\\/?s={search_term_string}\"},\"query-input\":{\"@type\":\"PropertyValueSpecification\",\"valueRequired\":true,\"valueName\":\"search_term_string\"}}],\"inLanguage\":\"en-GB\"},{\"@type\":\"Organization\",\"@id\":\"https:\\\/\\\/xkodas.com\\\/en\\\/#organization\",\"name\":\"Xkodas\",\"url\":\"https:\\\/\\\/xkodas.com\\\/en\\\/\",\"logo\":{\"@type\":\"ImageObject\",\"inLanguage\":\"en-GB\",\"@id\":\"https:\\\/\\\/xkodas.com\\\/en\\\/#\\\/schema\\\/logo\\\/image\\\/\",\"url\":\"http:\\\/\\\/xkodas.com\\\/wp-content\\\/uploads\\\/2020\\\/02\\\/Xkodas_logo_baltas_500x500-2.jpg\",\"contentUrl\":\"http:\\\/\\\/xkodas.com\\\/wp-content\\\/uploads\\\/2020\\\/02\\\/Xkodas_logo_baltas_500x500-2.jpg\",\"width\":100,\"height\":100,\"caption\":\"Xkodas\"},\"image\":{\"@id\":\"https:\\\/\\\/xkodas.com\\\/en\\\/#\\\/schema\\\/logo\\\/image\\\/\"},\"sameAs\":[\"https:\\\/\\\/www.facebook.com\\\/xkodas.lt\"]}]}<\/script>\n<!-- \/ Yoast SEO plugin. -->","yoast_head_json":{"title":"Pra\u0117jimo kontrol\u0117 XS-AC4214-MFPFR - Xkodas","robots":{"index":"index","follow":"follow","max-snippet":"max-snippet:-1","max-image-preview":"max-image-preview:large","max-video-preview":"max-video-preview:-1"},"canonical":"https:\/\/xkodas.com\/en\/shop\/praejimo-kontrole\/praejimo-valdymas\/x-security-prieigos-kontrole\/praejimo-kontrole-xs-ac4214-mfpfr\/","og_locale":"en_GB","og_type":"article","og_title":"Pra\u0117jimo kontrol\u0117 XS-AC4214-MFPFR - Xkodas","og_description":"Kontroliuokite saugu pra\u0117jim\u0105 \u012f patalpas su\u00a0 X-Security  Pra\u0117jimo ir lankomumo laiko kontrol\u0117s terminalas Pir\u0161t\u0173 atspaudai ir veido atpa\u017einimas 10 000 pir\u0161t\u0173 atspaud\u0173, 20 000 veid\u0173 ir 200 000 \u012fra\u0161\u0173 TCP \/ IP, USB ir WiFI 2 MP kamera su naktine \u0161viesa Suderinamas su \u201eSmart-PSS\u201c","og_url":"https:\/\/xkodas.com\/en\/shop\/praejimo-kontrole\/praejimo-valdymas\/x-security-prieigos-kontrole\/praejimo-kontrole-xs-ac4214-mfpfr\/","og_site_name":"Xkodas","article_publisher":"https:\/\/www.facebook.com\/xkodas.lt","article_modified_time":"2024-06-06T07:12:55+00:00","og_image":[{"width":500,"height":500,"url":"https:\/\/xkodas.com\/wp-content\/uploads\/2024\/05\/Nuotolinis-prieigos-valdiklis-XS-AC4214-MFPFR.png","type":"image\/png"}],"twitter_card":"summary_large_image","schema":{"@context":"https:\/\/schema.org","@graph":[{"@type":"WebPage","@id":"https:\/\/xkodas.com\/en\/shop\/praejimo-kontrole\/praejimo-valdymas\/x-security-prieigos-kontrole\/praejimo-kontrole-xs-ac4214-mfpfr\/","url":"https:\/\/xkodas.com\/en\/shop\/praejimo-kontrole\/praejimo-valdymas\/x-security-prieigos-kontrole\/praejimo-kontrole-xs-ac4214-mfpfr\/","name":"Pra\u0117jimo kontrol\u0117 XS-AC4214-MFPFR - Xkodas","isPartOf":{"@id":"https:\/\/xkodas.com\/en\/#website"},"primaryImageOfPage":{"@id":"https:\/\/xkodas.com\/en\/shop\/praejimo-kontrole\/praejimo-valdymas\/x-security-prieigos-kontrole\/praejimo-kontrole-xs-ac4214-mfpfr\/#primaryimage"},"image":{"@id":"https:\/\/xkodas.com\/en\/shop\/praejimo-kontrole\/praejimo-valdymas\/x-security-prieigos-kontrole\/praejimo-kontrole-xs-ac4214-mfpfr\/#primaryimage"},"thumbnailUrl":"https:\/\/xkodas.com\/wp-content\/uploads\/2024\/05\/Nuotolinis-prieigos-valdiklis-XS-AC4214-MFPFR.png","datePublished":"2024-06-06T07:12:47+00:00","dateModified":"2024-06-06T07:12:55+00:00","breadcrumb":{"@id":"https:\/\/xkodas.com\/en\/shop\/praejimo-kontrole\/praejimo-valdymas\/x-security-prieigos-kontrole\/praejimo-kontrole-xs-ac4214-mfpfr\/#breadcrumb"},"inLanguage":"en-GB","potentialAction":[{"@type":"ReadAction","target":["https:\/\/xkodas.com\/en\/shop\/praejimo-kontrole\/praejimo-valdymas\/x-security-prieigos-kontrole\/praejimo-kontrole-xs-ac4214-mfpfr\/"]}]},{"@type":"ImageObject","inLanguage":"en-GB","@id":"https:\/\/xkodas.com\/en\/shop\/praejimo-kontrole\/praejimo-valdymas\/x-security-prieigos-kontrole\/praejimo-kontrole-xs-ac4214-mfpfr\/#primaryimage","url":"https:\/\/xkodas.com\/wp-content\/uploads\/2024\/05\/Nuotolinis-prieigos-valdiklis-XS-AC4214-MFPFR.png","contentUrl":"https:\/\/xkodas.com\/wp-content\/uploads\/2024\/05\/Nuotolinis-prieigos-valdiklis-XS-AC4214-MFPFR.png","width":500,"height":500},{"@type":"BreadcrumbList","@id":"https:\/\/xkodas.com\/en\/shop\/praejimo-kontrole\/praejimo-valdymas\/x-security-prieigos-kontrole\/praejimo-kontrole-xs-ac4214-mfpfr\/#breadcrumb","itemListElement":[{"@type":"ListItem","position":1,"name":"Home","item":"https:\/\/xkodas.com\/en\/ismaniosios-spynos-visu-tipu-raktai-seifai-xkodas\/"},{"@type":"ListItem","position":2,"name":"Parduotuv\u0117","item":"https:\/\/xkodas.com\/parduotuve\/"},{"@type":"ListItem","position":3,"name":"Pra\u0117jimo kontrol\u0117 XS-AC4214-MFPFR"}]},{"@type":"WebSite","@id":"https:\/\/xkodas.com\/en\/#website","url":"https:\/\/xkodas.com\/en\/","name":"Xkodas","description":"I\u0161maniosios spynos, rakt\u0173 gamyba, saugos sistemos","publisher":{"@id":"https:\/\/xkodas.com\/en\/#organization"},"potentialAction":[{"@type":"SearchAction","target":{"@type":"EntryPoint","urlTemplate":"https:\/\/xkodas.com\/en\/?s={search_term_string}"},"query-input":{"@type":"PropertyValueSpecification","valueRequired":true,"valueName":"search_term_string"}}],"inLanguage":"en-GB"},{"@type":"Organization","@id":"https:\/\/xkodas.com\/en\/#organization","name":"Xkodas","url":"https:\/\/xkodas.com\/en\/","logo":{"@type":"ImageObject","inLanguage":"en-GB","@id":"https:\/\/xkodas.com\/en\/#\/schema\/logo\/image\/","url":"http:\/\/xkodas.com\/wp-content\/uploads\/2020\/02\/Xkodas_logo_baltas_500x500-2.jpg","contentUrl":"http:\/\/xkodas.com\/wp-content\/uploads\/2020\/02\/Xkodas_logo_baltas_500x500-2.jpg","width":100,"height":100,"caption":"Xkodas"},"image":{"@id":"https:\/\/xkodas.com\/en\/#\/schema\/logo\/image\/"},"sameAs":["https:\/\/www.facebook.com\/xkodas.lt"]}]}},"_links":{"self":[{"href":"https:\/\/xkodas.com\/en\/wp-json\/wp\/v2\/product\/18029","targetHints":{"allow":["GET"]}}],"collection":[{"href":"https:\/\/xkodas.com\/en\/wp-json\/wp\/v2\/product"}],"about":[{"href":"https:\/\/xkodas.com\/en\/wp-json\/wp\/v2\/types\/product"}],"wp:featuredmedia":[{"embeddable":true,"href":"https:\/\/xkodas.com\/en\/wp-json\/wp\/v2\/media\/14525"}],"wp:attachment":[{"href":"https:\/\/xkodas.com\/en\/wp-json\/wp\/v2\/media?parent=18029"}],"wp:term":[{"taxonomy":"product_brand","embeddable":true,"href":"https:\/\/xkodas.com\/en\/wp-json\/wp\/v2\/product_brand?post=18029"},{"taxonomy":"product_cat","embeddable":true,"href":"https:\/\/xkodas.com\/en\/wp-json\/wp\/v2\/product_cat?post=18029"},{"taxonomy":"product_tag","embeddable":true,"href":"https:\/\/xkodas.com\/en\/wp-json\/wp\/v2\/product_tag?post=18029"}],"curies":[{"name":"wp","href":"https:\/\/api.w.org\/{rel}","templated":true}]}}