{"id":17963,"date":"2024-06-06T07:11:38","date_gmt":"2024-06-06T07:11:38","guid":{"rendered":"http:\/\/xkodas.com\/?post_type=product&#038;p=17963"},"modified":"2024-06-06T07:11:53","modified_gmt":"2024-06-06T07:11:53","slug":"praejimo-kontrole-sf-ac3003kmfd-ip","status":"publish","type":"product","link":"https:\/\/xkodas.com\/en\/shop\/praejimo-kontrole\/praejimo-valdymas\/safire-prieigos-valdymas\/praejimo-kontrole-sf-ac3003kmfd-ip\/","title":{"rendered":"Pra\u0117jimo kontrol\u0117 SF-AC3003KMFD-IP"},"content":{"rendered":"<p>Kontroliuokite namu pa\u0117jima\u00a0 su Safire valdikliais.<\/p>\n<p>Pra\u0117jimo ir lankomumo kontrol\u0117<br \/>\nPir\u0161to atspaudas, Mifare kortel\u0117 ir PIN kodas<br \/>\n3.000 \u012fra\u0161\u0173 \/ 10.000 \u012fra\u0161\u0173<br \/>\nTCP \/ IP, USB, laiko ir lankomumo re\u017eimai<br \/>\nIntegruotas valdiklis (rel\u0117 ir d\u016br\u0173 skambutis)<br \/>\nProgramin\u0117 \u012franga \u201eSafire Control Center AC\u201c<\/p>","protected":false},"excerpt":{"rendered":"<p>Kontroliuokite saugu pra\u0117jim\u0105 \u012f patalpas su Safire.<\/p>\n<p>Autonominis biometrinis pra\u0117jimo skaitytuvas, laiko ir lankomumo kontrolei<br \/>\nIdentifikavimas naudojant Mifare kortel\u0119, pir\u0161to atspaud\u0105, slapta\u017eod\u012f arba kombinacijas<br \/>\nKlaviat\u016bra ir 2,4 TFT spalvotas ekranas<br \/>\nTalpa 1 000 pir\u0161to antspaud\u0173 ir 100 000 \u012fra\u0161\u0173<br \/>\nTCP \/ IP ry\u0161ys ir USB<br \/>\nIntegruotas valdiklis (dur\u0173 jutiklis, mygtukas, skambutis ir rel\u0117)<br \/>\nSuderinamas su \u201eSafire Control Center\/AC\u201c programine \u012franga<\/p>","protected":false},"featured_media":14398,"template":"","meta":{"_monsterinsights_skip_tracking":false,"_monsterinsights_sitenote_active":false,"_monsterinsights_sitenote_note":"","_monsterinsights_sitenote_category":0},"product_brand":[],"product_cat":[403,226,341,404,322,323,362],"product_tag":[],"class_list":{"0":"post-17963","1":"product","2":"type-product","3":"status-publish","4":"has-post-thumbnail","6":"product_cat-laiko-ir-lankomumo-valdymas","7":"product_cat-praejimo-kontrole","8":"product_cat-praejimo-kontrole-praejimo-valdymas","9":"product_cat-praejimo-valdymas","10":"product_cat-safire-laiko-ir-lankomumo-kontrole","11":"product_cat-safire-prieigos-valdymas","12":"product_cat-terminalai","14":"first","15":"instock","16":"taxable","17":"shipping-taxable","18":"purchasable","19":"product-type-simple"},"yoast_head":"<!-- This site is optimized with the Yoast SEO plugin v27.5 - https:\/\/yoast.com\/product\/yoast-seo-wordpress\/ -->\n<title>Pra\u0117jimo kontrol\u0117 SF-AC3003KMFD-IP - Xkodas<\/title>\n<meta name=\"robots\" content=\"index, follow, max-snippet:-1, max-image-preview:large, max-video-preview:-1\" \/>\n<link rel=\"canonical\" href=\"https:\/\/xkodas.com\/en\/shop\/praejimo-kontrole\/praejimo-valdymas\/safire-prieigos-valdymas\/praejimo-kontrole-sf-ac3003kmfd-ip\/\" \/>\n<meta property=\"og:locale\" content=\"en_GB\" \/>\n<meta property=\"og:type\" content=\"article\" \/>\n<meta property=\"og:title\" content=\"Pra\u0117jimo kontrol\u0117 SF-AC3003KMFD-IP - Xkodas\" \/>\n<meta property=\"og:description\" content=\"Kontroliuokite saugu pra\u0117jim\u0105 \u012f patalpas su Safire.  Autonominis biometrinis pra\u0117jimo skaitytuvas, laiko ir lankomumo kontrolei Identifikavimas naudojant Mifare kortel\u0119, pir\u0161to atspaud\u0105, slapta\u017eod\u012f arba kombinacijas Klaviat\u016bra ir 2,4 TFT spalvotas ekranas Talpa 1 000 pir\u0161to antspaud\u0173 ir 100 000 \u012fra\u0161\u0173 TCP \/ IP ry\u0161ys ir USB Integruotas valdiklis (dur\u0173 jutiklis, mygtukas, skambutis ir rel\u0117) Suderinamas su \u201eSafire Control Center\/AC\u201c programine \u012franga\" \/>\n<meta property=\"og:url\" content=\"https:\/\/xkodas.com\/en\/shop\/praejimo-kontrole\/praejimo-valdymas\/safire-prieigos-valdymas\/praejimo-kontrole-sf-ac3003kmfd-ip\/\" \/>\n<meta property=\"og:site_name\" content=\"Xkodas\" \/>\n<meta property=\"article:publisher\" content=\"https:\/\/www.facebook.com\/xkodas.lt\" \/>\n<meta property=\"article:modified_time\" content=\"2024-06-06T07:11:53+00:00\" \/>\n<meta property=\"og:image\" content=\"https:\/\/xkodas.com\/wp-content\/uploads\/2024\/05\/Nuotolinis-prieigos-valdiklis-SF-AC3003KMFD-IP.png\" \/>\n\t<meta property=\"og:image:width\" content=\"500\" \/>\n\t<meta property=\"og:image:height\" content=\"500\" \/>\n\t<meta property=\"og:image:type\" content=\"image\/png\" \/>\n<meta name=\"twitter:card\" content=\"summary_large_image\" \/>\n<script type=\"application\/ld+json\" class=\"yoast-schema-graph\">{\"@context\":\"https:\\\/\\\/schema.org\",\"@graph\":[{\"@type\":\"WebPage\",\"@id\":\"https:\\\/\\\/xkodas.com\\\/en\\\/shop\\\/praejimo-kontrole\\\/praejimo-valdymas\\\/safire-prieigos-valdymas\\\/praejimo-kontrole-sf-ac3003kmfd-ip\\\/\",\"url\":\"https:\\\/\\\/xkodas.com\\\/en\\\/shop\\\/praejimo-kontrole\\\/praejimo-valdymas\\\/safire-prieigos-valdymas\\\/praejimo-kontrole-sf-ac3003kmfd-ip\\\/\",\"name\":\"Pra\u0117jimo kontrol\u0117 SF-AC3003KMFD-IP - Xkodas\",\"isPartOf\":{\"@id\":\"https:\\\/\\\/xkodas.com\\\/en\\\/#website\"},\"primaryImageOfPage\":{\"@id\":\"https:\\\/\\\/xkodas.com\\\/en\\\/shop\\\/praejimo-kontrole\\\/praejimo-valdymas\\\/safire-prieigos-valdymas\\\/praejimo-kontrole-sf-ac3003kmfd-ip\\\/#primaryimage\"},\"image\":{\"@id\":\"https:\\\/\\\/xkodas.com\\\/en\\\/shop\\\/praejimo-kontrole\\\/praejimo-valdymas\\\/safire-prieigos-valdymas\\\/praejimo-kontrole-sf-ac3003kmfd-ip\\\/#primaryimage\"},\"thumbnailUrl\":\"https:\\\/\\\/xkodas.com\\\/wp-content\\\/uploads\\\/2024\\\/05\\\/Nuotolinis-prieigos-valdiklis-SF-AC3003KMFD-IP.png\",\"datePublished\":\"2024-06-06T07:11:38+00:00\",\"dateModified\":\"2024-06-06T07:11:53+00:00\",\"breadcrumb\":{\"@id\":\"https:\\\/\\\/xkodas.com\\\/en\\\/shop\\\/praejimo-kontrole\\\/praejimo-valdymas\\\/safire-prieigos-valdymas\\\/praejimo-kontrole-sf-ac3003kmfd-ip\\\/#breadcrumb\"},\"inLanguage\":\"en-GB\",\"potentialAction\":[{\"@type\":\"ReadAction\",\"target\":[\"https:\\\/\\\/xkodas.com\\\/en\\\/shop\\\/praejimo-kontrole\\\/praejimo-valdymas\\\/safire-prieigos-valdymas\\\/praejimo-kontrole-sf-ac3003kmfd-ip\\\/\"]}]},{\"@type\":\"ImageObject\",\"inLanguage\":\"en-GB\",\"@id\":\"https:\\\/\\\/xkodas.com\\\/en\\\/shop\\\/praejimo-kontrole\\\/praejimo-valdymas\\\/safire-prieigos-valdymas\\\/praejimo-kontrole-sf-ac3003kmfd-ip\\\/#primaryimage\",\"url\":\"https:\\\/\\\/xkodas.com\\\/wp-content\\\/uploads\\\/2024\\\/05\\\/Nuotolinis-prieigos-valdiklis-SF-AC3003KMFD-IP.png\",\"contentUrl\":\"https:\\\/\\\/xkodas.com\\\/wp-content\\\/uploads\\\/2024\\\/05\\\/Nuotolinis-prieigos-valdiklis-SF-AC3003KMFD-IP.png\",\"width\":500,\"height\":500},{\"@type\":\"BreadcrumbList\",\"@id\":\"https:\\\/\\\/xkodas.com\\\/en\\\/shop\\\/praejimo-kontrole\\\/praejimo-valdymas\\\/safire-prieigos-valdymas\\\/praejimo-kontrole-sf-ac3003kmfd-ip\\\/#breadcrumb\",\"itemListElement\":[{\"@type\":\"ListItem\",\"position\":1,\"name\":\"Home\",\"item\":\"https:\\\/\\\/xkodas.com\\\/en\\\/ismaniosios-spynos-visu-tipu-raktai-seifai-xkodas\\\/\"},{\"@type\":\"ListItem\",\"position\":2,\"name\":\"Parduotuv\u0117\",\"item\":\"https:\\\/\\\/xkodas.com\\\/parduotuve\\\/\"},{\"@type\":\"ListItem\",\"position\":3,\"name\":\"Pra\u0117jimo kontrol\u0117 SF-AC3003KMFD-IP\"}]},{\"@type\":\"WebSite\",\"@id\":\"https:\\\/\\\/xkodas.com\\\/en\\\/#website\",\"url\":\"https:\\\/\\\/xkodas.com\\\/en\\\/\",\"name\":\"Xkodas\",\"description\":\"I\u0161maniosios spynos, rakt\u0173 gamyba, saugos sistemos\",\"publisher\":{\"@id\":\"https:\\\/\\\/xkodas.com\\\/en\\\/#organization\"},\"potentialAction\":[{\"@type\":\"SearchAction\",\"target\":{\"@type\":\"EntryPoint\",\"urlTemplate\":\"https:\\\/\\\/xkodas.com\\\/en\\\/?s={search_term_string}\"},\"query-input\":{\"@type\":\"PropertyValueSpecification\",\"valueRequired\":true,\"valueName\":\"search_term_string\"}}],\"inLanguage\":\"en-GB\"},{\"@type\":\"Organization\",\"@id\":\"https:\\\/\\\/xkodas.com\\\/en\\\/#organization\",\"name\":\"Xkodas\",\"url\":\"https:\\\/\\\/xkodas.com\\\/en\\\/\",\"logo\":{\"@type\":\"ImageObject\",\"inLanguage\":\"en-GB\",\"@id\":\"https:\\\/\\\/xkodas.com\\\/en\\\/#\\\/schema\\\/logo\\\/image\\\/\",\"url\":\"http:\\\/\\\/xkodas.com\\\/wp-content\\\/uploads\\\/2020\\\/02\\\/Xkodas_logo_baltas_500x500-2.jpg\",\"contentUrl\":\"http:\\\/\\\/xkodas.com\\\/wp-content\\\/uploads\\\/2020\\\/02\\\/Xkodas_logo_baltas_500x500-2.jpg\",\"width\":100,\"height\":100,\"caption\":\"Xkodas\"},\"image\":{\"@id\":\"https:\\\/\\\/xkodas.com\\\/en\\\/#\\\/schema\\\/logo\\\/image\\\/\"},\"sameAs\":[\"https:\\\/\\\/www.facebook.com\\\/xkodas.lt\"]}]}<\/script>\n<!-- \/ Yoast SEO plugin. -->","yoast_head_json":{"title":"Pra\u0117jimo kontrol\u0117 SF-AC3003KMFD-IP - Xkodas","robots":{"index":"index","follow":"follow","max-snippet":"max-snippet:-1","max-image-preview":"max-image-preview:large","max-video-preview":"max-video-preview:-1"},"canonical":"https:\/\/xkodas.com\/en\/shop\/praejimo-kontrole\/praejimo-valdymas\/safire-prieigos-valdymas\/praejimo-kontrole-sf-ac3003kmfd-ip\/","og_locale":"en_GB","og_type":"article","og_title":"Pra\u0117jimo kontrol\u0117 SF-AC3003KMFD-IP - Xkodas","og_description":"Kontroliuokite saugu pra\u0117jim\u0105 \u012f patalpas su Safire.  Autonominis biometrinis pra\u0117jimo skaitytuvas, laiko ir lankomumo kontrolei Identifikavimas naudojant Mifare kortel\u0119, pir\u0161to atspaud\u0105, slapta\u017eod\u012f arba kombinacijas Klaviat\u016bra ir 2,4 TFT spalvotas ekranas Talpa 1 000 pir\u0161to antspaud\u0173 ir 100 000 \u012fra\u0161\u0173 TCP \/ IP ry\u0161ys ir USB Integruotas valdiklis (dur\u0173 jutiklis, mygtukas, skambutis ir rel\u0117) Suderinamas su \u201eSafire Control Center\/AC\u201c programine \u012franga","og_url":"https:\/\/xkodas.com\/en\/shop\/praejimo-kontrole\/praejimo-valdymas\/safire-prieigos-valdymas\/praejimo-kontrole-sf-ac3003kmfd-ip\/","og_site_name":"Xkodas","article_publisher":"https:\/\/www.facebook.com\/xkodas.lt","article_modified_time":"2024-06-06T07:11:53+00:00","og_image":[{"width":500,"height":500,"url":"https:\/\/xkodas.com\/wp-content\/uploads\/2024\/05\/Nuotolinis-prieigos-valdiklis-SF-AC3003KMFD-IP.png","type":"image\/png"}],"twitter_card":"summary_large_image","schema":{"@context":"https:\/\/schema.org","@graph":[{"@type":"WebPage","@id":"https:\/\/xkodas.com\/en\/shop\/praejimo-kontrole\/praejimo-valdymas\/safire-prieigos-valdymas\/praejimo-kontrole-sf-ac3003kmfd-ip\/","url":"https:\/\/xkodas.com\/en\/shop\/praejimo-kontrole\/praejimo-valdymas\/safire-prieigos-valdymas\/praejimo-kontrole-sf-ac3003kmfd-ip\/","name":"Pra\u0117jimo kontrol\u0117 SF-AC3003KMFD-IP - Xkodas","isPartOf":{"@id":"https:\/\/xkodas.com\/en\/#website"},"primaryImageOfPage":{"@id":"https:\/\/xkodas.com\/en\/shop\/praejimo-kontrole\/praejimo-valdymas\/safire-prieigos-valdymas\/praejimo-kontrole-sf-ac3003kmfd-ip\/#primaryimage"},"image":{"@id":"https:\/\/xkodas.com\/en\/shop\/praejimo-kontrole\/praejimo-valdymas\/safire-prieigos-valdymas\/praejimo-kontrole-sf-ac3003kmfd-ip\/#primaryimage"},"thumbnailUrl":"https:\/\/xkodas.com\/wp-content\/uploads\/2024\/05\/Nuotolinis-prieigos-valdiklis-SF-AC3003KMFD-IP.png","datePublished":"2024-06-06T07:11:38+00:00","dateModified":"2024-06-06T07:11:53+00:00","breadcrumb":{"@id":"https:\/\/xkodas.com\/en\/shop\/praejimo-kontrole\/praejimo-valdymas\/safire-prieigos-valdymas\/praejimo-kontrole-sf-ac3003kmfd-ip\/#breadcrumb"},"inLanguage":"en-GB","potentialAction":[{"@type":"ReadAction","target":["https:\/\/xkodas.com\/en\/shop\/praejimo-kontrole\/praejimo-valdymas\/safire-prieigos-valdymas\/praejimo-kontrole-sf-ac3003kmfd-ip\/"]}]},{"@type":"ImageObject","inLanguage":"en-GB","@id":"https:\/\/xkodas.com\/en\/shop\/praejimo-kontrole\/praejimo-valdymas\/safire-prieigos-valdymas\/praejimo-kontrole-sf-ac3003kmfd-ip\/#primaryimage","url":"https:\/\/xkodas.com\/wp-content\/uploads\/2024\/05\/Nuotolinis-prieigos-valdiklis-SF-AC3003KMFD-IP.png","contentUrl":"https:\/\/xkodas.com\/wp-content\/uploads\/2024\/05\/Nuotolinis-prieigos-valdiklis-SF-AC3003KMFD-IP.png","width":500,"height":500},{"@type":"BreadcrumbList","@id":"https:\/\/xkodas.com\/en\/shop\/praejimo-kontrole\/praejimo-valdymas\/safire-prieigos-valdymas\/praejimo-kontrole-sf-ac3003kmfd-ip\/#breadcrumb","itemListElement":[{"@type":"ListItem","position":1,"name":"Home","item":"https:\/\/xkodas.com\/en\/ismaniosios-spynos-visu-tipu-raktai-seifai-xkodas\/"},{"@type":"ListItem","position":2,"name":"Parduotuv\u0117","item":"https:\/\/xkodas.com\/parduotuve\/"},{"@type":"ListItem","position":3,"name":"Pra\u0117jimo kontrol\u0117 SF-AC3003KMFD-IP"}]},{"@type":"WebSite","@id":"https:\/\/xkodas.com\/en\/#website","url":"https:\/\/xkodas.com\/en\/","name":"Xkodas","description":"I\u0161maniosios spynos, rakt\u0173 gamyba, saugos sistemos","publisher":{"@id":"https:\/\/xkodas.com\/en\/#organization"},"potentialAction":[{"@type":"SearchAction","target":{"@type":"EntryPoint","urlTemplate":"https:\/\/xkodas.com\/en\/?s={search_term_string}"},"query-input":{"@type":"PropertyValueSpecification","valueRequired":true,"valueName":"search_term_string"}}],"inLanguage":"en-GB"},{"@type":"Organization","@id":"https:\/\/xkodas.com\/en\/#organization","name":"Xkodas","url":"https:\/\/xkodas.com\/en\/","logo":{"@type":"ImageObject","inLanguage":"en-GB","@id":"https:\/\/xkodas.com\/en\/#\/schema\/logo\/image\/","url":"http:\/\/xkodas.com\/wp-content\/uploads\/2020\/02\/Xkodas_logo_baltas_500x500-2.jpg","contentUrl":"http:\/\/xkodas.com\/wp-content\/uploads\/2020\/02\/Xkodas_logo_baltas_500x500-2.jpg","width":100,"height":100,"caption":"Xkodas"},"image":{"@id":"https:\/\/xkodas.com\/en\/#\/schema\/logo\/image\/"},"sameAs":["https:\/\/www.facebook.com\/xkodas.lt"]}]}},"_links":{"self":[{"href":"https:\/\/xkodas.com\/en\/wp-json\/wp\/v2\/product\/17963","targetHints":{"allow":["GET"]}}],"collection":[{"href":"https:\/\/xkodas.com\/en\/wp-json\/wp\/v2\/product"}],"about":[{"href":"https:\/\/xkodas.com\/en\/wp-json\/wp\/v2\/types\/product"}],"wp:featuredmedia":[{"embeddable":true,"href":"https:\/\/xkodas.com\/en\/wp-json\/wp\/v2\/media\/14398"}],"wp:attachment":[{"href":"https:\/\/xkodas.com\/en\/wp-json\/wp\/v2\/media?parent=17963"}],"wp:term":[{"taxonomy":"product_brand","embeddable":true,"href":"https:\/\/xkodas.com\/en\/wp-json\/wp\/v2\/product_brand?post=17963"},{"taxonomy":"product_cat","embeddable":true,"href":"https:\/\/xkodas.com\/en\/wp-json\/wp\/v2\/product_cat?post=17963"},{"taxonomy":"product_tag","embeddable":true,"href":"https:\/\/xkodas.com\/en\/wp-json\/wp\/v2\/product_tag?post=17963"}],"curies":[{"name":"wp","href":"https:\/\/api.w.org\/{rel}","templated":true}]}}