{"id":17858,"date":"2024-06-06T07:10:45","date_gmt":"2024-06-06T07:10:45","guid":{"rendered":"http:\/\/xkodas.com\/?post_type=product&#038;p=17858"},"modified":"2024-06-06T07:10:52","modified_gmt":"2024-06-06T07:10:52","slug":"stumdomu-vartu-automatine-sistema-deimos-ac-a600-mag","status":"publish","type":"product","link":"https:\/\/xkodas.com\/en\/shop\/vartu-automatika-ir-furnitura\/stumdomu-vartu-automatine-sistema-deimos-ac-a600-mag\/","title":{"rendered":"Stumdom\u0173 vart\u0173 automatin\u0117 sistema DEIMOS AC A600 MAG"},"content":{"rendered":"<p>Itin patogiai valdoma mobiliuoju telefonu ir patikima stumdom\u0173 vart\u0173 automatin\u0117 sistema DEIMOS AC A600 MAG. Elektromechanin\u0117 pavara su valdymo bloku ir dviej\u0173 kanal\u0173 kintamo kodo imtuvu, skirta iki 600 kg svorio slankiojantiems kiemo vartams. Maitinimo \u012ftampa 230 V , variklio galia 70 W. Automatika komplektuojama su \u201eSmart Home\u201c \u012frenginiu, kuris lengvai prijungiamas \u012f automatikos valdym\u0105. Naudodami nemokam\u0105 mobili\u0105j\u0105 \u201eSmart Home\u201c program\u0117l\u0119 savo i\u0161maniajame telefone gal\u0117site valdyti savo vartus nuotoliniu b\u016bdu i\u0161 bet kurios vietos.<\/p>\n<p><strong>Garantija 24 m\u0117n.<\/strong><\/p>\n<p><strong>Komplekt\u0105 sudaro:<\/strong><\/p>\n<p>1. Fotoelementai THEA 2vnt.<br \/>\n2. LED \u0161vytur\u0117liai integruoti \u012f foto elementus.<br \/>\n3. Elektromechanin\u0117 pavara su valdymo bloku.<br \/>\n4. Pultelis, kintamo kodo, dviej\u0173 kanal\u0173 2 vnt.<br \/>\n5. Vart\u0173 Wi-Fi valdiklis \u201eSmart Home\u201c valdymui telefonu.<\/p>\n<p><strong>Stumdom\u0173 vart\u0173 automatin\u0117 sistema ir jos privalumai:<\/strong><\/p>\n<p>\u2022 Nam\u0173 prietais\u0173 ir sistem\u0173 valdymas nuotoliniu b\u016bdu i\u0161 bet kur ir bet kada.<br \/>\n\u2022 Prietaisai ir \u012frenginiai veikiantys belaid\u0117mis Wi-Fi, Z-Wave, Bluetooth technologijomis.<br \/>\n\u2022 Keleto prietais\u0173 valdymas ir automatizavimas vienu mygtuku.<br \/>\n\u2022 Sistemos ir prietaisai valdomi balso asistent\u0173 \u201eAmazon Alexa\u201c ir \u201eGoogle Home\u201c pagalba.<br \/>\n\u2022 \u012erengini\u0173 automatizavimas pagal taisykles (temperat\u016bra, viet\u0105, laik\u0105, \u012frengini\u0173 b\u016bsenas ir pan.)<br \/>\n\u2022 Paprastas ir lengvas \u012frengini\u0173 prieigos suteikimas \u0161eimos nariams, klientams.<br \/>\n\u2022 Realiu laiku gaunami prane\u0161imai apie \u012fvykius, maksimaliam saugumui u\u017etikrinti.<br \/>\n\u2022 Paprastas ir greitas \u012frengini\u0173 konfig\u016bravimas ir valdymas i\u0161maniuoju telefonu.<\/p>\n<p><strong>I\u0161manioji vart\u0173 automatika<\/strong><\/p>\n<p>Vart\u0173 automatika komplektuojama su \u201eSmart Home\u201c \u012frenginiu, kuris lengvai prijungiamas \u012f automatikos valdym\u0105. I\u0161manusis Wi-Fi valdiklis turi du magnetus vart\u0173 pad\u0117\u010diai nustatyti. Naudodamiesi nemokama mobili\u0105ja \u201eSmart Home\u201c program\u0117le, savo i\u0161maniajame telefone gal\u0117site valdyti savo vartus nuotoliniu b\u016bdu i\u0161 bet kurios vietos. Taip pat program\u0117l\u0117je \u201eSmart Home\u201c matysite savo vart\u0173 b\u016bsena (u\u017edaryti-atidaryti), atidarym\u0173 istorij\u0105 ir visada gausite prane\u0161imus apie vart\u0173 atidarym\u0105 (yra galimyb\u0117 nustatyti laik\u0105, kada prane\u0161imai b\u016bt\u0173 siun\u010diami, o kada ne). Prireikus galite nusi\u0173sti el. pa\u0161tu ar SMS prieig\u0105 kitam vartotojui, kuriam b\u016bt\u0173 suteiktos teis\u0117s atidarin\u0117ti vartus, o prireikus ir panaikinti leidim\u0105. Vartotoj\u0173 skai\u010dius yra neribotas. Nereikia papildomai pirkti valdymo pulteli\u0173 naujiems vartotojams arba pametus. Savo \u201eSmart Home\u201c program\u0117l\u0117je prireikus galite prijungti ir valdyti neribot\u0105 kiek\u012f prietais\u0173. Tai gali b\u016bti kiemo ar gara\u017eo vartai, varteliai, domofonai, vaizdo steb\u0117jimo kameros, signalizacijos davikliai, \u0161ildymo, \u0161aldymo, v\u0117dinimo, \u017ealiuzi\u0173, ap\u0161vietimo valdikliai ir t.t. Prietaisai gali b\u016bti skirtingose pasaulio vietose.<\/p>","protected":false},"excerpt":{"rendered":"<p>Stumdom\u0173 vart\u0173 automatin\u0117 sistema DEIMOS AC A600 MAG. Veikia iki 600 kg., o patogus ir saugus valdymas valdymas mobiliuoju telefonu bei telefonu Wi-Fi ry\u0161iu.<\/p>","protected":false},"featured_media":14113,"template":"","meta":{"_monsterinsights_skip_tracking":false,"_monsterinsights_sitenote_active":false,"_monsterinsights_sitenote_note":"","_monsterinsights_sitenote_category":0},"product_brand":[],"product_cat":[236],"product_tag":[255,254,256],"class_list":{"0":"post-17858","1":"product","2":"type-product","3":"status-publish","4":"has-post-thumbnail","6":"product_cat-vartu-automatika-ir-furnitura","7":"product_tag-automatiniai-vartai","8":"product_tag-kiemo-vartai","9":"product_tag-vartu-sistemos","11":"first","12":"instock","13":"taxable","14":"shipping-taxable","15":"purchasable","16":"product-type-simple"},"yoast_head":"<!-- This site is optimized with the Yoast SEO plugin v27.3 - https:\/\/yoast.com\/product\/yoast-seo-wordpress\/ -->\n<title>Stumdom\u0173 vart\u0173 automatin\u0117 sistema DEIMOS AC A600 MAG - Xkodas<\/title>\n<meta name=\"robots\" content=\"index, follow, max-snippet:-1, max-image-preview:large, max-video-preview:-1\" \/>\n<link rel=\"canonical\" href=\"https:\/\/xkodas.com\/en\/shop\/vartu-automatika-ir-furnitura\/stumdomu-vartu-automatine-sistema-deimos-ac-a600-mag\/\" \/>\n<meta property=\"og:locale\" content=\"en_GB\" \/>\n<meta property=\"og:type\" content=\"article\" \/>\n<meta property=\"og:title\" content=\"Stumdom\u0173 vart\u0173 automatin\u0117 sistema DEIMOS AC A600 MAG - Xkodas\" \/>\n<meta property=\"og:description\" content=\"Stumdom\u0173 vart\u0173 automatin\u0117 sistema DEIMOS AC A600 MAG. Veikia iki 600 kg., o patogus ir saugus valdymas valdymas mobiliuoju telefonu bei telefonu Wi-Fi ry\u0161iu.\" \/>\n<meta property=\"og:url\" content=\"https:\/\/xkodas.com\/en\/shop\/vartu-automatika-ir-furnitura\/stumdomu-vartu-automatine-sistema-deimos-ac-a600-mag\/\" \/>\n<meta property=\"og:site_name\" content=\"Xkodas\" \/>\n<meta property=\"article:publisher\" content=\"https:\/\/www.facebook.com\/xkodas.lt\" \/>\n<meta property=\"article:modified_time\" content=\"2024-06-06T07:10:52+00:00\" \/>\n<meta property=\"og:image\" content=\"https:\/\/xkodas.com\/wp-content\/uploads\/2024\/05\/Stumdomu-vartu-sistema-xkodas.jpg\" \/>\n\t<meta property=\"og:image:width\" content=\"1000\" \/>\n\t<meta property=\"og:image:height\" content=\"1000\" \/>\n\t<meta property=\"og:image:type\" content=\"image\/jpeg\" \/>\n<meta name=\"twitter:card\" content=\"summary_large_image\" \/>\n<meta name=\"twitter:label1\" content=\"Estimated reading time\" \/>\n\t<meta name=\"twitter:data1\" content=\"2 minutes\" \/>\n<script type=\"application\/ld+json\" class=\"yoast-schema-graph\">{\"@context\":\"https:\\\/\\\/schema.org\",\"@graph\":[{\"@type\":\"WebPage\",\"@id\":\"https:\\\/\\\/xkodas.com\\\/en\\\/shop\\\/vartu-automatika-ir-furnitura\\\/stumdomu-vartu-automatine-sistema-deimos-ac-a600-mag\\\/\",\"url\":\"https:\\\/\\\/xkodas.com\\\/en\\\/shop\\\/vartu-automatika-ir-furnitura\\\/stumdomu-vartu-automatine-sistema-deimos-ac-a600-mag\\\/\",\"name\":\"Stumdom\u0173 vart\u0173 automatin\u0117 sistema DEIMOS AC A600 MAG - Xkodas\",\"isPartOf\":{\"@id\":\"https:\\\/\\\/xkodas.com\\\/en\\\/#website\"},\"primaryImageOfPage\":{\"@id\":\"https:\\\/\\\/xkodas.com\\\/en\\\/shop\\\/vartu-automatika-ir-furnitura\\\/stumdomu-vartu-automatine-sistema-deimos-ac-a600-mag\\\/#primaryimage\"},\"image\":{\"@id\":\"https:\\\/\\\/xkodas.com\\\/en\\\/shop\\\/vartu-automatika-ir-furnitura\\\/stumdomu-vartu-automatine-sistema-deimos-ac-a600-mag\\\/#primaryimage\"},\"thumbnailUrl\":\"https:\\\/\\\/xkodas.com\\\/wp-content\\\/uploads\\\/2024\\\/05\\\/Stumdomu-vartu-sistema-xkodas.jpg\",\"datePublished\":\"2024-06-06T07:10:45+00:00\",\"dateModified\":\"2024-06-06T07:10:52+00:00\",\"breadcrumb\":{\"@id\":\"https:\\\/\\\/xkodas.com\\\/en\\\/shop\\\/vartu-automatika-ir-furnitura\\\/stumdomu-vartu-automatine-sistema-deimos-ac-a600-mag\\\/#breadcrumb\"},\"inLanguage\":\"en-GB\",\"potentialAction\":[{\"@type\":\"ReadAction\",\"target\":[\"https:\\\/\\\/xkodas.com\\\/en\\\/shop\\\/vartu-automatika-ir-furnitura\\\/stumdomu-vartu-automatine-sistema-deimos-ac-a600-mag\\\/\"]}]},{\"@type\":\"ImageObject\",\"inLanguage\":\"en-GB\",\"@id\":\"https:\\\/\\\/xkodas.com\\\/en\\\/shop\\\/vartu-automatika-ir-furnitura\\\/stumdomu-vartu-automatine-sistema-deimos-ac-a600-mag\\\/#primaryimage\",\"url\":\"https:\\\/\\\/xkodas.com\\\/wp-content\\\/uploads\\\/2024\\\/05\\\/Stumdomu-vartu-sistema-xkodas.jpg\",\"contentUrl\":\"https:\\\/\\\/xkodas.com\\\/wp-content\\\/uploads\\\/2024\\\/05\\\/Stumdomu-vartu-sistema-xkodas.jpg\",\"width\":1000,\"height\":1000},{\"@type\":\"BreadcrumbList\",\"@id\":\"https:\\\/\\\/xkodas.com\\\/en\\\/shop\\\/vartu-automatika-ir-furnitura\\\/stumdomu-vartu-automatine-sistema-deimos-ac-a600-mag\\\/#breadcrumb\",\"itemListElement\":[{\"@type\":\"ListItem\",\"position\":1,\"name\":\"Home\",\"item\":\"https:\\\/\\\/xkodas.com\\\/en\\\/ismaniosios-spynos-visu-tipu-raktai-seifai-xkodas\\\/\"},{\"@type\":\"ListItem\",\"position\":2,\"name\":\"Parduotuv\u0117\",\"item\":\"https:\\\/\\\/xkodas.com\\\/parduotuve\\\/\"},{\"@type\":\"ListItem\",\"position\":3,\"name\":\"Stumdom\u0173 vart\u0173 automatin\u0117 sistema DEIMOS AC A600 MAG\"}]},{\"@type\":\"WebSite\",\"@id\":\"https:\\\/\\\/xkodas.com\\\/en\\\/#website\",\"url\":\"https:\\\/\\\/xkodas.com\\\/en\\\/\",\"name\":\"Xkodas\",\"description\":\"I\u0161maniosios spynos, rakt\u0173 gamyba, saugos sistemos\",\"publisher\":{\"@id\":\"https:\\\/\\\/xkodas.com\\\/en\\\/#organization\"},\"potentialAction\":[{\"@type\":\"SearchAction\",\"target\":{\"@type\":\"EntryPoint\",\"urlTemplate\":\"https:\\\/\\\/xkodas.com\\\/en\\\/?s={search_term_string}\"},\"query-input\":{\"@type\":\"PropertyValueSpecification\",\"valueRequired\":true,\"valueName\":\"search_term_string\"}}],\"inLanguage\":\"en-GB\"},{\"@type\":\"Organization\",\"@id\":\"https:\\\/\\\/xkodas.com\\\/en\\\/#organization\",\"name\":\"Xkodas\",\"url\":\"https:\\\/\\\/xkodas.com\\\/en\\\/\",\"logo\":{\"@type\":\"ImageObject\",\"inLanguage\":\"en-GB\",\"@id\":\"https:\\\/\\\/xkodas.com\\\/en\\\/#\\\/schema\\\/logo\\\/image\\\/\",\"url\":\"http:\\\/\\\/xkodas.com\\\/wp-content\\\/uploads\\\/2020\\\/02\\\/Xkodas_logo_baltas_500x500-2.jpg\",\"contentUrl\":\"http:\\\/\\\/xkodas.com\\\/wp-content\\\/uploads\\\/2020\\\/02\\\/Xkodas_logo_baltas_500x500-2.jpg\",\"width\":100,\"height\":100,\"caption\":\"Xkodas\"},\"image\":{\"@id\":\"https:\\\/\\\/xkodas.com\\\/en\\\/#\\\/schema\\\/logo\\\/image\\\/\"},\"sameAs\":[\"https:\\\/\\\/www.facebook.com\\\/xkodas.lt\"]}]}<\/script>\n<!-- \/ Yoast SEO plugin. -->","yoast_head_json":{"title":"Stumdom\u0173 vart\u0173 automatin\u0117 sistema DEIMOS AC A600 MAG - Xkodas","robots":{"index":"index","follow":"follow","max-snippet":"max-snippet:-1","max-image-preview":"max-image-preview:large","max-video-preview":"max-video-preview:-1"},"canonical":"https:\/\/xkodas.com\/en\/shop\/vartu-automatika-ir-furnitura\/stumdomu-vartu-automatine-sistema-deimos-ac-a600-mag\/","og_locale":"en_GB","og_type":"article","og_title":"Stumdom\u0173 vart\u0173 automatin\u0117 sistema DEIMOS AC A600 MAG - Xkodas","og_description":"Stumdom\u0173 vart\u0173 automatin\u0117 sistema DEIMOS AC A600 MAG. Veikia iki 600 kg., o patogus ir saugus valdymas valdymas mobiliuoju telefonu bei telefonu Wi-Fi ry\u0161iu.","og_url":"https:\/\/xkodas.com\/en\/shop\/vartu-automatika-ir-furnitura\/stumdomu-vartu-automatine-sistema-deimos-ac-a600-mag\/","og_site_name":"Xkodas","article_publisher":"https:\/\/www.facebook.com\/xkodas.lt","article_modified_time":"2024-06-06T07:10:52+00:00","og_image":[{"width":1000,"height":1000,"url":"https:\/\/xkodas.com\/wp-content\/uploads\/2024\/05\/Stumdomu-vartu-sistema-xkodas.jpg","type":"image\/jpeg"}],"twitter_card":"summary_large_image","twitter_misc":{"Estimated reading time":"2 minutes"},"schema":{"@context":"https:\/\/schema.org","@graph":[{"@type":"WebPage","@id":"https:\/\/xkodas.com\/en\/shop\/vartu-automatika-ir-furnitura\/stumdomu-vartu-automatine-sistema-deimos-ac-a600-mag\/","url":"https:\/\/xkodas.com\/en\/shop\/vartu-automatika-ir-furnitura\/stumdomu-vartu-automatine-sistema-deimos-ac-a600-mag\/","name":"Stumdom\u0173 vart\u0173 automatin\u0117 sistema DEIMOS AC A600 MAG - Xkodas","isPartOf":{"@id":"https:\/\/xkodas.com\/en\/#website"},"primaryImageOfPage":{"@id":"https:\/\/xkodas.com\/en\/shop\/vartu-automatika-ir-furnitura\/stumdomu-vartu-automatine-sistema-deimos-ac-a600-mag\/#primaryimage"},"image":{"@id":"https:\/\/xkodas.com\/en\/shop\/vartu-automatika-ir-furnitura\/stumdomu-vartu-automatine-sistema-deimos-ac-a600-mag\/#primaryimage"},"thumbnailUrl":"https:\/\/xkodas.com\/wp-content\/uploads\/2024\/05\/Stumdomu-vartu-sistema-xkodas.jpg","datePublished":"2024-06-06T07:10:45+00:00","dateModified":"2024-06-06T07:10:52+00:00","breadcrumb":{"@id":"https:\/\/xkodas.com\/en\/shop\/vartu-automatika-ir-furnitura\/stumdomu-vartu-automatine-sistema-deimos-ac-a600-mag\/#breadcrumb"},"inLanguage":"en-GB","potentialAction":[{"@type":"ReadAction","target":["https:\/\/xkodas.com\/en\/shop\/vartu-automatika-ir-furnitura\/stumdomu-vartu-automatine-sistema-deimos-ac-a600-mag\/"]}]},{"@type":"ImageObject","inLanguage":"en-GB","@id":"https:\/\/xkodas.com\/en\/shop\/vartu-automatika-ir-furnitura\/stumdomu-vartu-automatine-sistema-deimos-ac-a600-mag\/#primaryimage","url":"https:\/\/xkodas.com\/wp-content\/uploads\/2024\/05\/Stumdomu-vartu-sistema-xkodas.jpg","contentUrl":"https:\/\/xkodas.com\/wp-content\/uploads\/2024\/05\/Stumdomu-vartu-sistema-xkodas.jpg","width":1000,"height":1000},{"@type":"BreadcrumbList","@id":"https:\/\/xkodas.com\/en\/shop\/vartu-automatika-ir-furnitura\/stumdomu-vartu-automatine-sistema-deimos-ac-a600-mag\/#breadcrumb","itemListElement":[{"@type":"ListItem","position":1,"name":"Home","item":"https:\/\/xkodas.com\/en\/ismaniosios-spynos-visu-tipu-raktai-seifai-xkodas\/"},{"@type":"ListItem","position":2,"name":"Parduotuv\u0117","item":"https:\/\/xkodas.com\/parduotuve\/"},{"@type":"ListItem","position":3,"name":"Stumdom\u0173 vart\u0173 automatin\u0117 sistema DEIMOS AC A600 MAG"}]},{"@type":"WebSite","@id":"https:\/\/xkodas.com\/en\/#website","url":"https:\/\/xkodas.com\/en\/","name":"Xkodas","description":"I\u0161maniosios spynos, rakt\u0173 gamyba, saugos sistemos","publisher":{"@id":"https:\/\/xkodas.com\/en\/#organization"},"potentialAction":[{"@type":"SearchAction","target":{"@type":"EntryPoint","urlTemplate":"https:\/\/xkodas.com\/en\/?s={search_term_string}"},"query-input":{"@type":"PropertyValueSpecification","valueRequired":true,"valueName":"search_term_string"}}],"inLanguage":"en-GB"},{"@type":"Organization","@id":"https:\/\/xkodas.com\/en\/#organization","name":"Xkodas","url":"https:\/\/xkodas.com\/en\/","logo":{"@type":"ImageObject","inLanguage":"en-GB","@id":"https:\/\/xkodas.com\/en\/#\/schema\/logo\/image\/","url":"http:\/\/xkodas.com\/wp-content\/uploads\/2020\/02\/Xkodas_logo_baltas_500x500-2.jpg","contentUrl":"http:\/\/xkodas.com\/wp-content\/uploads\/2020\/02\/Xkodas_logo_baltas_500x500-2.jpg","width":100,"height":100,"caption":"Xkodas"},"image":{"@id":"https:\/\/xkodas.com\/en\/#\/schema\/logo\/image\/"},"sameAs":["https:\/\/www.facebook.com\/xkodas.lt"]}]}},"_links":{"self":[{"href":"https:\/\/xkodas.com\/en\/wp-json\/wp\/v2\/product\/17858","targetHints":{"allow":["GET"]}}],"collection":[{"href":"https:\/\/xkodas.com\/en\/wp-json\/wp\/v2\/product"}],"about":[{"href":"https:\/\/xkodas.com\/en\/wp-json\/wp\/v2\/types\/product"}],"wp:featuredmedia":[{"embeddable":true,"href":"https:\/\/xkodas.com\/en\/wp-json\/wp\/v2\/media\/14113"}],"wp:attachment":[{"href":"https:\/\/xkodas.com\/en\/wp-json\/wp\/v2\/media?parent=17858"}],"wp:term":[{"taxonomy":"product_brand","embeddable":true,"href":"https:\/\/xkodas.com\/en\/wp-json\/wp\/v2\/product_brand?post=17858"},{"taxonomy":"product_cat","embeddable":true,"href":"https:\/\/xkodas.com\/en\/wp-json\/wp\/v2\/product_cat?post=17858"},{"taxonomy":"product_tag","embeddable":true,"href":"https:\/\/xkodas.com\/en\/wp-json\/wp\/v2\/product_tag?post=17858"}],"curies":[{"name":"wp","href":"https:\/\/api.w.org\/{rel}","templated":true}]}}