{"id":17856,"date":"2024-06-06T07:10:44","date_gmt":"2024-06-06T07:10:44","guid":{"rendered":"http:\/\/xkodas.com\/?post_type=product&#038;p=17856"},"modified":"2026-04-15T11:31:56","modified_gmt":"2026-04-15T11:31:56","slug":"ismanioji-vartu-automatika-zwave-botticelli","status":"publish","type":"product","link":"https:\/\/xkodas.com\/en\/shop\/vartu-automatika-ir-furnitura\/ismanioji-vartu-automatika-zwave-botticelli\/","title":{"rendered":"I\u0161manioji vart\u0173 automatika ZWave Botticelli"},"content":{"rendered":"<p>I\u0161manioji vart\u0173 automatika ZWave Boticelli pavara pakeliamiems vartams iki 13 m2 ploto, 80 kg svorio.<\/p>\n<p><strong>Komplekt\u0105 sudaro:<\/strong><\/p>\n<ul>\n<li>Boticelli pavara pakeliamiems vartams iki 13 m2 ploto, 80 kg svorio<\/li>\n<li>ZWave serveris automatikos valdymui telefonu<\/li>\n<li>ZWave r\u0117le vart\u0173 automatikai<\/li>\n<li>Naudojimosi gidas<\/li>\n<\/ul>\n<p><strong>Privalumai:<\/strong><\/p>\n<ul>\n<li>Nuotoliniu b\u016bdu valdomi vartai<\/li>\n<li>Prane\u0161imai apie \u012fvykius (vart\u0173 atidarymas\/u\u017edarymas) realiu laiku<\/li>\n<li>Prieigos suteikimas kitiems asmenims<\/li>\n<li>Papildom\u0173 \u012frengini\u0173 valdymas per t\u0105 pa\u010di\u0105 sistem\u0105, toki\u0173 kaip ap\u0161vietimas, signalizacija, v\u0117dinimas ir t.t<\/li>\n<li><\/li>\n<\/ul>\n<p>Suteikiama 24 m\u0117nesi\u0173 garantija ir pogarantinis aptarnavimas.<\/p>","protected":false},"excerpt":{"rendered":"<p>ZWave Botticelli pakeliam\u0173 vart\u0173 automatika, patogiai ir saugiai valdoma nuotoliniu b\u016bdu mobiliojo telefono pagalba.<\/p>","protected":false},"featured_media":14111,"template":"","meta":{"_monsterinsights_skip_tracking":false,"_monsterinsights_sitenote_active":false,"_monsterinsights_sitenote_note":"","_monsterinsights_sitenote_category":0},"product_brand":[],"product_cat":[236],"product_tag":[],"class_list":{"0":"post-17856","1":"product","2":"type-product","3":"status-publish","4":"has-post-thumbnail","6":"product_cat-vartu-automatika-ir-furnitura","8":"first","9":"instock","10":"taxable","11":"shipping-taxable","12":"purchasable","13":"product-type-simple"},"yoast_head":"<!-- This site is optimized with the Yoast SEO plugin v27.5 - https:\/\/yoast.com\/product\/yoast-seo-wordpress\/ -->\n<title>I\u0161manioji vart\u0173 automatika ZWave Botticelli - Xkodas<\/title>\n<meta name=\"robots\" content=\"index, follow, max-snippet:-1, max-image-preview:large, max-video-preview:-1\" \/>\n<link rel=\"canonical\" href=\"https:\/\/xkodas.com\/en\/shop\/vartu-automatika-ir-furnitura\/ismanioji-vartu-automatika-zwave-botticelli\/\" \/>\n<meta property=\"og:locale\" content=\"en_GB\" \/>\n<meta property=\"og:type\" content=\"article\" \/>\n<meta property=\"og:title\" content=\"I\u0161manioji vart\u0173 automatika ZWave Botticelli - Xkodas\" \/>\n<meta property=\"og:description\" content=\"ZWave Botticelli pakeliam\u0173 vart\u0173 automatika, patogiai ir saugiai valdoma nuotoliniu b\u016bdu mobiliojo telefono pagalba.\" \/>\n<meta property=\"og:url\" content=\"https:\/\/xkodas.com\/en\/shop\/vartu-automatika-ir-furnitura\/ismanioji-vartu-automatika-zwave-botticelli\/\" \/>\n<meta property=\"og:site_name\" content=\"Xkodas\" \/>\n<meta property=\"article:publisher\" content=\"https:\/\/www.facebook.com\/xkodas.lt\" \/>\n<meta property=\"article:modified_time\" content=\"2026-04-15T11:31:56+00:00\" \/>\n<meta property=\"og:image\" content=\"https:\/\/xkodas.com\/wp-content\/uploads\/2024\/05\/Ismanioji-vartu-automatika-Xkodas.com_.jpg\" \/>\n\t<meta property=\"og:image:width\" content=\"554\" \/>\n\t<meta property=\"og:image:height\" content=\"530\" \/>\n\t<meta property=\"og:image:type\" content=\"image\/jpeg\" \/>\n<meta name=\"twitter:card\" content=\"summary_large_image\" \/>\n<meta name=\"twitter:label1\" content=\"Estimated reading time\" \/>\n\t<meta name=\"twitter:data1\" content=\"1 minute\" \/>\n<script type=\"application\/ld+json\" class=\"yoast-schema-graph\">{\"@context\":\"https:\\\/\\\/schema.org\",\"@graph\":[{\"@type\":\"WebPage\",\"@id\":\"https:\\\/\\\/xkodas.com\\\/en\\\/shop\\\/vartu-automatika-ir-furnitura\\\/ismanioji-vartu-automatika-zwave-botticelli\\\/\",\"url\":\"https:\\\/\\\/xkodas.com\\\/en\\\/shop\\\/vartu-automatika-ir-furnitura\\\/ismanioji-vartu-automatika-zwave-botticelli\\\/\",\"name\":\"I\u0161manioji vart\u0173 automatika ZWave Botticelli - Xkodas\",\"isPartOf\":{\"@id\":\"https:\\\/\\\/xkodas.com\\\/en\\\/#website\"},\"primaryImageOfPage\":{\"@id\":\"https:\\\/\\\/xkodas.com\\\/en\\\/shop\\\/vartu-automatika-ir-furnitura\\\/ismanioji-vartu-automatika-zwave-botticelli\\\/#primaryimage\"},\"image\":{\"@id\":\"https:\\\/\\\/xkodas.com\\\/en\\\/shop\\\/vartu-automatika-ir-furnitura\\\/ismanioji-vartu-automatika-zwave-botticelli\\\/#primaryimage\"},\"thumbnailUrl\":\"https:\\\/\\\/xkodas.com\\\/wp-content\\\/uploads\\\/2024\\\/05\\\/Ismanioji-vartu-automatika-Xkodas.com_.jpg\",\"datePublished\":\"2024-06-06T07:10:44+00:00\",\"dateModified\":\"2026-04-15T11:31:56+00:00\",\"breadcrumb\":{\"@id\":\"https:\\\/\\\/xkodas.com\\\/en\\\/shop\\\/vartu-automatika-ir-furnitura\\\/ismanioji-vartu-automatika-zwave-botticelli\\\/#breadcrumb\"},\"inLanguage\":\"en-GB\",\"potentialAction\":[{\"@type\":\"ReadAction\",\"target\":[\"https:\\\/\\\/xkodas.com\\\/en\\\/shop\\\/vartu-automatika-ir-furnitura\\\/ismanioji-vartu-automatika-zwave-botticelli\\\/\"]}]},{\"@type\":\"ImageObject\",\"inLanguage\":\"en-GB\",\"@id\":\"https:\\\/\\\/xkodas.com\\\/en\\\/shop\\\/vartu-automatika-ir-furnitura\\\/ismanioji-vartu-automatika-zwave-botticelli\\\/#primaryimage\",\"url\":\"https:\\\/\\\/xkodas.com\\\/wp-content\\\/uploads\\\/2024\\\/05\\\/Ismanioji-vartu-automatika-Xkodas.com_.jpg\",\"contentUrl\":\"https:\\\/\\\/xkodas.com\\\/wp-content\\\/uploads\\\/2024\\\/05\\\/Ismanioji-vartu-automatika-Xkodas.com_.jpg\",\"width\":554,\"height\":530},{\"@type\":\"BreadcrumbList\",\"@id\":\"https:\\\/\\\/xkodas.com\\\/en\\\/shop\\\/vartu-automatika-ir-furnitura\\\/ismanioji-vartu-automatika-zwave-botticelli\\\/#breadcrumb\",\"itemListElement\":[{\"@type\":\"ListItem\",\"position\":1,\"name\":\"Home\",\"item\":\"https:\\\/\\\/xkodas.com\\\/en\\\/ismaniosios-spynos-visu-tipu-raktai-seifai-xkodas\\\/\"},{\"@type\":\"ListItem\",\"position\":2,\"name\":\"Parduotuv\u0117\",\"item\":\"https:\\\/\\\/xkodas.com\\\/parduotuve\\\/\"},{\"@type\":\"ListItem\",\"position\":3,\"name\":\"I\u0161manioji vart\u0173 automatika ZWave Botticelli\"}]},{\"@type\":\"WebSite\",\"@id\":\"https:\\\/\\\/xkodas.com\\\/en\\\/#website\",\"url\":\"https:\\\/\\\/xkodas.com\\\/en\\\/\",\"name\":\"Xkodas\",\"description\":\"I\u0161maniosios spynos, rakt\u0173 gamyba, saugos sistemos\",\"publisher\":{\"@id\":\"https:\\\/\\\/xkodas.com\\\/en\\\/#organization\"},\"potentialAction\":[{\"@type\":\"SearchAction\",\"target\":{\"@type\":\"EntryPoint\",\"urlTemplate\":\"https:\\\/\\\/xkodas.com\\\/en\\\/?s={search_term_string}\"},\"query-input\":{\"@type\":\"PropertyValueSpecification\",\"valueRequired\":true,\"valueName\":\"search_term_string\"}}],\"inLanguage\":\"en-GB\"},{\"@type\":\"Organization\",\"@id\":\"https:\\\/\\\/xkodas.com\\\/en\\\/#organization\",\"name\":\"Xkodas\",\"url\":\"https:\\\/\\\/xkodas.com\\\/en\\\/\",\"logo\":{\"@type\":\"ImageObject\",\"inLanguage\":\"en-GB\",\"@id\":\"https:\\\/\\\/xkodas.com\\\/en\\\/#\\\/schema\\\/logo\\\/image\\\/\",\"url\":\"http:\\\/\\\/xkodas.com\\\/wp-content\\\/uploads\\\/2020\\\/02\\\/Xkodas_logo_baltas_500x500-2.jpg\",\"contentUrl\":\"http:\\\/\\\/xkodas.com\\\/wp-content\\\/uploads\\\/2020\\\/02\\\/Xkodas_logo_baltas_500x500-2.jpg\",\"width\":100,\"height\":100,\"caption\":\"Xkodas\"},\"image\":{\"@id\":\"https:\\\/\\\/xkodas.com\\\/en\\\/#\\\/schema\\\/logo\\\/image\\\/\"},\"sameAs\":[\"https:\\\/\\\/www.facebook.com\\\/xkodas.lt\"]}]}<\/script>\n<!-- \/ Yoast SEO plugin. -->","yoast_head_json":{"title":"I\u0161manioji vart\u0173 automatika ZWave Botticelli - Xkodas","robots":{"index":"index","follow":"follow","max-snippet":"max-snippet:-1","max-image-preview":"max-image-preview:large","max-video-preview":"max-video-preview:-1"},"canonical":"https:\/\/xkodas.com\/en\/shop\/vartu-automatika-ir-furnitura\/ismanioji-vartu-automatika-zwave-botticelli\/","og_locale":"en_GB","og_type":"article","og_title":"I\u0161manioji vart\u0173 automatika ZWave Botticelli - Xkodas","og_description":"ZWave Botticelli pakeliam\u0173 vart\u0173 automatika, patogiai ir saugiai valdoma nuotoliniu b\u016bdu mobiliojo telefono pagalba.","og_url":"https:\/\/xkodas.com\/en\/shop\/vartu-automatika-ir-furnitura\/ismanioji-vartu-automatika-zwave-botticelli\/","og_site_name":"Xkodas","article_publisher":"https:\/\/www.facebook.com\/xkodas.lt","article_modified_time":"2026-04-15T11:31:56+00:00","og_image":[{"width":554,"height":530,"url":"https:\/\/xkodas.com\/wp-content\/uploads\/2024\/05\/Ismanioji-vartu-automatika-Xkodas.com_.jpg","type":"image\/jpeg"}],"twitter_card":"summary_large_image","twitter_misc":{"Estimated reading time":"1 minute"},"schema":{"@context":"https:\/\/schema.org","@graph":[{"@type":"WebPage","@id":"https:\/\/xkodas.com\/en\/shop\/vartu-automatika-ir-furnitura\/ismanioji-vartu-automatika-zwave-botticelli\/","url":"https:\/\/xkodas.com\/en\/shop\/vartu-automatika-ir-furnitura\/ismanioji-vartu-automatika-zwave-botticelli\/","name":"I\u0161manioji vart\u0173 automatika ZWave Botticelli - Xkodas","isPartOf":{"@id":"https:\/\/xkodas.com\/en\/#website"},"primaryImageOfPage":{"@id":"https:\/\/xkodas.com\/en\/shop\/vartu-automatika-ir-furnitura\/ismanioji-vartu-automatika-zwave-botticelli\/#primaryimage"},"image":{"@id":"https:\/\/xkodas.com\/en\/shop\/vartu-automatika-ir-furnitura\/ismanioji-vartu-automatika-zwave-botticelli\/#primaryimage"},"thumbnailUrl":"https:\/\/xkodas.com\/wp-content\/uploads\/2024\/05\/Ismanioji-vartu-automatika-Xkodas.com_.jpg","datePublished":"2024-06-06T07:10:44+00:00","dateModified":"2026-04-15T11:31:56+00:00","breadcrumb":{"@id":"https:\/\/xkodas.com\/en\/shop\/vartu-automatika-ir-furnitura\/ismanioji-vartu-automatika-zwave-botticelli\/#breadcrumb"},"inLanguage":"en-GB","potentialAction":[{"@type":"ReadAction","target":["https:\/\/xkodas.com\/en\/shop\/vartu-automatika-ir-furnitura\/ismanioji-vartu-automatika-zwave-botticelli\/"]}]},{"@type":"ImageObject","inLanguage":"en-GB","@id":"https:\/\/xkodas.com\/en\/shop\/vartu-automatika-ir-furnitura\/ismanioji-vartu-automatika-zwave-botticelli\/#primaryimage","url":"https:\/\/xkodas.com\/wp-content\/uploads\/2024\/05\/Ismanioji-vartu-automatika-Xkodas.com_.jpg","contentUrl":"https:\/\/xkodas.com\/wp-content\/uploads\/2024\/05\/Ismanioji-vartu-automatika-Xkodas.com_.jpg","width":554,"height":530},{"@type":"BreadcrumbList","@id":"https:\/\/xkodas.com\/en\/shop\/vartu-automatika-ir-furnitura\/ismanioji-vartu-automatika-zwave-botticelli\/#breadcrumb","itemListElement":[{"@type":"ListItem","position":1,"name":"Home","item":"https:\/\/xkodas.com\/en\/ismaniosios-spynos-visu-tipu-raktai-seifai-xkodas\/"},{"@type":"ListItem","position":2,"name":"Parduotuv\u0117","item":"https:\/\/xkodas.com\/parduotuve\/"},{"@type":"ListItem","position":3,"name":"I\u0161manioji vart\u0173 automatika ZWave Botticelli"}]},{"@type":"WebSite","@id":"https:\/\/xkodas.com\/en\/#website","url":"https:\/\/xkodas.com\/en\/","name":"Xkodas","description":"I\u0161maniosios spynos, rakt\u0173 gamyba, saugos sistemos","publisher":{"@id":"https:\/\/xkodas.com\/en\/#organization"},"potentialAction":[{"@type":"SearchAction","target":{"@type":"EntryPoint","urlTemplate":"https:\/\/xkodas.com\/en\/?s={search_term_string}"},"query-input":{"@type":"PropertyValueSpecification","valueRequired":true,"valueName":"search_term_string"}}],"inLanguage":"en-GB"},{"@type":"Organization","@id":"https:\/\/xkodas.com\/en\/#organization","name":"Xkodas","url":"https:\/\/xkodas.com\/en\/","logo":{"@type":"ImageObject","inLanguage":"en-GB","@id":"https:\/\/xkodas.com\/en\/#\/schema\/logo\/image\/","url":"http:\/\/xkodas.com\/wp-content\/uploads\/2020\/02\/Xkodas_logo_baltas_500x500-2.jpg","contentUrl":"http:\/\/xkodas.com\/wp-content\/uploads\/2020\/02\/Xkodas_logo_baltas_500x500-2.jpg","width":100,"height":100,"caption":"Xkodas"},"image":{"@id":"https:\/\/xkodas.com\/en\/#\/schema\/logo\/image\/"},"sameAs":["https:\/\/www.facebook.com\/xkodas.lt"]}]}},"_links":{"self":[{"href":"https:\/\/xkodas.com\/en\/wp-json\/wp\/v2\/product\/17856","targetHints":{"allow":["GET"]}}],"collection":[{"href":"https:\/\/xkodas.com\/en\/wp-json\/wp\/v2\/product"}],"about":[{"href":"https:\/\/xkodas.com\/en\/wp-json\/wp\/v2\/types\/product"}],"wp:featuredmedia":[{"embeddable":true,"href":"https:\/\/xkodas.com\/en\/wp-json\/wp\/v2\/media\/14111"}],"wp:attachment":[{"href":"https:\/\/xkodas.com\/en\/wp-json\/wp\/v2\/media?parent=17856"}],"wp:term":[{"taxonomy":"product_brand","embeddable":true,"href":"https:\/\/xkodas.com\/en\/wp-json\/wp\/v2\/product_brand?post=17856"},{"taxonomy":"product_cat","embeddable":true,"href":"https:\/\/xkodas.com\/en\/wp-json\/wp\/v2\/product_cat?post=17856"},{"taxonomy":"product_tag","embeddable":true,"href":"https:\/\/xkodas.com\/en\/wp-json\/wp\/v2\/product_tag?post=17856"}],"curies":[{"name":"wp","href":"https:\/\/api.w.org\/{rel}","templated":true}]}}