{"id":17849,"date":"2024-06-06T07:10:43","date_gmt":"2024-06-06T07:10:43","guid":{"rendered":"http:\/\/xkodas.com\/?post_type=product&#038;p=17849"},"modified":"2024-06-06T07:10:49","modified_gmt":"2024-06-06T07:10:49","slug":"duru-vyris-agb-eclipse-3-2-juodas","status":"publish","type":"product","link":"https:\/\/xkodas.com\/en\/shop\/duru-furnitura\/duru-vyris-agb-eclipse-3-2-juodas\/","title":{"rendered":"Dur\u0173 vyris AGB ECLIPSE 3.2, juodas"},"content":{"rendered":"<p>Vyriai skirti lygioms medin\u0117ms arba aliuminio profilio durims, kurios gali atsidaryti 180\u00b0 laipsniu kampu. Reguliuojami trimis kryptimis (nepriklausomai viena nuo kitos):<\/p>\n<ul>\n<li>Reguliavimas: vertikaliai +\/- 2mm;<\/li>\n<li>Horizontaliai +\/- 1.5 mm;<\/li>\n<li>Gylis +\/- 1mm.<\/li>\n<\/ul>\n<p>Maksimali vyrio apkrova durims : esant 2 vnt. vyriams \u2013 40 kg., 3vnt \u2013 60 kg.<\/p>\n<p>Universalus naudojimas: dur\u0173 atidarymas \u012f kair\u0119 ir \u012f de\u0161in\u0119 pus\u0119.<\/p>\n<p>\u012evairi\u0173 spalv\u0173 aliuminiai dekoratyviniai u\u017edengimai skirti pasl\u0117pti reguliavimo var\u017etams.<\/p>\n<p>Pagaminti i\u0161 auk\u0161tos kokyb\u0117s cinko lydinio.<\/p>\n<p>Eleganti\u0161kas sprendimas var\u010dios ir staktos harmonijai.<\/p>\n<p>Atitinka UNI-ISO 2081 standart\u0105.<\/p>","protected":false},"excerpt":{"rendered":"<p>Paprasti dur\u0173 vyriai, skirti medin\u0117ms ar aliuminio profilio durims. Lengvai sumontuojami ir patogiai reguliuojami.<\/p>","protected":false},"featured_media":14093,"template":"","meta":{"_monsterinsights_skip_tracking":false,"_monsterinsights_sitenote_active":false,"_monsterinsights_sitenote_note":"","_monsterinsights_sitenote_category":0},"product_brand":[],"product_cat":[235],"product_tag":[243,244,241,242],"class_list":{"0":"post-17849","1":"product","2":"type-product","3":"status-publish","4":"has-post-thumbnail","6":"product_cat-duru-furnitura","7":"product_tag-duru-furnitura","8":"product_tag-duru-mechanizmas","9":"product_tag-duru-vyriai","10":"product_tag-vyriai","12":"first","13":"instock","14":"taxable","15":"shipping-taxable","16":"purchasable","17":"product-type-simple"},"yoast_head":"<!-- This site is optimized with the Yoast SEO plugin v27.4 - https:\/\/yoast.com\/product\/yoast-seo-wordpress\/ -->\n<title>Dur\u0173 vyris AGB ECLIPSE 3.2, juodas - Xkodas<\/title>\n<meta name=\"robots\" content=\"index, follow, max-snippet:-1, max-image-preview:large, max-video-preview:-1\" \/>\n<link rel=\"canonical\" href=\"https:\/\/xkodas.com\/en\/shop\/duru-furnitura\/duru-vyris-agb-eclipse-3-2-juodas\/\" \/>\n<meta property=\"og:locale\" content=\"en_GB\" \/>\n<meta property=\"og:type\" content=\"article\" \/>\n<meta property=\"og:title\" content=\"Dur\u0173 vyris AGB ECLIPSE 3.2, juodas - Xkodas\" \/>\n<meta property=\"og:description\" content=\"Paprasti dur\u0173 vyriai, skirti medin\u0117ms ar aliuminio profilio durims. Lengvai sumontuojami ir patogiai reguliuojami.\" \/>\n<meta property=\"og:url\" content=\"https:\/\/xkodas.com\/en\/shop\/duru-furnitura\/duru-vyris-agb-eclipse-3-2-juodas\/\" \/>\n<meta property=\"og:site_name\" content=\"Xkodas\" \/>\n<meta property=\"article:publisher\" content=\"https:\/\/www.facebook.com\/xkodas.lt\" \/>\n<meta property=\"article:modified_time\" content=\"2024-06-06T07:10:49+00:00\" \/>\n<meta property=\"og:image\" content=\"https:\/\/xkodas.com\/wp-content\/uploads\/2024\/05\/Duru-vyriai.jpg\" \/>\n\t<meta property=\"og:image:width\" content=\"1000\" \/>\n\t<meta property=\"og:image:height\" content=\"1000\" \/>\n\t<meta property=\"og:image:type\" content=\"image\/jpeg\" \/>\n<meta name=\"twitter:card\" content=\"summary_large_image\" \/>\n<script type=\"application\/ld+json\" class=\"yoast-schema-graph\">{\"@context\":\"https:\\\/\\\/schema.org\",\"@graph\":[{\"@type\":\"WebPage\",\"@id\":\"https:\\\/\\\/xkodas.com\\\/en\\\/shop\\\/duru-furnitura\\\/duru-vyris-agb-eclipse-3-2-juodas\\\/\",\"url\":\"https:\\\/\\\/xkodas.com\\\/en\\\/shop\\\/duru-furnitura\\\/duru-vyris-agb-eclipse-3-2-juodas\\\/\",\"name\":\"Dur\u0173 vyris AGB ECLIPSE 3.2, juodas - Xkodas\",\"isPartOf\":{\"@id\":\"https:\\\/\\\/xkodas.com\\\/en\\\/#website\"},\"primaryImageOfPage\":{\"@id\":\"https:\\\/\\\/xkodas.com\\\/en\\\/shop\\\/duru-furnitura\\\/duru-vyris-agb-eclipse-3-2-juodas\\\/#primaryimage\"},\"image\":{\"@id\":\"https:\\\/\\\/xkodas.com\\\/en\\\/shop\\\/duru-furnitura\\\/duru-vyris-agb-eclipse-3-2-juodas\\\/#primaryimage\"},\"thumbnailUrl\":\"https:\\\/\\\/xkodas.com\\\/wp-content\\\/uploads\\\/2024\\\/05\\\/Duru-vyriai.jpg\",\"datePublished\":\"2024-06-06T07:10:43+00:00\",\"dateModified\":\"2024-06-06T07:10:49+00:00\",\"breadcrumb\":{\"@id\":\"https:\\\/\\\/xkodas.com\\\/en\\\/shop\\\/duru-furnitura\\\/duru-vyris-agb-eclipse-3-2-juodas\\\/#breadcrumb\"},\"inLanguage\":\"en-GB\",\"potentialAction\":[{\"@type\":\"ReadAction\",\"target\":[\"https:\\\/\\\/xkodas.com\\\/en\\\/shop\\\/duru-furnitura\\\/duru-vyris-agb-eclipse-3-2-juodas\\\/\"]}]},{\"@type\":\"ImageObject\",\"inLanguage\":\"en-GB\",\"@id\":\"https:\\\/\\\/xkodas.com\\\/en\\\/shop\\\/duru-furnitura\\\/duru-vyris-agb-eclipse-3-2-juodas\\\/#primaryimage\",\"url\":\"https:\\\/\\\/xkodas.com\\\/wp-content\\\/uploads\\\/2024\\\/05\\\/Duru-vyriai.jpg\",\"contentUrl\":\"https:\\\/\\\/xkodas.com\\\/wp-content\\\/uploads\\\/2024\\\/05\\\/Duru-vyriai.jpg\",\"width\":1000,\"height\":1000},{\"@type\":\"BreadcrumbList\",\"@id\":\"https:\\\/\\\/xkodas.com\\\/en\\\/shop\\\/duru-furnitura\\\/duru-vyris-agb-eclipse-3-2-juodas\\\/#breadcrumb\",\"itemListElement\":[{\"@type\":\"ListItem\",\"position\":1,\"name\":\"Home\",\"item\":\"https:\\\/\\\/xkodas.com\\\/en\\\/ismaniosios-spynos-visu-tipu-raktai-seifai-xkodas\\\/\"},{\"@type\":\"ListItem\",\"position\":2,\"name\":\"Parduotuv\u0117\",\"item\":\"https:\\\/\\\/xkodas.com\\\/parduotuve\\\/\"},{\"@type\":\"ListItem\",\"position\":3,\"name\":\"Dur\u0173 vyris AGB ECLIPSE 3.2, juodas\"}]},{\"@type\":\"WebSite\",\"@id\":\"https:\\\/\\\/xkodas.com\\\/en\\\/#website\",\"url\":\"https:\\\/\\\/xkodas.com\\\/en\\\/\",\"name\":\"Xkodas\",\"description\":\"I\u0161maniosios spynos, rakt\u0173 gamyba, saugos sistemos\",\"publisher\":{\"@id\":\"https:\\\/\\\/xkodas.com\\\/en\\\/#organization\"},\"potentialAction\":[{\"@type\":\"SearchAction\",\"target\":{\"@type\":\"EntryPoint\",\"urlTemplate\":\"https:\\\/\\\/xkodas.com\\\/en\\\/?s={search_term_string}\"},\"query-input\":{\"@type\":\"PropertyValueSpecification\",\"valueRequired\":true,\"valueName\":\"search_term_string\"}}],\"inLanguage\":\"en-GB\"},{\"@type\":\"Organization\",\"@id\":\"https:\\\/\\\/xkodas.com\\\/en\\\/#organization\",\"name\":\"Xkodas\",\"url\":\"https:\\\/\\\/xkodas.com\\\/en\\\/\",\"logo\":{\"@type\":\"ImageObject\",\"inLanguage\":\"en-GB\",\"@id\":\"https:\\\/\\\/xkodas.com\\\/en\\\/#\\\/schema\\\/logo\\\/image\\\/\",\"url\":\"http:\\\/\\\/xkodas.com\\\/wp-content\\\/uploads\\\/2020\\\/02\\\/Xkodas_logo_baltas_500x500-2.jpg\",\"contentUrl\":\"http:\\\/\\\/xkodas.com\\\/wp-content\\\/uploads\\\/2020\\\/02\\\/Xkodas_logo_baltas_500x500-2.jpg\",\"width\":100,\"height\":100,\"caption\":\"Xkodas\"},\"image\":{\"@id\":\"https:\\\/\\\/xkodas.com\\\/en\\\/#\\\/schema\\\/logo\\\/image\\\/\"},\"sameAs\":[\"https:\\\/\\\/www.facebook.com\\\/xkodas.lt\"]}]}<\/script>\n<!-- \/ Yoast SEO plugin. -->","yoast_head_json":{"title":"Dur\u0173 vyris AGB ECLIPSE 3.2, juodas - Xkodas","robots":{"index":"index","follow":"follow","max-snippet":"max-snippet:-1","max-image-preview":"max-image-preview:large","max-video-preview":"max-video-preview:-1"},"canonical":"https:\/\/xkodas.com\/en\/shop\/duru-furnitura\/duru-vyris-agb-eclipse-3-2-juodas\/","og_locale":"en_GB","og_type":"article","og_title":"Dur\u0173 vyris AGB ECLIPSE 3.2, juodas - Xkodas","og_description":"Paprasti dur\u0173 vyriai, skirti medin\u0117ms ar aliuminio profilio durims. Lengvai sumontuojami ir patogiai reguliuojami.","og_url":"https:\/\/xkodas.com\/en\/shop\/duru-furnitura\/duru-vyris-agb-eclipse-3-2-juodas\/","og_site_name":"Xkodas","article_publisher":"https:\/\/www.facebook.com\/xkodas.lt","article_modified_time":"2024-06-06T07:10:49+00:00","og_image":[{"width":1000,"height":1000,"url":"https:\/\/xkodas.com\/wp-content\/uploads\/2024\/05\/Duru-vyriai.jpg","type":"image\/jpeg"}],"twitter_card":"summary_large_image","schema":{"@context":"https:\/\/schema.org","@graph":[{"@type":"WebPage","@id":"https:\/\/xkodas.com\/en\/shop\/duru-furnitura\/duru-vyris-agb-eclipse-3-2-juodas\/","url":"https:\/\/xkodas.com\/en\/shop\/duru-furnitura\/duru-vyris-agb-eclipse-3-2-juodas\/","name":"Dur\u0173 vyris AGB ECLIPSE 3.2, juodas - Xkodas","isPartOf":{"@id":"https:\/\/xkodas.com\/en\/#website"},"primaryImageOfPage":{"@id":"https:\/\/xkodas.com\/en\/shop\/duru-furnitura\/duru-vyris-agb-eclipse-3-2-juodas\/#primaryimage"},"image":{"@id":"https:\/\/xkodas.com\/en\/shop\/duru-furnitura\/duru-vyris-agb-eclipse-3-2-juodas\/#primaryimage"},"thumbnailUrl":"https:\/\/xkodas.com\/wp-content\/uploads\/2024\/05\/Duru-vyriai.jpg","datePublished":"2024-06-06T07:10:43+00:00","dateModified":"2024-06-06T07:10:49+00:00","breadcrumb":{"@id":"https:\/\/xkodas.com\/en\/shop\/duru-furnitura\/duru-vyris-agb-eclipse-3-2-juodas\/#breadcrumb"},"inLanguage":"en-GB","potentialAction":[{"@type":"ReadAction","target":["https:\/\/xkodas.com\/en\/shop\/duru-furnitura\/duru-vyris-agb-eclipse-3-2-juodas\/"]}]},{"@type":"ImageObject","inLanguage":"en-GB","@id":"https:\/\/xkodas.com\/en\/shop\/duru-furnitura\/duru-vyris-agb-eclipse-3-2-juodas\/#primaryimage","url":"https:\/\/xkodas.com\/wp-content\/uploads\/2024\/05\/Duru-vyriai.jpg","contentUrl":"https:\/\/xkodas.com\/wp-content\/uploads\/2024\/05\/Duru-vyriai.jpg","width":1000,"height":1000},{"@type":"BreadcrumbList","@id":"https:\/\/xkodas.com\/en\/shop\/duru-furnitura\/duru-vyris-agb-eclipse-3-2-juodas\/#breadcrumb","itemListElement":[{"@type":"ListItem","position":1,"name":"Home","item":"https:\/\/xkodas.com\/en\/ismaniosios-spynos-visu-tipu-raktai-seifai-xkodas\/"},{"@type":"ListItem","position":2,"name":"Parduotuv\u0117","item":"https:\/\/xkodas.com\/parduotuve\/"},{"@type":"ListItem","position":3,"name":"Dur\u0173 vyris AGB ECLIPSE 3.2, juodas"}]},{"@type":"WebSite","@id":"https:\/\/xkodas.com\/en\/#website","url":"https:\/\/xkodas.com\/en\/","name":"Xkodas","description":"I\u0161maniosios spynos, rakt\u0173 gamyba, saugos sistemos","publisher":{"@id":"https:\/\/xkodas.com\/en\/#organization"},"potentialAction":[{"@type":"SearchAction","target":{"@type":"EntryPoint","urlTemplate":"https:\/\/xkodas.com\/en\/?s={search_term_string}"},"query-input":{"@type":"PropertyValueSpecification","valueRequired":true,"valueName":"search_term_string"}}],"inLanguage":"en-GB"},{"@type":"Organization","@id":"https:\/\/xkodas.com\/en\/#organization","name":"Xkodas","url":"https:\/\/xkodas.com\/en\/","logo":{"@type":"ImageObject","inLanguage":"en-GB","@id":"https:\/\/xkodas.com\/en\/#\/schema\/logo\/image\/","url":"http:\/\/xkodas.com\/wp-content\/uploads\/2020\/02\/Xkodas_logo_baltas_500x500-2.jpg","contentUrl":"http:\/\/xkodas.com\/wp-content\/uploads\/2020\/02\/Xkodas_logo_baltas_500x500-2.jpg","width":100,"height":100,"caption":"Xkodas"},"image":{"@id":"https:\/\/xkodas.com\/en\/#\/schema\/logo\/image\/"},"sameAs":["https:\/\/www.facebook.com\/xkodas.lt"]}]}},"_links":{"self":[{"href":"https:\/\/xkodas.com\/en\/wp-json\/wp\/v2\/product\/17849","targetHints":{"allow":["GET"]}}],"collection":[{"href":"https:\/\/xkodas.com\/en\/wp-json\/wp\/v2\/product"}],"about":[{"href":"https:\/\/xkodas.com\/en\/wp-json\/wp\/v2\/types\/product"}],"wp:featuredmedia":[{"embeddable":true,"href":"https:\/\/xkodas.com\/en\/wp-json\/wp\/v2\/media\/14093"}],"wp:attachment":[{"href":"https:\/\/xkodas.com\/en\/wp-json\/wp\/v2\/media?parent=17849"}],"wp:term":[{"taxonomy":"product_brand","embeddable":true,"href":"https:\/\/xkodas.com\/en\/wp-json\/wp\/v2\/product_brand?post=17849"},{"taxonomy":"product_cat","embeddable":true,"href":"https:\/\/xkodas.com\/en\/wp-json\/wp\/v2\/product_cat?post=17849"},{"taxonomy":"product_tag","embeddable":true,"href":"https:\/\/xkodas.com\/en\/wp-json\/wp\/v2\/product_tag?post=17849"}],"curies":[{"name":"wp","href":"https:\/\/api.w.org\/{rel}","templated":true}]}}