{"id":17848,"date":"2024-06-06T07:10:43","date_gmt":"2024-06-06T07:10:43","guid":{"rendered":"http:\/\/xkodas.com\/?post_type=product&#038;p=17848"},"modified":"2024-06-06T07:10:49","modified_gmt":"2024-06-06T07:10:49","slug":"rysi-blokuojantis-deklas-raktams","status":"publish","type":"product","link":"https:\/\/xkodas.com\/en\/shop\/praejimo-kontrole\/aksesuarai-ir-priedai\/rysi-blokuojantis-deklas-raktams\/","title":{"rendered":"Ry\u0161\u012f blokuojantis d\u0117klas raktams"},"content":{"rendered":"<h2><strong>Patogus ir stilingas ry\u0161\u012f blokuojantis d\u0117klas raktams<\/strong><\/h2>\n<p>Su meile ir nepriekai\u0161tingo funkcionalumo siekiu m\u016bs\u0173 pagamintas ry\u0161\u012f blokuojantis d\u0117klas raktams yra puikus sprendimas norintiems apsaugoti savo transporto priemones.<\/p>\n<p>&#8220;Keyless Go&#8221; berakt\u0117 automobili\u0173 u\u017evedimo technologija \u012fgalina patogiai u\u017evesti transporto priemon\u0119, ta\u010diau vis labiau traukia ilgapir\u0161\u010di\u0173 d\u0117mes\u012f.<\/p>\n<p>Nuolat sekdami naujienas ir tendencijas ne tik Lietuvoje, bet ir visame pasaulyje, pagal special\u0173 u\u017esakym\u0105 pagaminome ry\u0161\u012f blokuojan\u010dius d\u0117klus raktams. Jie pagaminti i\u0161 dirbtin\u0117s odos, o viduje padengti specialia med\u017eiaga, kuri patikimai blokuoja ry\u0161ius.<\/p>\n<p>Pla\u010diau <a href=\"http:\/\/xkodas.com\/en\/rysius-blokuojantis-deklas-raktams\/\" target=\"_blank\" rel=\"noopener noreferrer\">apie ry\u0161io blokavimo svarb\u0105 ir d\u0117klo privalumus.<\/a><\/p>","protected":false},"excerpt":{"rendered":"<p>I\u0161 itin kokybi\u0161k\u0173 med\u017eiag\u0173 pagamintas patogus ir stilingas ry\u0161\u012f blokuojantis d\u0117klas raktams. Tai paprastas b\u016bdas u\u017etikrinti savo transporto priemon\u0117s saugum\u0105, kad ir kur beb\u016btum\u0117te. Spalvos &#8211; juoda, ruda ir ro\u017ein\u0117 (kuri\u0105 renkat\u0117s, B\u016aTINAI para\u0161ykite komentare prie apmok\u0117jimo).<\/p>\n<p>Galite atsiimti nemokamai Marijampol\u0117je arba Kaune. Siun\u010diame prekes visoje Lietuvoje.<\/p>","protected":false},"featured_media":14081,"template":"","meta":{"_monsterinsights_skip_tracking":false,"_monsterinsights_sitenote_active":false,"_monsterinsights_sitenote_note":"","_monsterinsights_sitenote_category":0},"product_brand":[],"product_cat":[481],"product_tag":[534,535,536],"class_list":{"0":"post-17848","1":"product","2":"type-product","3":"status-publish","4":"has-post-thumbnail","6":"product_cat-aksesuarai-ir-priedai","7":"product_tag-keyless-go","8":"product_tag-raktu-deklas","9":"product_tag-rysiu-blokavimo-deklas","11":"first","12":"instock","13":"taxable","14":"shipping-taxable","15":"purchasable","16":"product-type-simple"},"yoast_head":"<!-- This site is optimized with the Yoast SEO plugin v27.6 - https:\/\/yoast.com\/product\/yoast-seo-wordpress\/ -->\n<title>Ry\u0161\u012f blokuojantis d\u0117klas raktams - Xkodas<\/title>\n<meta name=\"robots\" content=\"index, follow, max-snippet:-1, max-image-preview:large, max-video-preview:-1\" \/>\n<link rel=\"canonical\" href=\"https:\/\/xkodas.com\/en\/shop\/praejimo-kontrole\/aksesuarai-ir-priedai\/rysi-blokuojantis-deklas-raktams\/\" \/>\n<meta property=\"og:locale\" content=\"en_GB\" \/>\n<meta property=\"og:type\" content=\"article\" \/>\n<meta property=\"og:title\" content=\"Ry\u0161\u012f blokuojantis d\u0117klas raktams - Xkodas\" \/>\n<meta property=\"og:description\" content=\"I\u0161 itin kokybi\u0161k\u0173 med\u017eiag\u0173 pagamintas patogus ir stilingas ry\u0161\u012f blokuojantis d\u0117klas raktams. Tai paprastas b\u016bdas u\u017etikrinti savo transporto priemon\u0117s saugum\u0105, kad ir kur beb\u016btum\u0117te. Spalvos - juoda, ruda ir ro\u017ein\u0117 (kuri\u0105 renkat\u0117s, B\u016aTINAI para\u0161ykite komentare prie apmok\u0117jimo).  Galite atsiimti nemokamai Marijampol\u0117je arba Kaune. Siun\u010diame prekes visoje Lietuvoje.\" \/>\n<meta property=\"og:url\" content=\"https:\/\/xkodas.com\/en\/shop\/praejimo-kontrole\/aksesuarai-ir-priedai\/rysi-blokuojantis-deklas-raktams\/\" \/>\n<meta property=\"og:site_name\" content=\"Xkodas\" \/>\n<meta property=\"article:publisher\" content=\"https:\/\/www.facebook.com\/xkodas.lt\" \/>\n<meta property=\"article:modified_time\" content=\"2024-06-06T07:10:49+00:00\" \/>\n<meta property=\"og:image\" content=\"https:\/\/xkodas.com\/wp-content\/uploads\/2024\/05\/Rysi-blokuojantis-deklas-raktams-scaled-1.jpg\" \/>\n\t<meta property=\"og:image:width\" content=\"2560\" \/>\n\t<meta property=\"og:image:height\" content=\"2560\" \/>\n\t<meta property=\"og:image:type\" content=\"image\/jpeg\" \/>\n<meta name=\"twitter:card\" content=\"summary_large_image\" \/>\n<meta name=\"twitter:label1\" content=\"Estimated reading time\" \/>\n\t<meta name=\"twitter:data1\" content=\"1 minute\" \/>\n<script type=\"application\/ld+json\" class=\"yoast-schema-graph\">{\"@context\":\"https:\\\/\\\/schema.org\",\"@graph\":[{\"@type\":\"WebPage\",\"@id\":\"https:\\\/\\\/xkodas.com\\\/en\\\/shop\\\/praejimo-kontrole\\\/aksesuarai-ir-priedai\\\/rysi-blokuojantis-deklas-raktams\\\/\",\"url\":\"https:\\\/\\\/xkodas.com\\\/en\\\/shop\\\/praejimo-kontrole\\\/aksesuarai-ir-priedai\\\/rysi-blokuojantis-deklas-raktams\\\/\",\"name\":\"Ry\u0161\u012f blokuojantis d\u0117klas raktams - Xkodas\",\"isPartOf\":{\"@id\":\"https:\\\/\\\/xkodas.com\\\/en\\\/#website\"},\"primaryImageOfPage\":{\"@id\":\"https:\\\/\\\/xkodas.com\\\/en\\\/shop\\\/praejimo-kontrole\\\/aksesuarai-ir-priedai\\\/rysi-blokuojantis-deklas-raktams\\\/#primaryimage\"},\"image\":{\"@id\":\"https:\\\/\\\/xkodas.com\\\/en\\\/shop\\\/praejimo-kontrole\\\/aksesuarai-ir-priedai\\\/rysi-blokuojantis-deklas-raktams\\\/#primaryimage\"},\"thumbnailUrl\":\"https:\\\/\\\/xkodas.com\\\/wp-content\\\/uploads\\\/2024\\\/05\\\/Rysi-blokuojantis-deklas-raktams-scaled-1.jpg\",\"datePublished\":\"2024-06-06T07:10:43+00:00\",\"dateModified\":\"2024-06-06T07:10:49+00:00\",\"breadcrumb\":{\"@id\":\"https:\\\/\\\/xkodas.com\\\/en\\\/shop\\\/praejimo-kontrole\\\/aksesuarai-ir-priedai\\\/rysi-blokuojantis-deklas-raktams\\\/#breadcrumb\"},\"inLanguage\":\"en-GB\",\"potentialAction\":[{\"@type\":\"ReadAction\",\"target\":[\"https:\\\/\\\/xkodas.com\\\/en\\\/shop\\\/praejimo-kontrole\\\/aksesuarai-ir-priedai\\\/rysi-blokuojantis-deklas-raktams\\\/\"]}]},{\"@type\":\"ImageObject\",\"inLanguage\":\"en-GB\",\"@id\":\"https:\\\/\\\/xkodas.com\\\/en\\\/shop\\\/praejimo-kontrole\\\/aksesuarai-ir-priedai\\\/rysi-blokuojantis-deklas-raktams\\\/#primaryimage\",\"url\":\"https:\\\/\\\/xkodas.com\\\/wp-content\\\/uploads\\\/2024\\\/05\\\/Rysi-blokuojantis-deklas-raktams-scaled-1.jpg\",\"contentUrl\":\"https:\\\/\\\/xkodas.com\\\/wp-content\\\/uploads\\\/2024\\\/05\\\/Rysi-blokuojantis-deklas-raktams-scaled-1.jpg\",\"width\":2560,\"height\":2560},{\"@type\":\"BreadcrumbList\",\"@id\":\"https:\\\/\\\/xkodas.com\\\/en\\\/shop\\\/praejimo-kontrole\\\/aksesuarai-ir-priedai\\\/rysi-blokuojantis-deklas-raktams\\\/#breadcrumb\",\"itemListElement\":[{\"@type\":\"ListItem\",\"position\":1,\"name\":\"Home\",\"item\":\"https:\\\/\\\/xkodas.com\\\/en\\\/ismaniosios-spynos-visu-tipu-raktai-seifai-xkodas\\\/\"},{\"@type\":\"ListItem\",\"position\":2,\"name\":\"Parduotuv\u0117\",\"item\":\"https:\\\/\\\/xkodas.com\\\/parduotuve\\\/\"},{\"@type\":\"ListItem\",\"position\":3,\"name\":\"Ry\u0161\u012f blokuojantis d\u0117klas raktams\"}]},{\"@type\":\"WebSite\",\"@id\":\"https:\\\/\\\/xkodas.com\\\/en\\\/#website\",\"url\":\"https:\\\/\\\/xkodas.com\\\/en\\\/\",\"name\":\"Xkodas\",\"description\":\"I\u0161maniosios spynos, rakt\u0173 gamyba, saugos sistemos\",\"publisher\":{\"@id\":\"https:\\\/\\\/xkodas.com\\\/en\\\/#organization\"},\"potentialAction\":[{\"@type\":\"SearchAction\",\"target\":{\"@type\":\"EntryPoint\",\"urlTemplate\":\"https:\\\/\\\/xkodas.com\\\/en\\\/?s={search_term_string}\"},\"query-input\":{\"@type\":\"PropertyValueSpecification\",\"valueRequired\":true,\"valueName\":\"search_term_string\"}}],\"inLanguage\":\"en-GB\"},{\"@type\":\"Organization\",\"@id\":\"https:\\\/\\\/xkodas.com\\\/en\\\/#organization\",\"name\":\"Xkodas\",\"url\":\"https:\\\/\\\/xkodas.com\\\/en\\\/\",\"logo\":{\"@type\":\"ImageObject\",\"inLanguage\":\"en-GB\",\"@id\":\"https:\\\/\\\/xkodas.com\\\/en\\\/#\\\/schema\\\/logo\\\/image\\\/\",\"url\":\"http:\\\/\\\/xkodas.com\\\/wp-content\\\/uploads\\\/2020\\\/02\\\/Xkodas_logo_baltas_500x500-2.jpg\",\"contentUrl\":\"http:\\\/\\\/xkodas.com\\\/wp-content\\\/uploads\\\/2020\\\/02\\\/Xkodas_logo_baltas_500x500-2.jpg\",\"width\":100,\"height\":100,\"caption\":\"Xkodas\"},\"image\":{\"@id\":\"https:\\\/\\\/xkodas.com\\\/en\\\/#\\\/schema\\\/logo\\\/image\\\/\"},\"sameAs\":[\"https:\\\/\\\/www.facebook.com\\\/xkodas.lt\"]}]}<\/script>\n<!-- \/ Yoast SEO plugin. -->","yoast_head_json":{"title":"Ry\u0161\u012f blokuojantis d\u0117klas raktams - Xkodas","robots":{"index":"index","follow":"follow","max-snippet":"max-snippet:-1","max-image-preview":"max-image-preview:large","max-video-preview":"max-video-preview:-1"},"canonical":"https:\/\/xkodas.com\/en\/shop\/praejimo-kontrole\/aksesuarai-ir-priedai\/rysi-blokuojantis-deklas-raktams\/","og_locale":"en_GB","og_type":"article","og_title":"Ry\u0161\u012f blokuojantis d\u0117klas raktams - Xkodas","og_description":"I\u0161 itin kokybi\u0161k\u0173 med\u017eiag\u0173 pagamintas patogus ir stilingas ry\u0161\u012f blokuojantis d\u0117klas raktams. Tai paprastas b\u016bdas u\u017etikrinti savo transporto priemon\u0117s saugum\u0105, kad ir kur beb\u016btum\u0117te. Spalvos - juoda, ruda ir ro\u017ein\u0117 (kuri\u0105 renkat\u0117s, B\u016aTINAI para\u0161ykite komentare prie apmok\u0117jimo).  Galite atsiimti nemokamai Marijampol\u0117je arba Kaune. Siun\u010diame prekes visoje Lietuvoje.","og_url":"https:\/\/xkodas.com\/en\/shop\/praejimo-kontrole\/aksesuarai-ir-priedai\/rysi-blokuojantis-deklas-raktams\/","og_site_name":"Xkodas","article_publisher":"https:\/\/www.facebook.com\/xkodas.lt","article_modified_time":"2024-06-06T07:10:49+00:00","og_image":[{"width":2560,"height":2560,"url":"https:\/\/xkodas.com\/wp-content\/uploads\/2024\/05\/Rysi-blokuojantis-deklas-raktams-scaled-1.jpg","type":"image\/jpeg"}],"twitter_card":"summary_large_image","twitter_misc":{"Estimated reading time":"1 minute"},"schema":{"@context":"https:\/\/schema.org","@graph":[{"@type":"WebPage","@id":"https:\/\/xkodas.com\/en\/shop\/praejimo-kontrole\/aksesuarai-ir-priedai\/rysi-blokuojantis-deklas-raktams\/","url":"https:\/\/xkodas.com\/en\/shop\/praejimo-kontrole\/aksesuarai-ir-priedai\/rysi-blokuojantis-deklas-raktams\/","name":"Ry\u0161\u012f blokuojantis d\u0117klas raktams - Xkodas","isPartOf":{"@id":"https:\/\/xkodas.com\/en\/#website"},"primaryImageOfPage":{"@id":"https:\/\/xkodas.com\/en\/shop\/praejimo-kontrole\/aksesuarai-ir-priedai\/rysi-blokuojantis-deklas-raktams\/#primaryimage"},"image":{"@id":"https:\/\/xkodas.com\/en\/shop\/praejimo-kontrole\/aksesuarai-ir-priedai\/rysi-blokuojantis-deklas-raktams\/#primaryimage"},"thumbnailUrl":"https:\/\/xkodas.com\/wp-content\/uploads\/2024\/05\/Rysi-blokuojantis-deklas-raktams-scaled-1.jpg","datePublished":"2024-06-06T07:10:43+00:00","dateModified":"2024-06-06T07:10:49+00:00","breadcrumb":{"@id":"https:\/\/xkodas.com\/en\/shop\/praejimo-kontrole\/aksesuarai-ir-priedai\/rysi-blokuojantis-deklas-raktams\/#breadcrumb"},"inLanguage":"en-GB","potentialAction":[{"@type":"ReadAction","target":["https:\/\/xkodas.com\/en\/shop\/praejimo-kontrole\/aksesuarai-ir-priedai\/rysi-blokuojantis-deklas-raktams\/"]}]},{"@type":"ImageObject","inLanguage":"en-GB","@id":"https:\/\/xkodas.com\/en\/shop\/praejimo-kontrole\/aksesuarai-ir-priedai\/rysi-blokuojantis-deklas-raktams\/#primaryimage","url":"https:\/\/xkodas.com\/wp-content\/uploads\/2024\/05\/Rysi-blokuojantis-deklas-raktams-scaled-1.jpg","contentUrl":"https:\/\/xkodas.com\/wp-content\/uploads\/2024\/05\/Rysi-blokuojantis-deklas-raktams-scaled-1.jpg","width":2560,"height":2560},{"@type":"BreadcrumbList","@id":"https:\/\/xkodas.com\/en\/shop\/praejimo-kontrole\/aksesuarai-ir-priedai\/rysi-blokuojantis-deklas-raktams\/#breadcrumb","itemListElement":[{"@type":"ListItem","position":1,"name":"Home","item":"https:\/\/xkodas.com\/en\/ismaniosios-spynos-visu-tipu-raktai-seifai-xkodas\/"},{"@type":"ListItem","position":2,"name":"Parduotuv\u0117","item":"https:\/\/xkodas.com\/parduotuve\/"},{"@type":"ListItem","position":3,"name":"Ry\u0161\u012f blokuojantis d\u0117klas raktams"}]},{"@type":"WebSite","@id":"https:\/\/xkodas.com\/en\/#website","url":"https:\/\/xkodas.com\/en\/","name":"Xkodas","description":"I\u0161maniosios spynos, rakt\u0173 gamyba, saugos sistemos","publisher":{"@id":"https:\/\/xkodas.com\/en\/#organization"},"potentialAction":[{"@type":"SearchAction","target":{"@type":"EntryPoint","urlTemplate":"https:\/\/xkodas.com\/en\/?s={search_term_string}"},"query-input":{"@type":"PropertyValueSpecification","valueRequired":true,"valueName":"search_term_string"}}],"inLanguage":"en-GB"},{"@type":"Organization","@id":"https:\/\/xkodas.com\/en\/#organization","name":"Xkodas","url":"https:\/\/xkodas.com\/en\/","logo":{"@type":"ImageObject","inLanguage":"en-GB","@id":"https:\/\/xkodas.com\/en\/#\/schema\/logo\/image\/","url":"http:\/\/xkodas.com\/wp-content\/uploads\/2020\/02\/Xkodas_logo_baltas_500x500-2.jpg","contentUrl":"http:\/\/xkodas.com\/wp-content\/uploads\/2020\/02\/Xkodas_logo_baltas_500x500-2.jpg","width":100,"height":100,"caption":"Xkodas"},"image":{"@id":"https:\/\/xkodas.com\/en\/#\/schema\/logo\/image\/"},"sameAs":["https:\/\/www.facebook.com\/xkodas.lt"]}]}},"_links":{"self":[{"href":"https:\/\/xkodas.com\/en\/wp-json\/wp\/v2\/product\/17848","targetHints":{"allow":["GET"]}}],"collection":[{"href":"https:\/\/xkodas.com\/en\/wp-json\/wp\/v2\/product"}],"about":[{"href":"https:\/\/xkodas.com\/en\/wp-json\/wp\/v2\/types\/product"}],"wp:featuredmedia":[{"embeddable":true,"href":"https:\/\/xkodas.com\/en\/wp-json\/wp\/v2\/media\/14081"}],"wp:attachment":[{"href":"https:\/\/xkodas.com\/en\/wp-json\/wp\/v2\/media?parent=17848"}],"wp:term":[{"taxonomy":"product_brand","embeddable":true,"href":"https:\/\/xkodas.com\/en\/wp-json\/wp\/v2\/product_brand?post=17848"},{"taxonomy":"product_cat","embeddable":true,"href":"https:\/\/xkodas.com\/en\/wp-json\/wp\/v2\/product_cat?post=17848"},{"taxonomy":"product_tag","embeddable":true,"href":"https:\/\/xkodas.com\/en\/wp-json\/wp\/v2\/product_tag?post=17848"}],"curies":[{"name":"wp","href":"https:\/\/api.w.org\/{rel}","templated":true}]}}